{"id":11241,"date":"2023-04-14T18:11:42","date_gmt":"2023-04-14T16:11:42","guid":{"rendered":"https:\/\/www.allscore.de\/shop\/?post_type=product&#038;p=11241"},"modified":"2025-10-24T19:13:03","modified_gmt":"2025-10-24T17:13:03","slug":"mondo-sangue-giallo-come-il-giorno","status":"publish","type":"product","link":"https:\/\/www.allscore.de\/shop\/produkt\/mondo-sangue-giallo-come-il-giorno\/","title":{"rendered":"Mondo Sangue &#8211; Giallo come il giorno"},"content":{"rendered":"<p>Mondo Sangue &#8211; Giallo come il giorno<\/p>\n<p>Barbara, die Frau ohne Ged\u00e4chtnis, irrt durch die malerischen Stra\u00dfen Hamburgs. Eine zwielichtige Hypnosesitzung und ein nichts ahnender Liebhaber bringen ans Licht, was sich hinter ihrer unschuldigen Sch\u00f6nheit verbirgt. Die Erl\u00f6sung scheint in greifbarer N\u00e4he, doch der Drang, weiteres Unheil anzurichten, ist unwiderstehlich&#8230;<\/p>\n<p>Erst der Tag entbl\u00f6\u00dft das wahre Grauen: GIALLO COME IL GIORNO, das f\u00fcnfte Genre-Album von MONDO SANGUE setzt dort an, wo die vielbeachtete Giallo-LP ROSSO COME LA NOTTE (2021) endete.<\/p>\n<p>GIALLO COME IL GIORNO (Tracklist):<br \/>\n\u2013 Giallo come il giorno<br \/>\n\u2013 Donna senza memoria feat. Eric Pfeil<br \/>\n\u2013 Hypnosis feat. Dirk von Lowtzow<br \/>\n\u2013 Sch\u00f6ne fremde Frau feat. Rocko Schamoni<br \/>\n\u2013 Brama di morte<br \/>\n\u2013 Pandemonium feat. Bela B<\/p>\n<p>MONDO SANGUE und ihre Leidenschaft f\u00fcr die Musik und das Kino der italienischen 1960\/70er ziehen Kreise. Auf GIALLO COME IL GIORNO sind die Genreliebhaber und Italien(Be)kenner Bela B, Eric Pfeil, Dirk von Lowtzow und Rocko Schamoni auf schwarzem Gold vereint.<\/p>\n","protected":false},"excerpt":{"rendered":"<p>Die Vinyl 10\u201c-EPs, von Adrian Keindorf illustriert, sind inkl. farbigem Beileger, Texten und Downloadcode auf 444 St\u00fcck limitiert und handnummeriert. <\/p>\n","protected":false},"featured_media":11243,"template":"","meta":[],"product_brand":[],"product_cat":[49,619,225,192,105],"product_tag":[334,375],"class_list":{"0":"post-11241","1":"product","2":"type-product","3":"status-publish","4":"has-post-thumbnail","6":"product_cat-bands","7":"product_cat-cinematic-music","8":"product_cat-krimi","9":"product_cat-mondo-sangue","10":"product_cat-soundtracks","11":"product_tag-film-inspired-music","12":"product_tag-giallo","13":"product_shipping_class-tontraeger-schallplatte","14":"entry","15":"clearfix","16":"entry-grid","17":"entry-columns-3","18":"entry-product-module-layout-sidebar-right","19":"thumbnail-color-tone-dark","20":"entry-product","22":"entry-product-grid","24":"first","25":"outofstock","26":"taxable","27":"shipping-taxable","28":"purchasable","29":"product-type-simple"},"yoast_head":"<!-- This site is optimized with the Yoast SEO plugin v27.4 - https:\/\/yoast.com\/product\/yoast-seo-wordpress\/ -->\n<title>Mondo Sangue - Giallo come il giorno<\/title>\n<meta name=\"description\" content=\"Die Vinyl 10\u201c-EPs, von Adrian Keindorf illustriert, sind inkl. farbigem Beileger, Texten und Downloadcode auf 444 St\u00fcck limitiert und handnummeriert.\" \/>\n<meta name=\"robots\" content=\"index, follow, max-snippet:-1, max-image-preview:large, max-video-preview:-1\" \/>\n<link rel=\"canonical\" href=\"https:\/\/www.allscore.de\/shop\/produkt\/mondo-sangue-giallo-come-il-giorno\/\" \/>\n<meta property=\"og:locale\" content=\"de_DE\" \/>\n<meta property=\"og:type\" content=\"article\" \/>\n<meta property=\"og:title\" content=\"Mondo Sangue - Giallo come il giorno\" \/>\n<meta property=\"og:description\" content=\"Die Vinyl 10\u201c-EPs, von Adrian Keindorf illustriert, sind inkl. farbigem Beileger, Texten und Downloadcode auf 444 St\u00fcck limitiert und handnummeriert.\" \/>\n<meta property=\"og:url\" content=\"https:\/\/www.allscore.de\/shop\/produkt\/mondo-sangue-giallo-come-il-giorno\/\" \/>\n<meta property=\"og:site_name\" content=\"Allscore Shop\" \/>\n<meta property=\"article:modified_time\" content=\"2025-10-24T17:13:03+00:00\" \/>\n<meta property=\"og:image\" content=\"https:\/\/www.allscore.de\/shop\/wp-content\/uploads\/2022\/08\/ASM052_1200x1200.jpg\" \/>\n\t<meta property=\"og:image:width\" content=\"1200\" \/>\n\t<meta property=\"og:image:height\" content=\"1200\" \/>\n\t<meta property=\"og:image:type\" content=\"image\/jpeg\" \/>\n<meta name=\"twitter:card\" content=\"summary_large_image\" \/>\n<meta name=\"twitter:label1\" content=\"Gesch\u00e4tzte Lesezeit\" \/>\n\t<meta name=\"twitter:data1\" content=\"1\u00a0Minute\" \/>\n<script type=\"application\/ld+json\" class=\"yoast-schema-graph\">{\"@context\":\"https:\\\/\\\/schema.org\",\"@graph\":[{\"@type\":\"WebPage\",\"@id\":\"https:\\\/\\\/www.allscore.de\\\/shop\\\/produkt\\\/mondo-sangue-giallo-come-il-giorno\\\/\",\"url\":\"https:\\\/\\\/www.allscore.de\\\/shop\\\/produkt\\\/mondo-sangue-giallo-come-il-giorno\\\/\",\"name\":\"Mondo Sangue - Giallo come il giorno\",\"isPartOf\":{\"@id\":\"https:\\\/\\\/www.allscore.de\\\/shop\\\/#website\"},\"primaryImageOfPage\":{\"@id\":\"https:\\\/\\\/www.allscore.de\\\/shop\\\/produkt\\\/mondo-sangue-giallo-come-il-giorno\\\/#primaryimage\"},\"image\":{\"@id\":\"https:\\\/\\\/www.allscore.de\\\/shop\\\/produkt\\\/mondo-sangue-giallo-come-il-giorno\\\/#primaryimage\"},\"thumbnailUrl\":\"https:\\\/\\\/www.allscore.de\\\/shop\\\/wp-content\\\/uploads\\\/2022\\\/08\\\/ASM052_1200x1200.jpg\",\"datePublished\":\"2023-04-14T16:11:42+00:00\",\"dateModified\":\"2025-10-24T17:13:03+00:00\",\"description\":\"Die Vinyl 10\u201c-EPs, von Adrian Keindorf illustriert, sind inkl. farbigem Beileger, Texten und Downloadcode auf 444 St\u00fcck limitiert und handnummeriert.\",\"breadcrumb\":{\"@id\":\"https:\\\/\\\/www.allscore.de\\\/shop\\\/produkt\\\/mondo-sangue-giallo-come-il-giorno\\\/#breadcrumb\"},\"inLanguage\":\"de\",\"potentialAction\":[{\"@type\":\"ReadAction\",\"target\":[\"https:\\\/\\\/www.allscore.de\\\/shop\\\/produkt\\\/mondo-sangue-giallo-come-il-giorno\\\/\"]}]},{\"@type\":\"ImageObject\",\"inLanguage\":\"de\",\"@id\":\"https:\\\/\\\/www.allscore.de\\\/shop\\\/produkt\\\/mondo-sangue-giallo-come-il-giorno\\\/#primaryimage\",\"url\":\"https:\\\/\\\/www.allscore.de\\\/shop\\\/wp-content\\\/uploads\\\/2022\\\/08\\\/ASM052_1200x1200.jpg\",\"contentUrl\":\"https:\\\/\\\/www.allscore.de\\\/shop\\\/wp-content\\\/uploads\\\/2022\\\/08\\\/ASM052_1200x1200.jpg\",\"width\":1200,\"height\":1200,\"caption\":\"Mondo Sangue - Giallo come il giorno\"},{\"@type\":\"BreadcrumbList\",\"@id\":\"https:\\\/\\\/www.allscore.de\\\/shop\\\/produkt\\\/mondo-sangue-giallo-come-il-giorno\\\/#breadcrumb\",\"itemListElement\":[{\"@type\":\"ListItem\",\"position\":1,\"name\":\"Startseite\",\"item\":\"https:\\\/\\\/www.allscore.de\\\/shop\\\/\"},{\"@type\":\"ListItem\",\"position\":2,\"name\":\"Produkte\",\"item\":\"https:\\\/\\\/www.allscore.de\\\/shop\\\/shop\\\/\"},{\"@type\":\"ListItem\",\"position\":3,\"name\":\"Mondo Sangue &#8211; Giallo come il giorno\"}]},{\"@type\":\"WebSite\",\"@id\":\"https:\\\/\\\/www.allscore.de\\\/shop\\\/#website\",\"url\":\"https:\\\/\\\/www.allscore.de\\\/shop\\\/\",\"name\":\"Allscore Shop\",\"description\":\"All Score Media\",\"publisher\":{\"@id\":\"https:\\\/\\\/www.allscore.de\\\/shop\\\/#organization\"},\"potentialAction\":[{\"@type\":\"SearchAction\",\"target\":{\"@type\":\"EntryPoint\",\"urlTemplate\":\"https:\\\/\\\/www.allscore.de\\\/shop\\\/?s={search_term_string}\"},\"query-input\":{\"@type\":\"PropertyValueSpecification\",\"valueRequired\":true,\"valueName\":\"search_term_string\"}}],\"inLanguage\":\"de\"},{\"@type\":\"Organization\",\"@id\":\"https:\\\/\\\/www.allscore.de\\\/shop\\\/#organization\",\"name\":\"All Score Media\",\"alternateName\":\"Allscore\",\"url\":\"https:\\\/\\\/www.allscore.de\\\/shop\\\/\",\"logo\":{\"@type\":\"ImageObject\",\"inLanguage\":\"de\",\"@id\":\"https:\\\/\\\/www.allscore.de\\\/shop\\\/#\\\/schema\\\/logo\\\/image\\\/\",\"url\":\"https:\\\/\\\/www.allscore.de\\\/shop\\\/wp-content\\\/uploads\\\/2026\\\/01\\\/Logo_Yoast_Shop_2026.png\",\"contentUrl\":\"https:\\\/\\\/www.allscore.de\\\/shop\\\/wp-content\\\/uploads\\\/2026\\\/01\\\/Logo_Yoast_Shop_2026.png\",\"width\":696,\"height\":696,\"caption\":\"All Score Media\"},\"image\":{\"@id\":\"https:\\\/\\\/www.allscore.de\\\/shop\\\/#\\\/schema\\\/logo\\\/image\\\/\"}}]}<\/script>\n<!-- \/ Yoast SEO plugin. -->","yoast_head_json":{"title":"Mondo Sangue - Giallo come il giorno","description":"Die Vinyl 10\u201c-EPs, von Adrian Keindorf illustriert, sind inkl. farbigem Beileger, Texten und Downloadcode auf 444 St\u00fcck limitiert und handnummeriert.","robots":{"index":"index","follow":"follow","max-snippet":"max-snippet:-1","max-image-preview":"max-image-preview:large","max-video-preview":"max-video-preview:-1"},"canonical":"https:\/\/www.allscore.de\/shop\/produkt\/mondo-sangue-giallo-come-il-giorno\/","og_locale":"de_DE","og_type":"article","og_title":"Mondo Sangue - Giallo come il giorno","og_description":"Die Vinyl 10\u201c-EPs, von Adrian Keindorf illustriert, sind inkl. farbigem Beileger, Texten und Downloadcode auf 444 St\u00fcck limitiert und handnummeriert.","og_url":"https:\/\/www.allscore.de\/shop\/produkt\/mondo-sangue-giallo-come-il-giorno\/","og_site_name":"Allscore Shop","article_modified_time":"2025-10-24T17:13:03+00:00","og_image":[{"width":1200,"height":1200,"url":"https:\/\/www.allscore.de\/shop\/wp-content\/uploads\/2022\/08\/ASM052_1200x1200.jpg","type":"image\/jpeg"}],"twitter_card":"summary_large_image","twitter_misc":{"Gesch\u00e4tzte Lesezeit":"1\u00a0Minute"},"schema":{"@context":"https:\/\/schema.org","@graph":[{"@type":"WebPage","@id":"https:\/\/www.allscore.de\/shop\/produkt\/mondo-sangue-giallo-come-il-giorno\/","url":"https:\/\/www.allscore.de\/shop\/produkt\/mondo-sangue-giallo-come-il-giorno\/","name":"Mondo Sangue - Giallo come il giorno","isPartOf":{"@id":"https:\/\/www.allscore.de\/shop\/#website"},"primaryImageOfPage":{"@id":"https:\/\/www.allscore.de\/shop\/produkt\/mondo-sangue-giallo-come-il-giorno\/#primaryimage"},"image":{"@id":"https:\/\/www.allscore.de\/shop\/produkt\/mondo-sangue-giallo-come-il-giorno\/#primaryimage"},"thumbnailUrl":"https:\/\/www.allscore.de\/shop\/wp-content\/uploads\/2022\/08\/ASM052_1200x1200.jpg","datePublished":"2023-04-14T16:11:42+00:00","dateModified":"2025-10-24T17:13:03+00:00","description":"Die Vinyl 10\u201c-EPs, von Adrian Keindorf illustriert, sind inkl. farbigem Beileger, Texten und Downloadcode auf 444 St\u00fcck limitiert und handnummeriert.","breadcrumb":{"@id":"https:\/\/www.allscore.de\/shop\/produkt\/mondo-sangue-giallo-come-il-giorno\/#breadcrumb"},"inLanguage":"de","potentialAction":[{"@type":"ReadAction","target":["https:\/\/www.allscore.de\/shop\/produkt\/mondo-sangue-giallo-come-il-giorno\/"]}]},{"@type":"ImageObject","inLanguage":"de","@id":"https:\/\/www.allscore.de\/shop\/produkt\/mondo-sangue-giallo-come-il-giorno\/#primaryimage","url":"https:\/\/www.allscore.de\/shop\/wp-content\/uploads\/2022\/08\/ASM052_1200x1200.jpg","contentUrl":"https:\/\/www.allscore.de\/shop\/wp-content\/uploads\/2022\/08\/ASM052_1200x1200.jpg","width":1200,"height":1200,"caption":"Mondo Sangue - Giallo come il giorno"},{"@type":"BreadcrumbList","@id":"https:\/\/www.allscore.de\/shop\/produkt\/mondo-sangue-giallo-come-il-giorno\/#breadcrumb","itemListElement":[{"@type":"ListItem","position":1,"name":"Startseite","item":"https:\/\/www.allscore.de\/shop\/"},{"@type":"ListItem","position":2,"name":"Produkte","item":"https:\/\/www.allscore.de\/shop\/shop\/"},{"@type":"ListItem","position":3,"name":"Mondo Sangue &#8211; Giallo come il giorno"}]},{"@type":"WebSite","@id":"https:\/\/www.allscore.de\/shop\/#website","url":"https:\/\/www.allscore.de\/shop\/","name":"Allscore Shop","description":"All Score Media","publisher":{"@id":"https:\/\/www.allscore.de\/shop\/#organization"},"potentialAction":[{"@type":"SearchAction","target":{"@type":"EntryPoint","urlTemplate":"https:\/\/www.allscore.de\/shop\/?s={search_term_string}"},"query-input":{"@type":"PropertyValueSpecification","valueRequired":true,"valueName":"search_term_string"}}],"inLanguage":"de"},{"@type":"Organization","@id":"https:\/\/www.allscore.de\/shop\/#organization","name":"All Score Media","alternateName":"Allscore","url":"https:\/\/www.allscore.de\/shop\/","logo":{"@type":"ImageObject","inLanguage":"de","@id":"https:\/\/www.allscore.de\/shop\/#\/schema\/logo\/image\/","url":"https:\/\/www.allscore.de\/shop\/wp-content\/uploads\/2026\/01\/Logo_Yoast_Shop_2026.png","contentUrl":"https:\/\/www.allscore.de\/shop\/wp-content\/uploads\/2026\/01\/Logo_Yoast_Shop_2026.png","width":696,"height":696,"caption":"All Score Media"},"image":{"@id":"https:\/\/www.allscore.de\/shop\/#\/schema\/logo\/image\/"}}]}},"_links":{"self":[{"href":"https:\/\/www.allscore.de\/shop\/wp-json\/wp\/v2\/product\/11241","targetHints":{"allow":["GET"]}}],"collection":[{"href":"https:\/\/www.allscore.de\/shop\/wp-json\/wp\/v2\/product"}],"about":[{"href":"https:\/\/www.allscore.de\/shop\/wp-json\/wp\/v2\/types\/product"}],"wp:featuredmedia":[{"embeddable":true,"href":"https:\/\/www.allscore.de\/shop\/wp-json\/wp\/v2\/media\/11243"}],"wp:attachment":[{"href":"https:\/\/www.allscore.de\/shop\/wp-json\/wp\/v2\/media?parent=11241"}],"wp:term":[{"taxonomy":"product_brand","embeddable":true,"href":"https:\/\/www.allscore.de\/shop\/wp-json\/wp\/v2\/product_brand?post=11241"},{"taxonomy":"product_cat","embeddable":true,"href":"https:\/\/www.allscore.de\/shop\/wp-json\/wp\/v2\/product_cat?post=11241"},{"taxonomy":"product_tag","embeddable":true,"href":"https:\/\/www.allscore.de\/shop\/wp-json\/wp\/v2\/product_tag?post=11241"}],"curies":[{"name":"wp","href":"https:\/\/api.w.org\/{rel}","templated":true}]}}