{"id":11150,"date":"2022-07-20T19:47:10","date_gmt":"2022-07-20T17:47:10","guid":{"rendered":"https:\/\/www.allscore.de\/shop\/?post_type=product&#038;p=11150"},"modified":"2025-12-27T16:12:54","modified_gmt":"2025-12-27T15:12:54","slug":"morlock-the-outcasts-lp-cd-set-black-vinyl","status":"publish","type":"product","link":"https:\/\/www.allscore.de\/shop\/produkt\/morlock-the-outcasts-lp-cd-set-black-vinyl\/","title":{"rendered":"Morlock \u2013 The Outcasts (LP\/CD Set black vinyl)"},"content":{"rendered":"<p>Morlock \u2013 The Outcasts (LP\/CD Set black vinyl)<\/p>\n<p>Cineploit: &#8222;The Outcasts&#8220; von Morlock, das zweite Album des Synthesizers und Schlagzeugers Andrew Prestidge (Zoltan, Warning, The Osiris Club), ist eine tr\u00fcgerisch zug\u00e4ngliche Verschmelzung von Post-Punk, Elektropop, Moog-Drones und italienischen Prog-Soundtracks. Diese scheinbar widerspr\u00fcchlichen Elemente mischen Melodie und Experimente zu einem sich wandelnden Flickenteppich aus retro-futuristischer Pracht und k\u00e4mpfen in einer Traumlandschaft aus Altem und Fremdem gegeneinander an.<\/p>\n<p>Die Einfl\u00fcsse auf dem Album sind weitreichend und vielf\u00e4ltig. Als langj\u00e4hriger Fan von elektronischer Musik k\u00f6nnen Andrews Kompositionen von Tubeway Army, dem BBC Radiophonic Workshop oder John Carpenter bis hin zu raueren Acts wie Killing Joke, The Chameleons oder Cardiacs inspiriert sein. Und das, bevor wir zu Queens Soundtrack zu Flash Gordon kommen&#8230;<\/p>\n<p>Im Gegensatz zum Morlock-Deb\u00fct &#8222;Ancient Paths&#8220; aus dem Jahr 2019 stehen bei diesen sieben epischen St\u00fccken Rhythmus und Riffs im Vordergrund. Die Aufnahmen fanden im Fr\u00fchjahr 2021 in den ber\u00fchmten Holy Mountain Studios in London statt und sind eher eine Breitwandversion der Band und eine kollaborative Angelegenheit. Abgemischt in der Schweiz von Misha Hering (Memnon SA), der auch als Co-Autor fungiert und bei einigen Tracks die Synthesizer beisteuert, schwankt die Produktion zwischen dem Pastoralen und dem Urbanen, von den Wurzeln der Erde bis zu den unermesslichen Tiefen des Weltraums.<\/p>\n<p>Das Konzept von Outcasts&#8220; begann damit, dass Andrew Kreaturen f\u00fcr eine imagin\u00e4re Graphic Novel entwarf. Die von Lovecraft inspirierten Illustrationen werden von einem konzeptionellen Story-Zyklus begleitet, der dem Geist des Science-Fiction-Autors Matt Thompson entsprungen ist, und werden in einer aufwendigen und limitierten Vinyl-Edition produziert. Eine schwergewichtige Pressung mit Rillen, die tief genug sind, um der Musik voll gerecht zu werden &#8211; The Outcasts&#8220; ist ein wahrer Genuss.&#8220;<\/p>\n","protected":false},"excerpt":{"rendered":"<p>LP\/CD Set 180g black vinyl, limited to 150 copies.<\/p>\n","protected":false},"featured_media":11142,"template":"","meta":[],"product_brand":[],"product_cat":[49,619,398,105],"product_tag":[354,108,355],"class_list":{"0":"post-11150","1":"product","2":"type-product","3":"status-publish","4":"has-post-thumbnail","6":"product_cat-bands","7":"product_cat-cinematic-music","8":"product_cat-morlock","9":"product_cat-soundtracks","10":"product_tag-prog-rock","11":"product_tag-soundtracks","12":"product_tag-synthesizer","13":"product_shipping_class-tontraeger-schallplatte","14":"entry","15":"clearfix","16":"entry-grid","17":"entry-columns-3","18":"entry-product-module-layout-sidebar-right","19":"thumbnail-color-tone-dark","20":"metro-portrait","21":"entry-product","23":"entry-product-grid","25":"first","26":"outofstock","27":"taxable","28":"shipping-taxable","29":"purchasable","30":"product-type-simple"},"yoast_head":"<!-- This site is optimized with the Yoast SEO plugin v27.3 - https:\/\/yoast.com\/product\/yoast-seo-wordpress\/ -->\n<title>Morlock \u2013 The Outcasts (LP\/CD Set black vinyl)<\/title>\n<meta name=\"description\" content=\"LP\/CD Set 180g black vinyl, limited to 150 copies.\" \/>\n<meta name=\"robots\" content=\"index, follow, max-snippet:-1, max-image-preview:large, max-video-preview:-1\" \/>\n<link rel=\"canonical\" href=\"https:\/\/www.allscore.de\/shop\/produkt\/morlock-the-outcasts-lp-cd-set-black-vinyl\/\" \/>\n<meta property=\"og:locale\" content=\"de_DE\" \/>\n<meta property=\"og:type\" content=\"article\" \/>\n<meta property=\"og:title\" content=\"Morlock \u2013 The Outcasts (LP\/CD Set black vinyl)\" \/>\n<meta property=\"og:description\" content=\"LP\/CD Set 180g black vinyl, limited to 150 copies.\" \/>\n<meta property=\"og:url\" content=\"https:\/\/www.allscore.de\/shop\/produkt\/morlock-the-outcasts-lp-cd-set-black-vinyl\/\" \/>\n<meta property=\"og:site_name\" content=\"Allscore Shop\" \/>\n<meta property=\"article:modified_time\" content=\"2025-12-27T15:12:54+00:00\" \/>\n<meta property=\"og:image\" content=\"https:\/\/www.allscore.de\/shop\/wp-content\/uploads\/2022\/07\/Cine-25-Morlock.jpeg\" \/>\n\t<meta property=\"og:image:width\" content=\"1619\" \/>\n\t<meta property=\"og:image:height\" content=\"1664\" \/>\n\t<meta property=\"og:image:type\" content=\"image\/jpeg\" \/>\n<meta name=\"twitter:card\" content=\"summary_large_image\" \/>\n<meta name=\"twitter:label1\" content=\"Gesch\u00e4tzte Lesezeit\" \/>\n\t<meta name=\"twitter:data1\" content=\"2\u00a0Minuten\" \/>\n<script type=\"application\/ld+json\" class=\"yoast-schema-graph\">{\"@context\":\"https:\\\/\\\/schema.org\",\"@graph\":[{\"@type\":\"WebPage\",\"@id\":\"https:\\\/\\\/www.allscore.de\\\/shop\\\/produkt\\\/morlock-the-outcasts-lp-cd-set-black-vinyl\\\/\",\"url\":\"https:\\\/\\\/www.allscore.de\\\/shop\\\/produkt\\\/morlock-the-outcasts-lp-cd-set-black-vinyl\\\/\",\"name\":\"Morlock \u2013 The Outcasts (LP\\\/CD Set black vinyl)\",\"isPartOf\":{\"@id\":\"https:\\\/\\\/www.allscore.de\\\/shop\\\/#website\"},\"primaryImageOfPage\":{\"@id\":\"https:\\\/\\\/www.allscore.de\\\/shop\\\/produkt\\\/morlock-the-outcasts-lp-cd-set-black-vinyl\\\/#primaryimage\"},\"image\":{\"@id\":\"https:\\\/\\\/www.allscore.de\\\/shop\\\/produkt\\\/morlock-the-outcasts-lp-cd-set-black-vinyl\\\/#primaryimage\"},\"thumbnailUrl\":\"https:\\\/\\\/www.allscore.de\\\/shop\\\/wp-content\\\/uploads\\\/2022\\\/07\\\/Cine-25-Morlock.jpeg\",\"datePublished\":\"2022-07-20T17:47:10+00:00\",\"dateModified\":\"2025-12-27T15:12:54+00:00\",\"description\":\"LP\\\/CD Set 180g black vinyl, limited to 150 copies.\",\"breadcrumb\":{\"@id\":\"https:\\\/\\\/www.allscore.de\\\/shop\\\/produkt\\\/morlock-the-outcasts-lp-cd-set-black-vinyl\\\/#breadcrumb\"},\"inLanguage\":\"de\",\"potentialAction\":[{\"@type\":\"ReadAction\",\"target\":[\"https:\\\/\\\/www.allscore.de\\\/shop\\\/produkt\\\/morlock-the-outcasts-lp-cd-set-black-vinyl\\\/\"]}]},{\"@type\":\"ImageObject\",\"inLanguage\":\"de\",\"@id\":\"https:\\\/\\\/www.allscore.de\\\/shop\\\/produkt\\\/morlock-the-outcasts-lp-cd-set-black-vinyl\\\/#primaryimage\",\"url\":\"https:\\\/\\\/www.allscore.de\\\/shop\\\/wp-content\\\/uploads\\\/2022\\\/07\\\/Cine-25-Morlock.jpeg\",\"contentUrl\":\"https:\\\/\\\/www.allscore.de\\\/shop\\\/wp-content\\\/uploads\\\/2022\\\/07\\\/Cine-25-Morlock.jpeg\",\"width\":1619,\"height\":1664,\"caption\":\"Cine 25 Morlock\"},{\"@type\":\"BreadcrumbList\",\"@id\":\"https:\\\/\\\/www.allscore.de\\\/shop\\\/produkt\\\/morlock-the-outcasts-lp-cd-set-black-vinyl\\\/#breadcrumb\",\"itemListElement\":[{\"@type\":\"ListItem\",\"position\":1,\"name\":\"Startseite\",\"item\":\"https:\\\/\\\/www.allscore.de\\\/shop\\\/\"},{\"@type\":\"ListItem\",\"position\":2,\"name\":\"Produkte\",\"item\":\"https:\\\/\\\/www.allscore.de\\\/shop\\\/shop\\\/\"},{\"@type\":\"ListItem\",\"position\":3,\"name\":\"Morlock \u2013 The Outcasts (LP\\\/CD Set black vinyl)\"}]},{\"@type\":\"WebSite\",\"@id\":\"https:\\\/\\\/www.allscore.de\\\/shop\\\/#website\",\"url\":\"https:\\\/\\\/www.allscore.de\\\/shop\\\/\",\"name\":\"Allscore Shop\",\"description\":\"All Score Media\",\"publisher\":{\"@id\":\"https:\\\/\\\/www.allscore.de\\\/shop\\\/#organization\"},\"potentialAction\":[{\"@type\":\"SearchAction\",\"target\":{\"@type\":\"EntryPoint\",\"urlTemplate\":\"https:\\\/\\\/www.allscore.de\\\/shop\\\/?s={search_term_string}\"},\"query-input\":{\"@type\":\"PropertyValueSpecification\",\"valueRequired\":true,\"valueName\":\"search_term_string\"}}],\"inLanguage\":\"de\"},{\"@type\":\"Organization\",\"@id\":\"https:\\\/\\\/www.allscore.de\\\/shop\\\/#organization\",\"name\":\"All Score Media\",\"alternateName\":\"Allscore\",\"url\":\"https:\\\/\\\/www.allscore.de\\\/shop\\\/\",\"logo\":{\"@type\":\"ImageObject\",\"inLanguage\":\"de\",\"@id\":\"https:\\\/\\\/www.allscore.de\\\/shop\\\/#\\\/schema\\\/logo\\\/image\\\/\",\"url\":\"https:\\\/\\\/www.allscore.de\\\/shop\\\/wp-content\\\/uploads\\\/2026\\\/01\\\/Logo_Yoast_Shop_2026.png\",\"contentUrl\":\"https:\\\/\\\/www.allscore.de\\\/shop\\\/wp-content\\\/uploads\\\/2026\\\/01\\\/Logo_Yoast_Shop_2026.png\",\"width\":696,\"height\":696,\"caption\":\"All Score Media\"},\"image\":{\"@id\":\"https:\\\/\\\/www.allscore.de\\\/shop\\\/#\\\/schema\\\/logo\\\/image\\\/\"}}]}<\/script>\n<!-- \/ Yoast SEO plugin. -->","yoast_head_json":{"title":"Morlock \u2013 The Outcasts (LP\/CD Set black vinyl)","description":"LP\/CD Set 180g black vinyl, limited to 150 copies.","robots":{"index":"index","follow":"follow","max-snippet":"max-snippet:-1","max-image-preview":"max-image-preview:large","max-video-preview":"max-video-preview:-1"},"canonical":"https:\/\/www.allscore.de\/shop\/produkt\/morlock-the-outcasts-lp-cd-set-black-vinyl\/","og_locale":"de_DE","og_type":"article","og_title":"Morlock \u2013 The Outcasts (LP\/CD Set black vinyl)","og_description":"LP\/CD Set 180g black vinyl, limited to 150 copies.","og_url":"https:\/\/www.allscore.de\/shop\/produkt\/morlock-the-outcasts-lp-cd-set-black-vinyl\/","og_site_name":"Allscore Shop","article_modified_time":"2025-12-27T15:12:54+00:00","og_image":[{"width":1619,"height":1664,"url":"https:\/\/www.allscore.de\/shop\/wp-content\/uploads\/2022\/07\/Cine-25-Morlock.jpeg","type":"image\/jpeg"}],"twitter_card":"summary_large_image","twitter_misc":{"Gesch\u00e4tzte Lesezeit":"2\u00a0Minuten"},"schema":{"@context":"https:\/\/schema.org","@graph":[{"@type":"WebPage","@id":"https:\/\/www.allscore.de\/shop\/produkt\/morlock-the-outcasts-lp-cd-set-black-vinyl\/","url":"https:\/\/www.allscore.de\/shop\/produkt\/morlock-the-outcasts-lp-cd-set-black-vinyl\/","name":"Morlock \u2013 The Outcasts (LP\/CD Set black vinyl)","isPartOf":{"@id":"https:\/\/www.allscore.de\/shop\/#website"},"primaryImageOfPage":{"@id":"https:\/\/www.allscore.de\/shop\/produkt\/morlock-the-outcasts-lp-cd-set-black-vinyl\/#primaryimage"},"image":{"@id":"https:\/\/www.allscore.de\/shop\/produkt\/morlock-the-outcasts-lp-cd-set-black-vinyl\/#primaryimage"},"thumbnailUrl":"https:\/\/www.allscore.de\/shop\/wp-content\/uploads\/2022\/07\/Cine-25-Morlock.jpeg","datePublished":"2022-07-20T17:47:10+00:00","dateModified":"2025-12-27T15:12:54+00:00","description":"LP\/CD Set 180g black vinyl, limited to 150 copies.","breadcrumb":{"@id":"https:\/\/www.allscore.de\/shop\/produkt\/morlock-the-outcasts-lp-cd-set-black-vinyl\/#breadcrumb"},"inLanguage":"de","potentialAction":[{"@type":"ReadAction","target":["https:\/\/www.allscore.de\/shop\/produkt\/morlock-the-outcasts-lp-cd-set-black-vinyl\/"]}]},{"@type":"ImageObject","inLanguage":"de","@id":"https:\/\/www.allscore.de\/shop\/produkt\/morlock-the-outcasts-lp-cd-set-black-vinyl\/#primaryimage","url":"https:\/\/www.allscore.de\/shop\/wp-content\/uploads\/2022\/07\/Cine-25-Morlock.jpeg","contentUrl":"https:\/\/www.allscore.de\/shop\/wp-content\/uploads\/2022\/07\/Cine-25-Morlock.jpeg","width":1619,"height":1664,"caption":"Cine 25 Morlock"},{"@type":"BreadcrumbList","@id":"https:\/\/www.allscore.de\/shop\/produkt\/morlock-the-outcasts-lp-cd-set-black-vinyl\/#breadcrumb","itemListElement":[{"@type":"ListItem","position":1,"name":"Startseite","item":"https:\/\/www.allscore.de\/shop\/"},{"@type":"ListItem","position":2,"name":"Produkte","item":"https:\/\/www.allscore.de\/shop\/shop\/"},{"@type":"ListItem","position":3,"name":"Morlock \u2013 The Outcasts (LP\/CD Set black vinyl)"}]},{"@type":"WebSite","@id":"https:\/\/www.allscore.de\/shop\/#website","url":"https:\/\/www.allscore.de\/shop\/","name":"Allscore Shop","description":"All Score Media","publisher":{"@id":"https:\/\/www.allscore.de\/shop\/#organization"},"potentialAction":[{"@type":"SearchAction","target":{"@type":"EntryPoint","urlTemplate":"https:\/\/www.allscore.de\/shop\/?s={search_term_string}"},"query-input":{"@type":"PropertyValueSpecification","valueRequired":true,"valueName":"search_term_string"}}],"inLanguage":"de"},{"@type":"Organization","@id":"https:\/\/www.allscore.de\/shop\/#organization","name":"All Score Media","alternateName":"Allscore","url":"https:\/\/www.allscore.de\/shop\/","logo":{"@type":"ImageObject","inLanguage":"de","@id":"https:\/\/www.allscore.de\/shop\/#\/schema\/logo\/image\/","url":"https:\/\/www.allscore.de\/shop\/wp-content\/uploads\/2026\/01\/Logo_Yoast_Shop_2026.png","contentUrl":"https:\/\/www.allscore.de\/shop\/wp-content\/uploads\/2026\/01\/Logo_Yoast_Shop_2026.png","width":696,"height":696,"caption":"All Score Media"},"image":{"@id":"https:\/\/www.allscore.de\/shop\/#\/schema\/logo\/image\/"}}]}},"_links":{"self":[{"href":"https:\/\/www.allscore.de\/shop\/wp-json\/wp\/v2\/product\/11150","targetHints":{"allow":["GET"]}}],"collection":[{"href":"https:\/\/www.allscore.de\/shop\/wp-json\/wp\/v2\/product"}],"about":[{"href":"https:\/\/www.allscore.de\/shop\/wp-json\/wp\/v2\/types\/product"}],"wp:featuredmedia":[{"embeddable":true,"href":"https:\/\/www.allscore.de\/shop\/wp-json\/wp\/v2\/media\/11142"}],"wp:attachment":[{"href":"https:\/\/www.allscore.de\/shop\/wp-json\/wp\/v2\/media?parent=11150"}],"wp:term":[{"taxonomy":"product_brand","embeddable":true,"href":"https:\/\/www.allscore.de\/shop\/wp-json\/wp\/v2\/product_brand?post=11150"},{"taxonomy":"product_cat","embeddable":true,"href":"https:\/\/www.allscore.de\/shop\/wp-json\/wp\/v2\/product_cat?post=11150"},{"taxonomy":"product_tag","embeddable":true,"href":"https:\/\/www.allscore.de\/shop\/wp-json\/wp\/v2\/product_tag?post=11150"}],"curies":[{"name":"wp","href":"https:\/\/api.w.org\/{rel}","templated":true}]}}