{"id":11018,"date":"2022-05-23T18:34:54","date_gmt":"2022-05-23T16:34:54","guid":{"rendered":"https:\/\/www.allscore.de\/shop\/?post_type=product&#038;p=11018"},"modified":"2026-03-20T14:22:15","modified_gmt":"2026-03-20T13:22:15","slug":"lo-chiamavano-trinita-lp-blau-weisses-180g-vinyl","status":"publish","type":"product","link":"https:\/\/www.allscore.de\/shop\/produkt\/lo-chiamavano-trinita-lp-blau-weisses-180g-vinyl\/","title":{"rendered":"Lo chiamavano Trinit\u00e0 (Die rechte und die linke Hand des Teufels) LP, kristallwei\u00dfes Vinyl (Vierte Auflage 2025)"},"content":{"rendered":"<p>Lo chiamavano Trinit\u00e0 (Die rechte und die linke Hand des Teufels) LP, gr\u00fcn-wei\u00dfes Vinyl<\/p>\n<p>Das Label Beat Records schreibt:<\/p>\n<p>&#8222;A catalogue such as Beat Records\u2019 one, with its roots in the 60s may have a difficult logistic.<br \/>\nI still remember when passing through Viale Medaglie D\u2019Oro with my mother Luciana who was used to point me a building\u2019s apartment located in the corner with Via Elio Donato. A bit moved she was used to tell me that Beat was born in those four walls, a small house with a beautiful terrace full of vases.<\/p>\n<p>Since that time Beat Records changed many times head quarter up to moving to Via Filippo Nicolai 16 from the late 80s up to nowadays. Such a company catalogue, sensibly grown during 55 years of life, was always needing more space and so, recently, we decided to find a new place where to agglomerate various storages spread through Rome.<br \/>\nWhat does all the above things have to do with They Call Him Trinity? A lot, since while we were archiving some tapes in order to prepare our forthcoming transfer, we found them. Six 24tracks master tapes belonging to the original recording session. Priceless material stored in crates in a corner, still there to be archived since a preceding moving.<\/p>\n<p>A brief e-mail exchange with our co-publishers of Carosello, a meeting in Milan with Adriana Branchini and Dario Giovannini, to get their support and we proceeded with this recovery project.<\/p>\n<p>And we are close to end of the year, as Cirano De Bergerac was used to say, at the end of the rhyme. The first release of this score is dated January 1971, this 2021 December the 50th year will expire, no better chance to sanctify the party!<\/p>\n<p>With all due precautions we transferred the tapes and organized a remastering session in Trafalgar studios, Enrico De Gemini experience, responsible of West catalogue, guided the recovery and restoration. Surprise weren\u2019t late, the recording was perfect, the crisp sound could be remastered in a brilliant stereo. One of the most beloved Western soundtrack of all times is going to live a second youth with a great dynamic, not saturated, that lets us enjoy this delicious dessert, able to feel on our tongue the various ingredients and still tasting the mixed amazing resulting effect.<\/p>\n<p>And there is a lot of unreleased material, an amazing deguello version featuring a trumpet instead of the flugelhorn, a beautiful alternate version of Di Fronte Ai Killers, of Un Cowboy e Due Ragazze and a lot of unreleased takes of Trinity\u2019s Valley in which Franco De Gemini harmonica is prominent.<br \/>\nTrinity, the left hand of the devil\u2026&#8220;<\/p>\n","protected":false},"excerpt":{"rendered":"<p>Aka: They call me Trinity, My Name Is Trinity, Die rechte und die linke Hand des Teufels<\/p>\n<p>Limitiert auf 500 LPs in kristallwei\u00dfem Vinyl (4. Auflage).<\/p>\n","protected":false},"featured_media":11002,"template":"","meta":[],"product_brand":[],"product_cat":[620,411,105,149],"product_tag":[416,445],"class_list":{"0":"post-11018","1":"product","2":"type-product","3":"status-publish","4":"has-post-thumbnail","6":"product_cat-italienische-filmmusik","7":"product_cat-komoedie","8":"product_cat-soundtracks","9":"product_cat-western","10":"product_tag-bud-spencer","11":"product_tag-terence-hill","12":"product_shipping_class-tontraeger-schallplatte","13":"entry","14":"clearfix","15":"entry-grid","16":"entry-columns-3","17":"entry-product-module-layout-sidebar-right","18":"thumbnail-color-tone-light","19":"entry-product","21":"entry-product-grid","23":"first","24":"instock","25":"taxable","26":"shipping-taxable","27":"purchasable","28":"product-type-simple"},"yoast_head":"<!-- This site is optimized with the Yoast SEO plugin v27.4 - https:\/\/yoast.com\/product\/yoast-seo-wordpress\/ -->\n<title>Die rechte und die linke Hand des Teufels Soundtrack-LP<\/title>\n<meta name=\"description\" content=\"Lo Chiamavano Trinit\u00e0 - Die rechte und die linke Hand des Teufels - Soundtrack-LP - Bud Spencer und Terence Hill in ihren Paraderollen.\" \/>\n<meta name=\"robots\" content=\"index, follow, max-snippet:-1, max-image-preview:large, max-video-preview:-1\" \/>\n<link rel=\"canonical\" href=\"https:\/\/www.allscore.de\/shop\/produkt\/lo-chiamavano-trinita-lp-blau-weisses-180g-vinyl\/\" \/>\n<meta property=\"og:locale\" content=\"de_DE\" \/>\n<meta property=\"og:type\" content=\"article\" \/>\n<meta property=\"og:title\" content=\"Die rechte und die linke Hand des Teufels Soundtrack-LP\" \/>\n<meta property=\"og:description\" content=\"Lo Chiamavano Trinit\u00e0 (Soundtrack-LP, blau-wei\u00dfes 180g-Vinyl) Bud Spencer und Terence Hill in ihren Paraderollen.\" \/>\n<meta property=\"og:url\" content=\"https:\/\/www.allscore.de\/shop\/produkt\/lo-chiamavano-trinita-lp-blau-weisses-180g-vinyl\/\" \/>\n<meta property=\"og:site_name\" content=\"Allscore Shop\" \/>\n<meta property=\"article:modified_time\" content=\"2026-03-20T13:22:15+00:00\" \/>\n<meta property=\"og:image\" content=\"https:\/\/www.allscore.de\/shop\/wp-content\/uploads\/2022\/05\/DDJLP10DLX.jpg\" \/>\n\t<meta property=\"og:image:width\" content=\"1200\" \/>\n\t<meta property=\"og:image:height\" content=\"1200\" \/>\n\t<meta property=\"og:image:type\" content=\"image\/jpeg\" \/>\n<meta name=\"twitter:card\" content=\"summary_large_image\" \/>\n<meta name=\"twitter:label1\" content=\"Gesch\u00e4tzte Lesezeit\" \/>\n\t<meta name=\"twitter:data1\" content=\"3\u00a0Minuten\" \/>\n<script type=\"application\/ld+json\" class=\"yoast-schema-graph\">{\"@context\":\"https:\\\/\\\/schema.org\",\"@graph\":[{\"@type\":\"WebPage\",\"@id\":\"https:\\\/\\\/www.allscore.de\\\/shop\\\/produkt\\\/lo-chiamavano-trinita-lp-blau-weisses-180g-vinyl\\\/\",\"url\":\"https:\\\/\\\/www.allscore.de\\\/shop\\\/produkt\\\/lo-chiamavano-trinita-lp-blau-weisses-180g-vinyl\\\/\",\"name\":\"Die rechte und die linke Hand des Teufels Soundtrack-LP\",\"isPartOf\":{\"@id\":\"https:\\\/\\\/www.allscore.de\\\/shop\\\/#website\"},\"primaryImageOfPage\":{\"@id\":\"https:\\\/\\\/www.allscore.de\\\/shop\\\/produkt\\\/lo-chiamavano-trinita-lp-blau-weisses-180g-vinyl\\\/#primaryimage\"},\"image\":{\"@id\":\"https:\\\/\\\/www.allscore.de\\\/shop\\\/produkt\\\/lo-chiamavano-trinita-lp-blau-weisses-180g-vinyl\\\/#primaryimage\"},\"thumbnailUrl\":\"https:\\\/\\\/www.allscore.de\\\/shop\\\/wp-content\\\/uploads\\\/2022\\\/05\\\/DDJLP10DLX.jpg\",\"datePublished\":\"2022-05-23T16:34:54+00:00\",\"dateModified\":\"2026-03-20T13:22:15+00:00\",\"description\":\"Lo Chiamavano Trinit\u00e0 - Die rechte und die linke Hand des Teufels - Soundtrack-LP - Bud Spencer und Terence Hill in ihren Paraderollen.\",\"breadcrumb\":{\"@id\":\"https:\\\/\\\/www.allscore.de\\\/shop\\\/produkt\\\/lo-chiamavano-trinita-lp-blau-weisses-180g-vinyl\\\/#breadcrumb\"},\"inLanguage\":\"de\",\"potentialAction\":[{\"@type\":\"ReadAction\",\"target\":[\"https:\\\/\\\/www.allscore.de\\\/shop\\\/produkt\\\/lo-chiamavano-trinita-lp-blau-weisses-180g-vinyl\\\/\"]}]},{\"@type\":\"ImageObject\",\"inLanguage\":\"de\",\"@id\":\"https:\\\/\\\/www.allscore.de\\\/shop\\\/produkt\\\/lo-chiamavano-trinita-lp-blau-weisses-180g-vinyl\\\/#primaryimage\",\"url\":\"https:\\\/\\\/www.allscore.de\\\/shop\\\/wp-content\\\/uploads\\\/2022\\\/05\\\/DDJLP10DLX.jpg\",\"contentUrl\":\"https:\\\/\\\/www.allscore.de\\\/shop\\\/wp-content\\\/uploads\\\/2022\\\/05\\\/DDJLP10DLX.jpg\",\"width\":1200,\"height\":1200,\"caption\":\"Lo Chiamavano Trinit\u00e0\"},{\"@type\":\"BreadcrumbList\",\"@id\":\"https:\\\/\\\/www.allscore.de\\\/shop\\\/produkt\\\/lo-chiamavano-trinita-lp-blau-weisses-180g-vinyl\\\/#breadcrumb\",\"itemListElement\":[{\"@type\":\"ListItem\",\"position\":1,\"name\":\"Startseite\",\"item\":\"https:\\\/\\\/www.allscore.de\\\/shop\\\/\"},{\"@type\":\"ListItem\",\"position\":2,\"name\":\"Produkte\",\"item\":\"https:\\\/\\\/www.allscore.de\\\/shop\\\/shop\\\/\"},{\"@type\":\"ListItem\",\"position\":3,\"name\":\"Lo chiamavano Trinit\u00e0 (Die rechte und die linke Hand des Teufels) LP, kristallwei\u00dfes Vinyl (Vierte Auflage 2025)\"}]},{\"@type\":\"WebSite\",\"@id\":\"https:\\\/\\\/www.allscore.de\\\/shop\\\/#website\",\"url\":\"https:\\\/\\\/www.allscore.de\\\/shop\\\/\",\"name\":\"Allscore Shop\",\"description\":\"All Score Media\",\"publisher\":{\"@id\":\"https:\\\/\\\/www.allscore.de\\\/shop\\\/#organization\"},\"potentialAction\":[{\"@type\":\"SearchAction\",\"target\":{\"@type\":\"EntryPoint\",\"urlTemplate\":\"https:\\\/\\\/www.allscore.de\\\/shop\\\/?s={search_term_string}\"},\"query-input\":{\"@type\":\"PropertyValueSpecification\",\"valueRequired\":true,\"valueName\":\"search_term_string\"}}],\"inLanguage\":\"de\"},{\"@type\":\"Organization\",\"@id\":\"https:\\\/\\\/www.allscore.de\\\/shop\\\/#organization\",\"name\":\"All Score Media\",\"alternateName\":\"Allscore\",\"url\":\"https:\\\/\\\/www.allscore.de\\\/shop\\\/\",\"logo\":{\"@type\":\"ImageObject\",\"inLanguage\":\"de\",\"@id\":\"https:\\\/\\\/www.allscore.de\\\/shop\\\/#\\\/schema\\\/logo\\\/image\\\/\",\"url\":\"https:\\\/\\\/www.allscore.de\\\/shop\\\/wp-content\\\/uploads\\\/2026\\\/01\\\/Logo_Yoast_Shop_2026.png\",\"contentUrl\":\"https:\\\/\\\/www.allscore.de\\\/shop\\\/wp-content\\\/uploads\\\/2026\\\/01\\\/Logo_Yoast_Shop_2026.png\",\"width\":696,\"height\":696,\"caption\":\"All Score Media\"},\"image\":{\"@id\":\"https:\\\/\\\/www.allscore.de\\\/shop\\\/#\\\/schema\\\/logo\\\/image\\\/\"}}]}<\/script>\n<!-- \/ Yoast SEO plugin. -->","yoast_head_json":{"title":"Die rechte und die linke Hand des Teufels Soundtrack-LP","description":"Lo Chiamavano Trinit\u00e0 - Die rechte und die linke Hand des Teufels - Soundtrack-LP - Bud Spencer und Terence Hill in ihren Paraderollen.","robots":{"index":"index","follow":"follow","max-snippet":"max-snippet:-1","max-image-preview":"max-image-preview:large","max-video-preview":"max-video-preview:-1"},"canonical":"https:\/\/www.allscore.de\/shop\/produkt\/lo-chiamavano-trinita-lp-blau-weisses-180g-vinyl\/","og_locale":"de_DE","og_type":"article","og_title":"Die rechte und die linke Hand des Teufels Soundtrack-LP","og_description":"Lo Chiamavano Trinit\u00e0 (Soundtrack-LP, blau-wei\u00dfes 180g-Vinyl) Bud Spencer und Terence Hill in ihren Paraderollen.","og_url":"https:\/\/www.allscore.de\/shop\/produkt\/lo-chiamavano-trinita-lp-blau-weisses-180g-vinyl\/","og_site_name":"Allscore Shop","article_modified_time":"2026-03-20T13:22:15+00:00","og_image":[{"width":1200,"height":1200,"url":"https:\/\/www.allscore.de\/shop\/wp-content\/uploads\/2022\/05\/DDJLP10DLX.jpg","type":"image\/jpeg"}],"twitter_card":"summary_large_image","twitter_misc":{"Gesch\u00e4tzte Lesezeit":"3\u00a0Minuten"},"schema":{"@context":"https:\/\/schema.org","@graph":[{"@type":"WebPage","@id":"https:\/\/www.allscore.de\/shop\/produkt\/lo-chiamavano-trinita-lp-blau-weisses-180g-vinyl\/","url":"https:\/\/www.allscore.de\/shop\/produkt\/lo-chiamavano-trinita-lp-blau-weisses-180g-vinyl\/","name":"Die rechte und die linke Hand des Teufels Soundtrack-LP","isPartOf":{"@id":"https:\/\/www.allscore.de\/shop\/#website"},"primaryImageOfPage":{"@id":"https:\/\/www.allscore.de\/shop\/produkt\/lo-chiamavano-trinita-lp-blau-weisses-180g-vinyl\/#primaryimage"},"image":{"@id":"https:\/\/www.allscore.de\/shop\/produkt\/lo-chiamavano-trinita-lp-blau-weisses-180g-vinyl\/#primaryimage"},"thumbnailUrl":"https:\/\/www.allscore.de\/shop\/wp-content\/uploads\/2022\/05\/DDJLP10DLX.jpg","datePublished":"2022-05-23T16:34:54+00:00","dateModified":"2026-03-20T13:22:15+00:00","description":"Lo Chiamavano Trinit\u00e0 - Die rechte und die linke Hand des Teufels - Soundtrack-LP - Bud Spencer und Terence Hill in ihren Paraderollen.","breadcrumb":{"@id":"https:\/\/www.allscore.de\/shop\/produkt\/lo-chiamavano-trinita-lp-blau-weisses-180g-vinyl\/#breadcrumb"},"inLanguage":"de","potentialAction":[{"@type":"ReadAction","target":["https:\/\/www.allscore.de\/shop\/produkt\/lo-chiamavano-trinita-lp-blau-weisses-180g-vinyl\/"]}]},{"@type":"ImageObject","inLanguage":"de","@id":"https:\/\/www.allscore.de\/shop\/produkt\/lo-chiamavano-trinita-lp-blau-weisses-180g-vinyl\/#primaryimage","url":"https:\/\/www.allscore.de\/shop\/wp-content\/uploads\/2022\/05\/DDJLP10DLX.jpg","contentUrl":"https:\/\/www.allscore.de\/shop\/wp-content\/uploads\/2022\/05\/DDJLP10DLX.jpg","width":1200,"height":1200,"caption":"Lo Chiamavano Trinit\u00e0"},{"@type":"BreadcrumbList","@id":"https:\/\/www.allscore.de\/shop\/produkt\/lo-chiamavano-trinita-lp-blau-weisses-180g-vinyl\/#breadcrumb","itemListElement":[{"@type":"ListItem","position":1,"name":"Startseite","item":"https:\/\/www.allscore.de\/shop\/"},{"@type":"ListItem","position":2,"name":"Produkte","item":"https:\/\/www.allscore.de\/shop\/shop\/"},{"@type":"ListItem","position":3,"name":"Lo chiamavano Trinit\u00e0 (Die rechte und die linke Hand des Teufels) LP, kristallwei\u00dfes Vinyl (Vierte Auflage 2025)"}]},{"@type":"WebSite","@id":"https:\/\/www.allscore.de\/shop\/#website","url":"https:\/\/www.allscore.de\/shop\/","name":"Allscore Shop","description":"All Score Media","publisher":{"@id":"https:\/\/www.allscore.de\/shop\/#organization"},"potentialAction":[{"@type":"SearchAction","target":{"@type":"EntryPoint","urlTemplate":"https:\/\/www.allscore.de\/shop\/?s={search_term_string}"},"query-input":{"@type":"PropertyValueSpecification","valueRequired":true,"valueName":"search_term_string"}}],"inLanguage":"de"},{"@type":"Organization","@id":"https:\/\/www.allscore.de\/shop\/#organization","name":"All Score Media","alternateName":"Allscore","url":"https:\/\/www.allscore.de\/shop\/","logo":{"@type":"ImageObject","inLanguage":"de","@id":"https:\/\/www.allscore.de\/shop\/#\/schema\/logo\/image\/","url":"https:\/\/www.allscore.de\/shop\/wp-content\/uploads\/2026\/01\/Logo_Yoast_Shop_2026.png","contentUrl":"https:\/\/www.allscore.de\/shop\/wp-content\/uploads\/2026\/01\/Logo_Yoast_Shop_2026.png","width":696,"height":696,"caption":"All Score Media"},"image":{"@id":"https:\/\/www.allscore.de\/shop\/#\/schema\/logo\/image\/"}}]}},"_links":{"self":[{"href":"https:\/\/www.allscore.de\/shop\/wp-json\/wp\/v2\/product\/11018","targetHints":{"allow":["GET"]}}],"collection":[{"href":"https:\/\/www.allscore.de\/shop\/wp-json\/wp\/v2\/product"}],"about":[{"href":"https:\/\/www.allscore.de\/shop\/wp-json\/wp\/v2\/types\/product"}],"wp:featuredmedia":[{"embeddable":true,"href":"https:\/\/www.allscore.de\/shop\/wp-json\/wp\/v2\/media\/11002"}],"wp:attachment":[{"href":"https:\/\/www.allscore.de\/shop\/wp-json\/wp\/v2\/media?parent=11018"}],"wp:term":[{"taxonomy":"product_brand","embeddable":true,"href":"https:\/\/www.allscore.de\/shop\/wp-json\/wp\/v2\/product_brand?post=11018"},{"taxonomy":"product_cat","embeddable":true,"href":"https:\/\/www.allscore.de\/shop\/wp-json\/wp\/v2\/product_cat?post=11018"},{"taxonomy":"product_tag","embeddable":true,"href":"https:\/\/www.allscore.de\/shop\/wp-json\/wp\/v2\/product_tag?post=11018"}],"curies":[{"name":"wp","href":"https:\/\/api.w.org\/{rel}","templated":true}]}}