{"id":10974,"date":"2022-05-11T14:50:28","date_gmt":"2022-05-11T12:50:28","guid":{"rendered":"https:\/\/www.allscore.de\/shop\/?post_type=product&#038;p=10974"},"modified":"2025-10-24T19:13:10","modified_gmt":"2025-10-24T17:13:10","slug":"professor-van-dusen-auf-wolke-sieben-30","status":"publish","type":"product","link":"https:\/\/www.allscore.de\/shop\/produkt\/professor-van-dusen-auf-wolke-sieben-30\/","title":{"rendered":"Professor van Dusen auf Wolke sieben (30)"},"content":{"rendered":"<p>Professor van Dusen auf Wolke sieben (30)<\/p>\n<p>Inmitten der gr\u00f6\u00dften D\u00fcrre, die den US-Bundesstaat Texas je heimsuchte, erleiden Professor van Dusen und sein Begleiter Hutchinson Hatch eine Panne mit ihrem Automobil. Dabei landen sie auf der Shadow Rock Farm, die dem m\u00fcrrischen Blake Weston geh\u00f6rt. Er und einige Farmer aus dem Umland erwarten sehns\u00fcchtig die Ankunft eines Erfinders namens Milton Spencer, der im Besitz einer Maschine sein soll, mit deren Hilfe er angeblich Regen erzeugen kann. Tats\u00e4chlich gelingt das Experiment nur wenig sp\u00e4ter. Kurz darauf ist Milton Spencer tot. Ermordet, wie Professor van Dusen zu wissen glaubt. Der M\u00f6rder h\u00e4lt sich noch immer auf der Farm auf. Was ihn auch immer antreibt, er scheint etwas gegen Regen zu haben &#8230;<\/p>\n<p>Professor van Dusen: Bernd Vollbrecht<br \/>\nHutchinson Hatch: Nicolai Tegeler<br \/>\nMilton Spencer: Manuel Straube<br \/>\nBlake Weston: Reiner Sch\u00f6ne<br \/>\nFlorence Blanchard: Elisabeth G\u00fcnther<br \/>\nHenry Davenport: Achim Buch<br \/>\nTully Glenn: Sascha Rotermund<br \/>\nDolores Lucado: Marieke Oeffinger<br \/>\nAustin McGill: Peter Weis<br \/>\nTommy Reynolds: Marco Rosenberg<\/p>\n<p>Regie: Gerd Naumann<br \/>\nBuch: Marc Freund<br \/>\nKomponist: Christian Bluthardt<br \/>\nSounddesign, Mischung &#038; Master: Tom Steinbrecher<\/p>\n","protected":false},"excerpt":{"rendered":"<p>Professor van Dusen auf Wolke sieben (30) Inmitten der gr\u00f6\u00dften D\u00fcrre, die den US-Bundesstaat Texas je heimsuchte, erleiden Professor van Dusen und sein Begleiter Hutchinson Hatch eine Panne mit ihrem Automobil. Dabei landen sie auf der Shadow Rock Farm, die dem m\u00fcrrischen Blake Weston geh\u00f6rt. Er und einige Farmer aus dem Umland erwarten sehns\u00fcchtig die&#8230;<\/p>\n<p><a rel=\"bookmark\" class=\"vonzot-button-simple wvc-button wvc-button-size-sm\" href=\"https:\/\/www.allscore.de\/shop\/produkt\/professor-van-dusen-auf-wolke-sieben-30\/\"><span>Read more<\/span><\/a><\/p>\n","protected":false},"featured_media":10976,"template":"","meta":[],"product_brand":[],"product_cat":[72,210],"product_tag":[],"class_list":{"0":"post-10974","1":"product","2":"type-product","3":"status-publish","4":"has-post-thumbnail","6":"product_cat-hoerspiele","7":"product_cat-professor-van-dusen-neue-faelle","8":"product_shipping_class-tontraeger-cd","9":"entry","10":"clearfix","11":"entry-grid","12":"entry-columns-3","13":"entry-product-module-layout-sidebar-right","14":"thumbnail-color-tone-dark","15":"entry-product","17":"entry-product-grid","19":"first","20":"instock","21":"taxable","22":"shipping-taxable","23":"purchasable","24":"product-type-simple"},"yoast_head":"<!-- This site is optimized with the Yoast SEO plugin v27.3 - https:\/\/yoast.com\/product\/yoast-seo-wordpress\/ -->\n<title>Professor van Dusen auf Wolke sieben (30)<\/title>\n<meta name=\"description\" content=\"Inmitten der gr\u00f6\u00dften D\u00fcrre, die Texas je heimsuchte, erleiden Professor van Dusen und Hutchinson Hatch eine Panne mit ihrem Automobil.\" \/>\n<meta name=\"robots\" content=\"index, follow, max-snippet:-1, max-image-preview:large, max-video-preview:-1\" \/>\n<link rel=\"canonical\" href=\"https:\/\/www.allscore.de\/shop\/produkt\/professor-van-dusen-auf-wolke-sieben-30\/\" \/>\n<meta property=\"og:locale\" content=\"de_DE\" \/>\n<meta property=\"og:type\" content=\"article\" \/>\n<meta property=\"og:title\" content=\"Professor van Dusen auf Wolke sieben (30)\" \/>\n<meta property=\"og:description\" content=\"Folge 30 der neuen F\u00e4lle von Professor van Dusen ab sofort im Allscore Shop: Inmitten der gr\u00f6\u00dften D\u00fcrre, die Texas je heimsuchte, erleiden Professor van Dusen und Hutchinson Hatch eine Panne mit ihrem Automobil...\" \/>\n<meta property=\"og:url\" content=\"https:\/\/www.allscore.de\/shop\/produkt\/professor-van-dusen-auf-wolke-sieben-30\/\" \/>\n<meta property=\"og:site_name\" content=\"Allscore Shop\" \/>\n<meta property=\"article:modified_time\" content=\"2025-10-24T17:13:10+00:00\" \/>\n<meta property=\"og:image\" content=\"https:\/\/www.allscore.de\/shop\/wp-content\/uploads\/2022\/05\/PvD30_1200x1200.jpg\" \/>\n\t<meta property=\"og:image:width\" content=\"1200\" \/>\n\t<meta property=\"og:image:height\" content=\"1200\" \/>\n\t<meta property=\"og:image:type\" content=\"image\/jpeg\" \/>\n<meta name=\"twitter:card\" content=\"summary_large_image\" \/>\n<meta name=\"twitter:label1\" content=\"Gesch\u00e4tzte Lesezeit\" \/>\n\t<meta name=\"twitter:data1\" content=\"1\u00a0Minute\" \/>\n<script type=\"application\/ld+json\" class=\"yoast-schema-graph\">{\"@context\":\"https:\\\/\\\/schema.org\",\"@graph\":[{\"@type\":\"WebPage\",\"@id\":\"https:\\\/\\\/www.allscore.de\\\/shop\\\/produkt\\\/professor-van-dusen-auf-wolke-sieben-30\\\/\",\"url\":\"https:\\\/\\\/www.allscore.de\\\/shop\\\/produkt\\\/professor-van-dusen-auf-wolke-sieben-30\\\/\",\"name\":\"Professor van Dusen auf Wolke sieben (30)\",\"isPartOf\":{\"@id\":\"https:\\\/\\\/www.allscore.de\\\/shop\\\/#website\"},\"primaryImageOfPage\":{\"@id\":\"https:\\\/\\\/www.allscore.de\\\/shop\\\/produkt\\\/professor-van-dusen-auf-wolke-sieben-30\\\/#primaryimage\"},\"image\":{\"@id\":\"https:\\\/\\\/www.allscore.de\\\/shop\\\/produkt\\\/professor-van-dusen-auf-wolke-sieben-30\\\/#primaryimage\"},\"thumbnailUrl\":\"https:\\\/\\\/www.allscore.de\\\/shop\\\/wp-content\\\/uploads\\\/2022\\\/05\\\/PvD30_1200x1200.jpg\",\"datePublished\":\"2022-05-11T12:50:28+00:00\",\"dateModified\":\"2025-10-24T17:13:10+00:00\",\"description\":\"Inmitten der gr\u00f6\u00dften D\u00fcrre, die Texas je heimsuchte, erleiden Professor van Dusen und Hutchinson Hatch eine Panne mit ihrem Automobil.\",\"breadcrumb\":{\"@id\":\"https:\\\/\\\/www.allscore.de\\\/shop\\\/produkt\\\/professor-van-dusen-auf-wolke-sieben-30\\\/#breadcrumb\"},\"inLanguage\":\"de\",\"potentialAction\":[{\"@type\":\"ReadAction\",\"target\":[\"https:\\\/\\\/www.allscore.de\\\/shop\\\/produkt\\\/professor-van-dusen-auf-wolke-sieben-30\\\/\"]}]},{\"@type\":\"ImageObject\",\"inLanguage\":\"de\",\"@id\":\"https:\\\/\\\/www.allscore.de\\\/shop\\\/produkt\\\/professor-van-dusen-auf-wolke-sieben-30\\\/#primaryimage\",\"url\":\"https:\\\/\\\/www.allscore.de\\\/shop\\\/wp-content\\\/uploads\\\/2022\\\/05\\\/PvD30_1200x1200.jpg\",\"contentUrl\":\"https:\\\/\\\/www.allscore.de\\\/shop\\\/wp-content\\\/uploads\\\/2022\\\/05\\\/PvD30_1200x1200.jpg\",\"width\":1200,\"height\":1200,\"caption\":\"Professor van Dusen 30\"},{\"@type\":\"BreadcrumbList\",\"@id\":\"https:\\\/\\\/www.allscore.de\\\/shop\\\/produkt\\\/professor-van-dusen-auf-wolke-sieben-30\\\/#breadcrumb\",\"itemListElement\":[{\"@type\":\"ListItem\",\"position\":1,\"name\":\"Startseite\",\"item\":\"https:\\\/\\\/www.allscore.de\\\/shop\\\/\"},{\"@type\":\"ListItem\",\"position\":2,\"name\":\"Produkte\",\"item\":\"https:\\\/\\\/www.allscore.de\\\/shop\\\/shop\\\/\"},{\"@type\":\"ListItem\",\"position\":3,\"name\":\"Professor van Dusen auf Wolke sieben (30)\"}]},{\"@type\":\"WebSite\",\"@id\":\"https:\\\/\\\/www.allscore.de\\\/shop\\\/#website\",\"url\":\"https:\\\/\\\/www.allscore.de\\\/shop\\\/\",\"name\":\"Allscore Shop\",\"description\":\"All Score Media\",\"publisher\":{\"@id\":\"https:\\\/\\\/www.allscore.de\\\/shop\\\/#organization\"},\"potentialAction\":[{\"@type\":\"SearchAction\",\"target\":{\"@type\":\"EntryPoint\",\"urlTemplate\":\"https:\\\/\\\/www.allscore.de\\\/shop\\\/?s={search_term_string}\"},\"query-input\":{\"@type\":\"PropertyValueSpecification\",\"valueRequired\":true,\"valueName\":\"search_term_string\"}}],\"inLanguage\":\"de\"},{\"@type\":\"Organization\",\"@id\":\"https:\\\/\\\/www.allscore.de\\\/shop\\\/#organization\",\"name\":\"All Score Media\",\"alternateName\":\"Allscore\",\"url\":\"https:\\\/\\\/www.allscore.de\\\/shop\\\/\",\"logo\":{\"@type\":\"ImageObject\",\"inLanguage\":\"de\",\"@id\":\"https:\\\/\\\/www.allscore.de\\\/shop\\\/#\\\/schema\\\/logo\\\/image\\\/\",\"url\":\"https:\\\/\\\/www.allscore.de\\\/shop\\\/wp-content\\\/uploads\\\/2026\\\/01\\\/Logo_Yoast_Shop_2026.png\",\"contentUrl\":\"https:\\\/\\\/www.allscore.de\\\/shop\\\/wp-content\\\/uploads\\\/2026\\\/01\\\/Logo_Yoast_Shop_2026.png\",\"width\":696,\"height\":696,\"caption\":\"All Score Media\"},\"image\":{\"@id\":\"https:\\\/\\\/www.allscore.de\\\/shop\\\/#\\\/schema\\\/logo\\\/image\\\/\"}}]}<\/script>\n<!-- \/ Yoast SEO plugin. -->","yoast_head_json":{"title":"Professor van Dusen auf Wolke sieben (30)","description":"Inmitten der gr\u00f6\u00dften D\u00fcrre, die Texas je heimsuchte, erleiden Professor van Dusen und Hutchinson Hatch eine Panne mit ihrem Automobil.","robots":{"index":"index","follow":"follow","max-snippet":"max-snippet:-1","max-image-preview":"max-image-preview:large","max-video-preview":"max-video-preview:-1"},"canonical":"https:\/\/www.allscore.de\/shop\/produkt\/professor-van-dusen-auf-wolke-sieben-30\/","og_locale":"de_DE","og_type":"article","og_title":"Professor van Dusen auf Wolke sieben (30)","og_description":"Folge 30 der neuen F\u00e4lle von Professor van Dusen ab sofort im Allscore Shop: Inmitten der gr\u00f6\u00dften D\u00fcrre, die Texas je heimsuchte, erleiden Professor van Dusen und Hutchinson Hatch eine Panne mit ihrem Automobil...","og_url":"https:\/\/www.allscore.de\/shop\/produkt\/professor-van-dusen-auf-wolke-sieben-30\/","og_site_name":"Allscore Shop","article_modified_time":"2025-10-24T17:13:10+00:00","og_image":[{"width":1200,"height":1200,"url":"https:\/\/www.allscore.de\/shop\/wp-content\/uploads\/2022\/05\/PvD30_1200x1200.jpg","type":"image\/jpeg"}],"twitter_card":"summary_large_image","twitter_misc":{"Gesch\u00e4tzte Lesezeit":"1\u00a0Minute"},"schema":{"@context":"https:\/\/schema.org","@graph":[{"@type":"WebPage","@id":"https:\/\/www.allscore.de\/shop\/produkt\/professor-van-dusen-auf-wolke-sieben-30\/","url":"https:\/\/www.allscore.de\/shop\/produkt\/professor-van-dusen-auf-wolke-sieben-30\/","name":"Professor van Dusen auf Wolke sieben (30)","isPartOf":{"@id":"https:\/\/www.allscore.de\/shop\/#website"},"primaryImageOfPage":{"@id":"https:\/\/www.allscore.de\/shop\/produkt\/professor-van-dusen-auf-wolke-sieben-30\/#primaryimage"},"image":{"@id":"https:\/\/www.allscore.de\/shop\/produkt\/professor-van-dusen-auf-wolke-sieben-30\/#primaryimage"},"thumbnailUrl":"https:\/\/www.allscore.de\/shop\/wp-content\/uploads\/2022\/05\/PvD30_1200x1200.jpg","datePublished":"2022-05-11T12:50:28+00:00","dateModified":"2025-10-24T17:13:10+00:00","description":"Inmitten der gr\u00f6\u00dften D\u00fcrre, die Texas je heimsuchte, erleiden Professor van Dusen und Hutchinson Hatch eine Panne mit ihrem Automobil.","breadcrumb":{"@id":"https:\/\/www.allscore.de\/shop\/produkt\/professor-van-dusen-auf-wolke-sieben-30\/#breadcrumb"},"inLanguage":"de","potentialAction":[{"@type":"ReadAction","target":["https:\/\/www.allscore.de\/shop\/produkt\/professor-van-dusen-auf-wolke-sieben-30\/"]}]},{"@type":"ImageObject","inLanguage":"de","@id":"https:\/\/www.allscore.de\/shop\/produkt\/professor-van-dusen-auf-wolke-sieben-30\/#primaryimage","url":"https:\/\/www.allscore.de\/shop\/wp-content\/uploads\/2022\/05\/PvD30_1200x1200.jpg","contentUrl":"https:\/\/www.allscore.de\/shop\/wp-content\/uploads\/2022\/05\/PvD30_1200x1200.jpg","width":1200,"height":1200,"caption":"Professor van Dusen 30"},{"@type":"BreadcrumbList","@id":"https:\/\/www.allscore.de\/shop\/produkt\/professor-van-dusen-auf-wolke-sieben-30\/#breadcrumb","itemListElement":[{"@type":"ListItem","position":1,"name":"Startseite","item":"https:\/\/www.allscore.de\/shop\/"},{"@type":"ListItem","position":2,"name":"Produkte","item":"https:\/\/www.allscore.de\/shop\/shop\/"},{"@type":"ListItem","position":3,"name":"Professor van Dusen auf Wolke sieben (30)"}]},{"@type":"WebSite","@id":"https:\/\/www.allscore.de\/shop\/#website","url":"https:\/\/www.allscore.de\/shop\/","name":"Allscore Shop","description":"All Score Media","publisher":{"@id":"https:\/\/www.allscore.de\/shop\/#organization"},"potentialAction":[{"@type":"SearchAction","target":{"@type":"EntryPoint","urlTemplate":"https:\/\/www.allscore.de\/shop\/?s={search_term_string}"},"query-input":{"@type":"PropertyValueSpecification","valueRequired":true,"valueName":"search_term_string"}}],"inLanguage":"de"},{"@type":"Organization","@id":"https:\/\/www.allscore.de\/shop\/#organization","name":"All Score Media","alternateName":"Allscore","url":"https:\/\/www.allscore.de\/shop\/","logo":{"@type":"ImageObject","inLanguage":"de","@id":"https:\/\/www.allscore.de\/shop\/#\/schema\/logo\/image\/","url":"https:\/\/www.allscore.de\/shop\/wp-content\/uploads\/2026\/01\/Logo_Yoast_Shop_2026.png","contentUrl":"https:\/\/www.allscore.de\/shop\/wp-content\/uploads\/2026\/01\/Logo_Yoast_Shop_2026.png","width":696,"height":696,"caption":"All Score Media"},"image":{"@id":"https:\/\/www.allscore.de\/shop\/#\/schema\/logo\/image\/"}}]}},"_links":{"self":[{"href":"https:\/\/www.allscore.de\/shop\/wp-json\/wp\/v2\/product\/10974","targetHints":{"allow":["GET"]}}],"collection":[{"href":"https:\/\/www.allscore.de\/shop\/wp-json\/wp\/v2\/product"}],"about":[{"href":"https:\/\/www.allscore.de\/shop\/wp-json\/wp\/v2\/types\/product"}],"wp:featuredmedia":[{"embeddable":true,"href":"https:\/\/www.allscore.de\/shop\/wp-json\/wp\/v2\/media\/10976"}],"wp:attachment":[{"href":"https:\/\/www.allscore.de\/shop\/wp-json\/wp\/v2\/media?parent=10974"}],"wp:term":[{"taxonomy":"product_brand","embeddable":true,"href":"https:\/\/www.allscore.de\/shop\/wp-json\/wp\/v2\/product_brand?post=10974"},{"taxonomy":"product_cat","embeddable":true,"href":"https:\/\/www.allscore.de\/shop\/wp-json\/wp\/v2\/product_cat?post=10974"},{"taxonomy":"product_tag","embeddable":true,"href":"https:\/\/www.allscore.de\/shop\/wp-json\/wp\/v2\/product_tag?post=10974"}],"curies":[{"name":"wp","href":"https:\/\/api.w.org\/{rel}","templated":true}]}}