{"id":10900,"date":"2021-10-07T19:10:21","date_gmt":"2021-10-07T17:10:21","guid":{"rendered":"https:\/\/www.allscore.de\/shop\/?post_type=product&#038;p=10900"},"modified":"2026-03-04T17:59:45","modified_gmt":"2026-03-04T16:59:45","slug":"sherlock-holmes-die-neuen-faelle-collectors-box-11","status":"publish","type":"product","link":"https:\/\/www.allscore.de\/shop\/produkt\/sherlock-holmes-die-neuen-faelle-collectors-box-11\/","title":{"rendered":"Sherlock Holmes &#8211; Die neuen F\u00e4lle: Collector&#8217;s Box 11"},"content":{"rendered":"<p>Sherlock Holmes &#8211; Die neuen F\u00e4lle: Collector&#8217;s Box 11<\/p>\n<p>Collector&#8217;s Box 11 mit den H\u00f6rspielen Sherlock Holmes &#8211; Die neuen F\u00e4lle 31-33 zum Sonderpreis:<\/p>\n<p>CD 31: Die Todesfalle von Dornwood,<br \/>\nCD 32: Der Fall John Watson,<br \/>\nCD 33: Die W\u00f6lfe von Whitechapel<\/p>\n","protected":false},"excerpt":{"rendered":"<p>Sherlock Holmes &#8211; Die neuen F\u00e4lle: Collector&#8217;s Box 11 Collector&#8217;s Box 11 mit den H\u00f6rspielen Sherlock Holmes &#8211; Die neuen F\u00e4lle 31-33 zum Sonderpreis: CD 31: Die Todesfalle von Dornwood, CD 32: Der Fall John Watson, CD 33: Die W\u00f6lfe von Whitechapel<\/p>\n","protected":false},"featured_media":10866,"template":"","meta":[],"product_brand":[],"product_cat":[247,72,213,153],"product_tag":[],"class_list":{"0":"post-10900","1":"product","2":"type-product","3":"status-publish","4":"has-post-thumbnail","6":"product_cat-bundles","7":"product_cat-hoerspiele","8":"product_cat-sherlock-holmes-die-neuen-faelle","9":"product_cat-specials","10":"product_shipping_class-tontraeger-cd","11":"entry","12":"clearfix","13":"entry-grid","14":"entry-columns-3","15":"entry-product-module-layout-sidebar-right","16":"thumbnail-color-tone-dark","17":"entry-product","19":"entry-product-grid","21":"first","22":"instock","23":"taxable","24":"shipping-taxable","25":"purchasable","26":"product-type-simple"},"yoast_head":"<!-- This site is optimized with the Yoast SEO plugin v27.3 - https:\/\/yoast.com\/product\/yoast-seo-wordpress\/ -->\n<title>Sherlock Holmes - Die neuen F\u00e4lle: Collector&#039;s Box 11<\/title>\n<meta name=\"description\" content=\"Collector&#039;s Box 11enth\u00e4lt: CD 31: Die Todesfalle von Dornwood, CD 32: Der Fall John Watson, CD 33: Die W\u00f6lfe von Whitechapel\" \/>\n<meta name=\"robots\" content=\"index, follow, max-snippet:-1, max-image-preview:large, max-video-preview:-1\" \/>\n<link rel=\"canonical\" href=\"https:\/\/www.allscore.de\/shop\/produkt\/sherlock-holmes-die-neuen-faelle-collectors-box-11\/\" \/>\n<meta property=\"og:locale\" content=\"de_DE\" \/>\n<meta property=\"og:type\" content=\"article\" \/>\n<meta property=\"og:title\" content=\"Sherlock Holmes - Die neuen F\u00e4lle: Collector&#039;s Box 11\" \/>\n<meta property=\"og:description\" content=\"Collector&#039;s Box 11 mit den H\u00f6rspielen Sherlock Holmes - Die neuen F\u00e4lle 31-33 zum Sonderpreis: CD 31: Die Todesfalle von Dornwood, CD 32: Der Fall John Watson, CD 33: Die W\u00f6lfe von Whitechapel\" \/>\n<meta property=\"og:url\" content=\"https:\/\/www.allscore.de\/shop\/produkt\/sherlock-holmes-die-neuen-faelle-collectors-box-11\/\" \/>\n<meta property=\"og:site_name\" content=\"Allscore Shop\" \/>\n<meta property=\"article:modified_time\" content=\"2026-03-04T16:59:45+00:00\" \/>\n<meta property=\"og:image\" content=\"https:\/\/www.allscore.de\/shop\/wp-content\/uploads\/2017\/04\/SHBox11.jpg\" \/>\n\t<meta property=\"og:image:width\" content=\"1200\" \/>\n\t<meta property=\"og:image:height\" content=\"1049\" \/>\n\t<meta property=\"og:image:type\" content=\"image\/jpeg\" \/>\n<meta name=\"twitter:card\" content=\"summary_large_image\" \/>\n<script type=\"application\/ld+json\" class=\"yoast-schema-graph\">{\"@context\":\"https:\\\/\\\/schema.org\",\"@graph\":[{\"@type\":\"WebPage\",\"@id\":\"https:\\\/\\\/www.allscore.de\\\/shop\\\/produkt\\\/sherlock-holmes-die-neuen-faelle-collectors-box-11\\\/\",\"url\":\"https:\\\/\\\/www.allscore.de\\\/shop\\\/produkt\\\/sherlock-holmes-die-neuen-faelle-collectors-box-11\\\/\",\"name\":\"Sherlock Holmes - Die neuen F\u00e4lle: Collector's Box 11\",\"isPartOf\":{\"@id\":\"https:\\\/\\\/www.allscore.de\\\/shop\\\/#website\"},\"primaryImageOfPage\":{\"@id\":\"https:\\\/\\\/www.allscore.de\\\/shop\\\/produkt\\\/sherlock-holmes-die-neuen-faelle-collectors-box-11\\\/#primaryimage\"},\"image\":{\"@id\":\"https:\\\/\\\/www.allscore.de\\\/shop\\\/produkt\\\/sherlock-holmes-die-neuen-faelle-collectors-box-11\\\/#primaryimage\"},\"thumbnailUrl\":\"https:\\\/\\\/www.allscore.de\\\/shop\\\/wp-content\\\/uploads\\\/2017\\\/04\\\/SHBox11.jpg\",\"datePublished\":\"2021-10-07T17:10:21+00:00\",\"dateModified\":\"2026-03-04T16:59:45+00:00\",\"description\":\"Collector's Box 11enth\u00e4lt: CD 31: Die Todesfalle von Dornwood, CD 32: Der Fall John Watson, CD 33: Die W\u00f6lfe von Whitechapel\",\"breadcrumb\":{\"@id\":\"https:\\\/\\\/www.allscore.de\\\/shop\\\/produkt\\\/sherlock-holmes-die-neuen-faelle-collectors-box-11\\\/#breadcrumb\"},\"inLanguage\":\"de\",\"potentialAction\":[{\"@type\":\"ReadAction\",\"target\":[\"https:\\\/\\\/www.allscore.de\\\/shop\\\/produkt\\\/sherlock-holmes-die-neuen-faelle-collectors-box-11\\\/\"]}]},{\"@type\":\"ImageObject\",\"inLanguage\":\"de\",\"@id\":\"https:\\\/\\\/www.allscore.de\\\/shop\\\/produkt\\\/sherlock-holmes-die-neuen-faelle-collectors-box-11\\\/#primaryimage\",\"url\":\"https:\\\/\\\/www.allscore.de\\\/shop\\\/wp-content\\\/uploads\\\/2017\\\/04\\\/SHBox11.jpg\",\"contentUrl\":\"https:\\\/\\\/www.allscore.de\\\/shop\\\/wp-content\\\/uploads\\\/2017\\\/04\\\/SHBox11.jpg\",\"width\":1200,\"height\":1049,\"caption\":\"Sherlock Holmes Collector's Box 11\"},{\"@type\":\"BreadcrumbList\",\"@id\":\"https:\\\/\\\/www.allscore.de\\\/shop\\\/produkt\\\/sherlock-holmes-die-neuen-faelle-collectors-box-11\\\/#breadcrumb\",\"itemListElement\":[{\"@type\":\"ListItem\",\"position\":1,\"name\":\"Startseite\",\"item\":\"https:\\\/\\\/www.allscore.de\\\/shop\\\/\"},{\"@type\":\"ListItem\",\"position\":2,\"name\":\"Produkte\",\"item\":\"https:\\\/\\\/www.allscore.de\\\/shop\\\/shop\\\/\"},{\"@type\":\"ListItem\",\"position\":3,\"name\":\"Sherlock Holmes &#8211; Die neuen F\u00e4lle: Collector&#8217;s Box 11\"}]},{\"@type\":\"WebSite\",\"@id\":\"https:\\\/\\\/www.allscore.de\\\/shop\\\/#website\",\"url\":\"https:\\\/\\\/www.allscore.de\\\/shop\\\/\",\"name\":\"Allscore Shop\",\"description\":\"All Score Media\",\"publisher\":{\"@id\":\"https:\\\/\\\/www.allscore.de\\\/shop\\\/#organization\"},\"potentialAction\":[{\"@type\":\"SearchAction\",\"target\":{\"@type\":\"EntryPoint\",\"urlTemplate\":\"https:\\\/\\\/www.allscore.de\\\/shop\\\/?s={search_term_string}\"},\"query-input\":{\"@type\":\"PropertyValueSpecification\",\"valueRequired\":true,\"valueName\":\"search_term_string\"}}],\"inLanguage\":\"de\"},{\"@type\":\"Organization\",\"@id\":\"https:\\\/\\\/www.allscore.de\\\/shop\\\/#organization\",\"name\":\"All Score Media\",\"alternateName\":\"Allscore\",\"url\":\"https:\\\/\\\/www.allscore.de\\\/shop\\\/\",\"logo\":{\"@type\":\"ImageObject\",\"inLanguage\":\"de\",\"@id\":\"https:\\\/\\\/www.allscore.de\\\/shop\\\/#\\\/schema\\\/logo\\\/image\\\/\",\"url\":\"https:\\\/\\\/www.allscore.de\\\/shop\\\/wp-content\\\/uploads\\\/2026\\\/01\\\/Logo_Yoast_Shop_2026.png\",\"contentUrl\":\"https:\\\/\\\/www.allscore.de\\\/shop\\\/wp-content\\\/uploads\\\/2026\\\/01\\\/Logo_Yoast_Shop_2026.png\",\"width\":696,\"height\":696,\"caption\":\"All Score Media\"},\"image\":{\"@id\":\"https:\\\/\\\/www.allscore.de\\\/shop\\\/#\\\/schema\\\/logo\\\/image\\\/\"}}]}<\/script>\n<!-- \/ Yoast SEO plugin. -->","yoast_head_json":{"title":"Sherlock Holmes - Die neuen F\u00e4lle: Collector's Box 11","description":"Collector's Box 11enth\u00e4lt: CD 31: Die Todesfalle von Dornwood, CD 32: Der Fall John Watson, CD 33: Die W\u00f6lfe von Whitechapel","robots":{"index":"index","follow":"follow","max-snippet":"max-snippet:-1","max-image-preview":"max-image-preview:large","max-video-preview":"max-video-preview:-1"},"canonical":"https:\/\/www.allscore.de\/shop\/produkt\/sherlock-holmes-die-neuen-faelle-collectors-box-11\/","og_locale":"de_DE","og_type":"article","og_title":"Sherlock Holmes - Die neuen F\u00e4lle: Collector's Box 11","og_description":"Collector's Box 11 mit den H\u00f6rspielen Sherlock Holmes - Die neuen F\u00e4lle 31-33 zum Sonderpreis: CD 31: Die Todesfalle von Dornwood, CD 32: Der Fall John Watson, CD 33: Die W\u00f6lfe von Whitechapel","og_url":"https:\/\/www.allscore.de\/shop\/produkt\/sherlock-holmes-die-neuen-faelle-collectors-box-11\/","og_site_name":"Allscore Shop","article_modified_time":"2026-03-04T16:59:45+00:00","og_image":[{"width":1200,"height":1049,"url":"https:\/\/www.allscore.de\/shop\/wp-content\/uploads\/2017\/04\/SHBox11.jpg","type":"image\/jpeg"}],"twitter_card":"summary_large_image","schema":{"@context":"https:\/\/schema.org","@graph":[{"@type":"WebPage","@id":"https:\/\/www.allscore.de\/shop\/produkt\/sherlock-holmes-die-neuen-faelle-collectors-box-11\/","url":"https:\/\/www.allscore.de\/shop\/produkt\/sherlock-holmes-die-neuen-faelle-collectors-box-11\/","name":"Sherlock Holmes - Die neuen F\u00e4lle: Collector's Box 11","isPartOf":{"@id":"https:\/\/www.allscore.de\/shop\/#website"},"primaryImageOfPage":{"@id":"https:\/\/www.allscore.de\/shop\/produkt\/sherlock-holmes-die-neuen-faelle-collectors-box-11\/#primaryimage"},"image":{"@id":"https:\/\/www.allscore.de\/shop\/produkt\/sherlock-holmes-die-neuen-faelle-collectors-box-11\/#primaryimage"},"thumbnailUrl":"https:\/\/www.allscore.de\/shop\/wp-content\/uploads\/2017\/04\/SHBox11.jpg","datePublished":"2021-10-07T17:10:21+00:00","dateModified":"2026-03-04T16:59:45+00:00","description":"Collector's Box 11enth\u00e4lt: CD 31: Die Todesfalle von Dornwood, CD 32: Der Fall John Watson, CD 33: Die W\u00f6lfe von Whitechapel","breadcrumb":{"@id":"https:\/\/www.allscore.de\/shop\/produkt\/sherlock-holmes-die-neuen-faelle-collectors-box-11\/#breadcrumb"},"inLanguage":"de","potentialAction":[{"@type":"ReadAction","target":["https:\/\/www.allscore.de\/shop\/produkt\/sherlock-holmes-die-neuen-faelle-collectors-box-11\/"]}]},{"@type":"ImageObject","inLanguage":"de","@id":"https:\/\/www.allscore.de\/shop\/produkt\/sherlock-holmes-die-neuen-faelle-collectors-box-11\/#primaryimage","url":"https:\/\/www.allscore.de\/shop\/wp-content\/uploads\/2017\/04\/SHBox11.jpg","contentUrl":"https:\/\/www.allscore.de\/shop\/wp-content\/uploads\/2017\/04\/SHBox11.jpg","width":1200,"height":1049,"caption":"Sherlock Holmes Collector's Box 11"},{"@type":"BreadcrumbList","@id":"https:\/\/www.allscore.de\/shop\/produkt\/sherlock-holmes-die-neuen-faelle-collectors-box-11\/#breadcrumb","itemListElement":[{"@type":"ListItem","position":1,"name":"Startseite","item":"https:\/\/www.allscore.de\/shop\/"},{"@type":"ListItem","position":2,"name":"Produkte","item":"https:\/\/www.allscore.de\/shop\/shop\/"},{"@type":"ListItem","position":3,"name":"Sherlock Holmes &#8211; Die neuen F\u00e4lle: Collector&#8217;s Box 11"}]},{"@type":"WebSite","@id":"https:\/\/www.allscore.de\/shop\/#website","url":"https:\/\/www.allscore.de\/shop\/","name":"Allscore Shop","description":"All Score Media","publisher":{"@id":"https:\/\/www.allscore.de\/shop\/#organization"},"potentialAction":[{"@type":"SearchAction","target":{"@type":"EntryPoint","urlTemplate":"https:\/\/www.allscore.de\/shop\/?s={search_term_string}"},"query-input":{"@type":"PropertyValueSpecification","valueRequired":true,"valueName":"search_term_string"}}],"inLanguage":"de"},{"@type":"Organization","@id":"https:\/\/www.allscore.de\/shop\/#organization","name":"All Score Media","alternateName":"Allscore","url":"https:\/\/www.allscore.de\/shop\/","logo":{"@type":"ImageObject","inLanguage":"de","@id":"https:\/\/www.allscore.de\/shop\/#\/schema\/logo\/image\/","url":"https:\/\/www.allscore.de\/shop\/wp-content\/uploads\/2026\/01\/Logo_Yoast_Shop_2026.png","contentUrl":"https:\/\/www.allscore.de\/shop\/wp-content\/uploads\/2026\/01\/Logo_Yoast_Shop_2026.png","width":696,"height":696,"caption":"All Score Media"},"image":{"@id":"https:\/\/www.allscore.de\/shop\/#\/schema\/logo\/image\/"}}]}},"_links":{"self":[{"href":"https:\/\/www.allscore.de\/shop\/wp-json\/wp\/v2\/product\/10900","targetHints":{"allow":["GET"]}}],"collection":[{"href":"https:\/\/www.allscore.de\/shop\/wp-json\/wp\/v2\/product"}],"about":[{"href":"https:\/\/www.allscore.de\/shop\/wp-json\/wp\/v2\/types\/product"}],"wp:featuredmedia":[{"embeddable":true,"href":"https:\/\/www.allscore.de\/shop\/wp-json\/wp\/v2\/media\/10866"}],"wp:attachment":[{"href":"https:\/\/www.allscore.de\/shop\/wp-json\/wp\/v2\/media?parent=10900"}],"wp:term":[{"taxonomy":"product_brand","embeddable":true,"href":"https:\/\/www.allscore.de\/shop\/wp-json\/wp\/v2\/product_brand?post=10900"},{"taxonomy":"product_cat","embeddable":true,"href":"https:\/\/www.allscore.de\/shop\/wp-json\/wp\/v2\/product_cat?post=10900"},{"taxonomy":"product_tag","embeddable":true,"href":"https:\/\/www.allscore.de\/shop\/wp-json\/wp\/v2\/product_tag?post=10900"}],"curies":[{"name":"wp","href":"https:\/\/api.w.org\/{rel}","templated":true}]}}