{"id":10766,"date":"2022-03-11T17:49:08","date_gmt":"2022-03-11T16:49:08","guid":{"rendered":"https:\/\/www.allscore.de\/shop\/?post_type=product&#038;p=10766"},"modified":"2026-04-03T15:15:16","modified_gmt":"2026-04-03T13:15:16","slug":"inspector-lestrade-die-tode-des-adrian-abernethy-fall-14","status":"publish","type":"product","link":"https:\/\/www.allscore.de\/shop\/produkt\/inspector-lestrade-die-tode-des-adrian-abernethy-fall-14\/","title":{"rendered":"Inspector Lestrade 14: Die Tode des Adrian Abernethy"},"content":{"rendered":"<p>Inspector Lestrade: Die Tode des Adrian Abernethy (Fall 14)<\/p>\n<p>Als sich Adrian Abernethy das Leben nimmt, scheinen seine Gemahlin und die T\u00f6chter beinahe erleichtert zu sein. Wenig verwunderlich, hatte sich doch der erfolgreiche Unternehmer nach dem gewaltsamen Tode seines Bruders immer mehr zu einem tyrannischen Zerrbild seiner selbst gewandelt. Niemand im Hause Abernethy blieb davon verschont. Aber so nachvollziehbar die Gef\u00fchle der Hinterbliebenen auch scheinen, Lestrade und Dash haben das seltsame Gef\u00fchl, dass mehr hinter der Sache steckt. Und ihre Ahnung soll sie nicht t\u00e4uschen\u2026<\/p>\n<p>Inspector Lestrade: Lutz Harder<br \/>\nInspector Dash: Michael Pink<br \/>\nMcKinstry: Tino Kie\u00dfling<br \/>\nCommissioner Cedric Hawksley: Bodo Wolf<br \/>\nDr. Thomas Lovell: J\u00f6rg Hengstler<br \/>\nSibyl Abernethy: Antje Thiele<br \/>\nAdrian Abernethy: Tim Moeseritz<br \/>\nAlfred Abernethy: Peter Lontzek<br \/>\nClara: Laurine Betz<br \/>\nGeorgine: Magdalena Helmig<br \/>\nMalcolm: Martin Sabel<br \/>\nEdwin Templeton: Thomas Schmuckert<\/p>\n<p>Regie: Gerd Naumann<br \/>\nBuch und Idee: Andreas Masuth<br \/>\nMusik: Christian Bluthardt<br \/>\nSounddesign, Mischung &amp; Master: Tom Steinbrecher<\/p>\n","protected":false},"excerpt":{"rendered":"<p>Inspector Lestrade: Die Tode des Adrian Abernethy (Fall 14) Als sich Adrian Abernethy das Leben nimmt, scheinen seine Gemahlin und die T\u00f6chter beinahe erleichtert zu sein. Wenig verwunderlich, hatte sich doch der erfolgreiche Unternehmer nach dem gewaltsamen Tode seines Bruders immer mehr zu einem tyrannischen Zerrbild seiner selbst gewandelt. Niemand im Hause Abernethy blieb davon&#8230;<\/p>\n<p><a rel=\"bookmark\" class=\"vonzot-button-simple wvc-button wvc-button-size-sm\" href=\"https:\/\/www.allscore.de\/shop\/produkt\/inspector-lestrade-die-tode-des-adrian-abernethy-fall-14\/\"><span>Read more<\/span><\/a><\/p>\n","protected":false},"featured_media":10771,"template":"","meta":[],"product_brand":[],"product_cat":[72,217],"product_tag":[],"class_list":{"0":"post-10766","1":"product","2":"type-product","3":"status-publish","4":"has-post-thumbnail","6":"product_cat-hoerspiele","7":"product_cat-inspector-lestrade","8":"product_shipping_class-tontraeger-cd","9":"entry","10":"clearfix","11":"entry-grid","12":"entry-columns-3","13":"entry-product-module-layout-sidebar-right","14":"thumbnail-color-tone-dark","15":"entry-product","17":"entry-product-grid","19":"first","20":"instock","21":"taxable","22":"shipping-taxable","23":"purchasable","24":"product-type-simple"},"yoast_head":"<!-- This site is optimized with the Yoast SEO plugin v27.3 - https:\/\/yoast.com\/product\/yoast-seo-wordpress\/ -->\n<title>Inspector Lestrade 14: Die Tode des Adrian Abernethy<\/title>\n<meta name=\"description\" content=\"Inspector Lestrade: Die Tode des Adrian Abernethy (Fall 14) Als sich Adrian Abernethy das Leben nimmt, scheinen seine Gemahlin und die T\u00f6chter beinahe\" \/>\n<meta name=\"robots\" content=\"index, follow, max-snippet:-1, max-image-preview:large, max-video-preview:-1\" \/>\n<link rel=\"canonical\" href=\"https:\/\/www.allscore.de\/shop\/produkt\/inspector-lestrade-die-tode-des-adrian-abernethy-fall-14\/\" \/>\n<meta property=\"og:locale\" content=\"de_DE\" \/>\n<meta property=\"og:type\" content=\"article\" \/>\n<meta property=\"og:title\" content=\"Inspector Lestrade: Die Tode des Adrian Abernethy (Fall 14)\" \/>\n<meta property=\"og:description\" content=\"Als sich Adrian Abernethy das Leben nimmt, scheinen seine Gemahlin und die T\u00f6chter beinahe erleichtert zu sein. Wenig verwunderlich, hatte sich doch der erfolgreiche Unternehmer nach dem gewaltsamen Tode seines Bruders immer mehr zu einem tyrannischen Zerrbild seiner selbst gewandelt.\" \/>\n<meta property=\"og:url\" content=\"https:\/\/www.allscore.de\/shop\/produkt\/inspector-lestrade-die-tode-des-adrian-abernethy-fall-14\/\" \/>\n<meta property=\"og:site_name\" content=\"Allscore Shop\" \/>\n<meta property=\"article:modified_time\" content=\"2026-04-03T13:15:16+00:00\" \/>\n<meta property=\"og:image\" content=\"https:\/\/www.allscore.de\/shop\/wp-content\/uploads\/2022\/03\/Lest14_1200x1200.jpg\" \/>\n\t<meta property=\"og:image:width\" content=\"1200\" \/>\n\t<meta property=\"og:image:height\" content=\"1200\" \/>\n\t<meta property=\"og:image:type\" content=\"image\/jpeg\" \/>\n<meta name=\"twitter:card\" content=\"summary_large_image\" \/>\n<meta name=\"twitter:label1\" content=\"Gesch\u00e4tzte Lesezeit\" \/>\n\t<meta name=\"twitter:data1\" content=\"1\u00a0Minute\" \/>\n<script type=\"application\/ld+json\" class=\"yoast-schema-graph\">{\"@context\":\"https:\\\/\\\/schema.org\",\"@graph\":[{\"@type\":\"WebPage\",\"@id\":\"https:\\\/\\\/www.allscore.de\\\/shop\\\/produkt\\\/inspector-lestrade-die-tode-des-adrian-abernethy-fall-14\\\/\",\"url\":\"https:\\\/\\\/www.allscore.de\\\/shop\\\/produkt\\\/inspector-lestrade-die-tode-des-adrian-abernethy-fall-14\\\/\",\"name\":\"Inspector Lestrade 14: Die Tode des Adrian Abernethy\",\"isPartOf\":{\"@id\":\"https:\\\/\\\/www.allscore.de\\\/shop\\\/#website\"},\"primaryImageOfPage\":{\"@id\":\"https:\\\/\\\/www.allscore.de\\\/shop\\\/produkt\\\/inspector-lestrade-die-tode-des-adrian-abernethy-fall-14\\\/#primaryimage\"},\"image\":{\"@id\":\"https:\\\/\\\/www.allscore.de\\\/shop\\\/produkt\\\/inspector-lestrade-die-tode-des-adrian-abernethy-fall-14\\\/#primaryimage\"},\"thumbnailUrl\":\"https:\\\/\\\/www.allscore.de\\\/shop\\\/wp-content\\\/uploads\\\/2022\\\/03\\\/Lest14_1200x1200.jpg\",\"datePublished\":\"2022-03-11T16:49:08+00:00\",\"dateModified\":\"2026-04-03T13:15:16+00:00\",\"description\":\"Inspector Lestrade: Die Tode des Adrian Abernethy (Fall 14) Als sich Adrian Abernethy das Leben nimmt, scheinen seine Gemahlin und die T\u00f6chter beinahe\",\"breadcrumb\":{\"@id\":\"https:\\\/\\\/www.allscore.de\\\/shop\\\/produkt\\\/inspector-lestrade-die-tode-des-adrian-abernethy-fall-14\\\/#breadcrumb\"},\"inLanguage\":\"de\",\"potentialAction\":[{\"@type\":\"ReadAction\",\"target\":[\"https:\\\/\\\/www.allscore.de\\\/shop\\\/produkt\\\/inspector-lestrade-die-tode-des-adrian-abernethy-fall-14\\\/\"]}]},{\"@type\":\"ImageObject\",\"inLanguage\":\"de\",\"@id\":\"https:\\\/\\\/www.allscore.de\\\/shop\\\/produkt\\\/inspector-lestrade-die-tode-des-adrian-abernethy-fall-14\\\/#primaryimage\",\"url\":\"https:\\\/\\\/www.allscore.de\\\/shop\\\/wp-content\\\/uploads\\\/2022\\\/03\\\/Lest14_1200x1200.jpg\",\"contentUrl\":\"https:\\\/\\\/www.allscore.de\\\/shop\\\/wp-content\\\/uploads\\\/2022\\\/03\\\/Lest14_1200x1200.jpg\",\"width\":1200,\"height\":1200,\"caption\":\"Inspector Lestrade (14): Die Tode des Adrian Abernethy\"},{\"@type\":\"BreadcrumbList\",\"@id\":\"https:\\\/\\\/www.allscore.de\\\/shop\\\/produkt\\\/inspector-lestrade-die-tode-des-adrian-abernethy-fall-14\\\/#breadcrumb\",\"itemListElement\":[{\"@type\":\"ListItem\",\"position\":1,\"name\":\"Startseite\",\"item\":\"https:\\\/\\\/www.allscore.de\\\/shop\\\/\"},{\"@type\":\"ListItem\",\"position\":2,\"name\":\"Produkte\",\"item\":\"https:\\\/\\\/www.allscore.de\\\/shop\\\/shop\\\/\"},{\"@type\":\"ListItem\",\"position\":3,\"name\":\"Inspector Lestrade 14: Die Tode des Adrian Abernethy\"}]},{\"@type\":\"WebSite\",\"@id\":\"https:\\\/\\\/www.allscore.de\\\/shop\\\/#website\",\"url\":\"https:\\\/\\\/www.allscore.de\\\/shop\\\/\",\"name\":\"Allscore Shop\",\"description\":\"All Score Media\",\"publisher\":{\"@id\":\"https:\\\/\\\/www.allscore.de\\\/shop\\\/#organization\"},\"potentialAction\":[{\"@type\":\"SearchAction\",\"target\":{\"@type\":\"EntryPoint\",\"urlTemplate\":\"https:\\\/\\\/www.allscore.de\\\/shop\\\/?s={search_term_string}\"},\"query-input\":{\"@type\":\"PropertyValueSpecification\",\"valueRequired\":true,\"valueName\":\"search_term_string\"}}],\"inLanguage\":\"de\"},{\"@type\":\"Organization\",\"@id\":\"https:\\\/\\\/www.allscore.de\\\/shop\\\/#organization\",\"name\":\"All Score Media\",\"alternateName\":\"Allscore\",\"url\":\"https:\\\/\\\/www.allscore.de\\\/shop\\\/\",\"logo\":{\"@type\":\"ImageObject\",\"inLanguage\":\"de\",\"@id\":\"https:\\\/\\\/www.allscore.de\\\/shop\\\/#\\\/schema\\\/logo\\\/image\\\/\",\"url\":\"https:\\\/\\\/www.allscore.de\\\/shop\\\/wp-content\\\/uploads\\\/2026\\\/01\\\/Logo_Yoast_Shop_2026.png\",\"contentUrl\":\"https:\\\/\\\/www.allscore.de\\\/shop\\\/wp-content\\\/uploads\\\/2026\\\/01\\\/Logo_Yoast_Shop_2026.png\",\"width\":696,\"height\":696,\"caption\":\"All Score Media\"},\"image\":{\"@id\":\"https:\\\/\\\/www.allscore.de\\\/shop\\\/#\\\/schema\\\/logo\\\/image\\\/\"}}]}<\/script>\n<!-- \/ Yoast SEO plugin. -->","yoast_head_json":{"title":"Inspector Lestrade 14: Die Tode des Adrian Abernethy","description":"Inspector Lestrade: Die Tode des Adrian Abernethy (Fall 14) Als sich Adrian Abernethy das Leben nimmt, scheinen seine Gemahlin und die T\u00f6chter beinahe","robots":{"index":"index","follow":"follow","max-snippet":"max-snippet:-1","max-image-preview":"max-image-preview:large","max-video-preview":"max-video-preview:-1"},"canonical":"https:\/\/www.allscore.de\/shop\/produkt\/inspector-lestrade-die-tode-des-adrian-abernethy-fall-14\/","og_locale":"de_DE","og_type":"article","og_title":"Inspector Lestrade: Die Tode des Adrian Abernethy (Fall 14)","og_description":"Als sich Adrian Abernethy das Leben nimmt, scheinen seine Gemahlin und die T\u00f6chter beinahe erleichtert zu sein. Wenig verwunderlich, hatte sich doch der erfolgreiche Unternehmer nach dem gewaltsamen Tode seines Bruders immer mehr zu einem tyrannischen Zerrbild seiner selbst gewandelt.","og_url":"https:\/\/www.allscore.de\/shop\/produkt\/inspector-lestrade-die-tode-des-adrian-abernethy-fall-14\/","og_site_name":"Allscore Shop","article_modified_time":"2026-04-03T13:15:16+00:00","og_image":[{"width":1200,"height":1200,"url":"https:\/\/www.allscore.de\/shop\/wp-content\/uploads\/2022\/03\/Lest14_1200x1200.jpg","type":"image\/jpeg"}],"twitter_card":"summary_large_image","twitter_misc":{"Gesch\u00e4tzte Lesezeit":"1\u00a0Minute"},"schema":{"@context":"https:\/\/schema.org","@graph":[{"@type":"WebPage","@id":"https:\/\/www.allscore.de\/shop\/produkt\/inspector-lestrade-die-tode-des-adrian-abernethy-fall-14\/","url":"https:\/\/www.allscore.de\/shop\/produkt\/inspector-lestrade-die-tode-des-adrian-abernethy-fall-14\/","name":"Inspector Lestrade 14: Die Tode des Adrian Abernethy","isPartOf":{"@id":"https:\/\/www.allscore.de\/shop\/#website"},"primaryImageOfPage":{"@id":"https:\/\/www.allscore.de\/shop\/produkt\/inspector-lestrade-die-tode-des-adrian-abernethy-fall-14\/#primaryimage"},"image":{"@id":"https:\/\/www.allscore.de\/shop\/produkt\/inspector-lestrade-die-tode-des-adrian-abernethy-fall-14\/#primaryimage"},"thumbnailUrl":"https:\/\/www.allscore.de\/shop\/wp-content\/uploads\/2022\/03\/Lest14_1200x1200.jpg","datePublished":"2022-03-11T16:49:08+00:00","dateModified":"2026-04-03T13:15:16+00:00","description":"Inspector Lestrade: Die Tode des Adrian Abernethy (Fall 14) Als sich Adrian Abernethy das Leben nimmt, scheinen seine Gemahlin und die T\u00f6chter beinahe","breadcrumb":{"@id":"https:\/\/www.allscore.de\/shop\/produkt\/inspector-lestrade-die-tode-des-adrian-abernethy-fall-14\/#breadcrumb"},"inLanguage":"de","potentialAction":[{"@type":"ReadAction","target":["https:\/\/www.allscore.de\/shop\/produkt\/inspector-lestrade-die-tode-des-adrian-abernethy-fall-14\/"]}]},{"@type":"ImageObject","inLanguage":"de","@id":"https:\/\/www.allscore.de\/shop\/produkt\/inspector-lestrade-die-tode-des-adrian-abernethy-fall-14\/#primaryimage","url":"https:\/\/www.allscore.de\/shop\/wp-content\/uploads\/2022\/03\/Lest14_1200x1200.jpg","contentUrl":"https:\/\/www.allscore.de\/shop\/wp-content\/uploads\/2022\/03\/Lest14_1200x1200.jpg","width":1200,"height":1200,"caption":"Inspector Lestrade (14): Die Tode des Adrian Abernethy"},{"@type":"BreadcrumbList","@id":"https:\/\/www.allscore.de\/shop\/produkt\/inspector-lestrade-die-tode-des-adrian-abernethy-fall-14\/#breadcrumb","itemListElement":[{"@type":"ListItem","position":1,"name":"Startseite","item":"https:\/\/www.allscore.de\/shop\/"},{"@type":"ListItem","position":2,"name":"Produkte","item":"https:\/\/www.allscore.de\/shop\/shop\/"},{"@type":"ListItem","position":3,"name":"Inspector Lestrade 14: Die Tode des Adrian Abernethy"}]},{"@type":"WebSite","@id":"https:\/\/www.allscore.de\/shop\/#website","url":"https:\/\/www.allscore.de\/shop\/","name":"Allscore Shop","description":"All Score Media","publisher":{"@id":"https:\/\/www.allscore.de\/shop\/#organization"},"potentialAction":[{"@type":"SearchAction","target":{"@type":"EntryPoint","urlTemplate":"https:\/\/www.allscore.de\/shop\/?s={search_term_string}"},"query-input":{"@type":"PropertyValueSpecification","valueRequired":true,"valueName":"search_term_string"}}],"inLanguage":"de"},{"@type":"Organization","@id":"https:\/\/www.allscore.de\/shop\/#organization","name":"All Score Media","alternateName":"Allscore","url":"https:\/\/www.allscore.de\/shop\/","logo":{"@type":"ImageObject","inLanguage":"de","@id":"https:\/\/www.allscore.de\/shop\/#\/schema\/logo\/image\/","url":"https:\/\/www.allscore.de\/shop\/wp-content\/uploads\/2026\/01\/Logo_Yoast_Shop_2026.png","contentUrl":"https:\/\/www.allscore.de\/shop\/wp-content\/uploads\/2026\/01\/Logo_Yoast_Shop_2026.png","width":696,"height":696,"caption":"All Score Media"},"image":{"@id":"https:\/\/www.allscore.de\/shop\/#\/schema\/logo\/image\/"}}]}},"_links":{"self":[{"href":"https:\/\/www.allscore.de\/shop\/wp-json\/wp\/v2\/product\/10766","targetHints":{"allow":["GET"]}}],"collection":[{"href":"https:\/\/www.allscore.de\/shop\/wp-json\/wp\/v2\/product"}],"about":[{"href":"https:\/\/www.allscore.de\/shop\/wp-json\/wp\/v2\/types\/product"}],"wp:featuredmedia":[{"embeddable":true,"href":"https:\/\/www.allscore.de\/shop\/wp-json\/wp\/v2\/media\/10771"}],"wp:attachment":[{"href":"https:\/\/www.allscore.de\/shop\/wp-json\/wp\/v2\/media?parent=10766"}],"wp:term":[{"taxonomy":"product_brand","embeddable":true,"href":"https:\/\/www.allscore.de\/shop\/wp-json\/wp\/v2\/product_brand?post=10766"},{"taxonomy":"product_cat","embeddable":true,"href":"https:\/\/www.allscore.de\/shop\/wp-json\/wp\/v2\/product_cat?post=10766"},{"taxonomy":"product_tag","embeddable":true,"href":"https:\/\/www.allscore.de\/shop\/wp-json\/wp\/v2\/product_tag?post=10766"}],"curies":[{"name":"wp","href":"https:\/\/api.w.org\/{rel}","templated":true}]}}