{"id":10712,"date":"2022-02-18T13:23:59","date_gmt":"2022-02-18T12:23:59","guid":{"rendered":"https:\/\/www.allscore.de\/shop\/?post_type=product&#038;p=10712"},"modified":"2025-10-24T19:13:11","modified_gmt":"2025-10-24T17:13:11","slug":"geisterjaeger-john-sinclair-der-schwarze-henker-doppel-lp","status":"publish","type":"product","link":"https:\/\/www.allscore.de\/shop\/produkt\/geisterjaeger-john-sinclair-der-schwarze-henker-doppel-lp\/","title":{"rendered":"Geisterj\u00e4ger John Sinclair: Der schwarze Henker (Doppel-LP)"},"content":{"rendered":"<p>Geisterj\u00e4ger John Sinclair: Der schwarze Henker (Doppel-LP)<\/p>\n<p>Er war eine Bestie, grausam und gnadenlos. Sein Handwerk war Mord, Mord f\u00fcr die Herrschenden. Unschuldige starben unter seinem Beil. Bis sich vier mutige M\u00e4nner aufmachten, ihn zu t\u00f6ten. Sie hatten an alles gedacht \u2026. nur an eines nicht. Der schwarze Henker war unsterblich!<\/p>\n<p><strong>&#8222;Das Kult-Comeback der H\u00f6rspiel-Legende:<br \/>\nDie originalen Klassiker von Tonstudio Braun digital \u00fcberarbeitet und erstmals auf LP!&#8220;<\/strong><\/p>\n<p>Ein H\u00f6rspiel von Tontstudio Braun frei nach dem gleichnamigen Roman von Jason Dark; erstmals erschienen 1978 als Band 14 der Bastei-Romanserie.<\/p>\n","protected":false},"excerpt":{"rendered":"<p>Doppel-LP im Klappcover, schwarzes 180g Vinyl, streng limitiert!<\/p>\n","protected":false},"featured_media":10714,"template":"","meta":[],"product_brand":[],"product_cat":[72,460,428,153],"product_tag":[],"class_list":{"0":"post-10712","1":"product","2":"type-product","3":"status-publish","4":"has-post-thumbnail","6":"product_cat-hoerspiele","7":"product_cat-john-sinclair","8":"product_cat-raritaeten","9":"product_cat-specials","10":"product_shipping_class-tontraeger-schallplatte","11":"entry","12":"clearfix","13":"entry-grid","14":"entry-columns-3","15":"entry-product-module-layout-sidebar-right","16":"thumbnail-color-tone-dark","17":"metro-portrait","18":"entry-product","20":"entry-product-grid","22":"first","23":"outofstock","24":"taxable","25":"shipping-taxable","26":"purchasable","27":"product-type-simple"},"yoast_head":"<!-- This site is optimized with the Yoast SEO plugin v27.4 - https:\/\/yoast.com\/product\/yoast-seo-wordpress\/ -->\n<title>Geisterj\u00e4ger John Sinclair: Der schwarze Henker (Doppel-LP)<\/title>\n<meta name=\"description\" content=\"Das Kult-Comeback der H\u00f6rspiel-Legende: Die originalen Klassiker von Tonstudio Braun digital \u00fcberarbeitet und erstmals auf LP!\" \/>\n<meta name=\"robots\" content=\"index, follow, max-snippet:-1, max-image-preview:large, max-video-preview:-1\" \/>\n<link rel=\"canonical\" href=\"https:\/\/www.allscore.de\/shop\/produkt\/geisterjaeger-john-sinclair-der-schwarze-henker-doppel-lp\/\" \/>\n<meta property=\"og:locale\" content=\"de_DE\" \/>\n<meta property=\"og:type\" content=\"article\" \/>\n<meta property=\"og:title\" content=\"Geisterj\u00e4ger John Sinclair: Der schwarze Henker (Doppel-LP)\" \/>\n<meta property=\"og:description\" content=\"Das Kult-Comeback der H\u00f6rspiel-Legende: Die originalen Klassiker von Tonstudio Braun digital \u00fcberarbeitet und erstmals auf LP!\" \/>\n<meta property=\"og:url\" content=\"https:\/\/www.allscore.de\/shop\/produkt\/geisterjaeger-john-sinclair-der-schwarze-henker-doppel-lp\/\" \/>\n<meta property=\"og:site_name\" content=\"Allscore Shop\" \/>\n<meta property=\"article:modified_time\" content=\"2025-10-24T17:13:11+00:00\" \/>\n<meta property=\"og:image\" content=\"https:\/\/www.allscore.de\/shop\/wp-content\/uploads\/2022\/02\/JS-LP2.jpg\" \/>\n\t<meta property=\"og:image:width\" content=\"1200\" \/>\n\t<meta property=\"og:image:height\" content=\"1201\" \/>\n\t<meta property=\"og:image:type\" content=\"image\/jpeg\" \/>\n<meta name=\"twitter:card\" content=\"summary_large_image\" \/>\n<meta name=\"twitter:label1\" content=\"Gesch\u00e4tzte Lesezeit\" \/>\n\t<meta name=\"twitter:data1\" content=\"1\u00a0Minute\" \/>\n<script type=\"application\/ld+json\" class=\"yoast-schema-graph\">{\"@context\":\"https:\\\/\\\/schema.org\",\"@graph\":[{\"@type\":\"WebPage\",\"@id\":\"https:\\\/\\\/www.allscore.de\\\/shop\\\/produkt\\\/geisterjaeger-john-sinclair-der-schwarze-henker-doppel-lp\\\/\",\"url\":\"https:\\\/\\\/www.allscore.de\\\/shop\\\/produkt\\\/geisterjaeger-john-sinclair-der-schwarze-henker-doppel-lp\\\/\",\"name\":\"Geisterj\u00e4ger John Sinclair: Der schwarze Henker (Doppel-LP)\",\"isPartOf\":{\"@id\":\"https:\\\/\\\/www.allscore.de\\\/shop\\\/#website\"},\"primaryImageOfPage\":{\"@id\":\"https:\\\/\\\/www.allscore.de\\\/shop\\\/produkt\\\/geisterjaeger-john-sinclair-der-schwarze-henker-doppel-lp\\\/#primaryimage\"},\"image\":{\"@id\":\"https:\\\/\\\/www.allscore.de\\\/shop\\\/produkt\\\/geisterjaeger-john-sinclair-der-schwarze-henker-doppel-lp\\\/#primaryimage\"},\"thumbnailUrl\":\"https:\\\/\\\/www.allscore.de\\\/shop\\\/wp-content\\\/uploads\\\/2022\\\/02\\\/JS-LP2.jpg\",\"datePublished\":\"2022-02-18T12:23:59+00:00\",\"dateModified\":\"2025-10-24T17:13:11+00:00\",\"description\":\"Das Kult-Comeback der H\u00f6rspiel-Legende: Die originalen Klassiker von Tonstudio Braun digital \u00fcberarbeitet und erstmals auf LP!\",\"breadcrumb\":{\"@id\":\"https:\\\/\\\/www.allscore.de\\\/shop\\\/produkt\\\/geisterjaeger-john-sinclair-der-schwarze-henker-doppel-lp\\\/#breadcrumb\"},\"inLanguage\":\"de\",\"potentialAction\":[{\"@type\":\"ReadAction\",\"target\":[\"https:\\\/\\\/www.allscore.de\\\/shop\\\/produkt\\\/geisterjaeger-john-sinclair-der-schwarze-henker-doppel-lp\\\/\"]}]},{\"@type\":\"ImageObject\",\"inLanguage\":\"de\",\"@id\":\"https:\\\/\\\/www.allscore.de\\\/shop\\\/produkt\\\/geisterjaeger-john-sinclair-der-schwarze-henker-doppel-lp\\\/#primaryimage\",\"url\":\"https:\\\/\\\/www.allscore.de\\\/shop\\\/wp-content\\\/uploads\\\/2022\\\/02\\\/JS-LP2.jpg\",\"contentUrl\":\"https:\\\/\\\/www.allscore.de\\\/shop\\\/wp-content\\\/uploads\\\/2022\\\/02\\\/JS-LP2.jpg\",\"width\":1200,\"height\":1201,\"caption\":\"John Sinclair - Der schwarze Henker LP\"},{\"@type\":\"BreadcrumbList\",\"@id\":\"https:\\\/\\\/www.allscore.de\\\/shop\\\/produkt\\\/geisterjaeger-john-sinclair-der-schwarze-henker-doppel-lp\\\/#breadcrumb\",\"itemListElement\":[{\"@type\":\"ListItem\",\"position\":1,\"name\":\"Startseite\",\"item\":\"https:\\\/\\\/www.allscore.de\\\/shop\\\/\"},{\"@type\":\"ListItem\",\"position\":2,\"name\":\"Produkte\",\"item\":\"https:\\\/\\\/www.allscore.de\\\/shop\\\/shop\\\/\"},{\"@type\":\"ListItem\",\"position\":3,\"name\":\"Geisterj\u00e4ger John Sinclair: Der schwarze Henker (Doppel-LP)\"}]},{\"@type\":\"WebSite\",\"@id\":\"https:\\\/\\\/www.allscore.de\\\/shop\\\/#website\",\"url\":\"https:\\\/\\\/www.allscore.de\\\/shop\\\/\",\"name\":\"Allscore Shop\",\"description\":\"All Score Media\",\"publisher\":{\"@id\":\"https:\\\/\\\/www.allscore.de\\\/shop\\\/#organization\"},\"potentialAction\":[{\"@type\":\"SearchAction\",\"target\":{\"@type\":\"EntryPoint\",\"urlTemplate\":\"https:\\\/\\\/www.allscore.de\\\/shop\\\/?s={search_term_string}\"},\"query-input\":{\"@type\":\"PropertyValueSpecification\",\"valueRequired\":true,\"valueName\":\"search_term_string\"}}],\"inLanguage\":\"de\"},{\"@type\":\"Organization\",\"@id\":\"https:\\\/\\\/www.allscore.de\\\/shop\\\/#organization\",\"name\":\"All Score Media\",\"alternateName\":\"Allscore\",\"url\":\"https:\\\/\\\/www.allscore.de\\\/shop\\\/\",\"logo\":{\"@type\":\"ImageObject\",\"inLanguage\":\"de\",\"@id\":\"https:\\\/\\\/www.allscore.de\\\/shop\\\/#\\\/schema\\\/logo\\\/image\\\/\",\"url\":\"https:\\\/\\\/www.allscore.de\\\/shop\\\/wp-content\\\/uploads\\\/2026\\\/01\\\/Logo_Yoast_Shop_2026.png\",\"contentUrl\":\"https:\\\/\\\/www.allscore.de\\\/shop\\\/wp-content\\\/uploads\\\/2026\\\/01\\\/Logo_Yoast_Shop_2026.png\",\"width\":696,\"height\":696,\"caption\":\"All Score Media\"},\"image\":{\"@id\":\"https:\\\/\\\/www.allscore.de\\\/shop\\\/#\\\/schema\\\/logo\\\/image\\\/\"}}]}<\/script>\n<!-- \/ Yoast SEO plugin. -->","yoast_head_json":{"title":"Geisterj\u00e4ger John Sinclair: Der schwarze Henker (Doppel-LP)","description":"Das Kult-Comeback der H\u00f6rspiel-Legende: Die originalen Klassiker von Tonstudio Braun digital \u00fcberarbeitet und erstmals auf LP!","robots":{"index":"index","follow":"follow","max-snippet":"max-snippet:-1","max-image-preview":"max-image-preview:large","max-video-preview":"max-video-preview:-1"},"canonical":"https:\/\/www.allscore.de\/shop\/produkt\/geisterjaeger-john-sinclair-der-schwarze-henker-doppel-lp\/","og_locale":"de_DE","og_type":"article","og_title":"Geisterj\u00e4ger John Sinclair: Der schwarze Henker (Doppel-LP)","og_description":"Das Kult-Comeback der H\u00f6rspiel-Legende: Die originalen Klassiker von Tonstudio Braun digital \u00fcberarbeitet und erstmals auf LP!","og_url":"https:\/\/www.allscore.de\/shop\/produkt\/geisterjaeger-john-sinclair-der-schwarze-henker-doppel-lp\/","og_site_name":"Allscore Shop","article_modified_time":"2025-10-24T17:13:11+00:00","og_image":[{"width":1200,"height":1201,"url":"https:\/\/www.allscore.de\/shop\/wp-content\/uploads\/2022\/02\/JS-LP2.jpg","type":"image\/jpeg"}],"twitter_card":"summary_large_image","twitter_misc":{"Gesch\u00e4tzte Lesezeit":"1\u00a0Minute"},"schema":{"@context":"https:\/\/schema.org","@graph":[{"@type":"WebPage","@id":"https:\/\/www.allscore.de\/shop\/produkt\/geisterjaeger-john-sinclair-der-schwarze-henker-doppel-lp\/","url":"https:\/\/www.allscore.de\/shop\/produkt\/geisterjaeger-john-sinclair-der-schwarze-henker-doppel-lp\/","name":"Geisterj\u00e4ger John Sinclair: Der schwarze Henker (Doppel-LP)","isPartOf":{"@id":"https:\/\/www.allscore.de\/shop\/#website"},"primaryImageOfPage":{"@id":"https:\/\/www.allscore.de\/shop\/produkt\/geisterjaeger-john-sinclair-der-schwarze-henker-doppel-lp\/#primaryimage"},"image":{"@id":"https:\/\/www.allscore.de\/shop\/produkt\/geisterjaeger-john-sinclair-der-schwarze-henker-doppel-lp\/#primaryimage"},"thumbnailUrl":"https:\/\/www.allscore.de\/shop\/wp-content\/uploads\/2022\/02\/JS-LP2.jpg","datePublished":"2022-02-18T12:23:59+00:00","dateModified":"2025-10-24T17:13:11+00:00","description":"Das Kult-Comeback der H\u00f6rspiel-Legende: Die originalen Klassiker von Tonstudio Braun digital \u00fcberarbeitet und erstmals auf LP!","breadcrumb":{"@id":"https:\/\/www.allscore.de\/shop\/produkt\/geisterjaeger-john-sinclair-der-schwarze-henker-doppel-lp\/#breadcrumb"},"inLanguage":"de","potentialAction":[{"@type":"ReadAction","target":["https:\/\/www.allscore.de\/shop\/produkt\/geisterjaeger-john-sinclair-der-schwarze-henker-doppel-lp\/"]}]},{"@type":"ImageObject","inLanguage":"de","@id":"https:\/\/www.allscore.de\/shop\/produkt\/geisterjaeger-john-sinclair-der-schwarze-henker-doppel-lp\/#primaryimage","url":"https:\/\/www.allscore.de\/shop\/wp-content\/uploads\/2022\/02\/JS-LP2.jpg","contentUrl":"https:\/\/www.allscore.de\/shop\/wp-content\/uploads\/2022\/02\/JS-LP2.jpg","width":1200,"height":1201,"caption":"John Sinclair - Der schwarze Henker LP"},{"@type":"BreadcrumbList","@id":"https:\/\/www.allscore.de\/shop\/produkt\/geisterjaeger-john-sinclair-der-schwarze-henker-doppel-lp\/#breadcrumb","itemListElement":[{"@type":"ListItem","position":1,"name":"Startseite","item":"https:\/\/www.allscore.de\/shop\/"},{"@type":"ListItem","position":2,"name":"Produkte","item":"https:\/\/www.allscore.de\/shop\/shop\/"},{"@type":"ListItem","position":3,"name":"Geisterj\u00e4ger John Sinclair: Der schwarze Henker (Doppel-LP)"}]},{"@type":"WebSite","@id":"https:\/\/www.allscore.de\/shop\/#website","url":"https:\/\/www.allscore.de\/shop\/","name":"Allscore Shop","description":"All Score Media","publisher":{"@id":"https:\/\/www.allscore.de\/shop\/#organization"},"potentialAction":[{"@type":"SearchAction","target":{"@type":"EntryPoint","urlTemplate":"https:\/\/www.allscore.de\/shop\/?s={search_term_string}"},"query-input":{"@type":"PropertyValueSpecification","valueRequired":true,"valueName":"search_term_string"}}],"inLanguage":"de"},{"@type":"Organization","@id":"https:\/\/www.allscore.de\/shop\/#organization","name":"All Score Media","alternateName":"Allscore","url":"https:\/\/www.allscore.de\/shop\/","logo":{"@type":"ImageObject","inLanguage":"de","@id":"https:\/\/www.allscore.de\/shop\/#\/schema\/logo\/image\/","url":"https:\/\/www.allscore.de\/shop\/wp-content\/uploads\/2026\/01\/Logo_Yoast_Shop_2026.png","contentUrl":"https:\/\/www.allscore.de\/shop\/wp-content\/uploads\/2026\/01\/Logo_Yoast_Shop_2026.png","width":696,"height":696,"caption":"All Score Media"},"image":{"@id":"https:\/\/www.allscore.de\/shop\/#\/schema\/logo\/image\/"}}]}},"_links":{"self":[{"href":"https:\/\/www.allscore.de\/shop\/wp-json\/wp\/v2\/product\/10712","targetHints":{"allow":["GET"]}}],"collection":[{"href":"https:\/\/www.allscore.de\/shop\/wp-json\/wp\/v2\/product"}],"about":[{"href":"https:\/\/www.allscore.de\/shop\/wp-json\/wp\/v2\/types\/product"}],"wp:featuredmedia":[{"embeddable":true,"href":"https:\/\/www.allscore.de\/shop\/wp-json\/wp\/v2\/media\/10714"}],"wp:attachment":[{"href":"https:\/\/www.allscore.de\/shop\/wp-json\/wp\/v2\/media?parent=10712"}],"wp:term":[{"taxonomy":"product_brand","embeddable":true,"href":"https:\/\/www.allscore.de\/shop\/wp-json\/wp\/v2\/product_brand?post=10712"},{"taxonomy":"product_cat","embeddable":true,"href":"https:\/\/www.allscore.de\/shop\/wp-json\/wp\/v2\/product_cat?post=10712"},{"taxonomy":"product_tag","embeddable":true,"href":"https:\/\/www.allscore.de\/shop\/wp-json\/wp\/v2\/product_tag?post=10712"}],"curies":[{"name":"wp","href":"https:\/\/api.w.org\/{rel}","templated":true}]}}