{"id":10379,"date":"2021-10-25T13:23:25","date_gmt":"2021-10-25T11:23:25","guid":{"rendered":"https:\/\/www.allscore.de\/shop\/?post_type=product&#038;p=10379"},"modified":"2026-01-11T17:37:57","modified_gmt":"2026-01-11T16:37:57","slug":"mondo-sangue-rosso-come-la-notte","status":"publish","type":"product","link":"https:\/\/www.allscore.de\/shop\/produkt\/mondo-sangue-rosso-come-la-notte\/","title":{"rendered":"Mondo Sangue &#8211; Rosso come la notte"},"content":{"rendered":"<p>Mondo Sangue &#8211; Rosso come la notte LP<\/p>\n<p>Die Mail\u00e4nder Tierpr\u00e4paratorin Barbara f\u00e4hrt f\u00fcr einen Museumsauftrag in den Schwarzwald und verschwindet kurz darauf spurlos. Ihre Schwester reist ihr nach und st\u00f6\u00dft in dem beschaulichen Ort nicht nur auf eine mysteri\u00f6se Mordserie, sondern auch auf ein dunkles Geheimnis\u2026<\/p>\n<p>Die H\u00f6lle ist n\u00e4her, als man denkt. Mit ROSSO COME LA NOTTE wagen sich MONDO SANGUE an das italienischste aller Genres: den GIALLO. Mitte der 1960er begr\u00fcndete nicht nur dessen intensives Farbspiel, entfesselte Bildsprache und traumartige Sogwirkung ein neues Kinokapitel. Auch musikalisch ist der GIALLO das stilpr\u00e4gendste europ\u00e4ische Genre, welches die Wiege des modernen Horrorfilms in Italien verortet. Vom ersten Song an setzen MONDO SANGUE auf eine atmosph\u00e4rische, psychedelische Grundstimmung und entwickeln zunehmend einen treibenden, progressiven Psychodramasound, an dessen Ende nicht nur die Protagonistin den Verstand verliert\u2026<\/p>\n<p>Gespickt mit zahlreichen Verweisen ans italienische Genrekino, liefert die Band eine ausgewogene Mischung aus filmisch anmutenden Instrumentals und eing\u00e4ngigen Songs. ROSSO COME LA NOTTE ist ein Erlebnis nicht nur f\u00fcr Genrekenner und Cineasten, sondern funktioniert sowohl als imagin\u00e4rer Soundtrack als auch als stimmiges intensives Konzeptalbum.<\/p>\n<p><a href=\"https:\/\/www.allscore.de\/shop\/wp-content\/uploads\/2021\/10\/ASM_050_inner.jpg\"><img loading=\"lazy\" decoding=\"async\" class=\"size-full wp-image-10383\" src=\"https:\/\/www.allscore.de\/shop\/wp-content\/uploads\/2021\/10\/ASM_050_inner.jpg\" alt=\"Rosso come la notte\" width=\"500\" height=\"250\" srcset=\"https:\/\/www.allscore.de\/shop\/wp-content\/uploads\/2021\/10\/ASM_050_inner.jpg 500w, https:\/\/www.allscore.de\/shop\/wp-content\/uploads\/2021\/10\/ASM_050_inner-300x150.jpg 300w, https:\/\/www.allscore.de\/shop\/wp-content\/uploads\/2021\/10\/ASM_050_inner-400x200.jpg 400w\" sizes=\"auto, (max-width: 500px) 100vw, 500px\" \/><\/a><\/p>\n<p>MONDO SANGUE belegen mit ihrem von Adrian Keindorf illustrierten 4. Album einmal mehr ihre Leidenschaft f\u00fcr Musik und das Kino. Neben Genreliebhaber Bela B (\u201eTo Hell\u201c) ist diesmal auch Italienkenner Eric Pfeil (\u201eTaxi Auriga\u201c) mit von der Partie. Die 180g Vinyl-LPs im opulenten Gatefold-Cover sind auf 666 St\u00fcck limitiert und handnummeriert. Jeder LP liegen ein Filmplakat sowie ein Downloadcode bei.<\/p>\n<p>\u00dcber MONDO SANGUE<br \/>\nDas Stuttgarter Duo MONDO SANGUE (Christian Bluthardt und Yvy Pop), gegr\u00fcndet 2015, produziert Musik in Anlehnung an das italienische Genrekino der 1960\/70er Jahre und transportiert diesen einzigartigen Sound gekonnt in die Neuzeit. Nach einem Ausflug in den Dschungel (L\u2018Isola dei Dannati \u2013 Die Insel der Verdammten; Soundtrack zu einem fiktiven Kannibalenfilm, 2016), einem Ritt durch den Spaghettiwestern (No Place for a Man \u2013 Il Villaggio delle Donne, 2018) und einer Reise ins All mit dem Science-Fiction-Abenteuer VEGA-5 (Avventure nel Cosmo) wartet mit dem GIALLO nun das legend\u00e4rste Italo-Genre darauf, gefeiert zu werden: ROSSO COME LA NOTTE.<\/p>\n","protected":false},"excerpt":{"rendered":"<p>Schwarze 180g Vinyl-LP im opulenten Gatefold-Cover, limitiert auf 666 St\u00fcck, handnummeriert. Filmplakat und Downloadcode liegen bei.<\/p>\n","protected":false},"featured_media":10381,"template":"","meta":[],"product_brand":[],"product_cat":[49,619,225,192,105],"product_tag":[334,375],"class_list":{"0":"post-10379","1":"product","2":"type-product","3":"status-publish","4":"has-post-thumbnail","6":"product_cat-bands","7":"product_cat-cinematic-music","8":"product_cat-krimi","9":"product_cat-mondo-sangue","10":"product_cat-soundtracks","11":"product_tag-film-inspired-music","12":"product_tag-giallo","13":"product_shipping_class-tontraeger-schallplatte","14":"entry","15":"clearfix","16":"entry-grid","17":"entry-columns-3","18":"entry-product-module-layout-sidebar-right","19":"thumbnail-color-tone-dark","20":"entry-product","22":"entry-product-grid","24":"first","25":"instock","26":"taxable","27":"shipping-taxable","28":"purchasable","29":"product-type-simple"},"yoast_head":"<!-- This site is optimized with the Yoast SEO plugin v27.4 - https:\/\/yoast.com\/product\/yoast-seo-wordpress\/ -->\n<title>Mondo Sangue - Rosso come la notte<\/title>\n<meta name=\"description\" content=\"Schwarze 180g Vinyl-LP im opulenten Gatefold-Cover, limitiert auf 666 St\u00fcck, handnummeriert. Filmplakat und Downloadcode liegen bei.\" \/>\n<meta name=\"robots\" content=\"index, follow, max-snippet:-1, max-image-preview:large, max-video-preview:-1\" \/>\n<link rel=\"canonical\" href=\"https:\/\/www.allscore.de\/shop\/produkt\/mondo-sangue-rosso-come-la-notte\/\" \/>\n<meta property=\"og:locale\" content=\"de_DE\" \/>\n<meta property=\"og:type\" content=\"article\" \/>\n<meta property=\"og:title\" content=\"Mondo Sangue - Rosso come la notte\" \/>\n<meta property=\"og:description\" content=\"Schwarze 180g Vinyl-LP im opulenten Gatefold-Cover, limitiert auf 666 St\u00fcck, handnummeriert. Filmplakat und Downloadcode liegen bei.\" \/>\n<meta property=\"og:url\" content=\"https:\/\/www.allscore.de\/shop\/produkt\/mondo-sangue-rosso-come-la-notte\/\" \/>\n<meta property=\"og:site_name\" content=\"Allscore Shop\" \/>\n<meta property=\"article:modified_time\" content=\"2026-01-11T16:37:57+00:00\" \/>\n<meta property=\"og:image\" content=\"https:\/\/www.allscore.de\/shop\/wp-content\/uploads\/2021\/10\/ASM050_1200x1200.jpg\" \/>\n\t<meta property=\"og:image:width\" content=\"1200\" \/>\n\t<meta property=\"og:image:height\" content=\"1200\" \/>\n\t<meta property=\"og:image:type\" content=\"image\/jpeg\" \/>\n<meta name=\"twitter:card\" content=\"summary_large_image\" \/>\n<meta name=\"twitter:label1\" content=\"Gesch\u00e4tzte Lesezeit\" \/>\n\t<meta name=\"twitter:data1\" content=\"3\u00a0Minuten\" \/>\n<script type=\"application\/ld+json\" class=\"yoast-schema-graph\">{\"@context\":\"https:\\\/\\\/schema.org\",\"@graph\":[{\"@type\":\"WebPage\",\"@id\":\"https:\\\/\\\/www.allscore.de\\\/shop\\\/produkt\\\/mondo-sangue-rosso-come-la-notte\\\/\",\"url\":\"https:\\\/\\\/www.allscore.de\\\/shop\\\/produkt\\\/mondo-sangue-rosso-come-la-notte\\\/\",\"name\":\"Mondo Sangue - Rosso come la notte\",\"isPartOf\":{\"@id\":\"https:\\\/\\\/www.allscore.de\\\/shop\\\/#website\"},\"primaryImageOfPage\":{\"@id\":\"https:\\\/\\\/www.allscore.de\\\/shop\\\/produkt\\\/mondo-sangue-rosso-come-la-notte\\\/#primaryimage\"},\"image\":{\"@id\":\"https:\\\/\\\/www.allscore.de\\\/shop\\\/produkt\\\/mondo-sangue-rosso-come-la-notte\\\/#primaryimage\"},\"thumbnailUrl\":\"https:\\\/\\\/www.allscore.de\\\/shop\\\/wp-content\\\/uploads\\\/2021\\\/10\\\/ASM050_1200x1200.jpg\",\"datePublished\":\"2021-10-25T11:23:25+00:00\",\"dateModified\":\"2026-01-11T16:37:57+00:00\",\"description\":\"Schwarze 180g Vinyl-LP im opulenten Gatefold-Cover, limitiert auf 666 St\u00fcck, handnummeriert. Filmplakat und Downloadcode liegen bei.\",\"breadcrumb\":{\"@id\":\"https:\\\/\\\/www.allscore.de\\\/shop\\\/produkt\\\/mondo-sangue-rosso-come-la-notte\\\/#breadcrumb\"},\"inLanguage\":\"de\",\"potentialAction\":[{\"@type\":\"ReadAction\",\"target\":[\"https:\\\/\\\/www.allscore.de\\\/shop\\\/produkt\\\/mondo-sangue-rosso-come-la-notte\\\/\"]}]},{\"@type\":\"ImageObject\",\"inLanguage\":\"de\",\"@id\":\"https:\\\/\\\/www.allscore.de\\\/shop\\\/produkt\\\/mondo-sangue-rosso-come-la-notte\\\/#primaryimage\",\"url\":\"https:\\\/\\\/www.allscore.de\\\/shop\\\/wp-content\\\/uploads\\\/2021\\\/10\\\/ASM050_1200x1200.jpg\",\"contentUrl\":\"https:\\\/\\\/www.allscore.de\\\/shop\\\/wp-content\\\/uploads\\\/2021\\\/10\\\/ASM050_1200x1200.jpg\",\"width\":1200,\"height\":1200,\"caption\":\"Mondo Sangue - Giallo\"},{\"@type\":\"BreadcrumbList\",\"@id\":\"https:\\\/\\\/www.allscore.de\\\/shop\\\/produkt\\\/mondo-sangue-rosso-come-la-notte\\\/#breadcrumb\",\"itemListElement\":[{\"@type\":\"ListItem\",\"position\":1,\"name\":\"Startseite\",\"item\":\"https:\\\/\\\/www.allscore.de\\\/shop\\\/\"},{\"@type\":\"ListItem\",\"position\":2,\"name\":\"Produkte\",\"item\":\"https:\\\/\\\/www.allscore.de\\\/shop\\\/shop\\\/\"},{\"@type\":\"ListItem\",\"position\":3,\"name\":\"Mondo Sangue &#8211; Rosso come la notte\"}]},{\"@type\":\"WebSite\",\"@id\":\"https:\\\/\\\/www.allscore.de\\\/shop\\\/#website\",\"url\":\"https:\\\/\\\/www.allscore.de\\\/shop\\\/\",\"name\":\"Allscore Shop\",\"description\":\"All Score Media\",\"publisher\":{\"@id\":\"https:\\\/\\\/www.allscore.de\\\/shop\\\/#organization\"},\"potentialAction\":[{\"@type\":\"SearchAction\",\"target\":{\"@type\":\"EntryPoint\",\"urlTemplate\":\"https:\\\/\\\/www.allscore.de\\\/shop\\\/?s={search_term_string}\"},\"query-input\":{\"@type\":\"PropertyValueSpecification\",\"valueRequired\":true,\"valueName\":\"search_term_string\"}}],\"inLanguage\":\"de\"},{\"@type\":\"Organization\",\"@id\":\"https:\\\/\\\/www.allscore.de\\\/shop\\\/#organization\",\"name\":\"All Score Media\",\"alternateName\":\"Allscore\",\"url\":\"https:\\\/\\\/www.allscore.de\\\/shop\\\/\",\"logo\":{\"@type\":\"ImageObject\",\"inLanguage\":\"de\",\"@id\":\"https:\\\/\\\/www.allscore.de\\\/shop\\\/#\\\/schema\\\/logo\\\/image\\\/\",\"url\":\"https:\\\/\\\/www.allscore.de\\\/shop\\\/wp-content\\\/uploads\\\/2026\\\/01\\\/Logo_Yoast_Shop_2026.png\",\"contentUrl\":\"https:\\\/\\\/www.allscore.de\\\/shop\\\/wp-content\\\/uploads\\\/2026\\\/01\\\/Logo_Yoast_Shop_2026.png\",\"width\":696,\"height\":696,\"caption\":\"All Score Media\"},\"image\":{\"@id\":\"https:\\\/\\\/www.allscore.de\\\/shop\\\/#\\\/schema\\\/logo\\\/image\\\/\"}}]}<\/script>\n<!-- \/ Yoast SEO plugin. -->","yoast_head_json":{"title":"Mondo Sangue - Rosso come la notte","description":"Schwarze 180g Vinyl-LP im opulenten Gatefold-Cover, limitiert auf 666 St\u00fcck, handnummeriert. Filmplakat und Downloadcode liegen bei.","robots":{"index":"index","follow":"follow","max-snippet":"max-snippet:-1","max-image-preview":"max-image-preview:large","max-video-preview":"max-video-preview:-1"},"canonical":"https:\/\/www.allscore.de\/shop\/produkt\/mondo-sangue-rosso-come-la-notte\/","og_locale":"de_DE","og_type":"article","og_title":"Mondo Sangue - Rosso come la notte","og_description":"Schwarze 180g Vinyl-LP im opulenten Gatefold-Cover, limitiert auf 666 St\u00fcck, handnummeriert. Filmplakat und Downloadcode liegen bei.","og_url":"https:\/\/www.allscore.de\/shop\/produkt\/mondo-sangue-rosso-come-la-notte\/","og_site_name":"Allscore Shop","article_modified_time":"2026-01-11T16:37:57+00:00","og_image":[{"width":1200,"height":1200,"url":"https:\/\/www.allscore.de\/shop\/wp-content\/uploads\/2021\/10\/ASM050_1200x1200.jpg","type":"image\/jpeg"}],"twitter_card":"summary_large_image","twitter_misc":{"Gesch\u00e4tzte Lesezeit":"3\u00a0Minuten"},"schema":{"@context":"https:\/\/schema.org","@graph":[{"@type":"WebPage","@id":"https:\/\/www.allscore.de\/shop\/produkt\/mondo-sangue-rosso-come-la-notte\/","url":"https:\/\/www.allscore.de\/shop\/produkt\/mondo-sangue-rosso-come-la-notte\/","name":"Mondo Sangue - Rosso come la notte","isPartOf":{"@id":"https:\/\/www.allscore.de\/shop\/#website"},"primaryImageOfPage":{"@id":"https:\/\/www.allscore.de\/shop\/produkt\/mondo-sangue-rosso-come-la-notte\/#primaryimage"},"image":{"@id":"https:\/\/www.allscore.de\/shop\/produkt\/mondo-sangue-rosso-come-la-notte\/#primaryimage"},"thumbnailUrl":"https:\/\/www.allscore.de\/shop\/wp-content\/uploads\/2021\/10\/ASM050_1200x1200.jpg","datePublished":"2021-10-25T11:23:25+00:00","dateModified":"2026-01-11T16:37:57+00:00","description":"Schwarze 180g Vinyl-LP im opulenten Gatefold-Cover, limitiert auf 666 St\u00fcck, handnummeriert. Filmplakat und Downloadcode liegen bei.","breadcrumb":{"@id":"https:\/\/www.allscore.de\/shop\/produkt\/mondo-sangue-rosso-come-la-notte\/#breadcrumb"},"inLanguage":"de","potentialAction":[{"@type":"ReadAction","target":["https:\/\/www.allscore.de\/shop\/produkt\/mondo-sangue-rosso-come-la-notte\/"]}]},{"@type":"ImageObject","inLanguage":"de","@id":"https:\/\/www.allscore.de\/shop\/produkt\/mondo-sangue-rosso-come-la-notte\/#primaryimage","url":"https:\/\/www.allscore.de\/shop\/wp-content\/uploads\/2021\/10\/ASM050_1200x1200.jpg","contentUrl":"https:\/\/www.allscore.de\/shop\/wp-content\/uploads\/2021\/10\/ASM050_1200x1200.jpg","width":1200,"height":1200,"caption":"Mondo Sangue - Giallo"},{"@type":"BreadcrumbList","@id":"https:\/\/www.allscore.de\/shop\/produkt\/mondo-sangue-rosso-come-la-notte\/#breadcrumb","itemListElement":[{"@type":"ListItem","position":1,"name":"Startseite","item":"https:\/\/www.allscore.de\/shop\/"},{"@type":"ListItem","position":2,"name":"Produkte","item":"https:\/\/www.allscore.de\/shop\/shop\/"},{"@type":"ListItem","position":3,"name":"Mondo Sangue &#8211; Rosso come la notte"}]},{"@type":"WebSite","@id":"https:\/\/www.allscore.de\/shop\/#website","url":"https:\/\/www.allscore.de\/shop\/","name":"Allscore Shop","description":"All Score Media","publisher":{"@id":"https:\/\/www.allscore.de\/shop\/#organization"},"potentialAction":[{"@type":"SearchAction","target":{"@type":"EntryPoint","urlTemplate":"https:\/\/www.allscore.de\/shop\/?s={search_term_string}"},"query-input":{"@type":"PropertyValueSpecification","valueRequired":true,"valueName":"search_term_string"}}],"inLanguage":"de"},{"@type":"Organization","@id":"https:\/\/www.allscore.de\/shop\/#organization","name":"All Score Media","alternateName":"Allscore","url":"https:\/\/www.allscore.de\/shop\/","logo":{"@type":"ImageObject","inLanguage":"de","@id":"https:\/\/www.allscore.de\/shop\/#\/schema\/logo\/image\/","url":"https:\/\/www.allscore.de\/shop\/wp-content\/uploads\/2026\/01\/Logo_Yoast_Shop_2026.png","contentUrl":"https:\/\/www.allscore.de\/shop\/wp-content\/uploads\/2026\/01\/Logo_Yoast_Shop_2026.png","width":696,"height":696,"caption":"All Score Media"},"image":{"@id":"https:\/\/www.allscore.de\/shop\/#\/schema\/logo\/image\/"}}]}},"_links":{"self":[{"href":"https:\/\/www.allscore.de\/shop\/wp-json\/wp\/v2\/product\/10379","targetHints":{"allow":["GET"]}}],"collection":[{"href":"https:\/\/www.allscore.de\/shop\/wp-json\/wp\/v2\/product"}],"about":[{"href":"https:\/\/www.allscore.de\/shop\/wp-json\/wp\/v2\/types\/product"}],"wp:featuredmedia":[{"embeddable":true,"href":"https:\/\/www.allscore.de\/shop\/wp-json\/wp\/v2\/media\/10381"}],"wp:attachment":[{"href":"https:\/\/www.allscore.de\/shop\/wp-json\/wp\/v2\/media?parent=10379"}],"wp:term":[{"taxonomy":"product_brand","embeddable":true,"href":"https:\/\/www.allscore.de\/shop\/wp-json\/wp\/v2\/product_brand?post=10379"},{"taxonomy":"product_cat","embeddable":true,"href":"https:\/\/www.allscore.de\/shop\/wp-json\/wp\/v2\/product_cat?post=10379"},{"taxonomy":"product_tag","embeddable":true,"href":"https:\/\/www.allscore.de\/shop\/wp-json\/wp\/v2\/product_tag?post=10379"}],"curies":[{"name":"wp","href":"https:\/\/api.w.org\/{rel}","templated":true}]}}