{"id":10137,"date":"2025-03-12T15:45:18","date_gmt":"2025-03-12T14:45:18","guid":{"rendered":"https:\/\/www.allscore.de\/shop\/?post_type=product&#038;p=10137"},"modified":"2025-10-24T19:12:55","modified_gmt":"2025-10-24T17:12:55","slug":"geister-schocker-abonnement","status":"publish","type":"product","link":"https:\/\/www.allscore.de\/shop\/produkt\/geister-schocker-abonnement\/","title":{"rendered":"Geister-Schocker &#8211; ABONNEMENT"},"content":{"rendered":"<p>Geister-Schocker &#8211; ABONNEMENT<\/p>\n<p>Mit diesem H\u00f6rspiel-CD-Abonnement erhalten Sie jede neue Geister-Schocker-Folge bis sp\u00e4testens zum Erscheinungstermin automatisch nach Hause geliefert.<\/p>\n<p>Wenn nicht anders angegeben, beginnt das Abonnement mit der Folge, die als n\u00e4chstes erscheint.<br \/>\nSoll das Abonnement mit einer anderen Folge beginnen, teilen Sie uns dies bitte beim Bestellen an der &#8222;Kasse&#8220; unter &#8222;Anmerkungen zur Bestellung&#8220; oder vorab per E-Mail mit.<\/p>\n<p>Der Preis pro CD betr\u00e4gt 9,90 Euro (inklusive MwSt.) zuz\u00fcglich 2,00 Euro f\u00fcr den Versand (in Deutschland).<\/p>\n<p>Die erste Folge Ihres Abonnements k\u00f6nnen Sie hier im Online-Shop per Paypal oder Bank\u00fcberweisung bezahlen.<br \/>\nAlle weiteren Folgen werden dann bequem im Lastschriftverfahren von Ihrem Konto abgebucht. Bez\u00fcglich des entsprechenden Lastschriftmandats kommen wir per E-Mail auf Sie zu.<\/p>\n<p>Dieses Abonnement kann jederzeit bis 14 Tage vor Erscheinen der n\u00e4chsten Folge formlos per E-Mail oder postalisch gek\u00fcndigt werden.<\/p>\n","protected":false},"excerpt":{"rendered":"<p>Geister-Schocker &#8211; ABONNEMENT Mit diesem H\u00f6rspiel-CD-Abonnement erhalten Sie jede neue Geister-Schocker-Folge bis sp\u00e4testens zum Erscheinungstermin automatisch nach Hause geliefert. Wenn nicht anders angegeben, beginnt das Abonnement mit der Folge, die als n\u00e4chstes erscheint. Soll das Abonnement mit einer anderen Folge beginnen, teilen Sie uns dies bitte beim Bestellen an der &#8222;Kasse&#8220; unter &#8222;Anmerkungen zur Bestellung&#8220;&#8230;<\/p>\n<p><a rel=\"bookmark\" class=\"vonzot-button-simple wvc-button wvc-button-size-sm\" href=\"https:\/\/www.allscore.de\/shop\/produkt\/geister-schocker-abonnement\/\"><span>Read more<\/span><\/a><\/p>\n","protected":false},"featured_media":10343,"template":"","meta":[],"product_brand":[],"product_cat":[74,72],"product_tag":[430],"class_list":{"0":"post-10137","1":"product","2":"type-product","3":"status-publish","4":"has-post-thumbnail","6":"product_cat-geister-schocker","7":"product_cat-hoerspiele","8":"product_tag-abonnement","9":"product_shipping_class-tontraeger-cd","10":"entry","11":"clearfix","12":"entry-grid","13":"entry-columns-3","14":"entry-product-module-layout-sidebar-right","15":"thumbnail-color-tone-dark","16":"entry-product","18":"entry-product-grid","20":"first","21":"instock","22":"taxable","23":"shipping-taxable","24":"purchasable","25":"product-type-simple"},"yoast_head":"<!-- This site is optimized with the Yoast SEO plugin v27.3 - https:\/\/yoast.com\/product\/yoast-seo-wordpress\/ -->\n<title>Geister-Schocker - ABONNEMENT<\/title>\n<meta name=\"description\" content=\"Geister-Schocker - ABONNEMENT Mit diesem H\u00f6rspiel-CD-Abonnement erhalten Sie jede neue Geister-Schocker-Folge bis sp\u00e4testens zum Erscheinungstermin\" \/>\n<meta name=\"robots\" content=\"index, follow, max-snippet:-1, max-image-preview:large, max-video-preview:-1\" \/>\n<link rel=\"canonical\" href=\"https:\/\/www.allscore.de\/shop\/produkt\/geister-schocker-abonnement\/\" \/>\n<meta property=\"og:locale\" content=\"de_DE\" \/>\n<meta property=\"og:type\" content=\"article\" \/>\n<meta property=\"og:title\" content=\"Geister-Schocker - ABONNEMENT\" \/>\n<meta property=\"og:description\" content=\"Geister-Schocker - ABONNEMENT Mit diesem H\u00f6rspiel-CD-Abonnement erhalten Sie jede neue Geister-Schocker-Folge bis sp\u00e4testens zum Erscheinungstermin\" \/>\n<meta property=\"og:url\" content=\"https:\/\/www.allscore.de\/shop\/produkt\/geister-schocker-abonnement\/\" \/>\n<meta property=\"og:site_name\" content=\"Allscore Shop\" \/>\n<meta property=\"article:modified_time\" content=\"2025-10-24T17:12:55+00:00\" \/>\n<meta property=\"og:image\" content=\"https:\/\/www.allscore.de\/shop\/wp-content\/uploads\/2021\/08\/GS-ABO_1200px.jpg\" \/>\n\t<meta property=\"og:image:width\" content=\"1200\" \/>\n\t<meta property=\"og:image:height\" content=\"1200\" \/>\n\t<meta property=\"og:image:type\" content=\"image\/jpeg\" \/>\n<meta name=\"twitter:card\" content=\"summary_large_image\" \/>\n<meta name=\"twitter:label1\" content=\"Gesch\u00e4tzte Lesezeit\" \/>\n\t<meta name=\"twitter:data1\" content=\"1\u00a0Minute\" \/>\n<script type=\"application\/ld+json\" class=\"yoast-schema-graph\">{\"@context\":\"https:\\\/\\\/schema.org\",\"@graph\":[{\"@type\":\"WebPage\",\"@id\":\"https:\\\/\\\/www.allscore.de\\\/shop\\\/produkt\\\/geister-schocker-abonnement\\\/\",\"url\":\"https:\\\/\\\/www.allscore.de\\\/shop\\\/produkt\\\/geister-schocker-abonnement\\\/\",\"name\":\"Geister-Schocker - ABONNEMENT\",\"isPartOf\":{\"@id\":\"https:\\\/\\\/www.allscore.de\\\/shop\\\/#website\"},\"primaryImageOfPage\":{\"@id\":\"https:\\\/\\\/www.allscore.de\\\/shop\\\/produkt\\\/geister-schocker-abonnement\\\/#primaryimage\"},\"image\":{\"@id\":\"https:\\\/\\\/www.allscore.de\\\/shop\\\/produkt\\\/geister-schocker-abonnement\\\/#primaryimage\"},\"thumbnailUrl\":\"https:\\\/\\\/www.allscore.de\\\/shop\\\/wp-content\\\/uploads\\\/2021\\\/08\\\/GS-ABO_1200px.jpg\",\"datePublished\":\"2025-03-12T14:45:18+00:00\",\"dateModified\":\"2025-10-24T17:12:55+00:00\",\"description\":\"Geister-Schocker - ABONNEMENT Mit diesem H\u00f6rspiel-CD-Abonnement erhalten Sie jede neue Geister-Schocker-Folge bis sp\u00e4testens zum Erscheinungstermin\",\"breadcrumb\":{\"@id\":\"https:\\\/\\\/www.allscore.de\\\/shop\\\/produkt\\\/geister-schocker-abonnement\\\/#breadcrumb\"},\"inLanguage\":\"de\",\"potentialAction\":[{\"@type\":\"ReadAction\",\"target\":[\"https:\\\/\\\/www.allscore.de\\\/shop\\\/produkt\\\/geister-schocker-abonnement\\\/\"]}]},{\"@type\":\"ImageObject\",\"inLanguage\":\"de\",\"@id\":\"https:\\\/\\\/www.allscore.de\\\/shop\\\/produkt\\\/geister-schocker-abonnement\\\/#primaryimage\",\"url\":\"https:\\\/\\\/www.allscore.de\\\/shop\\\/wp-content\\\/uploads\\\/2021\\\/08\\\/GS-ABO_1200px.jpg\",\"contentUrl\":\"https:\\\/\\\/www.allscore.de\\\/shop\\\/wp-content\\\/uploads\\\/2021\\\/08\\\/GS-ABO_1200px.jpg\",\"width\":1200,\"height\":1200,\"caption\":\"Geister-Schocker ABO\"},{\"@type\":\"BreadcrumbList\",\"@id\":\"https:\\\/\\\/www.allscore.de\\\/shop\\\/produkt\\\/geister-schocker-abonnement\\\/#breadcrumb\",\"itemListElement\":[{\"@type\":\"ListItem\",\"position\":1,\"name\":\"Startseite\",\"item\":\"https:\\\/\\\/www.allscore.de\\\/shop\\\/\"},{\"@type\":\"ListItem\",\"position\":2,\"name\":\"Produkte\",\"item\":\"https:\\\/\\\/www.allscore.de\\\/shop\\\/shop\\\/\"},{\"@type\":\"ListItem\",\"position\":3,\"name\":\"Geister-Schocker &#8211; ABONNEMENT\"}]},{\"@type\":\"WebSite\",\"@id\":\"https:\\\/\\\/www.allscore.de\\\/shop\\\/#website\",\"url\":\"https:\\\/\\\/www.allscore.de\\\/shop\\\/\",\"name\":\"Allscore Shop\",\"description\":\"All Score Media\",\"publisher\":{\"@id\":\"https:\\\/\\\/www.allscore.de\\\/shop\\\/#organization\"},\"potentialAction\":[{\"@type\":\"SearchAction\",\"target\":{\"@type\":\"EntryPoint\",\"urlTemplate\":\"https:\\\/\\\/www.allscore.de\\\/shop\\\/?s={search_term_string}\"},\"query-input\":{\"@type\":\"PropertyValueSpecification\",\"valueRequired\":true,\"valueName\":\"search_term_string\"}}],\"inLanguage\":\"de\"},{\"@type\":\"Organization\",\"@id\":\"https:\\\/\\\/www.allscore.de\\\/shop\\\/#organization\",\"name\":\"All Score Media\",\"alternateName\":\"Allscore\",\"url\":\"https:\\\/\\\/www.allscore.de\\\/shop\\\/\",\"logo\":{\"@type\":\"ImageObject\",\"inLanguage\":\"de\",\"@id\":\"https:\\\/\\\/www.allscore.de\\\/shop\\\/#\\\/schema\\\/logo\\\/image\\\/\",\"url\":\"https:\\\/\\\/www.allscore.de\\\/shop\\\/wp-content\\\/uploads\\\/2026\\\/01\\\/Logo_Yoast_Shop_2026.png\",\"contentUrl\":\"https:\\\/\\\/www.allscore.de\\\/shop\\\/wp-content\\\/uploads\\\/2026\\\/01\\\/Logo_Yoast_Shop_2026.png\",\"width\":696,\"height\":696,\"caption\":\"All Score Media\"},\"image\":{\"@id\":\"https:\\\/\\\/www.allscore.de\\\/shop\\\/#\\\/schema\\\/logo\\\/image\\\/\"}}]}<\/script>\n<!-- \/ Yoast SEO plugin. -->","yoast_head_json":{"title":"Geister-Schocker - ABONNEMENT","description":"Geister-Schocker - ABONNEMENT Mit diesem H\u00f6rspiel-CD-Abonnement erhalten Sie jede neue Geister-Schocker-Folge bis sp\u00e4testens zum Erscheinungstermin","robots":{"index":"index","follow":"follow","max-snippet":"max-snippet:-1","max-image-preview":"max-image-preview:large","max-video-preview":"max-video-preview:-1"},"canonical":"https:\/\/www.allscore.de\/shop\/produkt\/geister-schocker-abonnement\/","og_locale":"de_DE","og_type":"article","og_title":"Geister-Schocker - ABONNEMENT","og_description":"Geister-Schocker - ABONNEMENT Mit diesem H\u00f6rspiel-CD-Abonnement erhalten Sie jede neue Geister-Schocker-Folge bis sp\u00e4testens zum Erscheinungstermin","og_url":"https:\/\/www.allscore.de\/shop\/produkt\/geister-schocker-abonnement\/","og_site_name":"Allscore Shop","article_modified_time":"2025-10-24T17:12:55+00:00","og_image":[{"width":1200,"height":1200,"url":"https:\/\/www.allscore.de\/shop\/wp-content\/uploads\/2021\/08\/GS-ABO_1200px.jpg","type":"image\/jpeg"}],"twitter_card":"summary_large_image","twitter_misc":{"Gesch\u00e4tzte Lesezeit":"1\u00a0Minute"},"schema":{"@context":"https:\/\/schema.org","@graph":[{"@type":"WebPage","@id":"https:\/\/www.allscore.de\/shop\/produkt\/geister-schocker-abonnement\/","url":"https:\/\/www.allscore.de\/shop\/produkt\/geister-schocker-abonnement\/","name":"Geister-Schocker - ABONNEMENT","isPartOf":{"@id":"https:\/\/www.allscore.de\/shop\/#website"},"primaryImageOfPage":{"@id":"https:\/\/www.allscore.de\/shop\/produkt\/geister-schocker-abonnement\/#primaryimage"},"image":{"@id":"https:\/\/www.allscore.de\/shop\/produkt\/geister-schocker-abonnement\/#primaryimage"},"thumbnailUrl":"https:\/\/www.allscore.de\/shop\/wp-content\/uploads\/2021\/08\/GS-ABO_1200px.jpg","datePublished":"2025-03-12T14:45:18+00:00","dateModified":"2025-10-24T17:12:55+00:00","description":"Geister-Schocker - ABONNEMENT Mit diesem H\u00f6rspiel-CD-Abonnement erhalten Sie jede neue Geister-Schocker-Folge bis sp\u00e4testens zum Erscheinungstermin","breadcrumb":{"@id":"https:\/\/www.allscore.de\/shop\/produkt\/geister-schocker-abonnement\/#breadcrumb"},"inLanguage":"de","potentialAction":[{"@type":"ReadAction","target":["https:\/\/www.allscore.de\/shop\/produkt\/geister-schocker-abonnement\/"]}]},{"@type":"ImageObject","inLanguage":"de","@id":"https:\/\/www.allscore.de\/shop\/produkt\/geister-schocker-abonnement\/#primaryimage","url":"https:\/\/www.allscore.de\/shop\/wp-content\/uploads\/2021\/08\/GS-ABO_1200px.jpg","contentUrl":"https:\/\/www.allscore.de\/shop\/wp-content\/uploads\/2021\/08\/GS-ABO_1200px.jpg","width":1200,"height":1200,"caption":"Geister-Schocker ABO"},{"@type":"BreadcrumbList","@id":"https:\/\/www.allscore.de\/shop\/produkt\/geister-schocker-abonnement\/#breadcrumb","itemListElement":[{"@type":"ListItem","position":1,"name":"Startseite","item":"https:\/\/www.allscore.de\/shop\/"},{"@type":"ListItem","position":2,"name":"Produkte","item":"https:\/\/www.allscore.de\/shop\/shop\/"},{"@type":"ListItem","position":3,"name":"Geister-Schocker &#8211; ABONNEMENT"}]},{"@type":"WebSite","@id":"https:\/\/www.allscore.de\/shop\/#website","url":"https:\/\/www.allscore.de\/shop\/","name":"Allscore Shop","description":"All Score Media","publisher":{"@id":"https:\/\/www.allscore.de\/shop\/#organization"},"potentialAction":[{"@type":"SearchAction","target":{"@type":"EntryPoint","urlTemplate":"https:\/\/www.allscore.de\/shop\/?s={search_term_string}"},"query-input":{"@type":"PropertyValueSpecification","valueRequired":true,"valueName":"search_term_string"}}],"inLanguage":"de"},{"@type":"Organization","@id":"https:\/\/www.allscore.de\/shop\/#organization","name":"All Score Media","alternateName":"Allscore","url":"https:\/\/www.allscore.de\/shop\/","logo":{"@type":"ImageObject","inLanguage":"de","@id":"https:\/\/www.allscore.de\/shop\/#\/schema\/logo\/image\/","url":"https:\/\/www.allscore.de\/shop\/wp-content\/uploads\/2026\/01\/Logo_Yoast_Shop_2026.png","contentUrl":"https:\/\/www.allscore.de\/shop\/wp-content\/uploads\/2026\/01\/Logo_Yoast_Shop_2026.png","width":696,"height":696,"caption":"All Score Media"},"image":{"@id":"https:\/\/www.allscore.de\/shop\/#\/schema\/logo\/image\/"}}]}},"_links":{"self":[{"href":"https:\/\/www.allscore.de\/shop\/wp-json\/wp\/v2\/product\/10137","targetHints":{"allow":["GET"]}}],"collection":[{"href":"https:\/\/www.allscore.de\/shop\/wp-json\/wp\/v2\/product"}],"about":[{"href":"https:\/\/www.allscore.de\/shop\/wp-json\/wp\/v2\/types\/product"}],"wp:featuredmedia":[{"embeddable":true,"href":"https:\/\/www.allscore.de\/shop\/wp-json\/wp\/v2\/media\/10343"}],"wp:attachment":[{"href":"https:\/\/www.allscore.de\/shop\/wp-json\/wp\/v2\/media?parent=10137"}],"wp:term":[{"taxonomy":"product_brand","embeddable":true,"href":"https:\/\/www.allscore.de\/shop\/wp-json\/wp\/v2\/product_brand?post=10137"},{"taxonomy":"product_cat","embeddable":true,"href":"https:\/\/www.allscore.de\/shop\/wp-json\/wp\/v2\/product_cat?post=10137"},{"taxonomy":"product_tag","embeddable":true,"href":"https:\/\/www.allscore.de\/shop\/wp-json\/wp\/v2\/product_tag?post=10137"}],"curies":[{"name":"wp","href":"https:\/\/api.w.org\/{rel}","templated":true}]}}