{"id":10061,"date":"2005-07-01T17:51:20","date_gmt":"2005-07-01T15:51:20","guid":{"rendered":"https:\/\/www.allscore.de\/shop\/?post_type=product&#038;p=10061"},"modified":"2025-11-20T14:39:41","modified_gmt":"2025-11-20T13:39:41","slug":"the-kilaueas-profesor-volcanova","status":"publish","type":"product","link":"https:\/\/www.allscore.de\/shop\/produkt\/the-kilaueas-profesor-volcanova\/","title":{"rendered":"The Kilaueas &#8211; Profesor Volcanova"},"content":{"rendered":"<p>PRESSE<\/p>\n<p>Lift [07\/05]: &#8222;wunderbare Melodien, wie sie nicht mal Surf-Gitarren-Legende Dick Dale f\u00fcr den &#8222;Pulp Fiction&#8220;-Soundtrack hinbekommen hat.&#8220;<\/p>\n<p>Notes [06\/05]: &#8222;Das ist instrumentaler Surf der besten Sorte&#8230;&#8220;<\/p>\n<p>OX Fanzine [04\/2005]: &#8222;Sehr cool. Dann echter Lava-Agenten-Bond-Sound. Wummert aus den Boxen. Schnell und gef\u00e4hrlich.&#8220;<\/p>\n<p>Whirlypop [2005]: &#8222;\u2026dieser wuchtige, euphorische und mitrei\u00dfende Retro-Gitarrensound ist halt auch derma\u00dfen partytauglich, die fette Produktion und die beachtliche Hitdichte tun ein \u00dcbriges.&#8220;<\/p>\n<p>Gitarre und Bass [08\/2006]: &#8222;Diese Band klingt nicht nur abgefahren, hat Humor und eine wirklich originelle Art sich selbst zu pr\u00e4sentieren \u2013 ihr aktuelles, drittes Album ,Las Excentricas Aventuras Del Profesor Volcanova\u2018 ist auch noch allerbestes instrumentales Surf-Kino in HiFi-Stereo.&#8220; &#8222;Es lebe die Hallspirale!&#8220;<\/p>\n","protected":false},"excerpt":{"rendered":"<p>Reverb Drenched Magmaphonic High Energy Instrumental Surf Music<\/p>\n<p>Mit \u201eProfesor Volcanova\u201c erschien 2005 das Meisterst\u00fcck der Kilaueas. Dem H\u00f6rer wird die gesamte Bandbreite der Surfmusik geboten. Von schnellen High-Energy Surfbrechern \u00fcber Agentensounds bis hin zu soundtrackartigen und atmosph\u00e4rischen Surftunes wird nichts ausgelassen! Ihrem Faible f\u00fcr Spaghetti Western fr\u00f6nen die Kilaueas mit dem opulenten \u201eEl Hombre Invisible\u201c, dem perfekten Soundtrack f\u00fcr ein Django Remake. Dass dies live, mit dem feuerspeienden hawaiianischen Vulkan \u201eKilauea\u201c und ausschlie\u00dflich original 60er Jahre Equipment auf der B\u00fchne, ein energiegeladenes tanzbares Spektakel ohne Gleichen ist, konnten und k\u00f6nnen die 4 Surfagenten auf unz\u00e4hligen Konzerten seit 1998 beweisen.<\/p>\n<p>Knalliges retro Comic-Art Cover. Das limitierte lava-farbige Vinyl entsteht durch das Zusammenfliessen mehrerer Farben beim Pressen. Jede Scheibe ein Unikat!<\/p>\n<p><img decoding=\"async\" src=\"https:\/\/www.allscore.de\/upload\/Kilaueas_LP_2005.jpg\" alt=\"https:\/\/www.allscore.de\/upload\/Kilaueas_LP_2005.jpg\" \/><\/p>\n<p>Dies sind die allerletzten original-eingeschwei\u00dften Exemplare, die in den Untiefen unseres Lagers aufgetaucht sind!<\/p>\n","protected":false},"featured_media":10064,"template":"","meta":[],"product_brand":[],"product_cat":[49,428,153,100],"product_tag":[233],"class_list":{"0":"post-10061","1":"product","2":"type-product","3":"status-publish","4":"has-post-thumbnail","6":"product_cat-bands","7":"product_cat-raritaeten","8":"product_cat-specials","9":"product_cat-the-kilaueas","10":"product_tag-surf","11":"product_shipping_class-tontraeger-schallplatte","12":"entry","13":"clearfix","14":"entry-grid","15":"entry-columns-3","16":"entry-product-module-layout-sidebar-right","17":"thumbnail-color-tone-dark","18":"entry-product","20":"entry-product-grid","22":"first","23":"instock","24":"taxable","25":"shipping-taxable","26":"purchasable","27":"product-type-simple"},"yoast_head":"<!-- This site is optimized with the Yoast SEO plugin v27.3 - https:\/\/yoast.com\/product\/yoast-seo-wordpress\/ -->\n<title>The Kilaueas - Profesor Volcanova<\/title>\n<meta name=\"description\" content=\"Reverb Drenched Magmaphonic High Energy Instrumental Surf Music  Mit \u201eProfesor Volcanova\u201c erschien 2005 das Meisterst\u00fcck der Kilaueas. Dem H\u00f6rer wird die gesamte Bandbreite der Surfmusik geboten. Von schnellen High-Energy Surfbrechern \u00fcber Agentensounds bis hin zu soundtrackartigen und atmosph\u00e4rischen Surftunes wird nichts ausgelassen! Ihrem Faible f\u00fcr Spaghetti Western fr\u00f6nen die Kilaueas mit dem opulenten \u201eEl Hombre Invisible\u201c, dem perfekten Soundtrack f\u00fcr ein Django Remake. Dass dies live, mit dem feuerspeienden hawaiianischen Vulkan \u201eKilauea\u201c und ausschlie\u00dflich original 60er Jahre Equipment auf der B\u00fchne, ein energiegeladenes tanzbares Spektakel ohne Gleichen ist, konnten und k\u00f6nnen die 4 Surfagenten auf unz\u00e4hligen Konzerten seit 1998 beweisen.  Knalliges retro Comic-Art Cover. Das limitierte lava-farbige Vinyl entsteht durch das Zusammenfliessen mehrerer Farben beim Pressen. Jede Scheibe ein Unikat!    Dies sind die allerletzten original-eingeschwei\u00dften Exemplare, die in den Untiefen unseres Lagers aufgetaucht sind!\" \/>\n<meta name=\"robots\" content=\"index, follow, max-snippet:-1, max-image-preview:large, max-video-preview:-1\" \/>\n<link rel=\"canonical\" href=\"https:\/\/www.allscore.de\/shop\/produkt\/the-kilaueas-profesor-volcanova\/\" \/>\n<meta property=\"og:locale\" content=\"de_DE\" \/>\n<meta property=\"og:type\" content=\"article\" \/>\n<meta property=\"og:title\" content=\"The Kilaueas - Profesor Volcanova\" \/>\n<meta property=\"og:description\" content=\"Reverb Drenched Magmaphonic High Energy Instrumental Surf Music  Mit \u201eProfesor Volcanova\u201c erschien 2005 das Meisterst\u00fcck der Kilaueas. Dem H\u00f6rer wird die gesamte Bandbreite der Surfmusik geboten. Von schnellen High-Energy Surfbrechern \u00fcber Agentensounds bis hin zu soundtrackartigen und atmosph\u00e4rischen Surftunes wird nichts ausgelassen! Ihrem Faible f\u00fcr Spaghetti Western fr\u00f6nen die Kilaueas mit dem opulenten \u201eEl Hombre Invisible\u201c, dem perfekten Soundtrack f\u00fcr ein Django Remake. Dass dies live, mit dem feuerspeienden hawaiianischen Vulkan \u201eKilauea\u201c und ausschlie\u00dflich original 60er Jahre Equipment auf der B\u00fchne, ein energiegeladenes tanzbares Spektakel ohne Gleichen ist, konnten und k\u00f6nnen die 4 Surfagenten auf unz\u00e4hligen Konzerten seit 1998 beweisen.  Knalliges retro Comic-Art Cover. Das limitierte lava-farbige Vinyl entsteht durch das Zusammenfliessen mehrerer Farben beim Pressen. Jede Scheibe ein Unikat!    Dies sind die allerletzten original-eingeschwei\u00dften Exemplare, die in den Untiefen unseres Lagers aufgetaucht sind!\" \/>\n<meta property=\"og:url\" content=\"https:\/\/www.allscore.de\/shop\/produkt\/the-kilaueas-profesor-volcanova\/\" \/>\n<meta property=\"og:site_name\" content=\"Allscore Shop\" \/>\n<meta property=\"article:modified_time\" content=\"2025-11-20T13:39:41+00:00\" \/>\n<meta property=\"og:image\" content=\"https:\/\/www.allscore.de\/shop\/wp-content\/uploads\/2021\/07\/ASM022_1200px-Rahmen.jpg\" \/>\n\t<meta property=\"og:image:width\" content=\"1200\" \/>\n\t<meta property=\"og:image:height\" content=\"1200\" \/>\n\t<meta property=\"og:image:type\" content=\"image\/jpeg\" \/>\n<meta name=\"twitter:card\" content=\"summary_large_image\" \/>\n<meta name=\"twitter:label1\" content=\"Gesch\u00e4tzte Lesezeit\" \/>\n\t<meta name=\"twitter:data1\" content=\"1\u00a0Minute\" \/>\n<script type=\"application\/ld+json\" class=\"yoast-schema-graph\">{\"@context\":\"https:\\\/\\\/schema.org\",\"@graph\":[{\"@type\":\"WebPage\",\"@id\":\"https:\\\/\\\/www.allscore.de\\\/shop\\\/produkt\\\/the-kilaueas-profesor-volcanova\\\/\",\"url\":\"https:\\\/\\\/www.allscore.de\\\/shop\\\/produkt\\\/the-kilaueas-profesor-volcanova\\\/\",\"name\":\"The Kilaueas - Profesor Volcanova\",\"isPartOf\":{\"@id\":\"https:\\\/\\\/www.allscore.de\\\/shop\\\/#website\"},\"primaryImageOfPage\":{\"@id\":\"https:\\\/\\\/www.allscore.de\\\/shop\\\/produkt\\\/the-kilaueas-profesor-volcanova\\\/#primaryimage\"},\"image\":{\"@id\":\"https:\\\/\\\/www.allscore.de\\\/shop\\\/produkt\\\/the-kilaueas-profesor-volcanova\\\/#primaryimage\"},\"thumbnailUrl\":\"https:\\\/\\\/www.allscore.de\\\/shop\\\/wp-content\\\/uploads\\\/2021\\\/07\\\/ASM022_1200px-Rahmen.jpg\",\"datePublished\":\"2005-07-01T15:51:20+00:00\",\"dateModified\":\"2025-11-20T13:39:41+00:00\",\"description\":\"Reverb Drenched Magmaphonic High Energy Instrumental Surf Music Mit \u201eProfesor Volcanova\u201c erschien 2005 das Meisterst\u00fcck der Kilaueas. Dem H\u00f6rer wird die gesamte Bandbreite der Surfmusik geboten. Von schnellen High-Energy Surfbrechern \u00fcber Agentensounds bis hin zu soundtrackartigen und atmosph\u00e4rischen Surftunes wird nichts ausgelassen! Ihrem Faible f\u00fcr Spaghetti Western fr\u00f6nen die Kilaueas mit dem opulenten \u201eEl Hombre Invisible\u201c, dem perfekten Soundtrack f\u00fcr ein Django Remake. Dass dies live, mit dem feuerspeienden hawaiianischen Vulkan \u201eKilauea\u201c und ausschlie\u00dflich original 60er Jahre Equipment auf der B\u00fchne, ein energiegeladenes tanzbares Spektakel ohne Gleichen ist, konnten und k\u00f6nnen die 4 Surfagenten auf unz\u00e4hligen Konzerten seit 1998 beweisen. Knalliges retro Comic-Art Cover. Das limitierte lava-farbige Vinyl entsteht durch das Zusammenfliessen mehrerer Farben beim Pressen. Jede Scheibe ein Unikat! Dies sind die allerletzten original-eingeschwei\u00dften Exemplare, die in den Untiefen unseres Lagers aufgetaucht sind!\",\"breadcrumb\":{\"@id\":\"https:\\\/\\\/www.allscore.de\\\/shop\\\/produkt\\\/the-kilaueas-profesor-volcanova\\\/#breadcrumb\"},\"inLanguage\":\"de\",\"potentialAction\":[{\"@type\":\"ReadAction\",\"target\":[\"https:\\\/\\\/www.allscore.de\\\/shop\\\/produkt\\\/the-kilaueas-profesor-volcanova\\\/\"]}]},{\"@type\":\"ImageObject\",\"inLanguage\":\"de\",\"@id\":\"https:\\\/\\\/www.allscore.de\\\/shop\\\/produkt\\\/the-kilaueas-profesor-volcanova\\\/#primaryimage\",\"url\":\"https:\\\/\\\/www.allscore.de\\\/shop\\\/wp-content\\\/uploads\\\/2021\\\/07\\\/ASM022_1200px-Rahmen.jpg\",\"contentUrl\":\"https:\\\/\\\/www.allscore.de\\\/shop\\\/wp-content\\\/uploads\\\/2021\\\/07\\\/ASM022_1200px-Rahmen.jpg\",\"width\":1200,\"height\":1200,\"caption\":\"Kilaueas - Profesor Volcanova\"},{\"@type\":\"BreadcrumbList\",\"@id\":\"https:\\\/\\\/www.allscore.de\\\/shop\\\/produkt\\\/the-kilaueas-profesor-volcanova\\\/#breadcrumb\",\"itemListElement\":[{\"@type\":\"ListItem\",\"position\":1,\"name\":\"Startseite\",\"item\":\"https:\\\/\\\/www.allscore.de\\\/shop\\\/\"},{\"@type\":\"ListItem\",\"position\":2,\"name\":\"Produkte\",\"item\":\"https:\\\/\\\/www.allscore.de\\\/shop\\\/shop\\\/\"},{\"@type\":\"ListItem\",\"position\":3,\"name\":\"The Kilaueas &#8211; Profesor Volcanova\"}]},{\"@type\":\"WebSite\",\"@id\":\"https:\\\/\\\/www.allscore.de\\\/shop\\\/#website\",\"url\":\"https:\\\/\\\/www.allscore.de\\\/shop\\\/\",\"name\":\"Allscore Shop\",\"description\":\"All Score Media\",\"publisher\":{\"@id\":\"https:\\\/\\\/www.allscore.de\\\/shop\\\/#organization\"},\"potentialAction\":[{\"@type\":\"SearchAction\",\"target\":{\"@type\":\"EntryPoint\",\"urlTemplate\":\"https:\\\/\\\/www.allscore.de\\\/shop\\\/?s={search_term_string}\"},\"query-input\":{\"@type\":\"PropertyValueSpecification\",\"valueRequired\":true,\"valueName\":\"search_term_string\"}}],\"inLanguage\":\"de\"},{\"@type\":\"Organization\",\"@id\":\"https:\\\/\\\/www.allscore.de\\\/shop\\\/#organization\",\"name\":\"All Score Media\",\"alternateName\":\"Allscore\",\"url\":\"https:\\\/\\\/www.allscore.de\\\/shop\\\/\",\"logo\":{\"@type\":\"ImageObject\",\"inLanguage\":\"de\",\"@id\":\"https:\\\/\\\/www.allscore.de\\\/shop\\\/#\\\/schema\\\/logo\\\/image\\\/\",\"url\":\"https:\\\/\\\/www.allscore.de\\\/shop\\\/wp-content\\\/uploads\\\/2026\\\/01\\\/Logo_Yoast_Shop_2026.png\",\"contentUrl\":\"https:\\\/\\\/www.allscore.de\\\/shop\\\/wp-content\\\/uploads\\\/2026\\\/01\\\/Logo_Yoast_Shop_2026.png\",\"width\":696,\"height\":696,\"caption\":\"All Score Media\"},\"image\":{\"@id\":\"https:\\\/\\\/www.allscore.de\\\/shop\\\/#\\\/schema\\\/logo\\\/image\\\/\"}}]}<\/script>\n<!-- \/ Yoast SEO plugin. -->","yoast_head_json":{"title":"The Kilaueas - Profesor Volcanova","description":"Reverb Drenched Magmaphonic High Energy Instrumental Surf Music  Mit \u201eProfesor Volcanova\u201c erschien 2005 das Meisterst\u00fcck der Kilaueas. Dem H\u00f6rer wird die gesamte Bandbreite der Surfmusik geboten. Von schnellen High-Energy Surfbrechern \u00fcber Agentensounds bis hin zu soundtrackartigen und atmosph\u00e4rischen Surftunes wird nichts ausgelassen! Ihrem Faible f\u00fcr Spaghetti Western fr\u00f6nen die Kilaueas mit dem opulenten \u201eEl Hombre Invisible\u201c, dem perfekten Soundtrack f\u00fcr ein Django Remake. Dass dies live, mit dem feuerspeienden hawaiianischen Vulkan \u201eKilauea\u201c und ausschlie\u00dflich original 60er Jahre Equipment auf der B\u00fchne, ein energiegeladenes tanzbares Spektakel ohne Gleichen ist, konnten und k\u00f6nnen die 4 Surfagenten auf unz\u00e4hligen Konzerten seit 1998 beweisen.  Knalliges retro Comic-Art Cover. Das limitierte lava-farbige Vinyl entsteht durch das Zusammenfliessen mehrerer Farben beim Pressen. Jede Scheibe ein Unikat!    Dies sind die allerletzten original-eingeschwei\u00dften Exemplare, die in den Untiefen unseres Lagers aufgetaucht sind!","robots":{"index":"index","follow":"follow","max-snippet":"max-snippet:-1","max-image-preview":"max-image-preview:large","max-video-preview":"max-video-preview:-1"},"canonical":"https:\/\/www.allscore.de\/shop\/produkt\/the-kilaueas-profesor-volcanova\/","og_locale":"de_DE","og_type":"article","og_title":"The Kilaueas - Profesor Volcanova","og_description":"Reverb Drenched Magmaphonic High Energy Instrumental Surf Music  Mit \u201eProfesor Volcanova\u201c erschien 2005 das Meisterst\u00fcck der Kilaueas. Dem H\u00f6rer wird die gesamte Bandbreite der Surfmusik geboten. Von schnellen High-Energy Surfbrechern \u00fcber Agentensounds bis hin zu soundtrackartigen und atmosph\u00e4rischen Surftunes wird nichts ausgelassen! Ihrem Faible f\u00fcr Spaghetti Western fr\u00f6nen die Kilaueas mit dem opulenten \u201eEl Hombre Invisible\u201c, dem perfekten Soundtrack f\u00fcr ein Django Remake. Dass dies live, mit dem feuerspeienden hawaiianischen Vulkan \u201eKilauea\u201c und ausschlie\u00dflich original 60er Jahre Equipment auf der B\u00fchne, ein energiegeladenes tanzbares Spektakel ohne Gleichen ist, konnten und k\u00f6nnen die 4 Surfagenten auf unz\u00e4hligen Konzerten seit 1998 beweisen.  Knalliges retro Comic-Art Cover. Das limitierte lava-farbige Vinyl entsteht durch das Zusammenfliessen mehrerer Farben beim Pressen. Jede Scheibe ein Unikat!    Dies sind die allerletzten original-eingeschwei\u00dften Exemplare, die in den Untiefen unseres Lagers aufgetaucht sind!","og_url":"https:\/\/www.allscore.de\/shop\/produkt\/the-kilaueas-profesor-volcanova\/","og_site_name":"Allscore Shop","article_modified_time":"2025-11-20T13:39:41+00:00","og_image":[{"width":1200,"height":1200,"url":"https:\/\/www.allscore.de\/shop\/wp-content\/uploads\/2021\/07\/ASM022_1200px-Rahmen.jpg","type":"image\/jpeg"}],"twitter_card":"summary_large_image","twitter_misc":{"Gesch\u00e4tzte Lesezeit":"1\u00a0Minute"},"schema":{"@context":"https:\/\/schema.org","@graph":[{"@type":"WebPage","@id":"https:\/\/www.allscore.de\/shop\/produkt\/the-kilaueas-profesor-volcanova\/","url":"https:\/\/www.allscore.de\/shop\/produkt\/the-kilaueas-profesor-volcanova\/","name":"The Kilaueas - Profesor Volcanova","isPartOf":{"@id":"https:\/\/www.allscore.de\/shop\/#website"},"primaryImageOfPage":{"@id":"https:\/\/www.allscore.de\/shop\/produkt\/the-kilaueas-profesor-volcanova\/#primaryimage"},"image":{"@id":"https:\/\/www.allscore.de\/shop\/produkt\/the-kilaueas-profesor-volcanova\/#primaryimage"},"thumbnailUrl":"https:\/\/www.allscore.de\/shop\/wp-content\/uploads\/2021\/07\/ASM022_1200px-Rahmen.jpg","datePublished":"2005-07-01T15:51:20+00:00","dateModified":"2025-11-20T13:39:41+00:00","description":"Reverb Drenched Magmaphonic High Energy Instrumental Surf Music Mit \u201eProfesor Volcanova\u201c erschien 2005 das Meisterst\u00fcck der Kilaueas. Dem H\u00f6rer wird die gesamte Bandbreite der Surfmusik geboten. Von schnellen High-Energy Surfbrechern \u00fcber Agentensounds bis hin zu soundtrackartigen und atmosph\u00e4rischen Surftunes wird nichts ausgelassen! Ihrem Faible f\u00fcr Spaghetti Western fr\u00f6nen die Kilaueas mit dem opulenten \u201eEl Hombre Invisible\u201c, dem perfekten Soundtrack f\u00fcr ein Django Remake. Dass dies live, mit dem feuerspeienden hawaiianischen Vulkan \u201eKilauea\u201c und ausschlie\u00dflich original 60er Jahre Equipment auf der B\u00fchne, ein energiegeladenes tanzbares Spektakel ohne Gleichen ist, konnten und k\u00f6nnen die 4 Surfagenten auf unz\u00e4hligen Konzerten seit 1998 beweisen. Knalliges retro Comic-Art Cover. Das limitierte lava-farbige Vinyl entsteht durch das Zusammenfliessen mehrerer Farben beim Pressen. Jede Scheibe ein Unikat! Dies sind die allerletzten original-eingeschwei\u00dften Exemplare, die in den Untiefen unseres Lagers aufgetaucht sind!","breadcrumb":{"@id":"https:\/\/www.allscore.de\/shop\/produkt\/the-kilaueas-profesor-volcanova\/#breadcrumb"},"inLanguage":"de","potentialAction":[{"@type":"ReadAction","target":["https:\/\/www.allscore.de\/shop\/produkt\/the-kilaueas-profesor-volcanova\/"]}]},{"@type":"ImageObject","inLanguage":"de","@id":"https:\/\/www.allscore.de\/shop\/produkt\/the-kilaueas-profesor-volcanova\/#primaryimage","url":"https:\/\/www.allscore.de\/shop\/wp-content\/uploads\/2021\/07\/ASM022_1200px-Rahmen.jpg","contentUrl":"https:\/\/www.allscore.de\/shop\/wp-content\/uploads\/2021\/07\/ASM022_1200px-Rahmen.jpg","width":1200,"height":1200,"caption":"Kilaueas - Profesor Volcanova"},{"@type":"BreadcrumbList","@id":"https:\/\/www.allscore.de\/shop\/produkt\/the-kilaueas-profesor-volcanova\/#breadcrumb","itemListElement":[{"@type":"ListItem","position":1,"name":"Startseite","item":"https:\/\/www.allscore.de\/shop\/"},{"@type":"ListItem","position":2,"name":"Produkte","item":"https:\/\/www.allscore.de\/shop\/shop\/"},{"@type":"ListItem","position":3,"name":"The Kilaueas &#8211; Profesor Volcanova"}]},{"@type":"WebSite","@id":"https:\/\/www.allscore.de\/shop\/#website","url":"https:\/\/www.allscore.de\/shop\/","name":"Allscore Shop","description":"All Score Media","publisher":{"@id":"https:\/\/www.allscore.de\/shop\/#organization"},"potentialAction":[{"@type":"SearchAction","target":{"@type":"EntryPoint","urlTemplate":"https:\/\/www.allscore.de\/shop\/?s={search_term_string}"},"query-input":{"@type":"PropertyValueSpecification","valueRequired":true,"valueName":"search_term_string"}}],"inLanguage":"de"},{"@type":"Organization","@id":"https:\/\/www.allscore.de\/shop\/#organization","name":"All Score Media","alternateName":"Allscore","url":"https:\/\/www.allscore.de\/shop\/","logo":{"@type":"ImageObject","inLanguage":"de","@id":"https:\/\/www.allscore.de\/shop\/#\/schema\/logo\/image\/","url":"https:\/\/www.allscore.de\/shop\/wp-content\/uploads\/2026\/01\/Logo_Yoast_Shop_2026.png","contentUrl":"https:\/\/www.allscore.de\/shop\/wp-content\/uploads\/2026\/01\/Logo_Yoast_Shop_2026.png","width":696,"height":696,"caption":"All Score Media"},"image":{"@id":"https:\/\/www.allscore.de\/shop\/#\/schema\/logo\/image\/"}}]}},"_links":{"self":[{"href":"https:\/\/www.allscore.de\/shop\/wp-json\/wp\/v2\/product\/10061","targetHints":{"allow":["GET"]}}],"collection":[{"href":"https:\/\/www.allscore.de\/shop\/wp-json\/wp\/v2\/product"}],"about":[{"href":"https:\/\/www.allscore.de\/shop\/wp-json\/wp\/v2\/types\/product"}],"wp:featuredmedia":[{"embeddable":true,"href":"https:\/\/www.allscore.de\/shop\/wp-json\/wp\/v2\/media\/10064"}],"wp:attachment":[{"href":"https:\/\/www.allscore.de\/shop\/wp-json\/wp\/v2\/media?parent=10061"}],"wp:term":[{"taxonomy":"product_brand","embeddable":true,"href":"https:\/\/www.allscore.de\/shop\/wp-json\/wp\/v2\/product_brand?post=10061"},{"taxonomy":"product_cat","embeddable":true,"href":"https:\/\/www.allscore.de\/shop\/wp-json\/wp\/v2\/product_cat?post=10061"},{"taxonomy":"product_tag","embeddable":true,"href":"https:\/\/www.allscore.de\/shop\/wp-json\/wp\/v2\/product_tag?post=10061"}],"curies":[{"name":"wp","href":"https:\/\/api.w.org\/{rel}","templated":true}]}}