{"id":8509,"date":"2020-10-07T14:48:43","date_gmt":"2020-10-07T12:48:43","guid":{"rendered":"https:\/\/www.allscore.de\/shop\/?page_id=8509"},"modified":"2026-03-12T17:44:03","modified_gmt":"2026-03-12T16:44:03","slug":"versand","status":"publish","type":"page","link":"https:\/\/www.allscore.de\/shop\/versand\/","title":{"rendered":"Versand"},"content":{"rendered":"<p>Wir versenden Ihre Bestellung, wenn nicht anders angegeben, innerhalb von <strong>1-2 Werktagen<\/strong> nach Auftragseingang. <strong>Vorbestellungen<\/strong> werden sp\u00e4testens am angegebenen Erscheinungsdatum verschickt. <strong>Sammelbestellungen<\/strong>, die Vorbestellungen enthalten, werden erst bei Verf\u00fcgbarkeit aller Artikel verschickt. Sollten Sie eine sofortige Zusendung der lieferbaren Artikel w\u00fcnschen, bestellen Sie diese bitte separat. Sollten Sie eine <strong>besondere Versandform<\/strong> (z.B. Express-Versand) o.\u00e4. w\u00fcnschen, treten Sie bitte vor der Bestellung mit uns in <a href=\"https:\/\/www.allscore.de\/shop\/kontakt\/\">Kontakt<\/a>.<br \/>\n<strong><br \/>\nVersandkosten<\/strong><\/p>\n<p><strong>Deutschland:<\/strong><br \/>\n1 \u2013 2 CDs oder 7&#8243;-Singles: 2,00 Euro<br \/>\n3 \u2013 6 CDs oder 7&#8243;-Singles: 3,00 Euro<br \/>\nab 7 CDs oder 7&#8243;-Singles: 6,00 Euro<br \/>\nLPs (12&#8243; oder 10&#8243;): 6,00 Euro<\/p>\n<p><strong>Europa 1:<\/strong><br \/>\n(Andorra, Belgien, Bulgarien, D\u00e4nemark, Estland, Finnland, Frankreich, Griechenland, Irland, Italien, Kroatien, Lettland, Litauen, Luxemburg, Malta, Monaco, Niederlande, \u00d6sterreich, Polen, Portugal, Rum\u00e4nien, San Marino, Schweden, Slowakei, Slowenien, Spanien, Tschechien, Ungarn, Vatikanstadt, Zypern)<br \/>\n1 \u2013 6 CDs oder 7&#8243;-Singles: 7,00 Euro<br \/>\nab 7 CDs oder 7&#8243;-Singles: 15,00 Euro<br \/>\n1 &#8211; 6 LPs (12&#8243; oder 10&#8243;): 15,00 Euro<br \/>\nab 7 LPs (12&#8243; oder 10&#8243;): 20,00 Euro<\/p>\n<p><strong>Europa 2:<\/strong><br \/>\n(Albanien, Bosnien-Herzegowina, F\u00e4r\u00f6er, Gr\u00f6nland, Gro\u00dfbritannien, Island, Liechtenstein, Montenegro, Nordmazedonien, Norwegen, Republik Moldau, Schweiz, Serbien, Ukraine, Wei\u00dfrussland)<br \/>\n1 \u2013 6 CDs oder 7&#8243;-Singles: 7,00 Euro<br \/>\nab 7 CDs oder 7&#8243;-Singles: 20,00 Euro<br \/>\n1 &#8211; 6 LPs (12&#8243; oder 10&#8243;): 20,00 Euro<br \/>\nab 7 LPs (12&#8243; oder 10&#8243;): 24,00 Euro<\/p>\n<p><strong>Welt 1:<\/strong><br \/>\n(China, Israel, Japan, Kanada, Mexiko, Philippinen, Singapur, S\u00fcdkorea, Taiwan, Thailand, T\u00fcrkei)<br \/>\n1 \u2013 6 CDs oder 7&#8243;-Singles: 10,00 Euro<br \/>\nab 7 CDs oder 7&#8243;-Singles: 29,00 Euro<br \/>\n1 &#8211; 2 LPs (12&#8243; oder 10&#8243;): 35,00 Euro<br \/>\n3 &#8211; 6 LPs (12&#8243; oder 10&#8243;): 41,00 Euro<br \/>\nab 7 LPs (12&#8243; oder 10&#8243;): 47,00 Euro<\/p>\n<p><strong><font color=red>USA:<\/font><\/strong><br \/>\n<font color=red>CDs, 7&#8243;-Singles oder 1 &#8211; 2 LPs (12&#8243; oder 10&#8243;): 35,00 Euro<br \/>\n3 &#8211; 6 LPs (12&#8243; oder 10&#8243;): 41,00 Euro<br \/>\nab 7 LPs (12&#8243; oder 10&#8243;): 47,00 Euro.<\/font><\/p>\n<p><strong>Welt 2:<\/strong><br \/>\n(Restliche Welt)<br \/>\n1 \u2013 6 CDs oder 7&#8243;-Singles: 10,00 Euro<br \/>\nab 7 CDs oder 7&#8243;-Singles: 36,00 Euro<br \/>\n1 &#8211; 2 LPs (12&#8243; oder 10&#8243;): 44,00 Euro<br \/>\n3 &#8211; 6 LPs (12&#8243; oder 10&#8243;): 52,00 Euro<br \/>\n7 &#8211; 10 LPs (12&#8243; oder 10&#8243;): 60,00 Euro<br \/>\nab 11 LPs (12&#8243; oder 10&#8243;): 70,00 Euro<\/p>\n<p>Bei gemischten Bestellungen von LPs und CDs wird die jeweils h\u00f6here Versandkostenpauschale einmalig berechnet.<br \/>\n(Beispiel: 3 CDs und 2 LPs innerhalb Deutschlands: 6,00 Euro Versandpauschale)<\/p>\n","protected":false},"excerpt":{"rendered":"<p>Wir versenden Ihre Bestellung, wenn nicht anders angegeben, innerhalb von 1-2 Werktagen nach Auftragseingang. Vorbestellungen werden sp\u00e4testens am angegebenen Erscheinungsdatum verschickt. Sammelbestellungen, die Vorbestellungen enthalten, werden erst bei Verf\u00fcgbarkeit aller Artikel verschickt. Sollten Sie eine sofortige Zusendung der lieferbaren Artikel w\u00fcnschen, bestellen Sie diese bitte separat. Sollten Sie eine besondere Versandform (z.B. Express-Versand) o.\u00e4. w\u00fcnschen,&#8230;<\/p>\n<p><a rel=\"bookmark\" class=\"vonzot-button-simple wvc-button wvc-button-size-sm\" href=\"https:\/\/www.allscore.de\/shop\/versand\/\"><span>Read more<\/span><\/a><\/p>\n","protected":false},"author":1,"featured_media":255,"parent":0,"menu_order":0,"comment_status":"closed","ping_status":"closed","template":"","meta":{"footnotes":""},"class_list":{"0":"post-8509","1":"page","2":"type-page","3":"status-publish","4":"has-post-thumbnail","5":"hentry","6":"entry","7":"clearfix","8":"entry-grid","9":"entry-columns-default","10":"entry-page-module-layout-standard","11":"thumbnail-color-tone-dark","12":"entry-page","14":"entry-page-grid"},"yoast_head":"<!-- This site is optimized with the Yoast SEO plugin v27.3 - https:\/\/yoast.com\/product\/yoast-seo-wordpress\/ -->\n<title>Versand - Allscore Shop<\/title>\n<meta name=\"robots\" content=\"index, follow, max-snippet:-1, max-image-preview:large, max-video-preview:-1\" \/>\n<link rel=\"canonical\" href=\"https:\/\/www.allscore.de\/shop\/versand\/\" \/>\n<meta property=\"og:locale\" content=\"de_DE\" \/>\n<meta property=\"og:type\" content=\"article\" \/>\n<meta property=\"og:title\" content=\"Versand - Allscore Shop\" \/>\n<meta property=\"og:description\" content=\"Wir versenden Ihre Bestellung, wenn nicht anders angegeben, innerhalb von 1-2 Werktagen nach Auftragseingang. Vorbestellungen werden sp\u00e4testens am angegebenen Erscheinungsdatum verschickt. Sammelbestellungen, die Vorbestellungen enthalten, werden erst bei Verf\u00fcgbarkeit aller Artikel verschickt. Sollten Sie eine sofortige Zusendung der lieferbaren Artikel w\u00fcnschen, bestellen Sie diese bitte separat. Sollten Sie eine besondere Versandform (z.B. Express-Versand) o.\u00e4. w\u00fcnschen,...Read more\" \/>\n<meta property=\"og:url\" content=\"https:\/\/www.allscore.de\/shop\/versand\/\" \/>\n<meta property=\"og:site_name\" content=\"Allscore Shop\" \/>\n<meta property=\"article:modified_time\" content=\"2026-03-12T16:44:03+00:00\" \/>\n<meta property=\"og:image\" content=\"https:\/\/www.allscore.de\/shop\/wp-content\/uploads\/2018\/08\/tom-holmes-556804-unsplash.jpg\" \/>\n\t<meta property=\"og:image:width\" content=\"2000\" \/>\n\t<meta property=\"og:image:height\" content=\"1333\" \/>\n\t<meta property=\"og:image:type\" content=\"image\/jpeg\" \/>\n<meta name=\"twitter:card\" content=\"summary_large_image\" \/>\n<meta name=\"twitter:label1\" content=\"Gesch\u00e4tzte Lesezeit\" \/>\n\t<meta name=\"twitter:data1\" content=\"2\u00a0Minuten\" \/>\n<script type=\"application\/ld+json\" class=\"yoast-schema-graph\">{\"@context\":\"https:\\\/\\\/schema.org\",\"@graph\":[{\"@type\":\"WebPage\",\"@id\":\"https:\\\/\\\/www.allscore.de\\\/shop\\\/versand\\\/\",\"url\":\"https:\\\/\\\/www.allscore.de\\\/shop\\\/versand\\\/\",\"name\":\"Versand - Allscore Shop\",\"isPartOf\":{\"@id\":\"https:\\\/\\\/www.allscore.de\\\/shop\\\/#website\"},\"primaryImageOfPage\":{\"@id\":\"https:\\\/\\\/www.allscore.de\\\/shop\\\/versand\\\/#primaryimage\"},\"image\":{\"@id\":\"https:\\\/\\\/www.allscore.de\\\/shop\\\/versand\\\/#primaryimage\"},\"thumbnailUrl\":\"https:\\\/\\\/www.allscore.de\\\/shop\\\/wp-content\\\/uploads\\\/2018\\\/08\\\/tom-holmes-556804-unsplash.jpg\",\"datePublished\":\"2020-10-07T12:48:43+00:00\",\"dateModified\":\"2026-03-12T16:44:03+00:00\",\"breadcrumb\":{\"@id\":\"https:\\\/\\\/www.allscore.de\\\/shop\\\/versand\\\/#breadcrumb\"},\"inLanguage\":\"de\",\"potentialAction\":[{\"@type\":\"ReadAction\",\"target\":[\"https:\\\/\\\/www.allscore.de\\\/shop\\\/versand\\\/\"]}]},{\"@type\":\"ImageObject\",\"inLanguage\":\"de\",\"@id\":\"https:\\\/\\\/www.allscore.de\\\/shop\\\/versand\\\/#primaryimage\",\"url\":\"https:\\\/\\\/www.allscore.de\\\/shop\\\/wp-content\\\/uploads\\\/2018\\\/08\\\/tom-holmes-556804-unsplash.jpg\",\"contentUrl\":\"https:\\\/\\\/www.allscore.de\\\/shop\\\/wp-content\\\/uploads\\\/2018\\\/08\\\/tom-holmes-556804-unsplash.jpg\",\"width\":2000,\"height\":1333,\"caption\":\"contact\"},{\"@type\":\"BreadcrumbList\",\"@id\":\"https:\\\/\\\/www.allscore.de\\\/shop\\\/versand\\\/#breadcrumb\",\"itemListElement\":[{\"@type\":\"ListItem\",\"position\":1,\"name\":\"Startseite\",\"item\":\"https:\\\/\\\/www.allscore.de\\\/shop\\\/\"},{\"@type\":\"ListItem\",\"position\":2,\"name\":\"Versand\"}]},{\"@type\":\"WebSite\",\"@id\":\"https:\\\/\\\/www.allscore.de\\\/shop\\\/#website\",\"url\":\"https:\\\/\\\/www.allscore.de\\\/shop\\\/\",\"name\":\"Allscore Shop\",\"description\":\"All Score Media\",\"publisher\":{\"@id\":\"https:\\\/\\\/www.allscore.de\\\/shop\\\/#organization\"},\"potentialAction\":[{\"@type\":\"SearchAction\",\"target\":{\"@type\":\"EntryPoint\",\"urlTemplate\":\"https:\\\/\\\/www.allscore.de\\\/shop\\\/?s={search_term_string}\"},\"query-input\":{\"@type\":\"PropertyValueSpecification\",\"valueRequired\":true,\"valueName\":\"search_term_string\"}}],\"inLanguage\":\"de\"},{\"@type\":\"Organization\",\"@id\":\"https:\\\/\\\/www.allscore.de\\\/shop\\\/#organization\",\"name\":\"All Score Media\",\"alternateName\":\"Allscore\",\"url\":\"https:\\\/\\\/www.allscore.de\\\/shop\\\/\",\"logo\":{\"@type\":\"ImageObject\",\"inLanguage\":\"de\",\"@id\":\"https:\\\/\\\/www.allscore.de\\\/shop\\\/#\\\/schema\\\/logo\\\/image\\\/\",\"url\":\"https:\\\/\\\/www.allscore.de\\\/shop\\\/wp-content\\\/uploads\\\/2026\\\/01\\\/Logo_Yoast_Shop_2026.png\",\"contentUrl\":\"https:\\\/\\\/www.allscore.de\\\/shop\\\/wp-content\\\/uploads\\\/2026\\\/01\\\/Logo_Yoast_Shop_2026.png\",\"width\":696,\"height\":696,\"caption\":\"All Score Media\"},\"image\":{\"@id\":\"https:\\\/\\\/www.allscore.de\\\/shop\\\/#\\\/schema\\\/logo\\\/image\\\/\"}}]}<\/script>\n<!-- \/ Yoast SEO plugin. -->","yoast_head_json":{"title":"Versand - Allscore Shop","robots":{"index":"index","follow":"follow","max-snippet":"max-snippet:-1","max-image-preview":"max-image-preview:large","max-video-preview":"max-video-preview:-1"},"canonical":"https:\/\/www.allscore.de\/shop\/versand\/","og_locale":"de_DE","og_type":"article","og_title":"Versand - Allscore Shop","og_description":"Wir versenden Ihre Bestellung, wenn nicht anders angegeben, innerhalb von 1-2 Werktagen nach Auftragseingang. Vorbestellungen werden sp\u00e4testens am angegebenen Erscheinungsdatum verschickt. Sammelbestellungen, die Vorbestellungen enthalten, werden erst bei Verf\u00fcgbarkeit aller Artikel verschickt. Sollten Sie eine sofortige Zusendung der lieferbaren Artikel w\u00fcnschen, bestellen Sie diese bitte separat. Sollten Sie eine besondere Versandform (z.B. Express-Versand) o.\u00e4. w\u00fcnschen,...Read more","og_url":"https:\/\/www.allscore.de\/shop\/versand\/","og_site_name":"Allscore Shop","article_modified_time":"2026-03-12T16:44:03+00:00","og_image":[{"width":2000,"height":1333,"url":"https:\/\/www.allscore.de\/shop\/wp-content\/uploads\/2018\/08\/tom-holmes-556804-unsplash.jpg","type":"image\/jpeg"}],"twitter_card":"summary_large_image","twitter_misc":{"Gesch\u00e4tzte Lesezeit":"2\u00a0Minuten"},"schema":{"@context":"https:\/\/schema.org","@graph":[{"@type":"WebPage","@id":"https:\/\/www.allscore.de\/shop\/versand\/","url":"https:\/\/www.allscore.de\/shop\/versand\/","name":"Versand - Allscore Shop","isPartOf":{"@id":"https:\/\/www.allscore.de\/shop\/#website"},"primaryImageOfPage":{"@id":"https:\/\/www.allscore.de\/shop\/versand\/#primaryimage"},"image":{"@id":"https:\/\/www.allscore.de\/shop\/versand\/#primaryimage"},"thumbnailUrl":"https:\/\/www.allscore.de\/shop\/wp-content\/uploads\/2018\/08\/tom-holmes-556804-unsplash.jpg","datePublished":"2020-10-07T12:48:43+00:00","dateModified":"2026-03-12T16:44:03+00:00","breadcrumb":{"@id":"https:\/\/www.allscore.de\/shop\/versand\/#breadcrumb"},"inLanguage":"de","potentialAction":[{"@type":"ReadAction","target":["https:\/\/www.allscore.de\/shop\/versand\/"]}]},{"@type":"ImageObject","inLanguage":"de","@id":"https:\/\/www.allscore.de\/shop\/versand\/#primaryimage","url":"https:\/\/www.allscore.de\/shop\/wp-content\/uploads\/2018\/08\/tom-holmes-556804-unsplash.jpg","contentUrl":"https:\/\/www.allscore.de\/shop\/wp-content\/uploads\/2018\/08\/tom-holmes-556804-unsplash.jpg","width":2000,"height":1333,"caption":"contact"},{"@type":"BreadcrumbList","@id":"https:\/\/www.allscore.de\/shop\/versand\/#breadcrumb","itemListElement":[{"@type":"ListItem","position":1,"name":"Startseite","item":"https:\/\/www.allscore.de\/shop\/"},{"@type":"ListItem","position":2,"name":"Versand"}]},{"@type":"WebSite","@id":"https:\/\/www.allscore.de\/shop\/#website","url":"https:\/\/www.allscore.de\/shop\/","name":"Allscore Shop","description":"All Score Media","publisher":{"@id":"https:\/\/www.allscore.de\/shop\/#organization"},"potentialAction":[{"@type":"SearchAction","target":{"@type":"EntryPoint","urlTemplate":"https:\/\/www.allscore.de\/shop\/?s={search_term_string}"},"query-input":{"@type":"PropertyValueSpecification","valueRequired":true,"valueName":"search_term_string"}}],"inLanguage":"de"},{"@type":"Organization","@id":"https:\/\/www.allscore.de\/shop\/#organization","name":"All Score Media","alternateName":"Allscore","url":"https:\/\/www.allscore.de\/shop\/","logo":{"@type":"ImageObject","inLanguage":"de","@id":"https:\/\/www.allscore.de\/shop\/#\/schema\/logo\/image\/","url":"https:\/\/www.allscore.de\/shop\/wp-content\/uploads\/2026\/01\/Logo_Yoast_Shop_2026.png","contentUrl":"https:\/\/www.allscore.de\/shop\/wp-content\/uploads\/2026\/01\/Logo_Yoast_Shop_2026.png","width":696,"height":696,"caption":"All Score Media"},"image":{"@id":"https:\/\/www.allscore.de\/shop\/#\/schema\/logo\/image\/"}}]}},"_links":{"self":[{"href":"https:\/\/www.allscore.de\/shop\/wp-json\/wp\/v2\/pages\/8509","targetHints":{"allow":["GET"]}}],"collection":[{"href":"https:\/\/www.allscore.de\/shop\/wp-json\/wp\/v2\/pages"}],"about":[{"href":"https:\/\/www.allscore.de\/shop\/wp-json\/wp\/v2\/types\/page"}],"author":[{"embeddable":true,"href":"https:\/\/www.allscore.de\/shop\/wp-json\/wp\/v2\/users\/1"}],"replies":[{"embeddable":true,"href":"https:\/\/www.allscore.de\/shop\/wp-json\/wp\/v2\/comments?post=8509"}],"version-history":[{"count":10,"href":"https:\/\/www.allscore.de\/shop\/wp-json\/wp\/v2\/pages\/8509\/revisions"}],"predecessor-version":[{"id":14877,"href":"https:\/\/www.allscore.de\/shop\/wp-json\/wp\/v2\/pages\/8509\/revisions\/14877"}],"wp:featuredmedia":[{"embeddable":true,"href":"https:\/\/www.allscore.de\/shop\/wp-json\/wp\/v2\/media\/255"}],"wp:attachment":[{"href":"https:\/\/www.allscore.de\/shop\/wp-json\/wp\/v2\/media?parent=8509"}],"curies":[{"name":"wp","href":"https:\/\/api.w.org\/{rel}","templated":true}]}}