{"id":9863,"date":"2014-11-11T19:40:18","date_gmt":"2021-04-16T17:40:19","guid":{"rendered":"https:\/\/www.allscore.de\/shop\/?post_type=product&#038;p=9863"},"modified":"2024-07-26T16:15:01","modified_gmt":"2024-07-26T14:15:01","slug":"geister-schocker-50-grabeskaelte-lim-erstauflage-im-exklusiven-schuber-plus-dvd","status":"publish","type":"product","link":"https:\/\/www.allscore.de\/shop\/en\/produkt\/geister-schocker-50-grabeskaelte-lim-erstauflage-im-exklusiven-schuber-plus-dvd\/","title":{"rendered":"Geister-Schocker 50: Grabesk\u00e4lte (lim. Erstauflage im exklusiven Schuber plus DVD)"},"content":{"rendered":"<p>Geister-Schocker 50: Grabesk\u00e4lte (lim. Erstauflage im exklusiven Schuber plus DVD)<\/p>\n<p><strong><u>Inhalt:<br \/>\n<\/u><\/strong>Antarktis 2014. Ein amerikanisches Forscherteam soll im Polargebiet Klimaanomalien auf den Grund gehen. Bei ihrer Arbeit sto\u00dfen die Wissenschaftler auf die Ruinen einer ehemaligen Forschungsstation, die nur wenige Meilen entfernt liegt. In den Kellern der zerst\u00f6rten Anlage finden sie nicht nur die Habseligkeiten der ehemaligen Mannschaft, sie finden das Grauen\u2026<\/p>\n<p><strong><u>Sprecher:<br \/>\n<\/u><\/strong>Lutz Harder, Thomas Petruo, Vera Bunk, Michael Pink u.a.<\/p>\n<p><strong><u>Autor:<br \/>\n<\/u><\/strong>Andreas Masuth<\/p>\n<p>Limitierte Erstauflage im exklusiven Schuber. Diese Box enth\u00e4lt nebem dem H\u00f6rspiel auch den vollst\u00e4ndigen Horrorfilm &#8220;Das Geheimnis des schreienden Sch\u00e4dels&#8221; auf DVD.<\/p>\n","protected":false},"excerpt":{"rendered":"<p>Geister-Schocker 50: Grabesk\u00e4lte (lim. Erstauflage im exklusiven Schuber plus DVD) Inhalt: Antarktis 2014. Ein amerikanisches Forscherteam soll im Polargebiet Klimaanomalien auf den Grund gehen. Bei ihrer Arbeit sto\u00dfen die Wissenschaftler auf die Ruinen einer ehemaligen Forschungsstation, die nur wenige Meilen entfernt liegt. In den Kellern der zerst\u00f6rten Anlage finden sie nicht nur die Habseligkeiten der&#8230;<\/p>\n<p><a rel=\"bookmark\" class=\"vonzot-button-simple wvc-button wvc-button-size-sm\" href=\"https:\/\/www.allscore.de\/shop\/en\/produkt\/geister-schocker-50-grabeskaelte-lim-erstauflage-im-exklusiven-schuber-plus-dvd\/\"><span>Read more<\/span><\/a><\/p>\n","protected":false},"featured_media":9865,"template":"","meta":[],"product_brand":[],"product_cat":[199,409,429,251],"product_tag":[],"class_list":{"0":"post-9863","1":"product","2":"type-product","3":"status-publish","4":"has-post-thumbnail","6":"product_cat-hoerspiele-en","7":"product_cat-geister-schocker-en","8":"product_cat-rarities-en","9":"product_cat-specials-en","10":"product_shipping_class-tontraeger-cd-en","11":"entry","12":"clearfix","13":"entry-grid","14":"entry-columns-3","15":"entry-product-module-layout-sidebar-right","16":"thumbnail-color-tone-dark","17":"entry-product","19":"entry-product-grid","21":"first","22":"outofstock","23":"taxable","24":"shipping-taxable","25":"purchasable","26":"product-type-simple"},"yoast_head":"<!-- This site is optimized with the Yoast SEO plugin v27.4 - https:\/\/yoast.com\/product\/yoast-seo-wordpress\/ -->\n<title>Geister-Schocker 50: Grabesk\u00e4lte<\/title>\n<meta name=\"description\" content=\"Geister-Schocker 50: Grabesk\u00e4lte (lim. Erstauflage im exklusiven Schuber plus DVD) Inhalt: Antarktis 2014. Ein amerikanisches Forscherteam soll im\" \/>\n<meta name=\"robots\" content=\"index, follow, max-snippet:-1, max-image-preview:large, max-video-preview:-1\" \/>\n<link rel=\"canonical\" href=\"https:\/\/www.allscore.de\/shop\/en\/produkt\/geister-schocker-50-grabeskaelte-lim-erstauflage-im-exklusiven-schuber-plus-dvd\/\" \/>\n<meta property=\"og:locale\" content=\"en_US\" \/>\n<meta property=\"og:type\" content=\"article\" \/>\n<meta property=\"og:title\" content=\"Geister-Schocker 50: Grabesk\u00e4lte\" \/>\n<meta property=\"og:description\" content=\"Geister-Schocker 50: Grabesk\u00e4lte (lim. Erstauflage im exklusiven Schuber plus DVD) Inhalt: Antarktis 2014. Ein amerikanisches Forscherteam soll im\" \/>\n<meta property=\"og:url\" content=\"https:\/\/www.allscore.de\/shop\/en\/produkt\/geister-schocker-50-grabeskaelte-lim-erstauflage-im-exklusiven-schuber-plus-dvd\/\" \/>\n<meta property=\"og:site_name\" content=\"Allscore Shop\" \/>\n<meta property=\"article:modified_time\" content=\"2024-07-26T14:15:01+00:00\" \/>\n<meta property=\"og:image\" content=\"https:\/\/www.allscore.de\/shop\/wp-content\/uploads\/2021\/04\/GS50_lim_1000px.jpg\" \/>\n\t<meta property=\"og:image:width\" content=\"1000\" \/>\n\t<meta property=\"og:image:height\" content=\"878\" \/>\n\t<meta property=\"og:image:type\" content=\"image\/jpeg\" \/>\n<meta name=\"twitter:card\" content=\"summary_large_image\" \/>\n<meta name=\"twitter:label1\" content=\"Est. reading time\" \/>\n\t<meta name=\"twitter:data1\" content=\"1 minute\" \/>\n<script type=\"application\/ld+json\" class=\"yoast-schema-graph\">{\"@context\":\"https:\\\/\\\/schema.org\",\"@graph\":[{\"@type\":\"WebPage\",\"@id\":\"https:\\\/\\\/www.allscore.de\\\/shop\\\/en\\\/produkt\\\/geister-schocker-50-grabeskaelte-lim-erstauflage-im-exklusiven-schuber-plus-dvd\\\/\",\"url\":\"https:\\\/\\\/www.allscore.de\\\/shop\\\/en\\\/produkt\\\/geister-schocker-50-grabeskaelte-lim-erstauflage-im-exklusiven-schuber-plus-dvd\\\/\",\"name\":\"Geister-Schocker 50: Grabesk\u00e4lte\",\"isPartOf\":{\"@id\":\"https:\\\/\\\/www.allscore.de\\\/shop\\\/en\\\/#website\"},\"primaryImageOfPage\":{\"@id\":\"https:\\\/\\\/www.allscore.de\\\/shop\\\/en\\\/produkt\\\/geister-schocker-50-grabeskaelte-lim-erstauflage-im-exklusiven-schuber-plus-dvd\\\/#primaryimage\"},\"image\":{\"@id\":\"https:\\\/\\\/www.allscore.de\\\/shop\\\/en\\\/produkt\\\/geister-schocker-50-grabeskaelte-lim-erstauflage-im-exklusiven-schuber-plus-dvd\\\/#primaryimage\"},\"thumbnailUrl\":\"https:\\\/\\\/www.allscore.de\\\/shop\\\/wp-content\\\/uploads\\\/2021\\\/04\\\/GS50_lim_1000px.jpg\",\"datePublished\":\"2021-04-16T17:40:19+00:00\",\"dateModified\":\"2024-07-26T14:15:01+00:00\",\"description\":\"Geister-Schocker 50: Grabesk\u00e4lte (lim. Erstauflage im exklusiven Schuber plus DVD) Inhalt: Antarktis 2014. Ein amerikanisches Forscherteam soll im\",\"breadcrumb\":{\"@id\":\"https:\\\/\\\/www.allscore.de\\\/shop\\\/en\\\/produkt\\\/geister-schocker-50-grabeskaelte-lim-erstauflage-im-exklusiven-schuber-plus-dvd\\\/#breadcrumb\"},\"inLanguage\":\"en-US\",\"potentialAction\":[{\"@type\":\"ReadAction\",\"target\":[\"https:\\\/\\\/www.allscore.de\\\/shop\\\/en\\\/produkt\\\/geister-schocker-50-grabeskaelte-lim-erstauflage-im-exklusiven-schuber-plus-dvd\\\/\"]}]},{\"@type\":\"ImageObject\",\"inLanguage\":\"en-US\",\"@id\":\"https:\\\/\\\/www.allscore.de\\\/shop\\\/en\\\/produkt\\\/geister-schocker-50-grabeskaelte-lim-erstauflage-im-exklusiven-schuber-plus-dvd\\\/#primaryimage\",\"url\":\"https:\\\/\\\/www.allscore.de\\\/shop\\\/wp-content\\\/uploads\\\/2021\\\/04\\\/GS50_lim_1000px.jpg\",\"contentUrl\":\"https:\\\/\\\/www.allscore.de\\\/shop\\\/wp-content\\\/uploads\\\/2021\\\/04\\\/GS50_lim_1000px.jpg\",\"width\":1000,\"height\":878,\"caption\":\"Geister-Schocker (50): Grabesk\u00e4lte (lim. Erstauflage im exklusiven Schuber plus DVD)\"},{\"@type\":\"BreadcrumbList\",\"@id\":\"https:\\\/\\\/www.allscore.de\\\/shop\\\/en\\\/produkt\\\/geister-schocker-50-grabeskaelte-lim-erstauflage-im-exklusiven-schuber-plus-dvd\\\/#breadcrumb\",\"itemListElement\":[{\"@type\":\"ListItem\",\"position\":1,\"name\":\"Startseite\",\"item\":\"https:\\\/\\\/www.allscore.de\\\/shop\\\/en\\\/\"},{\"@type\":\"ListItem\",\"position\":2,\"name\":\"Products\",\"item\":\"https:\\\/\\\/www.allscore.de\\\/shop\\\/en\\\/shop\\\/\"},{\"@type\":\"ListItem\",\"position\":3,\"name\":\"Geister-Schocker 50: Grabesk\u00e4lte (lim. Erstauflage im exklusiven Schuber plus DVD)\"}]},{\"@type\":\"WebSite\",\"@id\":\"https:\\\/\\\/www.allscore.de\\\/shop\\\/en\\\/#website\",\"url\":\"https:\\\/\\\/www.allscore.de\\\/shop\\\/en\\\/\",\"name\":\"Allscore Shop\",\"description\":\"All Score Media\",\"publisher\":{\"@id\":\"https:\\\/\\\/www.allscore.de\\\/shop\\\/en\\\/#organization\"},\"potentialAction\":[{\"@type\":\"SearchAction\",\"target\":{\"@type\":\"EntryPoint\",\"urlTemplate\":\"https:\\\/\\\/www.allscore.de\\\/shop\\\/en\\\/?s={search_term_string}\"},\"query-input\":{\"@type\":\"PropertyValueSpecification\",\"valueRequired\":true,\"valueName\":\"search_term_string\"}}],\"inLanguage\":\"en-US\"},{\"@type\":\"Organization\",\"@id\":\"https:\\\/\\\/www.allscore.de\\\/shop\\\/en\\\/#organization\",\"name\":\"All Score Media\",\"alternateName\":\"Allscore\",\"url\":\"https:\\\/\\\/www.allscore.de\\\/shop\\\/en\\\/\",\"logo\":{\"@type\":\"ImageObject\",\"inLanguage\":\"en-US\",\"@id\":\"https:\\\/\\\/www.allscore.de\\\/shop\\\/en\\\/#\\\/schema\\\/logo\\\/image\\\/\",\"url\":\"https:\\\/\\\/www.allscore.de\\\/shop\\\/wp-content\\\/uploads\\\/2026\\\/01\\\/Logo_Yoast_Shop_2026.png\",\"contentUrl\":\"https:\\\/\\\/www.allscore.de\\\/shop\\\/wp-content\\\/uploads\\\/2026\\\/01\\\/Logo_Yoast_Shop_2026.png\",\"width\":696,\"height\":696,\"caption\":\"All Score Media\"},\"image\":{\"@id\":\"https:\\\/\\\/www.allscore.de\\\/shop\\\/en\\\/#\\\/schema\\\/logo\\\/image\\\/\"}}]}<\/script>\n<!-- \/ Yoast SEO plugin. -->","yoast_head_json":{"title":"Geister-Schocker 50: Grabesk\u00e4lte","description":"Geister-Schocker 50: Grabesk\u00e4lte (lim. Erstauflage im exklusiven Schuber plus DVD) Inhalt: Antarktis 2014. Ein amerikanisches Forscherteam soll im","robots":{"index":"index","follow":"follow","max-snippet":"max-snippet:-1","max-image-preview":"max-image-preview:large","max-video-preview":"max-video-preview:-1"},"canonical":"https:\/\/www.allscore.de\/shop\/en\/produkt\/geister-schocker-50-grabeskaelte-lim-erstauflage-im-exklusiven-schuber-plus-dvd\/","og_locale":"en_US","og_type":"article","og_title":"Geister-Schocker 50: Grabesk\u00e4lte","og_description":"Geister-Schocker 50: Grabesk\u00e4lte (lim. Erstauflage im exklusiven Schuber plus DVD) Inhalt: Antarktis 2014. Ein amerikanisches Forscherteam soll im","og_url":"https:\/\/www.allscore.de\/shop\/en\/produkt\/geister-schocker-50-grabeskaelte-lim-erstauflage-im-exklusiven-schuber-plus-dvd\/","og_site_name":"Allscore Shop","article_modified_time":"2024-07-26T14:15:01+00:00","og_image":[{"width":1000,"height":878,"url":"https:\/\/www.allscore.de\/shop\/wp-content\/uploads\/2021\/04\/GS50_lim_1000px.jpg","type":"image\/jpeg"}],"twitter_card":"summary_large_image","twitter_misc":{"Est. reading time":"1 minute"},"schema":{"@context":"https:\/\/schema.org","@graph":[{"@type":"WebPage","@id":"https:\/\/www.allscore.de\/shop\/en\/produkt\/geister-schocker-50-grabeskaelte-lim-erstauflage-im-exklusiven-schuber-plus-dvd\/","url":"https:\/\/www.allscore.de\/shop\/en\/produkt\/geister-schocker-50-grabeskaelte-lim-erstauflage-im-exklusiven-schuber-plus-dvd\/","name":"Geister-Schocker 50: Grabesk\u00e4lte","isPartOf":{"@id":"https:\/\/www.allscore.de\/shop\/en\/#website"},"primaryImageOfPage":{"@id":"https:\/\/www.allscore.de\/shop\/en\/produkt\/geister-schocker-50-grabeskaelte-lim-erstauflage-im-exklusiven-schuber-plus-dvd\/#primaryimage"},"image":{"@id":"https:\/\/www.allscore.de\/shop\/en\/produkt\/geister-schocker-50-grabeskaelte-lim-erstauflage-im-exklusiven-schuber-plus-dvd\/#primaryimage"},"thumbnailUrl":"https:\/\/www.allscore.de\/shop\/wp-content\/uploads\/2021\/04\/GS50_lim_1000px.jpg","datePublished":"2021-04-16T17:40:19+00:00","dateModified":"2024-07-26T14:15:01+00:00","description":"Geister-Schocker 50: Grabesk\u00e4lte (lim. Erstauflage im exklusiven Schuber plus DVD) Inhalt: Antarktis 2014. Ein amerikanisches Forscherteam soll im","breadcrumb":{"@id":"https:\/\/www.allscore.de\/shop\/en\/produkt\/geister-schocker-50-grabeskaelte-lim-erstauflage-im-exklusiven-schuber-plus-dvd\/#breadcrumb"},"inLanguage":"en-US","potentialAction":[{"@type":"ReadAction","target":["https:\/\/www.allscore.de\/shop\/en\/produkt\/geister-schocker-50-grabeskaelte-lim-erstauflage-im-exklusiven-schuber-plus-dvd\/"]}]},{"@type":"ImageObject","inLanguage":"en-US","@id":"https:\/\/www.allscore.de\/shop\/en\/produkt\/geister-schocker-50-grabeskaelte-lim-erstauflage-im-exklusiven-schuber-plus-dvd\/#primaryimage","url":"https:\/\/www.allscore.de\/shop\/wp-content\/uploads\/2021\/04\/GS50_lim_1000px.jpg","contentUrl":"https:\/\/www.allscore.de\/shop\/wp-content\/uploads\/2021\/04\/GS50_lim_1000px.jpg","width":1000,"height":878,"caption":"Geister-Schocker (50): Grabesk\u00e4lte (lim. Erstauflage im exklusiven Schuber plus DVD)"},{"@type":"BreadcrumbList","@id":"https:\/\/www.allscore.de\/shop\/en\/produkt\/geister-schocker-50-grabeskaelte-lim-erstauflage-im-exklusiven-schuber-plus-dvd\/#breadcrumb","itemListElement":[{"@type":"ListItem","position":1,"name":"Startseite","item":"https:\/\/www.allscore.de\/shop\/en\/"},{"@type":"ListItem","position":2,"name":"Products","item":"https:\/\/www.allscore.de\/shop\/en\/shop\/"},{"@type":"ListItem","position":3,"name":"Geister-Schocker 50: Grabesk\u00e4lte (lim. Erstauflage im exklusiven Schuber plus DVD)"}]},{"@type":"WebSite","@id":"https:\/\/www.allscore.de\/shop\/en\/#website","url":"https:\/\/www.allscore.de\/shop\/en\/","name":"Allscore Shop","description":"All Score Media","publisher":{"@id":"https:\/\/www.allscore.de\/shop\/en\/#organization"},"potentialAction":[{"@type":"SearchAction","target":{"@type":"EntryPoint","urlTemplate":"https:\/\/www.allscore.de\/shop\/en\/?s={search_term_string}"},"query-input":{"@type":"PropertyValueSpecification","valueRequired":true,"valueName":"search_term_string"}}],"inLanguage":"en-US"},{"@type":"Organization","@id":"https:\/\/www.allscore.de\/shop\/en\/#organization","name":"All Score Media","alternateName":"Allscore","url":"https:\/\/www.allscore.de\/shop\/en\/","logo":{"@type":"ImageObject","inLanguage":"en-US","@id":"https:\/\/www.allscore.de\/shop\/en\/#\/schema\/logo\/image\/","url":"https:\/\/www.allscore.de\/shop\/wp-content\/uploads\/2026\/01\/Logo_Yoast_Shop_2026.png","contentUrl":"https:\/\/www.allscore.de\/shop\/wp-content\/uploads\/2026\/01\/Logo_Yoast_Shop_2026.png","width":696,"height":696,"caption":"All Score Media"},"image":{"@id":"https:\/\/www.allscore.de\/shop\/en\/#\/schema\/logo\/image\/"}}]}},"_links":{"self":[{"href":"https:\/\/www.allscore.de\/shop\/en\/wp-json\/wp\/v2\/product\/9863","targetHints":{"allow":["GET"]}}],"collection":[{"href":"https:\/\/www.allscore.de\/shop\/en\/wp-json\/wp\/v2\/product"}],"about":[{"href":"https:\/\/www.allscore.de\/shop\/en\/wp-json\/wp\/v2\/types\/product"}],"wp:featuredmedia":[{"embeddable":true,"href":"https:\/\/www.allscore.de\/shop\/en\/wp-json\/wp\/v2\/media\/9865"}],"wp:attachment":[{"href":"https:\/\/www.allscore.de\/shop\/en\/wp-json\/wp\/v2\/media?parent=9863"}],"wp:term":[{"taxonomy":"product_brand","embeddable":true,"href":"https:\/\/www.allscore.de\/shop\/en\/wp-json\/wp\/v2\/product_brand?post=9863"},{"taxonomy":"product_cat","embeddable":true,"href":"https:\/\/www.allscore.de\/shop\/en\/wp-json\/wp\/v2\/product_cat?post=9863"},{"taxonomy":"product_tag","embeddable":true,"href":"https:\/\/www.allscore.de\/shop\/en\/wp-json\/wp\/v2\/product_tag?post=9863"}],"curies":[{"name":"wp","href":"https:\/\/api.w.org\/{rel}","templated":true}]}}