{"id":9781,"date":"2021-05-01T17:40:55","date_gmt":"2021-05-01T15:40:55","guid":{"rendered":"https:\/\/www.allscore.de\/shop\/?post_type=product&#038;p=9781"},"modified":"2024-02-13T18:03:20","modified_gmt":"2024-02-13T17:03:20","slug":"sherlock-holmes-und-co-63-verhaengnisvolle-hoffnung","status":"publish","type":"product","link":"https:\/\/www.allscore.de\/shop\/en\/produkt\/sherlock-holmes-und-co-63-verhaengnisvolle-hoffnung\/","title":{"rendered":"Sherlock Holmes und Co. 63: Verh\u00e4ngnisvolle Hoffnung"},"content":{"rendered":"","protected":false},"excerpt":{"rendered":"<p>Ein Abenteuer mit der Denkmaschine<\/p>\n<p>Hutchison Hatch unter Mordverdacht! Statt eines Informanten erwartet den Reporter am vereinbarten Treffpunkt ein Sterbender. Welche Absichten verfolgt der undurchschaubare Inspektor Gibson, der Hatch zun\u00e4chst auf freien Fu\u00df setzt, nur um ihn kurz darauf wieder zu verhaften? Es liegt nun an Professor Van Dusen und Hatchs jungen Kollegen Jerry Harper seine Unschuld zu beweisen. Dabei kommen sie einer Verbrecherbande auf die Spur, f\u00fcr die ein Menschenleben keinen Wert, au\u00dfer den klingender M\u00fcnze besitzt.<\/p>\n<p>ca. 60 Minuten Laufzeit<\/p>\n<p>Autor: Markus Duschek<\/p>\n<p>Sprecher: Martin Ke\u00dfler, Norbert Langer, Bodo Wolf, Marcel Coll\u00e9, Tammo Kaulbarsch, Dirc Simpson, Kevin Kasper, Marc Sch\u00fclert, Detlef Tams, Hans-Eckart Eckhardt, Janis Zaurins, Lutz Mackensy<\/p>\n","protected":false},"featured_media":9740,"template":"","meta":[],"product_brand":[],"product_cat":[199,425],"product_tag":[],"class_list":{"0":"post-9781","1":"product","2":"type-product","3":"status-publish","4":"has-post-thumbnail","6":"product_cat-hoerspiele-en","7":"product_cat-sherlock-holmes-und-co-en","8":"product_shipping_class-tontraeger-cd-en","9":"entry","10":"clearfix","11":"entry-grid","12":"entry-columns-3","13":"entry-product-module-layout-sidebar-right","14":"thumbnail-color-tone-dark","15":"entry-product","17":"entry-product-grid","19":"first","20":"instock","21":"sale","22":"taxable","23":"shipping-taxable","24":"purchasable","25":"product-type-simple"},"yoast_head":"<!-- This site is optimized with the Yoast SEO plugin v27.3 - https:\/\/yoast.com\/product\/yoast-seo-wordpress\/ -->\n<title>Sherlock Holmes und Co. 63: Verh\u00e4ngnisvolle Hoffnung<\/title>\n<meta name=\"description\" content=\"Ein Abenteuer mit der Denkmaschine Hutchison Hatch unter Mordverdacht! Statt eines Informanten erwartet den Reporter am vereinbarten Treffpunkt ein Sterbender. Welche Absichten verfolgt der undurchschaubare Inspektor Gibson, der Hatch zun\u00e4chst auf freien Fu\u00df setzt, nur um ihn kurz darauf wieder zu verhaften? Es liegt nun an Professor Van Dusen und Hatchs jungen Kollegen Jerry Harper seine Unschuld zu beweisen. Dabei kommen sie einer Verbrecherbande auf die Spur, f\u00fcr die ein Menschenleben keinen Wert, au\u00dfer den klingender M\u00fcnze besitzt. ca. 60 Minuten Laufzeit Autor: Markus Duschek Sprecher: Martin Ke\u00dfler, Norbert Langer, Bodo Wolf, Marcel Coll\u00e9, Tammo Kaulbarsch, Dirc Simpson, Kevin Kasper, Marc Sch\u00fclert, Detlef Tams, Hans-Eckart Eckhardt, Janis Zaurins, Lutz Mackensy\" \/>\n<meta name=\"robots\" content=\"index, follow, max-snippet:-1, max-image-preview:large, max-video-preview:-1\" \/>\n<link rel=\"canonical\" href=\"https:\/\/www.allscore.de\/shop\/en\/produkt\/sherlock-holmes-und-co-63-verhaengnisvolle-hoffnung\/\" \/>\n<meta property=\"og:locale\" content=\"en_US\" \/>\n<meta property=\"og:type\" content=\"article\" \/>\n<meta property=\"og:title\" content=\"Sherlock Holmes und Co. 63: Verh\u00e4ngnisvolle Hoffnung\" \/>\n<meta property=\"og:description\" content=\"Ein Abenteuer mit der Denkmaschine Hutchison Hatch unter Mordverdacht! Statt eines Informanten erwartet den Reporter am vereinbarten Treffpunkt ein Sterbender. Welche Absichten verfolgt der undurchschaubare Inspektor Gibson, der Hatch zun\u00e4chst auf freien Fu\u00df setzt, nur um ihn kurz darauf wieder zu verhaften? Es liegt nun an Professor Van Dusen und Hatchs jungen Kollegen Jerry Harper seine Unschuld zu beweisen. Dabei kommen sie einer Verbrecherbande auf die Spur, f\u00fcr die ein Menschenleben keinen Wert, au\u00dfer den klingender M\u00fcnze besitzt. ca. 60 Minuten Laufzeit Autor: Markus Duschek Sprecher: Martin Ke\u00dfler, Norbert Langer, Bodo Wolf, Marcel Coll\u00e9, Tammo Kaulbarsch, Dirc Simpson, Kevin Kasper, Marc Sch\u00fclert, Detlef Tams, Hans-Eckart Eckhardt, Janis Zaurins, Lutz Mackensy\" \/>\n<meta property=\"og:url\" content=\"https:\/\/www.allscore.de\/shop\/en\/produkt\/sherlock-holmes-und-co-63-verhaengnisvolle-hoffnung\/\" \/>\n<meta property=\"og:site_name\" content=\"Allscore Shop\" \/>\n<meta property=\"article:modified_time\" content=\"2024-02-13T17:03:20+00:00\" \/>\n<meta property=\"og:image\" content=\"https:\/\/www.allscore.de\/shop\/wp-content\/uploads\/2021\/03\/SHCo63_1200px.jpg\" \/>\n\t<meta property=\"og:image:width\" content=\"1200\" \/>\n\t<meta property=\"og:image:height\" content=\"1200\" \/>\n\t<meta property=\"og:image:type\" content=\"image\/jpeg\" \/>\n<meta name=\"twitter:card\" content=\"summary_large_image\" \/>\n<script type=\"application\/ld+json\" class=\"yoast-schema-graph\">{\"@context\":\"https:\\\/\\\/schema.org\",\"@graph\":[{\"@type\":\"WebPage\",\"@id\":\"https:\\\/\\\/www.allscore.de\\\/shop\\\/en\\\/produkt\\\/sherlock-holmes-und-co-63-verhaengnisvolle-hoffnung\\\/\",\"url\":\"https:\\\/\\\/www.allscore.de\\\/shop\\\/en\\\/produkt\\\/sherlock-holmes-und-co-63-verhaengnisvolle-hoffnung\\\/\",\"name\":\"Sherlock Holmes und Co. 63: Verh\u00e4ngnisvolle Hoffnung\",\"isPartOf\":{\"@id\":\"https:\\\/\\\/www.allscore.de\\\/shop\\\/en\\\/#website\"},\"primaryImageOfPage\":{\"@id\":\"https:\\\/\\\/www.allscore.de\\\/shop\\\/en\\\/produkt\\\/sherlock-holmes-und-co-63-verhaengnisvolle-hoffnung\\\/#primaryimage\"},\"image\":{\"@id\":\"https:\\\/\\\/www.allscore.de\\\/shop\\\/en\\\/produkt\\\/sherlock-holmes-und-co-63-verhaengnisvolle-hoffnung\\\/#primaryimage\"},\"thumbnailUrl\":\"https:\\\/\\\/www.allscore.de\\\/shop\\\/wp-content\\\/uploads\\\/2021\\\/03\\\/SHCo63_1200px.jpg\",\"datePublished\":\"2021-05-01T15:40:55+00:00\",\"dateModified\":\"2024-02-13T17:03:20+00:00\",\"description\":\"Ein Abenteuer mit der Denkmaschine Hutchison Hatch unter Mordverdacht! Statt eines Informanten erwartet den Reporter am vereinbarten Treffpunkt ein Sterbender. Welche Absichten verfolgt der undurchschaubare Inspektor Gibson, der Hatch zun\u00e4chst auf freien Fu\u00df setzt, nur um ihn kurz darauf wieder zu verhaften? Es liegt nun an Professor Van Dusen und Hatchs jungen Kollegen Jerry Harper seine Unschuld zu beweisen. Dabei kommen sie einer Verbrecherbande auf die Spur, f\u00fcr die ein Menschenleben keinen Wert, au\u00dfer den klingender M\u00fcnze besitzt. ca. 60 Minuten Laufzeit Autor: Markus Duschek Sprecher: Martin Ke\u00dfler, Norbert Langer, Bodo Wolf, Marcel Coll\u00e9, Tammo Kaulbarsch, Dirc Simpson, Kevin Kasper, Marc Sch\u00fclert, Detlef Tams, Hans-Eckart Eckhardt, Janis Zaurins, Lutz Mackensy\",\"breadcrumb\":{\"@id\":\"https:\\\/\\\/www.allscore.de\\\/shop\\\/en\\\/produkt\\\/sherlock-holmes-und-co-63-verhaengnisvolle-hoffnung\\\/#breadcrumb\"},\"inLanguage\":\"en-US\",\"potentialAction\":[{\"@type\":\"ReadAction\",\"target\":[\"https:\\\/\\\/www.allscore.de\\\/shop\\\/en\\\/produkt\\\/sherlock-holmes-und-co-63-verhaengnisvolle-hoffnung\\\/\"]}]},{\"@type\":\"ImageObject\",\"inLanguage\":\"en-US\",\"@id\":\"https:\\\/\\\/www.allscore.de\\\/shop\\\/en\\\/produkt\\\/sherlock-holmes-und-co-63-verhaengnisvolle-hoffnung\\\/#primaryimage\",\"url\":\"https:\\\/\\\/www.allscore.de\\\/shop\\\/wp-content\\\/uploads\\\/2021\\\/03\\\/SHCo63_1200px.jpg\",\"contentUrl\":\"https:\\\/\\\/www.allscore.de\\\/shop\\\/wp-content\\\/uploads\\\/2021\\\/03\\\/SHCo63_1200px.jpg\",\"width\":1200,\"height\":1200,\"caption\":\"Sherlock Holmes und Co. 63: Verh\u00e4ngnisvolle Hoffnung\"},{\"@type\":\"BreadcrumbList\",\"@id\":\"https:\\\/\\\/www.allscore.de\\\/shop\\\/en\\\/produkt\\\/sherlock-holmes-und-co-63-verhaengnisvolle-hoffnung\\\/#breadcrumb\",\"itemListElement\":[{\"@type\":\"ListItem\",\"position\":1,\"name\":\"Startseite\",\"item\":\"https:\\\/\\\/www.allscore.de\\\/shop\\\/en\\\/\"},{\"@type\":\"ListItem\",\"position\":2,\"name\":\"Products\",\"item\":\"https:\\\/\\\/www.allscore.de\\\/shop\\\/en\\\/shop\\\/\"},{\"@type\":\"ListItem\",\"position\":3,\"name\":\"Sherlock Holmes und Co. 63: Verh\u00e4ngnisvolle Hoffnung\"}]},{\"@type\":\"WebSite\",\"@id\":\"https:\\\/\\\/www.allscore.de\\\/shop\\\/en\\\/#website\",\"url\":\"https:\\\/\\\/www.allscore.de\\\/shop\\\/en\\\/\",\"name\":\"Allscore Shop\",\"description\":\"All Score Media\",\"publisher\":{\"@id\":\"https:\\\/\\\/www.allscore.de\\\/shop\\\/en\\\/#organization\"},\"potentialAction\":[{\"@type\":\"SearchAction\",\"target\":{\"@type\":\"EntryPoint\",\"urlTemplate\":\"https:\\\/\\\/www.allscore.de\\\/shop\\\/en\\\/?s={search_term_string}\"},\"query-input\":{\"@type\":\"PropertyValueSpecification\",\"valueRequired\":true,\"valueName\":\"search_term_string\"}}],\"inLanguage\":\"en-US\"},{\"@type\":\"Organization\",\"@id\":\"https:\\\/\\\/www.allscore.de\\\/shop\\\/en\\\/#organization\",\"name\":\"All Score Media\",\"alternateName\":\"Allscore\",\"url\":\"https:\\\/\\\/www.allscore.de\\\/shop\\\/en\\\/\",\"logo\":{\"@type\":\"ImageObject\",\"inLanguage\":\"en-US\",\"@id\":\"https:\\\/\\\/www.allscore.de\\\/shop\\\/en\\\/#\\\/schema\\\/logo\\\/image\\\/\",\"url\":\"https:\\\/\\\/www.allscore.de\\\/shop\\\/wp-content\\\/uploads\\\/2026\\\/01\\\/Logo_Yoast_Shop_2026.png\",\"contentUrl\":\"https:\\\/\\\/www.allscore.de\\\/shop\\\/wp-content\\\/uploads\\\/2026\\\/01\\\/Logo_Yoast_Shop_2026.png\",\"width\":696,\"height\":696,\"caption\":\"All Score Media\"},\"image\":{\"@id\":\"https:\\\/\\\/www.allscore.de\\\/shop\\\/en\\\/#\\\/schema\\\/logo\\\/image\\\/\"}}]}<\/script>\n<!-- \/ Yoast SEO plugin. -->","yoast_head_json":{"title":"Sherlock Holmes und Co. 63: Verh\u00e4ngnisvolle Hoffnung","description":"Ein Abenteuer mit der Denkmaschine Hutchison Hatch unter Mordverdacht! Statt eines Informanten erwartet den Reporter am vereinbarten Treffpunkt ein Sterbender. Welche Absichten verfolgt der undurchschaubare Inspektor Gibson, der Hatch zun\u00e4chst auf freien Fu\u00df setzt, nur um ihn kurz darauf wieder zu verhaften? Es liegt nun an Professor Van Dusen und Hatchs jungen Kollegen Jerry Harper seine Unschuld zu beweisen. Dabei kommen sie einer Verbrecherbande auf die Spur, f\u00fcr die ein Menschenleben keinen Wert, au\u00dfer den klingender M\u00fcnze besitzt. ca. 60 Minuten Laufzeit Autor: Markus Duschek Sprecher: Martin Ke\u00dfler, Norbert Langer, Bodo Wolf, Marcel Coll\u00e9, Tammo Kaulbarsch, Dirc Simpson, Kevin Kasper, Marc Sch\u00fclert, Detlef Tams, Hans-Eckart Eckhardt, Janis Zaurins, Lutz Mackensy","robots":{"index":"index","follow":"follow","max-snippet":"max-snippet:-1","max-image-preview":"max-image-preview:large","max-video-preview":"max-video-preview:-1"},"canonical":"https:\/\/www.allscore.de\/shop\/en\/produkt\/sherlock-holmes-und-co-63-verhaengnisvolle-hoffnung\/","og_locale":"en_US","og_type":"article","og_title":"Sherlock Holmes und Co. 63: Verh\u00e4ngnisvolle Hoffnung","og_description":"Ein Abenteuer mit der Denkmaschine Hutchison Hatch unter Mordverdacht! Statt eines Informanten erwartet den Reporter am vereinbarten Treffpunkt ein Sterbender. Welche Absichten verfolgt der undurchschaubare Inspektor Gibson, der Hatch zun\u00e4chst auf freien Fu\u00df setzt, nur um ihn kurz darauf wieder zu verhaften? Es liegt nun an Professor Van Dusen und Hatchs jungen Kollegen Jerry Harper seine Unschuld zu beweisen. Dabei kommen sie einer Verbrecherbande auf die Spur, f\u00fcr die ein Menschenleben keinen Wert, au\u00dfer den klingender M\u00fcnze besitzt. ca. 60 Minuten Laufzeit Autor: Markus Duschek Sprecher: Martin Ke\u00dfler, Norbert Langer, Bodo Wolf, Marcel Coll\u00e9, Tammo Kaulbarsch, Dirc Simpson, Kevin Kasper, Marc Sch\u00fclert, Detlef Tams, Hans-Eckart Eckhardt, Janis Zaurins, Lutz Mackensy","og_url":"https:\/\/www.allscore.de\/shop\/en\/produkt\/sherlock-holmes-und-co-63-verhaengnisvolle-hoffnung\/","og_site_name":"Allscore Shop","article_modified_time":"2024-02-13T17:03:20+00:00","og_image":[{"width":1200,"height":1200,"url":"https:\/\/www.allscore.de\/shop\/wp-content\/uploads\/2021\/03\/SHCo63_1200px.jpg","type":"image\/jpeg"}],"twitter_card":"summary_large_image","schema":{"@context":"https:\/\/schema.org","@graph":[{"@type":"WebPage","@id":"https:\/\/www.allscore.de\/shop\/en\/produkt\/sherlock-holmes-und-co-63-verhaengnisvolle-hoffnung\/","url":"https:\/\/www.allscore.de\/shop\/en\/produkt\/sherlock-holmes-und-co-63-verhaengnisvolle-hoffnung\/","name":"Sherlock Holmes und Co. 63: Verh\u00e4ngnisvolle Hoffnung","isPartOf":{"@id":"https:\/\/www.allscore.de\/shop\/en\/#website"},"primaryImageOfPage":{"@id":"https:\/\/www.allscore.de\/shop\/en\/produkt\/sherlock-holmes-und-co-63-verhaengnisvolle-hoffnung\/#primaryimage"},"image":{"@id":"https:\/\/www.allscore.de\/shop\/en\/produkt\/sherlock-holmes-und-co-63-verhaengnisvolle-hoffnung\/#primaryimage"},"thumbnailUrl":"https:\/\/www.allscore.de\/shop\/wp-content\/uploads\/2021\/03\/SHCo63_1200px.jpg","datePublished":"2021-05-01T15:40:55+00:00","dateModified":"2024-02-13T17:03:20+00:00","description":"Ein Abenteuer mit der Denkmaschine Hutchison Hatch unter Mordverdacht! Statt eines Informanten erwartet den Reporter am vereinbarten Treffpunkt ein Sterbender. Welche Absichten verfolgt der undurchschaubare Inspektor Gibson, der Hatch zun\u00e4chst auf freien Fu\u00df setzt, nur um ihn kurz darauf wieder zu verhaften? Es liegt nun an Professor Van Dusen und Hatchs jungen Kollegen Jerry Harper seine Unschuld zu beweisen. Dabei kommen sie einer Verbrecherbande auf die Spur, f\u00fcr die ein Menschenleben keinen Wert, au\u00dfer den klingender M\u00fcnze besitzt. ca. 60 Minuten Laufzeit Autor: Markus Duschek Sprecher: Martin Ke\u00dfler, Norbert Langer, Bodo Wolf, Marcel Coll\u00e9, Tammo Kaulbarsch, Dirc Simpson, Kevin Kasper, Marc Sch\u00fclert, Detlef Tams, Hans-Eckart Eckhardt, Janis Zaurins, Lutz Mackensy","breadcrumb":{"@id":"https:\/\/www.allscore.de\/shop\/en\/produkt\/sherlock-holmes-und-co-63-verhaengnisvolle-hoffnung\/#breadcrumb"},"inLanguage":"en-US","potentialAction":[{"@type":"ReadAction","target":["https:\/\/www.allscore.de\/shop\/en\/produkt\/sherlock-holmes-und-co-63-verhaengnisvolle-hoffnung\/"]}]},{"@type":"ImageObject","inLanguage":"en-US","@id":"https:\/\/www.allscore.de\/shop\/en\/produkt\/sherlock-holmes-und-co-63-verhaengnisvolle-hoffnung\/#primaryimage","url":"https:\/\/www.allscore.de\/shop\/wp-content\/uploads\/2021\/03\/SHCo63_1200px.jpg","contentUrl":"https:\/\/www.allscore.de\/shop\/wp-content\/uploads\/2021\/03\/SHCo63_1200px.jpg","width":1200,"height":1200,"caption":"Sherlock Holmes und Co. 63: Verh\u00e4ngnisvolle Hoffnung"},{"@type":"BreadcrumbList","@id":"https:\/\/www.allscore.de\/shop\/en\/produkt\/sherlock-holmes-und-co-63-verhaengnisvolle-hoffnung\/#breadcrumb","itemListElement":[{"@type":"ListItem","position":1,"name":"Startseite","item":"https:\/\/www.allscore.de\/shop\/en\/"},{"@type":"ListItem","position":2,"name":"Products","item":"https:\/\/www.allscore.de\/shop\/en\/shop\/"},{"@type":"ListItem","position":3,"name":"Sherlock Holmes und Co. 63: Verh\u00e4ngnisvolle Hoffnung"}]},{"@type":"WebSite","@id":"https:\/\/www.allscore.de\/shop\/en\/#website","url":"https:\/\/www.allscore.de\/shop\/en\/","name":"Allscore Shop","description":"All Score Media","publisher":{"@id":"https:\/\/www.allscore.de\/shop\/en\/#organization"},"potentialAction":[{"@type":"SearchAction","target":{"@type":"EntryPoint","urlTemplate":"https:\/\/www.allscore.de\/shop\/en\/?s={search_term_string}"},"query-input":{"@type":"PropertyValueSpecification","valueRequired":true,"valueName":"search_term_string"}}],"inLanguage":"en-US"},{"@type":"Organization","@id":"https:\/\/www.allscore.de\/shop\/en\/#organization","name":"All Score Media","alternateName":"Allscore","url":"https:\/\/www.allscore.de\/shop\/en\/","logo":{"@type":"ImageObject","inLanguage":"en-US","@id":"https:\/\/www.allscore.de\/shop\/en\/#\/schema\/logo\/image\/","url":"https:\/\/www.allscore.de\/shop\/wp-content\/uploads\/2026\/01\/Logo_Yoast_Shop_2026.png","contentUrl":"https:\/\/www.allscore.de\/shop\/wp-content\/uploads\/2026\/01\/Logo_Yoast_Shop_2026.png","width":696,"height":696,"caption":"All Score Media"},"image":{"@id":"https:\/\/www.allscore.de\/shop\/en\/#\/schema\/logo\/image\/"}}]}},"_links":{"self":[{"href":"https:\/\/www.allscore.de\/shop\/en\/wp-json\/wp\/v2\/product\/9781","targetHints":{"allow":["GET"]}}],"collection":[{"href":"https:\/\/www.allscore.de\/shop\/en\/wp-json\/wp\/v2\/product"}],"about":[{"href":"https:\/\/www.allscore.de\/shop\/en\/wp-json\/wp\/v2\/types\/product"}],"wp:featuredmedia":[{"embeddable":true,"href":"https:\/\/www.allscore.de\/shop\/en\/wp-json\/wp\/v2\/media\/9740"}],"wp:attachment":[{"href":"https:\/\/www.allscore.de\/shop\/en\/wp-json\/wp\/v2\/media?parent=9781"}],"wp:term":[{"taxonomy":"product_brand","embeddable":true,"href":"https:\/\/www.allscore.de\/shop\/en\/wp-json\/wp\/v2\/product_brand?post=9781"},{"taxonomy":"product_cat","embeddable":true,"href":"https:\/\/www.allscore.de\/shop\/en\/wp-json\/wp\/v2\/product_cat?post=9781"},{"taxonomy":"product_tag","embeddable":true,"href":"https:\/\/www.allscore.de\/shop\/en\/wp-json\/wp\/v2\/product_tag?post=9781"}],"curies":[{"name":"wp","href":"https:\/\/api.w.org\/{rel}","templated":true}]}}