{"id":9777,"date":"2021-03-30T17:33:03","date_gmt":"2021-03-30T15:33:03","guid":{"rendered":"https:\/\/www.allscore.de\/shop\/?post_type=product&#038;p=9777"},"modified":"2024-02-13T18:03:25","modified_gmt":"2024-02-13T17:03:25","slug":"sherlock-holmes-und-co-61-die-spur-des-verderbens-teil-1","status":"publish","type":"product","link":"https:\/\/www.allscore.de\/shop\/en\/produkt\/sherlock-holmes-und-co-61-die-spur-des-verderbens-teil-1\/","title":{"rendered":"Sherlock Holmes und Co. 61: Die Spur des Verderbens (Teil 1)"},"content":{"rendered":"","protected":false},"excerpt":{"rendered":"<p>Ein Abenteuer mit Sherlock Holmes<\/p>\n<p>Ein grauenhafter Mord ereignet sich direkt in der Baker Street Nr. 221B. Sherlock Holmes und sein Begleiter Dr. Watson stehen vor einem der gr\u00f6\u00dften R\u00e4tsel ihrer Laufbahn. Allem Anschein nach ist eine wertvolle Skulptur der indischen G\u00f6ttin Kali Bestandteil dieses Falls. Holmes und Watson jagen fortan nicht nur einem gewissenlosen M\u00f6rder hinterher, sondern m\u00fcssen zudem versuchen, das Geheimnis um das Verschwinden der Skulptur zu ergr\u00fcnden. Doch immer wenn sie die Spur des Verderbens wieder aufgenommen haben, geschieht wieder etwas Unvorhergesehenes. Verl\u00e4sslich ist offenbar nur eines: Die Todesg\u00f6ttin Kali macht ihrem Namen alle Ehre.<\/p>\n<p>ca. 60 Minuten Laufzeit<\/p>\n<p>Autor: Marc Freund<\/p>\n<p>Sprecher: Charles Rettinghaus, Florian Halm, Jaron L\u00f6wenberg, Peter Kirchberger, Tobias Kluckert, Anke Reitzenstein, Kevin Kasper, Janis Zaurins, Dirc Simpson, Stefan Krause, Lutz Mackensy<\/p>\n","protected":false},"featured_media":9736,"template":"","meta":[],"product_brand":[],"product_cat":[199,425],"product_tag":[],"class_list":{"0":"post-9777","1":"product","2":"type-product","3":"status-publish","4":"has-post-thumbnail","6":"product_cat-hoerspiele-en","7":"product_cat-sherlock-holmes-und-co-en","8":"product_shipping_class-tontraeger-cd-en","9":"entry","10":"clearfix","11":"entry-grid","12":"entry-columns-3","13":"entry-product-module-layout-sidebar-right","14":"thumbnail-color-tone-dark","15":"entry-product","17":"entry-product-grid","19":"first","20":"instock","21":"taxable","22":"shipping-taxable","23":"purchasable","24":"product-type-simple"},"yoast_head":"<!-- This site is optimized with the Yoast SEO plugin v27.3 - https:\/\/yoast.com\/product\/yoast-seo-wordpress\/ -->\n<title>Sherlock Holmes und Co. 61: Die Spur des Verderbens (Teil 1)<\/title>\n<meta name=\"description\" content=\"Ein Abenteuer mit Sherlock Holmes Ein grauenhafter Mord ereignet sich direkt in der Baker Street Nr. 221B. Sherlock Holmes und sein Begleiter Dr. Watson stehen vor einem der gr\u00f6\u00dften R\u00e4tsel ihrer Laufbahn. Allem Anschein nach ist eine wertvolle Skulptur der indischen G\u00f6ttin Kali Bestandteil dieses Falls. Holmes und Watson jagen fortan nicht nur einem gewissenlosen M\u00f6rder hinterher, sondern m\u00fcssen zudem versuchen, das Geheimnis um das Verschwinden der Skulptur zu ergr\u00fcnden. Doch immer wenn sie die Spur des Verderbens wieder aufgenommen haben, geschieht wieder etwas Unvorhergesehenes. Verl\u00e4sslich ist offenbar nur eines: Die Todesg\u00f6ttin Kali macht ihrem Namen alle Ehre. ca. 60 Minuten Laufzeit Autor: Marc Freund Sprecher: Charles Rettinghaus, Florian Halm, Jaron L\u00f6wenberg, Peter Kirchberger, Tobias Kluckert, Anke Reitzenstein, Kevin Kasper, Janis Zaurins, Dirc Simpson, Stefan Krause, Lutz Mackensy\" \/>\n<meta name=\"robots\" content=\"index, follow, max-snippet:-1, max-image-preview:large, max-video-preview:-1\" \/>\n<link rel=\"canonical\" href=\"https:\/\/www.allscore.de\/shop\/en\/produkt\/sherlock-holmes-und-co-61-die-spur-des-verderbens-teil-1\/\" \/>\n<meta property=\"og:locale\" content=\"en_US\" \/>\n<meta property=\"og:type\" content=\"article\" \/>\n<meta property=\"og:title\" content=\"Sherlock Holmes und Co. 61: Die Spur des Verderbens (Teil 1)\" \/>\n<meta property=\"og:description\" content=\"Ein Abenteuer mit Sherlock Holmes Ein grauenhafter Mord ereignet sich direkt in der Baker Street Nr. 221B. Sherlock Holmes und sein Begleiter Dr. Watson stehen vor einem der gr\u00f6\u00dften R\u00e4tsel ihrer Laufbahn. Allem Anschein nach ist eine wertvolle Skulptur der indischen G\u00f6ttin Kali Bestandteil dieses Falls. Holmes und Watson jagen fortan nicht nur einem gewissenlosen M\u00f6rder hinterher, sondern m\u00fcssen zudem versuchen, das Geheimnis um das Verschwinden der Skulptur zu ergr\u00fcnden. Doch immer wenn sie die Spur des Verderbens wieder aufgenommen haben, geschieht wieder etwas Unvorhergesehenes. Verl\u00e4sslich ist offenbar nur eines: Die Todesg\u00f6ttin Kali macht ihrem Namen alle Ehre. ca. 60 Minuten Laufzeit Autor: Marc Freund Sprecher: Charles Rettinghaus, Florian Halm, Jaron L\u00f6wenberg, Peter Kirchberger, Tobias Kluckert, Anke Reitzenstein, Kevin Kasper, Janis Zaurins, Dirc Simpson, Stefan Krause, Lutz Mackensy\" \/>\n<meta property=\"og:url\" content=\"https:\/\/www.allscore.de\/shop\/en\/produkt\/sherlock-holmes-und-co-61-die-spur-des-verderbens-teil-1\/\" \/>\n<meta property=\"og:site_name\" content=\"Allscore Shop\" \/>\n<meta property=\"article:modified_time\" content=\"2024-02-13T17:03:25+00:00\" \/>\n<meta property=\"og:image\" content=\"https:\/\/www.allscore.de\/shop\/wp-content\/uploads\/2021\/03\/SHCo61_1200px.jpg\" \/>\n\t<meta property=\"og:image:width\" content=\"1200\" \/>\n\t<meta property=\"og:image:height\" content=\"1200\" \/>\n\t<meta property=\"og:image:type\" content=\"image\/jpeg\" \/>\n<meta name=\"twitter:card\" content=\"summary_large_image\" \/>\n<script type=\"application\/ld+json\" class=\"yoast-schema-graph\">{\"@context\":\"https:\\\/\\\/schema.org\",\"@graph\":[{\"@type\":\"WebPage\",\"@id\":\"https:\\\/\\\/www.allscore.de\\\/shop\\\/en\\\/produkt\\\/sherlock-holmes-und-co-61-die-spur-des-verderbens-teil-1\\\/\",\"url\":\"https:\\\/\\\/www.allscore.de\\\/shop\\\/en\\\/produkt\\\/sherlock-holmes-und-co-61-die-spur-des-verderbens-teil-1\\\/\",\"name\":\"Sherlock Holmes und Co. 61: Die Spur des Verderbens (Teil 1)\",\"isPartOf\":{\"@id\":\"https:\\\/\\\/www.allscore.de\\\/shop\\\/en\\\/#website\"},\"primaryImageOfPage\":{\"@id\":\"https:\\\/\\\/www.allscore.de\\\/shop\\\/en\\\/produkt\\\/sherlock-holmes-und-co-61-die-spur-des-verderbens-teil-1\\\/#primaryimage\"},\"image\":{\"@id\":\"https:\\\/\\\/www.allscore.de\\\/shop\\\/en\\\/produkt\\\/sherlock-holmes-und-co-61-die-spur-des-verderbens-teil-1\\\/#primaryimage\"},\"thumbnailUrl\":\"https:\\\/\\\/www.allscore.de\\\/shop\\\/wp-content\\\/uploads\\\/2021\\\/03\\\/SHCo61_1200px.jpg\",\"datePublished\":\"2021-03-30T15:33:03+00:00\",\"dateModified\":\"2024-02-13T17:03:25+00:00\",\"description\":\"Ein Abenteuer mit Sherlock Holmes Ein grauenhafter Mord ereignet sich direkt in der Baker Street Nr. 221B. Sherlock Holmes und sein Begleiter Dr. Watson stehen vor einem der gr\u00f6\u00dften R\u00e4tsel ihrer Laufbahn. Allem Anschein nach ist eine wertvolle Skulptur der indischen G\u00f6ttin Kali Bestandteil dieses Falls. Holmes und Watson jagen fortan nicht nur einem gewissenlosen M\u00f6rder hinterher, sondern m\u00fcssen zudem versuchen, das Geheimnis um das Verschwinden der Skulptur zu ergr\u00fcnden. Doch immer wenn sie die Spur des Verderbens wieder aufgenommen haben, geschieht wieder etwas Unvorhergesehenes. Verl\u00e4sslich ist offenbar nur eines: Die Todesg\u00f6ttin Kali macht ihrem Namen alle Ehre. ca. 60 Minuten Laufzeit Autor: Marc Freund Sprecher: Charles Rettinghaus, Florian Halm, Jaron L\u00f6wenberg, Peter Kirchberger, Tobias Kluckert, Anke Reitzenstein, Kevin Kasper, Janis Zaurins, Dirc Simpson, Stefan Krause, Lutz Mackensy\",\"breadcrumb\":{\"@id\":\"https:\\\/\\\/www.allscore.de\\\/shop\\\/en\\\/produkt\\\/sherlock-holmes-und-co-61-die-spur-des-verderbens-teil-1\\\/#breadcrumb\"},\"inLanguage\":\"en-US\",\"potentialAction\":[{\"@type\":\"ReadAction\",\"target\":[\"https:\\\/\\\/www.allscore.de\\\/shop\\\/en\\\/produkt\\\/sherlock-holmes-und-co-61-die-spur-des-verderbens-teil-1\\\/\"]}]},{\"@type\":\"ImageObject\",\"inLanguage\":\"en-US\",\"@id\":\"https:\\\/\\\/www.allscore.de\\\/shop\\\/en\\\/produkt\\\/sherlock-holmes-und-co-61-die-spur-des-verderbens-teil-1\\\/#primaryimage\",\"url\":\"https:\\\/\\\/www.allscore.de\\\/shop\\\/wp-content\\\/uploads\\\/2021\\\/03\\\/SHCo61_1200px.jpg\",\"contentUrl\":\"https:\\\/\\\/www.allscore.de\\\/shop\\\/wp-content\\\/uploads\\\/2021\\\/03\\\/SHCo61_1200px.jpg\",\"width\":1200,\"height\":1200,\"caption\":\"Sherlock Holmes und Co. 61: Die Spur des Verderbens (Teil 1)\"},{\"@type\":\"BreadcrumbList\",\"@id\":\"https:\\\/\\\/www.allscore.de\\\/shop\\\/en\\\/produkt\\\/sherlock-holmes-und-co-61-die-spur-des-verderbens-teil-1\\\/#breadcrumb\",\"itemListElement\":[{\"@type\":\"ListItem\",\"position\":1,\"name\":\"Startseite\",\"item\":\"https:\\\/\\\/www.allscore.de\\\/shop\\\/en\\\/\"},{\"@type\":\"ListItem\",\"position\":2,\"name\":\"Products\",\"item\":\"https:\\\/\\\/www.allscore.de\\\/shop\\\/en\\\/shop\\\/\"},{\"@type\":\"ListItem\",\"position\":3,\"name\":\"Sherlock Holmes und Co. 61: Die Spur des Verderbens (Teil 1)\"}]},{\"@type\":\"WebSite\",\"@id\":\"https:\\\/\\\/www.allscore.de\\\/shop\\\/en\\\/#website\",\"url\":\"https:\\\/\\\/www.allscore.de\\\/shop\\\/en\\\/\",\"name\":\"Allscore Shop\",\"description\":\"All Score Media\",\"publisher\":{\"@id\":\"https:\\\/\\\/www.allscore.de\\\/shop\\\/en\\\/#organization\"},\"potentialAction\":[{\"@type\":\"SearchAction\",\"target\":{\"@type\":\"EntryPoint\",\"urlTemplate\":\"https:\\\/\\\/www.allscore.de\\\/shop\\\/en\\\/?s={search_term_string}\"},\"query-input\":{\"@type\":\"PropertyValueSpecification\",\"valueRequired\":true,\"valueName\":\"search_term_string\"}}],\"inLanguage\":\"en-US\"},{\"@type\":\"Organization\",\"@id\":\"https:\\\/\\\/www.allscore.de\\\/shop\\\/en\\\/#organization\",\"name\":\"All Score Media\",\"alternateName\":\"Allscore\",\"url\":\"https:\\\/\\\/www.allscore.de\\\/shop\\\/en\\\/\",\"logo\":{\"@type\":\"ImageObject\",\"inLanguage\":\"en-US\",\"@id\":\"https:\\\/\\\/www.allscore.de\\\/shop\\\/en\\\/#\\\/schema\\\/logo\\\/image\\\/\",\"url\":\"https:\\\/\\\/www.allscore.de\\\/shop\\\/wp-content\\\/uploads\\\/2026\\\/01\\\/Logo_Yoast_Shop_2026.png\",\"contentUrl\":\"https:\\\/\\\/www.allscore.de\\\/shop\\\/wp-content\\\/uploads\\\/2026\\\/01\\\/Logo_Yoast_Shop_2026.png\",\"width\":696,\"height\":696,\"caption\":\"All Score Media\"},\"image\":{\"@id\":\"https:\\\/\\\/www.allscore.de\\\/shop\\\/en\\\/#\\\/schema\\\/logo\\\/image\\\/\"}}]}<\/script>\n<!-- \/ Yoast SEO plugin. -->","yoast_head_json":{"title":"Sherlock Holmes und Co. 61: Die Spur des Verderbens (Teil 1)","description":"Ein Abenteuer mit Sherlock Holmes Ein grauenhafter Mord ereignet sich direkt in der Baker Street Nr. 221B. Sherlock Holmes und sein Begleiter Dr. Watson stehen vor einem der gr\u00f6\u00dften R\u00e4tsel ihrer Laufbahn. Allem Anschein nach ist eine wertvolle Skulptur der indischen G\u00f6ttin Kali Bestandteil dieses Falls. Holmes und Watson jagen fortan nicht nur einem gewissenlosen M\u00f6rder hinterher, sondern m\u00fcssen zudem versuchen, das Geheimnis um das Verschwinden der Skulptur zu ergr\u00fcnden. Doch immer wenn sie die Spur des Verderbens wieder aufgenommen haben, geschieht wieder etwas Unvorhergesehenes. Verl\u00e4sslich ist offenbar nur eines: Die Todesg\u00f6ttin Kali macht ihrem Namen alle Ehre. ca. 60 Minuten Laufzeit Autor: Marc Freund Sprecher: Charles Rettinghaus, Florian Halm, Jaron L\u00f6wenberg, Peter Kirchberger, Tobias Kluckert, Anke Reitzenstein, Kevin Kasper, Janis Zaurins, Dirc Simpson, Stefan Krause, Lutz Mackensy","robots":{"index":"index","follow":"follow","max-snippet":"max-snippet:-1","max-image-preview":"max-image-preview:large","max-video-preview":"max-video-preview:-1"},"canonical":"https:\/\/www.allscore.de\/shop\/en\/produkt\/sherlock-holmes-und-co-61-die-spur-des-verderbens-teil-1\/","og_locale":"en_US","og_type":"article","og_title":"Sherlock Holmes und Co. 61: Die Spur des Verderbens (Teil 1)","og_description":"Ein Abenteuer mit Sherlock Holmes Ein grauenhafter Mord ereignet sich direkt in der Baker Street Nr. 221B. Sherlock Holmes und sein Begleiter Dr. Watson stehen vor einem der gr\u00f6\u00dften R\u00e4tsel ihrer Laufbahn. Allem Anschein nach ist eine wertvolle Skulptur der indischen G\u00f6ttin Kali Bestandteil dieses Falls. Holmes und Watson jagen fortan nicht nur einem gewissenlosen M\u00f6rder hinterher, sondern m\u00fcssen zudem versuchen, das Geheimnis um das Verschwinden der Skulptur zu ergr\u00fcnden. Doch immer wenn sie die Spur des Verderbens wieder aufgenommen haben, geschieht wieder etwas Unvorhergesehenes. Verl\u00e4sslich ist offenbar nur eines: Die Todesg\u00f6ttin Kali macht ihrem Namen alle Ehre. ca. 60 Minuten Laufzeit Autor: Marc Freund Sprecher: Charles Rettinghaus, Florian Halm, Jaron L\u00f6wenberg, Peter Kirchberger, Tobias Kluckert, Anke Reitzenstein, Kevin Kasper, Janis Zaurins, Dirc Simpson, Stefan Krause, Lutz Mackensy","og_url":"https:\/\/www.allscore.de\/shop\/en\/produkt\/sherlock-holmes-und-co-61-die-spur-des-verderbens-teil-1\/","og_site_name":"Allscore Shop","article_modified_time":"2024-02-13T17:03:25+00:00","og_image":[{"width":1200,"height":1200,"url":"https:\/\/www.allscore.de\/shop\/wp-content\/uploads\/2021\/03\/SHCo61_1200px.jpg","type":"image\/jpeg"}],"twitter_card":"summary_large_image","schema":{"@context":"https:\/\/schema.org","@graph":[{"@type":"WebPage","@id":"https:\/\/www.allscore.de\/shop\/en\/produkt\/sherlock-holmes-und-co-61-die-spur-des-verderbens-teil-1\/","url":"https:\/\/www.allscore.de\/shop\/en\/produkt\/sherlock-holmes-und-co-61-die-spur-des-verderbens-teil-1\/","name":"Sherlock Holmes und Co. 61: Die Spur des Verderbens (Teil 1)","isPartOf":{"@id":"https:\/\/www.allscore.de\/shop\/en\/#website"},"primaryImageOfPage":{"@id":"https:\/\/www.allscore.de\/shop\/en\/produkt\/sherlock-holmes-und-co-61-die-spur-des-verderbens-teil-1\/#primaryimage"},"image":{"@id":"https:\/\/www.allscore.de\/shop\/en\/produkt\/sherlock-holmes-und-co-61-die-spur-des-verderbens-teil-1\/#primaryimage"},"thumbnailUrl":"https:\/\/www.allscore.de\/shop\/wp-content\/uploads\/2021\/03\/SHCo61_1200px.jpg","datePublished":"2021-03-30T15:33:03+00:00","dateModified":"2024-02-13T17:03:25+00:00","description":"Ein Abenteuer mit Sherlock Holmes Ein grauenhafter Mord ereignet sich direkt in der Baker Street Nr. 221B. Sherlock Holmes und sein Begleiter Dr. Watson stehen vor einem der gr\u00f6\u00dften R\u00e4tsel ihrer Laufbahn. Allem Anschein nach ist eine wertvolle Skulptur der indischen G\u00f6ttin Kali Bestandteil dieses Falls. Holmes und Watson jagen fortan nicht nur einem gewissenlosen M\u00f6rder hinterher, sondern m\u00fcssen zudem versuchen, das Geheimnis um das Verschwinden der Skulptur zu ergr\u00fcnden. Doch immer wenn sie die Spur des Verderbens wieder aufgenommen haben, geschieht wieder etwas Unvorhergesehenes. Verl\u00e4sslich ist offenbar nur eines: Die Todesg\u00f6ttin Kali macht ihrem Namen alle Ehre. ca. 60 Minuten Laufzeit Autor: Marc Freund Sprecher: Charles Rettinghaus, Florian Halm, Jaron L\u00f6wenberg, Peter Kirchberger, Tobias Kluckert, Anke Reitzenstein, Kevin Kasper, Janis Zaurins, Dirc Simpson, Stefan Krause, Lutz Mackensy","breadcrumb":{"@id":"https:\/\/www.allscore.de\/shop\/en\/produkt\/sherlock-holmes-und-co-61-die-spur-des-verderbens-teil-1\/#breadcrumb"},"inLanguage":"en-US","potentialAction":[{"@type":"ReadAction","target":["https:\/\/www.allscore.de\/shop\/en\/produkt\/sherlock-holmes-und-co-61-die-spur-des-verderbens-teil-1\/"]}]},{"@type":"ImageObject","inLanguage":"en-US","@id":"https:\/\/www.allscore.de\/shop\/en\/produkt\/sherlock-holmes-und-co-61-die-spur-des-verderbens-teil-1\/#primaryimage","url":"https:\/\/www.allscore.de\/shop\/wp-content\/uploads\/2021\/03\/SHCo61_1200px.jpg","contentUrl":"https:\/\/www.allscore.de\/shop\/wp-content\/uploads\/2021\/03\/SHCo61_1200px.jpg","width":1200,"height":1200,"caption":"Sherlock Holmes und Co. 61: Die Spur des Verderbens (Teil 1)"},{"@type":"BreadcrumbList","@id":"https:\/\/www.allscore.de\/shop\/en\/produkt\/sherlock-holmes-und-co-61-die-spur-des-verderbens-teil-1\/#breadcrumb","itemListElement":[{"@type":"ListItem","position":1,"name":"Startseite","item":"https:\/\/www.allscore.de\/shop\/en\/"},{"@type":"ListItem","position":2,"name":"Products","item":"https:\/\/www.allscore.de\/shop\/en\/shop\/"},{"@type":"ListItem","position":3,"name":"Sherlock Holmes und Co. 61: Die Spur des Verderbens (Teil 1)"}]},{"@type":"WebSite","@id":"https:\/\/www.allscore.de\/shop\/en\/#website","url":"https:\/\/www.allscore.de\/shop\/en\/","name":"Allscore Shop","description":"All Score Media","publisher":{"@id":"https:\/\/www.allscore.de\/shop\/en\/#organization"},"potentialAction":[{"@type":"SearchAction","target":{"@type":"EntryPoint","urlTemplate":"https:\/\/www.allscore.de\/shop\/en\/?s={search_term_string}"},"query-input":{"@type":"PropertyValueSpecification","valueRequired":true,"valueName":"search_term_string"}}],"inLanguage":"en-US"},{"@type":"Organization","@id":"https:\/\/www.allscore.de\/shop\/en\/#organization","name":"All Score Media","alternateName":"Allscore","url":"https:\/\/www.allscore.de\/shop\/en\/","logo":{"@type":"ImageObject","inLanguage":"en-US","@id":"https:\/\/www.allscore.de\/shop\/en\/#\/schema\/logo\/image\/","url":"https:\/\/www.allscore.de\/shop\/wp-content\/uploads\/2026\/01\/Logo_Yoast_Shop_2026.png","contentUrl":"https:\/\/www.allscore.de\/shop\/wp-content\/uploads\/2026\/01\/Logo_Yoast_Shop_2026.png","width":696,"height":696,"caption":"All Score Media"},"image":{"@id":"https:\/\/www.allscore.de\/shop\/en\/#\/schema\/logo\/image\/"}}]}},"_links":{"self":[{"href":"https:\/\/www.allscore.de\/shop\/en\/wp-json\/wp\/v2\/product\/9777","targetHints":{"allow":["GET"]}}],"collection":[{"href":"https:\/\/www.allscore.de\/shop\/en\/wp-json\/wp\/v2\/product"}],"about":[{"href":"https:\/\/www.allscore.de\/shop\/en\/wp-json\/wp\/v2\/types\/product"}],"wp:featuredmedia":[{"embeddable":true,"href":"https:\/\/www.allscore.de\/shop\/en\/wp-json\/wp\/v2\/media\/9736"}],"wp:attachment":[{"href":"https:\/\/www.allscore.de\/shop\/en\/wp-json\/wp\/v2\/media?parent=9777"}],"wp:term":[{"taxonomy":"product_brand","embeddable":true,"href":"https:\/\/www.allscore.de\/shop\/en\/wp-json\/wp\/v2\/product_brand?post=9777"},{"taxonomy":"product_cat","embeddable":true,"href":"https:\/\/www.allscore.de\/shop\/en\/wp-json\/wp\/v2\/product_cat?post=9777"},{"taxonomy":"product_tag","embeddable":true,"href":"https:\/\/www.allscore.de\/shop\/en\/wp-json\/wp\/v2\/product_tag?post=9777"}],"curies":[{"name":"wp","href":"https:\/\/api.w.org\/{rel}","templated":true}]}}