{"id":9753,"date":"2019-03-01T16:48:16","date_gmt":"2019-03-01T15:48:16","guid":{"rendered":"https:\/\/www.allscore.de\/shop\/?post_type=product&#038;p=9753"},"modified":"2024-02-13T18:12:35","modified_gmt":"2024-02-13T17:12:35","slug":"sherlock-holmes-und-co-44-der-falschspieler-mit-dem-karo-ass","status":"publish","type":"product","link":"https:\/\/www.allscore.de\/shop\/en\/produkt\/sherlock-holmes-und-co-44-der-falschspieler-mit-dem-karo-ass\/","title":{"rendered":"Sherlock Holmes und Co. 44: Der Falschspieler mit dem Karo-Ass"},"content":{"rendered":"","protected":false},"excerpt":{"rendered":"<p>Ein Abenteuer mit Wayne McLair<\/p>\n<p>Paris im Jahr 1900. Bei einer \u00f6ffentlichen Hinrichtung verliert Wayne McLairs alter Freund Fips beinahe seinen Kopf. Offenbar ist der alte Gauner Opfer einer hinterh\u00e4ltigen Verschw\u00f6rung geworden, deren Drahtzieher sich aller Wahrscheinlichkeit nach in den allerbesten Kreisen Frankreichs aufh\u00e4lt. F\u00fcr den Meisterdieb McLair ist es eine Frage der Ehre, diesem schamlosen Treiben ein Ende zu setzen!<\/p>\n<p>ca. 75 Minuten Laufzeit<\/p>\n<p>Autor: Paul Burghardt<\/p>\n<p>Sprecher: Paul Burghardt, Thomas Kramer, Tanja Niehoff, Tom Steinbrecher, Detlef Tams, Carsten Steenbergen, Sascha Kr\u00fcger, Ingo Abel, Patrick Steiner, Stephanie Preis, Ina Bringenberg<\/p>\n","protected":false},"featured_media":9710,"template":"","meta":[],"product_brand":[],"product_cat":[199,425],"product_tag":[],"class_list":{"0":"post-9753","1":"product","2":"type-product","3":"status-publish","4":"has-post-thumbnail","6":"product_cat-hoerspiele-en","7":"product_cat-sherlock-holmes-und-co-en","8":"product_shipping_class-tontraeger-cd-en","9":"entry","10":"clearfix","11":"entry-grid","12":"entry-columns-3","13":"entry-product-module-layout-sidebar-right","14":"thumbnail-color-tone-dark","15":"entry-product","17":"entry-product-grid","19":"first","20":"instock","21":"sale","22":"taxable","23":"shipping-taxable","24":"purchasable","25":"product-type-simple"},"yoast_head":"<!-- This site is optimized with the Yoast SEO plugin v27.4 - https:\/\/yoast.com\/product\/yoast-seo-wordpress\/ -->\n<title>Sherlock Holmes und Co. 44: Der Falschspieler mit dem Karo-Ass<\/title>\n<meta name=\"description\" content=\"Ein Abenteuer mit Wayne McLair Paris im Jahr 1900. Bei einer \u00f6ffentlichen Hinrichtung verliert Wayne McLairs alter Freund Fips beinahe seinen Kopf. Offenbar ist der alte Gauner Opfer einer hinterh\u00e4ltigen Verschw\u00f6rung geworden, deren Drahtzieher sich aller Wahrscheinlichkeit nach in den allerbesten Kreisen Frankreichs aufh\u00e4lt. F\u00fcr den Meisterdieb McLair ist es eine Frage der Ehre, diesem schamlosen Treiben ein Ende zu setzen! ca. 75 Minuten Laufzeit Autor: Paul Burghardt Sprecher: Paul Burghardt, Thomas Kramer, Tanja Niehoff, Tom Steinbrecher, Detlef Tams, Carsten Steenbergen, Sascha Kr\u00fcger, Ingo Abel, Patrick Steiner, Stephanie Preis, Ina Bringenberg\" \/>\n<meta name=\"robots\" content=\"index, follow, max-snippet:-1, max-image-preview:large, max-video-preview:-1\" \/>\n<link rel=\"canonical\" href=\"https:\/\/www.allscore.de\/shop\/en\/produkt\/sherlock-holmes-und-co-44-der-falschspieler-mit-dem-karo-ass\/\" \/>\n<meta property=\"og:locale\" content=\"en_US\" \/>\n<meta property=\"og:type\" content=\"article\" \/>\n<meta property=\"og:title\" content=\"Sherlock Holmes und Co. 44: Der Falschspieler mit dem Karo-Ass\" \/>\n<meta property=\"og:description\" content=\"Ein Abenteuer mit Wayne McLair Paris im Jahr 1900. Bei einer \u00f6ffentlichen Hinrichtung verliert Wayne McLairs alter Freund Fips beinahe seinen Kopf. Offenbar ist der alte Gauner Opfer einer hinterh\u00e4ltigen Verschw\u00f6rung geworden, deren Drahtzieher sich aller Wahrscheinlichkeit nach in den allerbesten Kreisen Frankreichs aufh\u00e4lt. F\u00fcr den Meisterdieb McLair ist es eine Frage der Ehre, diesem schamlosen Treiben ein Ende zu setzen! ca. 75 Minuten Laufzeit Autor: Paul Burghardt Sprecher: Paul Burghardt, Thomas Kramer, Tanja Niehoff, Tom Steinbrecher, Detlef Tams, Carsten Steenbergen, Sascha Kr\u00fcger, Ingo Abel, Patrick Steiner, Stephanie Preis, Ina Bringenberg\" \/>\n<meta property=\"og:url\" content=\"https:\/\/www.allscore.de\/shop\/en\/produkt\/sherlock-holmes-und-co-44-der-falschspieler-mit-dem-karo-ass\/\" \/>\n<meta property=\"og:site_name\" content=\"Allscore Shop\" \/>\n<meta property=\"article:modified_time\" content=\"2024-02-13T17:12:35+00:00\" \/>\n<meta property=\"og:image\" content=\"https:\/\/www.allscore.de\/shop\/wp-content\/uploads\/2021\/03\/SHCo44_1200px.jpg\" \/>\n\t<meta property=\"og:image:width\" content=\"1200\" \/>\n\t<meta property=\"og:image:height\" content=\"1200\" \/>\n\t<meta property=\"og:image:type\" content=\"image\/jpeg\" \/>\n<meta name=\"twitter:card\" content=\"summary_large_image\" \/>\n<script type=\"application\/ld+json\" class=\"yoast-schema-graph\">{\"@context\":\"https:\\\/\\\/schema.org\",\"@graph\":[{\"@type\":\"WebPage\",\"@id\":\"https:\\\/\\\/www.allscore.de\\\/shop\\\/en\\\/produkt\\\/sherlock-holmes-und-co-44-der-falschspieler-mit-dem-karo-ass\\\/\",\"url\":\"https:\\\/\\\/www.allscore.de\\\/shop\\\/en\\\/produkt\\\/sherlock-holmes-und-co-44-der-falschspieler-mit-dem-karo-ass\\\/\",\"name\":\"Sherlock Holmes und Co. 44: Der Falschspieler mit dem Karo-Ass\",\"isPartOf\":{\"@id\":\"https:\\\/\\\/www.allscore.de\\\/shop\\\/en\\\/#website\"},\"primaryImageOfPage\":{\"@id\":\"https:\\\/\\\/www.allscore.de\\\/shop\\\/en\\\/produkt\\\/sherlock-holmes-und-co-44-der-falschspieler-mit-dem-karo-ass\\\/#primaryimage\"},\"image\":{\"@id\":\"https:\\\/\\\/www.allscore.de\\\/shop\\\/en\\\/produkt\\\/sherlock-holmes-und-co-44-der-falschspieler-mit-dem-karo-ass\\\/#primaryimage\"},\"thumbnailUrl\":\"https:\\\/\\\/www.allscore.de\\\/shop\\\/wp-content\\\/uploads\\\/2021\\\/03\\\/SHCo44_1200px.jpg\",\"datePublished\":\"2019-03-01T15:48:16+00:00\",\"dateModified\":\"2024-02-13T17:12:35+00:00\",\"description\":\"Ein Abenteuer mit Wayne McLair Paris im Jahr 1900. Bei einer \u00f6ffentlichen Hinrichtung verliert Wayne McLairs alter Freund Fips beinahe seinen Kopf. Offenbar ist der alte Gauner Opfer einer hinterh\u00e4ltigen Verschw\u00f6rung geworden, deren Drahtzieher sich aller Wahrscheinlichkeit nach in den allerbesten Kreisen Frankreichs aufh\u00e4lt. F\u00fcr den Meisterdieb McLair ist es eine Frage der Ehre, diesem schamlosen Treiben ein Ende zu setzen! ca. 75 Minuten Laufzeit Autor: Paul Burghardt Sprecher: Paul Burghardt, Thomas Kramer, Tanja Niehoff, Tom Steinbrecher, Detlef Tams, Carsten Steenbergen, Sascha Kr\u00fcger, Ingo Abel, Patrick Steiner, Stephanie Preis, Ina Bringenberg\",\"breadcrumb\":{\"@id\":\"https:\\\/\\\/www.allscore.de\\\/shop\\\/en\\\/produkt\\\/sherlock-holmes-und-co-44-der-falschspieler-mit-dem-karo-ass\\\/#breadcrumb\"},\"inLanguage\":\"en-US\",\"potentialAction\":[{\"@type\":\"ReadAction\",\"target\":[\"https:\\\/\\\/www.allscore.de\\\/shop\\\/en\\\/produkt\\\/sherlock-holmes-und-co-44-der-falschspieler-mit-dem-karo-ass\\\/\"]}]},{\"@type\":\"ImageObject\",\"inLanguage\":\"en-US\",\"@id\":\"https:\\\/\\\/www.allscore.de\\\/shop\\\/en\\\/produkt\\\/sherlock-holmes-und-co-44-der-falschspieler-mit-dem-karo-ass\\\/#primaryimage\",\"url\":\"https:\\\/\\\/www.allscore.de\\\/shop\\\/wp-content\\\/uploads\\\/2021\\\/03\\\/SHCo44_1200px.jpg\",\"contentUrl\":\"https:\\\/\\\/www.allscore.de\\\/shop\\\/wp-content\\\/uploads\\\/2021\\\/03\\\/SHCo44_1200px.jpg\",\"width\":1200,\"height\":1200,\"caption\":\"Sherlock Holmes und Co. 44: Der Falschspieler mit dem Karo-Ass\"},{\"@type\":\"BreadcrumbList\",\"@id\":\"https:\\\/\\\/www.allscore.de\\\/shop\\\/en\\\/produkt\\\/sherlock-holmes-und-co-44-der-falschspieler-mit-dem-karo-ass\\\/#breadcrumb\",\"itemListElement\":[{\"@type\":\"ListItem\",\"position\":1,\"name\":\"Startseite\",\"item\":\"https:\\\/\\\/www.allscore.de\\\/shop\\\/en\\\/\"},{\"@type\":\"ListItem\",\"position\":2,\"name\":\"Products\",\"item\":\"https:\\\/\\\/www.allscore.de\\\/shop\\\/en\\\/shop\\\/\"},{\"@type\":\"ListItem\",\"position\":3,\"name\":\"Sherlock Holmes und Co. 44: Der Falschspieler mit dem Karo-Ass\"}]},{\"@type\":\"WebSite\",\"@id\":\"https:\\\/\\\/www.allscore.de\\\/shop\\\/en\\\/#website\",\"url\":\"https:\\\/\\\/www.allscore.de\\\/shop\\\/en\\\/\",\"name\":\"Allscore Shop\",\"description\":\"All Score Media\",\"publisher\":{\"@id\":\"https:\\\/\\\/www.allscore.de\\\/shop\\\/en\\\/#organization\"},\"potentialAction\":[{\"@type\":\"SearchAction\",\"target\":{\"@type\":\"EntryPoint\",\"urlTemplate\":\"https:\\\/\\\/www.allscore.de\\\/shop\\\/en\\\/?s={search_term_string}\"},\"query-input\":{\"@type\":\"PropertyValueSpecification\",\"valueRequired\":true,\"valueName\":\"search_term_string\"}}],\"inLanguage\":\"en-US\"},{\"@type\":\"Organization\",\"@id\":\"https:\\\/\\\/www.allscore.de\\\/shop\\\/en\\\/#organization\",\"name\":\"All Score Media\",\"alternateName\":\"Allscore\",\"url\":\"https:\\\/\\\/www.allscore.de\\\/shop\\\/en\\\/\",\"logo\":{\"@type\":\"ImageObject\",\"inLanguage\":\"en-US\",\"@id\":\"https:\\\/\\\/www.allscore.de\\\/shop\\\/en\\\/#\\\/schema\\\/logo\\\/image\\\/\",\"url\":\"https:\\\/\\\/www.allscore.de\\\/shop\\\/wp-content\\\/uploads\\\/2026\\\/01\\\/Logo_Yoast_Shop_2026.png\",\"contentUrl\":\"https:\\\/\\\/www.allscore.de\\\/shop\\\/wp-content\\\/uploads\\\/2026\\\/01\\\/Logo_Yoast_Shop_2026.png\",\"width\":696,\"height\":696,\"caption\":\"All Score Media\"},\"image\":{\"@id\":\"https:\\\/\\\/www.allscore.de\\\/shop\\\/en\\\/#\\\/schema\\\/logo\\\/image\\\/\"}}]}<\/script>\n<!-- \/ Yoast SEO plugin. -->","yoast_head_json":{"title":"Sherlock Holmes und Co. 44: Der Falschspieler mit dem Karo-Ass","description":"Ein Abenteuer mit Wayne McLair Paris im Jahr 1900. Bei einer \u00f6ffentlichen Hinrichtung verliert Wayne McLairs alter Freund Fips beinahe seinen Kopf. Offenbar ist der alte Gauner Opfer einer hinterh\u00e4ltigen Verschw\u00f6rung geworden, deren Drahtzieher sich aller Wahrscheinlichkeit nach in den allerbesten Kreisen Frankreichs aufh\u00e4lt. F\u00fcr den Meisterdieb McLair ist es eine Frage der Ehre, diesem schamlosen Treiben ein Ende zu setzen! ca. 75 Minuten Laufzeit Autor: Paul Burghardt Sprecher: Paul Burghardt, Thomas Kramer, Tanja Niehoff, Tom Steinbrecher, Detlef Tams, Carsten Steenbergen, Sascha Kr\u00fcger, Ingo Abel, Patrick Steiner, Stephanie Preis, Ina Bringenberg","robots":{"index":"index","follow":"follow","max-snippet":"max-snippet:-1","max-image-preview":"max-image-preview:large","max-video-preview":"max-video-preview:-1"},"canonical":"https:\/\/www.allscore.de\/shop\/en\/produkt\/sherlock-holmes-und-co-44-der-falschspieler-mit-dem-karo-ass\/","og_locale":"en_US","og_type":"article","og_title":"Sherlock Holmes und Co. 44: Der Falschspieler mit dem Karo-Ass","og_description":"Ein Abenteuer mit Wayne McLair Paris im Jahr 1900. Bei einer \u00f6ffentlichen Hinrichtung verliert Wayne McLairs alter Freund Fips beinahe seinen Kopf. Offenbar ist der alte Gauner Opfer einer hinterh\u00e4ltigen Verschw\u00f6rung geworden, deren Drahtzieher sich aller Wahrscheinlichkeit nach in den allerbesten Kreisen Frankreichs aufh\u00e4lt. F\u00fcr den Meisterdieb McLair ist es eine Frage der Ehre, diesem schamlosen Treiben ein Ende zu setzen! ca. 75 Minuten Laufzeit Autor: Paul Burghardt Sprecher: Paul Burghardt, Thomas Kramer, Tanja Niehoff, Tom Steinbrecher, Detlef Tams, Carsten Steenbergen, Sascha Kr\u00fcger, Ingo Abel, Patrick Steiner, Stephanie Preis, Ina Bringenberg","og_url":"https:\/\/www.allscore.de\/shop\/en\/produkt\/sherlock-holmes-und-co-44-der-falschspieler-mit-dem-karo-ass\/","og_site_name":"Allscore Shop","article_modified_time":"2024-02-13T17:12:35+00:00","og_image":[{"width":1200,"height":1200,"url":"https:\/\/www.allscore.de\/shop\/wp-content\/uploads\/2021\/03\/SHCo44_1200px.jpg","type":"image\/jpeg"}],"twitter_card":"summary_large_image","schema":{"@context":"https:\/\/schema.org","@graph":[{"@type":"WebPage","@id":"https:\/\/www.allscore.de\/shop\/en\/produkt\/sherlock-holmes-und-co-44-der-falschspieler-mit-dem-karo-ass\/","url":"https:\/\/www.allscore.de\/shop\/en\/produkt\/sherlock-holmes-und-co-44-der-falschspieler-mit-dem-karo-ass\/","name":"Sherlock Holmes und Co. 44: Der Falschspieler mit dem Karo-Ass","isPartOf":{"@id":"https:\/\/www.allscore.de\/shop\/en\/#website"},"primaryImageOfPage":{"@id":"https:\/\/www.allscore.de\/shop\/en\/produkt\/sherlock-holmes-und-co-44-der-falschspieler-mit-dem-karo-ass\/#primaryimage"},"image":{"@id":"https:\/\/www.allscore.de\/shop\/en\/produkt\/sherlock-holmes-und-co-44-der-falschspieler-mit-dem-karo-ass\/#primaryimage"},"thumbnailUrl":"https:\/\/www.allscore.de\/shop\/wp-content\/uploads\/2021\/03\/SHCo44_1200px.jpg","datePublished":"2019-03-01T15:48:16+00:00","dateModified":"2024-02-13T17:12:35+00:00","description":"Ein Abenteuer mit Wayne McLair Paris im Jahr 1900. Bei einer \u00f6ffentlichen Hinrichtung verliert Wayne McLairs alter Freund Fips beinahe seinen Kopf. Offenbar ist der alte Gauner Opfer einer hinterh\u00e4ltigen Verschw\u00f6rung geworden, deren Drahtzieher sich aller Wahrscheinlichkeit nach in den allerbesten Kreisen Frankreichs aufh\u00e4lt. F\u00fcr den Meisterdieb McLair ist es eine Frage der Ehre, diesem schamlosen Treiben ein Ende zu setzen! ca. 75 Minuten Laufzeit Autor: Paul Burghardt Sprecher: Paul Burghardt, Thomas Kramer, Tanja Niehoff, Tom Steinbrecher, Detlef Tams, Carsten Steenbergen, Sascha Kr\u00fcger, Ingo Abel, Patrick Steiner, Stephanie Preis, Ina Bringenberg","breadcrumb":{"@id":"https:\/\/www.allscore.de\/shop\/en\/produkt\/sherlock-holmes-und-co-44-der-falschspieler-mit-dem-karo-ass\/#breadcrumb"},"inLanguage":"en-US","potentialAction":[{"@type":"ReadAction","target":["https:\/\/www.allscore.de\/shop\/en\/produkt\/sherlock-holmes-und-co-44-der-falschspieler-mit-dem-karo-ass\/"]}]},{"@type":"ImageObject","inLanguage":"en-US","@id":"https:\/\/www.allscore.de\/shop\/en\/produkt\/sherlock-holmes-und-co-44-der-falschspieler-mit-dem-karo-ass\/#primaryimage","url":"https:\/\/www.allscore.de\/shop\/wp-content\/uploads\/2021\/03\/SHCo44_1200px.jpg","contentUrl":"https:\/\/www.allscore.de\/shop\/wp-content\/uploads\/2021\/03\/SHCo44_1200px.jpg","width":1200,"height":1200,"caption":"Sherlock Holmes und Co. 44: Der Falschspieler mit dem Karo-Ass"},{"@type":"BreadcrumbList","@id":"https:\/\/www.allscore.de\/shop\/en\/produkt\/sherlock-holmes-und-co-44-der-falschspieler-mit-dem-karo-ass\/#breadcrumb","itemListElement":[{"@type":"ListItem","position":1,"name":"Startseite","item":"https:\/\/www.allscore.de\/shop\/en\/"},{"@type":"ListItem","position":2,"name":"Products","item":"https:\/\/www.allscore.de\/shop\/en\/shop\/"},{"@type":"ListItem","position":3,"name":"Sherlock Holmes und Co. 44: Der Falschspieler mit dem Karo-Ass"}]},{"@type":"WebSite","@id":"https:\/\/www.allscore.de\/shop\/en\/#website","url":"https:\/\/www.allscore.de\/shop\/en\/","name":"Allscore Shop","description":"All Score Media","publisher":{"@id":"https:\/\/www.allscore.de\/shop\/en\/#organization"},"potentialAction":[{"@type":"SearchAction","target":{"@type":"EntryPoint","urlTemplate":"https:\/\/www.allscore.de\/shop\/en\/?s={search_term_string}"},"query-input":{"@type":"PropertyValueSpecification","valueRequired":true,"valueName":"search_term_string"}}],"inLanguage":"en-US"},{"@type":"Organization","@id":"https:\/\/www.allscore.de\/shop\/en\/#organization","name":"All Score Media","alternateName":"Allscore","url":"https:\/\/www.allscore.de\/shop\/en\/","logo":{"@type":"ImageObject","inLanguage":"en-US","@id":"https:\/\/www.allscore.de\/shop\/en\/#\/schema\/logo\/image\/","url":"https:\/\/www.allscore.de\/shop\/wp-content\/uploads\/2026\/01\/Logo_Yoast_Shop_2026.png","contentUrl":"https:\/\/www.allscore.de\/shop\/wp-content\/uploads\/2026\/01\/Logo_Yoast_Shop_2026.png","width":696,"height":696,"caption":"All Score Media"},"image":{"@id":"https:\/\/www.allscore.de\/shop\/en\/#\/schema\/logo\/image\/"}}]}},"_links":{"self":[{"href":"https:\/\/www.allscore.de\/shop\/en\/wp-json\/wp\/v2\/product\/9753","targetHints":{"allow":["GET"]}}],"collection":[{"href":"https:\/\/www.allscore.de\/shop\/en\/wp-json\/wp\/v2\/product"}],"about":[{"href":"https:\/\/www.allscore.de\/shop\/en\/wp-json\/wp\/v2\/types\/product"}],"wp:featuredmedia":[{"embeddable":true,"href":"https:\/\/www.allscore.de\/shop\/en\/wp-json\/wp\/v2\/media\/9710"}],"wp:attachment":[{"href":"https:\/\/www.allscore.de\/shop\/en\/wp-json\/wp\/v2\/media?parent=9753"}],"wp:term":[{"taxonomy":"product_brand","embeddable":true,"href":"https:\/\/www.allscore.de\/shop\/en\/wp-json\/wp\/v2\/product_brand?post=9753"},{"taxonomy":"product_cat","embeddable":true,"href":"https:\/\/www.allscore.de\/shop\/en\/wp-json\/wp\/v2\/product_cat?post=9753"},{"taxonomy":"product_tag","embeddable":true,"href":"https:\/\/www.allscore.de\/shop\/en\/wp-json\/wp\/v2\/product_tag?post=9753"}],"curies":[{"name":"wp","href":"https:\/\/api.w.org\/{rel}","templated":true}]}}