{"id":9689,"date":"2021-05-21T15:33:10","date_gmt":"2021-05-21T13:33:10","guid":{"rendered":"https:\/\/www.allscore.de\/shop\/?post_type=product&#038;p=9689"},"modified":"2024-04-25T15:54:28","modified_gmt":"2024-04-25T13:54:28","slug":"geister-schocker-93-schinderhannes-rueckkehr","status":"publish","type":"product","link":"https:\/\/www.allscore.de\/shop\/en\/produkt\/geister-schocker-93-schinderhannes-rueckkehr\/","title":{"rendered":"Geister-Schocker 93: Schinderhannes R\u00fcckkehr"},"content":{"rendered":"<p>Geister-Schocker 93: Schinderhannes R\u00fcckkehr<\/p>\n<p><strong><u>Inhalt:<br \/>\n<\/u><\/strong>Im Hunsr\u00fcck geht das Grauen um. Menschen werden \u00fcberfallen und teils auf bestialische Art ermordet. Hinweise aus der Bev\u00f6lkerung sprechen von einer R\u00fcckkehr des Schinderhannes. Und tats\u00e4chlich beschreiben Augenzeugen einen Mann, der aufgrund seiner Kleidung und seines Gebaren aus dem 19. Jahrhundert stammen k\u00f6nnte. Aber ist es wirklich der R\u00e4uberhauptmann, der aus dem Jenseits zur\u00fcckgekehrt ist, um Rache an den Lebenden zu nehmen? Oder steckt etwas v\u00f6llig anderes dahinter? Conny Blank \u00fcbernimmt den Fall. Sie f\u00e4hrt in den Hunsr\u00fcck, um dem Spuk auf den Grund zu gehen, denn eine der Beobachter ist eine Nixe \u2026<\/p>\n<p><strong><u>Sprecher:<br \/>\n<\/u><\/strong>Karen Schulz-Vobach, Sascha Rotermund, Vanida Karun, Marc Sch\u00fclert, Franciska Friede, Detlef Tams, Jenny Maria Meyer, Felix Str\u00fcven, Christa Krings, Paul Burghardt, Patrick Steiner, Christin Deuker, Robert Kerick<\/p>\n<p><strong><u>Autor:<br \/>\n<\/u><\/strong>G. Arentzen<\/p>\n","protected":false},"excerpt":{"rendered":"<p>Geister-Schocker 93: Schinderhannes R\u00fcckkehr Inhalt: Im Hunsr\u00fcck geht das Grauen um. Menschen werden \u00fcberfallen und teils auf bestialische Art ermordet. Hinweise aus der Bev\u00f6lkerung sprechen von einer R\u00fcckkehr des Schinderhannes. Und tats\u00e4chlich beschreiben Augenzeugen einen Mann, der aufgrund seiner Kleidung und seines Gebaren aus dem 19. Jahrhundert stammen k\u00f6nnte. Aber ist es wirklich der R\u00e4uberhauptmann,&#8230;<\/p>\n<p><a rel=\"bookmark\" class=\"vonzot-button-simple wvc-button wvc-button-size-sm\" href=\"https:\/\/www.allscore.de\/shop\/en\/produkt\/geister-schocker-93-schinderhannes-rueckkehr\/\"><span>Read more<\/span><\/a><\/p>\n","protected":false},"featured_media":9409,"template":"","meta":[],"product_brand":[],"product_cat":[199,409],"product_tag":[],"class_list":{"0":"post-9689","1":"product","2":"type-product","3":"status-publish","4":"has-post-thumbnail","6":"product_cat-hoerspiele-en","7":"product_cat-geister-schocker-en","8":"product_shipping_class-tontraeger-cd-en","9":"entry","10":"clearfix","11":"entry-grid","12":"entry-columns-3","13":"entry-product-module-layout-sidebar-right","14":"thumbnail-color-tone-dark","15":"entry-product","17":"entry-product-grid","19":"first","20":"instock","21":"sale","22":"taxable","23":"shipping-taxable","24":"purchasable","25":"product-type-simple"},"yoast_head":"<!-- This site is optimized with the Yoast SEO plugin v27.4 - https:\/\/yoast.com\/product\/yoast-seo-wordpress\/ -->\n<title>Geister-Schocker 93: Schinderhannes R\u00fcckkehr<\/title>\n<meta name=\"description\" content=\"Geister-Schocker 93: Schinderhannes R\u00fcckkehr Inhalt: Im Hunsr\u00fcck geht das Grauen um. Menschen werden \u00fcberfallen und teils auf bestialische Art ermordet.\" \/>\n<meta name=\"robots\" content=\"index, follow, max-snippet:-1, max-image-preview:large, max-video-preview:-1\" \/>\n<link rel=\"canonical\" href=\"https:\/\/www.allscore.de\/shop\/en\/produkt\/geister-schocker-93-schinderhannes-rueckkehr\/\" \/>\n<meta property=\"og:locale\" content=\"en_US\" \/>\n<meta property=\"og:type\" content=\"article\" \/>\n<meta property=\"og:title\" content=\"Geister-Schocker 93: Schinderhannes R\u00fcckkehr\" \/>\n<meta property=\"og:description\" content=\"Geister-Schocker 93: Schinderhannes R\u00fcckkehr Inhalt: Im Hunsr\u00fcck geht das Grauen um. Menschen werden \u00fcberfallen und teils auf bestialische Art ermordet.\" \/>\n<meta property=\"og:url\" content=\"https:\/\/www.allscore.de\/shop\/en\/produkt\/geister-schocker-93-schinderhannes-rueckkehr\/\" \/>\n<meta property=\"og:site_name\" content=\"Allscore Shop\" \/>\n<meta property=\"article:modified_time\" content=\"2024-04-25T13:54:28+00:00\" \/>\n<meta property=\"og:image\" content=\"https:\/\/www.allscore.de\/shop\/wp-content\/uploads\/2021\/03\/GS93_1200px.jpg\" \/>\n\t<meta property=\"og:image:width\" content=\"1200\" \/>\n\t<meta property=\"og:image:height\" content=\"1200\" \/>\n\t<meta property=\"og:image:type\" content=\"image\/jpeg\" \/>\n<meta name=\"twitter:card\" content=\"summary_large_image\" \/>\n<meta name=\"twitter:label1\" content=\"Est. reading time\" \/>\n\t<meta name=\"twitter:data1\" content=\"1 minute\" \/>\n<script type=\"application\/ld+json\" class=\"yoast-schema-graph\">{\"@context\":\"https:\\\/\\\/schema.org\",\"@graph\":[{\"@type\":\"WebPage\",\"@id\":\"https:\\\/\\\/www.allscore.de\\\/shop\\\/en\\\/produkt\\\/geister-schocker-93-schinderhannes-rueckkehr\\\/\",\"url\":\"https:\\\/\\\/www.allscore.de\\\/shop\\\/en\\\/produkt\\\/geister-schocker-93-schinderhannes-rueckkehr\\\/\",\"name\":\"Geister-Schocker 93: Schinderhannes R\u00fcckkehr\",\"isPartOf\":{\"@id\":\"https:\\\/\\\/www.allscore.de\\\/shop\\\/en\\\/#website\"},\"primaryImageOfPage\":{\"@id\":\"https:\\\/\\\/www.allscore.de\\\/shop\\\/en\\\/produkt\\\/geister-schocker-93-schinderhannes-rueckkehr\\\/#primaryimage\"},\"image\":{\"@id\":\"https:\\\/\\\/www.allscore.de\\\/shop\\\/en\\\/produkt\\\/geister-schocker-93-schinderhannes-rueckkehr\\\/#primaryimage\"},\"thumbnailUrl\":\"https:\\\/\\\/www.allscore.de\\\/shop\\\/wp-content\\\/uploads\\\/2021\\\/03\\\/GS93_1200px.jpg\",\"datePublished\":\"2021-05-21T13:33:10+00:00\",\"dateModified\":\"2024-04-25T13:54:28+00:00\",\"description\":\"Geister-Schocker 93: Schinderhannes R\u00fcckkehr Inhalt: Im Hunsr\u00fcck geht das Grauen um. Menschen werden \u00fcberfallen und teils auf bestialische Art ermordet.\",\"breadcrumb\":{\"@id\":\"https:\\\/\\\/www.allscore.de\\\/shop\\\/en\\\/produkt\\\/geister-schocker-93-schinderhannes-rueckkehr\\\/#breadcrumb\"},\"inLanguage\":\"en-US\",\"potentialAction\":[{\"@type\":\"ReadAction\",\"target\":[\"https:\\\/\\\/www.allscore.de\\\/shop\\\/en\\\/produkt\\\/geister-schocker-93-schinderhannes-rueckkehr\\\/\"]}]},{\"@type\":\"ImageObject\",\"inLanguage\":\"en-US\",\"@id\":\"https:\\\/\\\/www.allscore.de\\\/shop\\\/en\\\/produkt\\\/geister-schocker-93-schinderhannes-rueckkehr\\\/#primaryimage\",\"url\":\"https:\\\/\\\/www.allscore.de\\\/shop\\\/wp-content\\\/uploads\\\/2021\\\/03\\\/GS93_1200px.jpg\",\"contentUrl\":\"https:\\\/\\\/www.allscore.de\\\/shop\\\/wp-content\\\/uploads\\\/2021\\\/03\\\/GS93_1200px.jpg\",\"width\":1200,\"height\":1200,\"caption\":\"Geister-Schocker (93): Schinderhannes R\u00fcckkehr\"},{\"@type\":\"BreadcrumbList\",\"@id\":\"https:\\\/\\\/www.allscore.de\\\/shop\\\/en\\\/produkt\\\/geister-schocker-93-schinderhannes-rueckkehr\\\/#breadcrumb\",\"itemListElement\":[{\"@type\":\"ListItem\",\"position\":1,\"name\":\"Startseite\",\"item\":\"https:\\\/\\\/www.allscore.de\\\/shop\\\/en\\\/\"},{\"@type\":\"ListItem\",\"position\":2,\"name\":\"Products\",\"item\":\"https:\\\/\\\/www.allscore.de\\\/shop\\\/en\\\/shop\\\/\"},{\"@type\":\"ListItem\",\"position\":3,\"name\":\"Geister-Schocker 93: Schinderhannes R\u00fcckkehr\"}]},{\"@type\":\"WebSite\",\"@id\":\"https:\\\/\\\/www.allscore.de\\\/shop\\\/en\\\/#website\",\"url\":\"https:\\\/\\\/www.allscore.de\\\/shop\\\/en\\\/\",\"name\":\"Allscore Shop\",\"description\":\"All Score Media\",\"publisher\":{\"@id\":\"https:\\\/\\\/www.allscore.de\\\/shop\\\/en\\\/#organization\"},\"potentialAction\":[{\"@type\":\"SearchAction\",\"target\":{\"@type\":\"EntryPoint\",\"urlTemplate\":\"https:\\\/\\\/www.allscore.de\\\/shop\\\/en\\\/?s={search_term_string}\"},\"query-input\":{\"@type\":\"PropertyValueSpecification\",\"valueRequired\":true,\"valueName\":\"search_term_string\"}}],\"inLanguage\":\"en-US\"},{\"@type\":\"Organization\",\"@id\":\"https:\\\/\\\/www.allscore.de\\\/shop\\\/en\\\/#organization\",\"name\":\"All Score Media\",\"alternateName\":\"Allscore\",\"url\":\"https:\\\/\\\/www.allscore.de\\\/shop\\\/en\\\/\",\"logo\":{\"@type\":\"ImageObject\",\"inLanguage\":\"en-US\",\"@id\":\"https:\\\/\\\/www.allscore.de\\\/shop\\\/en\\\/#\\\/schema\\\/logo\\\/image\\\/\",\"url\":\"https:\\\/\\\/www.allscore.de\\\/shop\\\/wp-content\\\/uploads\\\/2026\\\/01\\\/Logo_Yoast_Shop_2026.png\",\"contentUrl\":\"https:\\\/\\\/www.allscore.de\\\/shop\\\/wp-content\\\/uploads\\\/2026\\\/01\\\/Logo_Yoast_Shop_2026.png\",\"width\":696,\"height\":696,\"caption\":\"All Score Media\"},\"image\":{\"@id\":\"https:\\\/\\\/www.allscore.de\\\/shop\\\/en\\\/#\\\/schema\\\/logo\\\/image\\\/\"}}]}<\/script>\n<!-- \/ Yoast SEO plugin. -->","yoast_head_json":{"title":"Geister-Schocker 93: Schinderhannes R\u00fcckkehr","description":"Geister-Schocker 93: Schinderhannes R\u00fcckkehr Inhalt: Im Hunsr\u00fcck geht das Grauen um. Menschen werden \u00fcberfallen und teils auf bestialische Art ermordet.","robots":{"index":"index","follow":"follow","max-snippet":"max-snippet:-1","max-image-preview":"max-image-preview:large","max-video-preview":"max-video-preview:-1"},"canonical":"https:\/\/www.allscore.de\/shop\/en\/produkt\/geister-schocker-93-schinderhannes-rueckkehr\/","og_locale":"en_US","og_type":"article","og_title":"Geister-Schocker 93: Schinderhannes R\u00fcckkehr","og_description":"Geister-Schocker 93: Schinderhannes R\u00fcckkehr Inhalt: Im Hunsr\u00fcck geht das Grauen um. Menschen werden \u00fcberfallen und teils auf bestialische Art ermordet.","og_url":"https:\/\/www.allscore.de\/shop\/en\/produkt\/geister-schocker-93-schinderhannes-rueckkehr\/","og_site_name":"Allscore Shop","article_modified_time":"2024-04-25T13:54:28+00:00","og_image":[{"width":1200,"height":1200,"url":"https:\/\/www.allscore.de\/shop\/wp-content\/uploads\/2021\/03\/GS93_1200px.jpg","type":"image\/jpeg"}],"twitter_card":"summary_large_image","twitter_misc":{"Est. reading time":"1 minute"},"schema":{"@context":"https:\/\/schema.org","@graph":[{"@type":"WebPage","@id":"https:\/\/www.allscore.de\/shop\/en\/produkt\/geister-schocker-93-schinderhannes-rueckkehr\/","url":"https:\/\/www.allscore.de\/shop\/en\/produkt\/geister-schocker-93-schinderhannes-rueckkehr\/","name":"Geister-Schocker 93: Schinderhannes R\u00fcckkehr","isPartOf":{"@id":"https:\/\/www.allscore.de\/shop\/en\/#website"},"primaryImageOfPage":{"@id":"https:\/\/www.allscore.de\/shop\/en\/produkt\/geister-schocker-93-schinderhannes-rueckkehr\/#primaryimage"},"image":{"@id":"https:\/\/www.allscore.de\/shop\/en\/produkt\/geister-schocker-93-schinderhannes-rueckkehr\/#primaryimage"},"thumbnailUrl":"https:\/\/www.allscore.de\/shop\/wp-content\/uploads\/2021\/03\/GS93_1200px.jpg","datePublished":"2021-05-21T13:33:10+00:00","dateModified":"2024-04-25T13:54:28+00:00","description":"Geister-Schocker 93: Schinderhannes R\u00fcckkehr Inhalt: Im Hunsr\u00fcck geht das Grauen um. Menschen werden \u00fcberfallen und teils auf bestialische Art ermordet.","breadcrumb":{"@id":"https:\/\/www.allscore.de\/shop\/en\/produkt\/geister-schocker-93-schinderhannes-rueckkehr\/#breadcrumb"},"inLanguage":"en-US","potentialAction":[{"@type":"ReadAction","target":["https:\/\/www.allscore.de\/shop\/en\/produkt\/geister-schocker-93-schinderhannes-rueckkehr\/"]}]},{"@type":"ImageObject","inLanguage":"en-US","@id":"https:\/\/www.allscore.de\/shop\/en\/produkt\/geister-schocker-93-schinderhannes-rueckkehr\/#primaryimage","url":"https:\/\/www.allscore.de\/shop\/wp-content\/uploads\/2021\/03\/GS93_1200px.jpg","contentUrl":"https:\/\/www.allscore.de\/shop\/wp-content\/uploads\/2021\/03\/GS93_1200px.jpg","width":1200,"height":1200,"caption":"Geister-Schocker (93): Schinderhannes R\u00fcckkehr"},{"@type":"BreadcrumbList","@id":"https:\/\/www.allscore.de\/shop\/en\/produkt\/geister-schocker-93-schinderhannes-rueckkehr\/#breadcrumb","itemListElement":[{"@type":"ListItem","position":1,"name":"Startseite","item":"https:\/\/www.allscore.de\/shop\/en\/"},{"@type":"ListItem","position":2,"name":"Products","item":"https:\/\/www.allscore.de\/shop\/en\/shop\/"},{"@type":"ListItem","position":3,"name":"Geister-Schocker 93: Schinderhannes R\u00fcckkehr"}]},{"@type":"WebSite","@id":"https:\/\/www.allscore.de\/shop\/en\/#website","url":"https:\/\/www.allscore.de\/shop\/en\/","name":"Allscore Shop","description":"All Score Media","publisher":{"@id":"https:\/\/www.allscore.de\/shop\/en\/#organization"},"potentialAction":[{"@type":"SearchAction","target":{"@type":"EntryPoint","urlTemplate":"https:\/\/www.allscore.de\/shop\/en\/?s={search_term_string}"},"query-input":{"@type":"PropertyValueSpecification","valueRequired":true,"valueName":"search_term_string"}}],"inLanguage":"en-US"},{"@type":"Organization","@id":"https:\/\/www.allscore.de\/shop\/en\/#organization","name":"All Score Media","alternateName":"Allscore","url":"https:\/\/www.allscore.de\/shop\/en\/","logo":{"@type":"ImageObject","inLanguage":"en-US","@id":"https:\/\/www.allscore.de\/shop\/en\/#\/schema\/logo\/image\/","url":"https:\/\/www.allscore.de\/shop\/wp-content\/uploads\/2026\/01\/Logo_Yoast_Shop_2026.png","contentUrl":"https:\/\/www.allscore.de\/shop\/wp-content\/uploads\/2026\/01\/Logo_Yoast_Shop_2026.png","width":696,"height":696,"caption":"All Score Media"},"image":{"@id":"https:\/\/www.allscore.de\/shop\/en\/#\/schema\/logo\/image\/"}}]}},"_links":{"self":[{"href":"https:\/\/www.allscore.de\/shop\/en\/wp-json\/wp\/v2\/product\/9689","targetHints":{"allow":["GET"]}}],"collection":[{"href":"https:\/\/www.allscore.de\/shop\/en\/wp-json\/wp\/v2\/product"}],"about":[{"href":"https:\/\/www.allscore.de\/shop\/en\/wp-json\/wp\/v2\/types\/product"}],"wp:featuredmedia":[{"embeddable":true,"href":"https:\/\/www.allscore.de\/shop\/en\/wp-json\/wp\/v2\/media\/9409"}],"wp:attachment":[{"href":"https:\/\/www.allscore.de\/shop\/en\/wp-json\/wp\/v2\/media?parent=9689"}],"wp:term":[{"taxonomy":"product_brand","embeddable":true,"href":"https:\/\/www.allscore.de\/shop\/en\/wp-json\/wp\/v2\/product_brand?post=9689"},{"taxonomy":"product_cat","embeddable":true,"href":"https:\/\/www.allscore.de\/shop\/en\/wp-json\/wp\/v2\/product_cat?post=9689"},{"taxonomy":"product_tag","embeddable":true,"href":"https:\/\/www.allscore.de\/shop\/en\/wp-json\/wp\/v2\/product_tag?post=9689"}],"curies":[{"name":"wp","href":"https:\/\/api.w.org\/{rel}","templated":true}]}}