{"id":9687,"date":"2021-03-26T15:31:13","date_gmt":"2021-03-26T14:31:13","guid":{"rendered":"https:\/\/www.allscore.de\/shop\/?post_type=product&#038;p=9687"},"modified":"2024-04-25T15:53:13","modified_gmt":"2024-04-25T13:53:13","slug":"geister-schocker-92-der-daemon-der-meere","status":"publish","type":"product","link":"https:\/\/www.allscore.de\/shop\/en\/produkt\/geister-schocker-92-der-daemon-der-meere\/","title":{"rendered":"Geister-Schocker 92: Der D\u00e4mon der Meere"},"content":{"rendered":"<p>Geister-Schocker 92: Der D\u00e4mon der Meere<\/p>\n<p><strong><u>Inhalt:<br \/>\n<\/u><\/strong>Vor zweihundert Jahren \u00fcberfiel eine Horde Piraten ein Kloster an der spanischen K\u00fcste. Die Nonnen des Klosters wurden gnadenlos hingemordet, die Geb\u00e4ude in Brand gesteckt und s\u00e4mtliche Sch\u00e4tze geraubt. Kurz vor ihrem Tode gelingt es der \u00c4btissin noch, einen schrecklichen Fluch auszusprechen, der die Piraten zu ewigem Leben verdammt. Zudem werden sie von einem D\u00e4mon beherrscht, der in einer H\u00f6hle gefangen ist. Bis Denis Sauron erscheint, ein junger Franzose, der nach alten Sch\u00e4tzen sucht. In seiner Gier erkennt er die Warnzeichen nicht und bricht die H\u00f6hle auf \u2026<\/p>\n<p><strong><u>Sprecher:<br \/>\n<\/u><\/strong>Gerald Paradies, Marius Clar\u00e9n, Bodo Wolf, Uve Teschner, Andr\u00e9 Beyer, Helmut Krauss, Till Hagen, Alexander Turrek, Sascha Rotermund, Hans-J\u00fcrgen Dittberner, Hartmut Neugebauer, Annina Braunmiller, Rita Engelmann, Lutz Schnell, Tobias Lelle, Uschi Hugo, Jaron L\u00f6wenberg, Martin Sabel, Viktor Neumann<\/p>\n<p><strong><u>Autor:<br \/>\n<\/u><\/strong>Bob Collins<\/p>\n","protected":false},"excerpt":{"rendered":"<p>Geister-Schocker 92: Der D\u00e4mon der Meere Inhalt: Vor zweihundert Jahren \u00fcberfiel eine Horde Piraten ein Kloster an der spanischen K\u00fcste. Die Nonnen des Klosters wurden gnadenlos hingemordet, die Geb\u00e4ude in Brand gesteckt und s\u00e4mtliche Sch\u00e4tze geraubt. Kurz vor ihrem Tode gelingt es der \u00c4btissin noch, einen schrecklichen Fluch auszusprechen, der die Piraten zu ewigem Leben&#8230;<\/p>\n<p><a rel=\"bookmark\" class=\"vonzot-button-simple wvc-button wvc-button-size-sm\" href=\"https:\/\/www.allscore.de\/shop\/en\/produkt\/geister-schocker-92-der-daemon-der-meere\/\"><span>Read more<\/span><\/a><\/p>\n","protected":false},"featured_media":9407,"template":"","meta":[],"product_brand":[],"product_cat":[199,409],"product_tag":[],"class_list":{"0":"post-9687","1":"product","2":"type-product","3":"status-publish","4":"has-post-thumbnail","6":"product_cat-hoerspiele-en","7":"product_cat-geister-schocker-en","8":"product_shipping_class-tontraeger-cd-en","9":"entry","10":"clearfix","11":"entry-grid","12":"entry-columns-3","13":"entry-product-module-layout-sidebar-right","14":"thumbnail-color-tone-dark","15":"entry-product","17":"entry-product-grid","19":"first","20":"instock","21":"taxable","22":"shipping-taxable","23":"purchasable","24":"product-type-simple"},"yoast_head":"<!-- This site is optimized with the Yoast SEO plugin v27.4 - https:\/\/yoast.com\/product\/yoast-seo-wordpress\/ -->\n<title>Geister-Schocker 92: Der D\u00e4mon der Meere<\/title>\n<meta name=\"description\" content=\"Geister-Schocker 92: Der D\u00e4mon der Meere Inhalt: Vor zweihundert Jahren \u00fcberfiel eine Horde Piraten ein Kloster an der spanischen K\u00fcste. Die Nonnen des\" \/>\n<meta name=\"robots\" content=\"index, follow, max-snippet:-1, max-image-preview:large, max-video-preview:-1\" \/>\n<link rel=\"canonical\" href=\"https:\/\/www.allscore.de\/shop\/en\/produkt\/geister-schocker-92-der-daemon-der-meere\/\" \/>\n<meta property=\"og:locale\" content=\"en_US\" \/>\n<meta property=\"og:type\" content=\"article\" \/>\n<meta property=\"og:title\" content=\"Geister-Schocker 92: Der D\u00e4mon der Meere\" \/>\n<meta property=\"og:description\" content=\"Geister-Schocker 92: Der D\u00e4mon der Meere Inhalt: Vor zweihundert Jahren \u00fcberfiel eine Horde Piraten ein Kloster an der spanischen K\u00fcste. Die Nonnen des\" \/>\n<meta property=\"og:url\" content=\"https:\/\/www.allscore.de\/shop\/en\/produkt\/geister-schocker-92-der-daemon-der-meere\/\" \/>\n<meta property=\"og:site_name\" content=\"Allscore Shop\" \/>\n<meta property=\"article:modified_time\" content=\"2024-04-25T13:53:13+00:00\" \/>\n<meta property=\"og:image\" content=\"https:\/\/www.allscore.de\/shop\/wp-content\/uploads\/2021\/03\/GS92_1200px.jpg\" \/>\n\t<meta property=\"og:image:width\" content=\"1200\" \/>\n\t<meta property=\"og:image:height\" content=\"1200\" \/>\n\t<meta property=\"og:image:type\" content=\"image\/jpeg\" \/>\n<meta name=\"twitter:card\" content=\"summary_large_image\" \/>\n<meta name=\"twitter:label1\" content=\"Est. reading time\" \/>\n\t<meta name=\"twitter:data1\" content=\"1 minute\" \/>\n<script type=\"application\/ld+json\" class=\"yoast-schema-graph\">{\"@context\":\"https:\\\/\\\/schema.org\",\"@graph\":[{\"@type\":\"WebPage\",\"@id\":\"https:\\\/\\\/www.allscore.de\\\/shop\\\/en\\\/produkt\\\/geister-schocker-92-der-daemon-der-meere\\\/\",\"url\":\"https:\\\/\\\/www.allscore.de\\\/shop\\\/en\\\/produkt\\\/geister-schocker-92-der-daemon-der-meere\\\/\",\"name\":\"Geister-Schocker 92: Der D\u00e4mon der Meere\",\"isPartOf\":{\"@id\":\"https:\\\/\\\/www.allscore.de\\\/shop\\\/en\\\/#website\"},\"primaryImageOfPage\":{\"@id\":\"https:\\\/\\\/www.allscore.de\\\/shop\\\/en\\\/produkt\\\/geister-schocker-92-der-daemon-der-meere\\\/#primaryimage\"},\"image\":{\"@id\":\"https:\\\/\\\/www.allscore.de\\\/shop\\\/en\\\/produkt\\\/geister-schocker-92-der-daemon-der-meere\\\/#primaryimage\"},\"thumbnailUrl\":\"https:\\\/\\\/www.allscore.de\\\/shop\\\/wp-content\\\/uploads\\\/2021\\\/03\\\/GS92_1200px.jpg\",\"datePublished\":\"2021-03-26T14:31:13+00:00\",\"dateModified\":\"2024-04-25T13:53:13+00:00\",\"description\":\"Geister-Schocker 92: Der D\u00e4mon der Meere Inhalt: Vor zweihundert Jahren \u00fcberfiel eine Horde Piraten ein Kloster an der spanischen K\u00fcste. Die Nonnen des\",\"breadcrumb\":{\"@id\":\"https:\\\/\\\/www.allscore.de\\\/shop\\\/en\\\/produkt\\\/geister-schocker-92-der-daemon-der-meere\\\/#breadcrumb\"},\"inLanguage\":\"en-US\",\"potentialAction\":[{\"@type\":\"ReadAction\",\"target\":[\"https:\\\/\\\/www.allscore.de\\\/shop\\\/en\\\/produkt\\\/geister-schocker-92-der-daemon-der-meere\\\/\"]}]},{\"@type\":\"ImageObject\",\"inLanguage\":\"en-US\",\"@id\":\"https:\\\/\\\/www.allscore.de\\\/shop\\\/en\\\/produkt\\\/geister-schocker-92-der-daemon-der-meere\\\/#primaryimage\",\"url\":\"https:\\\/\\\/www.allscore.de\\\/shop\\\/wp-content\\\/uploads\\\/2021\\\/03\\\/GS92_1200px.jpg\",\"contentUrl\":\"https:\\\/\\\/www.allscore.de\\\/shop\\\/wp-content\\\/uploads\\\/2021\\\/03\\\/GS92_1200px.jpg\",\"width\":1200,\"height\":1200,\"caption\":\"Geister-Schocker (92): Der D\u00e4mon der Meere\"},{\"@type\":\"BreadcrumbList\",\"@id\":\"https:\\\/\\\/www.allscore.de\\\/shop\\\/en\\\/produkt\\\/geister-schocker-92-der-daemon-der-meere\\\/#breadcrumb\",\"itemListElement\":[{\"@type\":\"ListItem\",\"position\":1,\"name\":\"Startseite\",\"item\":\"https:\\\/\\\/www.allscore.de\\\/shop\\\/en\\\/\"},{\"@type\":\"ListItem\",\"position\":2,\"name\":\"Products\",\"item\":\"https:\\\/\\\/www.allscore.de\\\/shop\\\/en\\\/shop\\\/\"},{\"@type\":\"ListItem\",\"position\":3,\"name\":\"Geister-Schocker 92: Der D\u00e4mon der Meere\"}]},{\"@type\":\"WebSite\",\"@id\":\"https:\\\/\\\/www.allscore.de\\\/shop\\\/en\\\/#website\",\"url\":\"https:\\\/\\\/www.allscore.de\\\/shop\\\/en\\\/\",\"name\":\"Allscore Shop\",\"description\":\"All Score Media\",\"publisher\":{\"@id\":\"https:\\\/\\\/www.allscore.de\\\/shop\\\/en\\\/#organization\"},\"potentialAction\":[{\"@type\":\"SearchAction\",\"target\":{\"@type\":\"EntryPoint\",\"urlTemplate\":\"https:\\\/\\\/www.allscore.de\\\/shop\\\/en\\\/?s={search_term_string}\"},\"query-input\":{\"@type\":\"PropertyValueSpecification\",\"valueRequired\":true,\"valueName\":\"search_term_string\"}}],\"inLanguage\":\"en-US\"},{\"@type\":\"Organization\",\"@id\":\"https:\\\/\\\/www.allscore.de\\\/shop\\\/en\\\/#organization\",\"name\":\"All Score Media\",\"alternateName\":\"Allscore\",\"url\":\"https:\\\/\\\/www.allscore.de\\\/shop\\\/en\\\/\",\"logo\":{\"@type\":\"ImageObject\",\"inLanguage\":\"en-US\",\"@id\":\"https:\\\/\\\/www.allscore.de\\\/shop\\\/en\\\/#\\\/schema\\\/logo\\\/image\\\/\",\"url\":\"https:\\\/\\\/www.allscore.de\\\/shop\\\/wp-content\\\/uploads\\\/2026\\\/01\\\/Logo_Yoast_Shop_2026.png\",\"contentUrl\":\"https:\\\/\\\/www.allscore.de\\\/shop\\\/wp-content\\\/uploads\\\/2026\\\/01\\\/Logo_Yoast_Shop_2026.png\",\"width\":696,\"height\":696,\"caption\":\"All Score Media\"},\"image\":{\"@id\":\"https:\\\/\\\/www.allscore.de\\\/shop\\\/en\\\/#\\\/schema\\\/logo\\\/image\\\/\"}}]}<\/script>\n<!-- \/ Yoast SEO plugin. -->","yoast_head_json":{"title":"Geister-Schocker 92: Der D\u00e4mon der Meere","description":"Geister-Schocker 92: Der D\u00e4mon der Meere Inhalt: Vor zweihundert Jahren \u00fcberfiel eine Horde Piraten ein Kloster an der spanischen K\u00fcste. Die Nonnen des","robots":{"index":"index","follow":"follow","max-snippet":"max-snippet:-1","max-image-preview":"max-image-preview:large","max-video-preview":"max-video-preview:-1"},"canonical":"https:\/\/www.allscore.de\/shop\/en\/produkt\/geister-schocker-92-der-daemon-der-meere\/","og_locale":"en_US","og_type":"article","og_title":"Geister-Schocker 92: Der D\u00e4mon der Meere","og_description":"Geister-Schocker 92: Der D\u00e4mon der Meere Inhalt: Vor zweihundert Jahren \u00fcberfiel eine Horde Piraten ein Kloster an der spanischen K\u00fcste. Die Nonnen des","og_url":"https:\/\/www.allscore.de\/shop\/en\/produkt\/geister-schocker-92-der-daemon-der-meere\/","og_site_name":"Allscore Shop","article_modified_time":"2024-04-25T13:53:13+00:00","og_image":[{"width":1200,"height":1200,"url":"https:\/\/www.allscore.de\/shop\/wp-content\/uploads\/2021\/03\/GS92_1200px.jpg","type":"image\/jpeg"}],"twitter_card":"summary_large_image","twitter_misc":{"Est. reading time":"1 minute"},"schema":{"@context":"https:\/\/schema.org","@graph":[{"@type":"WebPage","@id":"https:\/\/www.allscore.de\/shop\/en\/produkt\/geister-schocker-92-der-daemon-der-meere\/","url":"https:\/\/www.allscore.de\/shop\/en\/produkt\/geister-schocker-92-der-daemon-der-meere\/","name":"Geister-Schocker 92: Der D\u00e4mon der Meere","isPartOf":{"@id":"https:\/\/www.allscore.de\/shop\/en\/#website"},"primaryImageOfPage":{"@id":"https:\/\/www.allscore.de\/shop\/en\/produkt\/geister-schocker-92-der-daemon-der-meere\/#primaryimage"},"image":{"@id":"https:\/\/www.allscore.de\/shop\/en\/produkt\/geister-schocker-92-der-daemon-der-meere\/#primaryimage"},"thumbnailUrl":"https:\/\/www.allscore.de\/shop\/wp-content\/uploads\/2021\/03\/GS92_1200px.jpg","datePublished":"2021-03-26T14:31:13+00:00","dateModified":"2024-04-25T13:53:13+00:00","description":"Geister-Schocker 92: Der D\u00e4mon der Meere Inhalt: Vor zweihundert Jahren \u00fcberfiel eine Horde Piraten ein Kloster an der spanischen K\u00fcste. Die Nonnen des","breadcrumb":{"@id":"https:\/\/www.allscore.de\/shop\/en\/produkt\/geister-schocker-92-der-daemon-der-meere\/#breadcrumb"},"inLanguage":"en-US","potentialAction":[{"@type":"ReadAction","target":["https:\/\/www.allscore.de\/shop\/en\/produkt\/geister-schocker-92-der-daemon-der-meere\/"]}]},{"@type":"ImageObject","inLanguage":"en-US","@id":"https:\/\/www.allscore.de\/shop\/en\/produkt\/geister-schocker-92-der-daemon-der-meere\/#primaryimage","url":"https:\/\/www.allscore.de\/shop\/wp-content\/uploads\/2021\/03\/GS92_1200px.jpg","contentUrl":"https:\/\/www.allscore.de\/shop\/wp-content\/uploads\/2021\/03\/GS92_1200px.jpg","width":1200,"height":1200,"caption":"Geister-Schocker (92): Der D\u00e4mon der Meere"},{"@type":"BreadcrumbList","@id":"https:\/\/www.allscore.de\/shop\/en\/produkt\/geister-schocker-92-der-daemon-der-meere\/#breadcrumb","itemListElement":[{"@type":"ListItem","position":1,"name":"Startseite","item":"https:\/\/www.allscore.de\/shop\/en\/"},{"@type":"ListItem","position":2,"name":"Products","item":"https:\/\/www.allscore.de\/shop\/en\/shop\/"},{"@type":"ListItem","position":3,"name":"Geister-Schocker 92: Der D\u00e4mon der Meere"}]},{"@type":"WebSite","@id":"https:\/\/www.allscore.de\/shop\/en\/#website","url":"https:\/\/www.allscore.de\/shop\/en\/","name":"Allscore Shop","description":"All Score Media","publisher":{"@id":"https:\/\/www.allscore.de\/shop\/en\/#organization"},"potentialAction":[{"@type":"SearchAction","target":{"@type":"EntryPoint","urlTemplate":"https:\/\/www.allscore.de\/shop\/en\/?s={search_term_string}"},"query-input":{"@type":"PropertyValueSpecification","valueRequired":true,"valueName":"search_term_string"}}],"inLanguage":"en-US"},{"@type":"Organization","@id":"https:\/\/www.allscore.de\/shop\/en\/#organization","name":"All Score Media","alternateName":"Allscore","url":"https:\/\/www.allscore.de\/shop\/en\/","logo":{"@type":"ImageObject","inLanguage":"en-US","@id":"https:\/\/www.allscore.de\/shop\/en\/#\/schema\/logo\/image\/","url":"https:\/\/www.allscore.de\/shop\/wp-content\/uploads\/2026\/01\/Logo_Yoast_Shop_2026.png","contentUrl":"https:\/\/www.allscore.de\/shop\/wp-content\/uploads\/2026\/01\/Logo_Yoast_Shop_2026.png","width":696,"height":696,"caption":"All Score Media"},"image":{"@id":"https:\/\/www.allscore.de\/shop\/en\/#\/schema\/logo\/image\/"}}]}},"_links":{"self":[{"href":"https:\/\/www.allscore.de\/shop\/en\/wp-json\/wp\/v2\/product\/9687","targetHints":{"allow":["GET"]}}],"collection":[{"href":"https:\/\/www.allscore.de\/shop\/en\/wp-json\/wp\/v2\/product"}],"about":[{"href":"https:\/\/www.allscore.de\/shop\/en\/wp-json\/wp\/v2\/types\/product"}],"wp:featuredmedia":[{"embeddable":true,"href":"https:\/\/www.allscore.de\/shop\/en\/wp-json\/wp\/v2\/media\/9407"}],"wp:attachment":[{"href":"https:\/\/www.allscore.de\/shop\/en\/wp-json\/wp\/v2\/media?parent=9687"}],"wp:term":[{"taxonomy":"product_brand","embeddable":true,"href":"https:\/\/www.allscore.de\/shop\/en\/wp-json\/wp\/v2\/product_brand?post=9687"},{"taxonomy":"product_cat","embeddable":true,"href":"https:\/\/www.allscore.de\/shop\/en\/wp-json\/wp\/v2\/product_cat?post=9687"},{"taxonomy":"product_tag","embeddable":true,"href":"https:\/\/www.allscore.de\/shop\/en\/wp-json\/wp\/v2\/product_tag?post=9687"}],"curies":[{"name":"wp","href":"https:\/\/api.w.org\/{rel}","templated":true}]}}