{"id":9681,"date":"2020-09-15T15:23:37","date_gmt":"2021-03-23T14:23:37","guid":{"rendered":"https:\/\/www.allscore.de\/shop\/?post_type=product&#038;p=9681"},"modified":"2024-04-25T15:49:39","modified_gmt":"2024-04-25T13:49:39","slug":"geister-schocker-89-die-welt-der-lebenden-toten","status":"publish","type":"product","link":"https:\/\/www.allscore.de\/shop\/en\/produkt\/geister-schocker-89-die-welt-der-lebenden-toten\/","title":{"rendered":"Geister-Schocker 89: Die Welt der lebenden Toten"},"content":{"rendered":"<p>Geister-Schocker 89: Die Welt der lebenden Toten<\/p>\n<p><strong><u>Inhalt:<br \/>\n<\/u><\/strong>Die Welt versinkt im Chaos, denn aus allen Erdteilen erreichen Laura Janssen und Dylan Christopher inzwischen schreckliche Nachrichten. Die Zombies sind \u00fcberall! Jetzt kann nur noch Professor Hans Schneider mit einem Gegenmittel helfen. Doch der befindet sich in der Schweiz. Als die beiden in Genf eintreffen, stehen sie nicht nur vor einer gewaltigen Armee von Untoten. Auch eine andere Macht will den Professor in seine Gewalt bringen. Dylan Christopher bleibt nur noch eine Chance \u2026<\/p>\n<p><strong><u>Sprecher:<br \/>\n<\/u><\/strong>Christoph Memmert, Martin Sabel, Kerstin Draeger, Ingo Abel, Marie Burghardt, Andr\u00e9 Beyer, Douglas Welbat, Marc Sch\u00fclert, Tom Steinbrecher, Jens Wenzel, Bastian Bringenberg, Michael Gerdes, Felix W\u00fcrgler, Patrick Bach, Sascha Kr\u00fcger<\/p>\n<p><strong><u>Autor:<\/u><\/strong><br \/>\nMarkus Topf<\/p>\n","protected":false},"excerpt":{"rendered":"<p>Geister-Schocker 89: Die Welt der lebenden Toten Inhalt: Die Welt versinkt im Chaos, denn aus allen Erdteilen erreichen Laura Janssen und Dylan Christopher inzwischen schreckliche Nachrichten. Die Zombies sind \u00fcberall! Jetzt kann nur noch Professor Hans Schneider mit einem Gegenmittel helfen. Doch der befindet sich in der Schweiz. Als die beiden in Genf eintreffen, stehen&#8230;<\/p>\n<p><a rel=\"bookmark\" class=\"vonzot-button-simple wvc-button wvc-button-size-sm\" href=\"https:\/\/www.allscore.de\/shop\/en\/produkt\/geister-schocker-89-die-welt-der-lebenden-toten\/\"><span>Read more<\/span><\/a><\/p>\n","protected":false},"featured_media":9401,"template":"","meta":[],"product_brand":[],"product_cat":[199,409],"product_tag":[],"class_list":{"0":"post-9681","1":"product","2":"type-product","3":"status-publish","4":"has-post-thumbnail","6":"product_cat-hoerspiele-en","7":"product_cat-geister-schocker-en","8":"product_shipping_class-tontraeger-cd-en","9":"entry","10":"clearfix","11":"entry-grid","12":"entry-columns-3","13":"entry-product-module-layout-sidebar-right","14":"thumbnail-color-tone-dark","15":"entry-product","17":"entry-product-grid","19":"first","20":"instock","21":"sale","22":"taxable","23":"shipping-taxable","24":"purchasable","25":"product-type-simple"},"yoast_head":"<!-- This site is optimized with the Yoast SEO plugin v27.4 - https:\/\/yoast.com\/product\/yoast-seo-wordpress\/ -->\n<title>Geister-Schocker 89: Die Welt der lebenden Toten<\/title>\n<meta name=\"description\" content=\"Geister-Schocker 89: Die Welt der lebenden Toten Inhalt: Die Welt versinkt im Chaos, denn aus allen Erdteilen erreichen Laura Janssen und Dylan\" \/>\n<meta name=\"robots\" content=\"index, follow, max-snippet:-1, max-image-preview:large, max-video-preview:-1\" \/>\n<link rel=\"canonical\" href=\"https:\/\/www.allscore.de\/shop\/en\/produkt\/geister-schocker-89-die-welt-der-lebenden-toten\/\" \/>\n<meta property=\"og:locale\" content=\"en_US\" \/>\n<meta property=\"og:type\" content=\"article\" \/>\n<meta property=\"og:title\" content=\"Geister-Schocker 89: Die Welt der lebenden Toten\" \/>\n<meta property=\"og:description\" content=\"Geister-Schocker 89: Die Welt der lebenden Toten Inhalt: Die Welt versinkt im Chaos, denn aus allen Erdteilen erreichen Laura Janssen und Dylan\" \/>\n<meta property=\"og:url\" content=\"https:\/\/www.allscore.de\/shop\/en\/produkt\/geister-schocker-89-die-welt-der-lebenden-toten\/\" \/>\n<meta property=\"og:site_name\" content=\"Allscore Shop\" \/>\n<meta property=\"article:modified_time\" content=\"2024-04-25T13:49:39+00:00\" \/>\n<meta property=\"og:image\" content=\"https:\/\/www.allscore.de\/shop\/wp-content\/uploads\/2021\/03\/GS89_1200px.jpg\" \/>\n\t<meta property=\"og:image:width\" content=\"1200\" \/>\n\t<meta property=\"og:image:height\" content=\"1200\" \/>\n\t<meta property=\"og:image:type\" content=\"image\/jpeg\" \/>\n<meta name=\"twitter:card\" content=\"summary_large_image\" \/>\n<meta name=\"twitter:label1\" content=\"Est. reading time\" \/>\n\t<meta name=\"twitter:data1\" content=\"1 minute\" \/>\n<script type=\"application\/ld+json\" class=\"yoast-schema-graph\">{\"@context\":\"https:\\\/\\\/schema.org\",\"@graph\":[{\"@type\":\"WebPage\",\"@id\":\"https:\\\/\\\/www.allscore.de\\\/shop\\\/en\\\/produkt\\\/geister-schocker-89-die-welt-der-lebenden-toten\\\/\",\"url\":\"https:\\\/\\\/www.allscore.de\\\/shop\\\/en\\\/produkt\\\/geister-schocker-89-die-welt-der-lebenden-toten\\\/\",\"name\":\"Geister-Schocker 89: Die Welt der lebenden Toten\",\"isPartOf\":{\"@id\":\"https:\\\/\\\/www.allscore.de\\\/shop\\\/en\\\/#website\"},\"primaryImageOfPage\":{\"@id\":\"https:\\\/\\\/www.allscore.de\\\/shop\\\/en\\\/produkt\\\/geister-schocker-89-die-welt-der-lebenden-toten\\\/#primaryimage\"},\"image\":{\"@id\":\"https:\\\/\\\/www.allscore.de\\\/shop\\\/en\\\/produkt\\\/geister-schocker-89-die-welt-der-lebenden-toten\\\/#primaryimage\"},\"thumbnailUrl\":\"https:\\\/\\\/www.allscore.de\\\/shop\\\/wp-content\\\/uploads\\\/2021\\\/03\\\/GS89_1200px.jpg\",\"datePublished\":\"2021-03-23T14:23:37+00:00\",\"dateModified\":\"2024-04-25T13:49:39+00:00\",\"description\":\"Geister-Schocker 89: Die Welt der lebenden Toten Inhalt: Die Welt versinkt im Chaos, denn aus allen Erdteilen erreichen Laura Janssen und Dylan\",\"breadcrumb\":{\"@id\":\"https:\\\/\\\/www.allscore.de\\\/shop\\\/en\\\/produkt\\\/geister-schocker-89-die-welt-der-lebenden-toten\\\/#breadcrumb\"},\"inLanguage\":\"en-US\",\"potentialAction\":[{\"@type\":\"ReadAction\",\"target\":[\"https:\\\/\\\/www.allscore.de\\\/shop\\\/en\\\/produkt\\\/geister-schocker-89-die-welt-der-lebenden-toten\\\/\"]}]},{\"@type\":\"ImageObject\",\"inLanguage\":\"en-US\",\"@id\":\"https:\\\/\\\/www.allscore.de\\\/shop\\\/en\\\/produkt\\\/geister-schocker-89-die-welt-der-lebenden-toten\\\/#primaryimage\",\"url\":\"https:\\\/\\\/www.allscore.de\\\/shop\\\/wp-content\\\/uploads\\\/2021\\\/03\\\/GS89_1200px.jpg\",\"contentUrl\":\"https:\\\/\\\/www.allscore.de\\\/shop\\\/wp-content\\\/uploads\\\/2021\\\/03\\\/GS89_1200px.jpg\",\"width\":1200,\"height\":1200,\"caption\":\"Geister-Schocker (89): Die Welt der lebenden Toten\"},{\"@type\":\"BreadcrumbList\",\"@id\":\"https:\\\/\\\/www.allscore.de\\\/shop\\\/en\\\/produkt\\\/geister-schocker-89-die-welt-der-lebenden-toten\\\/#breadcrumb\",\"itemListElement\":[{\"@type\":\"ListItem\",\"position\":1,\"name\":\"Startseite\",\"item\":\"https:\\\/\\\/www.allscore.de\\\/shop\\\/en\\\/\"},{\"@type\":\"ListItem\",\"position\":2,\"name\":\"Products\",\"item\":\"https:\\\/\\\/www.allscore.de\\\/shop\\\/en\\\/shop\\\/\"},{\"@type\":\"ListItem\",\"position\":3,\"name\":\"Geister-Schocker 89: Die Welt der lebenden Toten\"}]},{\"@type\":\"WebSite\",\"@id\":\"https:\\\/\\\/www.allscore.de\\\/shop\\\/en\\\/#website\",\"url\":\"https:\\\/\\\/www.allscore.de\\\/shop\\\/en\\\/\",\"name\":\"Allscore Shop\",\"description\":\"All Score Media\",\"publisher\":{\"@id\":\"https:\\\/\\\/www.allscore.de\\\/shop\\\/en\\\/#organization\"},\"potentialAction\":[{\"@type\":\"SearchAction\",\"target\":{\"@type\":\"EntryPoint\",\"urlTemplate\":\"https:\\\/\\\/www.allscore.de\\\/shop\\\/en\\\/?s={search_term_string}\"},\"query-input\":{\"@type\":\"PropertyValueSpecification\",\"valueRequired\":true,\"valueName\":\"search_term_string\"}}],\"inLanguage\":\"en-US\"},{\"@type\":\"Organization\",\"@id\":\"https:\\\/\\\/www.allscore.de\\\/shop\\\/en\\\/#organization\",\"name\":\"All Score Media\",\"alternateName\":\"Allscore\",\"url\":\"https:\\\/\\\/www.allscore.de\\\/shop\\\/en\\\/\",\"logo\":{\"@type\":\"ImageObject\",\"inLanguage\":\"en-US\",\"@id\":\"https:\\\/\\\/www.allscore.de\\\/shop\\\/en\\\/#\\\/schema\\\/logo\\\/image\\\/\",\"url\":\"https:\\\/\\\/www.allscore.de\\\/shop\\\/wp-content\\\/uploads\\\/2026\\\/01\\\/Logo_Yoast_Shop_2026.png\",\"contentUrl\":\"https:\\\/\\\/www.allscore.de\\\/shop\\\/wp-content\\\/uploads\\\/2026\\\/01\\\/Logo_Yoast_Shop_2026.png\",\"width\":696,\"height\":696,\"caption\":\"All Score Media\"},\"image\":{\"@id\":\"https:\\\/\\\/www.allscore.de\\\/shop\\\/en\\\/#\\\/schema\\\/logo\\\/image\\\/\"}}]}<\/script>\n<!-- \/ Yoast SEO plugin. -->","yoast_head_json":{"title":"Geister-Schocker 89: Die Welt der lebenden Toten","description":"Geister-Schocker 89: Die Welt der lebenden Toten Inhalt: Die Welt versinkt im Chaos, denn aus allen Erdteilen erreichen Laura Janssen und Dylan","robots":{"index":"index","follow":"follow","max-snippet":"max-snippet:-1","max-image-preview":"max-image-preview:large","max-video-preview":"max-video-preview:-1"},"canonical":"https:\/\/www.allscore.de\/shop\/en\/produkt\/geister-schocker-89-die-welt-der-lebenden-toten\/","og_locale":"en_US","og_type":"article","og_title":"Geister-Schocker 89: Die Welt der lebenden Toten","og_description":"Geister-Schocker 89: Die Welt der lebenden Toten Inhalt: Die Welt versinkt im Chaos, denn aus allen Erdteilen erreichen Laura Janssen und Dylan","og_url":"https:\/\/www.allscore.de\/shop\/en\/produkt\/geister-schocker-89-die-welt-der-lebenden-toten\/","og_site_name":"Allscore Shop","article_modified_time":"2024-04-25T13:49:39+00:00","og_image":[{"width":1200,"height":1200,"url":"https:\/\/www.allscore.de\/shop\/wp-content\/uploads\/2021\/03\/GS89_1200px.jpg","type":"image\/jpeg"}],"twitter_card":"summary_large_image","twitter_misc":{"Est. reading time":"1 minute"},"schema":{"@context":"https:\/\/schema.org","@graph":[{"@type":"WebPage","@id":"https:\/\/www.allscore.de\/shop\/en\/produkt\/geister-schocker-89-die-welt-der-lebenden-toten\/","url":"https:\/\/www.allscore.de\/shop\/en\/produkt\/geister-schocker-89-die-welt-der-lebenden-toten\/","name":"Geister-Schocker 89: Die Welt der lebenden Toten","isPartOf":{"@id":"https:\/\/www.allscore.de\/shop\/en\/#website"},"primaryImageOfPage":{"@id":"https:\/\/www.allscore.de\/shop\/en\/produkt\/geister-schocker-89-die-welt-der-lebenden-toten\/#primaryimage"},"image":{"@id":"https:\/\/www.allscore.de\/shop\/en\/produkt\/geister-schocker-89-die-welt-der-lebenden-toten\/#primaryimage"},"thumbnailUrl":"https:\/\/www.allscore.de\/shop\/wp-content\/uploads\/2021\/03\/GS89_1200px.jpg","datePublished":"2021-03-23T14:23:37+00:00","dateModified":"2024-04-25T13:49:39+00:00","description":"Geister-Schocker 89: Die Welt der lebenden Toten Inhalt: Die Welt versinkt im Chaos, denn aus allen Erdteilen erreichen Laura Janssen und Dylan","breadcrumb":{"@id":"https:\/\/www.allscore.de\/shop\/en\/produkt\/geister-schocker-89-die-welt-der-lebenden-toten\/#breadcrumb"},"inLanguage":"en-US","potentialAction":[{"@type":"ReadAction","target":["https:\/\/www.allscore.de\/shop\/en\/produkt\/geister-schocker-89-die-welt-der-lebenden-toten\/"]}]},{"@type":"ImageObject","inLanguage":"en-US","@id":"https:\/\/www.allscore.de\/shop\/en\/produkt\/geister-schocker-89-die-welt-der-lebenden-toten\/#primaryimage","url":"https:\/\/www.allscore.de\/shop\/wp-content\/uploads\/2021\/03\/GS89_1200px.jpg","contentUrl":"https:\/\/www.allscore.de\/shop\/wp-content\/uploads\/2021\/03\/GS89_1200px.jpg","width":1200,"height":1200,"caption":"Geister-Schocker (89): Die Welt der lebenden Toten"},{"@type":"BreadcrumbList","@id":"https:\/\/www.allscore.de\/shop\/en\/produkt\/geister-schocker-89-die-welt-der-lebenden-toten\/#breadcrumb","itemListElement":[{"@type":"ListItem","position":1,"name":"Startseite","item":"https:\/\/www.allscore.de\/shop\/en\/"},{"@type":"ListItem","position":2,"name":"Products","item":"https:\/\/www.allscore.de\/shop\/en\/shop\/"},{"@type":"ListItem","position":3,"name":"Geister-Schocker 89: Die Welt der lebenden Toten"}]},{"@type":"WebSite","@id":"https:\/\/www.allscore.de\/shop\/en\/#website","url":"https:\/\/www.allscore.de\/shop\/en\/","name":"Allscore Shop","description":"All Score Media","publisher":{"@id":"https:\/\/www.allscore.de\/shop\/en\/#organization"},"potentialAction":[{"@type":"SearchAction","target":{"@type":"EntryPoint","urlTemplate":"https:\/\/www.allscore.de\/shop\/en\/?s={search_term_string}"},"query-input":{"@type":"PropertyValueSpecification","valueRequired":true,"valueName":"search_term_string"}}],"inLanguage":"en-US"},{"@type":"Organization","@id":"https:\/\/www.allscore.de\/shop\/en\/#organization","name":"All Score Media","alternateName":"Allscore","url":"https:\/\/www.allscore.de\/shop\/en\/","logo":{"@type":"ImageObject","inLanguage":"en-US","@id":"https:\/\/www.allscore.de\/shop\/en\/#\/schema\/logo\/image\/","url":"https:\/\/www.allscore.de\/shop\/wp-content\/uploads\/2026\/01\/Logo_Yoast_Shop_2026.png","contentUrl":"https:\/\/www.allscore.de\/shop\/wp-content\/uploads\/2026\/01\/Logo_Yoast_Shop_2026.png","width":696,"height":696,"caption":"All Score Media"},"image":{"@id":"https:\/\/www.allscore.de\/shop\/en\/#\/schema\/logo\/image\/"}}]}},"_links":{"self":[{"href":"https:\/\/www.allscore.de\/shop\/en\/wp-json\/wp\/v2\/product\/9681","targetHints":{"allow":["GET"]}}],"collection":[{"href":"https:\/\/www.allscore.de\/shop\/en\/wp-json\/wp\/v2\/product"}],"about":[{"href":"https:\/\/www.allscore.de\/shop\/en\/wp-json\/wp\/v2\/types\/product"}],"wp:featuredmedia":[{"embeddable":true,"href":"https:\/\/www.allscore.de\/shop\/en\/wp-json\/wp\/v2\/media\/9401"}],"wp:attachment":[{"href":"https:\/\/www.allscore.de\/shop\/en\/wp-json\/wp\/v2\/media?parent=9681"}],"wp:term":[{"taxonomy":"product_brand","embeddable":true,"href":"https:\/\/www.allscore.de\/shop\/en\/wp-json\/wp\/v2\/product_brand?post=9681"},{"taxonomy":"product_cat","embeddable":true,"href":"https:\/\/www.allscore.de\/shop\/en\/wp-json\/wp\/v2\/product_cat?post=9681"},{"taxonomy":"product_tag","embeddable":true,"href":"https:\/\/www.allscore.de\/shop\/en\/wp-json\/wp\/v2\/product_tag?post=9681"}],"curies":[{"name":"wp","href":"https:\/\/api.w.org\/{rel}","templated":true}]}}