{"id":9673,"date":"2019-09-27T15:12:14","date_gmt":"2021-03-23T14:12:14","guid":{"rendered":"https:\/\/www.allscore.de\/shop\/?post_type=product&#038;p=9673"},"modified":"2024-04-25T15:42:53","modified_gmt":"2024-04-25T13:42:53","slug":"geister-schocker-83-der-sklave-des-magiers","status":"publish","type":"product","link":"https:\/\/www.allscore.de\/shop\/en\/produkt\/geister-schocker-83-der-sklave-des-magiers\/","title":{"rendered":"Geister-Schocker 83: Der Sklave des Magiers"},"content":{"rendered":"<p>Geister-Schocker 83: Der Sklave des Magiers<\/p>\n<p><strong><u>Inhalt:<br \/>\n<\/u><\/strong>Emily Talbot besuchte mit ihrem Mann das Grab ihrer Eltern auf dem Trinity Cemetery. Es war f\u00fcnf Uhr nachmittags, Die Dunkelheit kroch wie ein Moloch \u00fcber den menschenleeren Friedhof. Tr\u00fcbe flackerten Kerzenfl\u00e4mmchen im milchigen Nebel. Feiner Regen spr\u00fchte auf Edinburgh. Seine etwas j\u00fcngere Frau z\u00fcndete die Kerze in der Grablaterne an. Ihr Blick ging dabei an ihrem Mann vorbei. Hinter ihm sch\u00e4lte sich eine dunkle Gestalt aus dem Nebel. F\u00fcr Sekunden sah Emily Talbot das w\u00e4chserne Gesicht eines Mannes, verdrehte Augen, in denen das Wei\u00dfe schimmerte, einen offenstehenden Mund mit fleischlosen Lippen, tief eingefallene Wangen. Ihr schriller Schrei erstickte im Nebel. Zitternd deutete sie auf die unheimliche Erscheinung. Als ihr Mann erschrocken herumfuhr, war nichts mehr zu sehen \u2026<\/p>\n<p><strong><u>Sprecher:<br \/>\n<\/u><\/strong>Helgo Liebig, Nils Weyland, Karen Schulz-Vobach, J\u00f6rg Adae, Tanja Geke, Tim Knauer, Victoria Sturm, Bert Stevens, Alexandra Lange, Jo Jung, Julian Lang<\/p>\n<p><strong><u>Autor:<br \/>\n<\/u><\/strong>Bob Collins<\/p>\n","protected":false},"excerpt":{"rendered":"<p>Geister-Schocker 83: Der Sklave des Magiers Inhalt: Emily Talbot besuchte mit ihrem Mann das Grab ihrer Eltern auf dem Trinity Cemetery. Es war f\u00fcnf Uhr nachmittags, Die Dunkelheit kroch wie ein Moloch \u00fcber den menschenleeren Friedhof. Tr\u00fcbe flackerten Kerzenfl\u00e4mmchen im milchigen Nebel. Feiner Regen spr\u00fchte auf Edinburgh. Seine etwas j\u00fcngere Frau z\u00fcndete die Kerze in&#8230;<\/p>\n<p><a rel=\"bookmark\" class=\"vonzot-button-simple wvc-button wvc-button-size-sm\" href=\"https:\/\/www.allscore.de\/shop\/en\/produkt\/geister-schocker-83-der-sklave-des-magiers\/\"><span>Read more<\/span><\/a><\/p>\n","protected":false},"featured_media":9393,"template":"","meta":[],"product_brand":[],"product_cat":[199,409],"product_tag":[],"class_list":{"0":"post-9673","1":"product","2":"type-product","3":"status-publish","4":"has-post-thumbnail","6":"product_cat-hoerspiele-en","7":"product_cat-geister-schocker-en","8":"product_shipping_class-tontraeger-cd-en","9":"entry","10":"clearfix","11":"entry-grid","12":"entry-columns-3","13":"entry-product-module-layout-sidebar-right","14":"thumbnail-color-tone-dark","15":"entry-product","17":"entry-product-grid","19":"first","20":"instock","21":"sale","22":"taxable","23":"shipping-taxable","24":"purchasable","25":"product-type-simple"},"yoast_head":"<!-- This site is optimized with the Yoast SEO plugin v27.3 - https:\/\/yoast.com\/product\/yoast-seo-wordpress\/ -->\n<title>Geister-Schocker 83: Der Sklave des Magiers<\/title>\n<meta name=\"description\" content=\"Geister-Schocker 83: Der Sklave des Magiers Inhalt: Emily Talbot besuchte mit ihrem Mann das Grab ihrer Eltern auf dem Trinity Cemetery. Es war f\u00fcnf Uhr\" \/>\n<meta name=\"robots\" content=\"index, follow, max-snippet:-1, max-image-preview:large, max-video-preview:-1\" \/>\n<link rel=\"canonical\" href=\"https:\/\/www.allscore.de\/shop\/en\/produkt\/geister-schocker-83-der-sklave-des-magiers\/\" \/>\n<meta property=\"og:locale\" content=\"en_US\" \/>\n<meta property=\"og:type\" content=\"article\" \/>\n<meta property=\"og:title\" content=\"Geister-Schocker 83: Der Sklave des Magiers\" \/>\n<meta property=\"og:description\" content=\"Geister-Schocker 83: Der Sklave des Magiers Inhalt: Emily Talbot besuchte mit ihrem Mann das Grab ihrer Eltern auf dem Trinity Cemetery. Es war f\u00fcnf Uhr\" \/>\n<meta property=\"og:url\" content=\"https:\/\/www.allscore.de\/shop\/en\/produkt\/geister-schocker-83-der-sklave-des-magiers\/\" \/>\n<meta property=\"og:site_name\" content=\"Allscore Shop\" \/>\n<meta property=\"article:modified_time\" content=\"2024-04-25T13:42:53+00:00\" \/>\n<meta property=\"og:image\" content=\"https:\/\/www.allscore.de\/shop\/wp-content\/uploads\/2021\/03\/GS83_1200px.jpg\" \/>\n\t<meta property=\"og:image:width\" content=\"1200\" \/>\n\t<meta property=\"og:image:height\" content=\"1200\" \/>\n\t<meta property=\"og:image:type\" content=\"image\/jpeg\" \/>\n<meta name=\"twitter:card\" content=\"summary_large_image\" \/>\n<meta name=\"twitter:label1\" content=\"Est. reading time\" \/>\n\t<meta name=\"twitter:data1\" content=\"1 minute\" \/>\n<script type=\"application\/ld+json\" class=\"yoast-schema-graph\">{\"@context\":\"https:\\\/\\\/schema.org\",\"@graph\":[{\"@type\":\"WebPage\",\"@id\":\"https:\\\/\\\/www.allscore.de\\\/shop\\\/en\\\/produkt\\\/geister-schocker-83-der-sklave-des-magiers\\\/\",\"url\":\"https:\\\/\\\/www.allscore.de\\\/shop\\\/en\\\/produkt\\\/geister-schocker-83-der-sklave-des-magiers\\\/\",\"name\":\"Geister-Schocker 83: Der Sklave des Magiers\",\"isPartOf\":{\"@id\":\"https:\\\/\\\/www.allscore.de\\\/shop\\\/en\\\/#website\"},\"primaryImageOfPage\":{\"@id\":\"https:\\\/\\\/www.allscore.de\\\/shop\\\/en\\\/produkt\\\/geister-schocker-83-der-sklave-des-magiers\\\/#primaryimage\"},\"image\":{\"@id\":\"https:\\\/\\\/www.allscore.de\\\/shop\\\/en\\\/produkt\\\/geister-schocker-83-der-sklave-des-magiers\\\/#primaryimage\"},\"thumbnailUrl\":\"https:\\\/\\\/www.allscore.de\\\/shop\\\/wp-content\\\/uploads\\\/2021\\\/03\\\/GS83_1200px.jpg\",\"datePublished\":\"2021-03-23T14:12:14+00:00\",\"dateModified\":\"2024-04-25T13:42:53+00:00\",\"description\":\"Geister-Schocker 83: Der Sklave des Magiers Inhalt: Emily Talbot besuchte mit ihrem Mann das Grab ihrer Eltern auf dem Trinity Cemetery. Es war f\u00fcnf Uhr\",\"breadcrumb\":{\"@id\":\"https:\\\/\\\/www.allscore.de\\\/shop\\\/en\\\/produkt\\\/geister-schocker-83-der-sklave-des-magiers\\\/#breadcrumb\"},\"inLanguage\":\"en-US\",\"potentialAction\":[{\"@type\":\"ReadAction\",\"target\":[\"https:\\\/\\\/www.allscore.de\\\/shop\\\/en\\\/produkt\\\/geister-schocker-83-der-sklave-des-magiers\\\/\"]}]},{\"@type\":\"ImageObject\",\"inLanguage\":\"en-US\",\"@id\":\"https:\\\/\\\/www.allscore.de\\\/shop\\\/en\\\/produkt\\\/geister-schocker-83-der-sklave-des-magiers\\\/#primaryimage\",\"url\":\"https:\\\/\\\/www.allscore.de\\\/shop\\\/wp-content\\\/uploads\\\/2021\\\/03\\\/GS83_1200px.jpg\",\"contentUrl\":\"https:\\\/\\\/www.allscore.de\\\/shop\\\/wp-content\\\/uploads\\\/2021\\\/03\\\/GS83_1200px.jpg\",\"width\":1200,\"height\":1200,\"caption\":\"Geister-Schocker (83): Der Sklave des Magiers\"},{\"@type\":\"BreadcrumbList\",\"@id\":\"https:\\\/\\\/www.allscore.de\\\/shop\\\/en\\\/produkt\\\/geister-schocker-83-der-sklave-des-magiers\\\/#breadcrumb\",\"itemListElement\":[{\"@type\":\"ListItem\",\"position\":1,\"name\":\"Startseite\",\"item\":\"https:\\\/\\\/www.allscore.de\\\/shop\\\/en\\\/\"},{\"@type\":\"ListItem\",\"position\":2,\"name\":\"Products\",\"item\":\"https:\\\/\\\/www.allscore.de\\\/shop\\\/en\\\/shop\\\/\"},{\"@type\":\"ListItem\",\"position\":3,\"name\":\"Geister-Schocker 83: Der Sklave des Magiers\"}]},{\"@type\":\"WebSite\",\"@id\":\"https:\\\/\\\/www.allscore.de\\\/shop\\\/en\\\/#website\",\"url\":\"https:\\\/\\\/www.allscore.de\\\/shop\\\/en\\\/\",\"name\":\"Allscore Shop\",\"description\":\"All Score Media\",\"publisher\":{\"@id\":\"https:\\\/\\\/www.allscore.de\\\/shop\\\/en\\\/#organization\"},\"potentialAction\":[{\"@type\":\"SearchAction\",\"target\":{\"@type\":\"EntryPoint\",\"urlTemplate\":\"https:\\\/\\\/www.allscore.de\\\/shop\\\/en\\\/?s={search_term_string}\"},\"query-input\":{\"@type\":\"PropertyValueSpecification\",\"valueRequired\":true,\"valueName\":\"search_term_string\"}}],\"inLanguage\":\"en-US\"},{\"@type\":\"Organization\",\"@id\":\"https:\\\/\\\/www.allscore.de\\\/shop\\\/en\\\/#organization\",\"name\":\"All Score Media\",\"alternateName\":\"Allscore\",\"url\":\"https:\\\/\\\/www.allscore.de\\\/shop\\\/en\\\/\",\"logo\":{\"@type\":\"ImageObject\",\"inLanguage\":\"en-US\",\"@id\":\"https:\\\/\\\/www.allscore.de\\\/shop\\\/en\\\/#\\\/schema\\\/logo\\\/image\\\/\",\"url\":\"https:\\\/\\\/www.allscore.de\\\/shop\\\/wp-content\\\/uploads\\\/2026\\\/01\\\/Logo_Yoast_Shop_2026.png\",\"contentUrl\":\"https:\\\/\\\/www.allscore.de\\\/shop\\\/wp-content\\\/uploads\\\/2026\\\/01\\\/Logo_Yoast_Shop_2026.png\",\"width\":696,\"height\":696,\"caption\":\"All Score Media\"},\"image\":{\"@id\":\"https:\\\/\\\/www.allscore.de\\\/shop\\\/en\\\/#\\\/schema\\\/logo\\\/image\\\/\"}}]}<\/script>\n<!-- \/ Yoast SEO plugin. -->","yoast_head_json":{"title":"Geister-Schocker 83: Der Sklave des Magiers","description":"Geister-Schocker 83: Der Sklave des Magiers Inhalt: Emily Talbot besuchte mit ihrem Mann das Grab ihrer Eltern auf dem Trinity Cemetery. Es war f\u00fcnf Uhr","robots":{"index":"index","follow":"follow","max-snippet":"max-snippet:-1","max-image-preview":"max-image-preview:large","max-video-preview":"max-video-preview:-1"},"canonical":"https:\/\/www.allscore.de\/shop\/en\/produkt\/geister-schocker-83-der-sklave-des-magiers\/","og_locale":"en_US","og_type":"article","og_title":"Geister-Schocker 83: Der Sklave des Magiers","og_description":"Geister-Schocker 83: Der Sklave des Magiers Inhalt: Emily Talbot besuchte mit ihrem Mann das Grab ihrer Eltern auf dem Trinity Cemetery. Es war f\u00fcnf Uhr","og_url":"https:\/\/www.allscore.de\/shop\/en\/produkt\/geister-schocker-83-der-sklave-des-magiers\/","og_site_name":"Allscore Shop","article_modified_time":"2024-04-25T13:42:53+00:00","og_image":[{"width":1200,"height":1200,"url":"https:\/\/www.allscore.de\/shop\/wp-content\/uploads\/2021\/03\/GS83_1200px.jpg","type":"image\/jpeg"}],"twitter_card":"summary_large_image","twitter_misc":{"Est. reading time":"1 minute"},"schema":{"@context":"https:\/\/schema.org","@graph":[{"@type":"WebPage","@id":"https:\/\/www.allscore.de\/shop\/en\/produkt\/geister-schocker-83-der-sklave-des-magiers\/","url":"https:\/\/www.allscore.de\/shop\/en\/produkt\/geister-schocker-83-der-sklave-des-magiers\/","name":"Geister-Schocker 83: Der Sklave des Magiers","isPartOf":{"@id":"https:\/\/www.allscore.de\/shop\/en\/#website"},"primaryImageOfPage":{"@id":"https:\/\/www.allscore.de\/shop\/en\/produkt\/geister-schocker-83-der-sklave-des-magiers\/#primaryimage"},"image":{"@id":"https:\/\/www.allscore.de\/shop\/en\/produkt\/geister-schocker-83-der-sklave-des-magiers\/#primaryimage"},"thumbnailUrl":"https:\/\/www.allscore.de\/shop\/wp-content\/uploads\/2021\/03\/GS83_1200px.jpg","datePublished":"2021-03-23T14:12:14+00:00","dateModified":"2024-04-25T13:42:53+00:00","description":"Geister-Schocker 83: Der Sklave des Magiers Inhalt: Emily Talbot besuchte mit ihrem Mann das Grab ihrer Eltern auf dem Trinity Cemetery. Es war f\u00fcnf Uhr","breadcrumb":{"@id":"https:\/\/www.allscore.de\/shop\/en\/produkt\/geister-schocker-83-der-sklave-des-magiers\/#breadcrumb"},"inLanguage":"en-US","potentialAction":[{"@type":"ReadAction","target":["https:\/\/www.allscore.de\/shop\/en\/produkt\/geister-schocker-83-der-sklave-des-magiers\/"]}]},{"@type":"ImageObject","inLanguage":"en-US","@id":"https:\/\/www.allscore.de\/shop\/en\/produkt\/geister-schocker-83-der-sklave-des-magiers\/#primaryimage","url":"https:\/\/www.allscore.de\/shop\/wp-content\/uploads\/2021\/03\/GS83_1200px.jpg","contentUrl":"https:\/\/www.allscore.de\/shop\/wp-content\/uploads\/2021\/03\/GS83_1200px.jpg","width":1200,"height":1200,"caption":"Geister-Schocker (83): Der Sklave des Magiers"},{"@type":"BreadcrumbList","@id":"https:\/\/www.allscore.de\/shop\/en\/produkt\/geister-schocker-83-der-sklave-des-magiers\/#breadcrumb","itemListElement":[{"@type":"ListItem","position":1,"name":"Startseite","item":"https:\/\/www.allscore.de\/shop\/en\/"},{"@type":"ListItem","position":2,"name":"Products","item":"https:\/\/www.allscore.de\/shop\/en\/shop\/"},{"@type":"ListItem","position":3,"name":"Geister-Schocker 83: Der Sklave des Magiers"}]},{"@type":"WebSite","@id":"https:\/\/www.allscore.de\/shop\/en\/#website","url":"https:\/\/www.allscore.de\/shop\/en\/","name":"Allscore Shop","description":"All Score Media","publisher":{"@id":"https:\/\/www.allscore.de\/shop\/en\/#organization"},"potentialAction":[{"@type":"SearchAction","target":{"@type":"EntryPoint","urlTemplate":"https:\/\/www.allscore.de\/shop\/en\/?s={search_term_string}"},"query-input":{"@type":"PropertyValueSpecification","valueRequired":true,"valueName":"search_term_string"}}],"inLanguage":"en-US"},{"@type":"Organization","@id":"https:\/\/www.allscore.de\/shop\/en\/#organization","name":"All Score Media","alternateName":"Allscore","url":"https:\/\/www.allscore.de\/shop\/en\/","logo":{"@type":"ImageObject","inLanguage":"en-US","@id":"https:\/\/www.allscore.de\/shop\/en\/#\/schema\/logo\/image\/","url":"https:\/\/www.allscore.de\/shop\/wp-content\/uploads\/2026\/01\/Logo_Yoast_Shop_2026.png","contentUrl":"https:\/\/www.allscore.de\/shop\/wp-content\/uploads\/2026\/01\/Logo_Yoast_Shop_2026.png","width":696,"height":696,"caption":"All Score Media"},"image":{"@id":"https:\/\/www.allscore.de\/shop\/en\/#\/schema\/logo\/image\/"}}]}},"_links":{"self":[{"href":"https:\/\/www.allscore.de\/shop\/en\/wp-json\/wp\/v2\/product\/9673","targetHints":{"allow":["GET"]}}],"collection":[{"href":"https:\/\/www.allscore.de\/shop\/en\/wp-json\/wp\/v2\/product"}],"about":[{"href":"https:\/\/www.allscore.de\/shop\/en\/wp-json\/wp\/v2\/types\/product"}],"wp:featuredmedia":[{"embeddable":true,"href":"https:\/\/www.allscore.de\/shop\/en\/wp-json\/wp\/v2\/media\/9393"}],"wp:attachment":[{"href":"https:\/\/www.allscore.de\/shop\/en\/wp-json\/wp\/v2\/media?parent=9673"}],"wp:term":[{"taxonomy":"product_brand","embeddable":true,"href":"https:\/\/www.allscore.de\/shop\/en\/wp-json\/wp\/v2\/product_brand?post=9673"},{"taxonomy":"product_cat","embeddable":true,"href":"https:\/\/www.allscore.de\/shop\/en\/wp-json\/wp\/v2\/product_cat?post=9673"},{"taxonomy":"product_tag","embeddable":true,"href":"https:\/\/www.allscore.de\/shop\/en\/wp-json\/wp\/v2\/product_tag?post=9673"}],"curies":[{"name":"wp","href":"https:\/\/api.w.org\/{rel}","templated":true}]}}