{"id":9665,"date":"2019-01-21T14:42:19","date_gmt":"2021-03-23T13:42:19","guid":{"rendered":"https:\/\/www.allscore.de\/shop\/?post_type=product&#038;p=9665"},"modified":"2024-04-25T15:34:15","modified_gmt":"2024-04-25T13:34:15","slug":"geister-schocker-79-das-schloss-der-tausend-augen","status":"publish","type":"product","link":"https:\/\/www.allscore.de\/shop\/en\/produkt\/geister-schocker-79-das-schloss-der-tausend-augen\/","title":{"rendered":"Geister-Schocker 79: Das Schloss der tausend Augen"},"content":{"rendered":"<p>Geister-Schocker 79: Das Schloss der tausend Augen<\/p>\n<p><strong><u>Inhalt:<br \/>\n<\/u><\/strong>Zusammen mit seinen Freunden Lizzy Moran und Joe Archer wollten der Geisterseher Jack Callum und seine Freundin Jenny McDonald einen unbeschwerten Urlaub verbringen. Das Anwesen von General Philip Cammeron schien daf\u00fcr bestens geeignet. Doch direkt nach der Ankunft sp\u00fcrte Jack, dass ihn sein Schicksal mal wieder verfolgte und in dem Haus auf der Klippe nicht alles mit rechten Dingen zuging. Als sie kurze Zeit sp\u00e4ter ein Sturm von der Au\u00dfenwelt abschnitt, und die anwesenden G\u00e4ste in paranoide Wahnvorstellungen verfielen, versuchte Jack ein verzweifeltes Man\u00f6ver, um die G\u00e4ste und sich zu sch\u00fctzen \u2026.<\/p>\n<p><strong><u>Sprecher:<br \/>\n<\/u><\/strong>Christian Stark, Tanja Niehoff, Jenny Maria Meyer, Tm Steinbrecher, Reent Reins, Hildegard Meier, Andrea Aust, Martin Sabel, Sabrina Heuer, Tobias Diakow, Sonitha Sodhi, Marc Sch\u00fclert, Helgo Liebig<\/p>\n<p><strong><u>Autor:<\/u><\/strong><br \/>\nBob Collins<\/p>\n","protected":false},"excerpt":{"rendered":"<p>Geister-Schocker 79: Das Schloss der tausend Augen Inhalt: Zusammen mit seinen Freunden Lizzy Moran und Joe Archer wollten der Geisterseher Jack Callum und seine Freundin Jenny McDonald einen unbeschwerten Urlaub verbringen. Das Anwesen von General Philip Cammeron schien daf\u00fcr bestens geeignet. Doch direkt nach der Ankunft sp\u00fcrte Jack, dass ihn sein Schicksal mal wieder verfolgte&#8230;<\/p>\n<p><a rel=\"bookmark\" class=\"vonzot-button-simple wvc-button wvc-button-size-sm\" href=\"https:\/\/www.allscore.de\/shop\/en\/produkt\/geister-schocker-79-das-schloss-der-tausend-augen\/\"><span>Read more<\/span><\/a><\/p>\n","protected":false},"featured_media":9385,"template":"","meta":[],"product_brand":[],"product_cat":[199,409],"product_tag":[],"class_list":{"0":"post-9665","1":"product","2":"type-product","3":"status-publish","4":"has-post-thumbnail","6":"product_cat-hoerspiele-en","7":"product_cat-geister-schocker-en","8":"product_shipping_class-tontraeger-cd-en","9":"entry","10":"clearfix","11":"entry-grid","12":"entry-columns-3","13":"entry-product-module-layout-sidebar-right","14":"thumbnail-color-tone-dark","15":"entry-product","17":"entry-product-grid","19":"first","20":"instock","21":"sale","22":"taxable","23":"shipping-taxable","24":"purchasable","25":"product-type-simple"},"yoast_head":"<!-- This site is optimized with the Yoast SEO plugin v27.4 - https:\/\/yoast.com\/product\/yoast-seo-wordpress\/ -->\n<title>Geister-Schocker 79: Das Schloss der tausend Augen<\/title>\n<meta name=\"description\" content=\"Geister-Schocker 79: Das Schloss der tausend Augen Inhalt: Zusammen mit seinen Freunden Lizzy Moran und Joe Archer wollten der Geisterseher Jack Callum\" \/>\n<meta name=\"robots\" content=\"index, follow, max-snippet:-1, max-image-preview:large, max-video-preview:-1\" \/>\n<link rel=\"canonical\" href=\"https:\/\/www.allscore.de\/shop\/en\/produkt\/geister-schocker-79-das-schloss-der-tausend-augen\/\" \/>\n<meta property=\"og:locale\" content=\"en_US\" \/>\n<meta property=\"og:type\" content=\"article\" \/>\n<meta property=\"og:title\" content=\"Geister-Schocker 79: Das Schloss der tausend Augen\" \/>\n<meta property=\"og:description\" content=\"Geister-Schocker 79: Das Schloss der tausend Augen Inhalt: Zusammen mit seinen Freunden Lizzy Moran und Joe Archer wollten der Geisterseher Jack Callum\" \/>\n<meta property=\"og:url\" content=\"https:\/\/www.allscore.de\/shop\/en\/produkt\/geister-schocker-79-das-schloss-der-tausend-augen\/\" \/>\n<meta property=\"og:site_name\" content=\"Allscore Shop\" \/>\n<meta property=\"article:modified_time\" content=\"2024-04-25T13:34:15+00:00\" \/>\n<meta property=\"og:image\" content=\"https:\/\/www.allscore.de\/shop\/wp-content\/uploads\/2021\/03\/GS79_1000px.jpg\" \/>\n\t<meta property=\"og:image:width\" content=\"1000\" \/>\n\t<meta property=\"og:image:height\" content=\"1000\" \/>\n\t<meta property=\"og:image:type\" content=\"image\/jpeg\" \/>\n<meta name=\"twitter:card\" content=\"summary_large_image\" \/>\n<meta name=\"twitter:label1\" content=\"Est. reading time\" \/>\n\t<meta name=\"twitter:data1\" content=\"1 minute\" \/>\n<script type=\"application\/ld+json\" class=\"yoast-schema-graph\">{\"@context\":\"https:\\\/\\\/schema.org\",\"@graph\":[{\"@type\":\"WebPage\",\"@id\":\"https:\\\/\\\/www.allscore.de\\\/shop\\\/en\\\/produkt\\\/geister-schocker-79-das-schloss-der-tausend-augen\\\/\",\"url\":\"https:\\\/\\\/www.allscore.de\\\/shop\\\/en\\\/produkt\\\/geister-schocker-79-das-schloss-der-tausend-augen\\\/\",\"name\":\"Geister-Schocker 79: Das Schloss der tausend Augen\",\"isPartOf\":{\"@id\":\"https:\\\/\\\/www.allscore.de\\\/shop\\\/en\\\/#website\"},\"primaryImageOfPage\":{\"@id\":\"https:\\\/\\\/www.allscore.de\\\/shop\\\/en\\\/produkt\\\/geister-schocker-79-das-schloss-der-tausend-augen\\\/#primaryimage\"},\"image\":{\"@id\":\"https:\\\/\\\/www.allscore.de\\\/shop\\\/en\\\/produkt\\\/geister-schocker-79-das-schloss-der-tausend-augen\\\/#primaryimage\"},\"thumbnailUrl\":\"https:\\\/\\\/www.allscore.de\\\/shop\\\/wp-content\\\/uploads\\\/2021\\\/03\\\/GS79_1000px.jpg\",\"datePublished\":\"2021-03-23T13:42:19+00:00\",\"dateModified\":\"2024-04-25T13:34:15+00:00\",\"description\":\"Geister-Schocker 79: Das Schloss der tausend Augen Inhalt: Zusammen mit seinen Freunden Lizzy Moran und Joe Archer wollten der Geisterseher Jack Callum\",\"breadcrumb\":{\"@id\":\"https:\\\/\\\/www.allscore.de\\\/shop\\\/en\\\/produkt\\\/geister-schocker-79-das-schloss-der-tausend-augen\\\/#breadcrumb\"},\"inLanguage\":\"en-US\",\"potentialAction\":[{\"@type\":\"ReadAction\",\"target\":[\"https:\\\/\\\/www.allscore.de\\\/shop\\\/en\\\/produkt\\\/geister-schocker-79-das-schloss-der-tausend-augen\\\/\"]}]},{\"@type\":\"ImageObject\",\"inLanguage\":\"en-US\",\"@id\":\"https:\\\/\\\/www.allscore.de\\\/shop\\\/en\\\/produkt\\\/geister-schocker-79-das-schloss-der-tausend-augen\\\/#primaryimage\",\"url\":\"https:\\\/\\\/www.allscore.de\\\/shop\\\/wp-content\\\/uploads\\\/2021\\\/03\\\/GS79_1000px.jpg\",\"contentUrl\":\"https:\\\/\\\/www.allscore.de\\\/shop\\\/wp-content\\\/uploads\\\/2021\\\/03\\\/GS79_1000px.jpg\",\"width\":1000,\"height\":1000,\"caption\":\"Geister-Schocker (79): Das Schloss der tausend Augen\"},{\"@type\":\"BreadcrumbList\",\"@id\":\"https:\\\/\\\/www.allscore.de\\\/shop\\\/en\\\/produkt\\\/geister-schocker-79-das-schloss-der-tausend-augen\\\/#breadcrumb\",\"itemListElement\":[{\"@type\":\"ListItem\",\"position\":1,\"name\":\"Startseite\",\"item\":\"https:\\\/\\\/www.allscore.de\\\/shop\\\/en\\\/\"},{\"@type\":\"ListItem\",\"position\":2,\"name\":\"Products\",\"item\":\"https:\\\/\\\/www.allscore.de\\\/shop\\\/en\\\/shop\\\/\"},{\"@type\":\"ListItem\",\"position\":3,\"name\":\"Geister-Schocker 79: Das Schloss der tausend Augen\"}]},{\"@type\":\"WebSite\",\"@id\":\"https:\\\/\\\/www.allscore.de\\\/shop\\\/en\\\/#website\",\"url\":\"https:\\\/\\\/www.allscore.de\\\/shop\\\/en\\\/\",\"name\":\"Allscore Shop\",\"description\":\"All Score Media\",\"publisher\":{\"@id\":\"https:\\\/\\\/www.allscore.de\\\/shop\\\/en\\\/#organization\"},\"potentialAction\":[{\"@type\":\"SearchAction\",\"target\":{\"@type\":\"EntryPoint\",\"urlTemplate\":\"https:\\\/\\\/www.allscore.de\\\/shop\\\/en\\\/?s={search_term_string}\"},\"query-input\":{\"@type\":\"PropertyValueSpecification\",\"valueRequired\":true,\"valueName\":\"search_term_string\"}}],\"inLanguage\":\"en-US\"},{\"@type\":\"Organization\",\"@id\":\"https:\\\/\\\/www.allscore.de\\\/shop\\\/en\\\/#organization\",\"name\":\"All Score Media\",\"alternateName\":\"Allscore\",\"url\":\"https:\\\/\\\/www.allscore.de\\\/shop\\\/en\\\/\",\"logo\":{\"@type\":\"ImageObject\",\"inLanguage\":\"en-US\",\"@id\":\"https:\\\/\\\/www.allscore.de\\\/shop\\\/en\\\/#\\\/schema\\\/logo\\\/image\\\/\",\"url\":\"https:\\\/\\\/www.allscore.de\\\/shop\\\/wp-content\\\/uploads\\\/2026\\\/01\\\/Logo_Yoast_Shop_2026.png\",\"contentUrl\":\"https:\\\/\\\/www.allscore.de\\\/shop\\\/wp-content\\\/uploads\\\/2026\\\/01\\\/Logo_Yoast_Shop_2026.png\",\"width\":696,\"height\":696,\"caption\":\"All Score Media\"},\"image\":{\"@id\":\"https:\\\/\\\/www.allscore.de\\\/shop\\\/en\\\/#\\\/schema\\\/logo\\\/image\\\/\"}}]}<\/script>\n<!-- \/ Yoast SEO plugin. -->","yoast_head_json":{"title":"Geister-Schocker 79: Das Schloss der tausend Augen","description":"Geister-Schocker 79: Das Schloss der tausend Augen Inhalt: Zusammen mit seinen Freunden Lizzy Moran und Joe Archer wollten der Geisterseher Jack Callum","robots":{"index":"index","follow":"follow","max-snippet":"max-snippet:-1","max-image-preview":"max-image-preview:large","max-video-preview":"max-video-preview:-1"},"canonical":"https:\/\/www.allscore.de\/shop\/en\/produkt\/geister-schocker-79-das-schloss-der-tausend-augen\/","og_locale":"en_US","og_type":"article","og_title":"Geister-Schocker 79: Das Schloss der tausend Augen","og_description":"Geister-Schocker 79: Das Schloss der tausend Augen Inhalt: Zusammen mit seinen Freunden Lizzy Moran und Joe Archer wollten der Geisterseher Jack Callum","og_url":"https:\/\/www.allscore.de\/shop\/en\/produkt\/geister-schocker-79-das-schloss-der-tausend-augen\/","og_site_name":"Allscore Shop","article_modified_time":"2024-04-25T13:34:15+00:00","og_image":[{"width":1000,"height":1000,"url":"https:\/\/www.allscore.de\/shop\/wp-content\/uploads\/2021\/03\/GS79_1000px.jpg","type":"image\/jpeg"}],"twitter_card":"summary_large_image","twitter_misc":{"Est. reading time":"1 minute"},"schema":{"@context":"https:\/\/schema.org","@graph":[{"@type":"WebPage","@id":"https:\/\/www.allscore.de\/shop\/en\/produkt\/geister-schocker-79-das-schloss-der-tausend-augen\/","url":"https:\/\/www.allscore.de\/shop\/en\/produkt\/geister-schocker-79-das-schloss-der-tausend-augen\/","name":"Geister-Schocker 79: Das Schloss der tausend Augen","isPartOf":{"@id":"https:\/\/www.allscore.de\/shop\/en\/#website"},"primaryImageOfPage":{"@id":"https:\/\/www.allscore.de\/shop\/en\/produkt\/geister-schocker-79-das-schloss-der-tausend-augen\/#primaryimage"},"image":{"@id":"https:\/\/www.allscore.de\/shop\/en\/produkt\/geister-schocker-79-das-schloss-der-tausend-augen\/#primaryimage"},"thumbnailUrl":"https:\/\/www.allscore.de\/shop\/wp-content\/uploads\/2021\/03\/GS79_1000px.jpg","datePublished":"2021-03-23T13:42:19+00:00","dateModified":"2024-04-25T13:34:15+00:00","description":"Geister-Schocker 79: Das Schloss der tausend Augen Inhalt: Zusammen mit seinen Freunden Lizzy Moran und Joe Archer wollten der Geisterseher Jack Callum","breadcrumb":{"@id":"https:\/\/www.allscore.de\/shop\/en\/produkt\/geister-schocker-79-das-schloss-der-tausend-augen\/#breadcrumb"},"inLanguage":"en-US","potentialAction":[{"@type":"ReadAction","target":["https:\/\/www.allscore.de\/shop\/en\/produkt\/geister-schocker-79-das-schloss-der-tausend-augen\/"]}]},{"@type":"ImageObject","inLanguage":"en-US","@id":"https:\/\/www.allscore.de\/shop\/en\/produkt\/geister-schocker-79-das-schloss-der-tausend-augen\/#primaryimage","url":"https:\/\/www.allscore.de\/shop\/wp-content\/uploads\/2021\/03\/GS79_1000px.jpg","contentUrl":"https:\/\/www.allscore.de\/shop\/wp-content\/uploads\/2021\/03\/GS79_1000px.jpg","width":1000,"height":1000,"caption":"Geister-Schocker (79): Das Schloss der tausend Augen"},{"@type":"BreadcrumbList","@id":"https:\/\/www.allscore.de\/shop\/en\/produkt\/geister-schocker-79-das-schloss-der-tausend-augen\/#breadcrumb","itemListElement":[{"@type":"ListItem","position":1,"name":"Startseite","item":"https:\/\/www.allscore.de\/shop\/en\/"},{"@type":"ListItem","position":2,"name":"Products","item":"https:\/\/www.allscore.de\/shop\/en\/shop\/"},{"@type":"ListItem","position":3,"name":"Geister-Schocker 79: Das Schloss der tausend Augen"}]},{"@type":"WebSite","@id":"https:\/\/www.allscore.de\/shop\/en\/#website","url":"https:\/\/www.allscore.de\/shop\/en\/","name":"Allscore Shop","description":"All Score Media","publisher":{"@id":"https:\/\/www.allscore.de\/shop\/en\/#organization"},"potentialAction":[{"@type":"SearchAction","target":{"@type":"EntryPoint","urlTemplate":"https:\/\/www.allscore.de\/shop\/en\/?s={search_term_string}"},"query-input":{"@type":"PropertyValueSpecification","valueRequired":true,"valueName":"search_term_string"}}],"inLanguage":"en-US"},{"@type":"Organization","@id":"https:\/\/www.allscore.de\/shop\/en\/#organization","name":"All Score Media","alternateName":"Allscore","url":"https:\/\/www.allscore.de\/shop\/en\/","logo":{"@type":"ImageObject","inLanguage":"en-US","@id":"https:\/\/www.allscore.de\/shop\/en\/#\/schema\/logo\/image\/","url":"https:\/\/www.allscore.de\/shop\/wp-content\/uploads\/2026\/01\/Logo_Yoast_Shop_2026.png","contentUrl":"https:\/\/www.allscore.de\/shop\/wp-content\/uploads\/2026\/01\/Logo_Yoast_Shop_2026.png","width":696,"height":696,"caption":"All Score Media"},"image":{"@id":"https:\/\/www.allscore.de\/shop\/en\/#\/schema\/logo\/image\/"}}]}},"_links":{"self":[{"href":"https:\/\/www.allscore.de\/shop\/en\/wp-json\/wp\/v2\/product\/9665","targetHints":{"allow":["GET"]}}],"collection":[{"href":"https:\/\/www.allscore.de\/shop\/en\/wp-json\/wp\/v2\/product"}],"about":[{"href":"https:\/\/www.allscore.de\/shop\/en\/wp-json\/wp\/v2\/types\/product"}],"wp:featuredmedia":[{"embeddable":true,"href":"https:\/\/www.allscore.de\/shop\/en\/wp-json\/wp\/v2\/media\/9385"}],"wp:attachment":[{"href":"https:\/\/www.allscore.de\/shop\/en\/wp-json\/wp\/v2\/media?parent=9665"}],"wp:term":[{"taxonomy":"product_brand","embeddable":true,"href":"https:\/\/www.allscore.de\/shop\/en\/wp-json\/wp\/v2\/product_brand?post=9665"},{"taxonomy":"product_cat","embeddable":true,"href":"https:\/\/www.allscore.de\/shop\/en\/wp-json\/wp\/v2\/product_cat?post=9665"},{"taxonomy":"product_tag","embeddable":true,"href":"https:\/\/www.allscore.de\/shop\/en\/wp-json\/wp\/v2\/product_tag?post=9665"}],"curies":[{"name":"wp","href":"https:\/\/api.w.org\/{rel}","templated":true}]}}