{"id":9653,"date":"2018-01-26T14:27:09","date_gmt":"2021-03-23T13:27:09","guid":{"rendered":"https:\/\/www.allscore.de\/shop\/?post_type=product&#038;p=9653"},"modified":"2024-04-25T13:22:10","modified_gmt":"2024-04-25T11:22:10","slug":"geister-schocker-73-vampire-auf-der-bohrinsel","status":"publish","type":"product","link":"https:\/\/www.allscore.de\/shop\/en\/produkt\/geister-schocker-73-vampire-auf-der-bohrinsel\/","title":{"rendered":"Geister-Schocker 73: Vampire auf der Bohrinsel"},"content":{"rendered":"<p>Geister-Schocker 73: Vampire auf der Bohrinsel<\/p>\n<p><strong><u>Inhalt:<br \/>\n<\/u><\/strong><\/p>\n<p>Vor der schottischen K\u00fcste pumpten die Bohrinseln das schwarze Gold aus dem Meeresboden. Erd\u00f6l. Neue Stra\u00dfen durchzogen das d\u00fcstere Land. Schwere Lastwagen rollten an alten Schl\u00f6ssern vorbei. Die moderne Zeit schien endg\u00fcltig Ihren Einzug gehalten zu haben. Die Menschen verga\u00dfen die Legenden von Geistern und\u00a0 D\u00e4monen. Sie dachten an \u00d6l, Geld und schnellen Verdienst. Doch als niemand mehr damit rechnete, schlug das Grauen zu. Die blutige Vergangenheit dieses Landes holte seine modernen Bewohner ein. Alles begann mit einer Probebohrung&#8230;<\/p>\n<p><strong><u>Sprecher:<br \/>\n<\/u><\/strong>Rainer Schmitt, Marion von Stengel, Reent Reins, Felix W\u00fcrgler, Robert Missler, Martin Sabel, Dirk Hardegen, Ingo Abel, Christin Deucker, Jenny Maria Meyer, Patrick Steiner<\/p>\n<p><strong><u>Autor:<br \/>\n<\/u><\/strong>Bob Collins<\/p>\n","protected":false},"excerpt":{"rendered":"<p>Geister-Schocker 73: Vampire auf der Bohrinsel Inhalt: Vor der schottischen K\u00fcste pumpten die Bohrinseln das schwarze Gold aus dem Meeresboden. Erd\u00f6l. Neue Stra\u00dfen durchzogen das d\u00fcstere Land. Schwere Lastwagen rollten an alten Schl\u00f6ssern vorbei. Die moderne Zeit schien endg\u00fcltig Ihren Einzug gehalten zu haben. Die Menschen verga\u00dfen die Legenden von Geistern und\u00a0 D\u00e4monen. Sie dachten&#8230;<\/p>\n<p><a rel=\"bookmark\" class=\"vonzot-button-simple wvc-button wvc-button-size-sm\" href=\"https:\/\/www.allscore.de\/shop\/en\/produkt\/geister-schocker-73-vampire-auf-der-bohrinsel\/\"><span>Read more<\/span><\/a><\/p>\n","protected":false},"featured_media":9373,"template":"","meta":[],"product_brand":[],"product_cat":[199,409],"product_tag":[],"class_list":{"0":"post-9653","1":"product","2":"type-product","3":"status-publish","4":"has-post-thumbnail","6":"product_cat-hoerspiele-en","7":"product_cat-geister-schocker-en","8":"product_shipping_class-tontraeger-cd-en","9":"entry","10":"clearfix","11":"entry-grid","12":"entry-columns-3","13":"entry-product-module-layout-sidebar-right","14":"thumbnail-color-tone-dark","15":"entry-product","17":"entry-product-grid","19":"first","20":"instock","21":"sale","22":"taxable","23":"shipping-taxable","24":"purchasable","25":"product-type-simple"},"yoast_head":"<!-- This site is optimized with the Yoast SEO plugin v27.4 - https:\/\/yoast.com\/product\/yoast-seo-wordpress\/ -->\n<title>Geister-Schocker 73: Vampire auf der Bohrinsel<\/title>\n<meta name=\"description\" content=\"Geister-Schocker 73: Vampire auf der Bohrinsel Inhalt: Vor der schottischen K\u00fcste pumpten die Bohrinseln das schwarze Gold aus dem Meeresboden. Erd\u00f6l.\" \/>\n<meta name=\"robots\" content=\"index, follow, max-snippet:-1, max-image-preview:large, max-video-preview:-1\" \/>\n<link rel=\"canonical\" href=\"https:\/\/www.allscore.de\/shop\/en\/produkt\/geister-schocker-73-vampire-auf-der-bohrinsel\/\" \/>\n<meta property=\"og:locale\" content=\"en_US\" \/>\n<meta property=\"og:type\" content=\"article\" \/>\n<meta property=\"og:title\" content=\"Geister-Schocker 73: Vampire auf der Bohrinsel\" \/>\n<meta property=\"og:description\" content=\"Geister-Schocker 73: Vampire auf der Bohrinsel Inhalt: Vor der schottischen K\u00fcste pumpten die Bohrinseln das schwarze Gold aus dem Meeresboden. Erd\u00f6l.\" \/>\n<meta property=\"og:url\" content=\"https:\/\/www.allscore.de\/shop\/en\/produkt\/geister-schocker-73-vampire-auf-der-bohrinsel\/\" \/>\n<meta property=\"og:site_name\" content=\"Allscore Shop\" \/>\n<meta property=\"article:modified_time\" content=\"2024-04-25T11:22:10+00:00\" \/>\n<meta property=\"og:image\" content=\"https:\/\/www.allscore.de\/shop\/wp-content\/uploads\/2021\/03\/GS73_1000px.jpg\" \/>\n\t<meta property=\"og:image:width\" content=\"1000\" \/>\n\t<meta property=\"og:image:height\" content=\"1000\" \/>\n\t<meta property=\"og:image:type\" content=\"image\/jpeg\" \/>\n<meta name=\"twitter:card\" content=\"summary_large_image\" \/>\n<meta name=\"twitter:label1\" content=\"Est. reading time\" \/>\n\t<meta name=\"twitter:data1\" content=\"1 minute\" \/>\n<script type=\"application\/ld+json\" class=\"yoast-schema-graph\">{\"@context\":\"https:\\\/\\\/schema.org\",\"@graph\":[{\"@type\":\"WebPage\",\"@id\":\"https:\\\/\\\/www.allscore.de\\\/shop\\\/en\\\/produkt\\\/geister-schocker-73-vampire-auf-der-bohrinsel\\\/\",\"url\":\"https:\\\/\\\/www.allscore.de\\\/shop\\\/en\\\/produkt\\\/geister-schocker-73-vampire-auf-der-bohrinsel\\\/\",\"name\":\"Geister-Schocker 73: Vampire auf der Bohrinsel\",\"isPartOf\":{\"@id\":\"https:\\\/\\\/www.allscore.de\\\/shop\\\/en\\\/#website\"},\"primaryImageOfPage\":{\"@id\":\"https:\\\/\\\/www.allscore.de\\\/shop\\\/en\\\/produkt\\\/geister-schocker-73-vampire-auf-der-bohrinsel\\\/#primaryimage\"},\"image\":{\"@id\":\"https:\\\/\\\/www.allscore.de\\\/shop\\\/en\\\/produkt\\\/geister-schocker-73-vampire-auf-der-bohrinsel\\\/#primaryimage\"},\"thumbnailUrl\":\"https:\\\/\\\/www.allscore.de\\\/shop\\\/wp-content\\\/uploads\\\/2021\\\/03\\\/GS73_1000px.jpg\",\"datePublished\":\"2021-03-23T13:27:09+00:00\",\"dateModified\":\"2024-04-25T11:22:10+00:00\",\"description\":\"Geister-Schocker 73: Vampire auf der Bohrinsel Inhalt: Vor der schottischen K\u00fcste pumpten die Bohrinseln das schwarze Gold aus dem Meeresboden. Erd\u00f6l.\",\"breadcrumb\":{\"@id\":\"https:\\\/\\\/www.allscore.de\\\/shop\\\/en\\\/produkt\\\/geister-schocker-73-vampire-auf-der-bohrinsel\\\/#breadcrumb\"},\"inLanguage\":\"en-US\",\"potentialAction\":[{\"@type\":\"ReadAction\",\"target\":[\"https:\\\/\\\/www.allscore.de\\\/shop\\\/en\\\/produkt\\\/geister-schocker-73-vampire-auf-der-bohrinsel\\\/\"]}]},{\"@type\":\"ImageObject\",\"inLanguage\":\"en-US\",\"@id\":\"https:\\\/\\\/www.allscore.de\\\/shop\\\/en\\\/produkt\\\/geister-schocker-73-vampire-auf-der-bohrinsel\\\/#primaryimage\",\"url\":\"https:\\\/\\\/www.allscore.de\\\/shop\\\/wp-content\\\/uploads\\\/2021\\\/03\\\/GS73_1000px.jpg\",\"contentUrl\":\"https:\\\/\\\/www.allscore.de\\\/shop\\\/wp-content\\\/uploads\\\/2021\\\/03\\\/GS73_1000px.jpg\",\"width\":1000,\"height\":1000,\"caption\":\"Geister-Schocker (73): Vampire auf der Bohrinsel\"},{\"@type\":\"BreadcrumbList\",\"@id\":\"https:\\\/\\\/www.allscore.de\\\/shop\\\/en\\\/produkt\\\/geister-schocker-73-vampire-auf-der-bohrinsel\\\/#breadcrumb\",\"itemListElement\":[{\"@type\":\"ListItem\",\"position\":1,\"name\":\"Startseite\",\"item\":\"https:\\\/\\\/www.allscore.de\\\/shop\\\/en\\\/\"},{\"@type\":\"ListItem\",\"position\":2,\"name\":\"Products\",\"item\":\"https:\\\/\\\/www.allscore.de\\\/shop\\\/en\\\/shop\\\/\"},{\"@type\":\"ListItem\",\"position\":3,\"name\":\"Geister-Schocker 73: Vampire auf der Bohrinsel\"}]},{\"@type\":\"WebSite\",\"@id\":\"https:\\\/\\\/www.allscore.de\\\/shop\\\/en\\\/#website\",\"url\":\"https:\\\/\\\/www.allscore.de\\\/shop\\\/en\\\/\",\"name\":\"Allscore Shop\",\"description\":\"All Score Media\",\"publisher\":{\"@id\":\"https:\\\/\\\/www.allscore.de\\\/shop\\\/en\\\/#organization\"},\"potentialAction\":[{\"@type\":\"SearchAction\",\"target\":{\"@type\":\"EntryPoint\",\"urlTemplate\":\"https:\\\/\\\/www.allscore.de\\\/shop\\\/en\\\/?s={search_term_string}\"},\"query-input\":{\"@type\":\"PropertyValueSpecification\",\"valueRequired\":true,\"valueName\":\"search_term_string\"}}],\"inLanguage\":\"en-US\"},{\"@type\":\"Organization\",\"@id\":\"https:\\\/\\\/www.allscore.de\\\/shop\\\/en\\\/#organization\",\"name\":\"All Score Media\",\"alternateName\":\"Allscore\",\"url\":\"https:\\\/\\\/www.allscore.de\\\/shop\\\/en\\\/\",\"logo\":{\"@type\":\"ImageObject\",\"inLanguage\":\"en-US\",\"@id\":\"https:\\\/\\\/www.allscore.de\\\/shop\\\/en\\\/#\\\/schema\\\/logo\\\/image\\\/\",\"url\":\"https:\\\/\\\/www.allscore.de\\\/shop\\\/wp-content\\\/uploads\\\/2026\\\/01\\\/Logo_Yoast_Shop_2026.png\",\"contentUrl\":\"https:\\\/\\\/www.allscore.de\\\/shop\\\/wp-content\\\/uploads\\\/2026\\\/01\\\/Logo_Yoast_Shop_2026.png\",\"width\":696,\"height\":696,\"caption\":\"All Score Media\"},\"image\":{\"@id\":\"https:\\\/\\\/www.allscore.de\\\/shop\\\/en\\\/#\\\/schema\\\/logo\\\/image\\\/\"}}]}<\/script>\n<!-- \/ Yoast SEO plugin. -->","yoast_head_json":{"title":"Geister-Schocker 73: Vampire auf der Bohrinsel","description":"Geister-Schocker 73: Vampire auf der Bohrinsel Inhalt: Vor der schottischen K\u00fcste pumpten die Bohrinseln das schwarze Gold aus dem Meeresboden. Erd\u00f6l.","robots":{"index":"index","follow":"follow","max-snippet":"max-snippet:-1","max-image-preview":"max-image-preview:large","max-video-preview":"max-video-preview:-1"},"canonical":"https:\/\/www.allscore.de\/shop\/en\/produkt\/geister-schocker-73-vampire-auf-der-bohrinsel\/","og_locale":"en_US","og_type":"article","og_title":"Geister-Schocker 73: Vampire auf der Bohrinsel","og_description":"Geister-Schocker 73: Vampire auf der Bohrinsel Inhalt: Vor der schottischen K\u00fcste pumpten die Bohrinseln das schwarze Gold aus dem Meeresboden. Erd\u00f6l.","og_url":"https:\/\/www.allscore.de\/shop\/en\/produkt\/geister-schocker-73-vampire-auf-der-bohrinsel\/","og_site_name":"Allscore Shop","article_modified_time":"2024-04-25T11:22:10+00:00","og_image":[{"width":1000,"height":1000,"url":"https:\/\/www.allscore.de\/shop\/wp-content\/uploads\/2021\/03\/GS73_1000px.jpg","type":"image\/jpeg"}],"twitter_card":"summary_large_image","twitter_misc":{"Est. reading time":"1 minute"},"schema":{"@context":"https:\/\/schema.org","@graph":[{"@type":"WebPage","@id":"https:\/\/www.allscore.de\/shop\/en\/produkt\/geister-schocker-73-vampire-auf-der-bohrinsel\/","url":"https:\/\/www.allscore.de\/shop\/en\/produkt\/geister-schocker-73-vampire-auf-der-bohrinsel\/","name":"Geister-Schocker 73: Vampire auf der Bohrinsel","isPartOf":{"@id":"https:\/\/www.allscore.de\/shop\/en\/#website"},"primaryImageOfPage":{"@id":"https:\/\/www.allscore.de\/shop\/en\/produkt\/geister-schocker-73-vampire-auf-der-bohrinsel\/#primaryimage"},"image":{"@id":"https:\/\/www.allscore.de\/shop\/en\/produkt\/geister-schocker-73-vampire-auf-der-bohrinsel\/#primaryimage"},"thumbnailUrl":"https:\/\/www.allscore.de\/shop\/wp-content\/uploads\/2021\/03\/GS73_1000px.jpg","datePublished":"2021-03-23T13:27:09+00:00","dateModified":"2024-04-25T11:22:10+00:00","description":"Geister-Schocker 73: Vampire auf der Bohrinsel Inhalt: Vor der schottischen K\u00fcste pumpten die Bohrinseln das schwarze Gold aus dem Meeresboden. Erd\u00f6l.","breadcrumb":{"@id":"https:\/\/www.allscore.de\/shop\/en\/produkt\/geister-schocker-73-vampire-auf-der-bohrinsel\/#breadcrumb"},"inLanguage":"en-US","potentialAction":[{"@type":"ReadAction","target":["https:\/\/www.allscore.de\/shop\/en\/produkt\/geister-schocker-73-vampire-auf-der-bohrinsel\/"]}]},{"@type":"ImageObject","inLanguage":"en-US","@id":"https:\/\/www.allscore.de\/shop\/en\/produkt\/geister-schocker-73-vampire-auf-der-bohrinsel\/#primaryimage","url":"https:\/\/www.allscore.de\/shop\/wp-content\/uploads\/2021\/03\/GS73_1000px.jpg","contentUrl":"https:\/\/www.allscore.de\/shop\/wp-content\/uploads\/2021\/03\/GS73_1000px.jpg","width":1000,"height":1000,"caption":"Geister-Schocker (73): Vampire auf der Bohrinsel"},{"@type":"BreadcrumbList","@id":"https:\/\/www.allscore.de\/shop\/en\/produkt\/geister-schocker-73-vampire-auf-der-bohrinsel\/#breadcrumb","itemListElement":[{"@type":"ListItem","position":1,"name":"Startseite","item":"https:\/\/www.allscore.de\/shop\/en\/"},{"@type":"ListItem","position":2,"name":"Products","item":"https:\/\/www.allscore.de\/shop\/en\/shop\/"},{"@type":"ListItem","position":3,"name":"Geister-Schocker 73: Vampire auf der Bohrinsel"}]},{"@type":"WebSite","@id":"https:\/\/www.allscore.de\/shop\/en\/#website","url":"https:\/\/www.allscore.de\/shop\/en\/","name":"Allscore Shop","description":"All Score Media","publisher":{"@id":"https:\/\/www.allscore.de\/shop\/en\/#organization"},"potentialAction":[{"@type":"SearchAction","target":{"@type":"EntryPoint","urlTemplate":"https:\/\/www.allscore.de\/shop\/en\/?s={search_term_string}"},"query-input":{"@type":"PropertyValueSpecification","valueRequired":true,"valueName":"search_term_string"}}],"inLanguage":"en-US"},{"@type":"Organization","@id":"https:\/\/www.allscore.de\/shop\/en\/#organization","name":"All Score Media","alternateName":"Allscore","url":"https:\/\/www.allscore.de\/shop\/en\/","logo":{"@type":"ImageObject","inLanguage":"en-US","@id":"https:\/\/www.allscore.de\/shop\/en\/#\/schema\/logo\/image\/","url":"https:\/\/www.allscore.de\/shop\/wp-content\/uploads\/2026\/01\/Logo_Yoast_Shop_2026.png","contentUrl":"https:\/\/www.allscore.de\/shop\/wp-content\/uploads\/2026\/01\/Logo_Yoast_Shop_2026.png","width":696,"height":696,"caption":"All Score Media"},"image":{"@id":"https:\/\/www.allscore.de\/shop\/en\/#\/schema\/logo\/image\/"}}]}},"_links":{"self":[{"href":"https:\/\/www.allscore.de\/shop\/en\/wp-json\/wp\/v2\/product\/9653","targetHints":{"allow":["GET"]}}],"collection":[{"href":"https:\/\/www.allscore.de\/shop\/en\/wp-json\/wp\/v2\/product"}],"about":[{"href":"https:\/\/www.allscore.de\/shop\/en\/wp-json\/wp\/v2\/types\/product"}],"wp:featuredmedia":[{"embeddable":true,"href":"https:\/\/www.allscore.de\/shop\/en\/wp-json\/wp\/v2\/media\/9373"}],"wp:attachment":[{"href":"https:\/\/www.allscore.de\/shop\/en\/wp-json\/wp\/v2\/media?parent=9653"}],"wp:term":[{"taxonomy":"product_brand","embeddable":true,"href":"https:\/\/www.allscore.de\/shop\/en\/wp-json\/wp\/v2\/product_brand?post=9653"},{"taxonomy":"product_cat","embeddable":true,"href":"https:\/\/www.allscore.de\/shop\/en\/wp-json\/wp\/v2\/product_cat?post=9653"},{"taxonomy":"product_tag","embeddable":true,"href":"https:\/\/www.allscore.de\/shop\/en\/wp-json\/wp\/v2\/product_tag?post=9653"}],"curies":[{"name":"wp","href":"https:\/\/api.w.org\/{rel}","templated":true}]}}