{"id":9647,"date":"2017-06-30T14:16:25","date_gmt":"2021-03-23T13:16:25","guid":{"rendered":"https:\/\/www.allscore.de\/shop\/?post_type=product&#038;p=9647"},"modified":"2024-04-25T13:24:20","modified_gmt":"2024-04-25T11:24:20","slug":"geister-schocker-70-strand-des-grauens","status":"publish","type":"product","link":"https:\/\/www.allscore.de\/shop\/en\/produkt\/geister-schocker-70-strand-des-grauens\/","title":{"rendered":"Geister-Schocker 70: Strand des Grauens"},"content":{"rendered":"<p>Geister-Schocker 70: Strand des Grauens<\/p>\n<p><strong><u>Inhalt:<br \/>\n<\/u><\/strong>Point Reeves \u2013 ein wundersch\u00f6ner, aber abgelegener Badeort am Meer\u2026 Welcher Schrecken das junge Paar ereilen wird, das arglos die malerische K\u00fcste entlang f\u00e4hrt, kann niemand auch nur erahnen. Das idyllisch wirkende Fleckchen Erde ist ein Hort des B\u00f6sen und niemand wei\u00df, was sich hier verbirgt. Hier, am Strand des Grauens &#8230;<\/p>\n<p><strong><u>Sprecher:<br \/>\n<\/u><\/strong>Jenny Maria Mayer\u00a0\u00a0 Michael Pink\u00a0\u00a0 Lutz Riedel\u00a0\u00a0 Dirk Hardegen\u00a0\u00a0 Lutz Harder\u00a0\u00a0 Ulrike St\u00fcrzbecher\u00a0\u00a0 Eckart Dux\u00a0\u00a0 Helmut Krauss\u00a0\u00a0 Peter Weis\u00a0\u00a0 Bodo Wolf\u00a0\u00a0 Peter Groeger\u00a0\u00a0 Tino Kie\u00dfling\u00a0\u00a0 Vera Bunk\u00a0\u00a0 Alexandra Bauernfeind\u00a0\u00a0 Tommi Wei\u00df<\/p>\n<p><strong><u>Autor:<br \/>\n<\/u><\/strong>Frederic Sinclair<\/p>\n","protected":false},"excerpt":{"rendered":"<p>Geister-Schocker 70: Strand des Grauens Inhalt: Point Reeves \u2013 ein wundersch\u00f6ner, aber abgelegener Badeort am Meer\u2026 Welcher Schrecken das junge Paar ereilen wird, das arglos die malerische K\u00fcste entlang f\u00e4hrt, kann niemand auch nur erahnen. Das idyllisch wirkende Fleckchen Erde ist ein Hort des B\u00f6sen und niemand wei\u00df, was sich hier verbirgt. Hier, am Strand&#8230;<\/p>\n<p><a rel=\"bookmark\" class=\"vonzot-button-simple wvc-button wvc-button-size-sm\" href=\"https:\/\/www.allscore.de\/shop\/en\/produkt\/geister-schocker-70-strand-des-grauens\/\"><span>Read more<\/span><\/a><\/p>\n","protected":false},"featured_media":9367,"template":"","meta":[],"product_brand":[],"product_cat":[199,409],"product_tag":[],"class_list":{"0":"post-9647","1":"product","2":"type-product","3":"status-publish","4":"has-post-thumbnail","6":"product_cat-hoerspiele-en","7":"product_cat-geister-schocker-en","8":"product_shipping_class-tontraeger-cd-en","9":"entry","10":"clearfix","11":"entry-grid","12":"entry-columns-3","13":"entry-product-module-layout-sidebar-right","14":"thumbnail-color-tone-dark","15":"entry-product","17":"entry-product-grid","19":"first","20":"instock","21":"sale","22":"taxable","23":"shipping-taxable","24":"purchasable","25":"product-type-simple"},"yoast_head":"<!-- This site is optimized with the Yoast SEO plugin v27.4 - https:\/\/yoast.com\/product\/yoast-seo-wordpress\/ -->\n<title>Geister-Schocker 70: Strand des Grauens<\/title>\n<meta name=\"description\" content=\"Geister-Schocker 70: Strand des Grauens Inhalt: Point Reeves \u2013 ein wundersch\u00f6ner, aber abgelegener Badeort am Meer\u2026 Welcher Schrecken das junge Paar\" \/>\n<meta name=\"robots\" content=\"index, follow, max-snippet:-1, max-image-preview:large, max-video-preview:-1\" \/>\n<link rel=\"canonical\" href=\"https:\/\/www.allscore.de\/shop\/en\/produkt\/geister-schocker-70-strand-des-grauens\/\" \/>\n<meta property=\"og:locale\" content=\"en_US\" \/>\n<meta property=\"og:type\" content=\"article\" \/>\n<meta property=\"og:title\" content=\"Geister-Schocker 70: Strand des Grauens\" \/>\n<meta property=\"og:description\" content=\"Geister-Schocker 70: Strand des Grauens Inhalt: Point Reeves \u2013 ein wundersch\u00f6ner, aber abgelegener Badeort am Meer\u2026 Welcher Schrecken das junge Paar\" \/>\n<meta property=\"og:url\" content=\"https:\/\/www.allscore.de\/shop\/en\/produkt\/geister-schocker-70-strand-des-grauens\/\" \/>\n<meta property=\"og:site_name\" content=\"Allscore Shop\" \/>\n<meta property=\"article:modified_time\" content=\"2024-04-25T11:24:20+00:00\" \/>\n<meta property=\"og:image\" content=\"https:\/\/www.allscore.de\/shop\/wp-content\/uploads\/2021\/03\/GS70_1000px.jpg\" \/>\n\t<meta property=\"og:image:width\" content=\"1000\" \/>\n\t<meta property=\"og:image:height\" content=\"1000\" \/>\n\t<meta property=\"og:image:type\" content=\"image\/jpeg\" \/>\n<meta name=\"twitter:card\" content=\"summary_large_image\" \/>\n<script type=\"application\/ld+json\" class=\"yoast-schema-graph\">{\"@context\":\"https:\\\/\\\/schema.org\",\"@graph\":[{\"@type\":\"WebPage\",\"@id\":\"https:\\\/\\\/www.allscore.de\\\/shop\\\/en\\\/produkt\\\/geister-schocker-70-strand-des-grauens\\\/\",\"url\":\"https:\\\/\\\/www.allscore.de\\\/shop\\\/en\\\/produkt\\\/geister-schocker-70-strand-des-grauens\\\/\",\"name\":\"Geister-Schocker 70: Strand des Grauens\",\"isPartOf\":{\"@id\":\"https:\\\/\\\/www.allscore.de\\\/shop\\\/en\\\/#website\"},\"primaryImageOfPage\":{\"@id\":\"https:\\\/\\\/www.allscore.de\\\/shop\\\/en\\\/produkt\\\/geister-schocker-70-strand-des-grauens\\\/#primaryimage\"},\"image\":{\"@id\":\"https:\\\/\\\/www.allscore.de\\\/shop\\\/en\\\/produkt\\\/geister-schocker-70-strand-des-grauens\\\/#primaryimage\"},\"thumbnailUrl\":\"https:\\\/\\\/www.allscore.de\\\/shop\\\/wp-content\\\/uploads\\\/2021\\\/03\\\/GS70_1000px.jpg\",\"datePublished\":\"2021-03-23T13:16:25+00:00\",\"dateModified\":\"2024-04-25T11:24:20+00:00\",\"description\":\"Geister-Schocker 70: Strand des Grauens Inhalt: Point Reeves \u2013 ein wundersch\u00f6ner, aber abgelegener Badeort am Meer\u2026 Welcher Schrecken das junge Paar\",\"breadcrumb\":{\"@id\":\"https:\\\/\\\/www.allscore.de\\\/shop\\\/en\\\/produkt\\\/geister-schocker-70-strand-des-grauens\\\/#breadcrumb\"},\"inLanguage\":\"en-US\",\"potentialAction\":[{\"@type\":\"ReadAction\",\"target\":[\"https:\\\/\\\/www.allscore.de\\\/shop\\\/en\\\/produkt\\\/geister-schocker-70-strand-des-grauens\\\/\"]}]},{\"@type\":\"ImageObject\",\"inLanguage\":\"en-US\",\"@id\":\"https:\\\/\\\/www.allscore.de\\\/shop\\\/en\\\/produkt\\\/geister-schocker-70-strand-des-grauens\\\/#primaryimage\",\"url\":\"https:\\\/\\\/www.allscore.de\\\/shop\\\/wp-content\\\/uploads\\\/2021\\\/03\\\/GS70_1000px.jpg\",\"contentUrl\":\"https:\\\/\\\/www.allscore.de\\\/shop\\\/wp-content\\\/uploads\\\/2021\\\/03\\\/GS70_1000px.jpg\",\"width\":1000,\"height\":1000,\"caption\":\"Geister-Schocker (70): Strand des Grauens\"},{\"@type\":\"BreadcrumbList\",\"@id\":\"https:\\\/\\\/www.allscore.de\\\/shop\\\/en\\\/produkt\\\/geister-schocker-70-strand-des-grauens\\\/#breadcrumb\",\"itemListElement\":[{\"@type\":\"ListItem\",\"position\":1,\"name\":\"Startseite\",\"item\":\"https:\\\/\\\/www.allscore.de\\\/shop\\\/en\\\/\"},{\"@type\":\"ListItem\",\"position\":2,\"name\":\"Products\",\"item\":\"https:\\\/\\\/www.allscore.de\\\/shop\\\/en\\\/shop\\\/\"},{\"@type\":\"ListItem\",\"position\":3,\"name\":\"Geister-Schocker 70: Strand des Grauens\"}]},{\"@type\":\"WebSite\",\"@id\":\"https:\\\/\\\/www.allscore.de\\\/shop\\\/en\\\/#website\",\"url\":\"https:\\\/\\\/www.allscore.de\\\/shop\\\/en\\\/\",\"name\":\"Allscore Shop\",\"description\":\"All Score Media\",\"publisher\":{\"@id\":\"https:\\\/\\\/www.allscore.de\\\/shop\\\/en\\\/#organization\"},\"potentialAction\":[{\"@type\":\"SearchAction\",\"target\":{\"@type\":\"EntryPoint\",\"urlTemplate\":\"https:\\\/\\\/www.allscore.de\\\/shop\\\/en\\\/?s={search_term_string}\"},\"query-input\":{\"@type\":\"PropertyValueSpecification\",\"valueRequired\":true,\"valueName\":\"search_term_string\"}}],\"inLanguage\":\"en-US\"},{\"@type\":\"Organization\",\"@id\":\"https:\\\/\\\/www.allscore.de\\\/shop\\\/en\\\/#organization\",\"name\":\"All Score Media\",\"alternateName\":\"Allscore\",\"url\":\"https:\\\/\\\/www.allscore.de\\\/shop\\\/en\\\/\",\"logo\":{\"@type\":\"ImageObject\",\"inLanguage\":\"en-US\",\"@id\":\"https:\\\/\\\/www.allscore.de\\\/shop\\\/en\\\/#\\\/schema\\\/logo\\\/image\\\/\",\"url\":\"https:\\\/\\\/www.allscore.de\\\/shop\\\/wp-content\\\/uploads\\\/2026\\\/01\\\/Logo_Yoast_Shop_2026.png\",\"contentUrl\":\"https:\\\/\\\/www.allscore.de\\\/shop\\\/wp-content\\\/uploads\\\/2026\\\/01\\\/Logo_Yoast_Shop_2026.png\",\"width\":696,\"height\":696,\"caption\":\"All Score Media\"},\"image\":{\"@id\":\"https:\\\/\\\/www.allscore.de\\\/shop\\\/en\\\/#\\\/schema\\\/logo\\\/image\\\/\"}}]}<\/script>\n<!-- \/ Yoast SEO plugin. -->","yoast_head_json":{"title":"Geister-Schocker 70: Strand des Grauens","description":"Geister-Schocker 70: Strand des Grauens Inhalt: Point Reeves \u2013 ein wundersch\u00f6ner, aber abgelegener Badeort am Meer\u2026 Welcher Schrecken das junge Paar","robots":{"index":"index","follow":"follow","max-snippet":"max-snippet:-1","max-image-preview":"max-image-preview:large","max-video-preview":"max-video-preview:-1"},"canonical":"https:\/\/www.allscore.de\/shop\/en\/produkt\/geister-schocker-70-strand-des-grauens\/","og_locale":"en_US","og_type":"article","og_title":"Geister-Schocker 70: Strand des Grauens","og_description":"Geister-Schocker 70: Strand des Grauens Inhalt: Point Reeves \u2013 ein wundersch\u00f6ner, aber abgelegener Badeort am Meer\u2026 Welcher Schrecken das junge Paar","og_url":"https:\/\/www.allscore.de\/shop\/en\/produkt\/geister-schocker-70-strand-des-grauens\/","og_site_name":"Allscore Shop","article_modified_time":"2024-04-25T11:24:20+00:00","og_image":[{"width":1000,"height":1000,"url":"https:\/\/www.allscore.de\/shop\/wp-content\/uploads\/2021\/03\/GS70_1000px.jpg","type":"image\/jpeg"}],"twitter_card":"summary_large_image","schema":{"@context":"https:\/\/schema.org","@graph":[{"@type":"WebPage","@id":"https:\/\/www.allscore.de\/shop\/en\/produkt\/geister-schocker-70-strand-des-grauens\/","url":"https:\/\/www.allscore.de\/shop\/en\/produkt\/geister-schocker-70-strand-des-grauens\/","name":"Geister-Schocker 70: Strand des Grauens","isPartOf":{"@id":"https:\/\/www.allscore.de\/shop\/en\/#website"},"primaryImageOfPage":{"@id":"https:\/\/www.allscore.de\/shop\/en\/produkt\/geister-schocker-70-strand-des-grauens\/#primaryimage"},"image":{"@id":"https:\/\/www.allscore.de\/shop\/en\/produkt\/geister-schocker-70-strand-des-grauens\/#primaryimage"},"thumbnailUrl":"https:\/\/www.allscore.de\/shop\/wp-content\/uploads\/2021\/03\/GS70_1000px.jpg","datePublished":"2021-03-23T13:16:25+00:00","dateModified":"2024-04-25T11:24:20+00:00","description":"Geister-Schocker 70: Strand des Grauens Inhalt: Point Reeves \u2013 ein wundersch\u00f6ner, aber abgelegener Badeort am Meer\u2026 Welcher Schrecken das junge Paar","breadcrumb":{"@id":"https:\/\/www.allscore.de\/shop\/en\/produkt\/geister-schocker-70-strand-des-grauens\/#breadcrumb"},"inLanguage":"en-US","potentialAction":[{"@type":"ReadAction","target":["https:\/\/www.allscore.de\/shop\/en\/produkt\/geister-schocker-70-strand-des-grauens\/"]}]},{"@type":"ImageObject","inLanguage":"en-US","@id":"https:\/\/www.allscore.de\/shop\/en\/produkt\/geister-schocker-70-strand-des-grauens\/#primaryimage","url":"https:\/\/www.allscore.de\/shop\/wp-content\/uploads\/2021\/03\/GS70_1000px.jpg","contentUrl":"https:\/\/www.allscore.de\/shop\/wp-content\/uploads\/2021\/03\/GS70_1000px.jpg","width":1000,"height":1000,"caption":"Geister-Schocker (70): Strand des Grauens"},{"@type":"BreadcrumbList","@id":"https:\/\/www.allscore.de\/shop\/en\/produkt\/geister-schocker-70-strand-des-grauens\/#breadcrumb","itemListElement":[{"@type":"ListItem","position":1,"name":"Startseite","item":"https:\/\/www.allscore.de\/shop\/en\/"},{"@type":"ListItem","position":2,"name":"Products","item":"https:\/\/www.allscore.de\/shop\/en\/shop\/"},{"@type":"ListItem","position":3,"name":"Geister-Schocker 70: Strand des Grauens"}]},{"@type":"WebSite","@id":"https:\/\/www.allscore.de\/shop\/en\/#website","url":"https:\/\/www.allscore.de\/shop\/en\/","name":"Allscore Shop","description":"All Score Media","publisher":{"@id":"https:\/\/www.allscore.de\/shop\/en\/#organization"},"potentialAction":[{"@type":"SearchAction","target":{"@type":"EntryPoint","urlTemplate":"https:\/\/www.allscore.de\/shop\/en\/?s={search_term_string}"},"query-input":{"@type":"PropertyValueSpecification","valueRequired":true,"valueName":"search_term_string"}}],"inLanguage":"en-US"},{"@type":"Organization","@id":"https:\/\/www.allscore.de\/shop\/en\/#organization","name":"All Score Media","alternateName":"Allscore","url":"https:\/\/www.allscore.de\/shop\/en\/","logo":{"@type":"ImageObject","inLanguage":"en-US","@id":"https:\/\/www.allscore.de\/shop\/en\/#\/schema\/logo\/image\/","url":"https:\/\/www.allscore.de\/shop\/wp-content\/uploads\/2026\/01\/Logo_Yoast_Shop_2026.png","contentUrl":"https:\/\/www.allscore.de\/shop\/wp-content\/uploads\/2026\/01\/Logo_Yoast_Shop_2026.png","width":696,"height":696,"caption":"All Score Media"},"image":{"@id":"https:\/\/www.allscore.de\/shop\/en\/#\/schema\/logo\/image\/"}}]}},"_links":{"self":[{"href":"https:\/\/www.allscore.de\/shop\/en\/wp-json\/wp\/v2\/product\/9647","targetHints":{"allow":["GET"]}}],"collection":[{"href":"https:\/\/www.allscore.de\/shop\/en\/wp-json\/wp\/v2\/product"}],"about":[{"href":"https:\/\/www.allscore.de\/shop\/en\/wp-json\/wp\/v2\/types\/product"}],"wp:featuredmedia":[{"embeddable":true,"href":"https:\/\/www.allscore.de\/shop\/en\/wp-json\/wp\/v2\/media\/9367"}],"wp:attachment":[{"href":"https:\/\/www.allscore.de\/shop\/en\/wp-json\/wp\/v2\/media?parent=9647"}],"wp:term":[{"taxonomy":"product_brand","embeddable":true,"href":"https:\/\/www.allscore.de\/shop\/en\/wp-json\/wp\/v2\/product_brand?post=9647"},{"taxonomy":"product_cat","embeddable":true,"href":"https:\/\/www.allscore.de\/shop\/en\/wp-json\/wp\/v2\/product_cat?post=9647"},{"taxonomy":"product_tag","embeddable":true,"href":"https:\/\/www.allscore.de\/shop\/en\/wp-json\/wp\/v2\/product_tag?post=9647"}],"curies":[{"name":"wp","href":"https:\/\/api.w.org\/{rel}","templated":true}]}}