{"id":9643,"date":"2017-03-31T14:11:44","date_gmt":"2021-03-23T13:11:44","guid":{"rendered":"https:\/\/www.allscore.de\/shop\/?post_type=product&#038;p=9643"},"modified":"2024-04-25T13:14:51","modified_gmt":"2024-04-25T11:14:51","slug":"geister-schocker-68-die-grotte-des-entsetzens","status":"publish","type":"product","link":"https:\/\/www.allscore.de\/shop\/en\/produkt\/geister-schocker-68-die-grotte-des-entsetzens\/","title":{"rendered":"Geister-Schocker 68: Die Grotte des Entsetzens"},"content":{"rendered":"<p>Geister-Schocker 68: Die Grotte des Entsetzens<\/p>\n<p><strong><u>Inhalt:<br \/>\n<\/u><\/strong>Jack Callum hatte schon viele riskante Reportagen f\u00fcr die Londoner Zeitung NEWS gemacht. Sein Chef John Mills setzte ihn immer dann ein, wenn es um scharfe Beobachtung und schonungslose Offenheit ging. Deshalb hatte er ihn auch nach Irland geschickt, um die aktuelle politische Situation auf der Gr\u00fcnen Insel zu analysieren. Doch nicht nur eine Untergrundbewegung sorgte f\u00fcr Unruhe, nein auch die M\u00e4chte der Finsternis trieben ihr grausames Spiel und Jack Callum war mal wieder mittendrin in einem neuen unheimlichen Fall \u2026<\/p>\n<p><strong><u>Sprecher:<br \/>\n<\/u><\/strong>Christian Stark, Reent Reins, Andrea Aust, Robert Missler, Martin Sabel, Rainer Schmitt, Helgo Liebig, Dirk Hardegen, Marc Sch\u00fclert, Sonitha Sodhi, Werner Wilkening, Patrick Steiner, Dirk Mierau, Siegmar Tonk, Tom Steinbrecher<\/p>\n<p><strong><u>Autor:<br \/>\n<\/u><\/strong>Andrew Hathaway<\/p>\n","protected":false},"excerpt":{"rendered":"<p>Geister-Schocker 68: Die Grotte des Entsetzens Inhalt: Jack Callum hatte schon viele riskante Reportagen f\u00fcr die Londoner Zeitung NEWS gemacht. Sein Chef John Mills setzte ihn immer dann ein, wenn es um scharfe Beobachtung und schonungslose Offenheit ging. Deshalb hatte er ihn auch nach Irland geschickt, um die aktuelle politische Situation auf der Gr\u00fcnen Insel&#8230;<\/p>\n<p><a rel=\"bookmark\" class=\"vonzot-button-simple wvc-button wvc-button-size-sm\" href=\"https:\/\/www.allscore.de\/shop\/en\/produkt\/geister-schocker-68-die-grotte-des-entsetzens\/\"><span>Read more<\/span><\/a><\/p>\n","protected":false},"featured_media":9363,"template":"","meta":[],"product_brand":[],"product_cat":[199,409],"product_tag":[],"class_list":{"0":"post-9643","1":"product","2":"type-product","3":"status-publish","4":"has-post-thumbnail","6":"product_cat-hoerspiele-en","7":"product_cat-geister-schocker-en","8":"product_shipping_class-tontraeger-cd-en","9":"entry","10":"clearfix","11":"entry-grid","12":"entry-columns-3","13":"entry-product-module-layout-sidebar-right","14":"thumbnail-color-tone-dark","15":"entry-product","17":"entry-product-grid","19":"first","20":"instock","21":"sale","22":"taxable","23":"shipping-taxable","24":"purchasable","25":"product-type-simple"},"yoast_head":"<!-- This site is optimized with the Yoast SEO plugin v27.4 - https:\/\/yoast.com\/product\/yoast-seo-wordpress\/ -->\n<title>Geister-Schocker 68: Die Grotte des Entsetzens<\/title>\n<meta name=\"description\" content=\"Geister-Schocker 68: Die Grotte des Entsetzens Inhalt: Jack Callum hatte schon viele riskante Reportagen f\u00fcr die Londoner Zeitung NEWS gemacht. Sein Chef\" \/>\n<meta name=\"robots\" content=\"index, follow, max-snippet:-1, max-image-preview:large, max-video-preview:-1\" \/>\n<link rel=\"canonical\" href=\"https:\/\/www.allscore.de\/shop\/en\/produkt\/geister-schocker-68-die-grotte-des-entsetzens\/\" \/>\n<meta property=\"og:locale\" content=\"en_US\" \/>\n<meta property=\"og:type\" content=\"article\" \/>\n<meta property=\"og:title\" content=\"Geister-Schocker 68: Die Grotte des Entsetzens\" \/>\n<meta property=\"og:description\" content=\"Geister-Schocker 68: Die Grotte des Entsetzens Inhalt: Jack Callum hatte schon viele riskante Reportagen f\u00fcr die Londoner Zeitung NEWS gemacht. Sein Chef\" \/>\n<meta property=\"og:url\" content=\"https:\/\/www.allscore.de\/shop\/en\/produkt\/geister-schocker-68-die-grotte-des-entsetzens\/\" \/>\n<meta property=\"og:site_name\" content=\"Allscore Shop\" \/>\n<meta property=\"article:modified_time\" content=\"2024-04-25T11:14:51+00:00\" \/>\n<meta property=\"og:image\" content=\"https:\/\/www.allscore.de\/shop\/wp-content\/uploads\/2021\/03\/GS68_1000px.jpg\" \/>\n\t<meta property=\"og:image:width\" content=\"1000\" \/>\n\t<meta property=\"og:image:height\" content=\"1000\" \/>\n\t<meta property=\"og:image:type\" content=\"image\/jpeg\" \/>\n<meta name=\"twitter:card\" content=\"summary_large_image\" \/>\n<meta name=\"twitter:label1\" content=\"Est. reading time\" \/>\n\t<meta name=\"twitter:data1\" content=\"1 minute\" \/>\n<script type=\"application\/ld+json\" class=\"yoast-schema-graph\">{\"@context\":\"https:\\\/\\\/schema.org\",\"@graph\":[{\"@type\":\"WebPage\",\"@id\":\"https:\\\/\\\/www.allscore.de\\\/shop\\\/en\\\/produkt\\\/geister-schocker-68-die-grotte-des-entsetzens\\\/\",\"url\":\"https:\\\/\\\/www.allscore.de\\\/shop\\\/en\\\/produkt\\\/geister-schocker-68-die-grotte-des-entsetzens\\\/\",\"name\":\"Geister-Schocker 68: Die Grotte des Entsetzens\",\"isPartOf\":{\"@id\":\"https:\\\/\\\/www.allscore.de\\\/shop\\\/en\\\/#website\"},\"primaryImageOfPage\":{\"@id\":\"https:\\\/\\\/www.allscore.de\\\/shop\\\/en\\\/produkt\\\/geister-schocker-68-die-grotte-des-entsetzens\\\/#primaryimage\"},\"image\":{\"@id\":\"https:\\\/\\\/www.allscore.de\\\/shop\\\/en\\\/produkt\\\/geister-schocker-68-die-grotte-des-entsetzens\\\/#primaryimage\"},\"thumbnailUrl\":\"https:\\\/\\\/www.allscore.de\\\/shop\\\/wp-content\\\/uploads\\\/2021\\\/03\\\/GS68_1000px.jpg\",\"datePublished\":\"2021-03-23T13:11:44+00:00\",\"dateModified\":\"2024-04-25T11:14:51+00:00\",\"description\":\"Geister-Schocker 68: Die Grotte des Entsetzens Inhalt: Jack Callum hatte schon viele riskante Reportagen f\u00fcr die Londoner Zeitung NEWS gemacht. Sein Chef\",\"breadcrumb\":{\"@id\":\"https:\\\/\\\/www.allscore.de\\\/shop\\\/en\\\/produkt\\\/geister-schocker-68-die-grotte-des-entsetzens\\\/#breadcrumb\"},\"inLanguage\":\"en-US\",\"potentialAction\":[{\"@type\":\"ReadAction\",\"target\":[\"https:\\\/\\\/www.allscore.de\\\/shop\\\/en\\\/produkt\\\/geister-schocker-68-die-grotte-des-entsetzens\\\/\"]}]},{\"@type\":\"ImageObject\",\"inLanguage\":\"en-US\",\"@id\":\"https:\\\/\\\/www.allscore.de\\\/shop\\\/en\\\/produkt\\\/geister-schocker-68-die-grotte-des-entsetzens\\\/#primaryimage\",\"url\":\"https:\\\/\\\/www.allscore.de\\\/shop\\\/wp-content\\\/uploads\\\/2021\\\/03\\\/GS68_1000px.jpg\",\"contentUrl\":\"https:\\\/\\\/www.allscore.de\\\/shop\\\/wp-content\\\/uploads\\\/2021\\\/03\\\/GS68_1000px.jpg\",\"width\":1000,\"height\":1000,\"caption\":\"Geister-Schocker (68): Die Grotte des Entsetzens\"},{\"@type\":\"BreadcrumbList\",\"@id\":\"https:\\\/\\\/www.allscore.de\\\/shop\\\/en\\\/produkt\\\/geister-schocker-68-die-grotte-des-entsetzens\\\/#breadcrumb\",\"itemListElement\":[{\"@type\":\"ListItem\",\"position\":1,\"name\":\"Startseite\",\"item\":\"https:\\\/\\\/www.allscore.de\\\/shop\\\/en\\\/\"},{\"@type\":\"ListItem\",\"position\":2,\"name\":\"Products\",\"item\":\"https:\\\/\\\/www.allscore.de\\\/shop\\\/en\\\/shop\\\/\"},{\"@type\":\"ListItem\",\"position\":3,\"name\":\"Geister-Schocker 68: Die Grotte des Entsetzens\"}]},{\"@type\":\"WebSite\",\"@id\":\"https:\\\/\\\/www.allscore.de\\\/shop\\\/en\\\/#website\",\"url\":\"https:\\\/\\\/www.allscore.de\\\/shop\\\/en\\\/\",\"name\":\"Allscore Shop\",\"description\":\"All Score Media\",\"publisher\":{\"@id\":\"https:\\\/\\\/www.allscore.de\\\/shop\\\/en\\\/#organization\"},\"potentialAction\":[{\"@type\":\"SearchAction\",\"target\":{\"@type\":\"EntryPoint\",\"urlTemplate\":\"https:\\\/\\\/www.allscore.de\\\/shop\\\/en\\\/?s={search_term_string}\"},\"query-input\":{\"@type\":\"PropertyValueSpecification\",\"valueRequired\":true,\"valueName\":\"search_term_string\"}}],\"inLanguage\":\"en-US\"},{\"@type\":\"Organization\",\"@id\":\"https:\\\/\\\/www.allscore.de\\\/shop\\\/en\\\/#organization\",\"name\":\"All Score Media\",\"alternateName\":\"Allscore\",\"url\":\"https:\\\/\\\/www.allscore.de\\\/shop\\\/en\\\/\",\"logo\":{\"@type\":\"ImageObject\",\"inLanguage\":\"en-US\",\"@id\":\"https:\\\/\\\/www.allscore.de\\\/shop\\\/en\\\/#\\\/schema\\\/logo\\\/image\\\/\",\"url\":\"https:\\\/\\\/www.allscore.de\\\/shop\\\/wp-content\\\/uploads\\\/2026\\\/01\\\/Logo_Yoast_Shop_2026.png\",\"contentUrl\":\"https:\\\/\\\/www.allscore.de\\\/shop\\\/wp-content\\\/uploads\\\/2026\\\/01\\\/Logo_Yoast_Shop_2026.png\",\"width\":696,\"height\":696,\"caption\":\"All Score Media\"},\"image\":{\"@id\":\"https:\\\/\\\/www.allscore.de\\\/shop\\\/en\\\/#\\\/schema\\\/logo\\\/image\\\/\"}}]}<\/script>\n<!-- \/ Yoast SEO plugin. -->","yoast_head_json":{"title":"Geister-Schocker 68: Die Grotte des Entsetzens","description":"Geister-Schocker 68: Die Grotte des Entsetzens Inhalt: Jack Callum hatte schon viele riskante Reportagen f\u00fcr die Londoner Zeitung NEWS gemacht. Sein Chef","robots":{"index":"index","follow":"follow","max-snippet":"max-snippet:-1","max-image-preview":"max-image-preview:large","max-video-preview":"max-video-preview:-1"},"canonical":"https:\/\/www.allscore.de\/shop\/en\/produkt\/geister-schocker-68-die-grotte-des-entsetzens\/","og_locale":"en_US","og_type":"article","og_title":"Geister-Schocker 68: Die Grotte des Entsetzens","og_description":"Geister-Schocker 68: Die Grotte des Entsetzens Inhalt: Jack Callum hatte schon viele riskante Reportagen f\u00fcr die Londoner Zeitung NEWS gemacht. Sein Chef","og_url":"https:\/\/www.allscore.de\/shop\/en\/produkt\/geister-schocker-68-die-grotte-des-entsetzens\/","og_site_name":"Allscore Shop","article_modified_time":"2024-04-25T11:14:51+00:00","og_image":[{"width":1000,"height":1000,"url":"https:\/\/www.allscore.de\/shop\/wp-content\/uploads\/2021\/03\/GS68_1000px.jpg","type":"image\/jpeg"}],"twitter_card":"summary_large_image","twitter_misc":{"Est. reading time":"1 minute"},"schema":{"@context":"https:\/\/schema.org","@graph":[{"@type":"WebPage","@id":"https:\/\/www.allscore.de\/shop\/en\/produkt\/geister-schocker-68-die-grotte-des-entsetzens\/","url":"https:\/\/www.allscore.de\/shop\/en\/produkt\/geister-schocker-68-die-grotte-des-entsetzens\/","name":"Geister-Schocker 68: Die Grotte des Entsetzens","isPartOf":{"@id":"https:\/\/www.allscore.de\/shop\/en\/#website"},"primaryImageOfPage":{"@id":"https:\/\/www.allscore.de\/shop\/en\/produkt\/geister-schocker-68-die-grotte-des-entsetzens\/#primaryimage"},"image":{"@id":"https:\/\/www.allscore.de\/shop\/en\/produkt\/geister-schocker-68-die-grotte-des-entsetzens\/#primaryimage"},"thumbnailUrl":"https:\/\/www.allscore.de\/shop\/wp-content\/uploads\/2021\/03\/GS68_1000px.jpg","datePublished":"2021-03-23T13:11:44+00:00","dateModified":"2024-04-25T11:14:51+00:00","description":"Geister-Schocker 68: Die Grotte des Entsetzens Inhalt: Jack Callum hatte schon viele riskante Reportagen f\u00fcr die Londoner Zeitung NEWS gemacht. Sein Chef","breadcrumb":{"@id":"https:\/\/www.allscore.de\/shop\/en\/produkt\/geister-schocker-68-die-grotte-des-entsetzens\/#breadcrumb"},"inLanguage":"en-US","potentialAction":[{"@type":"ReadAction","target":["https:\/\/www.allscore.de\/shop\/en\/produkt\/geister-schocker-68-die-grotte-des-entsetzens\/"]}]},{"@type":"ImageObject","inLanguage":"en-US","@id":"https:\/\/www.allscore.de\/shop\/en\/produkt\/geister-schocker-68-die-grotte-des-entsetzens\/#primaryimage","url":"https:\/\/www.allscore.de\/shop\/wp-content\/uploads\/2021\/03\/GS68_1000px.jpg","contentUrl":"https:\/\/www.allscore.de\/shop\/wp-content\/uploads\/2021\/03\/GS68_1000px.jpg","width":1000,"height":1000,"caption":"Geister-Schocker (68): Die Grotte des Entsetzens"},{"@type":"BreadcrumbList","@id":"https:\/\/www.allscore.de\/shop\/en\/produkt\/geister-schocker-68-die-grotte-des-entsetzens\/#breadcrumb","itemListElement":[{"@type":"ListItem","position":1,"name":"Startseite","item":"https:\/\/www.allscore.de\/shop\/en\/"},{"@type":"ListItem","position":2,"name":"Products","item":"https:\/\/www.allscore.de\/shop\/en\/shop\/"},{"@type":"ListItem","position":3,"name":"Geister-Schocker 68: Die Grotte des Entsetzens"}]},{"@type":"WebSite","@id":"https:\/\/www.allscore.de\/shop\/en\/#website","url":"https:\/\/www.allscore.de\/shop\/en\/","name":"Allscore Shop","description":"All Score Media","publisher":{"@id":"https:\/\/www.allscore.de\/shop\/en\/#organization"},"potentialAction":[{"@type":"SearchAction","target":{"@type":"EntryPoint","urlTemplate":"https:\/\/www.allscore.de\/shop\/en\/?s={search_term_string}"},"query-input":{"@type":"PropertyValueSpecification","valueRequired":true,"valueName":"search_term_string"}}],"inLanguage":"en-US"},{"@type":"Organization","@id":"https:\/\/www.allscore.de\/shop\/en\/#organization","name":"All Score Media","alternateName":"Allscore","url":"https:\/\/www.allscore.de\/shop\/en\/","logo":{"@type":"ImageObject","inLanguage":"en-US","@id":"https:\/\/www.allscore.de\/shop\/en\/#\/schema\/logo\/image\/","url":"https:\/\/www.allscore.de\/shop\/wp-content\/uploads\/2026\/01\/Logo_Yoast_Shop_2026.png","contentUrl":"https:\/\/www.allscore.de\/shop\/wp-content\/uploads\/2026\/01\/Logo_Yoast_Shop_2026.png","width":696,"height":696,"caption":"All Score Media"},"image":{"@id":"https:\/\/www.allscore.de\/shop\/en\/#\/schema\/logo\/image\/"}}]}},"_links":{"self":[{"href":"https:\/\/www.allscore.de\/shop\/en\/wp-json\/wp\/v2\/product\/9643","targetHints":{"allow":["GET"]}}],"collection":[{"href":"https:\/\/www.allscore.de\/shop\/en\/wp-json\/wp\/v2\/product"}],"about":[{"href":"https:\/\/www.allscore.de\/shop\/en\/wp-json\/wp\/v2\/types\/product"}],"wp:featuredmedia":[{"embeddable":true,"href":"https:\/\/www.allscore.de\/shop\/en\/wp-json\/wp\/v2\/media\/9363"}],"wp:attachment":[{"href":"https:\/\/www.allscore.de\/shop\/en\/wp-json\/wp\/v2\/media?parent=9643"}],"wp:term":[{"taxonomy":"product_brand","embeddable":true,"href":"https:\/\/www.allscore.de\/shop\/en\/wp-json\/wp\/v2\/product_brand?post=9643"},{"taxonomy":"product_cat","embeddable":true,"href":"https:\/\/www.allscore.de\/shop\/en\/wp-json\/wp\/v2\/product_cat?post=9643"},{"taxonomy":"product_tag","embeddable":true,"href":"https:\/\/www.allscore.de\/shop\/en\/wp-json\/wp\/v2\/product_tag?post=9643"}],"curies":[{"name":"wp","href":"https:\/\/api.w.org\/{rel}","templated":true}]}}