{"id":9641,"date":"2017-02-17T14:09:59","date_gmt":"2021-03-23T13:09:59","guid":{"rendered":"https:\/\/www.allscore.de\/shop\/?post_type=product&#038;p=9641"},"modified":"2024-04-25T13:13:36","modified_gmt":"2024-04-25T11:13:36","slug":"geister-schocker-67-die-blumen-des-boesen","status":"publish","type":"product","link":"https:\/\/www.allscore.de\/shop\/en\/produkt\/geister-schocker-67-die-blumen-des-boesen\/","title":{"rendered":"Geister-Schocker 67: Die Blumen des B\u00f6sen"},"content":{"rendered":"<p>Geister-Schocker 67: Die Blumen des B\u00f6sen<\/p>\n<p><strong><u>Inhalt:<br \/>\n<\/u><\/strong>Die Uhr auf dem Kaminsims schlug f\u00fcnfmal. Mrs. Edith Marbel trat an das Fenster und blickte in den tr\u00fcben Himmel. Dichter Regen fiel auf London.\u00a0 Die Herbstnebel wallten durch die Stra\u00dfen. Als sie hinter sich ein Ger\u00e4usch h\u00f6rte, drehte sie sich rasch um. Sie war allein in der Wohnung. Ihr Sohn Peter sollte erst in zwei Stunden kommen. Wieder h\u00f6rte sie ein Ger\u00e4usch, ein Schaben und Scharren. Ketten klirrten. Dann erklang ein schauriges,\u00a0 dumpfes Gel\u00e4chter. Mrs. Marbel presste die Hand vor den Mund. Sie begann zu zittern. Vor ihren Augen spielte sich Grauenhaftes ab. Pl\u00f6tzlich f\u00fcllte\u00a0 sich das Zimmer mit Schreckensgestalten, teuflisch grinsenden Fratzen, D\u00e4monen. In einem Halbkreis n\u00e4herten sie sich der entsetzten Frau. Mrs. Marbel war vor Schreck wie gel\u00e4hmt. Sie konnte sich nicht von der Stelle r\u00fchren. Sie konnte auch nicht um Hilfe schreien. Es w\u00e4re ohnedies zu sp\u00e4tgewesen.<\/p>\n<p>Die schauerliche H\u00f6llenbrut st\u00fcrzte sich mit schrillem Kreischen auf ihr Opfer&#8230;<\/p>\n<p><strong><u>Sprecher:<br \/>\n<\/u><\/strong>Helgo Liebig, Tom Steinbrecher; Dirk Hardegen, Christin Deuker; Werner Wilkening; Martin Sabel; Hildegard Meier; Tim Kreuer, Detlef Tams, Dirk Mierau, Marc Sch\u00fclert, Ingo Abel, Frank Boldewin, Jessica von Haeseler, Jessica Kr\u00f6ll, Jenny-Maria Meyer<\/p>\n<p><strong><u>Autor:<br \/>\n<\/u><\/strong>Bob Collins<\/p>\n","protected":false},"excerpt":{"rendered":"<p>Geister-Schocker 67: Die Blumen des B\u00f6sen Inhalt: Die Uhr auf dem Kaminsims schlug f\u00fcnfmal. Mrs. Edith Marbel trat an das Fenster und blickte in den tr\u00fcben Himmel. Dichter Regen fiel auf London.\u00a0 Die Herbstnebel wallten durch die Stra\u00dfen. Als sie hinter sich ein Ger\u00e4usch h\u00f6rte, drehte sie sich rasch um. Sie war allein in der&#8230;<\/p>\n<p><a rel=\"bookmark\" class=\"vonzot-button-simple wvc-button wvc-button-size-sm\" href=\"https:\/\/www.allscore.de\/shop\/en\/produkt\/geister-schocker-67-die-blumen-des-boesen\/\"><span>Read more<\/span><\/a><\/p>\n","protected":false},"featured_media":9361,"template":"","meta":[],"product_brand":[],"product_cat":[199,409],"product_tag":[],"class_list":{"0":"post-9641","1":"product","2":"type-product","3":"status-publish","4":"has-post-thumbnail","6":"product_cat-hoerspiele-en","7":"product_cat-geister-schocker-en","8":"product_shipping_class-tontraeger-cd-en","9":"entry","10":"clearfix","11":"entry-grid","12":"entry-columns-3","13":"entry-product-module-layout-sidebar-right","14":"thumbnail-color-tone-dark","15":"entry-product","17":"entry-product-grid","19":"first","20":"instock","21":"sale","22":"taxable","23":"shipping-taxable","24":"purchasable","25":"product-type-simple"},"yoast_head":"<!-- This site is optimized with the Yoast SEO plugin v27.4 - https:\/\/yoast.com\/product\/yoast-seo-wordpress\/ -->\n<title>Geister-Schocker 67: Die Blumen des B\u00f6sen<\/title>\n<meta name=\"description\" content=\"Geister-Schocker 67: Die Blumen des B\u00f6sen Inhalt: Die Uhr auf dem Kaminsims schlug f\u00fcnfmal. Mrs. Edith Marbel trat an das Fenster und blickte in den\" \/>\n<meta name=\"robots\" content=\"index, follow, max-snippet:-1, max-image-preview:large, max-video-preview:-1\" \/>\n<link rel=\"canonical\" href=\"https:\/\/www.allscore.de\/shop\/en\/produkt\/geister-schocker-67-die-blumen-des-boesen\/\" \/>\n<meta property=\"og:locale\" content=\"en_US\" \/>\n<meta property=\"og:type\" content=\"article\" \/>\n<meta property=\"og:title\" content=\"Geister-Schocker 67: Die Blumen des B\u00f6sen\" \/>\n<meta property=\"og:description\" content=\"Geister-Schocker 67: Die Blumen des B\u00f6sen Inhalt: Die Uhr auf dem Kaminsims schlug f\u00fcnfmal. Mrs. Edith Marbel trat an das Fenster und blickte in den\" \/>\n<meta property=\"og:url\" content=\"https:\/\/www.allscore.de\/shop\/en\/produkt\/geister-schocker-67-die-blumen-des-boesen\/\" \/>\n<meta property=\"og:site_name\" content=\"Allscore Shop\" \/>\n<meta property=\"article:modified_time\" content=\"2024-04-25T11:13:36+00:00\" \/>\n<meta property=\"og:image\" content=\"https:\/\/www.allscore.de\/shop\/wp-content\/uploads\/2021\/03\/GS67_1200px.jpg\" \/>\n\t<meta property=\"og:image:width\" content=\"1200\" \/>\n\t<meta property=\"og:image:height\" content=\"1200\" \/>\n\t<meta property=\"og:image:type\" content=\"image\/jpeg\" \/>\n<meta name=\"twitter:card\" content=\"summary_large_image\" \/>\n<meta name=\"twitter:label1\" content=\"Est. reading time\" \/>\n\t<meta name=\"twitter:data1\" content=\"1 minute\" \/>\n<script type=\"application\/ld+json\" class=\"yoast-schema-graph\">{\"@context\":\"https:\\\/\\\/schema.org\",\"@graph\":[{\"@type\":\"WebPage\",\"@id\":\"https:\\\/\\\/www.allscore.de\\\/shop\\\/en\\\/produkt\\\/geister-schocker-67-die-blumen-des-boesen\\\/\",\"url\":\"https:\\\/\\\/www.allscore.de\\\/shop\\\/en\\\/produkt\\\/geister-schocker-67-die-blumen-des-boesen\\\/\",\"name\":\"Geister-Schocker 67: Die Blumen des B\u00f6sen\",\"isPartOf\":{\"@id\":\"https:\\\/\\\/www.allscore.de\\\/shop\\\/en\\\/#website\"},\"primaryImageOfPage\":{\"@id\":\"https:\\\/\\\/www.allscore.de\\\/shop\\\/en\\\/produkt\\\/geister-schocker-67-die-blumen-des-boesen\\\/#primaryimage\"},\"image\":{\"@id\":\"https:\\\/\\\/www.allscore.de\\\/shop\\\/en\\\/produkt\\\/geister-schocker-67-die-blumen-des-boesen\\\/#primaryimage\"},\"thumbnailUrl\":\"https:\\\/\\\/www.allscore.de\\\/shop\\\/wp-content\\\/uploads\\\/2021\\\/03\\\/GS67_1200px.jpg\",\"datePublished\":\"2021-03-23T13:09:59+00:00\",\"dateModified\":\"2024-04-25T11:13:36+00:00\",\"description\":\"Geister-Schocker 67: Die Blumen des B\u00f6sen Inhalt: Die Uhr auf dem Kaminsims schlug f\u00fcnfmal. Mrs. Edith Marbel trat an das Fenster und blickte in den\",\"breadcrumb\":{\"@id\":\"https:\\\/\\\/www.allscore.de\\\/shop\\\/en\\\/produkt\\\/geister-schocker-67-die-blumen-des-boesen\\\/#breadcrumb\"},\"inLanguage\":\"en-US\",\"potentialAction\":[{\"@type\":\"ReadAction\",\"target\":[\"https:\\\/\\\/www.allscore.de\\\/shop\\\/en\\\/produkt\\\/geister-schocker-67-die-blumen-des-boesen\\\/\"]}]},{\"@type\":\"ImageObject\",\"inLanguage\":\"en-US\",\"@id\":\"https:\\\/\\\/www.allscore.de\\\/shop\\\/en\\\/produkt\\\/geister-schocker-67-die-blumen-des-boesen\\\/#primaryimage\",\"url\":\"https:\\\/\\\/www.allscore.de\\\/shop\\\/wp-content\\\/uploads\\\/2021\\\/03\\\/GS67_1200px.jpg\",\"contentUrl\":\"https:\\\/\\\/www.allscore.de\\\/shop\\\/wp-content\\\/uploads\\\/2021\\\/03\\\/GS67_1200px.jpg\",\"width\":1200,\"height\":1200,\"caption\":\"Geister-Schocker (67): Die Blumen des B\u00f6sen\"},{\"@type\":\"BreadcrumbList\",\"@id\":\"https:\\\/\\\/www.allscore.de\\\/shop\\\/en\\\/produkt\\\/geister-schocker-67-die-blumen-des-boesen\\\/#breadcrumb\",\"itemListElement\":[{\"@type\":\"ListItem\",\"position\":1,\"name\":\"Startseite\",\"item\":\"https:\\\/\\\/www.allscore.de\\\/shop\\\/en\\\/\"},{\"@type\":\"ListItem\",\"position\":2,\"name\":\"Products\",\"item\":\"https:\\\/\\\/www.allscore.de\\\/shop\\\/en\\\/shop\\\/\"},{\"@type\":\"ListItem\",\"position\":3,\"name\":\"Geister-Schocker 67: Die Blumen des B\u00f6sen\"}]},{\"@type\":\"WebSite\",\"@id\":\"https:\\\/\\\/www.allscore.de\\\/shop\\\/en\\\/#website\",\"url\":\"https:\\\/\\\/www.allscore.de\\\/shop\\\/en\\\/\",\"name\":\"Allscore Shop\",\"description\":\"All Score Media\",\"publisher\":{\"@id\":\"https:\\\/\\\/www.allscore.de\\\/shop\\\/en\\\/#organization\"},\"potentialAction\":[{\"@type\":\"SearchAction\",\"target\":{\"@type\":\"EntryPoint\",\"urlTemplate\":\"https:\\\/\\\/www.allscore.de\\\/shop\\\/en\\\/?s={search_term_string}\"},\"query-input\":{\"@type\":\"PropertyValueSpecification\",\"valueRequired\":true,\"valueName\":\"search_term_string\"}}],\"inLanguage\":\"en-US\"},{\"@type\":\"Organization\",\"@id\":\"https:\\\/\\\/www.allscore.de\\\/shop\\\/en\\\/#organization\",\"name\":\"All Score Media\",\"alternateName\":\"Allscore\",\"url\":\"https:\\\/\\\/www.allscore.de\\\/shop\\\/en\\\/\",\"logo\":{\"@type\":\"ImageObject\",\"inLanguage\":\"en-US\",\"@id\":\"https:\\\/\\\/www.allscore.de\\\/shop\\\/en\\\/#\\\/schema\\\/logo\\\/image\\\/\",\"url\":\"https:\\\/\\\/www.allscore.de\\\/shop\\\/wp-content\\\/uploads\\\/2026\\\/01\\\/Logo_Yoast_Shop_2026.png\",\"contentUrl\":\"https:\\\/\\\/www.allscore.de\\\/shop\\\/wp-content\\\/uploads\\\/2026\\\/01\\\/Logo_Yoast_Shop_2026.png\",\"width\":696,\"height\":696,\"caption\":\"All Score Media\"},\"image\":{\"@id\":\"https:\\\/\\\/www.allscore.de\\\/shop\\\/en\\\/#\\\/schema\\\/logo\\\/image\\\/\"}}]}<\/script>\n<!-- \/ Yoast SEO plugin. -->","yoast_head_json":{"title":"Geister-Schocker 67: Die Blumen des B\u00f6sen","description":"Geister-Schocker 67: Die Blumen des B\u00f6sen Inhalt: Die Uhr auf dem Kaminsims schlug f\u00fcnfmal. Mrs. Edith Marbel trat an das Fenster und blickte in den","robots":{"index":"index","follow":"follow","max-snippet":"max-snippet:-1","max-image-preview":"max-image-preview:large","max-video-preview":"max-video-preview:-1"},"canonical":"https:\/\/www.allscore.de\/shop\/en\/produkt\/geister-schocker-67-die-blumen-des-boesen\/","og_locale":"en_US","og_type":"article","og_title":"Geister-Schocker 67: Die Blumen des B\u00f6sen","og_description":"Geister-Schocker 67: Die Blumen des B\u00f6sen Inhalt: Die Uhr auf dem Kaminsims schlug f\u00fcnfmal. Mrs. Edith Marbel trat an das Fenster und blickte in den","og_url":"https:\/\/www.allscore.de\/shop\/en\/produkt\/geister-schocker-67-die-blumen-des-boesen\/","og_site_name":"Allscore Shop","article_modified_time":"2024-04-25T11:13:36+00:00","og_image":[{"width":1200,"height":1200,"url":"https:\/\/www.allscore.de\/shop\/wp-content\/uploads\/2021\/03\/GS67_1200px.jpg","type":"image\/jpeg"}],"twitter_card":"summary_large_image","twitter_misc":{"Est. reading time":"1 minute"},"schema":{"@context":"https:\/\/schema.org","@graph":[{"@type":"WebPage","@id":"https:\/\/www.allscore.de\/shop\/en\/produkt\/geister-schocker-67-die-blumen-des-boesen\/","url":"https:\/\/www.allscore.de\/shop\/en\/produkt\/geister-schocker-67-die-blumen-des-boesen\/","name":"Geister-Schocker 67: Die Blumen des B\u00f6sen","isPartOf":{"@id":"https:\/\/www.allscore.de\/shop\/en\/#website"},"primaryImageOfPage":{"@id":"https:\/\/www.allscore.de\/shop\/en\/produkt\/geister-schocker-67-die-blumen-des-boesen\/#primaryimage"},"image":{"@id":"https:\/\/www.allscore.de\/shop\/en\/produkt\/geister-schocker-67-die-blumen-des-boesen\/#primaryimage"},"thumbnailUrl":"https:\/\/www.allscore.de\/shop\/wp-content\/uploads\/2021\/03\/GS67_1200px.jpg","datePublished":"2021-03-23T13:09:59+00:00","dateModified":"2024-04-25T11:13:36+00:00","description":"Geister-Schocker 67: Die Blumen des B\u00f6sen Inhalt: Die Uhr auf dem Kaminsims schlug f\u00fcnfmal. Mrs. Edith Marbel trat an das Fenster und blickte in den","breadcrumb":{"@id":"https:\/\/www.allscore.de\/shop\/en\/produkt\/geister-schocker-67-die-blumen-des-boesen\/#breadcrumb"},"inLanguage":"en-US","potentialAction":[{"@type":"ReadAction","target":["https:\/\/www.allscore.de\/shop\/en\/produkt\/geister-schocker-67-die-blumen-des-boesen\/"]}]},{"@type":"ImageObject","inLanguage":"en-US","@id":"https:\/\/www.allscore.de\/shop\/en\/produkt\/geister-schocker-67-die-blumen-des-boesen\/#primaryimage","url":"https:\/\/www.allscore.de\/shop\/wp-content\/uploads\/2021\/03\/GS67_1200px.jpg","contentUrl":"https:\/\/www.allscore.de\/shop\/wp-content\/uploads\/2021\/03\/GS67_1200px.jpg","width":1200,"height":1200,"caption":"Geister-Schocker (67): Die Blumen des B\u00f6sen"},{"@type":"BreadcrumbList","@id":"https:\/\/www.allscore.de\/shop\/en\/produkt\/geister-schocker-67-die-blumen-des-boesen\/#breadcrumb","itemListElement":[{"@type":"ListItem","position":1,"name":"Startseite","item":"https:\/\/www.allscore.de\/shop\/en\/"},{"@type":"ListItem","position":2,"name":"Products","item":"https:\/\/www.allscore.de\/shop\/en\/shop\/"},{"@type":"ListItem","position":3,"name":"Geister-Schocker 67: Die Blumen des B\u00f6sen"}]},{"@type":"WebSite","@id":"https:\/\/www.allscore.de\/shop\/en\/#website","url":"https:\/\/www.allscore.de\/shop\/en\/","name":"Allscore Shop","description":"All Score Media","publisher":{"@id":"https:\/\/www.allscore.de\/shop\/en\/#organization"},"potentialAction":[{"@type":"SearchAction","target":{"@type":"EntryPoint","urlTemplate":"https:\/\/www.allscore.de\/shop\/en\/?s={search_term_string}"},"query-input":{"@type":"PropertyValueSpecification","valueRequired":true,"valueName":"search_term_string"}}],"inLanguage":"en-US"},{"@type":"Organization","@id":"https:\/\/www.allscore.de\/shop\/en\/#organization","name":"All Score Media","alternateName":"Allscore","url":"https:\/\/www.allscore.de\/shop\/en\/","logo":{"@type":"ImageObject","inLanguage":"en-US","@id":"https:\/\/www.allscore.de\/shop\/en\/#\/schema\/logo\/image\/","url":"https:\/\/www.allscore.de\/shop\/wp-content\/uploads\/2026\/01\/Logo_Yoast_Shop_2026.png","contentUrl":"https:\/\/www.allscore.de\/shop\/wp-content\/uploads\/2026\/01\/Logo_Yoast_Shop_2026.png","width":696,"height":696,"caption":"All Score Media"},"image":{"@id":"https:\/\/www.allscore.de\/shop\/en\/#\/schema\/logo\/image\/"}}]}},"_links":{"self":[{"href":"https:\/\/www.allscore.de\/shop\/en\/wp-json\/wp\/v2\/product\/9641","targetHints":{"allow":["GET"]}}],"collection":[{"href":"https:\/\/www.allscore.de\/shop\/en\/wp-json\/wp\/v2\/product"}],"about":[{"href":"https:\/\/www.allscore.de\/shop\/en\/wp-json\/wp\/v2\/types\/product"}],"wp:featuredmedia":[{"embeddable":true,"href":"https:\/\/www.allscore.de\/shop\/en\/wp-json\/wp\/v2\/media\/9361"}],"wp:attachment":[{"href":"https:\/\/www.allscore.de\/shop\/en\/wp-json\/wp\/v2\/media?parent=9641"}],"wp:term":[{"taxonomy":"product_brand","embeddable":true,"href":"https:\/\/www.allscore.de\/shop\/en\/wp-json\/wp\/v2\/product_brand?post=9641"},{"taxonomy":"product_cat","embeddable":true,"href":"https:\/\/www.allscore.de\/shop\/en\/wp-json\/wp\/v2\/product_cat?post=9641"},{"taxonomy":"product_tag","embeddable":true,"href":"https:\/\/www.allscore.de\/shop\/en\/wp-json\/wp\/v2\/product_tag?post=9641"}],"curies":[{"name":"wp","href":"https:\/\/api.w.org\/{rel}","templated":true}]}}