{"id":9635,"date":"2016-09-14T14:03:57","date_gmt":"2016-09-14T12:03:57","guid":{"rendered":"https:\/\/www.allscore.de\/shop\/?post_type=product&#038;p=9635"},"modified":"2024-04-25T13:10:03","modified_gmt":"2024-04-25T11:10:03","slug":"geister-schocker-64-experiment-des-wahnsinns-2","status":"publish","type":"product","link":"https:\/\/www.allscore.de\/shop\/en\/produkt\/geister-schocker-64-experiment-des-wahnsinns-2\/","title":{"rendered":"Geister-Schocker 64: Experiment des Wahnsinns"},"content":{"rendered":"<p>Geister-Schocker 64: Experiment des Wahnsinns<\/p>\n<p><strong><u>Inhalt:<br \/>\n<\/u><\/strong>Tief auf dem Grund des Ozeans betreibt die US-amerikanische Regierung ein geheimes Labor, in dem verbotene Experimente durchgef\u00fchrt werden. Die junge FBI-Biologin Cathrin Turner ist entschlossen, der Sache auf den Grund zu gehen. Unterst\u00fctzung erh\u00e4lt sie dabei von dem Reporter Jennings, der die Story seines Lebens wittert. Doch kaum sind die beiden dort angekommen, geraten die Versuche au\u00dfer Kontrolle und jeder ist sich pl\u00f6tzlich selbst der N\u00e4chste. Einer kleinen Gruppe von Menschen gelingt es, vor den unheimlichen Mutanten, die das Labor bedrohen, zu fliehen. Doch schon im n\u00e4chsten Augenblick sehen sich die Fl\u00fcchtenden einer weiteren Gefahr gegen\u00fcber, die nicht minder grauenerregend ist. In der k\u00fcnstlichen Unterwasserwelt beginnt ein Kampf auf Leben und Tod.<\/p>\n<p><strong><u>Sprecher:<br \/>\n<\/u><\/strong>Hartmut Neugebauer, Eckart Dux, Vera Bunk, Tino Kie\u00dfling, Gabriele Schramm, Christian Rode, Nicole Hannak, Manfred Lehmann, Peter Groeger, Helmut Krauss, Gerald Paradies, Reent Reins u.a.<\/p>\n<p><strong><u>Autor:<br \/>\n<\/u><\/strong>E. M. Freeman<\/p>\n","protected":false},"excerpt":{"rendered":"<p>Geister-Schocker 64: Experiment des Wahnsinns Inhalt: Tief auf dem Grund des Ozeans betreibt die US-amerikanische Regierung ein geheimes Labor, in dem verbotene Experimente durchgef\u00fchrt werden. Die junge FBI-Biologin Cathrin Turner ist entschlossen, der Sache auf den Grund zu gehen. Unterst\u00fctzung erh\u00e4lt sie dabei von dem Reporter Jennings, der die Story seines Lebens wittert. Doch kaum&#8230;<\/p>\n<p><a rel=\"bookmark\" class=\"vonzot-button-simple wvc-button wvc-button-size-sm\" href=\"https:\/\/www.allscore.de\/shop\/en\/produkt\/geister-schocker-64-experiment-des-wahnsinns-2\/\"><span>Read more<\/span><\/a><\/p>\n","protected":false},"featured_media":9355,"template":"","meta":[],"product_brand":[],"product_cat":[199,409,429,251],"product_tag":[],"class_list":{"0":"post-9635","1":"product","2":"type-product","3":"status-publish","4":"has-post-thumbnail","6":"product_cat-hoerspiele-en","7":"product_cat-geister-schocker-en","8":"product_cat-rarities-en","9":"product_cat-specials-en","10":"product_shipping_class-tontraeger-cd-en","11":"entry","12":"clearfix","13":"entry-grid","14":"entry-columns-3","15":"entry-product-module-layout-sidebar-right","16":"thumbnail-color-tone-dark","17":"entry-product","19":"entry-product-grid","21":"first","22":"outofstock","23":"taxable","24":"shipping-taxable","25":"purchasable","26":"product-type-simple"},"yoast_head":"<!-- This site is optimized with the Yoast SEO plugin v27.4 - https:\/\/yoast.com\/product\/yoast-seo-wordpress\/ -->\n<title>Geister-Schocker 64: Experiment des Wahnsinns<\/title>\n<meta name=\"description\" content=\"Geister-Schocker 64: Experiment des Wahnsinns Inhalt: Tief auf dem Grund des Ozeans betreibt die US-amerikanische Regierung ein geheimes Labor, in dem\" \/>\n<meta name=\"robots\" content=\"index, follow, max-snippet:-1, max-image-preview:large, max-video-preview:-1\" \/>\n<link rel=\"canonical\" href=\"https:\/\/www.allscore.de\/shop\/en\/produkt\/geister-schocker-64-experiment-des-wahnsinns-2\/\" \/>\n<meta property=\"og:locale\" content=\"en_US\" \/>\n<meta property=\"og:type\" content=\"article\" \/>\n<meta property=\"og:title\" content=\"Geister-Schocker 64: Experiment des Wahnsinns\" \/>\n<meta property=\"og:description\" content=\"Geister-Schocker 64: Experiment des Wahnsinns Inhalt: Tief auf dem Grund des Ozeans betreibt die US-amerikanische Regierung ein geheimes Labor, in dem\" \/>\n<meta property=\"og:url\" content=\"https:\/\/www.allscore.de\/shop\/en\/produkt\/geister-schocker-64-experiment-des-wahnsinns-2\/\" \/>\n<meta property=\"og:site_name\" content=\"Allscore Shop\" \/>\n<meta property=\"article:modified_time\" content=\"2024-04-25T11:10:03+00:00\" \/>\n<meta property=\"og:image\" content=\"https:\/\/www.allscore.de\/shop\/wp-content\/uploads\/2021\/03\/GS64_1000px.jpg\" \/>\n\t<meta property=\"og:image:width\" content=\"1000\" \/>\n\t<meta property=\"og:image:height\" content=\"1000\" \/>\n\t<meta property=\"og:image:type\" content=\"image\/jpeg\" \/>\n<meta name=\"twitter:card\" content=\"summary_large_image\" \/>\n<meta name=\"twitter:label1\" content=\"Est. reading time\" \/>\n\t<meta name=\"twitter:data1\" content=\"1 minute\" \/>\n<script type=\"application\/ld+json\" class=\"yoast-schema-graph\">{\"@context\":\"https:\\\/\\\/schema.org\",\"@graph\":[{\"@type\":\"WebPage\",\"@id\":\"https:\\\/\\\/www.allscore.de\\\/shop\\\/en\\\/produkt\\\/geister-schocker-64-experiment-des-wahnsinns-2\\\/\",\"url\":\"https:\\\/\\\/www.allscore.de\\\/shop\\\/en\\\/produkt\\\/geister-schocker-64-experiment-des-wahnsinns-2\\\/\",\"name\":\"Geister-Schocker 64: Experiment des Wahnsinns\",\"isPartOf\":{\"@id\":\"https:\\\/\\\/www.allscore.de\\\/shop\\\/en\\\/#website\"},\"primaryImageOfPage\":{\"@id\":\"https:\\\/\\\/www.allscore.de\\\/shop\\\/en\\\/produkt\\\/geister-schocker-64-experiment-des-wahnsinns-2\\\/#primaryimage\"},\"image\":{\"@id\":\"https:\\\/\\\/www.allscore.de\\\/shop\\\/en\\\/produkt\\\/geister-schocker-64-experiment-des-wahnsinns-2\\\/#primaryimage\"},\"thumbnailUrl\":\"https:\\\/\\\/www.allscore.de\\\/shop\\\/wp-content\\\/uploads\\\/2021\\\/03\\\/GS64_1000px.jpg\",\"datePublished\":\"2016-09-14T12:03:57+00:00\",\"dateModified\":\"2024-04-25T11:10:03+00:00\",\"description\":\"Geister-Schocker 64: Experiment des Wahnsinns Inhalt: Tief auf dem Grund des Ozeans betreibt die US-amerikanische Regierung ein geheimes Labor, in dem\",\"breadcrumb\":{\"@id\":\"https:\\\/\\\/www.allscore.de\\\/shop\\\/en\\\/produkt\\\/geister-schocker-64-experiment-des-wahnsinns-2\\\/#breadcrumb\"},\"inLanguage\":\"en-US\",\"potentialAction\":[{\"@type\":\"ReadAction\",\"target\":[\"https:\\\/\\\/www.allscore.de\\\/shop\\\/en\\\/produkt\\\/geister-schocker-64-experiment-des-wahnsinns-2\\\/\"]}]},{\"@type\":\"ImageObject\",\"inLanguage\":\"en-US\",\"@id\":\"https:\\\/\\\/www.allscore.de\\\/shop\\\/en\\\/produkt\\\/geister-schocker-64-experiment-des-wahnsinns-2\\\/#primaryimage\",\"url\":\"https:\\\/\\\/www.allscore.de\\\/shop\\\/wp-content\\\/uploads\\\/2021\\\/03\\\/GS64_1000px.jpg\",\"contentUrl\":\"https:\\\/\\\/www.allscore.de\\\/shop\\\/wp-content\\\/uploads\\\/2021\\\/03\\\/GS64_1000px.jpg\",\"width\":1000,\"height\":1000,\"caption\":\"Geister-Schocker (64): Experiment des Wahnsinns\"},{\"@type\":\"BreadcrumbList\",\"@id\":\"https:\\\/\\\/www.allscore.de\\\/shop\\\/en\\\/produkt\\\/geister-schocker-64-experiment-des-wahnsinns-2\\\/#breadcrumb\",\"itemListElement\":[{\"@type\":\"ListItem\",\"position\":1,\"name\":\"Startseite\",\"item\":\"https:\\\/\\\/www.allscore.de\\\/shop\\\/en\\\/\"},{\"@type\":\"ListItem\",\"position\":2,\"name\":\"Products\",\"item\":\"https:\\\/\\\/www.allscore.de\\\/shop\\\/en\\\/shop\\\/\"},{\"@type\":\"ListItem\",\"position\":3,\"name\":\"Geister-Schocker 64: Experiment des Wahnsinns\"}]},{\"@type\":\"WebSite\",\"@id\":\"https:\\\/\\\/www.allscore.de\\\/shop\\\/en\\\/#website\",\"url\":\"https:\\\/\\\/www.allscore.de\\\/shop\\\/en\\\/\",\"name\":\"Allscore Shop\",\"description\":\"All Score Media\",\"publisher\":{\"@id\":\"https:\\\/\\\/www.allscore.de\\\/shop\\\/en\\\/#organization\"},\"potentialAction\":[{\"@type\":\"SearchAction\",\"target\":{\"@type\":\"EntryPoint\",\"urlTemplate\":\"https:\\\/\\\/www.allscore.de\\\/shop\\\/en\\\/?s={search_term_string}\"},\"query-input\":{\"@type\":\"PropertyValueSpecification\",\"valueRequired\":true,\"valueName\":\"search_term_string\"}}],\"inLanguage\":\"en-US\"},{\"@type\":\"Organization\",\"@id\":\"https:\\\/\\\/www.allscore.de\\\/shop\\\/en\\\/#organization\",\"name\":\"All Score Media\",\"alternateName\":\"Allscore\",\"url\":\"https:\\\/\\\/www.allscore.de\\\/shop\\\/en\\\/\",\"logo\":{\"@type\":\"ImageObject\",\"inLanguage\":\"en-US\",\"@id\":\"https:\\\/\\\/www.allscore.de\\\/shop\\\/en\\\/#\\\/schema\\\/logo\\\/image\\\/\",\"url\":\"https:\\\/\\\/www.allscore.de\\\/shop\\\/wp-content\\\/uploads\\\/2026\\\/01\\\/Logo_Yoast_Shop_2026.png\",\"contentUrl\":\"https:\\\/\\\/www.allscore.de\\\/shop\\\/wp-content\\\/uploads\\\/2026\\\/01\\\/Logo_Yoast_Shop_2026.png\",\"width\":696,\"height\":696,\"caption\":\"All Score Media\"},\"image\":{\"@id\":\"https:\\\/\\\/www.allscore.de\\\/shop\\\/en\\\/#\\\/schema\\\/logo\\\/image\\\/\"}}]}<\/script>\n<!-- \/ Yoast SEO plugin. -->","yoast_head_json":{"title":"Geister-Schocker 64: Experiment des Wahnsinns","description":"Geister-Schocker 64: Experiment des Wahnsinns Inhalt: Tief auf dem Grund des Ozeans betreibt die US-amerikanische Regierung ein geheimes Labor, in dem","robots":{"index":"index","follow":"follow","max-snippet":"max-snippet:-1","max-image-preview":"max-image-preview:large","max-video-preview":"max-video-preview:-1"},"canonical":"https:\/\/www.allscore.de\/shop\/en\/produkt\/geister-schocker-64-experiment-des-wahnsinns-2\/","og_locale":"en_US","og_type":"article","og_title":"Geister-Schocker 64: Experiment des Wahnsinns","og_description":"Geister-Schocker 64: Experiment des Wahnsinns Inhalt: Tief auf dem Grund des Ozeans betreibt die US-amerikanische Regierung ein geheimes Labor, in dem","og_url":"https:\/\/www.allscore.de\/shop\/en\/produkt\/geister-schocker-64-experiment-des-wahnsinns-2\/","og_site_name":"Allscore Shop","article_modified_time":"2024-04-25T11:10:03+00:00","og_image":[{"width":1000,"height":1000,"url":"https:\/\/www.allscore.de\/shop\/wp-content\/uploads\/2021\/03\/GS64_1000px.jpg","type":"image\/jpeg"}],"twitter_card":"summary_large_image","twitter_misc":{"Est. reading time":"1 minute"},"schema":{"@context":"https:\/\/schema.org","@graph":[{"@type":"WebPage","@id":"https:\/\/www.allscore.de\/shop\/en\/produkt\/geister-schocker-64-experiment-des-wahnsinns-2\/","url":"https:\/\/www.allscore.de\/shop\/en\/produkt\/geister-schocker-64-experiment-des-wahnsinns-2\/","name":"Geister-Schocker 64: Experiment des Wahnsinns","isPartOf":{"@id":"https:\/\/www.allscore.de\/shop\/en\/#website"},"primaryImageOfPage":{"@id":"https:\/\/www.allscore.de\/shop\/en\/produkt\/geister-schocker-64-experiment-des-wahnsinns-2\/#primaryimage"},"image":{"@id":"https:\/\/www.allscore.de\/shop\/en\/produkt\/geister-schocker-64-experiment-des-wahnsinns-2\/#primaryimage"},"thumbnailUrl":"https:\/\/www.allscore.de\/shop\/wp-content\/uploads\/2021\/03\/GS64_1000px.jpg","datePublished":"2016-09-14T12:03:57+00:00","dateModified":"2024-04-25T11:10:03+00:00","description":"Geister-Schocker 64: Experiment des Wahnsinns Inhalt: Tief auf dem Grund des Ozeans betreibt die US-amerikanische Regierung ein geheimes Labor, in dem","breadcrumb":{"@id":"https:\/\/www.allscore.de\/shop\/en\/produkt\/geister-schocker-64-experiment-des-wahnsinns-2\/#breadcrumb"},"inLanguage":"en-US","potentialAction":[{"@type":"ReadAction","target":["https:\/\/www.allscore.de\/shop\/en\/produkt\/geister-schocker-64-experiment-des-wahnsinns-2\/"]}]},{"@type":"ImageObject","inLanguage":"en-US","@id":"https:\/\/www.allscore.de\/shop\/en\/produkt\/geister-schocker-64-experiment-des-wahnsinns-2\/#primaryimage","url":"https:\/\/www.allscore.de\/shop\/wp-content\/uploads\/2021\/03\/GS64_1000px.jpg","contentUrl":"https:\/\/www.allscore.de\/shop\/wp-content\/uploads\/2021\/03\/GS64_1000px.jpg","width":1000,"height":1000,"caption":"Geister-Schocker (64): Experiment des Wahnsinns"},{"@type":"BreadcrumbList","@id":"https:\/\/www.allscore.de\/shop\/en\/produkt\/geister-schocker-64-experiment-des-wahnsinns-2\/#breadcrumb","itemListElement":[{"@type":"ListItem","position":1,"name":"Startseite","item":"https:\/\/www.allscore.de\/shop\/en\/"},{"@type":"ListItem","position":2,"name":"Products","item":"https:\/\/www.allscore.de\/shop\/en\/shop\/"},{"@type":"ListItem","position":3,"name":"Geister-Schocker 64: Experiment des Wahnsinns"}]},{"@type":"WebSite","@id":"https:\/\/www.allscore.de\/shop\/en\/#website","url":"https:\/\/www.allscore.de\/shop\/en\/","name":"Allscore Shop","description":"All Score Media","publisher":{"@id":"https:\/\/www.allscore.de\/shop\/en\/#organization"},"potentialAction":[{"@type":"SearchAction","target":{"@type":"EntryPoint","urlTemplate":"https:\/\/www.allscore.de\/shop\/en\/?s={search_term_string}"},"query-input":{"@type":"PropertyValueSpecification","valueRequired":true,"valueName":"search_term_string"}}],"inLanguage":"en-US"},{"@type":"Organization","@id":"https:\/\/www.allscore.de\/shop\/en\/#organization","name":"All Score Media","alternateName":"Allscore","url":"https:\/\/www.allscore.de\/shop\/en\/","logo":{"@type":"ImageObject","inLanguage":"en-US","@id":"https:\/\/www.allscore.de\/shop\/en\/#\/schema\/logo\/image\/","url":"https:\/\/www.allscore.de\/shop\/wp-content\/uploads\/2026\/01\/Logo_Yoast_Shop_2026.png","contentUrl":"https:\/\/www.allscore.de\/shop\/wp-content\/uploads\/2026\/01\/Logo_Yoast_Shop_2026.png","width":696,"height":696,"caption":"All Score Media"},"image":{"@id":"https:\/\/www.allscore.de\/shop\/en\/#\/schema\/logo\/image\/"}}]}},"_links":{"self":[{"href":"https:\/\/www.allscore.de\/shop\/en\/wp-json\/wp\/v2\/product\/9635","targetHints":{"allow":["GET"]}}],"collection":[{"href":"https:\/\/www.allscore.de\/shop\/en\/wp-json\/wp\/v2\/product"}],"about":[{"href":"https:\/\/www.allscore.de\/shop\/en\/wp-json\/wp\/v2\/types\/product"}],"wp:featuredmedia":[{"embeddable":true,"href":"https:\/\/www.allscore.de\/shop\/en\/wp-json\/wp\/v2\/media\/9355"}],"wp:attachment":[{"href":"https:\/\/www.allscore.de\/shop\/en\/wp-json\/wp\/v2\/media?parent=9635"}],"wp:term":[{"taxonomy":"product_brand","embeddable":true,"href":"https:\/\/www.allscore.de\/shop\/en\/wp-json\/wp\/v2\/product_brand?post=9635"},{"taxonomy":"product_cat","embeddable":true,"href":"https:\/\/www.allscore.de\/shop\/en\/wp-json\/wp\/v2\/product_cat?post=9635"},{"taxonomy":"product_tag","embeddable":true,"href":"https:\/\/www.allscore.de\/shop\/en\/wp-json\/wp\/v2\/product_tag?post=9635"}],"curies":[{"name":"wp","href":"https:\/\/api.w.org\/{rel}","templated":true}]}}