{"id":9628,"date":"2016-03-15T19:03:19","date_gmt":"2021-03-22T18:03:20","guid":{"rendered":"https:\/\/www.allscore.de\/shop\/?post_type=product&#038;p=9628"},"modified":"2024-04-25T13:02:16","modified_gmt":"2024-04-25T11:02:16","slug":"geister-schocker-61-der-satan-aus-der-gruft","status":"publish","type":"product","link":"https:\/\/www.allscore.de\/shop\/en\/produkt\/geister-schocker-61-der-satan-aus-der-gruft\/","title":{"rendered":"Geister-Schocker 61: Der Satan aus der Gruft"},"content":{"rendered":"<p>Geister-Schocker 61: Der Satan aus der Gruft<\/p>\n<p><strong><u>Inhalt:<br \/>\n<\/u><\/strong>Als Antonia de Morocco aus dem spanischen Schloss ihrer reichen Familie spurlos verschwindet, \u00fcbernehmen ihre Schwester Ignatia und deren Freund Rod Dawson die ersten Nachforschungen. Wer ist der geheimnisvolle Hernando Pasqual, in deren Begleitung Antonio in Acapulco weilt? Wieso scheut der Fremde das Tageslicht, verbirgt sein Gesicht unter einer Kapuze und tr\u00e4gt Handschuhe? Und stimmt es, dass Antonia ebenso wie Hernando Pasqual urpl\u00f6tzlich an einer seltenen Hautkrankheit leidet? Schnell stellt sich heraus, dass Hernando Pasqual Verbindung zur Unterwelt hat. Und als Ignatia und Rod weiter forschen, sto\u00dfen sie auf ein furchtbares Familiengeheimnis der de Moroccos &#8211; und auf einen D\u00e4moneng\u00f6tzen aus tiefster Vergangenheit!<\/p>\n<p><strong><u>Sprecher:<br \/>\n<\/u><\/strong>Norman Matt, Uschi Hugo, Michel Pan, Helmut Krauss, Sarah Riedel, Thomas Nero Wolff, Kim Hasper, Bert Franzke, Rainer Gerlach, Lutz Schnell, Hans-Eckart Eckhardt, Martin Kautz<\/p>\n<p><strong><u>Autor:<br \/>\n<\/u><\/strong>Earl Warren<\/p>\n","protected":false},"excerpt":{"rendered":"<p>Geister-Schocker 61: Der Satan aus der Gruft Inhalt: Als Antonia de Morocco aus dem spanischen Schloss ihrer reichen Familie spurlos verschwindet, \u00fcbernehmen ihre Schwester Ignatia und deren Freund Rod Dawson die ersten Nachforschungen. Wer ist der geheimnisvolle Hernando Pasqual, in deren Begleitung Antonio in Acapulco weilt? Wieso scheut der Fremde das Tageslicht, verbirgt sein Gesicht&#8230;<\/p>\n<p><a rel=\"bookmark\" class=\"vonzot-button-simple wvc-button wvc-button-size-sm\" href=\"https:\/\/www.allscore.de\/shop\/en\/produkt\/geister-schocker-61-der-satan-aus-der-gruft\/\"><span>Read more<\/span><\/a><\/p>\n","protected":false},"featured_media":9349,"template":"","meta":[],"product_brand":[],"product_cat":[199,409],"product_tag":[],"class_list":{"0":"post-9628","1":"product","2":"type-product","3":"status-publish","4":"has-post-thumbnail","6":"product_cat-hoerspiele-en","7":"product_cat-geister-schocker-en","8":"product_shipping_class-tontraeger-cd-en","9":"entry","10":"clearfix","11":"entry-grid","12":"entry-columns-3","13":"entry-product-module-layout-sidebar-right","14":"thumbnail-color-tone-dark","15":"entry-product","17":"entry-product-grid","19":"first","20":"instock","21":"taxable","22":"shipping-taxable","23":"purchasable","24":"product-type-simple"},"yoast_head":"<!-- This site is optimized with the Yoast SEO plugin v27.3 - https:\/\/yoast.com\/product\/yoast-seo-wordpress\/ -->\n<title>Geister-Schocker 61: Der Satan aus der Gruft<\/title>\n<meta name=\"description\" content=\"Geister-Schocker 61: Der Satan aus der Gruft Inhalt: Als Antonia de Morocco aus dem spanischen Schloss ihrer reichen Familie spurlos verschwindet,\" \/>\n<meta name=\"robots\" content=\"index, follow, max-snippet:-1, max-image-preview:large, max-video-preview:-1\" \/>\n<link rel=\"canonical\" href=\"https:\/\/www.allscore.de\/shop\/en\/produkt\/geister-schocker-61-der-satan-aus-der-gruft\/\" \/>\n<meta property=\"og:locale\" content=\"en_US\" \/>\n<meta property=\"og:type\" content=\"article\" \/>\n<meta property=\"og:title\" content=\"Geister-Schocker 61: Der Satan aus der Gruft\" \/>\n<meta property=\"og:description\" content=\"Geister-Schocker 61: Der Satan aus der Gruft Inhalt: Als Antonia de Morocco aus dem spanischen Schloss ihrer reichen Familie spurlos verschwindet,\" \/>\n<meta property=\"og:url\" content=\"https:\/\/www.allscore.de\/shop\/en\/produkt\/geister-schocker-61-der-satan-aus-der-gruft\/\" \/>\n<meta property=\"og:site_name\" content=\"Allscore Shop\" \/>\n<meta property=\"article:modified_time\" content=\"2024-04-25T11:02:16+00:00\" \/>\n<meta property=\"og:image\" content=\"https:\/\/www.allscore.de\/shop\/wp-content\/uploads\/2021\/03\/GS61_1000px.jpg\" \/>\n\t<meta property=\"og:image:width\" content=\"1000\" \/>\n\t<meta property=\"og:image:height\" content=\"1000\" \/>\n\t<meta property=\"og:image:type\" content=\"image\/jpeg\" \/>\n<meta name=\"twitter:card\" content=\"summary_large_image\" \/>\n<meta name=\"twitter:label1\" content=\"Est. reading time\" \/>\n\t<meta name=\"twitter:data1\" content=\"1 minute\" \/>\n<script type=\"application\/ld+json\" class=\"yoast-schema-graph\">{\"@context\":\"https:\\\/\\\/schema.org\",\"@graph\":[{\"@type\":\"WebPage\",\"@id\":\"https:\\\/\\\/www.allscore.de\\\/shop\\\/en\\\/produkt\\\/geister-schocker-61-der-satan-aus-der-gruft\\\/\",\"url\":\"https:\\\/\\\/www.allscore.de\\\/shop\\\/en\\\/produkt\\\/geister-schocker-61-der-satan-aus-der-gruft\\\/\",\"name\":\"Geister-Schocker 61: Der Satan aus der Gruft\",\"isPartOf\":{\"@id\":\"https:\\\/\\\/www.allscore.de\\\/shop\\\/en\\\/#website\"},\"primaryImageOfPage\":{\"@id\":\"https:\\\/\\\/www.allscore.de\\\/shop\\\/en\\\/produkt\\\/geister-schocker-61-der-satan-aus-der-gruft\\\/#primaryimage\"},\"image\":{\"@id\":\"https:\\\/\\\/www.allscore.de\\\/shop\\\/en\\\/produkt\\\/geister-schocker-61-der-satan-aus-der-gruft\\\/#primaryimage\"},\"thumbnailUrl\":\"https:\\\/\\\/www.allscore.de\\\/shop\\\/wp-content\\\/uploads\\\/2021\\\/03\\\/GS61_1000px.jpg\",\"datePublished\":\"2021-03-22T18:03:20+00:00\",\"dateModified\":\"2024-04-25T11:02:16+00:00\",\"description\":\"Geister-Schocker 61: Der Satan aus der Gruft Inhalt: Als Antonia de Morocco aus dem spanischen Schloss ihrer reichen Familie spurlos verschwindet,\",\"breadcrumb\":{\"@id\":\"https:\\\/\\\/www.allscore.de\\\/shop\\\/en\\\/produkt\\\/geister-schocker-61-der-satan-aus-der-gruft\\\/#breadcrumb\"},\"inLanguage\":\"en-US\",\"potentialAction\":[{\"@type\":\"ReadAction\",\"target\":[\"https:\\\/\\\/www.allscore.de\\\/shop\\\/en\\\/produkt\\\/geister-schocker-61-der-satan-aus-der-gruft\\\/\"]}]},{\"@type\":\"ImageObject\",\"inLanguage\":\"en-US\",\"@id\":\"https:\\\/\\\/www.allscore.de\\\/shop\\\/en\\\/produkt\\\/geister-schocker-61-der-satan-aus-der-gruft\\\/#primaryimage\",\"url\":\"https:\\\/\\\/www.allscore.de\\\/shop\\\/wp-content\\\/uploads\\\/2021\\\/03\\\/GS61_1000px.jpg\",\"contentUrl\":\"https:\\\/\\\/www.allscore.de\\\/shop\\\/wp-content\\\/uploads\\\/2021\\\/03\\\/GS61_1000px.jpg\",\"width\":1000,\"height\":1000,\"caption\":\"Geister-Schocker (61): Der Satan aus der Gruft\"},{\"@type\":\"BreadcrumbList\",\"@id\":\"https:\\\/\\\/www.allscore.de\\\/shop\\\/en\\\/produkt\\\/geister-schocker-61-der-satan-aus-der-gruft\\\/#breadcrumb\",\"itemListElement\":[{\"@type\":\"ListItem\",\"position\":1,\"name\":\"Startseite\",\"item\":\"https:\\\/\\\/www.allscore.de\\\/shop\\\/en\\\/\"},{\"@type\":\"ListItem\",\"position\":2,\"name\":\"Products\",\"item\":\"https:\\\/\\\/www.allscore.de\\\/shop\\\/en\\\/shop\\\/\"},{\"@type\":\"ListItem\",\"position\":3,\"name\":\"Geister-Schocker 61: Der Satan aus der Gruft\"}]},{\"@type\":\"WebSite\",\"@id\":\"https:\\\/\\\/www.allscore.de\\\/shop\\\/en\\\/#website\",\"url\":\"https:\\\/\\\/www.allscore.de\\\/shop\\\/en\\\/\",\"name\":\"Allscore Shop\",\"description\":\"All Score Media\",\"publisher\":{\"@id\":\"https:\\\/\\\/www.allscore.de\\\/shop\\\/en\\\/#organization\"},\"potentialAction\":[{\"@type\":\"SearchAction\",\"target\":{\"@type\":\"EntryPoint\",\"urlTemplate\":\"https:\\\/\\\/www.allscore.de\\\/shop\\\/en\\\/?s={search_term_string}\"},\"query-input\":{\"@type\":\"PropertyValueSpecification\",\"valueRequired\":true,\"valueName\":\"search_term_string\"}}],\"inLanguage\":\"en-US\"},{\"@type\":\"Organization\",\"@id\":\"https:\\\/\\\/www.allscore.de\\\/shop\\\/en\\\/#organization\",\"name\":\"All Score Media\",\"alternateName\":\"Allscore\",\"url\":\"https:\\\/\\\/www.allscore.de\\\/shop\\\/en\\\/\",\"logo\":{\"@type\":\"ImageObject\",\"inLanguage\":\"en-US\",\"@id\":\"https:\\\/\\\/www.allscore.de\\\/shop\\\/en\\\/#\\\/schema\\\/logo\\\/image\\\/\",\"url\":\"https:\\\/\\\/www.allscore.de\\\/shop\\\/wp-content\\\/uploads\\\/2026\\\/01\\\/Logo_Yoast_Shop_2026.png\",\"contentUrl\":\"https:\\\/\\\/www.allscore.de\\\/shop\\\/wp-content\\\/uploads\\\/2026\\\/01\\\/Logo_Yoast_Shop_2026.png\",\"width\":696,\"height\":696,\"caption\":\"All Score Media\"},\"image\":{\"@id\":\"https:\\\/\\\/www.allscore.de\\\/shop\\\/en\\\/#\\\/schema\\\/logo\\\/image\\\/\"}}]}<\/script>\n<!-- \/ Yoast SEO plugin. -->","yoast_head_json":{"title":"Geister-Schocker 61: Der Satan aus der Gruft","description":"Geister-Schocker 61: Der Satan aus der Gruft Inhalt: Als Antonia de Morocco aus dem spanischen Schloss ihrer reichen Familie spurlos verschwindet,","robots":{"index":"index","follow":"follow","max-snippet":"max-snippet:-1","max-image-preview":"max-image-preview:large","max-video-preview":"max-video-preview:-1"},"canonical":"https:\/\/www.allscore.de\/shop\/en\/produkt\/geister-schocker-61-der-satan-aus-der-gruft\/","og_locale":"en_US","og_type":"article","og_title":"Geister-Schocker 61: Der Satan aus der Gruft","og_description":"Geister-Schocker 61: Der Satan aus der Gruft Inhalt: Als Antonia de Morocco aus dem spanischen Schloss ihrer reichen Familie spurlos verschwindet,","og_url":"https:\/\/www.allscore.de\/shop\/en\/produkt\/geister-schocker-61-der-satan-aus-der-gruft\/","og_site_name":"Allscore Shop","article_modified_time":"2024-04-25T11:02:16+00:00","og_image":[{"width":1000,"height":1000,"url":"https:\/\/www.allscore.de\/shop\/wp-content\/uploads\/2021\/03\/GS61_1000px.jpg","type":"image\/jpeg"}],"twitter_card":"summary_large_image","twitter_misc":{"Est. reading time":"1 minute"},"schema":{"@context":"https:\/\/schema.org","@graph":[{"@type":"WebPage","@id":"https:\/\/www.allscore.de\/shop\/en\/produkt\/geister-schocker-61-der-satan-aus-der-gruft\/","url":"https:\/\/www.allscore.de\/shop\/en\/produkt\/geister-schocker-61-der-satan-aus-der-gruft\/","name":"Geister-Schocker 61: Der Satan aus der Gruft","isPartOf":{"@id":"https:\/\/www.allscore.de\/shop\/en\/#website"},"primaryImageOfPage":{"@id":"https:\/\/www.allscore.de\/shop\/en\/produkt\/geister-schocker-61-der-satan-aus-der-gruft\/#primaryimage"},"image":{"@id":"https:\/\/www.allscore.de\/shop\/en\/produkt\/geister-schocker-61-der-satan-aus-der-gruft\/#primaryimage"},"thumbnailUrl":"https:\/\/www.allscore.de\/shop\/wp-content\/uploads\/2021\/03\/GS61_1000px.jpg","datePublished":"2021-03-22T18:03:20+00:00","dateModified":"2024-04-25T11:02:16+00:00","description":"Geister-Schocker 61: Der Satan aus der Gruft Inhalt: Als Antonia de Morocco aus dem spanischen Schloss ihrer reichen Familie spurlos verschwindet,","breadcrumb":{"@id":"https:\/\/www.allscore.de\/shop\/en\/produkt\/geister-schocker-61-der-satan-aus-der-gruft\/#breadcrumb"},"inLanguage":"en-US","potentialAction":[{"@type":"ReadAction","target":["https:\/\/www.allscore.de\/shop\/en\/produkt\/geister-schocker-61-der-satan-aus-der-gruft\/"]}]},{"@type":"ImageObject","inLanguage":"en-US","@id":"https:\/\/www.allscore.de\/shop\/en\/produkt\/geister-schocker-61-der-satan-aus-der-gruft\/#primaryimage","url":"https:\/\/www.allscore.de\/shop\/wp-content\/uploads\/2021\/03\/GS61_1000px.jpg","contentUrl":"https:\/\/www.allscore.de\/shop\/wp-content\/uploads\/2021\/03\/GS61_1000px.jpg","width":1000,"height":1000,"caption":"Geister-Schocker (61): Der Satan aus der Gruft"},{"@type":"BreadcrumbList","@id":"https:\/\/www.allscore.de\/shop\/en\/produkt\/geister-schocker-61-der-satan-aus-der-gruft\/#breadcrumb","itemListElement":[{"@type":"ListItem","position":1,"name":"Startseite","item":"https:\/\/www.allscore.de\/shop\/en\/"},{"@type":"ListItem","position":2,"name":"Products","item":"https:\/\/www.allscore.de\/shop\/en\/shop\/"},{"@type":"ListItem","position":3,"name":"Geister-Schocker 61: Der Satan aus der Gruft"}]},{"@type":"WebSite","@id":"https:\/\/www.allscore.de\/shop\/en\/#website","url":"https:\/\/www.allscore.de\/shop\/en\/","name":"Allscore Shop","description":"All Score Media","publisher":{"@id":"https:\/\/www.allscore.de\/shop\/en\/#organization"},"potentialAction":[{"@type":"SearchAction","target":{"@type":"EntryPoint","urlTemplate":"https:\/\/www.allscore.de\/shop\/en\/?s={search_term_string}"},"query-input":{"@type":"PropertyValueSpecification","valueRequired":true,"valueName":"search_term_string"}}],"inLanguage":"en-US"},{"@type":"Organization","@id":"https:\/\/www.allscore.de\/shop\/en\/#organization","name":"All Score Media","alternateName":"Allscore","url":"https:\/\/www.allscore.de\/shop\/en\/","logo":{"@type":"ImageObject","inLanguage":"en-US","@id":"https:\/\/www.allscore.de\/shop\/en\/#\/schema\/logo\/image\/","url":"https:\/\/www.allscore.de\/shop\/wp-content\/uploads\/2026\/01\/Logo_Yoast_Shop_2026.png","contentUrl":"https:\/\/www.allscore.de\/shop\/wp-content\/uploads\/2026\/01\/Logo_Yoast_Shop_2026.png","width":696,"height":696,"caption":"All Score Media"},"image":{"@id":"https:\/\/www.allscore.de\/shop\/en\/#\/schema\/logo\/image\/"}}]}},"_links":{"self":[{"href":"https:\/\/www.allscore.de\/shop\/en\/wp-json\/wp\/v2\/product\/9628","targetHints":{"allow":["GET"]}}],"collection":[{"href":"https:\/\/www.allscore.de\/shop\/en\/wp-json\/wp\/v2\/product"}],"about":[{"href":"https:\/\/www.allscore.de\/shop\/en\/wp-json\/wp\/v2\/types\/product"}],"wp:featuredmedia":[{"embeddable":true,"href":"https:\/\/www.allscore.de\/shop\/en\/wp-json\/wp\/v2\/media\/9349"}],"wp:attachment":[{"href":"https:\/\/www.allscore.de\/shop\/en\/wp-json\/wp\/v2\/media?parent=9628"}],"wp:term":[{"taxonomy":"product_brand","embeddable":true,"href":"https:\/\/www.allscore.de\/shop\/en\/wp-json\/wp\/v2\/product_brand?post=9628"},{"taxonomy":"product_cat","embeddable":true,"href":"https:\/\/www.allscore.de\/shop\/en\/wp-json\/wp\/v2\/product_cat?post=9628"},{"taxonomy":"product_tag","embeddable":true,"href":"https:\/\/www.allscore.de\/shop\/en\/wp-json\/wp\/v2\/product_tag?post=9628"}],"curies":[{"name":"wp","href":"https:\/\/api.w.org\/{rel}","templated":true}]}}