{"id":9594,"date":"2013-09-25T16:38:27","date_gmt":"2021-03-22T15:38:27","guid":{"rendered":"https:\/\/www.allscore.de\/shop\/?post_type=product&#038;p=9594"},"modified":"2024-04-24T19:18:38","modified_gmt":"2024-04-24T17:18:38","slug":"geister-schocker-44-der-geist-vom-koelner-dom","status":"publish","type":"product","link":"https:\/\/www.allscore.de\/shop\/en\/produkt\/geister-schocker-44-der-geist-vom-koelner-dom\/","title":{"rendered":"Geister-Schocker 44: Der Geist vom K\u00f6lner Dom"},"content":{"rendered":"<p>Geister-Schocker 44: Der Geist vom K\u00f6lner Dom<\/p>\n<p><strong><u>Inhalt:<br \/>\n<\/u><\/strong>Der K\u00f6lner Dom ist das architektonische Wahrzeichen der Stadt. Zu seinen Sch\u00e4tzen geh\u00f6ren neben dem Gero-Kreuz (Ende 10. Jh.), dem Chorgest\u00fchl (14. Jh.), und einem Altar von Stephan Lochner (1445) der Dreik\u00f6nigsschrein (um 1200). Doch auch \u00fcber dieses gotische Bauwerk erz\u00e4hlt man sich viele schaurige Geschichten. Eine davon ist die vom Geist des Dombaumeisters Gerhard von Ryle, der keine Ruhe findet und auch in der Gegenwart sein Unwesen treibt. Ich, Christoph Schwarz, wurde von dem Domkapitel beauftragt, dem Spuk ein Ende zu bereiten und meine Ermittlungen f\u00fchren mich auch auf eine Zeitreise in das Jahr 1260 &#8230;<\/p>\n<p><strong><u>Sprecher:<br \/>\n<\/u><\/strong>Sascha Rotermund, Karen Schulz-Vobach, Marie Bierstedt, Till Hagen, Petra Mott, Henry K\u00f6nig, Andi Kr\u00f6sing, Wolfgang R\u00fcter, Tom Jacobs, Oliver Baumann, Bert Stevens, Michael Beyer<\/p>\n<p><strong><u>Autor:<br \/>\n<\/u><\/strong>G. Arentzen<\/p>\n","protected":false},"excerpt":{"rendered":"<p>Geister-Schocker 44: Der Geist vom K\u00f6lner Dom Inhalt: Der K\u00f6lner Dom ist das architektonische Wahrzeichen der Stadt. Zu seinen Sch\u00e4tzen geh\u00f6ren neben dem Gero-Kreuz (Ende 10. Jh.), dem Chorgest\u00fchl (14. Jh.), und einem Altar von Stephan Lochner (1445) der Dreik\u00f6nigsschrein (um 1200). Doch auch \u00fcber dieses gotische Bauwerk erz\u00e4hlt man sich viele schaurige Geschichten. Eine&#8230;<\/p>\n<p><a rel=\"bookmark\" class=\"vonzot-button-simple wvc-button wvc-button-size-sm\" href=\"https:\/\/www.allscore.de\/shop\/en\/produkt\/geister-schocker-44-der-geist-vom-koelner-dom\/\"><span>Read more<\/span><\/a><\/p>\n","protected":false},"featured_media":9463,"template":"","meta":[],"product_brand":[],"product_cat":[199,409],"product_tag":[],"class_list":{"0":"post-9594","1":"product","2":"type-product","3":"status-publish","4":"has-post-thumbnail","6":"product_cat-hoerspiele-en","7":"product_cat-geister-schocker-en","8":"product_shipping_class-tontraeger-cd-en","9":"entry","10":"clearfix","11":"entry-grid","12":"entry-columns-3","13":"entry-product-module-layout-sidebar-right","14":"thumbnail-color-tone-dark","15":"entry-product","17":"entry-product-grid","19":"first","20":"instock","21":"taxable","22":"shipping-taxable","23":"purchasable","24":"product-type-simple"},"yoast_head":"<!-- This site is optimized with the Yoast SEO plugin v27.4 - https:\/\/yoast.com\/product\/yoast-seo-wordpress\/ -->\n<title>Geister-Schocker 44: Der Geist vom K\u00f6lner Dom<\/title>\n<meta name=\"description\" content=\"Geister-Schocker 44: Der Geist vom K\u00f6lner Dom Inhalt: Der K\u00f6lner Dom ist das architektonische Wahrzeichen der Stadt. Zu seinen Sch\u00e4tzen geh\u00f6ren neben dem\" \/>\n<meta name=\"robots\" content=\"index, follow, max-snippet:-1, max-image-preview:large, max-video-preview:-1\" \/>\n<link rel=\"canonical\" href=\"https:\/\/www.allscore.de\/shop\/en\/produkt\/geister-schocker-44-der-geist-vom-koelner-dom\/\" \/>\n<meta property=\"og:locale\" content=\"en_US\" \/>\n<meta property=\"og:type\" content=\"article\" \/>\n<meta property=\"og:title\" content=\"Geister-Schocker 44: Der Geist vom K\u00f6lner Dom\" \/>\n<meta property=\"og:description\" content=\"Geister-Schocker 44: Der Geist vom K\u00f6lner Dom Inhalt: Der K\u00f6lner Dom ist das architektonische Wahrzeichen der Stadt. Zu seinen Sch\u00e4tzen geh\u00f6ren neben dem\" \/>\n<meta property=\"og:url\" content=\"https:\/\/www.allscore.de\/shop\/en\/produkt\/geister-schocker-44-der-geist-vom-koelner-dom\/\" \/>\n<meta property=\"og:site_name\" content=\"Allscore Shop\" \/>\n<meta property=\"article:modified_time\" content=\"2024-04-24T17:18:38+00:00\" \/>\n<meta property=\"og:image\" content=\"https:\/\/www.allscore.de\/shop\/wp-content\/uploads\/2021\/03\/GS44_1000px.jpg\" \/>\n\t<meta property=\"og:image:width\" content=\"1000\" \/>\n\t<meta property=\"og:image:height\" content=\"1000\" \/>\n\t<meta property=\"og:image:type\" content=\"image\/jpeg\" \/>\n<meta name=\"twitter:card\" content=\"summary_large_image\" \/>\n<meta name=\"twitter:label1\" content=\"Est. reading time\" \/>\n\t<meta name=\"twitter:data1\" content=\"1 minute\" \/>\n<script type=\"application\/ld+json\" class=\"yoast-schema-graph\">{\"@context\":\"https:\\\/\\\/schema.org\",\"@graph\":[{\"@type\":\"WebPage\",\"@id\":\"https:\\\/\\\/www.allscore.de\\\/shop\\\/en\\\/produkt\\\/geister-schocker-44-der-geist-vom-koelner-dom\\\/\",\"url\":\"https:\\\/\\\/www.allscore.de\\\/shop\\\/en\\\/produkt\\\/geister-schocker-44-der-geist-vom-koelner-dom\\\/\",\"name\":\"Geister-Schocker 44: Der Geist vom K\u00f6lner Dom\",\"isPartOf\":{\"@id\":\"https:\\\/\\\/www.allscore.de\\\/shop\\\/en\\\/#website\"},\"primaryImageOfPage\":{\"@id\":\"https:\\\/\\\/www.allscore.de\\\/shop\\\/en\\\/produkt\\\/geister-schocker-44-der-geist-vom-koelner-dom\\\/#primaryimage\"},\"image\":{\"@id\":\"https:\\\/\\\/www.allscore.de\\\/shop\\\/en\\\/produkt\\\/geister-schocker-44-der-geist-vom-koelner-dom\\\/#primaryimage\"},\"thumbnailUrl\":\"https:\\\/\\\/www.allscore.de\\\/shop\\\/wp-content\\\/uploads\\\/2021\\\/03\\\/GS44_1000px.jpg\",\"datePublished\":\"2021-03-22T15:38:27+00:00\",\"dateModified\":\"2024-04-24T17:18:38+00:00\",\"description\":\"Geister-Schocker 44: Der Geist vom K\u00f6lner Dom Inhalt: Der K\u00f6lner Dom ist das architektonische Wahrzeichen der Stadt. Zu seinen Sch\u00e4tzen geh\u00f6ren neben dem\",\"breadcrumb\":{\"@id\":\"https:\\\/\\\/www.allscore.de\\\/shop\\\/en\\\/produkt\\\/geister-schocker-44-der-geist-vom-koelner-dom\\\/#breadcrumb\"},\"inLanguage\":\"en-US\",\"potentialAction\":[{\"@type\":\"ReadAction\",\"target\":[\"https:\\\/\\\/www.allscore.de\\\/shop\\\/en\\\/produkt\\\/geister-schocker-44-der-geist-vom-koelner-dom\\\/\"]}]},{\"@type\":\"ImageObject\",\"inLanguage\":\"en-US\",\"@id\":\"https:\\\/\\\/www.allscore.de\\\/shop\\\/en\\\/produkt\\\/geister-schocker-44-der-geist-vom-koelner-dom\\\/#primaryimage\",\"url\":\"https:\\\/\\\/www.allscore.de\\\/shop\\\/wp-content\\\/uploads\\\/2021\\\/03\\\/GS44_1000px.jpg\",\"contentUrl\":\"https:\\\/\\\/www.allscore.de\\\/shop\\\/wp-content\\\/uploads\\\/2021\\\/03\\\/GS44_1000px.jpg\",\"width\":1000,\"height\":1000,\"caption\":\"Geister-Schocker (44): Der Geist vom K\u00f6lner Dom\"},{\"@type\":\"BreadcrumbList\",\"@id\":\"https:\\\/\\\/www.allscore.de\\\/shop\\\/en\\\/produkt\\\/geister-schocker-44-der-geist-vom-koelner-dom\\\/#breadcrumb\",\"itemListElement\":[{\"@type\":\"ListItem\",\"position\":1,\"name\":\"Startseite\",\"item\":\"https:\\\/\\\/www.allscore.de\\\/shop\\\/en\\\/\"},{\"@type\":\"ListItem\",\"position\":2,\"name\":\"Products\",\"item\":\"https:\\\/\\\/www.allscore.de\\\/shop\\\/en\\\/shop\\\/\"},{\"@type\":\"ListItem\",\"position\":3,\"name\":\"Geister-Schocker 44: Der Geist vom K\u00f6lner Dom\"}]},{\"@type\":\"WebSite\",\"@id\":\"https:\\\/\\\/www.allscore.de\\\/shop\\\/en\\\/#website\",\"url\":\"https:\\\/\\\/www.allscore.de\\\/shop\\\/en\\\/\",\"name\":\"Allscore Shop\",\"description\":\"All Score Media\",\"publisher\":{\"@id\":\"https:\\\/\\\/www.allscore.de\\\/shop\\\/en\\\/#organization\"},\"potentialAction\":[{\"@type\":\"SearchAction\",\"target\":{\"@type\":\"EntryPoint\",\"urlTemplate\":\"https:\\\/\\\/www.allscore.de\\\/shop\\\/en\\\/?s={search_term_string}\"},\"query-input\":{\"@type\":\"PropertyValueSpecification\",\"valueRequired\":true,\"valueName\":\"search_term_string\"}}],\"inLanguage\":\"en-US\"},{\"@type\":\"Organization\",\"@id\":\"https:\\\/\\\/www.allscore.de\\\/shop\\\/en\\\/#organization\",\"name\":\"All Score Media\",\"alternateName\":\"Allscore\",\"url\":\"https:\\\/\\\/www.allscore.de\\\/shop\\\/en\\\/\",\"logo\":{\"@type\":\"ImageObject\",\"inLanguage\":\"en-US\",\"@id\":\"https:\\\/\\\/www.allscore.de\\\/shop\\\/en\\\/#\\\/schema\\\/logo\\\/image\\\/\",\"url\":\"https:\\\/\\\/www.allscore.de\\\/shop\\\/wp-content\\\/uploads\\\/2026\\\/01\\\/Logo_Yoast_Shop_2026.png\",\"contentUrl\":\"https:\\\/\\\/www.allscore.de\\\/shop\\\/wp-content\\\/uploads\\\/2026\\\/01\\\/Logo_Yoast_Shop_2026.png\",\"width\":696,\"height\":696,\"caption\":\"All Score Media\"},\"image\":{\"@id\":\"https:\\\/\\\/www.allscore.de\\\/shop\\\/en\\\/#\\\/schema\\\/logo\\\/image\\\/\"}}]}<\/script>\n<!-- \/ Yoast SEO plugin. -->","yoast_head_json":{"title":"Geister-Schocker 44: Der Geist vom K\u00f6lner Dom","description":"Geister-Schocker 44: Der Geist vom K\u00f6lner Dom Inhalt: Der K\u00f6lner Dom ist das architektonische Wahrzeichen der Stadt. Zu seinen Sch\u00e4tzen geh\u00f6ren neben dem","robots":{"index":"index","follow":"follow","max-snippet":"max-snippet:-1","max-image-preview":"max-image-preview:large","max-video-preview":"max-video-preview:-1"},"canonical":"https:\/\/www.allscore.de\/shop\/en\/produkt\/geister-schocker-44-der-geist-vom-koelner-dom\/","og_locale":"en_US","og_type":"article","og_title":"Geister-Schocker 44: Der Geist vom K\u00f6lner Dom","og_description":"Geister-Schocker 44: Der Geist vom K\u00f6lner Dom Inhalt: Der K\u00f6lner Dom ist das architektonische Wahrzeichen der Stadt. Zu seinen Sch\u00e4tzen geh\u00f6ren neben dem","og_url":"https:\/\/www.allscore.de\/shop\/en\/produkt\/geister-schocker-44-der-geist-vom-koelner-dom\/","og_site_name":"Allscore Shop","article_modified_time":"2024-04-24T17:18:38+00:00","og_image":[{"width":1000,"height":1000,"url":"https:\/\/www.allscore.de\/shop\/wp-content\/uploads\/2021\/03\/GS44_1000px.jpg","type":"image\/jpeg"}],"twitter_card":"summary_large_image","twitter_misc":{"Est. reading time":"1 minute"},"schema":{"@context":"https:\/\/schema.org","@graph":[{"@type":"WebPage","@id":"https:\/\/www.allscore.de\/shop\/en\/produkt\/geister-schocker-44-der-geist-vom-koelner-dom\/","url":"https:\/\/www.allscore.de\/shop\/en\/produkt\/geister-schocker-44-der-geist-vom-koelner-dom\/","name":"Geister-Schocker 44: Der Geist vom K\u00f6lner Dom","isPartOf":{"@id":"https:\/\/www.allscore.de\/shop\/en\/#website"},"primaryImageOfPage":{"@id":"https:\/\/www.allscore.de\/shop\/en\/produkt\/geister-schocker-44-der-geist-vom-koelner-dom\/#primaryimage"},"image":{"@id":"https:\/\/www.allscore.de\/shop\/en\/produkt\/geister-schocker-44-der-geist-vom-koelner-dom\/#primaryimage"},"thumbnailUrl":"https:\/\/www.allscore.de\/shop\/wp-content\/uploads\/2021\/03\/GS44_1000px.jpg","datePublished":"2021-03-22T15:38:27+00:00","dateModified":"2024-04-24T17:18:38+00:00","description":"Geister-Schocker 44: Der Geist vom K\u00f6lner Dom Inhalt: Der K\u00f6lner Dom ist das architektonische Wahrzeichen der Stadt. Zu seinen Sch\u00e4tzen geh\u00f6ren neben dem","breadcrumb":{"@id":"https:\/\/www.allscore.de\/shop\/en\/produkt\/geister-schocker-44-der-geist-vom-koelner-dom\/#breadcrumb"},"inLanguage":"en-US","potentialAction":[{"@type":"ReadAction","target":["https:\/\/www.allscore.de\/shop\/en\/produkt\/geister-schocker-44-der-geist-vom-koelner-dom\/"]}]},{"@type":"ImageObject","inLanguage":"en-US","@id":"https:\/\/www.allscore.de\/shop\/en\/produkt\/geister-schocker-44-der-geist-vom-koelner-dom\/#primaryimage","url":"https:\/\/www.allscore.de\/shop\/wp-content\/uploads\/2021\/03\/GS44_1000px.jpg","contentUrl":"https:\/\/www.allscore.de\/shop\/wp-content\/uploads\/2021\/03\/GS44_1000px.jpg","width":1000,"height":1000,"caption":"Geister-Schocker (44): Der Geist vom K\u00f6lner Dom"},{"@type":"BreadcrumbList","@id":"https:\/\/www.allscore.de\/shop\/en\/produkt\/geister-schocker-44-der-geist-vom-koelner-dom\/#breadcrumb","itemListElement":[{"@type":"ListItem","position":1,"name":"Startseite","item":"https:\/\/www.allscore.de\/shop\/en\/"},{"@type":"ListItem","position":2,"name":"Products","item":"https:\/\/www.allscore.de\/shop\/en\/shop\/"},{"@type":"ListItem","position":3,"name":"Geister-Schocker 44: Der Geist vom K\u00f6lner Dom"}]},{"@type":"WebSite","@id":"https:\/\/www.allscore.de\/shop\/en\/#website","url":"https:\/\/www.allscore.de\/shop\/en\/","name":"Allscore Shop","description":"All Score Media","publisher":{"@id":"https:\/\/www.allscore.de\/shop\/en\/#organization"},"potentialAction":[{"@type":"SearchAction","target":{"@type":"EntryPoint","urlTemplate":"https:\/\/www.allscore.de\/shop\/en\/?s={search_term_string}"},"query-input":{"@type":"PropertyValueSpecification","valueRequired":true,"valueName":"search_term_string"}}],"inLanguage":"en-US"},{"@type":"Organization","@id":"https:\/\/www.allscore.de\/shop\/en\/#organization","name":"All Score Media","alternateName":"Allscore","url":"https:\/\/www.allscore.de\/shop\/en\/","logo":{"@type":"ImageObject","inLanguage":"en-US","@id":"https:\/\/www.allscore.de\/shop\/en\/#\/schema\/logo\/image\/","url":"https:\/\/www.allscore.de\/shop\/wp-content\/uploads\/2026\/01\/Logo_Yoast_Shop_2026.png","contentUrl":"https:\/\/www.allscore.de\/shop\/wp-content\/uploads\/2026\/01\/Logo_Yoast_Shop_2026.png","width":696,"height":696,"caption":"All Score Media"},"image":{"@id":"https:\/\/www.allscore.de\/shop\/en\/#\/schema\/logo\/image\/"}}]}},"_links":{"self":[{"href":"https:\/\/www.allscore.de\/shop\/en\/wp-json\/wp\/v2\/product\/9594","targetHints":{"allow":["GET"]}}],"collection":[{"href":"https:\/\/www.allscore.de\/shop\/en\/wp-json\/wp\/v2\/product"}],"about":[{"href":"https:\/\/www.allscore.de\/shop\/en\/wp-json\/wp\/v2\/types\/product"}],"wp:featuredmedia":[{"embeddable":true,"href":"https:\/\/www.allscore.de\/shop\/en\/wp-json\/wp\/v2\/media\/9463"}],"wp:attachment":[{"href":"https:\/\/www.allscore.de\/shop\/en\/wp-json\/wp\/v2\/media?parent=9594"}],"wp:term":[{"taxonomy":"product_brand","embeddable":true,"href":"https:\/\/www.allscore.de\/shop\/en\/wp-json\/wp\/v2\/product_brand?post=9594"},{"taxonomy":"product_cat","embeddable":true,"href":"https:\/\/www.allscore.de\/shop\/en\/wp-json\/wp\/v2\/product_cat?post=9594"},{"taxonomy":"product_tag","embeddable":true,"href":"https:\/\/www.allscore.de\/shop\/en\/wp-json\/wp\/v2\/product_tag?post=9594"}],"curies":[{"name":"wp","href":"https:\/\/api.w.org\/{rel}","templated":true}]}}