{"id":9582,"date":"2013-03-04T16:20:38","date_gmt":"2021-03-22T15:20:38","guid":{"rendered":"https:\/\/www.allscore.de\/shop\/?post_type=product&#038;p=9582"},"modified":"2024-04-24T19:11:30","modified_gmt":"2024-04-24T17:11:30","slug":"geister-schocker-38-schatz-der-verfluchten","status":"publish","type":"product","link":"https:\/\/www.allscore.de\/shop\/en\/produkt\/geister-schocker-38-schatz-der-verfluchten\/","title":{"rendered":"Geister-Schocker 38: Schatz der Verfluchten"},"content":{"rendered":"<p>Geister-Schocker 38: Schatz der Verfluchten<\/p>\n<p><strong><u>Inhalt:<br \/>\n<\/u><\/strong>Unweit von Worms werden bei Bauarbeiten Goldm\u00fcnzen aus der Zeit der Burgunden gefunden.\u00a0 Die herbeigerufenen Historiker und Arch\u00e4ologen sind sich sicher, dass diese M\u00fcnzen zum sagenumwobenen und verfluchten Nibelungenschatz geh\u00f6ren. Als kurz darauf einer der Bauarbeiter stirbt, glaubt man noch an einen Unfall. Doch die unheimliche Serie von Todesf\u00e4llen bricht nicht ab. Jeder der eine der M\u00fcnzen ber\u00fchrt, stirbt auf grauenvolle Weise. Zusammen mit meiner Freundin Nadine Weyer, die einen Zeitungsbericht schreiben soll, mache ich mich auf den Weg zum Fundort und wir entdecken dabei ein schreckliches Geheimnis &#8230;<\/p>\n<p><strong><u>Sprecher:<br \/>\n<\/u><\/strong>Sascha Rotermund, Marie Bierstedt, Detlef Bierstedt, Petra Mott, Helgo Liebig, Susan Weckauf, Leon Boden, David Riedel, Johannes Berenz, Wolfgang Rositzka u.a.<\/p>\n<p><strong><u>Autor:<br \/>\n<\/u><\/strong>G. Arentzen<\/p>\n","protected":false},"excerpt":{"rendered":"<p>Geister-Schocker 38: Schatz der Verfluchten Inhalt: Unweit von Worms werden bei Bauarbeiten Goldm\u00fcnzen aus der Zeit der Burgunden gefunden.\u00a0 Die herbeigerufenen Historiker und Arch\u00e4ologen sind sich sicher, dass diese M\u00fcnzen zum sagenumwobenen und verfluchten Nibelungenschatz geh\u00f6ren. Als kurz darauf einer der Bauarbeiter stirbt, glaubt man noch an einen Unfall. Doch die unheimliche Serie von Todesf\u00e4llen&#8230;<\/p>\n<p><a rel=\"bookmark\" class=\"vonzot-button-simple wvc-button wvc-button-size-sm\" href=\"https:\/\/www.allscore.de\/shop\/en\/produkt\/geister-schocker-38-schatz-der-verfluchten\/\"><span>Read more<\/span><\/a><\/p>\n","protected":false},"featured_media":9451,"template":"","meta":[],"product_brand":[],"product_cat":[199,409,429],"product_tag":[],"class_list":{"0":"post-9582","1":"product","2":"type-product","3":"status-publish","4":"has-post-thumbnail","6":"product_cat-hoerspiele-en","7":"product_cat-geister-schocker-en","8":"product_cat-rarities-en","9":"product_shipping_class-tontraeger-cd-en","10":"entry","11":"clearfix","12":"entry-grid","13":"entry-columns-3","14":"entry-product-module-layout-sidebar-right","15":"thumbnail-color-tone-dark","16":"entry-product","18":"entry-product-grid","20":"first","21":"outofstock","22":"taxable","23":"shipping-taxable","24":"purchasable","25":"product-type-simple"},"yoast_head":"<!-- This site is optimized with the Yoast SEO plugin v27.4 - https:\/\/yoast.com\/product\/yoast-seo-wordpress\/ -->\n<title>Geister-Schocker 38: Schatz der Verfluchten<\/title>\n<meta name=\"description\" content=\"Geister-Schocker 38: Schatz der Verfluchten Inhalt: Unweit von Worms werden bei Bauarbeiten Goldm\u00fcnzen aus der Zeit der Burgunden gefunden.\u00a0 Die\" \/>\n<meta name=\"robots\" content=\"index, follow, max-snippet:-1, max-image-preview:large, max-video-preview:-1\" \/>\n<link rel=\"canonical\" href=\"https:\/\/www.allscore.de\/shop\/en\/produkt\/geister-schocker-38-schatz-der-verfluchten\/\" \/>\n<meta property=\"og:locale\" content=\"en_US\" \/>\n<meta property=\"og:type\" content=\"article\" \/>\n<meta property=\"og:title\" content=\"Geister-Schocker 38: Schatz der Verfluchten\" \/>\n<meta property=\"og:description\" content=\"Geister-Schocker 38: Schatz der Verfluchten Inhalt: Unweit von Worms werden bei Bauarbeiten Goldm\u00fcnzen aus der Zeit der Burgunden gefunden.\u00a0 Die\" \/>\n<meta property=\"og:url\" content=\"https:\/\/www.allscore.de\/shop\/en\/produkt\/geister-schocker-38-schatz-der-verfluchten\/\" \/>\n<meta property=\"og:site_name\" content=\"Allscore Shop\" \/>\n<meta property=\"article:modified_time\" content=\"2024-04-24T17:11:30+00:00\" \/>\n<meta property=\"og:image\" content=\"https:\/\/www.allscore.de\/shop\/wp-content\/uploads\/2021\/03\/GS38_1000px.jpg\" \/>\n\t<meta property=\"og:image:width\" content=\"1000\" \/>\n\t<meta property=\"og:image:height\" content=\"1000\" \/>\n\t<meta property=\"og:image:type\" content=\"image\/jpeg\" \/>\n<meta name=\"twitter:card\" content=\"summary_large_image\" \/>\n<meta name=\"twitter:label1\" content=\"Est. reading time\" \/>\n\t<meta name=\"twitter:data1\" content=\"1 minute\" \/>\n<script type=\"application\/ld+json\" class=\"yoast-schema-graph\">{\"@context\":\"https:\\\/\\\/schema.org\",\"@graph\":[{\"@type\":\"WebPage\",\"@id\":\"https:\\\/\\\/www.allscore.de\\\/shop\\\/en\\\/produkt\\\/geister-schocker-38-schatz-der-verfluchten\\\/\",\"url\":\"https:\\\/\\\/www.allscore.de\\\/shop\\\/en\\\/produkt\\\/geister-schocker-38-schatz-der-verfluchten\\\/\",\"name\":\"Geister-Schocker 38: Schatz der Verfluchten\",\"isPartOf\":{\"@id\":\"https:\\\/\\\/www.allscore.de\\\/shop\\\/en\\\/#website\"},\"primaryImageOfPage\":{\"@id\":\"https:\\\/\\\/www.allscore.de\\\/shop\\\/en\\\/produkt\\\/geister-schocker-38-schatz-der-verfluchten\\\/#primaryimage\"},\"image\":{\"@id\":\"https:\\\/\\\/www.allscore.de\\\/shop\\\/en\\\/produkt\\\/geister-schocker-38-schatz-der-verfluchten\\\/#primaryimage\"},\"thumbnailUrl\":\"https:\\\/\\\/www.allscore.de\\\/shop\\\/wp-content\\\/uploads\\\/2021\\\/03\\\/GS38_1000px.jpg\",\"datePublished\":\"2021-03-22T15:20:38+00:00\",\"dateModified\":\"2024-04-24T17:11:30+00:00\",\"description\":\"Geister-Schocker 38: Schatz der Verfluchten Inhalt: Unweit von Worms werden bei Bauarbeiten Goldm\u00fcnzen aus der Zeit der Burgunden gefunden.\u00a0 Die\",\"breadcrumb\":{\"@id\":\"https:\\\/\\\/www.allscore.de\\\/shop\\\/en\\\/produkt\\\/geister-schocker-38-schatz-der-verfluchten\\\/#breadcrumb\"},\"inLanguage\":\"en-US\",\"potentialAction\":[{\"@type\":\"ReadAction\",\"target\":[\"https:\\\/\\\/www.allscore.de\\\/shop\\\/en\\\/produkt\\\/geister-schocker-38-schatz-der-verfluchten\\\/\"]}]},{\"@type\":\"ImageObject\",\"inLanguage\":\"en-US\",\"@id\":\"https:\\\/\\\/www.allscore.de\\\/shop\\\/en\\\/produkt\\\/geister-schocker-38-schatz-der-verfluchten\\\/#primaryimage\",\"url\":\"https:\\\/\\\/www.allscore.de\\\/shop\\\/wp-content\\\/uploads\\\/2021\\\/03\\\/GS38_1000px.jpg\",\"contentUrl\":\"https:\\\/\\\/www.allscore.de\\\/shop\\\/wp-content\\\/uploads\\\/2021\\\/03\\\/GS38_1000px.jpg\",\"width\":1000,\"height\":1000,\"caption\":\"Geister-Schocker (38): Schatz der Verfluchten\"},{\"@type\":\"BreadcrumbList\",\"@id\":\"https:\\\/\\\/www.allscore.de\\\/shop\\\/en\\\/produkt\\\/geister-schocker-38-schatz-der-verfluchten\\\/#breadcrumb\",\"itemListElement\":[{\"@type\":\"ListItem\",\"position\":1,\"name\":\"Startseite\",\"item\":\"https:\\\/\\\/www.allscore.de\\\/shop\\\/en\\\/\"},{\"@type\":\"ListItem\",\"position\":2,\"name\":\"Products\",\"item\":\"https:\\\/\\\/www.allscore.de\\\/shop\\\/en\\\/shop\\\/\"},{\"@type\":\"ListItem\",\"position\":3,\"name\":\"Geister-Schocker 38: Schatz der Verfluchten\"}]},{\"@type\":\"WebSite\",\"@id\":\"https:\\\/\\\/www.allscore.de\\\/shop\\\/en\\\/#website\",\"url\":\"https:\\\/\\\/www.allscore.de\\\/shop\\\/en\\\/\",\"name\":\"Allscore Shop\",\"description\":\"All Score Media\",\"publisher\":{\"@id\":\"https:\\\/\\\/www.allscore.de\\\/shop\\\/en\\\/#organization\"},\"potentialAction\":[{\"@type\":\"SearchAction\",\"target\":{\"@type\":\"EntryPoint\",\"urlTemplate\":\"https:\\\/\\\/www.allscore.de\\\/shop\\\/en\\\/?s={search_term_string}\"},\"query-input\":{\"@type\":\"PropertyValueSpecification\",\"valueRequired\":true,\"valueName\":\"search_term_string\"}}],\"inLanguage\":\"en-US\"},{\"@type\":\"Organization\",\"@id\":\"https:\\\/\\\/www.allscore.de\\\/shop\\\/en\\\/#organization\",\"name\":\"All Score Media\",\"alternateName\":\"Allscore\",\"url\":\"https:\\\/\\\/www.allscore.de\\\/shop\\\/en\\\/\",\"logo\":{\"@type\":\"ImageObject\",\"inLanguage\":\"en-US\",\"@id\":\"https:\\\/\\\/www.allscore.de\\\/shop\\\/en\\\/#\\\/schema\\\/logo\\\/image\\\/\",\"url\":\"https:\\\/\\\/www.allscore.de\\\/shop\\\/wp-content\\\/uploads\\\/2026\\\/01\\\/Logo_Yoast_Shop_2026.png\",\"contentUrl\":\"https:\\\/\\\/www.allscore.de\\\/shop\\\/wp-content\\\/uploads\\\/2026\\\/01\\\/Logo_Yoast_Shop_2026.png\",\"width\":696,\"height\":696,\"caption\":\"All Score Media\"},\"image\":{\"@id\":\"https:\\\/\\\/www.allscore.de\\\/shop\\\/en\\\/#\\\/schema\\\/logo\\\/image\\\/\"}}]}<\/script>\n<!-- \/ Yoast SEO plugin. -->","yoast_head_json":{"title":"Geister-Schocker 38: Schatz der Verfluchten","description":"Geister-Schocker 38: Schatz der Verfluchten Inhalt: Unweit von Worms werden bei Bauarbeiten Goldm\u00fcnzen aus der Zeit der Burgunden gefunden.\u00a0 Die","robots":{"index":"index","follow":"follow","max-snippet":"max-snippet:-1","max-image-preview":"max-image-preview:large","max-video-preview":"max-video-preview:-1"},"canonical":"https:\/\/www.allscore.de\/shop\/en\/produkt\/geister-schocker-38-schatz-der-verfluchten\/","og_locale":"en_US","og_type":"article","og_title":"Geister-Schocker 38: Schatz der Verfluchten","og_description":"Geister-Schocker 38: Schatz der Verfluchten Inhalt: Unweit von Worms werden bei Bauarbeiten Goldm\u00fcnzen aus der Zeit der Burgunden gefunden.\u00a0 Die","og_url":"https:\/\/www.allscore.de\/shop\/en\/produkt\/geister-schocker-38-schatz-der-verfluchten\/","og_site_name":"Allscore Shop","article_modified_time":"2024-04-24T17:11:30+00:00","og_image":[{"width":1000,"height":1000,"url":"https:\/\/www.allscore.de\/shop\/wp-content\/uploads\/2021\/03\/GS38_1000px.jpg","type":"image\/jpeg"}],"twitter_card":"summary_large_image","twitter_misc":{"Est. reading time":"1 minute"},"schema":{"@context":"https:\/\/schema.org","@graph":[{"@type":"WebPage","@id":"https:\/\/www.allscore.de\/shop\/en\/produkt\/geister-schocker-38-schatz-der-verfluchten\/","url":"https:\/\/www.allscore.de\/shop\/en\/produkt\/geister-schocker-38-schatz-der-verfluchten\/","name":"Geister-Schocker 38: Schatz der Verfluchten","isPartOf":{"@id":"https:\/\/www.allscore.de\/shop\/en\/#website"},"primaryImageOfPage":{"@id":"https:\/\/www.allscore.de\/shop\/en\/produkt\/geister-schocker-38-schatz-der-verfluchten\/#primaryimage"},"image":{"@id":"https:\/\/www.allscore.de\/shop\/en\/produkt\/geister-schocker-38-schatz-der-verfluchten\/#primaryimage"},"thumbnailUrl":"https:\/\/www.allscore.de\/shop\/wp-content\/uploads\/2021\/03\/GS38_1000px.jpg","datePublished":"2021-03-22T15:20:38+00:00","dateModified":"2024-04-24T17:11:30+00:00","description":"Geister-Schocker 38: Schatz der Verfluchten Inhalt: Unweit von Worms werden bei Bauarbeiten Goldm\u00fcnzen aus der Zeit der Burgunden gefunden.\u00a0 Die","breadcrumb":{"@id":"https:\/\/www.allscore.de\/shop\/en\/produkt\/geister-schocker-38-schatz-der-verfluchten\/#breadcrumb"},"inLanguage":"en-US","potentialAction":[{"@type":"ReadAction","target":["https:\/\/www.allscore.de\/shop\/en\/produkt\/geister-schocker-38-schatz-der-verfluchten\/"]}]},{"@type":"ImageObject","inLanguage":"en-US","@id":"https:\/\/www.allscore.de\/shop\/en\/produkt\/geister-schocker-38-schatz-der-verfluchten\/#primaryimage","url":"https:\/\/www.allscore.de\/shop\/wp-content\/uploads\/2021\/03\/GS38_1000px.jpg","contentUrl":"https:\/\/www.allscore.de\/shop\/wp-content\/uploads\/2021\/03\/GS38_1000px.jpg","width":1000,"height":1000,"caption":"Geister-Schocker (38): Schatz der Verfluchten"},{"@type":"BreadcrumbList","@id":"https:\/\/www.allscore.de\/shop\/en\/produkt\/geister-schocker-38-schatz-der-verfluchten\/#breadcrumb","itemListElement":[{"@type":"ListItem","position":1,"name":"Startseite","item":"https:\/\/www.allscore.de\/shop\/en\/"},{"@type":"ListItem","position":2,"name":"Products","item":"https:\/\/www.allscore.de\/shop\/en\/shop\/"},{"@type":"ListItem","position":3,"name":"Geister-Schocker 38: Schatz der Verfluchten"}]},{"@type":"WebSite","@id":"https:\/\/www.allscore.de\/shop\/en\/#website","url":"https:\/\/www.allscore.de\/shop\/en\/","name":"Allscore Shop","description":"All Score Media","publisher":{"@id":"https:\/\/www.allscore.de\/shop\/en\/#organization"},"potentialAction":[{"@type":"SearchAction","target":{"@type":"EntryPoint","urlTemplate":"https:\/\/www.allscore.de\/shop\/en\/?s={search_term_string}"},"query-input":{"@type":"PropertyValueSpecification","valueRequired":true,"valueName":"search_term_string"}}],"inLanguage":"en-US"},{"@type":"Organization","@id":"https:\/\/www.allscore.de\/shop\/en\/#organization","name":"All Score Media","alternateName":"Allscore","url":"https:\/\/www.allscore.de\/shop\/en\/","logo":{"@type":"ImageObject","inLanguage":"en-US","@id":"https:\/\/www.allscore.de\/shop\/en\/#\/schema\/logo\/image\/","url":"https:\/\/www.allscore.de\/shop\/wp-content\/uploads\/2026\/01\/Logo_Yoast_Shop_2026.png","contentUrl":"https:\/\/www.allscore.de\/shop\/wp-content\/uploads\/2026\/01\/Logo_Yoast_Shop_2026.png","width":696,"height":696,"caption":"All Score Media"},"image":{"@id":"https:\/\/www.allscore.de\/shop\/en\/#\/schema\/logo\/image\/"}}]}},"_links":{"self":[{"href":"https:\/\/www.allscore.de\/shop\/en\/wp-json\/wp\/v2\/product\/9582","targetHints":{"allow":["GET"]}}],"collection":[{"href":"https:\/\/www.allscore.de\/shop\/en\/wp-json\/wp\/v2\/product"}],"about":[{"href":"https:\/\/www.allscore.de\/shop\/en\/wp-json\/wp\/v2\/types\/product"}],"wp:featuredmedia":[{"embeddable":true,"href":"https:\/\/www.allscore.de\/shop\/en\/wp-json\/wp\/v2\/media\/9451"}],"wp:attachment":[{"href":"https:\/\/www.allscore.de\/shop\/en\/wp-json\/wp\/v2\/media?parent=9582"}],"wp:term":[{"taxonomy":"product_brand","embeddable":true,"href":"https:\/\/www.allscore.de\/shop\/en\/wp-json\/wp\/v2\/product_brand?post=9582"},{"taxonomy":"product_cat","embeddable":true,"href":"https:\/\/www.allscore.de\/shop\/en\/wp-json\/wp\/v2\/product_cat?post=9582"},{"taxonomy":"product_tag","embeddable":true,"href":"https:\/\/www.allscore.de\/shop\/en\/wp-json\/wp\/v2\/product_tag?post=9582"}],"curies":[{"name":"wp","href":"https:\/\/api.w.org\/{rel}","templated":true}]}}