{"id":9580,"date":"2013-02-07T16:17:17","date_gmt":"2013-02-07T15:17:17","guid":{"rendered":"https:\/\/www.allscore.de\/shop\/?post_type=product&#038;p=9580"},"modified":"2024-04-24T19:10:23","modified_gmt":"2024-04-24T17:10:23","slug":"geister-schocker-37-das-tor-zum-jenseits","status":"publish","type":"product","link":"https:\/\/www.allscore.de\/shop\/en\/produkt\/geister-schocker-37-das-tor-zum-jenseits\/","title":{"rendered":"Geister-Schocker 37: Das Tor zum Jenseits"},"content":{"rendered":"<p>Geister-Schocker 37: Das Tor zum Jenseits<\/p>\n<p><strong><u>Inhalt:<br \/>\n<\/u><\/strong>Mit einem schmetternden Krachen schlug der waagerecht durch die Luft treibende Ast gegen die Windschutzscheibe des Kleinwagens. Der Sturm packte den Wagen, r\u00fcttelte ihn durch. Gleichzeitig rammte Bud Singleton den Fu\u00df auf das Bremspedal, als er die Frau erblickte. Sie geriet f\u00fcr Sekunden in die Scheinwerferkegel, den Mund zu einem unh\u00f6rbaren Schrei des Grauens aufgerissen, die Augen starr und riesengro\u00df in dem bleichen Gesicht. Im n\u00e4chsten Moment war sie in der Finsternis wieder verschwunden. So hatte er sich seine Ankunft auf Sherbrook Manor, dem verrufenen schottischen Geisterschloss, nicht vorgestellt. Doch dies sollte erst der Anfang einer Reihe von unerkl\u00e4rlichen Vorf\u00e4llen sein, denn die H\u00f6lle hatte ihren Schlund ge\u00f6ffnet \u2026<\/p>\n<p><strong><u>Sprecher:<br \/>\n<\/u><\/strong><span style=\"font-size: 12pt;\">Martin Sabel<br \/>\n<\/span>Wolfgang Bahro<br \/>\nOsina Jung<br \/>\nTanja Fornaro<br \/>\nGordon Piedesack<br \/>\nKirstin Schumann<br \/>\nHelmut Krauss<br \/>\nKaren Schulz Vobach<\/p>\n<p><strong><u>Autor:<br \/>\n<\/u><\/strong>Bob Collins<\/p>\n","protected":false},"excerpt":{"rendered":"<p>Geister-Schocker 37: Das Tor zum Jenseits Inhalt: Mit einem schmetternden Krachen schlug der waagerecht durch die Luft treibende Ast gegen die Windschutzscheibe des Kleinwagens. Der Sturm packte den Wagen, r\u00fcttelte ihn durch. Gleichzeitig rammte Bud Singleton den Fu\u00df auf das Bremspedal, als er die Frau erblickte. Sie geriet f\u00fcr Sekunden in die Scheinwerferkegel, den Mund&#8230;<\/p>\n<p><a rel=\"bookmark\" class=\"vonzot-button-simple wvc-button wvc-button-size-sm\" href=\"https:\/\/www.allscore.de\/shop\/en\/produkt\/geister-schocker-37-das-tor-zum-jenseits\/\"><span>Read more<\/span><\/a><\/p>\n","protected":false},"featured_media":9449,"template":"","meta":[],"product_brand":[],"product_cat":[199,409],"product_tag":[],"class_list":{"0":"post-9580","1":"product","2":"type-product","3":"status-publish","4":"has-post-thumbnail","6":"product_cat-hoerspiele-en","7":"product_cat-geister-schocker-en","8":"product_shipping_class-tontraeger-cd-en","9":"entry","10":"clearfix","11":"entry-grid","12":"entry-columns-3","13":"entry-product-module-layout-sidebar-right","14":"thumbnail-color-tone-dark","15":"entry-product","17":"entry-product-grid","19":"first","20":"instock","21":"taxable","22":"shipping-taxable","23":"purchasable","24":"product-type-simple"},"yoast_head":"<!-- This site is optimized with the Yoast SEO plugin v27.4 - https:\/\/yoast.com\/product\/yoast-seo-wordpress\/ -->\n<title>Geister-Schocker 37: Das Tor zum Jenseits<\/title>\n<meta name=\"description\" content=\"Geister-Schocker 37: Das Tor zum Jenseits Inhalt: Mit einem schmetternden Krachen schlug der waagerecht durch die Luft treibende Ast gegen die\" \/>\n<meta name=\"robots\" content=\"index, follow, max-snippet:-1, max-image-preview:large, max-video-preview:-1\" \/>\n<link rel=\"canonical\" href=\"https:\/\/www.allscore.de\/shop\/en\/produkt\/geister-schocker-37-das-tor-zum-jenseits\/\" \/>\n<meta property=\"og:locale\" content=\"en_US\" \/>\n<meta property=\"og:type\" content=\"article\" \/>\n<meta property=\"og:title\" content=\"Geister-Schocker 37: Das Tor zum Jenseits\" \/>\n<meta property=\"og:description\" content=\"Geister-Schocker 37: Das Tor zum Jenseits Inhalt: Mit einem schmetternden Krachen schlug der waagerecht durch die Luft treibende Ast gegen die\" \/>\n<meta property=\"og:url\" content=\"https:\/\/www.allscore.de\/shop\/en\/produkt\/geister-schocker-37-das-tor-zum-jenseits\/\" \/>\n<meta property=\"og:site_name\" content=\"Allscore Shop\" \/>\n<meta property=\"article:modified_time\" content=\"2024-04-24T17:10:23+00:00\" \/>\n<meta property=\"og:image\" content=\"https:\/\/www.allscore.de\/shop\/wp-content\/uploads\/2021\/03\/GS37_1000px.jpg\" \/>\n\t<meta property=\"og:image:width\" content=\"1000\" \/>\n\t<meta property=\"og:image:height\" content=\"1000\" \/>\n\t<meta property=\"og:image:type\" content=\"image\/jpeg\" \/>\n<meta name=\"twitter:card\" content=\"summary_large_image\" \/>\n<meta name=\"twitter:label1\" content=\"Est. reading time\" \/>\n\t<meta name=\"twitter:data1\" content=\"1 minute\" \/>\n<script type=\"application\/ld+json\" class=\"yoast-schema-graph\">{\"@context\":\"https:\\\/\\\/schema.org\",\"@graph\":[{\"@type\":\"WebPage\",\"@id\":\"https:\\\/\\\/www.allscore.de\\\/shop\\\/en\\\/produkt\\\/geister-schocker-37-das-tor-zum-jenseits\\\/\",\"url\":\"https:\\\/\\\/www.allscore.de\\\/shop\\\/en\\\/produkt\\\/geister-schocker-37-das-tor-zum-jenseits\\\/\",\"name\":\"Geister-Schocker 37: Das Tor zum Jenseits\",\"isPartOf\":{\"@id\":\"https:\\\/\\\/www.allscore.de\\\/shop\\\/en\\\/#website\"},\"primaryImageOfPage\":{\"@id\":\"https:\\\/\\\/www.allscore.de\\\/shop\\\/en\\\/produkt\\\/geister-schocker-37-das-tor-zum-jenseits\\\/#primaryimage\"},\"image\":{\"@id\":\"https:\\\/\\\/www.allscore.de\\\/shop\\\/en\\\/produkt\\\/geister-schocker-37-das-tor-zum-jenseits\\\/#primaryimage\"},\"thumbnailUrl\":\"https:\\\/\\\/www.allscore.de\\\/shop\\\/wp-content\\\/uploads\\\/2021\\\/03\\\/GS37_1000px.jpg\",\"datePublished\":\"2013-02-07T15:17:17+00:00\",\"dateModified\":\"2024-04-24T17:10:23+00:00\",\"description\":\"Geister-Schocker 37: Das Tor zum Jenseits Inhalt: Mit einem schmetternden Krachen schlug der waagerecht durch die Luft treibende Ast gegen die\",\"breadcrumb\":{\"@id\":\"https:\\\/\\\/www.allscore.de\\\/shop\\\/en\\\/produkt\\\/geister-schocker-37-das-tor-zum-jenseits\\\/#breadcrumb\"},\"inLanguage\":\"en-US\",\"potentialAction\":[{\"@type\":\"ReadAction\",\"target\":[\"https:\\\/\\\/www.allscore.de\\\/shop\\\/en\\\/produkt\\\/geister-schocker-37-das-tor-zum-jenseits\\\/\"]}]},{\"@type\":\"ImageObject\",\"inLanguage\":\"en-US\",\"@id\":\"https:\\\/\\\/www.allscore.de\\\/shop\\\/en\\\/produkt\\\/geister-schocker-37-das-tor-zum-jenseits\\\/#primaryimage\",\"url\":\"https:\\\/\\\/www.allscore.de\\\/shop\\\/wp-content\\\/uploads\\\/2021\\\/03\\\/GS37_1000px.jpg\",\"contentUrl\":\"https:\\\/\\\/www.allscore.de\\\/shop\\\/wp-content\\\/uploads\\\/2021\\\/03\\\/GS37_1000px.jpg\",\"width\":1000,\"height\":1000,\"caption\":\"Geister-Schocker (37): Das Tor zum Jenseits\"},{\"@type\":\"BreadcrumbList\",\"@id\":\"https:\\\/\\\/www.allscore.de\\\/shop\\\/en\\\/produkt\\\/geister-schocker-37-das-tor-zum-jenseits\\\/#breadcrumb\",\"itemListElement\":[{\"@type\":\"ListItem\",\"position\":1,\"name\":\"Startseite\",\"item\":\"https:\\\/\\\/www.allscore.de\\\/shop\\\/en\\\/\"},{\"@type\":\"ListItem\",\"position\":2,\"name\":\"Products\",\"item\":\"https:\\\/\\\/www.allscore.de\\\/shop\\\/en\\\/shop\\\/\"},{\"@type\":\"ListItem\",\"position\":3,\"name\":\"Geister-Schocker 37: Das Tor zum Jenseits\"}]},{\"@type\":\"WebSite\",\"@id\":\"https:\\\/\\\/www.allscore.de\\\/shop\\\/en\\\/#website\",\"url\":\"https:\\\/\\\/www.allscore.de\\\/shop\\\/en\\\/\",\"name\":\"Allscore Shop\",\"description\":\"All Score Media\",\"publisher\":{\"@id\":\"https:\\\/\\\/www.allscore.de\\\/shop\\\/en\\\/#organization\"},\"potentialAction\":[{\"@type\":\"SearchAction\",\"target\":{\"@type\":\"EntryPoint\",\"urlTemplate\":\"https:\\\/\\\/www.allscore.de\\\/shop\\\/en\\\/?s={search_term_string}\"},\"query-input\":{\"@type\":\"PropertyValueSpecification\",\"valueRequired\":true,\"valueName\":\"search_term_string\"}}],\"inLanguage\":\"en-US\"},{\"@type\":\"Organization\",\"@id\":\"https:\\\/\\\/www.allscore.de\\\/shop\\\/en\\\/#organization\",\"name\":\"All Score Media\",\"alternateName\":\"Allscore\",\"url\":\"https:\\\/\\\/www.allscore.de\\\/shop\\\/en\\\/\",\"logo\":{\"@type\":\"ImageObject\",\"inLanguage\":\"en-US\",\"@id\":\"https:\\\/\\\/www.allscore.de\\\/shop\\\/en\\\/#\\\/schema\\\/logo\\\/image\\\/\",\"url\":\"https:\\\/\\\/www.allscore.de\\\/shop\\\/wp-content\\\/uploads\\\/2026\\\/01\\\/Logo_Yoast_Shop_2026.png\",\"contentUrl\":\"https:\\\/\\\/www.allscore.de\\\/shop\\\/wp-content\\\/uploads\\\/2026\\\/01\\\/Logo_Yoast_Shop_2026.png\",\"width\":696,\"height\":696,\"caption\":\"All Score Media\"},\"image\":{\"@id\":\"https:\\\/\\\/www.allscore.de\\\/shop\\\/en\\\/#\\\/schema\\\/logo\\\/image\\\/\"}}]}<\/script>\n<!-- \/ Yoast SEO plugin. -->","yoast_head_json":{"title":"Geister-Schocker 37: Das Tor zum Jenseits","description":"Geister-Schocker 37: Das Tor zum Jenseits Inhalt: Mit einem schmetternden Krachen schlug der waagerecht durch die Luft treibende Ast gegen die","robots":{"index":"index","follow":"follow","max-snippet":"max-snippet:-1","max-image-preview":"max-image-preview:large","max-video-preview":"max-video-preview:-1"},"canonical":"https:\/\/www.allscore.de\/shop\/en\/produkt\/geister-schocker-37-das-tor-zum-jenseits\/","og_locale":"en_US","og_type":"article","og_title":"Geister-Schocker 37: Das Tor zum Jenseits","og_description":"Geister-Schocker 37: Das Tor zum Jenseits Inhalt: Mit einem schmetternden Krachen schlug der waagerecht durch die Luft treibende Ast gegen die","og_url":"https:\/\/www.allscore.de\/shop\/en\/produkt\/geister-schocker-37-das-tor-zum-jenseits\/","og_site_name":"Allscore Shop","article_modified_time":"2024-04-24T17:10:23+00:00","og_image":[{"width":1000,"height":1000,"url":"https:\/\/www.allscore.de\/shop\/wp-content\/uploads\/2021\/03\/GS37_1000px.jpg","type":"image\/jpeg"}],"twitter_card":"summary_large_image","twitter_misc":{"Est. reading time":"1 minute"},"schema":{"@context":"https:\/\/schema.org","@graph":[{"@type":"WebPage","@id":"https:\/\/www.allscore.de\/shop\/en\/produkt\/geister-schocker-37-das-tor-zum-jenseits\/","url":"https:\/\/www.allscore.de\/shop\/en\/produkt\/geister-schocker-37-das-tor-zum-jenseits\/","name":"Geister-Schocker 37: Das Tor zum Jenseits","isPartOf":{"@id":"https:\/\/www.allscore.de\/shop\/en\/#website"},"primaryImageOfPage":{"@id":"https:\/\/www.allscore.de\/shop\/en\/produkt\/geister-schocker-37-das-tor-zum-jenseits\/#primaryimage"},"image":{"@id":"https:\/\/www.allscore.de\/shop\/en\/produkt\/geister-schocker-37-das-tor-zum-jenseits\/#primaryimage"},"thumbnailUrl":"https:\/\/www.allscore.de\/shop\/wp-content\/uploads\/2021\/03\/GS37_1000px.jpg","datePublished":"2013-02-07T15:17:17+00:00","dateModified":"2024-04-24T17:10:23+00:00","description":"Geister-Schocker 37: Das Tor zum Jenseits Inhalt: Mit einem schmetternden Krachen schlug der waagerecht durch die Luft treibende Ast gegen die","breadcrumb":{"@id":"https:\/\/www.allscore.de\/shop\/en\/produkt\/geister-schocker-37-das-tor-zum-jenseits\/#breadcrumb"},"inLanguage":"en-US","potentialAction":[{"@type":"ReadAction","target":["https:\/\/www.allscore.de\/shop\/en\/produkt\/geister-schocker-37-das-tor-zum-jenseits\/"]}]},{"@type":"ImageObject","inLanguage":"en-US","@id":"https:\/\/www.allscore.de\/shop\/en\/produkt\/geister-schocker-37-das-tor-zum-jenseits\/#primaryimage","url":"https:\/\/www.allscore.de\/shop\/wp-content\/uploads\/2021\/03\/GS37_1000px.jpg","contentUrl":"https:\/\/www.allscore.de\/shop\/wp-content\/uploads\/2021\/03\/GS37_1000px.jpg","width":1000,"height":1000,"caption":"Geister-Schocker (37): Das Tor zum Jenseits"},{"@type":"BreadcrumbList","@id":"https:\/\/www.allscore.de\/shop\/en\/produkt\/geister-schocker-37-das-tor-zum-jenseits\/#breadcrumb","itemListElement":[{"@type":"ListItem","position":1,"name":"Startseite","item":"https:\/\/www.allscore.de\/shop\/en\/"},{"@type":"ListItem","position":2,"name":"Products","item":"https:\/\/www.allscore.de\/shop\/en\/shop\/"},{"@type":"ListItem","position":3,"name":"Geister-Schocker 37: Das Tor zum Jenseits"}]},{"@type":"WebSite","@id":"https:\/\/www.allscore.de\/shop\/en\/#website","url":"https:\/\/www.allscore.de\/shop\/en\/","name":"Allscore Shop","description":"All Score Media","publisher":{"@id":"https:\/\/www.allscore.de\/shop\/en\/#organization"},"potentialAction":[{"@type":"SearchAction","target":{"@type":"EntryPoint","urlTemplate":"https:\/\/www.allscore.de\/shop\/en\/?s={search_term_string}"},"query-input":{"@type":"PropertyValueSpecification","valueRequired":true,"valueName":"search_term_string"}}],"inLanguage":"en-US"},{"@type":"Organization","@id":"https:\/\/www.allscore.de\/shop\/en\/#organization","name":"All Score Media","alternateName":"Allscore","url":"https:\/\/www.allscore.de\/shop\/en\/","logo":{"@type":"ImageObject","inLanguage":"en-US","@id":"https:\/\/www.allscore.de\/shop\/en\/#\/schema\/logo\/image\/","url":"https:\/\/www.allscore.de\/shop\/wp-content\/uploads\/2026\/01\/Logo_Yoast_Shop_2026.png","contentUrl":"https:\/\/www.allscore.de\/shop\/wp-content\/uploads\/2026\/01\/Logo_Yoast_Shop_2026.png","width":696,"height":696,"caption":"All Score Media"},"image":{"@id":"https:\/\/www.allscore.de\/shop\/en\/#\/schema\/logo\/image\/"}}]}},"_links":{"self":[{"href":"https:\/\/www.allscore.de\/shop\/en\/wp-json\/wp\/v2\/product\/9580","targetHints":{"allow":["GET"]}}],"collection":[{"href":"https:\/\/www.allscore.de\/shop\/en\/wp-json\/wp\/v2\/product"}],"about":[{"href":"https:\/\/www.allscore.de\/shop\/en\/wp-json\/wp\/v2\/types\/product"}],"wp:featuredmedia":[{"embeddable":true,"href":"https:\/\/www.allscore.de\/shop\/en\/wp-json\/wp\/v2\/media\/9449"}],"wp:attachment":[{"href":"https:\/\/www.allscore.de\/shop\/en\/wp-json\/wp\/v2\/media?parent=9580"}],"wp:term":[{"taxonomy":"product_brand","embeddable":true,"href":"https:\/\/www.allscore.de\/shop\/en\/wp-json\/wp\/v2\/product_brand?post=9580"},{"taxonomy":"product_cat","embeddable":true,"href":"https:\/\/www.allscore.de\/shop\/en\/wp-json\/wp\/v2\/product_cat?post=9580"},{"taxonomy":"product_tag","embeddable":true,"href":"https:\/\/www.allscore.de\/shop\/en\/wp-json\/wp\/v2\/product_tag?post=9580"}],"curies":[{"name":"wp","href":"https:\/\/api.w.org\/{rel}","templated":true}]}}