{"id":9533,"date":"2010-11-11T17:36:40","date_gmt":"2021-03-20T16:36:40","guid":{"rendered":"https:\/\/www.allscore.de\/shop\/?post_type=product&#038;p=9533"},"modified":"2024-04-24T17:29:34","modified_gmt":"2024-04-24T15:29:34","slug":"geister-schocker-12-armee-des-todes","status":"publish","type":"product","link":"https:\/\/www.allscore.de\/shop\/en\/produkt\/geister-schocker-12-armee-des-todes\/","title":{"rendered":"Geister-Schocker 12: Armee des Todes"},"content":{"rendered":"<p>Geister-Schocker 12: Armee des Todes<\/p>\n<p><strong><u>Inhalt:<br \/>\n<\/u><\/strong>Hillario Mendez ist tot. Laut Polizeibericht starb er an einem Herzinfarkt. Doch als seine Verwandten erscheinen, um das millionenschwere Erbe anzutreten,\u00a0 \u00a0\u00a0\u00a0 geschehen seltsame Dinge auf der Hazienda. Die Leiche des alten Mannes verschwindet, ebenso wie seine umfangreiche Zinnsoldatensammlung. Diese bleibt jedoch nicht lange verschollen. Kurz vor seinem schrecklichen Ende, gelang es Mendez, mit dem B\u00f6sen einen Pakt zu schlie\u00dfen, um sich an den M\u00f6rdern r\u00e4chen zu k\u00f6nnen. Die Armee des Todes erwacht zum Leben und beginnt einen m\u00f6rderischen Rachefeldzug&#8230;<\/p>\n<p><strong><u>Sprecher:<br \/>\n<\/u><\/strong>Hillario Mendez: Karlheinz Tafel<br \/>\nIsabella Montero: Annika Wichmann<br \/>\nCarlos Santez: Jo Weil<br \/>\nAlfredo Arenas: Tom Linden<br \/>\nJose: Bert Stevens<br \/>\nFrancisco Pansa: Peter Niemeyer<br \/>\nAntonia Arenas: Hildegard Meier<br \/>\nEsteban Cordillo: Sascha Schiffbauer<br \/>\nJuan dos Santos: Bodo Primus<br \/>\nCommissario Ortega: Walter Gontermann<br \/>\nSammler: Michael-Che Koch<\/p>\n<p><strong><u>Autor:<br \/>\n<\/u><\/strong>Earl Warren<\/p>\n","protected":false},"excerpt":{"rendered":"<p>Geister-Schocker 12: Armee des Todes Inhalt: Hillario Mendez ist tot. Laut Polizeibericht starb er an einem Herzinfarkt. Doch als seine Verwandten erscheinen, um das millionenschwere Erbe anzutreten,\u00a0 \u00a0\u00a0\u00a0 geschehen seltsame Dinge auf der Hazienda. Die Leiche des alten Mannes verschwindet, ebenso wie seine umfangreiche Zinnsoldatensammlung. Diese bleibt jedoch nicht lange verschollen. Kurz vor seinem schrecklichen&#8230;<\/p>\n<p><a rel=\"bookmark\" class=\"vonzot-button-simple wvc-button wvc-button-size-sm\" href=\"https:\/\/www.allscore.de\/shop\/en\/produkt\/geister-schocker-12-armee-des-todes\/\"><span>Read more<\/span><\/a><\/p>\n","protected":false},"featured_media":9497,"template":"","meta":[],"product_brand":[],"product_cat":[199,409],"product_tag":[],"class_list":{"0":"post-9533","1":"product","2":"type-product","3":"status-publish","4":"has-post-thumbnail","6":"product_cat-hoerspiele-en","7":"product_cat-geister-schocker-en","8":"product_shipping_class-tontraeger-cd-en","9":"entry","10":"clearfix","11":"entry-grid","12":"entry-columns-3","13":"entry-product-module-layout-sidebar-right","14":"thumbnail-color-tone-dark","15":"entry-product","17":"entry-product-grid","19":"first","20":"instock","21":"sale","22":"taxable","23":"shipping-taxable","24":"purchasable","25":"product-type-simple"},"yoast_head":"<!-- This site is optimized with the Yoast SEO plugin v27.4 - https:\/\/yoast.com\/product\/yoast-seo-wordpress\/ -->\n<title>Geister-Schocker 12: Armee des Todes<\/title>\n<meta name=\"description\" content=\"Geister-Schocker 12: Armee des Todes Inhalt: Hillario Mendez ist tot. Laut Polizeibericht starb er an einem Herzinfarkt. Doch als seine Verwandten\" \/>\n<meta name=\"robots\" content=\"index, follow, max-snippet:-1, max-image-preview:large, max-video-preview:-1\" \/>\n<link rel=\"canonical\" href=\"https:\/\/www.allscore.de\/shop\/en\/produkt\/geister-schocker-12-armee-des-todes\/\" \/>\n<meta property=\"og:locale\" content=\"en_US\" \/>\n<meta property=\"og:type\" content=\"article\" \/>\n<meta property=\"og:title\" content=\"Geister-Schocker 12: Armee des Todes\" \/>\n<meta property=\"og:description\" content=\"Geister-Schocker 12: Armee des Todes Inhalt: Hillario Mendez ist tot. Laut Polizeibericht starb er an einem Herzinfarkt. Doch als seine Verwandten\" \/>\n<meta property=\"og:url\" content=\"https:\/\/www.allscore.de\/shop\/en\/produkt\/geister-schocker-12-armee-des-todes\/\" \/>\n<meta property=\"og:site_name\" content=\"Allscore Shop\" \/>\n<meta property=\"article:modified_time\" content=\"2024-04-24T15:29:34+00:00\" \/>\n<meta property=\"og:image\" content=\"https:\/\/www.allscore.de\/shop\/wp-content\/uploads\/2021\/03\/GS12_1200px.jpg\" \/>\n\t<meta property=\"og:image:width\" content=\"1200\" \/>\n\t<meta property=\"og:image:height\" content=\"1200\" \/>\n\t<meta property=\"og:image:type\" content=\"image\/jpeg\" \/>\n<meta name=\"twitter:card\" content=\"summary_large_image\" \/>\n<meta name=\"twitter:label1\" content=\"Est. reading time\" \/>\n\t<meta name=\"twitter:data1\" content=\"1 minute\" \/>\n<script type=\"application\/ld+json\" class=\"yoast-schema-graph\">{\"@context\":\"https:\\\/\\\/schema.org\",\"@graph\":[{\"@type\":\"WebPage\",\"@id\":\"https:\\\/\\\/www.allscore.de\\\/shop\\\/en\\\/produkt\\\/geister-schocker-12-armee-des-todes\\\/\",\"url\":\"https:\\\/\\\/www.allscore.de\\\/shop\\\/en\\\/produkt\\\/geister-schocker-12-armee-des-todes\\\/\",\"name\":\"Geister-Schocker 12: Armee des Todes\",\"isPartOf\":{\"@id\":\"https:\\\/\\\/www.allscore.de\\\/shop\\\/en\\\/#website\"},\"primaryImageOfPage\":{\"@id\":\"https:\\\/\\\/www.allscore.de\\\/shop\\\/en\\\/produkt\\\/geister-schocker-12-armee-des-todes\\\/#primaryimage\"},\"image\":{\"@id\":\"https:\\\/\\\/www.allscore.de\\\/shop\\\/en\\\/produkt\\\/geister-schocker-12-armee-des-todes\\\/#primaryimage\"},\"thumbnailUrl\":\"https:\\\/\\\/www.allscore.de\\\/shop\\\/wp-content\\\/uploads\\\/2021\\\/03\\\/GS12_1200px.jpg\",\"datePublished\":\"2021-03-20T16:36:40+00:00\",\"dateModified\":\"2024-04-24T15:29:34+00:00\",\"description\":\"Geister-Schocker 12: Armee des Todes Inhalt: Hillario Mendez ist tot. Laut Polizeibericht starb er an einem Herzinfarkt. Doch als seine Verwandten\",\"breadcrumb\":{\"@id\":\"https:\\\/\\\/www.allscore.de\\\/shop\\\/en\\\/produkt\\\/geister-schocker-12-armee-des-todes\\\/#breadcrumb\"},\"inLanguage\":\"en-US\",\"potentialAction\":[{\"@type\":\"ReadAction\",\"target\":[\"https:\\\/\\\/www.allscore.de\\\/shop\\\/en\\\/produkt\\\/geister-schocker-12-armee-des-todes\\\/\"]}]},{\"@type\":\"ImageObject\",\"inLanguage\":\"en-US\",\"@id\":\"https:\\\/\\\/www.allscore.de\\\/shop\\\/en\\\/produkt\\\/geister-schocker-12-armee-des-todes\\\/#primaryimage\",\"url\":\"https:\\\/\\\/www.allscore.de\\\/shop\\\/wp-content\\\/uploads\\\/2021\\\/03\\\/GS12_1200px.jpg\",\"contentUrl\":\"https:\\\/\\\/www.allscore.de\\\/shop\\\/wp-content\\\/uploads\\\/2021\\\/03\\\/GS12_1200px.jpg\",\"width\":1200,\"height\":1200,\"caption\":\"Geister-Schocker (12): Armee des Todes\"},{\"@type\":\"BreadcrumbList\",\"@id\":\"https:\\\/\\\/www.allscore.de\\\/shop\\\/en\\\/produkt\\\/geister-schocker-12-armee-des-todes\\\/#breadcrumb\",\"itemListElement\":[{\"@type\":\"ListItem\",\"position\":1,\"name\":\"Startseite\",\"item\":\"https:\\\/\\\/www.allscore.de\\\/shop\\\/en\\\/\"},{\"@type\":\"ListItem\",\"position\":2,\"name\":\"Products\",\"item\":\"https:\\\/\\\/www.allscore.de\\\/shop\\\/en\\\/shop\\\/\"},{\"@type\":\"ListItem\",\"position\":3,\"name\":\"Geister-Schocker 12: Armee des Todes\"}]},{\"@type\":\"WebSite\",\"@id\":\"https:\\\/\\\/www.allscore.de\\\/shop\\\/en\\\/#website\",\"url\":\"https:\\\/\\\/www.allscore.de\\\/shop\\\/en\\\/\",\"name\":\"Allscore Shop\",\"description\":\"All Score Media\",\"publisher\":{\"@id\":\"https:\\\/\\\/www.allscore.de\\\/shop\\\/en\\\/#organization\"},\"potentialAction\":[{\"@type\":\"SearchAction\",\"target\":{\"@type\":\"EntryPoint\",\"urlTemplate\":\"https:\\\/\\\/www.allscore.de\\\/shop\\\/en\\\/?s={search_term_string}\"},\"query-input\":{\"@type\":\"PropertyValueSpecification\",\"valueRequired\":true,\"valueName\":\"search_term_string\"}}],\"inLanguage\":\"en-US\"},{\"@type\":\"Organization\",\"@id\":\"https:\\\/\\\/www.allscore.de\\\/shop\\\/en\\\/#organization\",\"name\":\"All Score Media\",\"alternateName\":\"Allscore\",\"url\":\"https:\\\/\\\/www.allscore.de\\\/shop\\\/en\\\/\",\"logo\":{\"@type\":\"ImageObject\",\"inLanguage\":\"en-US\",\"@id\":\"https:\\\/\\\/www.allscore.de\\\/shop\\\/en\\\/#\\\/schema\\\/logo\\\/image\\\/\",\"url\":\"https:\\\/\\\/www.allscore.de\\\/shop\\\/wp-content\\\/uploads\\\/2026\\\/01\\\/Logo_Yoast_Shop_2026.png\",\"contentUrl\":\"https:\\\/\\\/www.allscore.de\\\/shop\\\/wp-content\\\/uploads\\\/2026\\\/01\\\/Logo_Yoast_Shop_2026.png\",\"width\":696,\"height\":696,\"caption\":\"All Score Media\"},\"image\":{\"@id\":\"https:\\\/\\\/www.allscore.de\\\/shop\\\/en\\\/#\\\/schema\\\/logo\\\/image\\\/\"}}]}<\/script>\n<!-- \/ Yoast SEO plugin. -->","yoast_head_json":{"title":"Geister-Schocker 12: Armee des Todes","description":"Geister-Schocker 12: Armee des Todes Inhalt: Hillario Mendez ist tot. Laut Polizeibericht starb er an einem Herzinfarkt. Doch als seine Verwandten","robots":{"index":"index","follow":"follow","max-snippet":"max-snippet:-1","max-image-preview":"max-image-preview:large","max-video-preview":"max-video-preview:-1"},"canonical":"https:\/\/www.allscore.de\/shop\/en\/produkt\/geister-schocker-12-armee-des-todes\/","og_locale":"en_US","og_type":"article","og_title":"Geister-Schocker 12: Armee des Todes","og_description":"Geister-Schocker 12: Armee des Todes Inhalt: Hillario Mendez ist tot. Laut Polizeibericht starb er an einem Herzinfarkt. Doch als seine Verwandten","og_url":"https:\/\/www.allscore.de\/shop\/en\/produkt\/geister-schocker-12-armee-des-todes\/","og_site_name":"Allscore Shop","article_modified_time":"2024-04-24T15:29:34+00:00","og_image":[{"width":1200,"height":1200,"url":"https:\/\/www.allscore.de\/shop\/wp-content\/uploads\/2021\/03\/GS12_1200px.jpg","type":"image\/jpeg"}],"twitter_card":"summary_large_image","twitter_misc":{"Est. reading time":"1 minute"},"schema":{"@context":"https:\/\/schema.org","@graph":[{"@type":"WebPage","@id":"https:\/\/www.allscore.de\/shop\/en\/produkt\/geister-schocker-12-armee-des-todes\/","url":"https:\/\/www.allscore.de\/shop\/en\/produkt\/geister-schocker-12-armee-des-todes\/","name":"Geister-Schocker 12: Armee des Todes","isPartOf":{"@id":"https:\/\/www.allscore.de\/shop\/en\/#website"},"primaryImageOfPage":{"@id":"https:\/\/www.allscore.de\/shop\/en\/produkt\/geister-schocker-12-armee-des-todes\/#primaryimage"},"image":{"@id":"https:\/\/www.allscore.de\/shop\/en\/produkt\/geister-schocker-12-armee-des-todes\/#primaryimage"},"thumbnailUrl":"https:\/\/www.allscore.de\/shop\/wp-content\/uploads\/2021\/03\/GS12_1200px.jpg","datePublished":"2021-03-20T16:36:40+00:00","dateModified":"2024-04-24T15:29:34+00:00","description":"Geister-Schocker 12: Armee des Todes Inhalt: Hillario Mendez ist tot. Laut Polizeibericht starb er an einem Herzinfarkt. Doch als seine Verwandten","breadcrumb":{"@id":"https:\/\/www.allscore.de\/shop\/en\/produkt\/geister-schocker-12-armee-des-todes\/#breadcrumb"},"inLanguage":"en-US","potentialAction":[{"@type":"ReadAction","target":["https:\/\/www.allscore.de\/shop\/en\/produkt\/geister-schocker-12-armee-des-todes\/"]}]},{"@type":"ImageObject","inLanguage":"en-US","@id":"https:\/\/www.allscore.de\/shop\/en\/produkt\/geister-schocker-12-armee-des-todes\/#primaryimage","url":"https:\/\/www.allscore.de\/shop\/wp-content\/uploads\/2021\/03\/GS12_1200px.jpg","contentUrl":"https:\/\/www.allscore.de\/shop\/wp-content\/uploads\/2021\/03\/GS12_1200px.jpg","width":1200,"height":1200,"caption":"Geister-Schocker (12): Armee des Todes"},{"@type":"BreadcrumbList","@id":"https:\/\/www.allscore.de\/shop\/en\/produkt\/geister-schocker-12-armee-des-todes\/#breadcrumb","itemListElement":[{"@type":"ListItem","position":1,"name":"Startseite","item":"https:\/\/www.allscore.de\/shop\/en\/"},{"@type":"ListItem","position":2,"name":"Products","item":"https:\/\/www.allscore.de\/shop\/en\/shop\/"},{"@type":"ListItem","position":3,"name":"Geister-Schocker 12: Armee des Todes"}]},{"@type":"WebSite","@id":"https:\/\/www.allscore.de\/shop\/en\/#website","url":"https:\/\/www.allscore.de\/shop\/en\/","name":"Allscore Shop","description":"All Score Media","publisher":{"@id":"https:\/\/www.allscore.de\/shop\/en\/#organization"},"potentialAction":[{"@type":"SearchAction","target":{"@type":"EntryPoint","urlTemplate":"https:\/\/www.allscore.de\/shop\/en\/?s={search_term_string}"},"query-input":{"@type":"PropertyValueSpecification","valueRequired":true,"valueName":"search_term_string"}}],"inLanguage":"en-US"},{"@type":"Organization","@id":"https:\/\/www.allscore.de\/shop\/en\/#organization","name":"All Score Media","alternateName":"Allscore","url":"https:\/\/www.allscore.de\/shop\/en\/","logo":{"@type":"ImageObject","inLanguage":"en-US","@id":"https:\/\/www.allscore.de\/shop\/en\/#\/schema\/logo\/image\/","url":"https:\/\/www.allscore.de\/shop\/wp-content\/uploads\/2026\/01\/Logo_Yoast_Shop_2026.png","contentUrl":"https:\/\/www.allscore.de\/shop\/wp-content\/uploads\/2026\/01\/Logo_Yoast_Shop_2026.png","width":696,"height":696,"caption":"All Score Media"},"image":{"@id":"https:\/\/www.allscore.de\/shop\/en\/#\/schema\/logo\/image\/"}}]}},"_links":{"self":[{"href":"https:\/\/www.allscore.de\/shop\/en\/wp-json\/wp\/v2\/product\/9533","targetHints":{"allow":["GET"]}}],"collection":[{"href":"https:\/\/www.allscore.de\/shop\/en\/wp-json\/wp\/v2\/product"}],"about":[{"href":"https:\/\/www.allscore.de\/shop\/en\/wp-json\/wp\/v2\/types\/product"}],"wp:featuredmedia":[{"embeddable":true,"href":"https:\/\/www.allscore.de\/shop\/en\/wp-json\/wp\/v2\/media\/9497"}],"wp:attachment":[{"href":"https:\/\/www.allscore.de\/shop\/en\/wp-json\/wp\/v2\/media?parent=9533"}],"wp:term":[{"taxonomy":"product_brand","embeddable":true,"href":"https:\/\/www.allscore.de\/shop\/en\/wp-json\/wp\/v2\/product_brand?post=9533"},{"taxonomy":"product_cat","embeddable":true,"href":"https:\/\/www.allscore.de\/shop\/en\/wp-json\/wp\/v2\/product_cat?post=9533"},{"taxonomy":"product_tag","embeddable":true,"href":"https:\/\/www.allscore.de\/shop\/en\/wp-json\/wp\/v2\/product_tag?post=9533"}],"curies":[{"name":"wp","href":"https:\/\/api.w.org\/{rel}","templated":true}]}}