{"id":8427,"date":"2016-12-07T16:05:34","date_gmt":"2020-07-07T14:05:34","guid":{"rendered":"https:\/\/www.allscore.de\/shop\/produkt\/charlie-chan-1-das-haus-ohne-schluessel\/"},"modified":"2021-07-16T16:22:08","modified_gmt":"2021-07-16T14:22:08","slug":"charlie-chan-1-das-haus-ohne-schluessel","status":"publish","type":"product","link":"https:\/\/www.allscore.de\/shop\/en\/produkt\/charlie-chan-1-das-haus-ohne-schluessel\/","title":{"rendered":"Charlie Chan 1: Das Haus ohne Schl\u00fcssel"},"content":{"rendered":"<p>Ein H\u00f6rspiel nach dem Roman &#8216;THE HOUSE WITHOUT A KEY&#8217; von Earl Derr Biggers.<\/p>\n<p>Charlie Chan: Helmut Krauss<br \/>\nJohn Quincy Winterslip: Nicolai Tegeler<br \/>\nMinerva Winterslip: Ilka Teichm\u00fcller<br \/>\nDan Winterslip: Georg Tryphon<br \/>\nAmos Winterslip: Lutz Riedel<br \/>\nBarbara Winterslip: Nicole Hannak<br \/>\nRoger Winterslip: Uwe Jellinek<br \/>\nHarry Jennison: Dirk Hardegen<br \/>\nCaptain Hallet: Christian Rode<br \/>\nHaku: Robert Missler<br \/>\nJim Egan: Hartmut Neugebauer<br \/>\nCarlota \u201eCary\u201c Egan: Vera Bunk<br \/>\nArlene Campton: Anke Reitzenstein<br \/>\nThomas Brade: Lothar Blumhagen<br \/>\nBowker: Tino Kie\u00dfling<br \/>\nDick Kaohla: Peter Groeger<br \/>\nCaptain Cope: J\u00fcrgen Thormann<br \/>\nSeemann: Gerald Paradies<br \/>\nTaxifahrer: Achim Buch<\/p>\n<p>Regie und Produktion: Gerd Naumann \/ All Score Media<br \/>\nBuch: Marc Freund<br \/>\nMusik: Christian Bluthardt<br \/>\nSounddesign, Mischung &amp; Master: Tom Steinbrecher<\/p>\n<p>Spieldauer: ca. 80 Minuten<\/p>\n","protected":false},"excerpt":{"rendered":"<p>Hawaii, um 1920. Ein noch wenig ber\u00fchrtes Paradies, das jeden gefangen nimmt. Doch selbst hier geht es nicht \u00fcberall friedlich zu, denn eines Nachts wird Dan Winterslip erstochen in seinem Haus aufgefunden. Der mit der L\u00f6sung des Falles beauftragte chinesische Polizeidetektiv Charlie Chan hat es gleich mit mehreren Verd\u00e4chtigen zu tun und bekommt in seinem ersten Fall allerhand seltsame R\u00e4tsel aufgetischt. Was hat es mit der gestohlenen Seekiste auf sich, um die der Tote so ein Geheimnis gemacht hat? Wovor hatte der Ermordete solche Angst? Ist ein l\u00e4ngst tot geglaubter Seefahrer wieder auferstanden, um Rache zu nehmen? Charlie Chan muss die vielen F\u00e4den dieses Falles nach und nach entwirren, denn so viel ist sicher: Einer davon wird ihn zum M\u00f6rder f\u00fchren\u2026<\/p>\n","protected":false},"featured_media":8428,"template":"","meta":[],"product_brand":[],"product_cat":[199,200],"product_tag":[271,272],"class_list":{"0":"post-8427","1":"product","2":"type-product","3":"status-publish","4":"has-post-thumbnail","6":"product_cat-hoerspiele-en","7":"product_cat-charlie-chan-en","8":"product_tag-hoerspiel-en","9":"product_tag-krimi-en","10":"product_shipping_class-tontraeger-cd-en","11":"entry","12":"clearfix","13":"entry-grid","14":"entry-columns-3","15":"entry-product-module-layout-sidebar-right","16":"thumbnail-color-tone-dark","17":"entry-product","19":"entry-product-grid","21":"first","22":"instock","23":"taxable","24":"shipping-taxable","25":"purchasable","26":"product-type-simple"},"yoast_head":"<!-- This site is optimized with the Yoast SEO plugin v27.3 - https:\/\/yoast.com\/product\/yoast-seo-wordpress\/ -->\n<title>Charlie Chan 1: Das Haus ohne Schl\u00fcssel<\/title>\n<meta name=\"description\" content=\"Hawaii, um 1920. Ein noch wenig ber\u00fchrtes Paradies, das jeden gefangen nimmt. Doch selbst hier geht es nicht \u00fcberall friedlich zu, denn eines Nachts wird Dan Winterslip erstochen in seinem Haus aufgefunden. Der mit der L\u00f6sung des Falles beauftragte chinesische Polizeidetektiv Charlie Chan hat es gleich mit mehreren Verd\u00e4chtigen zu tun und bekommt in seinem ersten Fall allerhand seltsame R\u00e4tsel aufgetischt. Was hat es mit der gestohlenen Seekiste auf sich, um die der Tote so ein Geheimnis gemacht hat? Wovor hatte der Ermordete solche Angst? Ist ein l\u00e4ngst tot geglaubter Seefahrer wieder auferstanden, um Rache zu nehmen? Charlie Chan muss die vielen F\u00e4den dieses Falles nach und nach entwirren, denn so viel ist sicher: Einer davon wird ihn zum M\u00f6rder f\u00fchren\u2026\" \/>\n<meta name=\"robots\" content=\"index, follow, max-snippet:-1, max-image-preview:large, max-video-preview:-1\" \/>\n<link rel=\"canonical\" href=\"https:\/\/www.allscore.de\/shop\/en\/produkt\/charlie-chan-1-das-haus-ohne-schluessel\/\" \/>\n<meta property=\"og:locale\" content=\"en_US\" \/>\n<meta property=\"og:type\" content=\"article\" \/>\n<meta property=\"og:title\" content=\"Charlie Chan 1: Das Haus ohne Schl\u00fcssel\" \/>\n<meta property=\"og:description\" content=\"Hawaii, um 1920. Ein noch wenig ber\u00fchrtes Paradies, das jeden gefangen nimmt. Doch selbst hier geht es nicht \u00fcberall friedlich zu, denn eines Nachts wird Dan Winterslip erstochen in seinem Haus aufgefunden. Der mit der L\u00f6sung des Falles beauftragte chinesische Polizeidetektiv Charlie Chan hat es gleich mit mehreren Verd\u00e4chtigen zu tun und bekommt in seinem ersten Fall allerhand seltsame R\u00e4tsel aufgetischt. Was hat es mit der gestohlenen Seekiste auf sich, um die der Tote so ein Geheimnis gemacht hat? Wovor hatte der Ermordete solche Angst? Ist ein l\u00e4ngst tot geglaubter Seefahrer wieder auferstanden, um Rache zu nehmen? Charlie Chan muss die vielen F\u00e4den dieses Falles nach und nach entwirren, denn so viel ist sicher: Einer davon wird ihn zum M\u00f6rder f\u00fchren\u2026\" \/>\n<meta property=\"og:url\" content=\"https:\/\/www.allscore.de\/shop\/en\/produkt\/charlie-chan-1-das-haus-ohne-schluessel\/\" \/>\n<meta property=\"og:site_name\" content=\"Allscore Shop\" \/>\n<meta property=\"article:modified_time\" content=\"2021-07-16T14:22:08+00:00\" \/>\n<meta property=\"og:image\" content=\"https:\/\/www.allscore.de\/shop\/wp-content\/uploads\/2020\/09\/CC01_1200x1200.jpg\" \/>\n\t<meta property=\"og:image:width\" content=\"1200\" \/>\n\t<meta property=\"og:image:height\" content=\"1200\" \/>\n\t<meta property=\"og:image:type\" content=\"image\/jpeg\" \/>\n<meta name=\"twitter:card\" content=\"summary_large_image\" \/>\n<meta name=\"twitter:label1\" content=\"Est. reading time\" \/>\n\t<meta name=\"twitter:data1\" content=\"1 minute\" \/>\n<script type=\"application\/ld+json\" class=\"yoast-schema-graph\">{\"@context\":\"https:\\\/\\\/schema.org\",\"@graph\":[{\"@type\":\"WebPage\",\"@id\":\"https:\\\/\\\/www.allscore.de\\\/shop\\\/en\\\/produkt\\\/charlie-chan-1-das-haus-ohne-schluessel\\\/\",\"url\":\"https:\\\/\\\/www.allscore.de\\\/shop\\\/en\\\/produkt\\\/charlie-chan-1-das-haus-ohne-schluessel\\\/\",\"name\":\"Charlie Chan 1: Das Haus ohne Schl\u00fcssel\",\"isPartOf\":{\"@id\":\"https:\\\/\\\/www.allscore.de\\\/shop\\\/en\\\/#website\"},\"primaryImageOfPage\":{\"@id\":\"https:\\\/\\\/www.allscore.de\\\/shop\\\/en\\\/produkt\\\/charlie-chan-1-das-haus-ohne-schluessel\\\/#primaryimage\"},\"image\":{\"@id\":\"https:\\\/\\\/www.allscore.de\\\/shop\\\/en\\\/produkt\\\/charlie-chan-1-das-haus-ohne-schluessel\\\/#primaryimage\"},\"thumbnailUrl\":\"https:\\\/\\\/www.allscore.de\\\/shop\\\/wp-content\\\/uploads\\\/2020\\\/09\\\/CC01_1200x1200.jpg\",\"datePublished\":\"2020-07-07T14:05:34+00:00\",\"dateModified\":\"2021-07-16T14:22:08+00:00\",\"description\":\"Hawaii, um 1920. Ein noch wenig ber\u00fchrtes Paradies, das jeden gefangen nimmt. Doch selbst hier geht es nicht \u00fcberall friedlich zu, denn eines Nachts wird Dan Winterslip erstochen in seinem Haus aufgefunden. Der mit der L\u00f6sung des Falles beauftragte chinesische Polizeidetektiv Charlie Chan hat es gleich mit mehreren Verd\u00e4chtigen zu tun und bekommt in seinem ersten Fall allerhand seltsame R\u00e4tsel aufgetischt. Was hat es mit der gestohlenen Seekiste auf sich, um die der Tote so ein Geheimnis gemacht hat? Wovor hatte der Ermordete solche Angst? Ist ein l\u00e4ngst tot geglaubter Seefahrer wieder auferstanden, um Rache zu nehmen? Charlie Chan muss die vielen F\u00e4den dieses Falles nach und nach entwirren, denn so viel ist sicher: Einer davon wird ihn zum M\u00f6rder f\u00fchren\u2026\",\"breadcrumb\":{\"@id\":\"https:\\\/\\\/www.allscore.de\\\/shop\\\/en\\\/produkt\\\/charlie-chan-1-das-haus-ohne-schluessel\\\/#breadcrumb\"},\"inLanguage\":\"en-US\",\"potentialAction\":[{\"@type\":\"ReadAction\",\"target\":[\"https:\\\/\\\/www.allscore.de\\\/shop\\\/en\\\/produkt\\\/charlie-chan-1-das-haus-ohne-schluessel\\\/\"]}]},{\"@type\":\"ImageObject\",\"inLanguage\":\"en-US\",\"@id\":\"https:\\\/\\\/www.allscore.de\\\/shop\\\/en\\\/produkt\\\/charlie-chan-1-das-haus-ohne-schluessel\\\/#primaryimage\",\"url\":\"https:\\\/\\\/www.allscore.de\\\/shop\\\/wp-content\\\/uploads\\\/2020\\\/09\\\/CC01_1200x1200.jpg\",\"contentUrl\":\"https:\\\/\\\/www.allscore.de\\\/shop\\\/wp-content\\\/uploads\\\/2020\\\/09\\\/CC01_1200x1200.jpg\",\"width\":1200,\"height\":1200,\"caption\":\"Charlie Chan 1\"},{\"@type\":\"BreadcrumbList\",\"@id\":\"https:\\\/\\\/www.allscore.de\\\/shop\\\/en\\\/produkt\\\/charlie-chan-1-das-haus-ohne-schluessel\\\/#breadcrumb\",\"itemListElement\":[{\"@type\":\"ListItem\",\"position\":1,\"name\":\"Startseite\",\"item\":\"https:\\\/\\\/www.allscore.de\\\/shop\\\/en\\\/\"},{\"@type\":\"ListItem\",\"position\":2,\"name\":\"Products\",\"item\":\"https:\\\/\\\/www.allscore.de\\\/shop\\\/en\\\/shop\\\/\"},{\"@type\":\"ListItem\",\"position\":3,\"name\":\"Charlie Chan 1: Das Haus ohne Schl\u00fcssel\"}]},{\"@type\":\"WebSite\",\"@id\":\"https:\\\/\\\/www.allscore.de\\\/shop\\\/en\\\/#website\",\"url\":\"https:\\\/\\\/www.allscore.de\\\/shop\\\/en\\\/\",\"name\":\"Allscore Shop\",\"description\":\"All Score Media\",\"publisher\":{\"@id\":\"https:\\\/\\\/www.allscore.de\\\/shop\\\/en\\\/#organization\"},\"potentialAction\":[{\"@type\":\"SearchAction\",\"target\":{\"@type\":\"EntryPoint\",\"urlTemplate\":\"https:\\\/\\\/www.allscore.de\\\/shop\\\/en\\\/?s={search_term_string}\"},\"query-input\":{\"@type\":\"PropertyValueSpecification\",\"valueRequired\":true,\"valueName\":\"search_term_string\"}}],\"inLanguage\":\"en-US\"},{\"@type\":\"Organization\",\"@id\":\"https:\\\/\\\/www.allscore.de\\\/shop\\\/en\\\/#organization\",\"name\":\"All Score Media\",\"alternateName\":\"Allscore\",\"url\":\"https:\\\/\\\/www.allscore.de\\\/shop\\\/en\\\/\",\"logo\":{\"@type\":\"ImageObject\",\"inLanguage\":\"en-US\",\"@id\":\"https:\\\/\\\/www.allscore.de\\\/shop\\\/en\\\/#\\\/schema\\\/logo\\\/image\\\/\",\"url\":\"https:\\\/\\\/www.allscore.de\\\/shop\\\/wp-content\\\/uploads\\\/2026\\\/01\\\/Logo_Yoast_Shop_2026.png\",\"contentUrl\":\"https:\\\/\\\/www.allscore.de\\\/shop\\\/wp-content\\\/uploads\\\/2026\\\/01\\\/Logo_Yoast_Shop_2026.png\",\"width\":696,\"height\":696,\"caption\":\"All Score Media\"},\"image\":{\"@id\":\"https:\\\/\\\/www.allscore.de\\\/shop\\\/en\\\/#\\\/schema\\\/logo\\\/image\\\/\"}}]}<\/script>\n<!-- \/ Yoast SEO plugin. -->","yoast_head_json":{"title":"Charlie Chan 1: Das Haus ohne Schl\u00fcssel","description":"Hawaii, um 1920. Ein noch wenig ber\u00fchrtes Paradies, das jeden gefangen nimmt. Doch selbst hier geht es nicht \u00fcberall friedlich zu, denn eines Nachts wird Dan Winterslip erstochen in seinem Haus aufgefunden. Der mit der L\u00f6sung des Falles beauftragte chinesische Polizeidetektiv Charlie Chan hat es gleich mit mehreren Verd\u00e4chtigen zu tun und bekommt in seinem ersten Fall allerhand seltsame R\u00e4tsel aufgetischt. Was hat es mit der gestohlenen Seekiste auf sich, um die der Tote so ein Geheimnis gemacht hat? Wovor hatte der Ermordete solche Angst? Ist ein l\u00e4ngst tot geglaubter Seefahrer wieder auferstanden, um Rache zu nehmen? Charlie Chan muss die vielen F\u00e4den dieses Falles nach und nach entwirren, denn so viel ist sicher: Einer davon wird ihn zum M\u00f6rder f\u00fchren\u2026","robots":{"index":"index","follow":"follow","max-snippet":"max-snippet:-1","max-image-preview":"max-image-preview:large","max-video-preview":"max-video-preview:-1"},"canonical":"https:\/\/www.allscore.de\/shop\/en\/produkt\/charlie-chan-1-das-haus-ohne-schluessel\/","og_locale":"en_US","og_type":"article","og_title":"Charlie Chan 1: Das Haus ohne Schl\u00fcssel","og_description":"Hawaii, um 1920. Ein noch wenig ber\u00fchrtes Paradies, das jeden gefangen nimmt. Doch selbst hier geht es nicht \u00fcberall friedlich zu, denn eines Nachts wird Dan Winterslip erstochen in seinem Haus aufgefunden. Der mit der L\u00f6sung des Falles beauftragte chinesische Polizeidetektiv Charlie Chan hat es gleich mit mehreren Verd\u00e4chtigen zu tun und bekommt in seinem ersten Fall allerhand seltsame R\u00e4tsel aufgetischt. Was hat es mit der gestohlenen Seekiste auf sich, um die der Tote so ein Geheimnis gemacht hat? Wovor hatte der Ermordete solche Angst? Ist ein l\u00e4ngst tot geglaubter Seefahrer wieder auferstanden, um Rache zu nehmen? Charlie Chan muss die vielen F\u00e4den dieses Falles nach und nach entwirren, denn so viel ist sicher: Einer davon wird ihn zum M\u00f6rder f\u00fchren\u2026","og_url":"https:\/\/www.allscore.de\/shop\/en\/produkt\/charlie-chan-1-das-haus-ohne-schluessel\/","og_site_name":"Allscore Shop","article_modified_time":"2021-07-16T14:22:08+00:00","og_image":[{"width":1200,"height":1200,"url":"https:\/\/www.allscore.de\/shop\/wp-content\/uploads\/2020\/09\/CC01_1200x1200.jpg","type":"image\/jpeg"}],"twitter_card":"summary_large_image","twitter_misc":{"Est. reading time":"1 minute"},"schema":{"@context":"https:\/\/schema.org","@graph":[{"@type":"WebPage","@id":"https:\/\/www.allscore.de\/shop\/en\/produkt\/charlie-chan-1-das-haus-ohne-schluessel\/","url":"https:\/\/www.allscore.de\/shop\/en\/produkt\/charlie-chan-1-das-haus-ohne-schluessel\/","name":"Charlie Chan 1: Das Haus ohne Schl\u00fcssel","isPartOf":{"@id":"https:\/\/www.allscore.de\/shop\/en\/#website"},"primaryImageOfPage":{"@id":"https:\/\/www.allscore.de\/shop\/en\/produkt\/charlie-chan-1-das-haus-ohne-schluessel\/#primaryimage"},"image":{"@id":"https:\/\/www.allscore.de\/shop\/en\/produkt\/charlie-chan-1-das-haus-ohne-schluessel\/#primaryimage"},"thumbnailUrl":"https:\/\/www.allscore.de\/shop\/wp-content\/uploads\/2020\/09\/CC01_1200x1200.jpg","datePublished":"2020-07-07T14:05:34+00:00","dateModified":"2021-07-16T14:22:08+00:00","description":"Hawaii, um 1920. Ein noch wenig ber\u00fchrtes Paradies, das jeden gefangen nimmt. Doch selbst hier geht es nicht \u00fcberall friedlich zu, denn eines Nachts wird Dan Winterslip erstochen in seinem Haus aufgefunden. Der mit der L\u00f6sung des Falles beauftragte chinesische Polizeidetektiv Charlie Chan hat es gleich mit mehreren Verd\u00e4chtigen zu tun und bekommt in seinem ersten Fall allerhand seltsame R\u00e4tsel aufgetischt. Was hat es mit der gestohlenen Seekiste auf sich, um die der Tote so ein Geheimnis gemacht hat? Wovor hatte der Ermordete solche Angst? Ist ein l\u00e4ngst tot geglaubter Seefahrer wieder auferstanden, um Rache zu nehmen? Charlie Chan muss die vielen F\u00e4den dieses Falles nach und nach entwirren, denn so viel ist sicher: Einer davon wird ihn zum M\u00f6rder f\u00fchren\u2026","breadcrumb":{"@id":"https:\/\/www.allscore.de\/shop\/en\/produkt\/charlie-chan-1-das-haus-ohne-schluessel\/#breadcrumb"},"inLanguage":"en-US","potentialAction":[{"@type":"ReadAction","target":["https:\/\/www.allscore.de\/shop\/en\/produkt\/charlie-chan-1-das-haus-ohne-schluessel\/"]}]},{"@type":"ImageObject","inLanguage":"en-US","@id":"https:\/\/www.allscore.de\/shop\/en\/produkt\/charlie-chan-1-das-haus-ohne-schluessel\/#primaryimage","url":"https:\/\/www.allscore.de\/shop\/wp-content\/uploads\/2020\/09\/CC01_1200x1200.jpg","contentUrl":"https:\/\/www.allscore.de\/shop\/wp-content\/uploads\/2020\/09\/CC01_1200x1200.jpg","width":1200,"height":1200,"caption":"Charlie Chan 1"},{"@type":"BreadcrumbList","@id":"https:\/\/www.allscore.de\/shop\/en\/produkt\/charlie-chan-1-das-haus-ohne-schluessel\/#breadcrumb","itemListElement":[{"@type":"ListItem","position":1,"name":"Startseite","item":"https:\/\/www.allscore.de\/shop\/en\/"},{"@type":"ListItem","position":2,"name":"Products","item":"https:\/\/www.allscore.de\/shop\/en\/shop\/"},{"@type":"ListItem","position":3,"name":"Charlie Chan 1: Das Haus ohne Schl\u00fcssel"}]},{"@type":"WebSite","@id":"https:\/\/www.allscore.de\/shop\/en\/#website","url":"https:\/\/www.allscore.de\/shop\/en\/","name":"Allscore Shop","description":"All Score Media","publisher":{"@id":"https:\/\/www.allscore.de\/shop\/en\/#organization"},"potentialAction":[{"@type":"SearchAction","target":{"@type":"EntryPoint","urlTemplate":"https:\/\/www.allscore.de\/shop\/en\/?s={search_term_string}"},"query-input":{"@type":"PropertyValueSpecification","valueRequired":true,"valueName":"search_term_string"}}],"inLanguage":"en-US"},{"@type":"Organization","@id":"https:\/\/www.allscore.de\/shop\/en\/#organization","name":"All Score Media","alternateName":"Allscore","url":"https:\/\/www.allscore.de\/shop\/en\/","logo":{"@type":"ImageObject","inLanguage":"en-US","@id":"https:\/\/www.allscore.de\/shop\/en\/#\/schema\/logo\/image\/","url":"https:\/\/www.allscore.de\/shop\/wp-content\/uploads\/2026\/01\/Logo_Yoast_Shop_2026.png","contentUrl":"https:\/\/www.allscore.de\/shop\/wp-content\/uploads\/2026\/01\/Logo_Yoast_Shop_2026.png","width":696,"height":696,"caption":"All Score Media"},"image":{"@id":"https:\/\/www.allscore.de\/shop\/en\/#\/schema\/logo\/image\/"}}]}},"_links":{"self":[{"href":"https:\/\/www.allscore.de\/shop\/en\/wp-json\/wp\/v2\/product\/8427","targetHints":{"allow":["GET"]}}],"collection":[{"href":"https:\/\/www.allscore.de\/shop\/en\/wp-json\/wp\/v2\/product"}],"about":[{"href":"https:\/\/www.allscore.de\/shop\/en\/wp-json\/wp\/v2\/types\/product"}],"wp:featuredmedia":[{"embeddable":true,"href":"https:\/\/www.allscore.de\/shop\/en\/wp-json\/wp\/v2\/media\/8428"}],"wp:attachment":[{"href":"https:\/\/www.allscore.de\/shop\/en\/wp-json\/wp\/v2\/media?parent=8427"}],"wp:term":[{"taxonomy":"product_brand","embeddable":true,"href":"https:\/\/www.allscore.de\/shop\/en\/wp-json\/wp\/v2\/product_brand?post=8427"},{"taxonomy":"product_cat","embeddable":true,"href":"https:\/\/www.allscore.de\/shop\/en\/wp-json\/wp\/v2\/product_cat?post=8427"},{"taxonomy":"product_tag","embeddable":true,"href":"https:\/\/www.allscore.de\/shop\/en\/wp-json\/wp\/v2\/product_tag?post=8427"}],"curies":[{"name":"wp","href":"https:\/\/api.w.org\/{rel}","templated":true}]}}