{"id":8424,"date":"2017-03-06T16:45:13","date_gmt":"2020-07-06T14:45:13","guid":{"rendered":"https:\/\/www.allscore.de\/shop\/produkt\/charlie-chan-2-der-chinesische-papagei\/"},"modified":"2022-06-13T16:22:18","modified_gmt":"2022-06-13T14:22:18","slug":"charlie-chan-2-der-chinesische-papagei","status":"publish","type":"product","link":"https:\/\/www.allscore.de\/shop\/en\/produkt\/charlie-chan-2-der-chinesische-papagei\/","title":{"rendered":"Charlie Chan 2: Der chinesische Papagei"},"content":{"rendered":"<p>Ein H\u00f6rspiel nach dem Roman &#8216;THE CHINESE PARROT&#8217; von Earl Derr Biggers.<\/p>\n<p>Charlie Chan: Helmut Krauss<br \/>\nWill Holley: Christian Br\u00fcckner<br \/>\nP. J. Madden: Kaspar Eichel<br \/>\nPaula Wendell: Luisa Wietzorek<br \/>\nBob Eden: Michael Pink<br \/>\nAlexander Eden: Eckart Dux<br \/>\nSally Phillimore: Gabriele Schramm<br \/>\nVictor Phillimore: Santiago Ziesmer<br \/>\nMartin Torn: Reent Reins<br \/>\nPhil Maydorf: Bernd Vollbrecht<br \/>\nLouie Wong: Peter Weis<br \/>\nTony, der Papagei: Juray Panczak<\/p>\n<p>Regie und Produktion: Gerd Naumann \/ All Score Media<br \/>\nBuch: Marc Freund<br \/>\nMusik: Christian Bluthardt<br \/>\nSounddesign, Mischung &amp; Master: Tom Steinbrecher<\/p>\n<p>Spieldauer: ca. 66 Minuten<\/p>\n","protected":false},"excerpt":{"rendered":"<p>Es ist ein besonders heikler Auftrag, der Charlie Chan nach Eldorado und mitten in die W\u00fcste f\u00fchrt: Er soll eine \u00fcberaus wertvolle Perlenkette ihrem neuen Eigent\u00fcmer, dem millionenschweren Rancher P. J. Madden, \u00fcberbringen. Doch bereits auf der Anreise ereignen sich seltsame Zwischenf\u00e4lle, die den Chinesen zur Vorsicht mahnen. Und die ist nur mehr als berechtigt, denn schon bald kommt es auf der einsam gelegenen Ranch zu einem Mord. Und dieser ist erst der Anfang, denn je weiter Charlie Chan nachforscht, desto mehr mysteri\u00f6se R\u00e4tsel tun sich auf. Eines ist schnell klar: Etwas Seltsames ist vor Kurzem hier geschehen und nicht jeder der Anwesenden spielt mit offenen Karten. In der Abgeschiedenheit der W\u00fcste kommt es schlie\u00dflich zur unvermeidlichen Konfrontation mit einem gef\u00e4hrlichen M\u00f6rder.<\/p>\n","protected":false},"featured_media":8425,"template":"","meta":[],"product_brand":[],"product_cat":[199,200],"product_tag":[],"class_list":{"0":"post-8424","1":"product","2":"type-product","3":"status-publish","4":"has-post-thumbnail","6":"product_cat-hoerspiele-en","7":"product_cat-charlie-chan-en","8":"product_shipping_class-tontraeger-cd-en","9":"entry","10":"clearfix","11":"entry-grid","12":"entry-columns-3","13":"entry-product-module-layout-sidebar-right","14":"thumbnail-color-tone-dark","15":"entry-product","17":"entry-product-grid","19":"first","20":"instock","21":"taxable","22":"shipping-taxable","23":"purchasable","24":"product-type-simple"},"yoast_head":"<!-- This site is optimized with the Yoast SEO plugin v27.4 - https:\/\/yoast.com\/product\/yoast-seo-wordpress\/ -->\n<title>Charlie Chan 2: Der chinesische Papagei<\/title>\n<meta name=\"description\" content=\"Es ist ein besonders heikler Auftrag, der Charlie Chan nach Eldorado und mitten in die W\u00fcste f\u00fchrt: Er soll eine \u00fcberaus wertvolle Perlenkette ihrem neuen Eigent\u00fcmer, dem millionenschweren Rancher P. J. Madden, \u00fcberbringen. Doch bereits auf der Anreise ereignen sich seltsame Zwischenf\u00e4lle, die den Chinesen zur Vorsicht mahnen. Und die ist nur mehr als berechtigt, denn schon bald kommt es auf der einsam gelegenen Ranch zu einem Mord. Und dieser ist erst der Anfang, denn je weiter Charlie Chan nachforscht, desto mehr mysteri\u00f6se R\u00e4tsel tun sich auf. Eines ist schnell klar: Etwas Seltsames ist vor Kurzem hier geschehen und nicht jeder der Anwesenden spielt mit offenen Karten. In der Abgeschiedenheit der W\u00fcste kommt es schlie\u00dflich zur unvermeidlichen Konfrontation mit einem gef\u00e4hrlichen M\u00f6rder.\" \/>\n<meta name=\"robots\" content=\"index, follow, max-snippet:-1, max-image-preview:large, max-video-preview:-1\" \/>\n<link rel=\"canonical\" href=\"https:\/\/www.allscore.de\/shop\/en\/produkt\/charlie-chan-2-der-chinesische-papagei\/\" \/>\n<meta property=\"og:locale\" content=\"en_US\" \/>\n<meta property=\"og:type\" content=\"article\" \/>\n<meta property=\"og:title\" content=\"Charlie Chan 2: Der chinesische Papagei\" \/>\n<meta property=\"og:description\" content=\"Es ist ein besonders heikler Auftrag, der Charlie Chan nach Eldorado und mitten in die W\u00fcste f\u00fchrt: Er soll eine \u00fcberaus wertvolle Perlenkette ihrem neuen Eigent\u00fcmer, dem millionenschweren Rancher P. J. Madden, \u00fcberbringen. Doch bereits auf der Anreise ereignen sich seltsame Zwischenf\u00e4lle, die den Chinesen zur Vorsicht mahnen. Und die ist nur mehr als berechtigt, denn schon bald kommt es auf der einsam gelegenen Ranch zu einem Mord. Und dieser ist erst der Anfang, denn je weiter Charlie Chan nachforscht, desto mehr mysteri\u00f6se R\u00e4tsel tun sich auf. Eines ist schnell klar: Etwas Seltsames ist vor Kurzem hier geschehen und nicht jeder der Anwesenden spielt mit offenen Karten. In der Abgeschiedenheit der W\u00fcste kommt es schlie\u00dflich zur unvermeidlichen Konfrontation mit einem gef\u00e4hrlichen M\u00f6rder.\" \/>\n<meta property=\"og:url\" content=\"https:\/\/www.allscore.de\/shop\/en\/produkt\/charlie-chan-2-der-chinesische-papagei\/\" \/>\n<meta property=\"og:site_name\" content=\"Allscore Shop\" \/>\n<meta property=\"article:modified_time\" content=\"2022-06-13T14:22:18+00:00\" \/>\n<meta property=\"og:image\" content=\"https:\/\/www.allscore.de\/shop\/wp-content\/uploads\/2020\/09\/CC02_1200x1200.jpg\" \/>\n\t<meta property=\"og:image:width\" content=\"1200\" \/>\n\t<meta property=\"og:image:height\" content=\"1200\" \/>\n\t<meta property=\"og:image:type\" content=\"image\/jpeg\" \/>\n<meta name=\"twitter:card\" content=\"summary_large_image\" \/>\n<script type=\"application\/ld+json\" class=\"yoast-schema-graph\">{\"@context\":\"https:\\\/\\\/schema.org\",\"@graph\":[{\"@type\":\"WebPage\",\"@id\":\"https:\\\/\\\/www.allscore.de\\\/shop\\\/en\\\/produkt\\\/charlie-chan-2-der-chinesische-papagei\\\/\",\"url\":\"https:\\\/\\\/www.allscore.de\\\/shop\\\/en\\\/produkt\\\/charlie-chan-2-der-chinesische-papagei\\\/\",\"name\":\"Charlie Chan 2: Der chinesische Papagei\",\"isPartOf\":{\"@id\":\"https:\\\/\\\/www.allscore.de\\\/shop\\\/en\\\/#website\"},\"primaryImageOfPage\":{\"@id\":\"https:\\\/\\\/www.allscore.de\\\/shop\\\/en\\\/produkt\\\/charlie-chan-2-der-chinesische-papagei\\\/#primaryimage\"},\"image\":{\"@id\":\"https:\\\/\\\/www.allscore.de\\\/shop\\\/en\\\/produkt\\\/charlie-chan-2-der-chinesische-papagei\\\/#primaryimage\"},\"thumbnailUrl\":\"https:\\\/\\\/www.allscore.de\\\/shop\\\/wp-content\\\/uploads\\\/2020\\\/09\\\/CC02_1200x1200.jpg\",\"datePublished\":\"2020-07-06T14:45:13+00:00\",\"dateModified\":\"2022-06-13T14:22:18+00:00\",\"description\":\"Es ist ein besonders heikler Auftrag, der Charlie Chan nach Eldorado und mitten in die W\u00fcste f\u00fchrt: Er soll eine \u00fcberaus wertvolle Perlenkette ihrem neuen Eigent\u00fcmer, dem millionenschweren Rancher P. J. Madden, \u00fcberbringen. Doch bereits auf der Anreise ereignen sich seltsame Zwischenf\u00e4lle, die den Chinesen zur Vorsicht mahnen. Und die ist nur mehr als berechtigt, denn schon bald kommt es auf der einsam gelegenen Ranch zu einem Mord. Und dieser ist erst der Anfang, denn je weiter Charlie Chan nachforscht, desto mehr mysteri\u00f6se R\u00e4tsel tun sich auf. Eines ist schnell klar: Etwas Seltsames ist vor Kurzem hier geschehen und nicht jeder der Anwesenden spielt mit offenen Karten. In der Abgeschiedenheit der W\u00fcste kommt es schlie\u00dflich zur unvermeidlichen Konfrontation mit einem gef\u00e4hrlichen M\u00f6rder.\",\"breadcrumb\":{\"@id\":\"https:\\\/\\\/www.allscore.de\\\/shop\\\/en\\\/produkt\\\/charlie-chan-2-der-chinesische-papagei\\\/#breadcrumb\"},\"inLanguage\":\"en-US\",\"potentialAction\":[{\"@type\":\"ReadAction\",\"target\":[\"https:\\\/\\\/www.allscore.de\\\/shop\\\/en\\\/produkt\\\/charlie-chan-2-der-chinesische-papagei\\\/\"]}]},{\"@type\":\"ImageObject\",\"inLanguage\":\"en-US\",\"@id\":\"https:\\\/\\\/www.allscore.de\\\/shop\\\/en\\\/produkt\\\/charlie-chan-2-der-chinesische-papagei\\\/#primaryimage\",\"url\":\"https:\\\/\\\/www.allscore.de\\\/shop\\\/wp-content\\\/uploads\\\/2020\\\/09\\\/CC02_1200x1200.jpg\",\"contentUrl\":\"https:\\\/\\\/www.allscore.de\\\/shop\\\/wp-content\\\/uploads\\\/2020\\\/09\\\/CC02_1200x1200.jpg\",\"width\":1200,\"height\":1200,\"caption\":\"Charlie Chan 2\"},{\"@type\":\"BreadcrumbList\",\"@id\":\"https:\\\/\\\/www.allscore.de\\\/shop\\\/en\\\/produkt\\\/charlie-chan-2-der-chinesische-papagei\\\/#breadcrumb\",\"itemListElement\":[{\"@type\":\"ListItem\",\"position\":1,\"name\":\"Startseite\",\"item\":\"https:\\\/\\\/www.allscore.de\\\/shop\\\/en\\\/\"},{\"@type\":\"ListItem\",\"position\":2,\"name\":\"Products\",\"item\":\"https:\\\/\\\/www.allscore.de\\\/shop\\\/en\\\/shop\\\/\"},{\"@type\":\"ListItem\",\"position\":3,\"name\":\"Charlie Chan 2: Der chinesische Papagei\"}]},{\"@type\":\"WebSite\",\"@id\":\"https:\\\/\\\/www.allscore.de\\\/shop\\\/en\\\/#website\",\"url\":\"https:\\\/\\\/www.allscore.de\\\/shop\\\/en\\\/\",\"name\":\"Allscore Shop\",\"description\":\"All Score Media\",\"publisher\":{\"@id\":\"https:\\\/\\\/www.allscore.de\\\/shop\\\/en\\\/#organization\"},\"potentialAction\":[{\"@type\":\"SearchAction\",\"target\":{\"@type\":\"EntryPoint\",\"urlTemplate\":\"https:\\\/\\\/www.allscore.de\\\/shop\\\/en\\\/?s={search_term_string}\"},\"query-input\":{\"@type\":\"PropertyValueSpecification\",\"valueRequired\":true,\"valueName\":\"search_term_string\"}}],\"inLanguage\":\"en-US\"},{\"@type\":\"Organization\",\"@id\":\"https:\\\/\\\/www.allscore.de\\\/shop\\\/en\\\/#organization\",\"name\":\"All Score Media\",\"alternateName\":\"Allscore\",\"url\":\"https:\\\/\\\/www.allscore.de\\\/shop\\\/en\\\/\",\"logo\":{\"@type\":\"ImageObject\",\"inLanguage\":\"en-US\",\"@id\":\"https:\\\/\\\/www.allscore.de\\\/shop\\\/en\\\/#\\\/schema\\\/logo\\\/image\\\/\",\"url\":\"https:\\\/\\\/www.allscore.de\\\/shop\\\/wp-content\\\/uploads\\\/2026\\\/01\\\/Logo_Yoast_Shop_2026.png\",\"contentUrl\":\"https:\\\/\\\/www.allscore.de\\\/shop\\\/wp-content\\\/uploads\\\/2026\\\/01\\\/Logo_Yoast_Shop_2026.png\",\"width\":696,\"height\":696,\"caption\":\"All Score Media\"},\"image\":{\"@id\":\"https:\\\/\\\/www.allscore.de\\\/shop\\\/en\\\/#\\\/schema\\\/logo\\\/image\\\/\"}}]}<\/script>\n<!-- \/ Yoast SEO plugin. -->","yoast_head_json":{"title":"Charlie Chan 2: Der chinesische Papagei","description":"Es ist ein besonders heikler Auftrag, der Charlie Chan nach Eldorado und mitten in die W\u00fcste f\u00fchrt: Er soll eine \u00fcberaus wertvolle Perlenkette ihrem neuen Eigent\u00fcmer, dem millionenschweren Rancher P. J. Madden, \u00fcberbringen. Doch bereits auf der Anreise ereignen sich seltsame Zwischenf\u00e4lle, die den Chinesen zur Vorsicht mahnen. Und die ist nur mehr als berechtigt, denn schon bald kommt es auf der einsam gelegenen Ranch zu einem Mord. Und dieser ist erst der Anfang, denn je weiter Charlie Chan nachforscht, desto mehr mysteri\u00f6se R\u00e4tsel tun sich auf. Eines ist schnell klar: Etwas Seltsames ist vor Kurzem hier geschehen und nicht jeder der Anwesenden spielt mit offenen Karten. In der Abgeschiedenheit der W\u00fcste kommt es schlie\u00dflich zur unvermeidlichen Konfrontation mit einem gef\u00e4hrlichen M\u00f6rder.","robots":{"index":"index","follow":"follow","max-snippet":"max-snippet:-1","max-image-preview":"max-image-preview:large","max-video-preview":"max-video-preview:-1"},"canonical":"https:\/\/www.allscore.de\/shop\/en\/produkt\/charlie-chan-2-der-chinesische-papagei\/","og_locale":"en_US","og_type":"article","og_title":"Charlie Chan 2: Der chinesische Papagei","og_description":"Es ist ein besonders heikler Auftrag, der Charlie Chan nach Eldorado und mitten in die W\u00fcste f\u00fchrt: Er soll eine \u00fcberaus wertvolle Perlenkette ihrem neuen Eigent\u00fcmer, dem millionenschweren Rancher P. J. Madden, \u00fcberbringen. Doch bereits auf der Anreise ereignen sich seltsame Zwischenf\u00e4lle, die den Chinesen zur Vorsicht mahnen. Und die ist nur mehr als berechtigt, denn schon bald kommt es auf der einsam gelegenen Ranch zu einem Mord. Und dieser ist erst der Anfang, denn je weiter Charlie Chan nachforscht, desto mehr mysteri\u00f6se R\u00e4tsel tun sich auf. Eines ist schnell klar: Etwas Seltsames ist vor Kurzem hier geschehen und nicht jeder der Anwesenden spielt mit offenen Karten. In der Abgeschiedenheit der W\u00fcste kommt es schlie\u00dflich zur unvermeidlichen Konfrontation mit einem gef\u00e4hrlichen M\u00f6rder.","og_url":"https:\/\/www.allscore.de\/shop\/en\/produkt\/charlie-chan-2-der-chinesische-papagei\/","og_site_name":"Allscore Shop","article_modified_time":"2022-06-13T14:22:18+00:00","og_image":[{"width":1200,"height":1200,"url":"https:\/\/www.allscore.de\/shop\/wp-content\/uploads\/2020\/09\/CC02_1200x1200.jpg","type":"image\/jpeg"}],"twitter_card":"summary_large_image","schema":{"@context":"https:\/\/schema.org","@graph":[{"@type":"WebPage","@id":"https:\/\/www.allscore.de\/shop\/en\/produkt\/charlie-chan-2-der-chinesische-papagei\/","url":"https:\/\/www.allscore.de\/shop\/en\/produkt\/charlie-chan-2-der-chinesische-papagei\/","name":"Charlie Chan 2: Der chinesische Papagei","isPartOf":{"@id":"https:\/\/www.allscore.de\/shop\/en\/#website"},"primaryImageOfPage":{"@id":"https:\/\/www.allscore.de\/shop\/en\/produkt\/charlie-chan-2-der-chinesische-papagei\/#primaryimage"},"image":{"@id":"https:\/\/www.allscore.de\/shop\/en\/produkt\/charlie-chan-2-der-chinesische-papagei\/#primaryimage"},"thumbnailUrl":"https:\/\/www.allscore.de\/shop\/wp-content\/uploads\/2020\/09\/CC02_1200x1200.jpg","datePublished":"2020-07-06T14:45:13+00:00","dateModified":"2022-06-13T14:22:18+00:00","description":"Es ist ein besonders heikler Auftrag, der Charlie Chan nach Eldorado und mitten in die W\u00fcste f\u00fchrt: Er soll eine \u00fcberaus wertvolle Perlenkette ihrem neuen Eigent\u00fcmer, dem millionenschweren Rancher P. J. Madden, \u00fcberbringen. Doch bereits auf der Anreise ereignen sich seltsame Zwischenf\u00e4lle, die den Chinesen zur Vorsicht mahnen. Und die ist nur mehr als berechtigt, denn schon bald kommt es auf der einsam gelegenen Ranch zu einem Mord. Und dieser ist erst der Anfang, denn je weiter Charlie Chan nachforscht, desto mehr mysteri\u00f6se R\u00e4tsel tun sich auf. Eines ist schnell klar: Etwas Seltsames ist vor Kurzem hier geschehen und nicht jeder der Anwesenden spielt mit offenen Karten. In der Abgeschiedenheit der W\u00fcste kommt es schlie\u00dflich zur unvermeidlichen Konfrontation mit einem gef\u00e4hrlichen M\u00f6rder.","breadcrumb":{"@id":"https:\/\/www.allscore.de\/shop\/en\/produkt\/charlie-chan-2-der-chinesische-papagei\/#breadcrumb"},"inLanguage":"en-US","potentialAction":[{"@type":"ReadAction","target":["https:\/\/www.allscore.de\/shop\/en\/produkt\/charlie-chan-2-der-chinesische-papagei\/"]}]},{"@type":"ImageObject","inLanguage":"en-US","@id":"https:\/\/www.allscore.de\/shop\/en\/produkt\/charlie-chan-2-der-chinesische-papagei\/#primaryimage","url":"https:\/\/www.allscore.de\/shop\/wp-content\/uploads\/2020\/09\/CC02_1200x1200.jpg","contentUrl":"https:\/\/www.allscore.de\/shop\/wp-content\/uploads\/2020\/09\/CC02_1200x1200.jpg","width":1200,"height":1200,"caption":"Charlie Chan 2"},{"@type":"BreadcrumbList","@id":"https:\/\/www.allscore.de\/shop\/en\/produkt\/charlie-chan-2-der-chinesische-papagei\/#breadcrumb","itemListElement":[{"@type":"ListItem","position":1,"name":"Startseite","item":"https:\/\/www.allscore.de\/shop\/en\/"},{"@type":"ListItem","position":2,"name":"Products","item":"https:\/\/www.allscore.de\/shop\/en\/shop\/"},{"@type":"ListItem","position":3,"name":"Charlie Chan 2: Der chinesische Papagei"}]},{"@type":"WebSite","@id":"https:\/\/www.allscore.de\/shop\/en\/#website","url":"https:\/\/www.allscore.de\/shop\/en\/","name":"Allscore Shop","description":"All Score Media","publisher":{"@id":"https:\/\/www.allscore.de\/shop\/en\/#organization"},"potentialAction":[{"@type":"SearchAction","target":{"@type":"EntryPoint","urlTemplate":"https:\/\/www.allscore.de\/shop\/en\/?s={search_term_string}"},"query-input":{"@type":"PropertyValueSpecification","valueRequired":true,"valueName":"search_term_string"}}],"inLanguage":"en-US"},{"@type":"Organization","@id":"https:\/\/www.allscore.de\/shop\/en\/#organization","name":"All Score Media","alternateName":"Allscore","url":"https:\/\/www.allscore.de\/shop\/en\/","logo":{"@type":"ImageObject","inLanguage":"en-US","@id":"https:\/\/www.allscore.de\/shop\/en\/#\/schema\/logo\/image\/","url":"https:\/\/www.allscore.de\/shop\/wp-content\/uploads\/2026\/01\/Logo_Yoast_Shop_2026.png","contentUrl":"https:\/\/www.allscore.de\/shop\/wp-content\/uploads\/2026\/01\/Logo_Yoast_Shop_2026.png","width":696,"height":696,"caption":"All Score Media"},"image":{"@id":"https:\/\/www.allscore.de\/shop\/en\/#\/schema\/logo\/image\/"}}]}},"_links":{"self":[{"href":"https:\/\/www.allscore.de\/shop\/en\/wp-json\/wp\/v2\/product\/8424","targetHints":{"allow":["GET"]}}],"collection":[{"href":"https:\/\/www.allscore.de\/shop\/en\/wp-json\/wp\/v2\/product"}],"about":[{"href":"https:\/\/www.allscore.de\/shop\/en\/wp-json\/wp\/v2\/types\/product"}],"wp:featuredmedia":[{"embeddable":true,"href":"https:\/\/www.allscore.de\/shop\/en\/wp-json\/wp\/v2\/media\/8425"}],"wp:attachment":[{"href":"https:\/\/www.allscore.de\/shop\/en\/wp-json\/wp\/v2\/media?parent=8424"}],"wp:term":[{"taxonomy":"product_brand","embeddable":true,"href":"https:\/\/www.allscore.de\/shop\/en\/wp-json\/wp\/v2\/product_brand?post=8424"},{"taxonomy":"product_cat","embeddable":true,"href":"https:\/\/www.allscore.de\/shop\/en\/wp-json\/wp\/v2\/product_cat?post=8424"},{"taxonomy":"product_tag","embeddable":true,"href":"https:\/\/www.allscore.de\/shop\/en\/wp-json\/wp\/v2\/product_tag?post=8424"}],"curies":[{"name":"wp","href":"https:\/\/api.w.org\/{rel}","templated":true}]}}