{"id":8420,"date":"2017-06-04T20:41:21","date_gmt":"2020-10-04T18:41:22","guid":{"rendered":"https:\/\/www.allscore.de\/shop\/?post_type=product&#038;p=8420"},"modified":"2021-07-16T16:16:25","modified_gmt":"2021-07-16T14:16:25","slug":"charlie-chan-3-hinter-dem-vorhang","status":"publish","type":"product","link":"https:\/\/www.allscore.de\/shop\/en\/produkt\/charlie-chan-3-hinter-dem-vorhang\/","title":{"rendered":"Charlie Chan 3: Hinter dem Vorhang"},"content":{"rendered":"<p>Ein H\u00f6rspiel nach dem Roman &#8216;BEHIND THAT CURTAIN&#8217; von Earl Derr Biggers.<\/p>\n<p>Charlie Chan: Helmut Krauss<br \/>Barry Kirk: Bodo Wolf<br \/>June Morrow: Sandra Steinbach<br \/>Captain Flannery: Peter Groeger<br \/>Sir Frederic Bruce: Mogens von Gadow<br \/>Miss Dawson Kirk: Elga Sch\u00fctz<br \/>Mr. Paradise: Udo Schenk<br \/>Miss Tupper-Brock: Margrit Stra\u00dfburger<br \/>Colonel John Beetham: Jochen Schr\u00f6der<br \/>Gloria Garland: Kerstin Draeger<br \/>Grace Lane: Ulrike St\u00fcrzbecher<br \/>Eric Durand: Christian Rode<br \/>Mr. Needle: Martin Kautz<br \/>Inspector Duff: Lutz Riedel<\/p>\n<p>Regie und Produktion: Gerd Naumann \/ All Score Media<br \/>Buch: Marc Freund<br \/>Musik: Christian Bluthardt<br \/>Sounddesign, Mischung &amp; Master: Tom Steinbrecher<\/p>\n<p>Spieldauer: ca. 79 Minuten<\/p>\n","protected":false},"excerpt":{"rendered":"<p>San Francisco &#8211; eine Stadt im Nebel. W\u00e4hrend einer Filmvorf\u00fchrung auf einer Dinnerparty wird Sir Frederic Bruce ermordet aufgefunden. Bei der Leiche handelt es sich um einen ehemaligen ranghohen Beamten von Scotland Yard. Sir Frederic hatte kurz zuvor noch \u00fcber seinen ber\u00fchmtesten ungel\u00f6sten Fall gesprochen, in dem es um die vor Jahren spurlos in Indien verschwundene Engl\u00e4nderin Eve Durand ging. Der Tod des ehemaligen Yard-Chefs gibt viele R\u00e4tsel auf. F\u00fchrte ihn eine neue Spur nach San Francisco? Unter dem Schleier des Nebels muss Charlie Chan einen seiner r\u00e4tselhaftesten F\u00e4lle l\u00f6sen: Was geschah wirklich mit Eve Durand und wer ist der M\u00f6rder, der im Schutz des Nebelvorhangs gnadenlos zuschl\u00e4gt?<\/p>\n","protected":false},"featured_media":8418,"template":"","meta":[],"product_brand":[],"product_cat":[199,200],"product_tag":[],"class_list":{"0":"post-8420","1":"product","2":"type-product","3":"status-publish","4":"has-post-thumbnail","6":"product_cat-hoerspiele-en","7":"product_cat-charlie-chan-en","8":"product_shipping_class-tontraeger-cd-en","9":"entry","10":"clearfix","11":"entry-grid","12":"entry-columns-3","13":"entry-product-module-layout-sidebar-right","14":"thumbnail-color-tone-dark","15":"entry-product","17":"entry-product-grid","19":"first","20":"instock","21":"taxable","22":"shipping-taxable","23":"purchasable","24":"product-type-simple"},"yoast_head":"<!-- This site is optimized with the Yoast SEO plugin v27.3 - https:\/\/yoast.com\/product\/yoast-seo-wordpress\/ -->\n<title>Charlie Chan 3: Hinter dem Vorhang<\/title>\n<meta name=\"description\" content=\"San Francisco - eine Stadt im Nebel. W\u00e4hrend einer Filmvorf\u00fchrung auf einer Dinnerparty wird Sir Frederic Bruce ermordet aufgefunden. Bei der Leiche handelt es sich um einen ehemaligen ranghohen Beamten von Scotland Yard. Sir Frederic hatte kurz zuvor noch \u00fcber seinen ber\u00fchmtesten ungel\u00f6sten Fall gesprochen, in dem es um die vor Jahren spurlos in Indien verschwundene Engl\u00e4nderin Eve Durand ging. Der Tod des ehemaligen Yard-Chefs gibt viele R\u00e4tsel auf. F\u00fchrte ihn eine neue Spur nach San Francisco? Unter dem Schleier des Nebels muss Charlie Chan einen seiner r\u00e4tselhaftesten F\u00e4lle l\u00f6sen: Was geschah wirklich mit Eve Durand und wer ist der M\u00f6rder, der im Schutz des Nebelvorhangs gnadenlos zuschl\u00e4gt?\" \/>\n<meta name=\"robots\" content=\"index, follow, max-snippet:-1, max-image-preview:large, max-video-preview:-1\" \/>\n<link rel=\"canonical\" href=\"https:\/\/www.allscore.de\/shop\/en\/produkt\/charlie-chan-3-hinter-dem-vorhang\/\" \/>\n<meta property=\"og:locale\" content=\"en_US\" \/>\n<meta property=\"og:type\" content=\"article\" \/>\n<meta property=\"og:title\" content=\"Charlie Chan 3: Hinter dem Vorhang\" \/>\n<meta property=\"og:description\" content=\"San Francisco - eine Stadt im Nebel. W\u00e4hrend einer Filmvorf\u00fchrung auf einer Dinnerparty wird Sir Frederic Bruce ermordet aufgefunden. Bei der Leiche handelt es sich um einen ehemaligen ranghohen Beamten von Scotland Yard. Sir Frederic hatte kurz zuvor noch \u00fcber seinen ber\u00fchmtesten ungel\u00f6sten Fall gesprochen, in dem es um die vor Jahren spurlos in Indien verschwundene Engl\u00e4nderin Eve Durand ging. Der Tod des ehemaligen Yard-Chefs gibt viele R\u00e4tsel auf. F\u00fchrte ihn eine neue Spur nach San Francisco? Unter dem Schleier des Nebels muss Charlie Chan einen seiner r\u00e4tselhaftesten F\u00e4lle l\u00f6sen: Was geschah wirklich mit Eve Durand und wer ist der M\u00f6rder, der im Schutz des Nebelvorhangs gnadenlos zuschl\u00e4gt?\" \/>\n<meta property=\"og:url\" content=\"https:\/\/www.allscore.de\/shop\/en\/produkt\/charlie-chan-3-hinter-dem-vorhang\/\" \/>\n<meta property=\"og:site_name\" content=\"Allscore Shop\" \/>\n<meta property=\"article:modified_time\" content=\"2021-07-16T14:16:25+00:00\" \/>\n<meta property=\"og:image\" content=\"https:\/\/www.allscore.de\/shop\/wp-content\/uploads\/2020\/09\/CC04_1200x1200.jpg\" \/>\n\t<meta property=\"og:image:width\" content=\"1200\" \/>\n\t<meta property=\"og:image:height\" content=\"1200\" \/>\n\t<meta property=\"og:image:type\" content=\"image\/jpeg\" \/>\n<meta name=\"twitter:card\" content=\"summary_large_image\" \/>\n<script type=\"application\/ld+json\" class=\"yoast-schema-graph\">{\"@context\":\"https:\\\/\\\/schema.org\",\"@graph\":[{\"@type\":\"WebPage\",\"@id\":\"https:\\\/\\\/www.allscore.de\\\/shop\\\/en\\\/produkt\\\/charlie-chan-3-hinter-dem-vorhang\\\/\",\"url\":\"https:\\\/\\\/www.allscore.de\\\/shop\\\/en\\\/produkt\\\/charlie-chan-3-hinter-dem-vorhang\\\/\",\"name\":\"Charlie Chan 3: Hinter dem Vorhang\",\"isPartOf\":{\"@id\":\"https:\\\/\\\/www.allscore.de\\\/shop\\\/en\\\/#website\"},\"primaryImageOfPage\":{\"@id\":\"https:\\\/\\\/www.allscore.de\\\/shop\\\/en\\\/produkt\\\/charlie-chan-3-hinter-dem-vorhang\\\/#primaryimage\"},\"image\":{\"@id\":\"https:\\\/\\\/www.allscore.de\\\/shop\\\/en\\\/produkt\\\/charlie-chan-3-hinter-dem-vorhang\\\/#primaryimage\"},\"thumbnailUrl\":\"https:\\\/\\\/www.allscore.de\\\/shop\\\/wp-content\\\/uploads\\\/2020\\\/09\\\/CC04_1200x1200.jpg\",\"datePublished\":\"2020-10-04T18:41:22+00:00\",\"dateModified\":\"2021-07-16T14:16:25+00:00\",\"description\":\"San Francisco - eine Stadt im Nebel. W\u00e4hrend einer Filmvorf\u00fchrung auf einer Dinnerparty wird Sir Frederic Bruce ermordet aufgefunden. Bei der Leiche handelt es sich um einen ehemaligen ranghohen Beamten von Scotland Yard. Sir Frederic hatte kurz zuvor noch \u00fcber seinen ber\u00fchmtesten ungel\u00f6sten Fall gesprochen, in dem es um die vor Jahren spurlos in Indien verschwundene Engl\u00e4nderin Eve Durand ging. Der Tod des ehemaligen Yard-Chefs gibt viele R\u00e4tsel auf. F\u00fchrte ihn eine neue Spur nach San Francisco? Unter dem Schleier des Nebels muss Charlie Chan einen seiner r\u00e4tselhaftesten F\u00e4lle l\u00f6sen: Was geschah wirklich mit Eve Durand und wer ist der M\u00f6rder, der im Schutz des Nebelvorhangs gnadenlos zuschl\u00e4gt?\",\"breadcrumb\":{\"@id\":\"https:\\\/\\\/www.allscore.de\\\/shop\\\/en\\\/produkt\\\/charlie-chan-3-hinter-dem-vorhang\\\/#breadcrumb\"},\"inLanguage\":\"en-US\",\"potentialAction\":[{\"@type\":\"ReadAction\",\"target\":[\"https:\\\/\\\/www.allscore.de\\\/shop\\\/en\\\/produkt\\\/charlie-chan-3-hinter-dem-vorhang\\\/\"]}]},{\"@type\":\"ImageObject\",\"inLanguage\":\"en-US\",\"@id\":\"https:\\\/\\\/www.allscore.de\\\/shop\\\/en\\\/produkt\\\/charlie-chan-3-hinter-dem-vorhang\\\/#primaryimage\",\"url\":\"https:\\\/\\\/www.allscore.de\\\/shop\\\/wp-content\\\/uploads\\\/2020\\\/09\\\/CC04_1200x1200.jpg\",\"contentUrl\":\"https:\\\/\\\/www.allscore.de\\\/shop\\\/wp-content\\\/uploads\\\/2020\\\/09\\\/CC04_1200x1200.jpg\",\"width\":1200,\"height\":1200,\"caption\":\"Charlie Chan 4\"},{\"@type\":\"BreadcrumbList\",\"@id\":\"https:\\\/\\\/www.allscore.de\\\/shop\\\/en\\\/produkt\\\/charlie-chan-3-hinter-dem-vorhang\\\/#breadcrumb\",\"itemListElement\":[{\"@type\":\"ListItem\",\"position\":1,\"name\":\"Startseite\",\"item\":\"https:\\\/\\\/www.allscore.de\\\/shop\\\/en\\\/\"},{\"@type\":\"ListItem\",\"position\":2,\"name\":\"Products\",\"item\":\"https:\\\/\\\/www.allscore.de\\\/shop\\\/en\\\/shop\\\/\"},{\"@type\":\"ListItem\",\"position\":3,\"name\":\"Charlie Chan 3: Hinter dem Vorhang\"}]},{\"@type\":\"WebSite\",\"@id\":\"https:\\\/\\\/www.allscore.de\\\/shop\\\/en\\\/#website\",\"url\":\"https:\\\/\\\/www.allscore.de\\\/shop\\\/en\\\/\",\"name\":\"Allscore Shop\",\"description\":\"All Score Media\",\"publisher\":{\"@id\":\"https:\\\/\\\/www.allscore.de\\\/shop\\\/en\\\/#organization\"},\"potentialAction\":[{\"@type\":\"SearchAction\",\"target\":{\"@type\":\"EntryPoint\",\"urlTemplate\":\"https:\\\/\\\/www.allscore.de\\\/shop\\\/en\\\/?s={search_term_string}\"},\"query-input\":{\"@type\":\"PropertyValueSpecification\",\"valueRequired\":true,\"valueName\":\"search_term_string\"}}],\"inLanguage\":\"en-US\"},{\"@type\":\"Organization\",\"@id\":\"https:\\\/\\\/www.allscore.de\\\/shop\\\/en\\\/#organization\",\"name\":\"All Score Media\",\"alternateName\":\"Allscore\",\"url\":\"https:\\\/\\\/www.allscore.de\\\/shop\\\/en\\\/\",\"logo\":{\"@type\":\"ImageObject\",\"inLanguage\":\"en-US\",\"@id\":\"https:\\\/\\\/www.allscore.de\\\/shop\\\/en\\\/#\\\/schema\\\/logo\\\/image\\\/\",\"url\":\"https:\\\/\\\/www.allscore.de\\\/shop\\\/wp-content\\\/uploads\\\/2026\\\/01\\\/Logo_Yoast_Shop_2026.png\",\"contentUrl\":\"https:\\\/\\\/www.allscore.de\\\/shop\\\/wp-content\\\/uploads\\\/2026\\\/01\\\/Logo_Yoast_Shop_2026.png\",\"width\":696,\"height\":696,\"caption\":\"All Score Media\"},\"image\":{\"@id\":\"https:\\\/\\\/www.allscore.de\\\/shop\\\/en\\\/#\\\/schema\\\/logo\\\/image\\\/\"}}]}<\/script>\n<!-- \/ Yoast SEO plugin. -->","yoast_head_json":{"title":"Charlie Chan 3: Hinter dem Vorhang","description":"San Francisco - eine Stadt im Nebel. W\u00e4hrend einer Filmvorf\u00fchrung auf einer Dinnerparty wird Sir Frederic Bruce ermordet aufgefunden. Bei der Leiche handelt es sich um einen ehemaligen ranghohen Beamten von Scotland Yard. Sir Frederic hatte kurz zuvor noch \u00fcber seinen ber\u00fchmtesten ungel\u00f6sten Fall gesprochen, in dem es um die vor Jahren spurlos in Indien verschwundene Engl\u00e4nderin Eve Durand ging. Der Tod des ehemaligen Yard-Chefs gibt viele R\u00e4tsel auf. F\u00fchrte ihn eine neue Spur nach San Francisco? Unter dem Schleier des Nebels muss Charlie Chan einen seiner r\u00e4tselhaftesten F\u00e4lle l\u00f6sen: Was geschah wirklich mit Eve Durand und wer ist der M\u00f6rder, der im Schutz des Nebelvorhangs gnadenlos zuschl\u00e4gt?","robots":{"index":"index","follow":"follow","max-snippet":"max-snippet:-1","max-image-preview":"max-image-preview:large","max-video-preview":"max-video-preview:-1"},"canonical":"https:\/\/www.allscore.de\/shop\/en\/produkt\/charlie-chan-3-hinter-dem-vorhang\/","og_locale":"en_US","og_type":"article","og_title":"Charlie Chan 3: Hinter dem Vorhang","og_description":"San Francisco - eine Stadt im Nebel. W\u00e4hrend einer Filmvorf\u00fchrung auf einer Dinnerparty wird Sir Frederic Bruce ermordet aufgefunden. Bei der Leiche handelt es sich um einen ehemaligen ranghohen Beamten von Scotland Yard. Sir Frederic hatte kurz zuvor noch \u00fcber seinen ber\u00fchmtesten ungel\u00f6sten Fall gesprochen, in dem es um die vor Jahren spurlos in Indien verschwundene Engl\u00e4nderin Eve Durand ging. Der Tod des ehemaligen Yard-Chefs gibt viele R\u00e4tsel auf. F\u00fchrte ihn eine neue Spur nach San Francisco? Unter dem Schleier des Nebels muss Charlie Chan einen seiner r\u00e4tselhaftesten F\u00e4lle l\u00f6sen: Was geschah wirklich mit Eve Durand und wer ist der M\u00f6rder, der im Schutz des Nebelvorhangs gnadenlos zuschl\u00e4gt?","og_url":"https:\/\/www.allscore.de\/shop\/en\/produkt\/charlie-chan-3-hinter-dem-vorhang\/","og_site_name":"Allscore Shop","article_modified_time":"2021-07-16T14:16:25+00:00","og_image":[{"width":1200,"height":1200,"url":"https:\/\/www.allscore.de\/shop\/wp-content\/uploads\/2020\/09\/CC04_1200x1200.jpg","type":"image\/jpeg"}],"twitter_card":"summary_large_image","schema":{"@context":"https:\/\/schema.org","@graph":[{"@type":"WebPage","@id":"https:\/\/www.allscore.de\/shop\/en\/produkt\/charlie-chan-3-hinter-dem-vorhang\/","url":"https:\/\/www.allscore.de\/shop\/en\/produkt\/charlie-chan-3-hinter-dem-vorhang\/","name":"Charlie Chan 3: Hinter dem Vorhang","isPartOf":{"@id":"https:\/\/www.allscore.de\/shop\/en\/#website"},"primaryImageOfPage":{"@id":"https:\/\/www.allscore.de\/shop\/en\/produkt\/charlie-chan-3-hinter-dem-vorhang\/#primaryimage"},"image":{"@id":"https:\/\/www.allscore.de\/shop\/en\/produkt\/charlie-chan-3-hinter-dem-vorhang\/#primaryimage"},"thumbnailUrl":"https:\/\/www.allscore.de\/shop\/wp-content\/uploads\/2020\/09\/CC04_1200x1200.jpg","datePublished":"2020-10-04T18:41:22+00:00","dateModified":"2021-07-16T14:16:25+00:00","description":"San Francisco - eine Stadt im Nebel. W\u00e4hrend einer Filmvorf\u00fchrung auf einer Dinnerparty wird Sir Frederic Bruce ermordet aufgefunden. Bei der Leiche handelt es sich um einen ehemaligen ranghohen Beamten von Scotland Yard. Sir Frederic hatte kurz zuvor noch \u00fcber seinen ber\u00fchmtesten ungel\u00f6sten Fall gesprochen, in dem es um die vor Jahren spurlos in Indien verschwundene Engl\u00e4nderin Eve Durand ging. Der Tod des ehemaligen Yard-Chefs gibt viele R\u00e4tsel auf. F\u00fchrte ihn eine neue Spur nach San Francisco? Unter dem Schleier des Nebels muss Charlie Chan einen seiner r\u00e4tselhaftesten F\u00e4lle l\u00f6sen: Was geschah wirklich mit Eve Durand und wer ist der M\u00f6rder, der im Schutz des Nebelvorhangs gnadenlos zuschl\u00e4gt?","breadcrumb":{"@id":"https:\/\/www.allscore.de\/shop\/en\/produkt\/charlie-chan-3-hinter-dem-vorhang\/#breadcrumb"},"inLanguage":"en-US","potentialAction":[{"@type":"ReadAction","target":["https:\/\/www.allscore.de\/shop\/en\/produkt\/charlie-chan-3-hinter-dem-vorhang\/"]}]},{"@type":"ImageObject","inLanguage":"en-US","@id":"https:\/\/www.allscore.de\/shop\/en\/produkt\/charlie-chan-3-hinter-dem-vorhang\/#primaryimage","url":"https:\/\/www.allscore.de\/shop\/wp-content\/uploads\/2020\/09\/CC04_1200x1200.jpg","contentUrl":"https:\/\/www.allscore.de\/shop\/wp-content\/uploads\/2020\/09\/CC04_1200x1200.jpg","width":1200,"height":1200,"caption":"Charlie Chan 4"},{"@type":"BreadcrumbList","@id":"https:\/\/www.allscore.de\/shop\/en\/produkt\/charlie-chan-3-hinter-dem-vorhang\/#breadcrumb","itemListElement":[{"@type":"ListItem","position":1,"name":"Startseite","item":"https:\/\/www.allscore.de\/shop\/en\/"},{"@type":"ListItem","position":2,"name":"Products","item":"https:\/\/www.allscore.de\/shop\/en\/shop\/"},{"@type":"ListItem","position":3,"name":"Charlie Chan 3: Hinter dem Vorhang"}]},{"@type":"WebSite","@id":"https:\/\/www.allscore.de\/shop\/en\/#website","url":"https:\/\/www.allscore.de\/shop\/en\/","name":"Allscore Shop","description":"All Score Media","publisher":{"@id":"https:\/\/www.allscore.de\/shop\/en\/#organization"},"potentialAction":[{"@type":"SearchAction","target":{"@type":"EntryPoint","urlTemplate":"https:\/\/www.allscore.de\/shop\/en\/?s={search_term_string}"},"query-input":{"@type":"PropertyValueSpecification","valueRequired":true,"valueName":"search_term_string"}}],"inLanguage":"en-US"},{"@type":"Organization","@id":"https:\/\/www.allscore.de\/shop\/en\/#organization","name":"All Score Media","alternateName":"Allscore","url":"https:\/\/www.allscore.de\/shop\/en\/","logo":{"@type":"ImageObject","inLanguage":"en-US","@id":"https:\/\/www.allscore.de\/shop\/en\/#\/schema\/logo\/image\/","url":"https:\/\/www.allscore.de\/shop\/wp-content\/uploads\/2026\/01\/Logo_Yoast_Shop_2026.png","contentUrl":"https:\/\/www.allscore.de\/shop\/wp-content\/uploads\/2026\/01\/Logo_Yoast_Shop_2026.png","width":696,"height":696,"caption":"All Score Media"},"image":{"@id":"https:\/\/www.allscore.de\/shop\/en\/#\/schema\/logo\/image\/"}}]}},"_links":{"self":[{"href":"https:\/\/www.allscore.de\/shop\/en\/wp-json\/wp\/v2\/product\/8420","targetHints":{"allow":["GET"]}}],"collection":[{"href":"https:\/\/www.allscore.de\/shop\/en\/wp-json\/wp\/v2\/product"}],"about":[{"href":"https:\/\/www.allscore.de\/shop\/en\/wp-json\/wp\/v2\/types\/product"}],"wp:featuredmedia":[{"embeddable":true,"href":"https:\/\/www.allscore.de\/shop\/en\/wp-json\/wp\/v2\/media\/8418"}],"wp:attachment":[{"href":"https:\/\/www.allscore.de\/shop\/en\/wp-json\/wp\/v2\/media?parent=8420"}],"wp:term":[{"taxonomy":"product_brand","embeddable":true,"href":"https:\/\/www.allscore.de\/shop\/en\/wp-json\/wp\/v2\/product_brand?post=8420"},{"taxonomy":"product_cat","embeddable":true,"href":"https:\/\/www.allscore.de\/shop\/en\/wp-json\/wp\/v2\/product_cat?post=8420"},{"taxonomy":"product_tag","embeddable":true,"href":"https:\/\/www.allscore.de\/shop\/en\/wp-json\/wp\/v2\/product_tag?post=8420"}],"curies":[{"name":"wp","href":"https:\/\/api.w.org\/{rel}","templated":true}]}}