{"id":8417,"date":"2017-10-07T14:42:07","date_gmt":"2020-07-07T12:42:07","guid":{"rendered":"https:\/\/www.allscore.de\/shop\/produkt\/charlie-chan-4-das-schwarze-kamel\/"},"modified":"2020-07-07T14:42:07","modified_gmt":"2020-07-07T12:42:07","slug":"charlie-chan-4-das-schwarze-kamel","status":"publish","type":"product","link":"https:\/\/www.allscore.de\/shop\/en\/produkt\/charlie-chan-4-das-schwarze-kamel\/","title":{"rendered":"Charlie Chan 4: Das schwarze Kamel"},"content":{"rendered":"<p>Ein H\u00f6rspiel nach dem Roman \u201aTHE BLACK CAMEL\u2018 von Earl Derr Biggers.<\/p>\n<p>Charlie Chan: Helmut Krauss<br \/>&#8216;Chef&#8217;: Uwe Jellinek<br \/>Tarneverro: Thomas Schmuckert<br \/>Shelah Fane: Luisa Wietzorek<br \/>Alan Jaynes: Tino Kie\u00dfling<br \/>Jim Bradshaw: Nicolai Tegeler<br \/>Julie O\u2019Neill: Marieke Oeffinger<br \/>Huntley van Horn: Peter Weis<br \/>Butler Jessop: Joachim Kaps<br \/>Anna Robinson: Jenny L\u00f6ffler<br \/>Mister Murdock: Tobias Nath<br \/>Wu Kno-Ching: Wolfgang Draeger<br \/>Thomas Mac Master: Bernd Stephan<\/p>\n<p>Regie und Produktion: Gerd Naumann \/ All Score Media<br \/>Buch: Marc Freund<br \/>Musik: Christian Bluthardt<br \/>Sounddesign, Mischung &amp; Master: Tom Steinbrecher<\/p>\n<p>Spieldauer: ca. 79 Minuten<\/p>\n","protected":false},"excerpt":{"rendered":"<p>Wer t\u00f6tete Denny Mayo und was wei\u00df die Schauspielerin Shelah Fane, die sich in ein Strandhaus nach Honolulu zur\u00fcckzieht, \u00fcber diesen Mordfall? Noch ehe diese Fragen ganz gekl\u00e4rt werden k\u00f6nnen, wird die Hollywoodsch\u00f6nheit selbst zu einem Mordopfer. Charlie Chan nimmt die Ermittlungen auf und st\u00f6\u00dft schon bald auf allerhand Ungereimtheiten. Es hat den Anschein, als h\u00e4tte ihn ein \u00e4u\u00dferst gerissener Gegner zum Duell gefordert. Chan nimmt die Herausforderung an und h\u00e4lt pl\u00f6tzlich ein entscheidendes Beweisst\u00fcck in H\u00e4nden. Wird es ihn auch zum M\u00f6rder f\u00fchren?<\/p>\n","protected":false},"featured_media":8418,"template":"","meta":[],"product_brand":[],"product_cat":[199,200],"product_tag":[],"class_list":{"0":"post-8417","1":"product","2":"type-product","3":"status-publish","4":"has-post-thumbnail","6":"product_cat-hoerspiele-en","7":"product_cat-charlie-chan-en","8":"product_shipping_class-tontraeger-cd-en","9":"entry","10":"clearfix","11":"entry-grid","12":"entry-columns-3","13":"entry-product-module-layout-sidebar-right","14":"thumbnail-color-tone-dark","15":"entry-product","17":"entry-product-grid","19":"first","20":"instock","21":"taxable","22":"shipping-taxable","23":"purchasable","24":"product-type-simple"},"yoast_head":"<!-- This site is optimized with the Yoast SEO plugin v27.3 - https:\/\/yoast.com\/product\/yoast-seo-wordpress\/ -->\n<title>Charlie Chan 4: Das schwarze Kamel<\/title>\n<meta name=\"description\" content=\"Wer t\u00f6tete Denny Mayo und was wei\u00df die Schauspielerin Shelah Fane, die sich in ein Strandhaus nach Honolulu zur\u00fcckzieht, \u00fcber diesen Mordfall? Noch ehe diese Fragen ganz gekl\u00e4rt werden k\u00f6nnen, wird die Hollywoodsch\u00f6nheit selbst zu einem Mordopfer. Charlie Chan nimmt die Ermittlungen auf und st\u00f6\u00dft schon bald auf allerhand Ungereimtheiten. Es hat den Anschein, als h\u00e4tte ihn ein \u00e4u\u00dferst gerissener Gegner zum Duell gefordert. Chan nimmt die Herausforderung an und h\u00e4lt pl\u00f6tzlich ein entscheidendes Beweisst\u00fcck in H\u00e4nden. Wird es ihn auch zum M\u00f6rder f\u00fchren?\" \/>\n<meta name=\"robots\" content=\"index, follow, max-snippet:-1, max-image-preview:large, max-video-preview:-1\" \/>\n<link rel=\"canonical\" href=\"https:\/\/www.allscore.de\/shop\/en\/produkt\/charlie-chan-4-das-schwarze-kamel\/\" \/>\n<meta property=\"og:locale\" content=\"en_US\" \/>\n<meta property=\"og:type\" content=\"article\" \/>\n<meta property=\"og:title\" content=\"Charlie Chan 4: Das schwarze Kamel\" \/>\n<meta property=\"og:description\" content=\"Wer t\u00f6tete Denny Mayo und was wei\u00df die Schauspielerin Shelah Fane, die sich in ein Strandhaus nach Honolulu zur\u00fcckzieht, \u00fcber diesen Mordfall? Noch ehe diese Fragen ganz gekl\u00e4rt werden k\u00f6nnen, wird die Hollywoodsch\u00f6nheit selbst zu einem Mordopfer. Charlie Chan nimmt die Ermittlungen auf und st\u00f6\u00dft schon bald auf allerhand Ungereimtheiten. Es hat den Anschein, als h\u00e4tte ihn ein \u00e4u\u00dferst gerissener Gegner zum Duell gefordert. Chan nimmt die Herausforderung an und h\u00e4lt pl\u00f6tzlich ein entscheidendes Beweisst\u00fcck in H\u00e4nden. Wird es ihn auch zum M\u00f6rder f\u00fchren?\" \/>\n<meta property=\"og:url\" content=\"https:\/\/www.allscore.de\/shop\/en\/produkt\/charlie-chan-4-das-schwarze-kamel\/\" \/>\n<meta property=\"og:site_name\" content=\"Allscore Shop\" \/>\n<meta property=\"og:image\" content=\"https:\/\/www.allscore.de\/shop\/wp-content\/uploads\/2020\/09\/CC04_1200x1200.jpg\" \/>\n\t<meta property=\"og:image:width\" content=\"1200\" \/>\n\t<meta property=\"og:image:height\" content=\"1200\" \/>\n\t<meta property=\"og:image:type\" content=\"image\/jpeg\" \/>\n<meta name=\"twitter:card\" content=\"summary_large_image\" \/>\n<script type=\"application\/ld+json\" class=\"yoast-schema-graph\">{\"@context\":\"https:\\\/\\\/schema.org\",\"@graph\":[{\"@type\":\"WebPage\",\"@id\":\"https:\\\/\\\/www.allscore.de\\\/shop\\\/en\\\/produkt\\\/charlie-chan-4-das-schwarze-kamel\\\/\",\"url\":\"https:\\\/\\\/www.allscore.de\\\/shop\\\/en\\\/produkt\\\/charlie-chan-4-das-schwarze-kamel\\\/\",\"name\":\"Charlie Chan 4: Das schwarze Kamel\",\"isPartOf\":{\"@id\":\"https:\\\/\\\/www.allscore.de\\\/shop\\\/en\\\/#website\"},\"primaryImageOfPage\":{\"@id\":\"https:\\\/\\\/www.allscore.de\\\/shop\\\/en\\\/produkt\\\/charlie-chan-4-das-schwarze-kamel\\\/#primaryimage\"},\"image\":{\"@id\":\"https:\\\/\\\/www.allscore.de\\\/shop\\\/en\\\/produkt\\\/charlie-chan-4-das-schwarze-kamel\\\/#primaryimage\"},\"thumbnailUrl\":\"https:\\\/\\\/www.allscore.de\\\/shop\\\/wp-content\\\/uploads\\\/2020\\\/09\\\/CC04_1200x1200.jpg\",\"datePublished\":\"2020-07-07T12:42:07+00:00\",\"description\":\"Wer t\u00f6tete Denny Mayo und was wei\u00df die Schauspielerin Shelah Fane, die sich in ein Strandhaus nach Honolulu zur\u00fcckzieht, \u00fcber diesen Mordfall? Noch ehe diese Fragen ganz gekl\u00e4rt werden k\u00f6nnen, wird die Hollywoodsch\u00f6nheit selbst zu einem Mordopfer. Charlie Chan nimmt die Ermittlungen auf und st\u00f6\u00dft schon bald auf allerhand Ungereimtheiten. Es hat den Anschein, als h\u00e4tte ihn ein \u00e4u\u00dferst gerissener Gegner zum Duell gefordert. Chan nimmt die Herausforderung an und h\u00e4lt pl\u00f6tzlich ein entscheidendes Beweisst\u00fcck in H\u00e4nden. Wird es ihn auch zum M\u00f6rder f\u00fchren?\",\"breadcrumb\":{\"@id\":\"https:\\\/\\\/www.allscore.de\\\/shop\\\/en\\\/produkt\\\/charlie-chan-4-das-schwarze-kamel\\\/#breadcrumb\"},\"inLanguage\":\"en-US\",\"potentialAction\":[{\"@type\":\"ReadAction\",\"target\":[\"https:\\\/\\\/www.allscore.de\\\/shop\\\/en\\\/produkt\\\/charlie-chan-4-das-schwarze-kamel\\\/\"]}]},{\"@type\":\"ImageObject\",\"inLanguage\":\"en-US\",\"@id\":\"https:\\\/\\\/www.allscore.de\\\/shop\\\/en\\\/produkt\\\/charlie-chan-4-das-schwarze-kamel\\\/#primaryimage\",\"url\":\"https:\\\/\\\/www.allscore.de\\\/shop\\\/wp-content\\\/uploads\\\/2020\\\/09\\\/CC04_1200x1200.jpg\",\"contentUrl\":\"https:\\\/\\\/www.allscore.de\\\/shop\\\/wp-content\\\/uploads\\\/2020\\\/09\\\/CC04_1200x1200.jpg\",\"width\":1200,\"height\":1200,\"caption\":\"Charlie Chan 4\"},{\"@type\":\"BreadcrumbList\",\"@id\":\"https:\\\/\\\/www.allscore.de\\\/shop\\\/en\\\/produkt\\\/charlie-chan-4-das-schwarze-kamel\\\/#breadcrumb\",\"itemListElement\":[{\"@type\":\"ListItem\",\"position\":1,\"name\":\"Startseite\",\"item\":\"https:\\\/\\\/www.allscore.de\\\/shop\\\/en\\\/\"},{\"@type\":\"ListItem\",\"position\":2,\"name\":\"Products\",\"item\":\"https:\\\/\\\/www.allscore.de\\\/shop\\\/en\\\/shop\\\/\"},{\"@type\":\"ListItem\",\"position\":3,\"name\":\"Charlie Chan 4: Das schwarze Kamel\"}]},{\"@type\":\"WebSite\",\"@id\":\"https:\\\/\\\/www.allscore.de\\\/shop\\\/en\\\/#website\",\"url\":\"https:\\\/\\\/www.allscore.de\\\/shop\\\/en\\\/\",\"name\":\"Allscore Shop\",\"description\":\"All Score Media\",\"publisher\":{\"@id\":\"https:\\\/\\\/www.allscore.de\\\/shop\\\/en\\\/#organization\"},\"potentialAction\":[{\"@type\":\"SearchAction\",\"target\":{\"@type\":\"EntryPoint\",\"urlTemplate\":\"https:\\\/\\\/www.allscore.de\\\/shop\\\/en\\\/?s={search_term_string}\"},\"query-input\":{\"@type\":\"PropertyValueSpecification\",\"valueRequired\":true,\"valueName\":\"search_term_string\"}}],\"inLanguage\":\"en-US\"},{\"@type\":\"Organization\",\"@id\":\"https:\\\/\\\/www.allscore.de\\\/shop\\\/en\\\/#organization\",\"name\":\"All Score Media\",\"alternateName\":\"Allscore\",\"url\":\"https:\\\/\\\/www.allscore.de\\\/shop\\\/en\\\/\",\"logo\":{\"@type\":\"ImageObject\",\"inLanguage\":\"en-US\",\"@id\":\"https:\\\/\\\/www.allscore.de\\\/shop\\\/en\\\/#\\\/schema\\\/logo\\\/image\\\/\",\"url\":\"https:\\\/\\\/www.allscore.de\\\/shop\\\/wp-content\\\/uploads\\\/2026\\\/01\\\/Logo_Yoast_Shop_2026.png\",\"contentUrl\":\"https:\\\/\\\/www.allscore.de\\\/shop\\\/wp-content\\\/uploads\\\/2026\\\/01\\\/Logo_Yoast_Shop_2026.png\",\"width\":696,\"height\":696,\"caption\":\"All Score Media\"},\"image\":{\"@id\":\"https:\\\/\\\/www.allscore.de\\\/shop\\\/en\\\/#\\\/schema\\\/logo\\\/image\\\/\"}}]}<\/script>\n<!-- \/ Yoast SEO plugin. -->","yoast_head_json":{"title":"Charlie Chan 4: Das schwarze Kamel","description":"Wer t\u00f6tete Denny Mayo und was wei\u00df die Schauspielerin Shelah Fane, die sich in ein Strandhaus nach Honolulu zur\u00fcckzieht, \u00fcber diesen Mordfall? Noch ehe diese Fragen ganz gekl\u00e4rt werden k\u00f6nnen, wird die Hollywoodsch\u00f6nheit selbst zu einem Mordopfer. Charlie Chan nimmt die Ermittlungen auf und st\u00f6\u00dft schon bald auf allerhand Ungereimtheiten. Es hat den Anschein, als h\u00e4tte ihn ein \u00e4u\u00dferst gerissener Gegner zum Duell gefordert. Chan nimmt die Herausforderung an und h\u00e4lt pl\u00f6tzlich ein entscheidendes Beweisst\u00fcck in H\u00e4nden. Wird es ihn auch zum M\u00f6rder f\u00fchren?","robots":{"index":"index","follow":"follow","max-snippet":"max-snippet:-1","max-image-preview":"max-image-preview:large","max-video-preview":"max-video-preview:-1"},"canonical":"https:\/\/www.allscore.de\/shop\/en\/produkt\/charlie-chan-4-das-schwarze-kamel\/","og_locale":"en_US","og_type":"article","og_title":"Charlie Chan 4: Das schwarze Kamel","og_description":"Wer t\u00f6tete Denny Mayo und was wei\u00df die Schauspielerin Shelah Fane, die sich in ein Strandhaus nach Honolulu zur\u00fcckzieht, \u00fcber diesen Mordfall? Noch ehe diese Fragen ganz gekl\u00e4rt werden k\u00f6nnen, wird die Hollywoodsch\u00f6nheit selbst zu einem Mordopfer. Charlie Chan nimmt die Ermittlungen auf und st\u00f6\u00dft schon bald auf allerhand Ungereimtheiten. Es hat den Anschein, als h\u00e4tte ihn ein \u00e4u\u00dferst gerissener Gegner zum Duell gefordert. Chan nimmt die Herausforderung an und h\u00e4lt pl\u00f6tzlich ein entscheidendes Beweisst\u00fcck in H\u00e4nden. Wird es ihn auch zum M\u00f6rder f\u00fchren?","og_url":"https:\/\/www.allscore.de\/shop\/en\/produkt\/charlie-chan-4-das-schwarze-kamel\/","og_site_name":"Allscore Shop","og_image":[{"width":1200,"height":1200,"url":"https:\/\/www.allscore.de\/shop\/wp-content\/uploads\/2020\/09\/CC04_1200x1200.jpg","type":"image\/jpeg"}],"twitter_card":"summary_large_image","schema":{"@context":"https:\/\/schema.org","@graph":[{"@type":"WebPage","@id":"https:\/\/www.allscore.de\/shop\/en\/produkt\/charlie-chan-4-das-schwarze-kamel\/","url":"https:\/\/www.allscore.de\/shop\/en\/produkt\/charlie-chan-4-das-schwarze-kamel\/","name":"Charlie Chan 4: Das schwarze Kamel","isPartOf":{"@id":"https:\/\/www.allscore.de\/shop\/en\/#website"},"primaryImageOfPage":{"@id":"https:\/\/www.allscore.de\/shop\/en\/produkt\/charlie-chan-4-das-schwarze-kamel\/#primaryimage"},"image":{"@id":"https:\/\/www.allscore.de\/shop\/en\/produkt\/charlie-chan-4-das-schwarze-kamel\/#primaryimage"},"thumbnailUrl":"https:\/\/www.allscore.de\/shop\/wp-content\/uploads\/2020\/09\/CC04_1200x1200.jpg","datePublished":"2020-07-07T12:42:07+00:00","description":"Wer t\u00f6tete Denny Mayo und was wei\u00df die Schauspielerin Shelah Fane, die sich in ein Strandhaus nach Honolulu zur\u00fcckzieht, \u00fcber diesen Mordfall? Noch ehe diese Fragen ganz gekl\u00e4rt werden k\u00f6nnen, wird die Hollywoodsch\u00f6nheit selbst zu einem Mordopfer. Charlie Chan nimmt die Ermittlungen auf und st\u00f6\u00dft schon bald auf allerhand Ungereimtheiten. Es hat den Anschein, als h\u00e4tte ihn ein \u00e4u\u00dferst gerissener Gegner zum Duell gefordert. Chan nimmt die Herausforderung an und h\u00e4lt pl\u00f6tzlich ein entscheidendes Beweisst\u00fcck in H\u00e4nden. Wird es ihn auch zum M\u00f6rder f\u00fchren?","breadcrumb":{"@id":"https:\/\/www.allscore.de\/shop\/en\/produkt\/charlie-chan-4-das-schwarze-kamel\/#breadcrumb"},"inLanguage":"en-US","potentialAction":[{"@type":"ReadAction","target":["https:\/\/www.allscore.de\/shop\/en\/produkt\/charlie-chan-4-das-schwarze-kamel\/"]}]},{"@type":"ImageObject","inLanguage":"en-US","@id":"https:\/\/www.allscore.de\/shop\/en\/produkt\/charlie-chan-4-das-schwarze-kamel\/#primaryimage","url":"https:\/\/www.allscore.de\/shop\/wp-content\/uploads\/2020\/09\/CC04_1200x1200.jpg","contentUrl":"https:\/\/www.allscore.de\/shop\/wp-content\/uploads\/2020\/09\/CC04_1200x1200.jpg","width":1200,"height":1200,"caption":"Charlie Chan 4"},{"@type":"BreadcrumbList","@id":"https:\/\/www.allscore.de\/shop\/en\/produkt\/charlie-chan-4-das-schwarze-kamel\/#breadcrumb","itemListElement":[{"@type":"ListItem","position":1,"name":"Startseite","item":"https:\/\/www.allscore.de\/shop\/en\/"},{"@type":"ListItem","position":2,"name":"Products","item":"https:\/\/www.allscore.de\/shop\/en\/shop\/"},{"@type":"ListItem","position":3,"name":"Charlie Chan 4: Das schwarze Kamel"}]},{"@type":"WebSite","@id":"https:\/\/www.allscore.de\/shop\/en\/#website","url":"https:\/\/www.allscore.de\/shop\/en\/","name":"Allscore Shop","description":"All Score Media","publisher":{"@id":"https:\/\/www.allscore.de\/shop\/en\/#organization"},"potentialAction":[{"@type":"SearchAction","target":{"@type":"EntryPoint","urlTemplate":"https:\/\/www.allscore.de\/shop\/en\/?s={search_term_string}"},"query-input":{"@type":"PropertyValueSpecification","valueRequired":true,"valueName":"search_term_string"}}],"inLanguage":"en-US"},{"@type":"Organization","@id":"https:\/\/www.allscore.de\/shop\/en\/#organization","name":"All Score Media","alternateName":"Allscore","url":"https:\/\/www.allscore.de\/shop\/en\/","logo":{"@type":"ImageObject","inLanguage":"en-US","@id":"https:\/\/www.allscore.de\/shop\/en\/#\/schema\/logo\/image\/","url":"https:\/\/www.allscore.de\/shop\/wp-content\/uploads\/2026\/01\/Logo_Yoast_Shop_2026.png","contentUrl":"https:\/\/www.allscore.de\/shop\/wp-content\/uploads\/2026\/01\/Logo_Yoast_Shop_2026.png","width":696,"height":696,"caption":"All Score Media"},"image":{"@id":"https:\/\/www.allscore.de\/shop\/en\/#\/schema\/logo\/image\/"}}]}},"_links":{"self":[{"href":"https:\/\/www.allscore.de\/shop\/en\/wp-json\/wp\/v2\/product\/8417","targetHints":{"allow":["GET"]}}],"collection":[{"href":"https:\/\/www.allscore.de\/shop\/en\/wp-json\/wp\/v2\/product"}],"about":[{"href":"https:\/\/www.allscore.de\/shop\/en\/wp-json\/wp\/v2\/types\/product"}],"wp:featuredmedia":[{"embeddable":true,"href":"https:\/\/www.allscore.de\/shop\/en\/wp-json\/wp\/v2\/media\/8418"}],"wp:attachment":[{"href":"https:\/\/www.allscore.de\/shop\/en\/wp-json\/wp\/v2\/media?parent=8417"}],"wp:term":[{"taxonomy":"product_brand","embeddable":true,"href":"https:\/\/www.allscore.de\/shop\/en\/wp-json\/wp\/v2\/product_brand?post=8417"},{"taxonomy":"product_cat","embeddable":true,"href":"https:\/\/www.allscore.de\/shop\/en\/wp-json\/wp\/v2\/product_cat?post=8417"},{"taxonomy":"product_tag","embeddable":true,"href":"https:\/\/www.allscore.de\/shop\/en\/wp-json\/wp\/v2\/product_tag?post=8417"}],"curies":[{"name":"wp","href":"https:\/\/api.w.org\/{rel}","templated":true}]}}