{"id":8414,"date":"2020-07-06T14:32:48","date_gmt":"2020-07-06T12:32:48","guid":{"rendered":"https:\/\/www.allscore.de\/shop\/produkt\/charlie-chan-5-charlie-chan-macht-weiter\/"},"modified":"2022-07-20T23:31:07","modified_gmt":"2022-07-20T21:31:07","slug":"charlie-chan-5-charlie-chan-macht-weiter","status":"publish","type":"product","link":"https:\/\/www.allscore.de\/shop\/en\/produkt\/charlie-chan-5-charlie-chan-macht-weiter\/","title":{"rendered":"Charlie Chan 5: Charlie Chan macht weiter"},"content":{"rendered":"","protected":false},"excerpt":{"rendered":"<p>Ein Todesfall in einem alten Londoner Hotel bildet den Ausgangspunkt einer ganzen Mordserie: Ein Unbekannter dezimiert nach und nach die Teilnehmer einer amerikanischen Reisegesellschaft. Inspektor Hayley von Scotland Yard nimmt sich des Falles an. Doch schon bald muss er erkennen, dass er dem gerissenen Verbrecher, den er unter den Teilnehmern der Reise vermutet, nicht gewachsen ist. Als die Weltreisenden endlich Honolulu erreichen, eskalieren die Ereignisse und Charlie Chan \u00fcbernimmt den Fall. Gemeinsam mit der Reisegruppe begibt er sich auf die letzte Etappe der Fahrt, die zugleich f\u00fcr alle die gef\u00e4hrlichste wird.<\/p>\n","protected":false},"featured_media":8415,"template":"","meta":[],"product_brand":[],"product_cat":[199,200],"product_tag":[],"class_list":{"0":"post-8414","1":"product","2":"type-product","3":"status-publish","4":"has-post-thumbnail","6":"product_cat-hoerspiele-en","7":"product_cat-charlie-chan-en","8":"product_shipping_class-tontraeger-cd-en","9":"entry","10":"clearfix","11":"entry-grid","12":"entry-columns-3","13":"entry-product-module-layout-sidebar-right","14":"thumbnail-color-tone-dark","15":"entry-product","17":"entry-product-grid","19":"first","20":"instock","21":"taxable","22":"shipping-taxable","23":"purchasable","24":"product-type-simple"},"yoast_head":"<!-- This site is optimized with the Yoast SEO plugin v27.3 - https:\/\/yoast.com\/product\/yoast-seo-wordpress\/ -->\n<title>Charlie Chan 5: Charlie Chan macht weiter<\/title>\n<meta name=\"description\" content=\"Ein Todesfall in einem alten Londoner Hotel bildet den Ausgangspunkt einer ganzen Mordserie: Ein Unbekannter dezimiert nach und nach die Teilnehmer einer amerikanischen Reisegesellschaft. Inspektor Hayley von Scotland Yard nimmt sich des Falles an. Doch schon bald muss er erkennen, dass er dem gerissenen Verbrecher, den er unter den Teilnehmern der Reise vermutet, nicht gewachsen ist. Als die Weltreisenden endlich Honolulu erreichen, eskalieren die Ereignisse und Charlie Chan \u00fcbernimmt den Fall. Gemeinsam mit der Reisegruppe begibt er sich auf die letzte Etappe der Fahrt, die zugleich f\u00fcr alle die gef\u00e4hrlichste wird.\" \/>\n<meta name=\"robots\" content=\"index, follow, max-snippet:-1, max-image-preview:large, max-video-preview:-1\" \/>\n<link rel=\"canonical\" href=\"https:\/\/www.allscore.de\/shop\/en\/produkt\/charlie-chan-5-charlie-chan-macht-weiter\/\" \/>\n<meta property=\"og:locale\" content=\"en_US\" \/>\n<meta property=\"og:type\" content=\"article\" \/>\n<meta property=\"og:title\" content=\"Charlie Chan 5: Charlie Chan macht weiter\" \/>\n<meta property=\"og:description\" content=\"Ein Todesfall in einem alten Londoner Hotel bildet den Ausgangspunkt einer ganzen Mordserie: Ein Unbekannter dezimiert nach und nach die Teilnehmer einer amerikanischen Reisegesellschaft. Inspektor Hayley von Scotland Yard nimmt sich des Falles an. Doch schon bald muss er erkennen, dass er dem gerissenen Verbrecher, den er unter den Teilnehmern der Reise vermutet, nicht gewachsen ist. Als die Weltreisenden endlich Honolulu erreichen, eskalieren die Ereignisse und Charlie Chan \u00fcbernimmt den Fall. Gemeinsam mit der Reisegruppe begibt er sich auf die letzte Etappe der Fahrt, die zugleich f\u00fcr alle die gef\u00e4hrlichste wird.\" \/>\n<meta property=\"og:url\" content=\"https:\/\/www.allscore.de\/shop\/en\/produkt\/charlie-chan-5-charlie-chan-macht-weiter\/\" \/>\n<meta property=\"og:site_name\" content=\"Allscore Shop\" \/>\n<meta property=\"article:modified_time\" content=\"2022-07-20T21:31:07+00:00\" \/>\n<meta property=\"og:image\" content=\"https:\/\/www.allscore.de\/shop\/wp-content\/uploads\/2020\/09\/CC05_1200x1200.jpg\" \/>\n\t<meta property=\"og:image:width\" content=\"1200\" \/>\n\t<meta property=\"og:image:height\" content=\"1200\" \/>\n\t<meta property=\"og:image:type\" content=\"image\/jpeg\" \/>\n<meta name=\"twitter:card\" content=\"summary_large_image\" \/>\n<script type=\"application\/ld+json\" class=\"yoast-schema-graph\">{\"@context\":\"https:\\\/\\\/schema.org\",\"@graph\":[{\"@type\":\"WebPage\",\"@id\":\"https:\\\/\\\/www.allscore.de\\\/shop\\\/en\\\/produkt\\\/charlie-chan-5-charlie-chan-macht-weiter\\\/\",\"url\":\"https:\\\/\\\/www.allscore.de\\\/shop\\\/en\\\/produkt\\\/charlie-chan-5-charlie-chan-macht-weiter\\\/\",\"name\":\"Charlie Chan 5: Charlie Chan macht weiter\",\"isPartOf\":{\"@id\":\"https:\\\/\\\/www.allscore.de\\\/shop\\\/en\\\/#website\"},\"primaryImageOfPage\":{\"@id\":\"https:\\\/\\\/www.allscore.de\\\/shop\\\/en\\\/produkt\\\/charlie-chan-5-charlie-chan-macht-weiter\\\/#primaryimage\"},\"image\":{\"@id\":\"https:\\\/\\\/www.allscore.de\\\/shop\\\/en\\\/produkt\\\/charlie-chan-5-charlie-chan-macht-weiter\\\/#primaryimage\"},\"thumbnailUrl\":\"https:\\\/\\\/www.allscore.de\\\/shop\\\/wp-content\\\/uploads\\\/2020\\\/09\\\/CC05_1200x1200.jpg\",\"datePublished\":\"2020-07-06T12:32:48+00:00\",\"dateModified\":\"2022-07-20T21:31:07+00:00\",\"description\":\"Ein Todesfall in einem alten Londoner Hotel bildet den Ausgangspunkt einer ganzen Mordserie: Ein Unbekannter dezimiert nach und nach die Teilnehmer einer amerikanischen Reisegesellschaft. Inspektor Hayley von Scotland Yard nimmt sich des Falles an. Doch schon bald muss er erkennen, dass er dem gerissenen Verbrecher, den er unter den Teilnehmern der Reise vermutet, nicht gewachsen ist. Als die Weltreisenden endlich Honolulu erreichen, eskalieren die Ereignisse und Charlie Chan \u00fcbernimmt den Fall. Gemeinsam mit der Reisegruppe begibt er sich auf die letzte Etappe der Fahrt, die zugleich f\u00fcr alle die gef\u00e4hrlichste wird.\",\"breadcrumb\":{\"@id\":\"https:\\\/\\\/www.allscore.de\\\/shop\\\/en\\\/produkt\\\/charlie-chan-5-charlie-chan-macht-weiter\\\/#breadcrumb\"},\"inLanguage\":\"en-US\",\"potentialAction\":[{\"@type\":\"ReadAction\",\"target\":[\"https:\\\/\\\/www.allscore.de\\\/shop\\\/en\\\/produkt\\\/charlie-chan-5-charlie-chan-macht-weiter\\\/\"]}]},{\"@type\":\"ImageObject\",\"inLanguage\":\"en-US\",\"@id\":\"https:\\\/\\\/www.allscore.de\\\/shop\\\/en\\\/produkt\\\/charlie-chan-5-charlie-chan-macht-weiter\\\/#primaryimage\",\"url\":\"https:\\\/\\\/www.allscore.de\\\/shop\\\/wp-content\\\/uploads\\\/2020\\\/09\\\/CC05_1200x1200.jpg\",\"contentUrl\":\"https:\\\/\\\/www.allscore.de\\\/shop\\\/wp-content\\\/uploads\\\/2020\\\/09\\\/CC05_1200x1200.jpg\",\"width\":1200,\"height\":1200,\"caption\":\"Charlie Chan 5\"},{\"@type\":\"BreadcrumbList\",\"@id\":\"https:\\\/\\\/www.allscore.de\\\/shop\\\/en\\\/produkt\\\/charlie-chan-5-charlie-chan-macht-weiter\\\/#breadcrumb\",\"itemListElement\":[{\"@type\":\"ListItem\",\"position\":1,\"name\":\"Startseite\",\"item\":\"https:\\\/\\\/www.allscore.de\\\/shop\\\/en\\\/\"},{\"@type\":\"ListItem\",\"position\":2,\"name\":\"Products\",\"item\":\"https:\\\/\\\/www.allscore.de\\\/shop\\\/en\\\/shop\\\/\"},{\"@type\":\"ListItem\",\"position\":3,\"name\":\"Charlie Chan 5: Charlie Chan macht weiter\"}]},{\"@type\":\"WebSite\",\"@id\":\"https:\\\/\\\/www.allscore.de\\\/shop\\\/en\\\/#website\",\"url\":\"https:\\\/\\\/www.allscore.de\\\/shop\\\/en\\\/\",\"name\":\"Allscore Shop\",\"description\":\"All Score Media\",\"publisher\":{\"@id\":\"https:\\\/\\\/www.allscore.de\\\/shop\\\/en\\\/#organization\"},\"potentialAction\":[{\"@type\":\"SearchAction\",\"target\":{\"@type\":\"EntryPoint\",\"urlTemplate\":\"https:\\\/\\\/www.allscore.de\\\/shop\\\/en\\\/?s={search_term_string}\"},\"query-input\":{\"@type\":\"PropertyValueSpecification\",\"valueRequired\":true,\"valueName\":\"search_term_string\"}}],\"inLanguage\":\"en-US\"},{\"@type\":\"Organization\",\"@id\":\"https:\\\/\\\/www.allscore.de\\\/shop\\\/en\\\/#organization\",\"name\":\"All Score Media\",\"alternateName\":\"Allscore\",\"url\":\"https:\\\/\\\/www.allscore.de\\\/shop\\\/en\\\/\",\"logo\":{\"@type\":\"ImageObject\",\"inLanguage\":\"en-US\",\"@id\":\"https:\\\/\\\/www.allscore.de\\\/shop\\\/en\\\/#\\\/schema\\\/logo\\\/image\\\/\",\"url\":\"https:\\\/\\\/www.allscore.de\\\/shop\\\/wp-content\\\/uploads\\\/2026\\\/01\\\/Logo_Yoast_Shop_2026.png\",\"contentUrl\":\"https:\\\/\\\/www.allscore.de\\\/shop\\\/wp-content\\\/uploads\\\/2026\\\/01\\\/Logo_Yoast_Shop_2026.png\",\"width\":696,\"height\":696,\"caption\":\"All Score Media\"},\"image\":{\"@id\":\"https:\\\/\\\/www.allscore.de\\\/shop\\\/en\\\/#\\\/schema\\\/logo\\\/image\\\/\"}}]}<\/script>\n<!-- \/ Yoast SEO plugin. -->","yoast_head_json":{"title":"Charlie Chan 5: Charlie Chan macht weiter","description":"Ein Todesfall in einem alten Londoner Hotel bildet den Ausgangspunkt einer ganzen Mordserie: Ein Unbekannter dezimiert nach und nach die Teilnehmer einer amerikanischen Reisegesellschaft. Inspektor Hayley von Scotland Yard nimmt sich des Falles an. Doch schon bald muss er erkennen, dass er dem gerissenen Verbrecher, den er unter den Teilnehmern der Reise vermutet, nicht gewachsen ist. Als die Weltreisenden endlich Honolulu erreichen, eskalieren die Ereignisse und Charlie Chan \u00fcbernimmt den Fall. Gemeinsam mit der Reisegruppe begibt er sich auf die letzte Etappe der Fahrt, die zugleich f\u00fcr alle die gef\u00e4hrlichste wird.","robots":{"index":"index","follow":"follow","max-snippet":"max-snippet:-1","max-image-preview":"max-image-preview:large","max-video-preview":"max-video-preview:-1"},"canonical":"https:\/\/www.allscore.de\/shop\/en\/produkt\/charlie-chan-5-charlie-chan-macht-weiter\/","og_locale":"en_US","og_type":"article","og_title":"Charlie Chan 5: Charlie Chan macht weiter","og_description":"Ein Todesfall in einem alten Londoner Hotel bildet den Ausgangspunkt einer ganzen Mordserie: Ein Unbekannter dezimiert nach und nach die Teilnehmer einer amerikanischen Reisegesellschaft. Inspektor Hayley von Scotland Yard nimmt sich des Falles an. Doch schon bald muss er erkennen, dass er dem gerissenen Verbrecher, den er unter den Teilnehmern der Reise vermutet, nicht gewachsen ist. Als die Weltreisenden endlich Honolulu erreichen, eskalieren die Ereignisse und Charlie Chan \u00fcbernimmt den Fall. Gemeinsam mit der Reisegruppe begibt er sich auf die letzte Etappe der Fahrt, die zugleich f\u00fcr alle die gef\u00e4hrlichste wird.","og_url":"https:\/\/www.allscore.de\/shop\/en\/produkt\/charlie-chan-5-charlie-chan-macht-weiter\/","og_site_name":"Allscore Shop","article_modified_time":"2022-07-20T21:31:07+00:00","og_image":[{"width":1200,"height":1200,"url":"https:\/\/www.allscore.de\/shop\/wp-content\/uploads\/2020\/09\/CC05_1200x1200.jpg","type":"image\/jpeg"}],"twitter_card":"summary_large_image","schema":{"@context":"https:\/\/schema.org","@graph":[{"@type":"WebPage","@id":"https:\/\/www.allscore.de\/shop\/en\/produkt\/charlie-chan-5-charlie-chan-macht-weiter\/","url":"https:\/\/www.allscore.de\/shop\/en\/produkt\/charlie-chan-5-charlie-chan-macht-weiter\/","name":"Charlie Chan 5: Charlie Chan macht weiter","isPartOf":{"@id":"https:\/\/www.allscore.de\/shop\/en\/#website"},"primaryImageOfPage":{"@id":"https:\/\/www.allscore.de\/shop\/en\/produkt\/charlie-chan-5-charlie-chan-macht-weiter\/#primaryimage"},"image":{"@id":"https:\/\/www.allscore.de\/shop\/en\/produkt\/charlie-chan-5-charlie-chan-macht-weiter\/#primaryimage"},"thumbnailUrl":"https:\/\/www.allscore.de\/shop\/wp-content\/uploads\/2020\/09\/CC05_1200x1200.jpg","datePublished":"2020-07-06T12:32:48+00:00","dateModified":"2022-07-20T21:31:07+00:00","description":"Ein Todesfall in einem alten Londoner Hotel bildet den Ausgangspunkt einer ganzen Mordserie: Ein Unbekannter dezimiert nach und nach die Teilnehmer einer amerikanischen Reisegesellschaft. Inspektor Hayley von Scotland Yard nimmt sich des Falles an. Doch schon bald muss er erkennen, dass er dem gerissenen Verbrecher, den er unter den Teilnehmern der Reise vermutet, nicht gewachsen ist. Als die Weltreisenden endlich Honolulu erreichen, eskalieren die Ereignisse und Charlie Chan \u00fcbernimmt den Fall. Gemeinsam mit der Reisegruppe begibt er sich auf die letzte Etappe der Fahrt, die zugleich f\u00fcr alle die gef\u00e4hrlichste wird.","breadcrumb":{"@id":"https:\/\/www.allscore.de\/shop\/en\/produkt\/charlie-chan-5-charlie-chan-macht-weiter\/#breadcrumb"},"inLanguage":"en-US","potentialAction":[{"@type":"ReadAction","target":["https:\/\/www.allscore.de\/shop\/en\/produkt\/charlie-chan-5-charlie-chan-macht-weiter\/"]}]},{"@type":"ImageObject","inLanguage":"en-US","@id":"https:\/\/www.allscore.de\/shop\/en\/produkt\/charlie-chan-5-charlie-chan-macht-weiter\/#primaryimage","url":"https:\/\/www.allscore.de\/shop\/wp-content\/uploads\/2020\/09\/CC05_1200x1200.jpg","contentUrl":"https:\/\/www.allscore.de\/shop\/wp-content\/uploads\/2020\/09\/CC05_1200x1200.jpg","width":1200,"height":1200,"caption":"Charlie Chan 5"},{"@type":"BreadcrumbList","@id":"https:\/\/www.allscore.de\/shop\/en\/produkt\/charlie-chan-5-charlie-chan-macht-weiter\/#breadcrumb","itemListElement":[{"@type":"ListItem","position":1,"name":"Startseite","item":"https:\/\/www.allscore.de\/shop\/en\/"},{"@type":"ListItem","position":2,"name":"Products","item":"https:\/\/www.allscore.de\/shop\/en\/shop\/"},{"@type":"ListItem","position":3,"name":"Charlie Chan 5: Charlie Chan macht weiter"}]},{"@type":"WebSite","@id":"https:\/\/www.allscore.de\/shop\/en\/#website","url":"https:\/\/www.allscore.de\/shop\/en\/","name":"Allscore Shop","description":"All Score Media","publisher":{"@id":"https:\/\/www.allscore.de\/shop\/en\/#organization"},"potentialAction":[{"@type":"SearchAction","target":{"@type":"EntryPoint","urlTemplate":"https:\/\/www.allscore.de\/shop\/en\/?s={search_term_string}"},"query-input":{"@type":"PropertyValueSpecification","valueRequired":true,"valueName":"search_term_string"}}],"inLanguage":"en-US"},{"@type":"Organization","@id":"https:\/\/www.allscore.de\/shop\/en\/#organization","name":"All Score Media","alternateName":"Allscore","url":"https:\/\/www.allscore.de\/shop\/en\/","logo":{"@type":"ImageObject","inLanguage":"en-US","@id":"https:\/\/www.allscore.de\/shop\/en\/#\/schema\/logo\/image\/","url":"https:\/\/www.allscore.de\/shop\/wp-content\/uploads\/2026\/01\/Logo_Yoast_Shop_2026.png","contentUrl":"https:\/\/www.allscore.de\/shop\/wp-content\/uploads\/2026\/01\/Logo_Yoast_Shop_2026.png","width":696,"height":696,"caption":"All Score Media"},"image":{"@id":"https:\/\/www.allscore.de\/shop\/en\/#\/schema\/logo\/image\/"}}]}},"_links":{"self":[{"href":"https:\/\/www.allscore.de\/shop\/en\/wp-json\/wp\/v2\/product\/8414","targetHints":{"allow":["GET"]}}],"collection":[{"href":"https:\/\/www.allscore.de\/shop\/en\/wp-json\/wp\/v2\/product"}],"about":[{"href":"https:\/\/www.allscore.de\/shop\/en\/wp-json\/wp\/v2\/types\/product"}],"wp:featuredmedia":[{"embeddable":true,"href":"https:\/\/www.allscore.de\/shop\/en\/wp-json\/wp\/v2\/media\/8415"}],"wp:attachment":[{"href":"https:\/\/www.allscore.de\/shop\/en\/wp-json\/wp\/v2\/media?parent=8414"}],"wp:term":[{"taxonomy":"product_brand","embeddable":true,"href":"https:\/\/www.allscore.de\/shop\/en\/wp-json\/wp\/v2\/product_brand?post=8414"},{"taxonomy":"product_cat","embeddable":true,"href":"https:\/\/www.allscore.de\/shop\/en\/wp-json\/wp\/v2\/product_cat?post=8414"},{"taxonomy":"product_tag","embeddable":true,"href":"https:\/\/www.allscore.de\/shop\/en\/wp-json\/wp\/v2\/product_tag?post=8414"}],"curies":[{"name":"wp","href":"https:\/\/api.w.org\/{rel}","templated":true}]}}