{"id":7933,"date":"2018-07-19T22:59:51","date_gmt":"2018-07-19T20:59:51","guid":{"rendered":"https:\/\/www.allscore.de\/shop\/?post_type=product&#038;p=7933"},"modified":"2024-04-19T19:09:14","modified_gmt":"2024-04-19T17:09:14","slug":"eine-kugel-fuer-den-liebsten-fall-3","status":"publish","type":"product","link":"https:\/\/www.allscore.de\/shop\/en\/produkt\/eine-kugel-fuer-den-liebsten-fall-3\/","title":{"rendered":"Inspector Lestrade 3: Eine Kugel f\u00fcr den Liebsten"},"content":{"rendered":"<p>Inspector Lestrade: Eine Kugel f\u00fcr den Liebsten (Fall 3)<\/p>\n<p>Attentat auf den Premierminister! Nach seiner Rede vor versammeltem Publikum wird Warren Catrell von einem Scharfsch\u00fctzen niedergestreckt. Nur knapp \u00fcberlebt er den Anschlag. Wer kommt f\u00fcr solch eine feige Tat in Frage? Politische Feinde? Oder waren es Anarchisten, denen bekanntlich jedes Mittel recht ist? Die Ermittlungen von Scotland Yard laufen auf Hochtouren! Inspector Lestrade steht unter immensem Druck, denn der Attent\u00e4ter hat nicht vor, seine Mission unvollendet zu lassen.<\/p>\n<p>Inspector Lestrade: Lutz Harder<br \/>\nInspector Dash: Michael Pink<br \/>\nMcKinstry: Tino Kie\u00dfling<br \/>\nMrs. Lestrade: Margrit Stra\u00dfburger<br \/>\nCommissioner Cedric Hawksley: Bodo Wolf<br \/>\nRebecca: Nicole Hannak<br \/>\nOberschwester: Gabriele Schramm<br \/>\nPremierminister Warren Catrell: Peter Weis<br \/>\nSchatzkanzler Eddins: Eckart Dux<br \/>\nConstable: Reent Reins<br \/>\nLady Pamela: Ilka Teichm\u00fcller<br \/>\nNick, die Nase: Bernd Vollbrecht<br \/>\nBraddock, der Knochenbrecher: Helmut Krauss<br \/>\nHamilton: Santiago Ziesmer<\/p>\n<p>Regie: Gerd Naumann<br \/>\nBuch und Idee: Andreas Masuth<br \/>\nMusik: Christian Bluthardt<br \/>\nSounddesign, Mischung &amp; Master: Tom Steinbrecher<\/p>\n<p>Spieldauer: ca. 61 Minuten<\/p>\n","protected":false},"excerpt":{"rendered":"<p>Inspector Lestrade: Eine Kugel f\u00fcr den Liebsten (Fall 3) Attentat auf den Premierminister! Nach seiner Rede vor versammeltem Publikum wird Warren Catrell von einem Scharfsch\u00fctzen niedergestreckt. Nur knapp \u00fcberlebt er den Anschlag. Wer kommt f\u00fcr solch eine feige Tat in Frage? Politische Feinde? Oder waren es Anarchisten, denen bekanntlich jedes Mittel recht ist? Die Ermittlungen&#8230;<\/p>\n<p><a rel=\"bookmark\" class=\"vonzot-button-simple wvc-button wvc-button-size-sm\" href=\"https:\/\/www.allscore.de\/shop\/en\/produkt\/eine-kugel-fuer-den-liebsten-fall-3\/\"><span>Read more<\/span><\/a><\/p>\n","protected":false},"featured_media":7971,"template":"","meta":[],"product_brand":[],"product_cat":[199,219],"product_tag":[],"class_list":{"0":"post-7933","1":"product","2":"type-product","3":"status-publish","4":"has-post-thumbnail","6":"product_cat-hoerspiele-en","7":"product_cat-inspector-lestrade-en","8":"product_shipping_class-tontraeger-cd-en","9":"entry","10":"clearfix","11":"entry-grid","12":"entry-columns-3","13":"entry-product-module-layout-sidebar-right","14":"thumbnail-color-tone-dark","15":"entry-product","17":"entry-product-grid","19":"first","20":"instock","21":"sale","22":"taxable","23":"shipping-taxable","24":"purchasable","25":"product-type-simple"},"yoast_head":"<!-- This site is optimized with the Yoast SEO plugin v27.3 - https:\/\/yoast.com\/product\/yoast-seo-wordpress\/ -->\n<title>Inspector Lestrade 3: Eine Kugel f\u00fcr den Liebsten<\/title>\n<meta name=\"description\" content=\"Inspector Lestrade: Eine Kugel f\u00fcr den Liebsten (Fall 3) Attentat auf den Premierminister! Nach seiner Rede vor versammeltem Publikum wird Warren Catrell\" \/>\n<meta name=\"robots\" content=\"index, follow, max-snippet:-1, max-image-preview:large, max-video-preview:-1\" \/>\n<link rel=\"canonical\" href=\"https:\/\/www.allscore.de\/shop\/en\/produkt\/eine-kugel-fuer-den-liebsten-fall-3\/\" \/>\n<meta property=\"og:locale\" content=\"en_US\" \/>\n<meta property=\"og:type\" content=\"article\" \/>\n<meta property=\"og:title\" content=\"Inspector Lestrade 3: Eine Kugel f\u00fcr den Liebsten\" \/>\n<meta property=\"og:description\" content=\"Inspector Lestrade: Eine Kugel f\u00fcr den Liebsten (Fall 3) Attentat auf den Premierminister! Nach seiner Rede vor versammeltem Publikum wird Warren Catrell\" \/>\n<meta property=\"og:url\" content=\"https:\/\/www.allscore.de\/shop\/en\/produkt\/eine-kugel-fuer-den-liebsten-fall-3\/\" \/>\n<meta property=\"og:site_name\" content=\"Allscore Shop\" \/>\n<meta property=\"article:modified_time\" content=\"2024-04-19T17:09:14+00:00\" \/>\n<meta property=\"og:image\" content=\"https:\/\/www.allscore.de\/shop\/wp-content\/uploads\/2020\/09\/Lest03_1200x1200.jpg\" \/>\n\t<meta property=\"og:image:width\" content=\"1200\" \/>\n\t<meta property=\"og:image:height\" content=\"1200\" \/>\n\t<meta property=\"og:image:type\" content=\"image\/jpeg\" \/>\n<meta name=\"twitter:card\" content=\"summary_large_image\" \/>\n<meta name=\"twitter:label1\" content=\"Est. reading time\" \/>\n\t<meta name=\"twitter:data1\" content=\"1 minute\" \/>\n<script type=\"application\/ld+json\" class=\"yoast-schema-graph\">{\"@context\":\"https:\\\/\\\/schema.org\",\"@graph\":[{\"@type\":\"WebPage\",\"@id\":\"https:\\\/\\\/www.allscore.de\\\/shop\\\/en\\\/produkt\\\/eine-kugel-fuer-den-liebsten-fall-3\\\/\",\"url\":\"https:\\\/\\\/www.allscore.de\\\/shop\\\/en\\\/produkt\\\/eine-kugel-fuer-den-liebsten-fall-3\\\/\",\"name\":\"Inspector Lestrade 3: Eine Kugel f\u00fcr den Liebsten\",\"isPartOf\":{\"@id\":\"https:\\\/\\\/www.allscore.de\\\/shop\\\/en\\\/#website\"},\"primaryImageOfPage\":{\"@id\":\"https:\\\/\\\/www.allscore.de\\\/shop\\\/en\\\/produkt\\\/eine-kugel-fuer-den-liebsten-fall-3\\\/#primaryimage\"},\"image\":{\"@id\":\"https:\\\/\\\/www.allscore.de\\\/shop\\\/en\\\/produkt\\\/eine-kugel-fuer-den-liebsten-fall-3\\\/#primaryimage\"},\"thumbnailUrl\":\"https:\\\/\\\/www.allscore.de\\\/shop\\\/wp-content\\\/uploads\\\/2020\\\/09\\\/Lest03_1200x1200.jpg\",\"datePublished\":\"2018-07-19T20:59:51+00:00\",\"dateModified\":\"2024-04-19T17:09:14+00:00\",\"description\":\"Inspector Lestrade: Eine Kugel f\u00fcr den Liebsten (Fall 3) Attentat auf den Premierminister! Nach seiner Rede vor versammeltem Publikum wird Warren Catrell\",\"breadcrumb\":{\"@id\":\"https:\\\/\\\/www.allscore.de\\\/shop\\\/en\\\/produkt\\\/eine-kugel-fuer-den-liebsten-fall-3\\\/#breadcrumb\"},\"inLanguage\":\"en-US\",\"potentialAction\":[{\"@type\":\"ReadAction\",\"target\":[\"https:\\\/\\\/www.allscore.de\\\/shop\\\/en\\\/produkt\\\/eine-kugel-fuer-den-liebsten-fall-3\\\/\"]}]},{\"@type\":\"ImageObject\",\"inLanguage\":\"en-US\",\"@id\":\"https:\\\/\\\/www.allscore.de\\\/shop\\\/en\\\/produkt\\\/eine-kugel-fuer-den-liebsten-fall-3\\\/#primaryimage\",\"url\":\"https:\\\/\\\/www.allscore.de\\\/shop\\\/wp-content\\\/uploads\\\/2020\\\/09\\\/Lest03_1200x1200.jpg\",\"contentUrl\":\"https:\\\/\\\/www.allscore.de\\\/shop\\\/wp-content\\\/uploads\\\/2020\\\/09\\\/Lest03_1200x1200.jpg\",\"width\":1200,\"height\":1200,\"caption\":\"Eine Kugel f\u00fcr den Liebsten\"},{\"@type\":\"BreadcrumbList\",\"@id\":\"https:\\\/\\\/www.allscore.de\\\/shop\\\/en\\\/produkt\\\/eine-kugel-fuer-den-liebsten-fall-3\\\/#breadcrumb\",\"itemListElement\":[{\"@type\":\"ListItem\",\"position\":1,\"name\":\"Startseite\",\"item\":\"https:\\\/\\\/www.allscore.de\\\/shop\\\/en\\\/\"},{\"@type\":\"ListItem\",\"position\":2,\"name\":\"Products\",\"item\":\"https:\\\/\\\/www.allscore.de\\\/shop\\\/en\\\/shop\\\/\"},{\"@type\":\"ListItem\",\"position\":3,\"name\":\"Inspector Lestrade 3: Eine Kugel f\u00fcr den Liebsten\"}]},{\"@type\":\"WebSite\",\"@id\":\"https:\\\/\\\/www.allscore.de\\\/shop\\\/en\\\/#website\",\"url\":\"https:\\\/\\\/www.allscore.de\\\/shop\\\/en\\\/\",\"name\":\"Allscore Shop\",\"description\":\"All Score Media\",\"publisher\":{\"@id\":\"https:\\\/\\\/www.allscore.de\\\/shop\\\/en\\\/#organization\"},\"potentialAction\":[{\"@type\":\"SearchAction\",\"target\":{\"@type\":\"EntryPoint\",\"urlTemplate\":\"https:\\\/\\\/www.allscore.de\\\/shop\\\/en\\\/?s={search_term_string}\"},\"query-input\":{\"@type\":\"PropertyValueSpecification\",\"valueRequired\":true,\"valueName\":\"search_term_string\"}}],\"inLanguage\":\"en-US\"},{\"@type\":\"Organization\",\"@id\":\"https:\\\/\\\/www.allscore.de\\\/shop\\\/en\\\/#organization\",\"name\":\"All Score Media\",\"alternateName\":\"Allscore\",\"url\":\"https:\\\/\\\/www.allscore.de\\\/shop\\\/en\\\/\",\"logo\":{\"@type\":\"ImageObject\",\"inLanguage\":\"en-US\",\"@id\":\"https:\\\/\\\/www.allscore.de\\\/shop\\\/en\\\/#\\\/schema\\\/logo\\\/image\\\/\",\"url\":\"https:\\\/\\\/www.allscore.de\\\/shop\\\/wp-content\\\/uploads\\\/2026\\\/01\\\/Logo_Yoast_Shop_2026.png\",\"contentUrl\":\"https:\\\/\\\/www.allscore.de\\\/shop\\\/wp-content\\\/uploads\\\/2026\\\/01\\\/Logo_Yoast_Shop_2026.png\",\"width\":696,\"height\":696,\"caption\":\"All Score Media\"},\"image\":{\"@id\":\"https:\\\/\\\/www.allscore.de\\\/shop\\\/en\\\/#\\\/schema\\\/logo\\\/image\\\/\"}}]}<\/script>\n<!-- \/ Yoast SEO plugin. -->","yoast_head_json":{"title":"Inspector Lestrade 3: Eine Kugel f\u00fcr den Liebsten","description":"Inspector Lestrade: Eine Kugel f\u00fcr den Liebsten (Fall 3) Attentat auf den Premierminister! Nach seiner Rede vor versammeltem Publikum wird Warren Catrell","robots":{"index":"index","follow":"follow","max-snippet":"max-snippet:-1","max-image-preview":"max-image-preview:large","max-video-preview":"max-video-preview:-1"},"canonical":"https:\/\/www.allscore.de\/shop\/en\/produkt\/eine-kugel-fuer-den-liebsten-fall-3\/","og_locale":"en_US","og_type":"article","og_title":"Inspector Lestrade 3: Eine Kugel f\u00fcr den Liebsten","og_description":"Inspector Lestrade: Eine Kugel f\u00fcr den Liebsten (Fall 3) Attentat auf den Premierminister! Nach seiner Rede vor versammeltem Publikum wird Warren Catrell","og_url":"https:\/\/www.allscore.de\/shop\/en\/produkt\/eine-kugel-fuer-den-liebsten-fall-3\/","og_site_name":"Allscore Shop","article_modified_time":"2024-04-19T17:09:14+00:00","og_image":[{"width":1200,"height":1200,"url":"https:\/\/www.allscore.de\/shop\/wp-content\/uploads\/2020\/09\/Lest03_1200x1200.jpg","type":"image\/jpeg"}],"twitter_card":"summary_large_image","twitter_misc":{"Est. reading time":"1 minute"},"schema":{"@context":"https:\/\/schema.org","@graph":[{"@type":"WebPage","@id":"https:\/\/www.allscore.de\/shop\/en\/produkt\/eine-kugel-fuer-den-liebsten-fall-3\/","url":"https:\/\/www.allscore.de\/shop\/en\/produkt\/eine-kugel-fuer-den-liebsten-fall-3\/","name":"Inspector Lestrade 3: Eine Kugel f\u00fcr den Liebsten","isPartOf":{"@id":"https:\/\/www.allscore.de\/shop\/en\/#website"},"primaryImageOfPage":{"@id":"https:\/\/www.allscore.de\/shop\/en\/produkt\/eine-kugel-fuer-den-liebsten-fall-3\/#primaryimage"},"image":{"@id":"https:\/\/www.allscore.de\/shop\/en\/produkt\/eine-kugel-fuer-den-liebsten-fall-3\/#primaryimage"},"thumbnailUrl":"https:\/\/www.allscore.de\/shop\/wp-content\/uploads\/2020\/09\/Lest03_1200x1200.jpg","datePublished":"2018-07-19T20:59:51+00:00","dateModified":"2024-04-19T17:09:14+00:00","description":"Inspector Lestrade: Eine Kugel f\u00fcr den Liebsten (Fall 3) Attentat auf den Premierminister! Nach seiner Rede vor versammeltem Publikum wird Warren Catrell","breadcrumb":{"@id":"https:\/\/www.allscore.de\/shop\/en\/produkt\/eine-kugel-fuer-den-liebsten-fall-3\/#breadcrumb"},"inLanguage":"en-US","potentialAction":[{"@type":"ReadAction","target":["https:\/\/www.allscore.de\/shop\/en\/produkt\/eine-kugel-fuer-den-liebsten-fall-3\/"]}]},{"@type":"ImageObject","inLanguage":"en-US","@id":"https:\/\/www.allscore.de\/shop\/en\/produkt\/eine-kugel-fuer-den-liebsten-fall-3\/#primaryimage","url":"https:\/\/www.allscore.de\/shop\/wp-content\/uploads\/2020\/09\/Lest03_1200x1200.jpg","contentUrl":"https:\/\/www.allscore.de\/shop\/wp-content\/uploads\/2020\/09\/Lest03_1200x1200.jpg","width":1200,"height":1200,"caption":"Eine Kugel f\u00fcr den Liebsten"},{"@type":"BreadcrumbList","@id":"https:\/\/www.allscore.de\/shop\/en\/produkt\/eine-kugel-fuer-den-liebsten-fall-3\/#breadcrumb","itemListElement":[{"@type":"ListItem","position":1,"name":"Startseite","item":"https:\/\/www.allscore.de\/shop\/en\/"},{"@type":"ListItem","position":2,"name":"Products","item":"https:\/\/www.allscore.de\/shop\/en\/shop\/"},{"@type":"ListItem","position":3,"name":"Inspector Lestrade 3: Eine Kugel f\u00fcr den Liebsten"}]},{"@type":"WebSite","@id":"https:\/\/www.allscore.de\/shop\/en\/#website","url":"https:\/\/www.allscore.de\/shop\/en\/","name":"Allscore Shop","description":"All Score Media","publisher":{"@id":"https:\/\/www.allscore.de\/shop\/en\/#organization"},"potentialAction":[{"@type":"SearchAction","target":{"@type":"EntryPoint","urlTemplate":"https:\/\/www.allscore.de\/shop\/en\/?s={search_term_string}"},"query-input":{"@type":"PropertyValueSpecification","valueRequired":true,"valueName":"search_term_string"}}],"inLanguage":"en-US"},{"@type":"Organization","@id":"https:\/\/www.allscore.de\/shop\/en\/#organization","name":"All Score Media","alternateName":"Allscore","url":"https:\/\/www.allscore.de\/shop\/en\/","logo":{"@type":"ImageObject","inLanguage":"en-US","@id":"https:\/\/www.allscore.de\/shop\/en\/#\/schema\/logo\/image\/","url":"https:\/\/www.allscore.de\/shop\/wp-content\/uploads\/2026\/01\/Logo_Yoast_Shop_2026.png","contentUrl":"https:\/\/www.allscore.de\/shop\/wp-content\/uploads\/2026\/01\/Logo_Yoast_Shop_2026.png","width":696,"height":696,"caption":"All Score Media"},"image":{"@id":"https:\/\/www.allscore.de\/shop\/en\/#\/schema\/logo\/image\/"}}]}},"_links":{"self":[{"href":"https:\/\/www.allscore.de\/shop\/en\/wp-json\/wp\/v2\/product\/7933","targetHints":{"allow":["GET"]}}],"collection":[{"href":"https:\/\/www.allscore.de\/shop\/en\/wp-json\/wp\/v2\/product"}],"about":[{"href":"https:\/\/www.allscore.de\/shop\/en\/wp-json\/wp\/v2\/types\/product"}],"wp:featuredmedia":[{"embeddable":true,"href":"https:\/\/www.allscore.de\/shop\/en\/wp-json\/wp\/v2\/media\/7971"}],"wp:attachment":[{"href":"https:\/\/www.allscore.de\/shop\/en\/wp-json\/wp\/v2\/media?parent=7933"}],"wp:term":[{"taxonomy":"product_brand","embeddable":true,"href":"https:\/\/www.allscore.de\/shop\/en\/wp-json\/wp\/v2\/product_brand?post=7933"},{"taxonomy":"product_cat","embeddable":true,"href":"https:\/\/www.allscore.de\/shop\/en\/wp-json\/wp\/v2\/product_cat?post=7933"},{"taxonomy":"product_tag","embeddable":true,"href":"https:\/\/www.allscore.de\/shop\/en\/wp-json\/wp\/v2\/product_tag?post=7933"}],"curies":[{"name":"wp","href":"https:\/\/api.w.org\/{rel}","templated":true}]}}