{"id":7924,"date":"2018-12-19T22:41:28","date_gmt":"2020-09-19T20:41:30","guid":{"rendered":"https:\/\/www.allscore.de\/shop\/?post_type=product&#038;p=7924"},"modified":"2022-07-20T23:31:12","modified_gmt":"2022-07-20T21:31:12","slug":"zum-schein-streng-geheim-die-mikrofilm-trilogie-3","status":"publish","type":"product","link":"https:\/\/www.allscore.de\/shop\/en\/produkt\/zum-schein-streng-geheim-die-mikrofilm-trilogie-3\/","title":{"rendered":"Der Lord &#038; die Zwei (3): Zum Schein streng geheim"},"content":{"rendered":"<p><a title=\"lord3\" href=\"https:\/\/www.hoerbuchjunkies.com\/Der-Lord-%26-die-Zwei--k1-3-k2-.htm\" target=\"blank\" rel=\"noopener noreferrer\">Hoerbuchjunkies.com<\/a> [Dez. 2018]: &#8220;Der Fall an sich lebt von seinen sympathischen Protagonisten, die einen hohen Wiedererkennungswert haben und in ihrem Facettenreichtum und Unterschiedlichkeit ihrer Charaktere ein interessantes Team bilden, dem man gern zuh\u00f6rt.&#8221;<\/p>\n<p><a title=\"lord3\" href=\"https:\/\/www.monstersandcritics.de\/der-lord-die-zwei-folge-3-zum-schein-streng-geheim-horspielkritik\/\" target=\"blank\" rel=\"noopener noreferrer\">Monsters &amp; Critics<\/a> [Jan. 2019]: &#8220;Die Geschichte war gut durchdacht und die Idee dahinter ist wirklich hervorragend. 10\/10 Punkten.&#8221;<\/p>\n","protected":false},"excerpt":{"rendered":"<p>Vom Spion in den eigenen Reihen zum \u00dcberl\u00e4ufer und nun in arger Bedr\u00e4ngnis: Anton Meier aus Ost-Berlin. F\u00fcr die Weitergabe geheimer Funkverbindungsdaten des Warschauer Paktes an den britischen Security Service stellt er weitreichende Forderungen. Doch sein Kontakt zum MI5 erweist sich als l\u00e4ngst nicht so konspirativ wie erhofft. Dadurch bekommt es die Kanzlei Lawlay erneut mit dem Mikrofilm-Fall zu tun, w\u00e4hrend man dort parallel in der Aff\u00e4re um ein Kunst-Plagiat vermittelt.<br \/>ZUM SCHEIN STRENG GEHEIM bildet zusammen mit den Folgen 1 und 2 die Mikrofilm-TRILOGIE.<\/p>\n<p>Lord Leyton Lawlay: Harry K\u00fchn<br \/>July Farrington: Judith Brandt<br \/>David Endrews: Charles Rettinghaus<br \/>Peggy Miller: Ilka Teichm\u00fcller<br \/>Christine Whitmoore: Sabine Walkenbach<br \/>Samanta Fielding: Debora Weigert<br \/>Dora Milton: Ute Noack<br \/>Anton Meier: Gerrit Hamann<br \/>Micha Keller: Matthias Klages<br \/>Jochen Schmidt: Andreas M\u00fcller<br \/>Rodney Stringer: Christoph Banken<br \/>Auktionatorin: Tabitha K\u00fchn<br \/>Party-Gast: Florian Hentschel<\/p>\n<p>Regie: Judith Brandt<br \/>Buch: Harry K\u00fchn<br \/>Musik: Finlay K\u00fchn<br \/>Produktionsleitung und Sounddesign: Sonja Geilen<br \/>Aufnahme und Mischung: Kai Hoffmann<br \/>Produktion: BRANDTFILM und All Score Media<\/p>\n<p>Spieldauer: ca. 58 Minuten<\/p>\n","protected":false},"featured_media":7968,"template":"","meta":[],"product_brand":[],"product_cat":[199,218],"product_tag":[],"class_list":{"0":"post-7924","1":"product","2":"type-product","3":"status-publish","4":"has-post-thumbnail","6":"product_cat-hoerspiele-en","7":"product_cat-der-lord-die-zwei-en","8":"product_shipping_class-tontraeger-cd-en","9":"entry","10":"clearfix","11":"entry-grid","12":"entry-columns-3","13":"entry-product-module-layout-sidebar-right","14":"thumbnail-color-tone-dark","15":"entry-product","17":"entry-product-grid","19":"first","20":"instock","21":"taxable","22":"shipping-taxable","23":"purchasable","24":"product-type-simple"},"yoast_head":"<!-- This site is optimized with the Yoast SEO plugin v27.4 - https:\/\/yoast.com\/product\/yoast-seo-wordpress\/ -->\n<title>Der Lord &amp; die Zwei (3): Zum Schein streng geheim<\/title>\n<meta name=\"description\" content=\"Vom Spion in den eigenen Reihen zum \u00dcberl\u00e4ufer und nun in arger Bedr\u00e4ngnis: Anton Meier aus Ost-Berlin. F\u00fcr die Weitergabe geheimer Funkverbindungsdaten des Warschauer Paktes an den britischen Security Service stellt er weitreichende Forderungen. Doch sein Kontakt zum MI5 erweist sich als l\u00e4ngst nicht so konspirativ wie erhofft. Dadurch bekommt es die Kanzlei Lawlay erneut mit dem Mikrofilm-Fall zu tun, w\u00e4hrend man dort parallel in der Aff\u00e4re um ein Kunst-Plagiat vermittelt.ZUM SCHEIN STRENG GEHEIM bildet zusammen mit den Folgen 1 und 2 die Mikrofilm-TRILOGIE. Lord Leyton Lawlay: Harry K\u00fchnJuly Farrington: Judith BrandtDavid Endrews: Charles RettinghausPeggy Miller: Ilka Teichm\u00fcllerChristine Whitmoore: Sabine WalkenbachSamanta Fielding: Debora WeigertDora Milton: Ute NoackAnton Meier: Gerrit HamannMicha Keller: Matthias KlagesJochen Schmidt: Andreas M\u00fcllerRodney Stringer: Christoph BankenAuktionatorin: Tabitha K\u00fchnParty-Gast: Florian Hentschel Regie: Judith BrandtBuch: Harry K\u00fchnMusik: Finlay K\u00fchnProduktionsleitung und Sounddesign: Sonja GeilenAufnahme und Mischung: Kai HoffmannProduktion: BRANDTFILM und All Score Media Spieldauer: ca. 58 Minuten\" \/>\n<meta name=\"robots\" content=\"index, follow, max-snippet:-1, max-image-preview:large, max-video-preview:-1\" \/>\n<link rel=\"canonical\" href=\"https:\/\/www.allscore.de\/shop\/en\/produkt\/zum-schein-streng-geheim-die-mikrofilm-trilogie-3\/\" \/>\n<meta property=\"og:locale\" content=\"en_US\" \/>\n<meta property=\"og:type\" content=\"article\" \/>\n<meta property=\"og:title\" content=\"Der Lord &amp; die Zwei (3): Zum Schein streng geheim\" \/>\n<meta property=\"og:description\" content=\"Vom Spion in den eigenen Reihen zum \u00dcberl\u00e4ufer und nun in arger Bedr\u00e4ngnis: Anton Meier aus Ost-Berlin. F\u00fcr die Weitergabe geheimer Funkverbindungsdaten des Warschauer Paktes an den britischen Security Service stellt er weitreichende Forderungen. Doch sein Kontakt zum MI5 erweist sich als l\u00e4ngst nicht so konspirativ wie erhofft. Dadurch bekommt es die Kanzlei Lawlay erneut mit dem Mikrofilm-Fall zu tun, w\u00e4hrend man dort parallel in der Aff\u00e4re um ein Kunst-Plagiat vermittelt.ZUM SCHEIN STRENG GEHEIM bildet zusammen mit den Folgen 1 und 2 die Mikrofilm-TRILOGIE. Lord Leyton Lawlay: Harry K\u00fchnJuly Farrington: Judith BrandtDavid Endrews: Charles RettinghausPeggy Miller: Ilka Teichm\u00fcllerChristine Whitmoore: Sabine WalkenbachSamanta Fielding: Debora WeigertDora Milton: Ute NoackAnton Meier: Gerrit HamannMicha Keller: Matthias KlagesJochen Schmidt: Andreas M\u00fcllerRodney Stringer: Christoph BankenAuktionatorin: Tabitha K\u00fchnParty-Gast: Florian Hentschel Regie: Judith BrandtBuch: Harry K\u00fchnMusik: Finlay K\u00fchnProduktionsleitung und Sounddesign: Sonja GeilenAufnahme und Mischung: Kai HoffmannProduktion: BRANDTFILM und All Score Media Spieldauer: ca. 58 Minuten\" \/>\n<meta property=\"og:url\" content=\"https:\/\/www.allscore.de\/shop\/en\/produkt\/zum-schein-streng-geheim-die-mikrofilm-trilogie-3\/\" \/>\n<meta property=\"og:site_name\" content=\"Allscore Shop\" \/>\n<meta property=\"article:modified_time\" content=\"2022-07-20T21:31:12+00:00\" \/>\n<meta property=\"og:image\" content=\"https:\/\/www.allscore.de\/shop\/wp-content\/uploads\/2020\/09\/Lord03_1200x1200.jpg\" \/>\n\t<meta property=\"og:image:width\" content=\"1200\" \/>\n\t<meta property=\"og:image:height\" content=\"1200\" \/>\n\t<meta property=\"og:image:type\" content=\"image\/jpeg\" \/>\n<meta name=\"twitter:card\" content=\"summary_large_image\" \/>\n<script type=\"application\/ld+json\" class=\"yoast-schema-graph\">{\"@context\":\"https:\\\/\\\/schema.org\",\"@graph\":[{\"@type\":\"WebPage\",\"@id\":\"https:\\\/\\\/www.allscore.de\\\/shop\\\/en\\\/produkt\\\/zum-schein-streng-geheim-die-mikrofilm-trilogie-3\\\/\",\"url\":\"https:\\\/\\\/www.allscore.de\\\/shop\\\/en\\\/produkt\\\/zum-schein-streng-geheim-die-mikrofilm-trilogie-3\\\/\",\"name\":\"Der Lord & die Zwei (3): Zum Schein streng geheim\",\"isPartOf\":{\"@id\":\"https:\\\/\\\/www.allscore.de\\\/shop\\\/en\\\/#website\"},\"primaryImageOfPage\":{\"@id\":\"https:\\\/\\\/www.allscore.de\\\/shop\\\/en\\\/produkt\\\/zum-schein-streng-geheim-die-mikrofilm-trilogie-3\\\/#primaryimage\"},\"image\":{\"@id\":\"https:\\\/\\\/www.allscore.de\\\/shop\\\/en\\\/produkt\\\/zum-schein-streng-geheim-die-mikrofilm-trilogie-3\\\/#primaryimage\"},\"thumbnailUrl\":\"https:\\\/\\\/www.allscore.de\\\/shop\\\/wp-content\\\/uploads\\\/2020\\\/09\\\/Lord03_1200x1200.jpg\",\"datePublished\":\"2020-09-19T20:41:30+00:00\",\"dateModified\":\"2022-07-20T21:31:12+00:00\",\"description\":\"Vom Spion in den eigenen Reihen zum \u00dcberl\u00e4ufer und nun in arger Bedr\u00e4ngnis: Anton Meier aus Ost-Berlin. F\u00fcr die Weitergabe geheimer Funkverbindungsdaten des Warschauer Paktes an den britischen Security Service stellt er weitreichende Forderungen. Doch sein Kontakt zum MI5 erweist sich als l\u00e4ngst nicht so konspirativ wie erhofft. Dadurch bekommt es die Kanzlei Lawlay erneut mit dem Mikrofilm-Fall zu tun, w\u00e4hrend man dort parallel in der Aff\u00e4re um ein Kunst-Plagiat vermittelt.ZUM SCHEIN STRENG GEHEIM bildet zusammen mit den Folgen 1 und 2 die Mikrofilm-TRILOGIE. Lord Leyton Lawlay: Harry K\u00fchnJuly Farrington: Judith BrandtDavid Endrews: Charles RettinghausPeggy Miller: Ilka Teichm\u00fcllerChristine Whitmoore: Sabine WalkenbachSamanta Fielding: Debora WeigertDora Milton: Ute NoackAnton Meier: Gerrit HamannMicha Keller: Matthias KlagesJochen Schmidt: Andreas M\u00fcllerRodney Stringer: Christoph BankenAuktionatorin: Tabitha K\u00fchnParty-Gast: Florian Hentschel Regie: Judith BrandtBuch: Harry K\u00fchnMusik: Finlay K\u00fchnProduktionsleitung und Sounddesign: Sonja GeilenAufnahme und Mischung: Kai HoffmannProduktion: BRANDTFILM und All Score Media Spieldauer: ca. 58 Minuten\",\"breadcrumb\":{\"@id\":\"https:\\\/\\\/www.allscore.de\\\/shop\\\/en\\\/produkt\\\/zum-schein-streng-geheim-die-mikrofilm-trilogie-3\\\/#breadcrumb\"},\"inLanguage\":\"en-US\",\"potentialAction\":[{\"@type\":\"ReadAction\",\"target\":[\"https:\\\/\\\/www.allscore.de\\\/shop\\\/en\\\/produkt\\\/zum-schein-streng-geheim-die-mikrofilm-trilogie-3\\\/\"]}]},{\"@type\":\"ImageObject\",\"inLanguage\":\"en-US\",\"@id\":\"https:\\\/\\\/www.allscore.de\\\/shop\\\/en\\\/produkt\\\/zum-schein-streng-geheim-die-mikrofilm-trilogie-3\\\/#primaryimage\",\"url\":\"https:\\\/\\\/www.allscore.de\\\/shop\\\/wp-content\\\/uploads\\\/2020\\\/09\\\/Lord03_1200x1200.jpg\",\"contentUrl\":\"https:\\\/\\\/www.allscore.de\\\/shop\\\/wp-content\\\/uploads\\\/2020\\\/09\\\/Lord03_1200x1200.jpg\",\"width\":1200,\"height\":1200,\"caption\":\"Zum Schein streng geheim\"},{\"@type\":\"BreadcrumbList\",\"@id\":\"https:\\\/\\\/www.allscore.de\\\/shop\\\/en\\\/produkt\\\/zum-schein-streng-geheim-die-mikrofilm-trilogie-3\\\/#breadcrumb\",\"itemListElement\":[{\"@type\":\"ListItem\",\"position\":1,\"name\":\"Startseite\",\"item\":\"https:\\\/\\\/www.allscore.de\\\/shop\\\/en\\\/\"},{\"@type\":\"ListItem\",\"position\":2,\"name\":\"Products\",\"item\":\"https:\\\/\\\/www.allscore.de\\\/shop\\\/en\\\/shop\\\/\"},{\"@type\":\"ListItem\",\"position\":3,\"name\":\"Der Lord &#038; die Zwei (3): Zum Schein streng geheim\"}]},{\"@type\":\"WebSite\",\"@id\":\"https:\\\/\\\/www.allscore.de\\\/shop\\\/en\\\/#website\",\"url\":\"https:\\\/\\\/www.allscore.de\\\/shop\\\/en\\\/\",\"name\":\"Allscore Shop\",\"description\":\"All Score Media\",\"publisher\":{\"@id\":\"https:\\\/\\\/www.allscore.de\\\/shop\\\/en\\\/#organization\"},\"potentialAction\":[{\"@type\":\"SearchAction\",\"target\":{\"@type\":\"EntryPoint\",\"urlTemplate\":\"https:\\\/\\\/www.allscore.de\\\/shop\\\/en\\\/?s={search_term_string}\"},\"query-input\":{\"@type\":\"PropertyValueSpecification\",\"valueRequired\":true,\"valueName\":\"search_term_string\"}}],\"inLanguage\":\"en-US\"},{\"@type\":\"Organization\",\"@id\":\"https:\\\/\\\/www.allscore.de\\\/shop\\\/en\\\/#organization\",\"name\":\"All Score Media\",\"alternateName\":\"Allscore\",\"url\":\"https:\\\/\\\/www.allscore.de\\\/shop\\\/en\\\/\",\"logo\":{\"@type\":\"ImageObject\",\"inLanguage\":\"en-US\",\"@id\":\"https:\\\/\\\/www.allscore.de\\\/shop\\\/en\\\/#\\\/schema\\\/logo\\\/image\\\/\",\"url\":\"https:\\\/\\\/www.allscore.de\\\/shop\\\/wp-content\\\/uploads\\\/2026\\\/01\\\/Logo_Yoast_Shop_2026.png\",\"contentUrl\":\"https:\\\/\\\/www.allscore.de\\\/shop\\\/wp-content\\\/uploads\\\/2026\\\/01\\\/Logo_Yoast_Shop_2026.png\",\"width\":696,\"height\":696,\"caption\":\"All Score Media\"},\"image\":{\"@id\":\"https:\\\/\\\/www.allscore.de\\\/shop\\\/en\\\/#\\\/schema\\\/logo\\\/image\\\/\"}}]}<\/script>\n<!-- \/ Yoast SEO plugin. -->","yoast_head_json":{"title":"Der Lord & die Zwei (3): Zum Schein streng geheim","description":"Vom Spion in den eigenen Reihen zum \u00dcberl\u00e4ufer und nun in arger Bedr\u00e4ngnis: Anton Meier aus Ost-Berlin. F\u00fcr die Weitergabe geheimer Funkverbindungsdaten des Warschauer Paktes an den britischen Security Service stellt er weitreichende Forderungen. Doch sein Kontakt zum MI5 erweist sich als l\u00e4ngst nicht so konspirativ wie erhofft. Dadurch bekommt es die Kanzlei Lawlay erneut mit dem Mikrofilm-Fall zu tun, w\u00e4hrend man dort parallel in der Aff\u00e4re um ein Kunst-Plagiat vermittelt.ZUM SCHEIN STRENG GEHEIM bildet zusammen mit den Folgen 1 und 2 die Mikrofilm-TRILOGIE. Lord Leyton Lawlay: Harry K\u00fchnJuly Farrington: Judith BrandtDavid Endrews: Charles RettinghausPeggy Miller: Ilka Teichm\u00fcllerChristine Whitmoore: Sabine WalkenbachSamanta Fielding: Debora WeigertDora Milton: Ute NoackAnton Meier: Gerrit HamannMicha Keller: Matthias KlagesJochen Schmidt: Andreas M\u00fcllerRodney Stringer: Christoph BankenAuktionatorin: Tabitha K\u00fchnParty-Gast: Florian Hentschel Regie: Judith BrandtBuch: Harry K\u00fchnMusik: Finlay K\u00fchnProduktionsleitung und Sounddesign: Sonja GeilenAufnahme und Mischung: Kai HoffmannProduktion: BRANDTFILM und All Score Media Spieldauer: ca. 58 Minuten","robots":{"index":"index","follow":"follow","max-snippet":"max-snippet:-1","max-image-preview":"max-image-preview:large","max-video-preview":"max-video-preview:-1"},"canonical":"https:\/\/www.allscore.de\/shop\/en\/produkt\/zum-schein-streng-geheim-die-mikrofilm-trilogie-3\/","og_locale":"en_US","og_type":"article","og_title":"Der Lord & die Zwei (3): Zum Schein streng geheim","og_description":"Vom Spion in den eigenen Reihen zum \u00dcberl\u00e4ufer und nun in arger Bedr\u00e4ngnis: Anton Meier aus Ost-Berlin. F\u00fcr die Weitergabe geheimer Funkverbindungsdaten des Warschauer Paktes an den britischen Security Service stellt er weitreichende Forderungen. Doch sein Kontakt zum MI5 erweist sich als l\u00e4ngst nicht so konspirativ wie erhofft. Dadurch bekommt es die Kanzlei Lawlay erneut mit dem Mikrofilm-Fall zu tun, w\u00e4hrend man dort parallel in der Aff\u00e4re um ein Kunst-Plagiat vermittelt.ZUM SCHEIN STRENG GEHEIM bildet zusammen mit den Folgen 1 und 2 die Mikrofilm-TRILOGIE. Lord Leyton Lawlay: Harry K\u00fchnJuly Farrington: Judith BrandtDavid Endrews: Charles RettinghausPeggy Miller: Ilka Teichm\u00fcllerChristine Whitmoore: Sabine WalkenbachSamanta Fielding: Debora WeigertDora Milton: Ute NoackAnton Meier: Gerrit HamannMicha Keller: Matthias KlagesJochen Schmidt: Andreas M\u00fcllerRodney Stringer: Christoph BankenAuktionatorin: Tabitha K\u00fchnParty-Gast: Florian Hentschel Regie: Judith BrandtBuch: Harry K\u00fchnMusik: Finlay K\u00fchnProduktionsleitung und Sounddesign: Sonja GeilenAufnahme und Mischung: Kai HoffmannProduktion: BRANDTFILM und All Score Media Spieldauer: ca. 58 Minuten","og_url":"https:\/\/www.allscore.de\/shop\/en\/produkt\/zum-schein-streng-geheim-die-mikrofilm-trilogie-3\/","og_site_name":"Allscore Shop","article_modified_time":"2022-07-20T21:31:12+00:00","og_image":[{"width":1200,"height":1200,"url":"https:\/\/www.allscore.de\/shop\/wp-content\/uploads\/2020\/09\/Lord03_1200x1200.jpg","type":"image\/jpeg"}],"twitter_card":"summary_large_image","schema":{"@context":"https:\/\/schema.org","@graph":[{"@type":"WebPage","@id":"https:\/\/www.allscore.de\/shop\/en\/produkt\/zum-schein-streng-geheim-die-mikrofilm-trilogie-3\/","url":"https:\/\/www.allscore.de\/shop\/en\/produkt\/zum-schein-streng-geheim-die-mikrofilm-trilogie-3\/","name":"Der Lord & die Zwei (3): Zum Schein streng geheim","isPartOf":{"@id":"https:\/\/www.allscore.de\/shop\/en\/#website"},"primaryImageOfPage":{"@id":"https:\/\/www.allscore.de\/shop\/en\/produkt\/zum-schein-streng-geheim-die-mikrofilm-trilogie-3\/#primaryimage"},"image":{"@id":"https:\/\/www.allscore.de\/shop\/en\/produkt\/zum-schein-streng-geheim-die-mikrofilm-trilogie-3\/#primaryimage"},"thumbnailUrl":"https:\/\/www.allscore.de\/shop\/wp-content\/uploads\/2020\/09\/Lord03_1200x1200.jpg","datePublished":"2020-09-19T20:41:30+00:00","dateModified":"2022-07-20T21:31:12+00:00","description":"Vom Spion in den eigenen Reihen zum \u00dcberl\u00e4ufer und nun in arger Bedr\u00e4ngnis: Anton Meier aus Ost-Berlin. F\u00fcr die Weitergabe geheimer Funkverbindungsdaten des Warschauer Paktes an den britischen Security Service stellt er weitreichende Forderungen. Doch sein Kontakt zum MI5 erweist sich als l\u00e4ngst nicht so konspirativ wie erhofft. Dadurch bekommt es die Kanzlei Lawlay erneut mit dem Mikrofilm-Fall zu tun, w\u00e4hrend man dort parallel in der Aff\u00e4re um ein Kunst-Plagiat vermittelt.ZUM SCHEIN STRENG GEHEIM bildet zusammen mit den Folgen 1 und 2 die Mikrofilm-TRILOGIE. Lord Leyton Lawlay: Harry K\u00fchnJuly Farrington: Judith BrandtDavid Endrews: Charles RettinghausPeggy Miller: Ilka Teichm\u00fcllerChristine Whitmoore: Sabine WalkenbachSamanta Fielding: Debora WeigertDora Milton: Ute NoackAnton Meier: Gerrit HamannMicha Keller: Matthias KlagesJochen Schmidt: Andreas M\u00fcllerRodney Stringer: Christoph BankenAuktionatorin: Tabitha K\u00fchnParty-Gast: Florian Hentschel Regie: Judith BrandtBuch: Harry K\u00fchnMusik: Finlay K\u00fchnProduktionsleitung und Sounddesign: Sonja GeilenAufnahme und Mischung: Kai HoffmannProduktion: BRANDTFILM und All Score Media Spieldauer: ca. 58 Minuten","breadcrumb":{"@id":"https:\/\/www.allscore.de\/shop\/en\/produkt\/zum-schein-streng-geheim-die-mikrofilm-trilogie-3\/#breadcrumb"},"inLanguage":"en-US","potentialAction":[{"@type":"ReadAction","target":["https:\/\/www.allscore.de\/shop\/en\/produkt\/zum-schein-streng-geheim-die-mikrofilm-trilogie-3\/"]}]},{"@type":"ImageObject","inLanguage":"en-US","@id":"https:\/\/www.allscore.de\/shop\/en\/produkt\/zum-schein-streng-geheim-die-mikrofilm-trilogie-3\/#primaryimage","url":"https:\/\/www.allscore.de\/shop\/wp-content\/uploads\/2020\/09\/Lord03_1200x1200.jpg","contentUrl":"https:\/\/www.allscore.de\/shop\/wp-content\/uploads\/2020\/09\/Lord03_1200x1200.jpg","width":1200,"height":1200,"caption":"Zum Schein streng geheim"},{"@type":"BreadcrumbList","@id":"https:\/\/www.allscore.de\/shop\/en\/produkt\/zum-schein-streng-geheim-die-mikrofilm-trilogie-3\/#breadcrumb","itemListElement":[{"@type":"ListItem","position":1,"name":"Startseite","item":"https:\/\/www.allscore.de\/shop\/en\/"},{"@type":"ListItem","position":2,"name":"Products","item":"https:\/\/www.allscore.de\/shop\/en\/shop\/"},{"@type":"ListItem","position":3,"name":"Der Lord &#038; die Zwei (3): Zum Schein streng geheim"}]},{"@type":"WebSite","@id":"https:\/\/www.allscore.de\/shop\/en\/#website","url":"https:\/\/www.allscore.de\/shop\/en\/","name":"Allscore Shop","description":"All Score Media","publisher":{"@id":"https:\/\/www.allscore.de\/shop\/en\/#organization"},"potentialAction":[{"@type":"SearchAction","target":{"@type":"EntryPoint","urlTemplate":"https:\/\/www.allscore.de\/shop\/en\/?s={search_term_string}"},"query-input":{"@type":"PropertyValueSpecification","valueRequired":true,"valueName":"search_term_string"}}],"inLanguage":"en-US"},{"@type":"Organization","@id":"https:\/\/www.allscore.de\/shop\/en\/#organization","name":"All Score Media","alternateName":"Allscore","url":"https:\/\/www.allscore.de\/shop\/en\/","logo":{"@type":"ImageObject","inLanguage":"en-US","@id":"https:\/\/www.allscore.de\/shop\/en\/#\/schema\/logo\/image\/","url":"https:\/\/www.allscore.de\/shop\/wp-content\/uploads\/2026\/01\/Logo_Yoast_Shop_2026.png","contentUrl":"https:\/\/www.allscore.de\/shop\/wp-content\/uploads\/2026\/01\/Logo_Yoast_Shop_2026.png","width":696,"height":696,"caption":"All Score Media"},"image":{"@id":"https:\/\/www.allscore.de\/shop\/en\/#\/schema\/logo\/image\/"}}]}},"_links":{"self":[{"href":"https:\/\/www.allscore.de\/shop\/en\/wp-json\/wp\/v2\/product\/7924","targetHints":{"allow":["GET"]}}],"collection":[{"href":"https:\/\/www.allscore.de\/shop\/en\/wp-json\/wp\/v2\/product"}],"about":[{"href":"https:\/\/www.allscore.de\/shop\/en\/wp-json\/wp\/v2\/types\/product"}],"wp:featuredmedia":[{"embeddable":true,"href":"https:\/\/www.allscore.de\/shop\/en\/wp-json\/wp\/v2\/media\/7968"}],"wp:attachment":[{"href":"https:\/\/www.allscore.de\/shop\/en\/wp-json\/wp\/v2\/media?parent=7924"}],"wp:term":[{"taxonomy":"product_brand","embeddable":true,"href":"https:\/\/www.allscore.de\/shop\/en\/wp-json\/wp\/v2\/product_brand?post=7924"},{"taxonomy":"product_cat","embeddable":true,"href":"https:\/\/www.allscore.de\/shop\/en\/wp-json\/wp\/v2\/product_cat?post=7924"},{"taxonomy":"product_tag","embeddable":true,"href":"https:\/\/www.allscore.de\/shop\/en\/wp-json\/wp\/v2\/product_tag?post=7924"}],"curies":[{"name":"wp","href":"https:\/\/api.w.org\/{rel}","templated":true}]}}