{"id":7866,"date":"2019-11-18T22:23:33","date_gmt":"2019-11-18T21:23:33","guid":{"rendered":"https:\/\/www.allscore.de\/shop\/?post_type=product&#038;p=7866"},"modified":"2024-05-02T18:16:48","modified_gmt":"2024-05-02T16:16:48","slug":"der-sturm-des-unheils-fall-43","status":"publish","type":"product","link":"https:\/\/www.allscore.de\/shop\/en\/produkt\/der-sturm-des-unheils-fall-43\/","title":{"rendered":"Sherlock Holmes, neue F\u00e4lle 43: Der Sturm des Unheils"},"content":{"rendered":"<p>Sherlock Holmes, neue F\u00e4lle 43: Der Sturm des Unheils<\/p>\n<p>Sherlock Holmes und Doktor Watson erhalten den Auftrag, den Anwalt Derek Brody nach Burgh Island zu \u00fcberf\u00fchren, um ihn in die Obhut von Inspektor Stout zu \u00fcbergeben. Brody ist Kronzeuge in einem Mordprozess und zudem ehemaliger Anwalt des gef\u00fcrchteten Verbrechers Carson. Ein Sturm sorgt daf\u00fcr, dass die Anwesenden kurz nach ihrer Ankunft im Burgh Island Hotel von der Au\u00dfenwelt abgeschnitten werden. Als kurz darauf ein Toter aufgefunden wird, eskalieren die Ereignisse. In dem unheimlichen Hotel geht ein M\u00f6rder um, der eine gnadenlose Jagd betreibt&#8230;<\/p>\n<p>Sherlock Holmes: Christian Rode<br \/>\nWatson \/ Erz\u00e4hler: Peter Groeger<br \/>\nDerek Brody: Lutz Riedel<br \/>\nStanford Kirkwin: Achim Buch<br \/>\nMilly Kirkwin: Ulrike St\u00fcrzbecher<br \/>\nCharles Monroe: Bodo Wolf<br \/>\nArchibald Nettleford: Helmut Krauss<br \/>\nInspector Miles Stout: Jochen Schr\u00f6der<br \/>\nAlan Battle: Martin Kautz<\/p>\n<p>Regie: Gerd Naumann<br \/>\nBuch und Idee: Marc Freund<br \/>\nKomponist: Stephan Eicke<br \/>\nSounddesign, Mischung &amp; Master: Tom Steinbrecher<\/p>\n<p>Spieldauer: ca. 61 Minuten<\/p>\n","protected":false},"excerpt":{"rendered":"<p>Sherlock Holmes, neue F\u00e4lle 43: Der Sturm des Unheils Sherlock Holmes und Doktor Watson erhalten den Auftrag, den Anwalt Derek Brody nach Burgh Island zu \u00fcberf\u00fchren, um ihn in die Obhut von Inspektor Stout zu \u00fcbergeben. Brody ist Kronzeuge in einem Mordprozess und zudem ehemaliger Anwalt des gef\u00fcrchteten Verbrechers Carson. Ein Sturm sorgt daf\u00fcr, dass&#8230;<\/p>\n<p><a rel=\"bookmark\" class=\"vonzot-button-simple wvc-button wvc-button-size-sm\" href=\"https:\/\/www.allscore.de\/shop\/en\/produkt\/der-sturm-des-unheils-fall-43\/\"><span>Read more<\/span><\/a><\/p>\n","protected":false},"featured_media":7867,"template":"","meta":[],"product_brand":[],"product_cat":[199,215],"product_tag":[],"class_list":{"0":"post-7866","1":"product","2":"type-product","3":"status-publish","4":"has-post-thumbnail","6":"product_cat-hoerspiele-en","7":"product_cat-sherlock-holmes-die-neuen-faelle-en","8":"product_shipping_class-tontraeger-cd-en","9":"entry","10":"clearfix","11":"entry-grid","12":"entry-columns-3","13":"entry-product-module-layout-sidebar-right","14":"thumbnail-color-tone-dark","15":"entry-product","17":"entry-product-grid","19":"first","20":"instock","21":"taxable","22":"shipping-taxable","23":"purchasable","24":"product-type-simple"},"yoast_head":"<!-- This site is optimized with the Yoast SEO plugin v27.4 - https:\/\/yoast.com\/product\/yoast-seo-wordpress\/ -->\n<title>Sherlock Holmes, neue F\u00e4lle 43: Der Sturm des Unheils<\/title>\n<meta name=\"description\" content=\"Sherlock Holmes, neue F\u00e4lle 43: Der Sturm des Unheils Sherlock Holmes und Doktor Watson erhalten den Auftrag, den Anwalt Derek Brody nach Burgh Island zu\" \/>\n<meta name=\"robots\" content=\"index, follow, max-snippet:-1, max-image-preview:large, max-video-preview:-1\" \/>\n<link rel=\"canonical\" href=\"https:\/\/www.allscore.de\/shop\/en\/produkt\/der-sturm-des-unheils-fall-43\/\" \/>\n<meta property=\"og:locale\" content=\"en_US\" \/>\n<meta property=\"og:type\" content=\"article\" \/>\n<meta property=\"og:title\" content=\"Sherlock Holmes, neue F\u00e4lle 43: Der Sturm des Unheils\" \/>\n<meta property=\"og:description\" content=\"Sherlock Holmes, neue F\u00e4lle 43: Der Sturm des Unheils Sherlock Holmes und Doktor Watson erhalten den Auftrag, den Anwalt Derek Brody nach Burgh Island zu\" \/>\n<meta property=\"og:url\" content=\"https:\/\/www.allscore.de\/shop\/en\/produkt\/der-sturm-des-unheils-fall-43\/\" \/>\n<meta property=\"og:site_name\" content=\"Allscore Shop\" \/>\n<meta property=\"article:modified_time\" content=\"2024-05-02T16:16:48+00:00\" \/>\n<meta property=\"og:image\" content=\"https:\/\/www.allscore.de\/shop\/wp-content\/uploads\/2020\/09\/SH43_1200x1200.jpg\" \/>\n\t<meta property=\"og:image:width\" content=\"1200\" \/>\n\t<meta property=\"og:image:height\" content=\"1200\" \/>\n\t<meta property=\"og:image:type\" content=\"image\/jpeg\" \/>\n<meta name=\"twitter:card\" content=\"summary_large_image\" \/>\n<meta name=\"twitter:label1\" content=\"Est. reading time\" \/>\n\t<meta name=\"twitter:data1\" content=\"1 minute\" \/>\n<script type=\"application\/ld+json\" class=\"yoast-schema-graph\">{\"@context\":\"https:\\\/\\\/schema.org\",\"@graph\":[{\"@type\":\"WebPage\",\"@id\":\"https:\\\/\\\/www.allscore.de\\\/shop\\\/en\\\/produkt\\\/der-sturm-des-unheils-fall-43\\\/\",\"url\":\"https:\\\/\\\/www.allscore.de\\\/shop\\\/en\\\/produkt\\\/der-sturm-des-unheils-fall-43\\\/\",\"name\":\"Sherlock Holmes, neue F\u00e4lle 43: Der Sturm des Unheils\",\"isPartOf\":{\"@id\":\"https:\\\/\\\/www.allscore.de\\\/shop\\\/en\\\/#website\"},\"primaryImageOfPage\":{\"@id\":\"https:\\\/\\\/www.allscore.de\\\/shop\\\/en\\\/produkt\\\/der-sturm-des-unheils-fall-43\\\/#primaryimage\"},\"image\":{\"@id\":\"https:\\\/\\\/www.allscore.de\\\/shop\\\/en\\\/produkt\\\/der-sturm-des-unheils-fall-43\\\/#primaryimage\"},\"thumbnailUrl\":\"https:\\\/\\\/www.allscore.de\\\/shop\\\/wp-content\\\/uploads\\\/2020\\\/09\\\/SH43_1200x1200.jpg\",\"datePublished\":\"2019-11-18T21:23:33+00:00\",\"dateModified\":\"2024-05-02T16:16:48+00:00\",\"description\":\"Sherlock Holmes, neue F\u00e4lle 43: Der Sturm des Unheils Sherlock Holmes und Doktor Watson erhalten den Auftrag, den Anwalt Derek Brody nach Burgh Island zu\",\"breadcrumb\":{\"@id\":\"https:\\\/\\\/www.allscore.de\\\/shop\\\/en\\\/produkt\\\/der-sturm-des-unheils-fall-43\\\/#breadcrumb\"},\"inLanguage\":\"en-US\",\"potentialAction\":[{\"@type\":\"ReadAction\",\"target\":[\"https:\\\/\\\/www.allscore.de\\\/shop\\\/en\\\/produkt\\\/der-sturm-des-unheils-fall-43\\\/\"]}]},{\"@type\":\"ImageObject\",\"inLanguage\":\"en-US\",\"@id\":\"https:\\\/\\\/www.allscore.de\\\/shop\\\/en\\\/produkt\\\/der-sturm-des-unheils-fall-43\\\/#primaryimage\",\"url\":\"https:\\\/\\\/www.allscore.de\\\/shop\\\/wp-content\\\/uploads\\\/2020\\\/09\\\/SH43_1200x1200.jpg\",\"contentUrl\":\"https:\\\/\\\/www.allscore.de\\\/shop\\\/wp-content\\\/uploads\\\/2020\\\/09\\\/SH43_1200x1200.jpg\",\"width\":1200,\"height\":1200,\"caption\":\"Der Sturm des Unheils\"},{\"@type\":\"BreadcrumbList\",\"@id\":\"https:\\\/\\\/www.allscore.de\\\/shop\\\/en\\\/produkt\\\/der-sturm-des-unheils-fall-43\\\/#breadcrumb\",\"itemListElement\":[{\"@type\":\"ListItem\",\"position\":1,\"name\":\"Startseite\",\"item\":\"https:\\\/\\\/www.allscore.de\\\/shop\\\/en\\\/\"},{\"@type\":\"ListItem\",\"position\":2,\"name\":\"Products\",\"item\":\"https:\\\/\\\/www.allscore.de\\\/shop\\\/en\\\/shop\\\/\"},{\"@type\":\"ListItem\",\"position\":3,\"name\":\"Sherlock Holmes, neue F\u00e4lle 43: Der Sturm des Unheils\"}]},{\"@type\":\"WebSite\",\"@id\":\"https:\\\/\\\/www.allscore.de\\\/shop\\\/en\\\/#website\",\"url\":\"https:\\\/\\\/www.allscore.de\\\/shop\\\/en\\\/\",\"name\":\"Allscore Shop\",\"description\":\"All Score Media\",\"publisher\":{\"@id\":\"https:\\\/\\\/www.allscore.de\\\/shop\\\/en\\\/#organization\"},\"potentialAction\":[{\"@type\":\"SearchAction\",\"target\":{\"@type\":\"EntryPoint\",\"urlTemplate\":\"https:\\\/\\\/www.allscore.de\\\/shop\\\/en\\\/?s={search_term_string}\"},\"query-input\":{\"@type\":\"PropertyValueSpecification\",\"valueRequired\":true,\"valueName\":\"search_term_string\"}}],\"inLanguage\":\"en-US\"},{\"@type\":\"Organization\",\"@id\":\"https:\\\/\\\/www.allscore.de\\\/shop\\\/en\\\/#organization\",\"name\":\"All Score Media\",\"alternateName\":\"Allscore\",\"url\":\"https:\\\/\\\/www.allscore.de\\\/shop\\\/en\\\/\",\"logo\":{\"@type\":\"ImageObject\",\"inLanguage\":\"en-US\",\"@id\":\"https:\\\/\\\/www.allscore.de\\\/shop\\\/en\\\/#\\\/schema\\\/logo\\\/image\\\/\",\"url\":\"https:\\\/\\\/www.allscore.de\\\/shop\\\/wp-content\\\/uploads\\\/2026\\\/01\\\/Logo_Yoast_Shop_2026.png\",\"contentUrl\":\"https:\\\/\\\/www.allscore.de\\\/shop\\\/wp-content\\\/uploads\\\/2026\\\/01\\\/Logo_Yoast_Shop_2026.png\",\"width\":696,\"height\":696,\"caption\":\"All Score Media\"},\"image\":{\"@id\":\"https:\\\/\\\/www.allscore.de\\\/shop\\\/en\\\/#\\\/schema\\\/logo\\\/image\\\/\"}}]}<\/script>\n<!-- \/ Yoast SEO plugin. -->","yoast_head_json":{"title":"Sherlock Holmes, neue F\u00e4lle 43: Der Sturm des Unheils","description":"Sherlock Holmes, neue F\u00e4lle 43: Der Sturm des Unheils Sherlock Holmes und Doktor Watson erhalten den Auftrag, den Anwalt Derek Brody nach Burgh Island zu","robots":{"index":"index","follow":"follow","max-snippet":"max-snippet:-1","max-image-preview":"max-image-preview:large","max-video-preview":"max-video-preview:-1"},"canonical":"https:\/\/www.allscore.de\/shop\/en\/produkt\/der-sturm-des-unheils-fall-43\/","og_locale":"en_US","og_type":"article","og_title":"Sherlock Holmes, neue F\u00e4lle 43: Der Sturm des Unheils","og_description":"Sherlock Holmes, neue F\u00e4lle 43: Der Sturm des Unheils Sherlock Holmes und Doktor Watson erhalten den Auftrag, den Anwalt Derek Brody nach Burgh Island zu","og_url":"https:\/\/www.allscore.de\/shop\/en\/produkt\/der-sturm-des-unheils-fall-43\/","og_site_name":"Allscore Shop","article_modified_time":"2024-05-02T16:16:48+00:00","og_image":[{"width":1200,"height":1200,"url":"https:\/\/www.allscore.de\/shop\/wp-content\/uploads\/2020\/09\/SH43_1200x1200.jpg","type":"image\/jpeg"}],"twitter_card":"summary_large_image","twitter_misc":{"Est. reading time":"1 minute"},"schema":{"@context":"https:\/\/schema.org","@graph":[{"@type":"WebPage","@id":"https:\/\/www.allscore.de\/shop\/en\/produkt\/der-sturm-des-unheils-fall-43\/","url":"https:\/\/www.allscore.de\/shop\/en\/produkt\/der-sturm-des-unheils-fall-43\/","name":"Sherlock Holmes, neue F\u00e4lle 43: Der Sturm des Unheils","isPartOf":{"@id":"https:\/\/www.allscore.de\/shop\/en\/#website"},"primaryImageOfPage":{"@id":"https:\/\/www.allscore.de\/shop\/en\/produkt\/der-sturm-des-unheils-fall-43\/#primaryimage"},"image":{"@id":"https:\/\/www.allscore.de\/shop\/en\/produkt\/der-sturm-des-unheils-fall-43\/#primaryimage"},"thumbnailUrl":"https:\/\/www.allscore.de\/shop\/wp-content\/uploads\/2020\/09\/SH43_1200x1200.jpg","datePublished":"2019-11-18T21:23:33+00:00","dateModified":"2024-05-02T16:16:48+00:00","description":"Sherlock Holmes, neue F\u00e4lle 43: Der Sturm des Unheils Sherlock Holmes und Doktor Watson erhalten den Auftrag, den Anwalt Derek Brody nach Burgh Island zu","breadcrumb":{"@id":"https:\/\/www.allscore.de\/shop\/en\/produkt\/der-sturm-des-unheils-fall-43\/#breadcrumb"},"inLanguage":"en-US","potentialAction":[{"@type":"ReadAction","target":["https:\/\/www.allscore.de\/shop\/en\/produkt\/der-sturm-des-unheils-fall-43\/"]}]},{"@type":"ImageObject","inLanguage":"en-US","@id":"https:\/\/www.allscore.de\/shop\/en\/produkt\/der-sturm-des-unheils-fall-43\/#primaryimage","url":"https:\/\/www.allscore.de\/shop\/wp-content\/uploads\/2020\/09\/SH43_1200x1200.jpg","contentUrl":"https:\/\/www.allscore.de\/shop\/wp-content\/uploads\/2020\/09\/SH43_1200x1200.jpg","width":1200,"height":1200,"caption":"Der Sturm des Unheils"},{"@type":"BreadcrumbList","@id":"https:\/\/www.allscore.de\/shop\/en\/produkt\/der-sturm-des-unheils-fall-43\/#breadcrumb","itemListElement":[{"@type":"ListItem","position":1,"name":"Startseite","item":"https:\/\/www.allscore.de\/shop\/en\/"},{"@type":"ListItem","position":2,"name":"Products","item":"https:\/\/www.allscore.de\/shop\/en\/shop\/"},{"@type":"ListItem","position":3,"name":"Sherlock Holmes, neue F\u00e4lle 43: Der Sturm des Unheils"}]},{"@type":"WebSite","@id":"https:\/\/www.allscore.de\/shop\/en\/#website","url":"https:\/\/www.allscore.de\/shop\/en\/","name":"Allscore Shop","description":"All Score Media","publisher":{"@id":"https:\/\/www.allscore.de\/shop\/en\/#organization"},"potentialAction":[{"@type":"SearchAction","target":{"@type":"EntryPoint","urlTemplate":"https:\/\/www.allscore.de\/shop\/en\/?s={search_term_string}"},"query-input":{"@type":"PropertyValueSpecification","valueRequired":true,"valueName":"search_term_string"}}],"inLanguage":"en-US"},{"@type":"Organization","@id":"https:\/\/www.allscore.de\/shop\/en\/#organization","name":"All Score Media","alternateName":"Allscore","url":"https:\/\/www.allscore.de\/shop\/en\/","logo":{"@type":"ImageObject","inLanguage":"en-US","@id":"https:\/\/www.allscore.de\/shop\/en\/#\/schema\/logo\/image\/","url":"https:\/\/www.allscore.de\/shop\/wp-content\/uploads\/2026\/01\/Logo_Yoast_Shop_2026.png","contentUrl":"https:\/\/www.allscore.de\/shop\/wp-content\/uploads\/2026\/01\/Logo_Yoast_Shop_2026.png","width":696,"height":696,"caption":"All Score Media"},"image":{"@id":"https:\/\/www.allscore.de\/shop\/en\/#\/schema\/logo\/image\/"}}]}},"_links":{"self":[{"href":"https:\/\/www.allscore.de\/shop\/en\/wp-json\/wp\/v2\/product\/7866","targetHints":{"allow":["GET"]}}],"collection":[{"href":"https:\/\/www.allscore.de\/shop\/en\/wp-json\/wp\/v2\/product"}],"about":[{"href":"https:\/\/www.allscore.de\/shop\/en\/wp-json\/wp\/v2\/types\/product"}],"wp:featuredmedia":[{"embeddable":true,"href":"https:\/\/www.allscore.de\/shop\/en\/wp-json\/wp\/v2\/media\/7867"}],"wp:attachment":[{"href":"https:\/\/www.allscore.de\/shop\/en\/wp-json\/wp\/v2\/media?parent=7866"}],"wp:term":[{"taxonomy":"product_brand","embeddable":true,"href":"https:\/\/www.allscore.de\/shop\/en\/wp-json\/wp\/v2\/product_brand?post=7866"},{"taxonomy":"product_cat","embeddable":true,"href":"https:\/\/www.allscore.de\/shop\/en\/wp-json\/wp\/v2\/product_cat?post=7866"},{"taxonomy":"product_tag","embeddable":true,"href":"https:\/\/www.allscore.de\/shop\/en\/wp-json\/wp\/v2\/product_tag?post=7866"}],"curies":[{"name":"wp","href":"https:\/\/api.w.org\/{rel}","templated":true}]}}