{"id":7821,"date":"2016-10-18T21:38:25","date_gmt":"2016-10-18T19:38:25","guid":{"rendered":"https:\/\/www.allscore.de\/shop\/?post_type=product&#038;p=7821"},"modified":"2024-05-02T17:49:12","modified_gmt":"2024-05-02T15:49:12","slug":"die-rache-des-gerechten-fall-28","status":"publish","type":"product","link":"https:\/\/www.allscore.de\/shop\/en\/produkt\/die-rache-des-gerechten-fall-28\/","title":{"rendered":"Sherlock Holmes, neue F\u00e4lle 28: Die Rache des Gerechten"},"content":{"rendered":"<p>Sherlock Holmes, neue F\u00e4lle 28: Die Rache des Gerechten<\/p>\n<p>Der r\u00e4tselhafte Tod zweier prominenter Londoner Gentlemen versetzt die gehobene Gesellschaft in helle Aufregung. Doch Scotland Yard tappt im Dunkeln und Inspector Lestrade sieht sich gezwungen, Sherlock Holmes um Hilfe zu bitten. Eine hei\u00dfe Spur f\u00fchrt den Detektiv in eine Londoner Freimaurerloge. F\u00fcr Holmes und Watson dr\u00e4ngt die Zeit, denn einige Anzeichen sprechen daf\u00fcr, dass der M\u00f6rder bald wieder zuschlagen wird. Aber dann nimmt der Fall eine unerwartete Wendung&#8230;<\/p>\n<p>Sherlock Holmes: Christian Rode<br \/>\nWatson \/ Erz\u00e4hler: Peter Groeger<br \/>\nInspector Lestrade: Lutz Harder<br \/>\nMycroft Holmes: Reent Reins<br \/>\nCharles Enderton: Gerald Paradies<br \/>\nLouise Pike: Sandrine Mittelst\u00e4dt<br \/>\nDr. Samuel Hurdwick: J\u00fcrgen Thormann<br \/>\nJohn Hector McFarlane: Thomas Petruo<br \/>\nPeter Tavy: Werner Ziebig<br \/>\nSergeant: Freddy Bee<br \/>\nu.a.<\/p>\n<p>Regie: Gerd Naumann<br \/>\nBuch und Idee: Eric Niemann<br \/>\nKomponist: Stephan Eicke<br \/>\nInterpret: Sandro Friedrich [Querfl\u00f6te ]<br \/>\nSounddesign, Mischung &amp; Master: Tom Steinbrecher<\/p>\n<p>Spieldauer: ca. 80 Minuten<\/p>\n","protected":false},"excerpt":{"rendered":"<p>Sherlock Holmes, neue F\u00e4lle 28: Die Rache des Gerechten Der r\u00e4tselhafte Tod zweier prominenter Londoner Gentlemen versetzt die gehobene Gesellschaft in helle Aufregung. Doch Scotland Yard tappt im Dunkeln und Inspector Lestrade sieht sich gezwungen, Sherlock Holmes um Hilfe zu bitten. Eine hei\u00dfe Spur f\u00fchrt den Detektiv in eine Londoner Freimaurerloge. F\u00fcr Holmes und Watson&#8230;<\/p>\n<p><a rel=\"bookmark\" class=\"vonzot-button-simple wvc-button wvc-button-size-sm\" href=\"https:\/\/www.allscore.de\/shop\/en\/produkt\/die-rache-des-gerechten-fall-28\/\"><span>Read more<\/span><\/a><\/p>\n","protected":false},"featured_media":7822,"template":"","meta":[],"product_brand":[],"product_cat":[199,215],"product_tag":[],"class_list":{"0":"post-7821","1":"product","2":"type-product","3":"status-publish","4":"has-post-thumbnail","6":"product_cat-hoerspiele-en","7":"product_cat-sherlock-holmes-die-neuen-faelle-en","8":"product_shipping_class-tontraeger-cd-en","9":"entry","10":"clearfix","11":"entry-grid","12":"entry-columns-3","13":"entry-product-module-layout-sidebar-right","14":"thumbnail-color-tone-dark","15":"entry-product","17":"entry-product-grid","19":"first","20":"instock","21":"taxable","22":"shipping-taxable","23":"purchasable","24":"product-type-simple"},"yoast_head":"<!-- This site is optimized with the Yoast SEO plugin v27.4 - https:\/\/yoast.com\/product\/yoast-seo-wordpress\/ -->\n<title>Sherlock Holmes, neue F\u00e4lle 28: Die Rache des Gerechten<\/title>\n<meta name=\"description\" content=\"Sherlock Holmes, neue F\u00e4lle 28: Die Rache des Gerechten Der r\u00e4tselhafte Tod zweier prominenter Londoner Gentlemen versetzt die gehobene Gesellschaft in\" \/>\n<meta name=\"robots\" content=\"index, follow, max-snippet:-1, max-image-preview:large, max-video-preview:-1\" \/>\n<link rel=\"canonical\" href=\"https:\/\/www.allscore.de\/shop\/en\/produkt\/die-rache-des-gerechten-fall-28\/\" \/>\n<meta property=\"og:locale\" content=\"en_US\" \/>\n<meta property=\"og:type\" content=\"article\" \/>\n<meta property=\"og:title\" content=\"Sherlock Holmes, neue F\u00e4lle 28: Die Rache des Gerechten\" \/>\n<meta property=\"og:description\" content=\"Sherlock Holmes, neue F\u00e4lle 28: Die Rache des Gerechten Der r\u00e4tselhafte Tod zweier prominenter Londoner Gentlemen versetzt die gehobene Gesellschaft in\" \/>\n<meta property=\"og:url\" content=\"https:\/\/www.allscore.de\/shop\/en\/produkt\/die-rache-des-gerechten-fall-28\/\" \/>\n<meta property=\"og:site_name\" content=\"Allscore Shop\" \/>\n<meta property=\"article:modified_time\" content=\"2024-05-02T15:49:12+00:00\" \/>\n<meta property=\"og:image\" content=\"https:\/\/www.allscore.de\/shop\/wp-content\/uploads\/2020\/09\/SH28_1200x1200.jpg\" \/>\n\t<meta property=\"og:image:width\" content=\"1200\" \/>\n\t<meta property=\"og:image:height\" content=\"1200\" \/>\n\t<meta property=\"og:image:type\" content=\"image\/jpeg\" \/>\n<meta name=\"twitter:card\" content=\"summary_large_image\" \/>\n<meta name=\"twitter:label1\" content=\"Est. reading time\" \/>\n\t<meta name=\"twitter:data1\" content=\"1 minute\" \/>\n<script type=\"application\/ld+json\" class=\"yoast-schema-graph\">{\"@context\":\"https:\\\/\\\/schema.org\",\"@graph\":[{\"@type\":\"WebPage\",\"@id\":\"https:\\\/\\\/www.allscore.de\\\/shop\\\/en\\\/produkt\\\/die-rache-des-gerechten-fall-28\\\/\",\"url\":\"https:\\\/\\\/www.allscore.de\\\/shop\\\/en\\\/produkt\\\/die-rache-des-gerechten-fall-28\\\/\",\"name\":\"Sherlock Holmes, neue F\u00e4lle 28: Die Rache des Gerechten\",\"isPartOf\":{\"@id\":\"https:\\\/\\\/www.allscore.de\\\/shop\\\/en\\\/#website\"},\"primaryImageOfPage\":{\"@id\":\"https:\\\/\\\/www.allscore.de\\\/shop\\\/en\\\/produkt\\\/die-rache-des-gerechten-fall-28\\\/#primaryimage\"},\"image\":{\"@id\":\"https:\\\/\\\/www.allscore.de\\\/shop\\\/en\\\/produkt\\\/die-rache-des-gerechten-fall-28\\\/#primaryimage\"},\"thumbnailUrl\":\"https:\\\/\\\/www.allscore.de\\\/shop\\\/wp-content\\\/uploads\\\/2020\\\/09\\\/SH28_1200x1200.jpg\",\"datePublished\":\"2016-10-18T19:38:25+00:00\",\"dateModified\":\"2024-05-02T15:49:12+00:00\",\"description\":\"Sherlock Holmes, neue F\u00e4lle 28: Die Rache des Gerechten Der r\u00e4tselhafte Tod zweier prominenter Londoner Gentlemen versetzt die gehobene Gesellschaft in\",\"breadcrumb\":{\"@id\":\"https:\\\/\\\/www.allscore.de\\\/shop\\\/en\\\/produkt\\\/die-rache-des-gerechten-fall-28\\\/#breadcrumb\"},\"inLanguage\":\"en-US\",\"potentialAction\":[{\"@type\":\"ReadAction\",\"target\":[\"https:\\\/\\\/www.allscore.de\\\/shop\\\/en\\\/produkt\\\/die-rache-des-gerechten-fall-28\\\/\"]}]},{\"@type\":\"ImageObject\",\"inLanguage\":\"en-US\",\"@id\":\"https:\\\/\\\/www.allscore.de\\\/shop\\\/en\\\/produkt\\\/die-rache-des-gerechten-fall-28\\\/#primaryimage\",\"url\":\"https:\\\/\\\/www.allscore.de\\\/shop\\\/wp-content\\\/uploads\\\/2020\\\/09\\\/SH28_1200x1200.jpg\",\"contentUrl\":\"https:\\\/\\\/www.allscore.de\\\/shop\\\/wp-content\\\/uploads\\\/2020\\\/09\\\/SH28_1200x1200.jpg\",\"width\":1200,\"height\":1200,\"caption\":\"Die Rache des Gerechten\"},{\"@type\":\"BreadcrumbList\",\"@id\":\"https:\\\/\\\/www.allscore.de\\\/shop\\\/en\\\/produkt\\\/die-rache-des-gerechten-fall-28\\\/#breadcrumb\",\"itemListElement\":[{\"@type\":\"ListItem\",\"position\":1,\"name\":\"Startseite\",\"item\":\"https:\\\/\\\/www.allscore.de\\\/shop\\\/en\\\/\"},{\"@type\":\"ListItem\",\"position\":2,\"name\":\"Products\",\"item\":\"https:\\\/\\\/www.allscore.de\\\/shop\\\/en\\\/shop\\\/\"},{\"@type\":\"ListItem\",\"position\":3,\"name\":\"Sherlock Holmes, neue F\u00e4lle 28: Die Rache des Gerechten\"}]},{\"@type\":\"WebSite\",\"@id\":\"https:\\\/\\\/www.allscore.de\\\/shop\\\/en\\\/#website\",\"url\":\"https:\\\/\\\/www.allscore.de\\\/shop\\\/en\\\/\",\"name\":\"Allscore Shop\",\"description\":\"All Score Media\",\"publisher\":{\"@id\":\"https:\\\/\\\/www.allscore.de\\\/shop\\\/en\\\/#organization\"},\"potentialAction\":[{\"@type\":\"SearchAction\",\"target\":{\"@type\":\"EntryPoint\",\"urlTemplate\":\"https:\\\/\\\/www.allscore.de\\\/shop\\\/en\\\/?s={search_term_string}\"},\"query-input\":{\"@type\":\"PropertyValueSpecification\",\"valueRequired\":true,\"valueName\":\"search_term_string\"}}],\"inLanguage\":\"en-US\"},{\"@type\":\"Organization\",\"@id\":\"https:\\\/\\\/www.allscore.de\\\/shop\\\/en\\\/#organization\",\"name\":\"All Score Media\",\"alternateName\":\"Allscore\",\"url\":\"https:\\\/\\\/www.allscore.de\\\/shop\\\/en\\\/\",\"logo\":{\"@type\":\"ImageObject\",\"inLanguage\":\"en-US\",\"@id\":\"https:\\\/\\\/www.allscore.de\\\/shop\\\/en\\\/#\\\/schema\\\/logo\\\/image\\\/\",\"url\":\"https:\\\/\\\/www.allscore.de\\\/shop\\\/wp-content\\\/uploads\\\/2026\\\/01\\\/Logo_Yoast_Shop_2026.png\",\"contentUrl\":\"https:\\\/\\\/www.allscore.de\\\/shop\\\/wp-content\\\/uploads\\\/2026\\\/01\\\/Logo_Yoast_Shop_2026.png\",\"width\":696,\"height\":696,\"caption\":\"All Score Media\"},\"image\":{\"@id\":\"https:\\\/\\\/www.allscore.de\\\/shop\\\/en\\\/#\\\/schema\\\/logo\\\/image\\\/\"}}]}<\/script>\n<!-- \/ Yoast SEO plugin. -->","yoast_head_json":{"title":"Sherlock Holmes, neue F\u00e4lle 28: Die Rache des Gerechten","description":"Sherlock Holmes, neue F\u00e4lle 28: Die Rache des Gerechten Der r\u00e4tselhafte Tod zweier prominenter Londoner Gentlemen versetzt die gehobene Gesellschaft in","robots":{"index":"index","follow":"follow","max-snippet":"max-snippet:-1","max-image-preview":"max-image-preview:large","max-video-preview":"max-video-preview:-1"},"canonical":"https:\/\/www.allscore.de\/shop\/en\/produkt\/die-rache-des-gerechten-fall-28\/","og_locale":"en_US","og_type":"article","og_title":"Sherlock Holmes, neue F\u00e4lle 28: Die Rache des Gerechten","og_description":"Sherlock Holmes, neue F\u00e4lle 28: Die Rache des Gerechten Der r\u00e4tselhafte Tod zweier prominenter Londoner Gentlemen versetzt die gehobene Gesellschaft in","og_url":"https:\/\/www.allscore.de\/shop\/en\/produkt\/die-rache-des-gerechten-fall-28\/","og_site_name":"Allscore Shop","article_modified_time":"2024-05-02T15:49:12+00:00","og_image":[{"width":1200,"height":1200,"url":"https:\/\/www.allscore.de\/shop\/wp-content\/uploads\/2020\/09\/SH28_1200x1200.jpg","type":"image\/jpeg"}],"twitter_card":"summary_large_image","twitter_misc":{"Est. reading time":"1 minute"},"schema":{"@context":"https:\/\/schema.org","@graph":[{"@type":"WebPage","@id":"https:\/\/www.allscore.de\/shop\/en\/produkt\/die-rache-des-gerechten-fall-28\/","url":"https:\/\/www.allscore.de\/shop\/en\/produkt\/die-rache-des-gerechten-fall-28\/","name":"Sherlock Holmes, neue F\u00e4lle 28: Die Rache des Gerechten","isPartOf":{"@id":"https:\/\/www.allscore.de\/shop\/en\/#website"},"primaryImageOfPage":{"@id":"https:\/\/www.allscore.de\/shop\/en\/produkt\/die-rache-des-gerechten-fall-28\/#primaryimage"},"image":{"@id":"https:\/\/www.allscore.de\/shop\/en\/produkt\/die-rache-des-gerechten-fall-28\/#primaryimage"},"thumbnailUrl":"https:\/\/www.allscore.de\/shop\/wp-content\/uploads\/2020\/09\/SH28_1200x1200.jpg","datePublished":"2016-10-18T19:38:25+00:00","dateModified":"2024-05-02T15:49:12+00:00","description":"Sherlock Holmes, neue F\u00e4lle 28: Die Rache des Gerechten Der r\u00e4tselhafte Tod zweier prominenter Londoner Gentlemen versetzt die gehobene Gesellschaft in","breadcrumb":{"@id":"https:\/\/www.allscore.de\/shop\/en\/produkt\/die-rache-des-gerechten-fall-28\/#breadcrumb"},"inLanguage":"en-US","potentialAction":[{"@type":"ReadAction","target":["https:\/\/www.allscore.de\/shop\/en\/produkt\/die-rache-des-gerechten-fall-28\/"]}]},{"@type":"ImageObject","inLanguage":"en-US","@id":"https:\/\/www.allscore.de\/shop\/en\/produkt\/die-rache-des-gerechten-fall-28\/#primaryimage","url":"https:\/\/www.allscore.de\/shop\/wp-content\/uploads\/2020\/09\/SH28_1200x1200.jpg","contentUrl":"https:\/\/www.allscore.de\/shop\/wp-content\/uploads\/2020\/09\/SH28_1200x1200.jpg","width":1200,"height":1200,"caption":"Die Rache des Gerechten"},{"@type":"BreadcrumbList","@id":"https:\/\/www.allscore.de\/shop\/en\/produkt\/die-rache-des-gerechten-fall-28\/#breadcrumb","itemListElement":[{"@type":"ListItem","position":1,"name":"Startseite","item":"https:\/\/www.allscore.de\/shop\/en\/"},{"@type":"ListItem","position":2,"name":"Products","item":"https:\/\/www.allscore.de\/shop\/en\/shop\/"},{"@type":"ListItem","position":3,"name":"Sherlock Holmes, neue F\u00e4lle 28: Die Rache des Gerechten"}]},{"@type":"WebSite","@id":"https:\/\/www.allscore.de\/shop\/en\/#website","url":"https:\/\/www.allscore.de\/shop\/en\/","name":"Allscore Shop","description":"All Score Media","publisher":{"@id":"https:\/\/www.allscore.de\/shop\/en\/#organization"},"potentialAction":[{"@type":"SearchAction","target":{"@type":"EntryPoint","urlTemplate":"https:\/\/www.allscore.de\/shop\/en\/?s={search_term_string}"},"query-input":{"@type":"PropertyValueSpecification","valueRequired":true,"valueName":"search_term_string"}}],"inLanguage":"en-US"},{"@type":"Organization","@id":"https:\/\/www.allscore.de\/shop\/en\/#organization","name":"All Score Media","alternateName":"Allscore","url":"https:\/\/www.allscore.de\/shop\/en\/","logo":{"@type":"ImageObject","inLanguage":"en-US","@id":"https:\/\/www.allscore.de\/shop\/en\/#\/schema\/logo\/image\/","url":"https:\/\/www.allscore.de\/shop\/wp-content\/uploads\/2026\/01\/Logo_Yoast_Shop_2026.png","contentUrl":"https:\/\/www.allscore.de\/shop\/wp-content\/uploads\/2026\/01\/Logo_Yoast_Shop_2026.png","width":696,"height":696,"caption":"All Score Media"},"image":{"@id":"https:\/\/www.allscore.de\/shop\/en\/#\/schema\/logo\/image\/"}}]}},"_links":{"self":[{"href":"https:\/\/www.allscore.de\/shop\/en\/wp-json\/wp\/v2\/product\/7821","targetHints":{"allow":["GET"]}}],"collection":[{"href":"https:\/\/www.allscore.de\/shop\/en\/wp-json\/wp\/v2\/product"}],"about":[{"href":"https:\/\/www.allscore.de\/shop\/en\/wp-json\/wp\/v2\/types\/product"}],"wp:featuredmedia":[{"embeddable":true,"href":"https:\/\/www.allscore.de\/shop\/en\/wp-json\/wp\/v2\/media\/7822"}],"wp:attachment":[{"href":"https:\/\/www.allscore.de\/shop\/en\/wp-json\/wp\/v2\/media?parent=7821"}],"wp:term":[{"taxonomy":"product_brand","embeddable":true,"href":"https:\/\/www.allscore.de\/shop\/en\/wp-json\/wp\/v2\/product_brand?post=7821"},{"taxonomy":"product_cat","embeddable":true,"href":"https:\/\/www.allscore.de\/shop\/en\/wp-json\/wp\/v2\/product_cat?post=7821"},{"taxonomy":"product_tag","embeddable":true,"href":"https:\/\/www.allscore.de\/shop\/en\/wp-json\/wp\/v2\/product_tag?post=7821"}],"curies":[{"name":"wp","href":"https:\/\/api.w.org\/{rel}","templated":true}]}}