{"id":7797,"date":"2015-09-18T21:15:10","date_gmt":"2015-09-18T19:15:10","guid":{"rendered":"https:\/\/www.allscore.de\/shop\/?post_type=product&#038;p=7797"},"modified":"2024-05-02T17:41:04","modified_gmt":"2024-05-02T15:41:04","slug":"die-spur-ins-nichts-fall-20","status":"publish","type":"product","link":"https:\/\/www.allscore.de\/shop\/en\/produkt\/die-spur-ins-nichts-fall-20\/","title":{"rendered":"Sherlock Holmes, neue F\u00e4lle 20: Die Spur ins Nichts"},"content":{"rendered":"<p>Sherlock Holmes, neue F\u00e4lle 20: Die Spur ins Nichts<\/p>\n<p>Die blinde Julie bittet Sherlock Holmes, den Mord an ihrem Gro\u00dfvater Geoffrey Walton aufzukl\u00e4ren. Doch was zun\u00e4chst nach einer einfachen Aufgabe aussieht, entpuppt sich als verzwicktes R\u00e4tsel: Offensichtlich kann niemand das Verbrechen begangen haben, denn die einzige Fu\u00dfspur, die durch den Schnee zum Fundort der Leiche f\u00fchrt, ist die des Toten selbst. Zudem ist weit und breit kein Grund erkennbar, warum der Mann sterben musste. Sherlock Holmes rollt den Fall neu auf und st\u00f6\u00dft dabei auf eine schreckliche Erkenntnis: Die Gefahr, die im kleinen Ort Tonbridge umgeht, ist noch l\u00e4ngst nicht gebannt.<\/p>\n<p>Sherlock Holmes: Christian Rode<br \/>\nWatson \/ Erz\u00e4hler: Peter Groeger<br \/>\nInspector Lestrade: Lutz Harder<br \/>\nJulie Walton: Sandra Steinbach<br \/>\nAbel Donague: J\u00fcrgen Thormann<br \/>\nLuke Walton: Reent Reins<br \/>\nLeland Bronski: Werner Ziebig<br \/>\nGriselda Peterson: Luise Lunow<br \/>\nNicholas Cralesby: Thomas Petruo<br \/>\nu.a.<\/p>\n<p>Regie: Gerd Naumann<br \/>\nBuch und Idee: Marc Freund<br \/>\nKomponist: Stephan Eicke<br \/>\nInterpret: Deryn Cullen [Cello]<br \/>\nSounddesign, Mischung &amp; Master: Tom Steinbrecher<\/p>\n<p>Spieldauer: ca. 75 Minuten<\/p>\n","protected":false},"excerpt":{"rendered":"<p>Sherlock Holmes, neue F\u00e4lle 20: Die Spur ins Nichts Die blinde Julie bittet Sherlock Holmes, den Mord an ihrem Gro\u00dfvater Geoffrey Walton aufzukl\u00e4ren. Doch was zun\u00e4chst nach einer einfachen Aufgabe aussieht, entpuppt sich als verzwicktes R\u00e4tsel: Offensichtlich kann niemand das Verbrechen begangen haben, denn die einzige Fu\u00dfspur, die durch den Schnee zum Fundort der Leiche&#8230;<\/p>\n<p><a rel=\"bookmark\" class=\"vonzot-button-simple wvc-button wvc-button-size-sm\" href=\"https:\/\/www.allscore.de\/shop\/en\/produkt\/die-spur-ins-nichts-fall-20\/\"><span>Read more<\/span><\/a><\/p>\n","protected":false},"featured_media":7798,"template":"","meta":[],"product_brand":[],"product_cat":[199,215],"product_tag":[],"class_list":{"0":"post-7797","1":"product","2":"type-product","3":"status-publish","4":"has-post-thumbnail","6":"product_cat-hoerspiele-en","7":"product_cat-sherlock-holmes-die-neuen-faelle-en","8":"product_shipping_class-tontraeger-cd-en","9":"entry","10":"clearfix","11":"entry-grid","12":"entry-columns-3","13":"entry-product-module-layout-sidebar-right","14":"thumbnail-color-tone-dark","15":"entry-product","17":"entry-product-grid","19":"first","20":"instock","21":"taxable","22":"shipping-taxable","23":"purchasable","24":"product-type-simple"},"yoast_head":"<!-- This site is optimized with the Yoast SEO plugin v27.4 - https:\/\/yoast.com\/product\/yoast-seo-wordpress\/ -->\n<title>Sherlock Holmes, neue F\u00e4lle 20: Die Spur ins Nichts<\/title>\n<meta name=\"description\" content=\"Sherlock Holmes, neue F\u00e4lle 20: Die Spur ins Nichts Die blinde Julie bittet Sherlock Holmes, den Mord an ihrem Gro\u00dfvater Geoffrey Walton aufzukl\u00e4ren. Doch\" \/>\n<meta name=\"robots\" content=\"index, follow, max-snippet:-1, max-image-preview:large, max-video-preview:-1\" \/>\n<link rel=\"canonical\" href=\"https:\/\/www.allscore.de\/shop\/en\/produkt\/die-spur-ins-nichts-fall-20\/\" \/>\n<meta property=\"og:locale\" content=\"en_US\" \/>\n<meta property=\"og:type\" content=\"article\" \/>\n<meta property=\"og:title\" content=\"Sherlock Holmes, neue F\u00e4lle 20: Die Spur ins Nichts\" \/>\n<meta property=\"og:description\" content=\"Sherlock Holmes, neue F\u00e4lle 20: Die Spur ins Nichts Die blinde Julie bittet Sherlock Holmes, den Mord an ihrem Gro\u00dfvater Geoffrey Walton aufzukl\u00e4ren. Doch\" \/>\n<meta property=\"og:url\" content=\"https:\/\/www.allscore.de\/shop\/en\/produkt\/die-spur-ins-nichts-fall-20\/\" \/>\n<meta property=\"og:site_name\" content=\"Allscore Shop\" \/>\n<meta property=\"article:modified_time\" content=\"2024-05-02T15:41:04+00:00\" \/>\n<meta property=\"og:image\" content=\"https:\/\/www.allscore.de\/shop\/wp-content\/uploads\/2020\/09\/SH20_1200x1200.jpg\" \/>\n\t<meta property=\"og:image:width\" content=\"1200\" \/>\n\t<meta property=\"og:image:height\" content=\"1200\" \/>\n\t<meta property=\"og:image:type\" content=\"image\/jpeg\" \/>\n<meta name=\"twitter:card\" content=\"summary_large_image\" \/>\n<meta name=\"twitter:label1\" content=\"Est. reading time\" \/>\n\t<meta name=\"twitter:data1\" content=\"1 minute\" \/>\n<script type=\"application\/ld+json\" class=\"yoast-schema-graph\">{\"@context\":\"https:\\\/\\\/schema.org\",\"@graph\":[{\"@type\":\"WebPage\",\"@id\":\"https:\\\/\\\/www.allscore.de\\\/shop\\\/en\\\/produkt\\\/die-spur-ins-nichts-fall-20\\\/\",\"url\":\"https:\\\/\\\/www.allscore.de\\\/shop\\\/en\\\/produkt\\\/die-spur-ins-nichts-fall-20\\\/\",\"name\":\"Sherlock Holmes, neue F\u00e4lle 20: Die Spur ins Nichts\",\"isPartOf\":{\"@id\":\"https:\\\/\\\/www.allscore.de\\\/shop\\\/en\\\/#website\"},\"primaryImageOfPage\":{\"@id\":\"https:\\\/\\\/www.allscore.de\\\/shop\\\/en\\\/produkt\\\/die-spur-ins-nichts-fall-20\\\/#primaryimage\"},\"image\":{\"@id\":\"https:\\\/\\\/www.allscore.de\\\/shop\\\/en\\\/produkt\\\/die-spur-ins-nichts-fall-20\\\/#primaryimage\"},\"thumbnailUrl\":\"https:\\\/\\\/www.allscore.de\\\/shop\\\/wp-content\\\/uploads\\\/2020\\\/09\\\/SH20_1200x1200.jpg\",\"datePublished\":\"2015-09-18T19:15:10+00:00\",\"dateModified\":\"2024-05-02T15:41:04+00:00\",\"description\":\"Sherlock Holmes, neue F\u00e4lle 20: Die Spur ins Nichts Die blinde Julie bittet Sherlock Holmes, den Mord an ihrem Gro\u00dfvater Geoffrey Walton aufzukl\u00e4ren. Doch\",\"breadcrumb\":{\"@id\":\"https:\\\/\\\/www.allscore.de\\\/shop\\\/en\\\/produkt\\\/die-spur-ins-nichts-fall-20\\\/#breadcrumb\"},\"inLanguage\":\"en-US\",\"potentialAction\":[{\"@type\":\"ReadAction\",\"target\":[\"https:\\\/\\\/www.allscore.de\\\/shop\\\/en\\\/produkt\\\/die-spur-ins-nichts-fall-20\\\/\"]}]},{\"@type\":\"ImageObject\",\"inLanguage\":\"en-US\",\"@id\":\"https:\\\/\\\/www.allscore.de\\\/shop\\\/en\\\/produkt\\\/die-spur-ins-nichts-fall-20\\\/#primaryimage\",\"url\":\"https:\\\/\\\/www.allscore.de\\\/shop\\\/wp-content\\\/uploads\\\/2020\\\/09\\\/SH20_1200x1200.jpg\",\"contentUrl\":\"https:\\\/\\\/www.allscore.de\\\/shop\\\/wp-content\\\/uploads\\\/2020\\\/09\\\/SH20_1200x1200.jpg\",\"width\":1200,\"height\":1200,\"caption\":\"Die Spur ins Nichts\"},{\"@type\":\"BreadcrumbList\",\"@id\":\"https:\\\/\\\/www.allscore.de\\\/shop\\\/en\\\/produkt\\\/die-spur-ins-nichts-fall-20\\\/#breadcrumb\",\"itemListElement\":[{\"@type\":\"ListItem\",\"position\":1,\"name\":\"Startseite\",\"item\":\"https:\\\/\\\/www.allscore.de\\\/shop\\\/en\\\/\"},{\"@type\":\"ListItem\",\"position\":2,\"name\":\"Products\",\"item\":\"https:\\\/\\\/www.allscore.de\\\/shop\\\/en\\\/shop\\\/\"},{\"@type\":\"ListItem\",\"position\":3,\"name\":\"Sherlock Holmes, neue F\u00e4lle 20: Die Spur ins Nichts\"}]},{\"@type\":\"WebSite\",\"@id\":\"https:\\\/\\\/www.allscore.de\\\/shop\\\/en\\\/#website\",\"url\":\"https:\\\/\\\/www.allscore.de\\\/shop\\\/en\\\/\",\"name\":\"Allscore Shop\",\"description\":\"All Score Media\",\"publisher\":{\"@id\":\"https:\\\/\\\/www.allscore.de\\\/shop\\\/en\\\/#organization\"},\"potentialAction\":[{\"@type\":\"SearchAction\",\"target\":{\"@type\":\"EntryPoint\",\"urlTemplate\":\"https:\\\/\\\/www.allscore.de\\\/shop\\\/en\\\/?s={search_term_string}\"},\"query-input\":{\"@type\":\"PropertyValueSpecification\",\"valueRequired\":true,\"valueName\":\"search_term_string\"}}],\"inLanguage\":\"en-US\"},{\"@type\":\"Organization\",\"@id\":\"https:\\\/\\\/www.allscore.de\\\/shop\\\/en\\\/#organization\",\"name\":\"All Score Media\",\"alternateName\":\"Allscore\",\"url\":\"https:\\\/\\\/www.allscore.de\\\/shop\\\/en\\\/\",\"logo\":{\"@type\":\"ImageObject\",\"inLanguage\":\"en-US\",\"@id\":\"https:\\\/\\\/www.allscore.de\\\/shop\\\/en\\\/#\\\/schema\\\/logo\\\/image\\\/\",\"url\":\"https:\\\/\\\/www.allscore.de\\\/shop\\\/wp-content\\\/uploads\\\/2026\\\/01\\\/Logo_Yoast_Shop_2026.png\",\"contentUrl\":\"https:\\\/\\\/www.allscore.de\\\/shop\\\/wp-content\\\/uploads\\\/2026\\\/01\\\/Logo_Yoast_Shop_2026.png\",\"width\":696,\"height\":696,\"caption\":\"All Score Media\"},\"image\":{\"@id\":\"https:\\\/\\\/www.allscore.de\\\/shop\\\/en\\\/#\\\/schema\\\/logo\\\/image\\\/\"}}]}<\/script>\n<!-- \/ Yoast SEO plugin. -->","yoast_head_json":{"title":"Sherlock Holmes, neue F\u00e4lle 20: Die Spur ins Nichts","description":"Sherlock Holmes, neue F\u00e4lle 20: Die Spur ins Nichts Die blinde Julie bittet Sherlock Holmes, den Mord an ihrem Gro\u00dfvater Geoffrey Walton aufzukl\u00e4ren. Doch","robots":{"index":"index","follow":"follow","max-snippet":"max-snippet:-1","max-image-preview":"max-image-preview:large","max-video-preview":"max-video-preview:-1"},"canonical":"https:\/\/www.allscore.de\/shop\/en\/produkt\/die-spur-ins-nichts-fall-20\/","og_locale":"en_US","og_type":"article","og_title":"Sherlock Holmes, neue F\u00e4lle 20: Die Spur ins Nichts","og_description":"Sherlock Holmes, neue F\u00e4lle 20: Die Spur ins Nichts Die blinde Julie bittet Sherlock Holmes, den Mord an ihrem Gro\u00dfvater Geoffrey Walton aufzukl\u00e4ren. Doch","og_url":"https:\/\/www.allscore.de\/shop\/en\/produkt\/die-spur-ins-nichts-fall-20\/","og_site_name":"Allscore Shop","article_modified_time":"2024-05-02T15:41:04+00:00","og_image":[{"width":1200,"height":1200,"url":"https:\/\/www.allscore.de\/shop\/wp-content\/uploads\/2020\/09\/SH20_1200x1200.jpg","type":"image\/jpeg"}],"twitter_card":"summary_large_image","twitter_misc":{"Est. reading time":"1 minute"},"schema":{"@context":"https:\/\/schema.org","@graph":[{"@type":"WebPage","@id":"https:\/\/www.allscore.de\/shop\/en\/produkt\/die-spur-ins-nichts-fall-20\/","url":"https:\/\/www.allscore.de\/shop\/en\/produkt\/die-spur-ins-nichts-fall-20\/","name":"Sherlock Holmes, neue F\u00e4lle 20: Die Spur ins Nichts","isPartOf":{"@id":"https:\/\/www.allscore.de\/shop\/en\/#website"},"primaryImageOfPage":{"@id":"https:\/\/www.allscore.de\/shop\/en\/produkt\/die-spur-ins-nichts-fall-20\/#primaryimage"},"image":{"@id":"https:\/\/www.allscore.de\/shop\/en\/produkt\/die-spur-ins-nichts-fall-20\/#primaryimage"},"thumbnailUrl":"https:\/\/www.allscore.de\/shop\/wp-content\/uploads\/2020\/09\/SH20_1200x1200.jpg","datePublished":"2015-09-18T19:15:10+00:00","dateModified":"2024-05-02T15:41:04+00:00","description":"Sherlock Holmes, neue F\u00e4lle 20: Die Spur ins Nichts Die blinde Julie bittet Sherlock Holmes, den Mord an ihrem Gro\u00dfvater Geoffrey Walton aufzukl\u00e4ren. Doch","breadcrumb":{"@id":"https:\/\/www.allscore.de\/shop\/en\/produkt\/die-spur-ins-nichts-fall-20\/#breadcrumb"},"inLanguage":"en-US","potentialAction":[{"@type":"ReadAction","target":["https:\/\/www.allscore.de\/shop\/en\/produkt\/die-spur-ins-nichts-fall-20\/"]}]},{"@type":"ImageObject","inLanguage":"en-US","@id":"https:\/\/www.allscore.de\/shop\/en\/produkt\/die-spur-ins-nichts-fall-20\/#primaryimage","url":"https:\/\/www.allscore.de\/shop\/wp-content\/uploads\/2020\/09\/SH20_1200x1200.jpg","contentUrl":"https:\/\/www.allscore.de\/shop\/wp-content\/uploads\/2020\/09\/SH20_1200x1200.jpg","width":1200,"height":1200,"caption":"Die Spur ins Nichts"},{"@type":"BreadcrumbList","@id":"https:\/\/www.allscore.de\/shop\/en\/produkt\/die-spur-ins-nichts-fall-20\/#breadcrumb","itemListElement":[{"@type":"ListItem","position":1,"name":"Startseite","item":"https:\/\/www.allscore.de\/shop\/en\/"},{"@type":"ListItem","position":2,"name":"Products","item":"https:\/\/www.allscore.de\/shop\/en\/shop\/"},{"@type":"ListItem","position":3,"name":"Sherlock Holmes, neue F\u00e4lle 20: Die Spur ins Nichts"}]},{"@type":"WebSite","@id":"https:\/\/www.allscore.de\/shop\/en\/#website","url":"https:\/\/www.allscore.de\/shop\/en\/","name":"Allscore Shop","description":"All Score Media","publisher":{"@id":"https:\/\/www.allscore.de\/shop\/en\/#organization"},"potentialAction":[{"@type":"SearchAction","target":{"@type":"EntryPoint","urlTemplate":"https:\/\/www.allscore.de\/shop\/en\/?s={search_term_string}"},"query-input":{"@type":"PropertyValueSpecification","valueRequired":true,"valueName":"search_term_string"}}],"inLanguage":"en-US"},{"@type":"Organization","@id":"https:\/\/www.allscore.de\/shop\/en\/#organization","name":"All Score Media","alternateName":"Allscore","url":"https:\/\/www.allscore.de\/shop\/en\/","logo":{"@type":"ImageObject","inLanguage":"en-US","@id":"https:\/\/www.allscore.de\/shop\/en\/#\/schema\/logo\/image\/","url":"https:\/\/www.allscore.de\/shop\/wp-content\/uploads\/2026\/01\/Logo_Yoast_Shop_2026.png","contentUrl":"https:\/\/www.allscore.de\/shop\/wp-content\/uploads\/2026\/01\/Logo_Yoast_Shop_2026.png","width":696,"height":696,"caption":"All Score Media"},"image":{"@id":"https:\/\/www.allscore.de\/shop\/en\/#\/schema\/logo\/image\/"}}]}},"_links":{"self":[{"href":"https:\/\/www.allscore.de\/shop\/en\/wp-json\/wp\/v2\/product\/7797","targetHints":{"allow":["GET"]}}],"collection":[{"href":"https:\/\/www.allscore.de\/shop\/en\/wp-json\/wp\/v2\/product"}],"about":[{"href":"https:\/\/www.allscore.de\/shop\/en\/wp-json\/wp\/v2\/types\/product"}],"wp:featuredmedia":[{"embeddable":true,"href":"https:\/\/www.allscore.de\/shop\/en\/wp-json\/wp\/v2\/media\/7798"}],"wp:attachment":[{"href":"https:\/\/www.allscore.de\/shop\/en\/wp-json\/wp\/v2\/media?parent=7797"}],"wp:term":[{"taxonomy":"product_brand","embeddable":true,"href":"https:\/\/www.allscore.de\/shop\/en\/wp-json\/wp\/v2\/product_brand?post=7797"},{"taxonomy":"product_cat","embeddable":true,"href":"https:\/\/www.allscore.de\/shop\/en\/wp-json\/wp\/v2\/product_cat?post=7797"},{"taxonomy":"product_tag","embeddable":true,"href":"https:\/\/www.allscore.de\/shop\/en\/wp-json\/wp\/v2\/product_tag?post=7797"}],"curies":[{"name":"wp","href":"https:\/\/api.w.org\/{rel}","templated":true}]}}