{"id":7766,"date":"2014-05-18T19:48:40","date_gmt":"2014-05-18T17:48:40","guid":{"rendered":"https:\/\/www.allscore.de\/shop\/?post_type=product&#038;p=7766"},"modified":"2024-05-02T17:29:10","modified_gmt":"2024-05-02T15:29:10","slug":"im-kalten-nebel-der-themse-fall-11","status":"publish","type":"product","link":"https:\/\/www.allscore.de\/shop\/en\/produkt\/im-kalten-nebel-der-themse-fall-11\/","title":{"rendered":"Sherlock Holmes, neue F\u00e4lle 11: Im kalten Nebel der Themse"},"content":{"rendered":"<p>Sherlock Holmes, neue F\u00e4lle 11: Im kalten Nebel der Themse<\/p>\n<p>Auf einem nebelverhangenen Nebenarm der Themse werden zwei einsame Ruderer ungewollt Zeugen eines seltsamen Vorfalls. Ein schwerer Gegenstand wird von der B\u00f6schung in den Fluss geworfen. Entsetzt stellen sie fest, dass es sich dabei um die Leiche einer jungen Frau handelt. Wer die Tote war und wie sie zu Tode kam, bliebe vielleicht ein unl\u00f6sbares R\u00e4tsel, w\u00e4re nicht einer der beiden M\u00e4nner Sherlock Holmes. Der Detektiv st\u00f6\u00dft in dem kleinen Ort Stroker\u2019s Mill auf eine Serie von Frauenmorden. Die Spur f\u00fchrt in das M\u00e4dcheninternat des dubiosen Dr. Lester Armstrong\u2026<\/p>\n<p>Sherlock Holmes: Christian Rode<br \/>\nWatson \/ Erz\u00e4hler: Peter Groeger<br \/>\nGeorge Cody: Andreas Mannkopff<br \/>\nMajor William Dawson: Peter Schiff<br \/>\nDr. Lester Armstrong: Harry Walter<br \/>\nLady Victoria Vendell: Anja Jacobsen<br \/>\nJeffrey Vendell: Nicolai Tegeler<br \/>\nMaureen Lambert: Lena Taege<br \/>\nu.a.<\/p>\n<p>Regie: Gerd Naumann<br \/>\nBuch und Idee: Marc Freund<br \/>\nKomponist: Stephan Eicke<br \/>\nSounddesign, Mischung &amp; Master: Tom Steinbrecher<\/p>\n<p>Spieldauer: ca. 80 Minuten<\/p>\n","protected":false},"excerpt":{"rendered":"<p>Sherlock Holmes, neue F\u00e4lle 11: Im kalten Nebel der Themse Auf einem nebelverhangenen Nebenarm der Themse werden zwei einsame Ruderer ungewollt Zeugen eines seltsamen Vorfalls. Ein schwerer Gegenstand wird von der B\u00f6schung in den Fluss geworfen. Entsetzt stellen sie fest, dass es sich dabei um die Leiche einer jungen Frau handelt. Wer die Tote war&#8230;<\/p>\n<p><a rel=\"bookmark\" class=\"vonzot-button-simple wvc-button wvc-button-size-sm\" href=\"https:\/\/www.allscore.de\/shop\/en\/produkt\/im-kalten-nebel-der-themse-fall-11\/\"><span>Read more<\/span><\/a><\/p>\n","protected":false},"featured_media":7767,"template":"","meta":[],"product_brand":[],"product_cat":[199,215],"product_tag":[],"class_list":{"0":"post-7766","1":"product","2":"type-product","3":"status-publish","4":"has-post-thumbnail","6":"product_cat-hoerspiele-en","7":"product_cat-sherlock-holmes-die-neuen-faelle-en","8":"product_shipping_class-tontraeger-cd-en","9":"entry","10":"clearfix","11":"entry-grid","12":"entry-columns-3","13":"entry-product-module-layout-sidebar-right","14":"thumbnail-color-tone-dark","15":"entry-product","17":"entry-product-grid","19":"first","20":"instock","21":"taxable","22":"shipping-taxable","23":"purchasable","24":"product-type-simple"},"yoast_head":"<!-- This site is optimized with the Yoast SEO plugin v27.3 - https:\/\/yoast.com\/product\/yoast-seo-wordpress\/ -->\n<title>Sherlock Holmes, neue F\u00e4lle 11: Im kalten Nebel der Themse<\/title>\n<meta name=\"description\" content=\"Sherlock Holmes, neue F\u00e4lle 11: Im kalten Nebel der Themse Auf einem nebelverhangenen Nebenarm der Themse werden zwei einsame Ruderer ungewollt Zeugen\" \/>\n<meta name=\"robots\" content=\"index, follow, max-snippet:-1, max-image-preview:large, max-video-preview:-1\" \/>\n<link rel=\"canonical\" href=\"https:\/\/www.allscore.de\/shop\/en\/produkt\/im-kalten-nebel-der-themse-fall-11\/\" \/>\n<meta property=\"og:locale\" content=\"en_US\" \/>\n<meta property=\"og:type\" content=\"article\" \/>\n<meta property=\"og:title\" content=\"Sherlock Holmes, neue F\u00e4lle 11: Im kalten Nebel der Themse\" \/>\n<meta property=\"og:description\" content=\"Sherlock Holmes, neue F\u00e4lle 11: Im kalten Nebel der Themse Auf einem nebelverhangenen Nebenarm der Themse werden zwei einsame Ruderer ungewollt Zeugen\" \/>\n<meta property=\"og:url\" content=\"https:\/\/www.allscore.de\/shop\/en\/produkt\/im-kalten-nebel-der-themse-fall-11\/\" \/>\n<meta property=\"og:site_name\" content=\"Allscore Shop\" \/>\n<meta property=\"article:modified_time\" content=\"2024-05-02T15:29:10+00:00\" \/>\n<meta property=\"og:image\" content=\"https:\/\/www.allscore.de\/shop\/wp-content\/uploads\/2020\/09\/SH11_1200x1200.jpg\" \/>\n\t<meta property=\"og:image:width\" content=\"1200\" \/>\n\t<meta property=\"og:image:height\" content=\"1200\" \/>\n\t<meta property=\"og:image:type\" content=\"image\/jpeg\" \/>\n<meta name=\"twitter:card\" content=\"summary_large_image\" \/>\n<meta name=\"twitter:label1\" content=\"Est. reading time\" \/>\n\t<meta name=\"twitter:data1\" content=\"1 minute\" \/>\n<script type=\"application\/ld+json\" class=\"yoast-schema-graph\">{\"@context\":\"https:\\\/\\\/schema.org\",\"@graph\":[{\"@type\":\"WebPage\",\"@id\":\"https:\\\/\\\/www.allscore.de\\\/shop\\\/en\\\/produkt\\\/im-kalten-nebel-der-themse-fall-11\\\/\",\"url\":\"https:\\\/\\\/www.allscore.de\\\/shop\\\/en\\\/produkt\\\/im-kalten-nebel-der-themse-fall-11\\\/\",\"name\":\"Sherlock Holmes, neue F\u00e4lle 11: Im kalten Nebel der Themse\",\"isPartOf\":{\"@id\":\"https:\\\/\\\/www.allscore.de\\\/shop\\\/en\\\/#website\"},\"primaryImageOfPage\":{\"@id\":\"https:\\\/\\\/www.allscore.de\\\/shop\\\/en\\\/produkt\\\/im-kalten-nebel-der-themse-fall-11\\\/#primaryimage\"},\"image\":{\"@id\":\"https:\\\/\\\/www.allscore.de\\\/shop\\\/en\\\/produkt\\\/im-kalten-nebel-der-themse-fall-11\\\/#primaryimage\"},\"thumbnailUrl\":\"https:\\\/\\\/www.allscore.de\\\/shop\\\/wp-content\\\/uploads\\\/2020\\\/09\\\/SH11_1200x1200.jpg\",\"datePublished\":\"2014-05-18T17:48:40+00:00\",\"dateModified\":\"2024-05-02T15:29:10+00:00\",\"description\":\"Sherlock Holmes, neue F\u00e4lle 11: Im kalten Nebel der Themse Auf einem nebelverhangenen Nebenarm der Themse werden zwei einsame Ruderer ungewollt Zeugen\",\"breadcrumb\":{\"@id\":\"https:\\\/\\\/www.allscore.de\\\/shop\\\/en\\\/produkt\\\/im-kalten-nebel-der-themse-fall-11\\\/#breadcrumb\"},\"inLanguage\":\"en-US\",\"potentialAction\":[{\"@type\":\"ReadAction\",\"target\":[\"https:\\\/\\\/www.allscore.de\\\/shop\\\/en\\\/produkt\\\/im-kalten-nebel-der-themse-fall-11\\\/\"]}]},{\"@type\":\"ImageObject\",\"inLanguage\":\"en-US\",\"@id\":\"https:\\\/\\\/www.allscore.de\\\/shop\\\/en\\\/produkt\\\/im-kalten-nebel-der-themse-fall-11\\\/#primaryimage\",\"url\":\"https:\\\/\\\/www.allscore.de\\\/shop\\\/wp-content\\\/uploads\\\/2020\\\/09\\\/SH11_1200x1200.jpg\",\"contentUrl\":\"https:\\\/\\\/www.allscore.de\\\/shop\\\/wp-content\\\/uploads\\\/2020\\\/09\\\/SH11_1200x1200.jpg\",\"width\":1200,\"height\":1200,\"caption\":\"Im kalten Nebel der Themse\"},{\"@type\":\"BreadcrumbList\",\"@id\":\"https:\\\/\\\/www.allscore.de\\\/shop\\\/en\\\/produkt\\\/im-kalten-nebel-der-themse-fall-11\\\/#breadcrumb\",\"itemListElement\":[{\"@type\":\"ListItem\",\"position\":1,\"name\":\"Startseite\",\"item\":\"https:\\\/\\\/www.allscore.de\\\/shop\\\/en\\\/\"},{\"@type\":\"ListItem\",\"position\":2,\"name\":\"Products\",\"item\":\"https:\\\/\\\/www.allscore.de\\\/shop\\\/en\\\/shop\\\/\"},{\"@type\":\"ListItem\",\"position\":3,\"name\":\"Sherlock Holmes, neue F\u00e4lle 11: Im kalten Nebel der Themse\"}]},{\"@type\":\"WebSite\",\"@id\":\"https:\\\/\\\/www.allscore.de\\\/shop\\\/en\\\/#website\",\"url\":\"https:\\\/\\\/www.allscore.de\\\/shop\\\/en\\\/\",\"name\":\"Allscore Shop\",\"description\":\"All Score Media\",\"publisher\":{\"@id\":\"https:\\\/\\\/www.allscore.de\\\/shop\\\/en\\\/#organization\"},\"potentialAction\":[{\"@type\":\"SearchAction\",\"target\":{\"@type\":\"EntryPoint\",\"urlTemplate\":\"https:\\\/\\\/www.allscore.de\\\/shop\\\/en\\\/?s={search_term_string}\"},\"query-input\":{\"@type\":\"PropertyValueSpecification\",\"valueRequired\":true,\"valueName\":\"search_term_string\"}}],\"inLanguage\":\"en-US\"},{\"@type\":\"Organization\",\"@id\":\"https:\\\/\\\/www.allscore.de\\\/shop\\\/en\\\/#organization\",\"name\":\"All Score Media\",\"alternateName\":\"Allscore\",\"url\":\"https:\\\/\\\/www.allscore.de\\\/shop\\\/en\\\/\",\"logo\":{\"@type\":\"ImageObject\",\"inLanguage\":\"en-US\",\"@id\":\"https:\\\/\\\/www.allscore.de\\\/shop\\\/en\\\/#\\\/schema\\\/logo\\\/image\\\/\",\"url\":\"https:\\\/\\\/www.allscore.de\\\/shop\\\/wp-content\\\/uploads\\\/2026\\\/01\\\/Logo_Yoast_Shop_2026.png\",\"contentUrl\":\"https:\\\/\\\/www.allscore.de\\\/shop\\\/wp-content\\\/uploads\\\/2026\\\/01\\\/Logo_Yoast_Shop_2026.png\",\"width\":696,\"height\":696,\"caption\":\"All Score Media\"},\"image\":{\"@id\":\"https:\\\/\\\/www.allscore.de\\\/shop\\\/en\\\/#\\\/schema\\\/logo\\\/image\\\/\"}}]}<\/script>\n<!-- \/ Yoast SEO plugin. -->","yoast_head_json":{"title":"Sherlock Holmes, neue F\u00e4lle 11: Im kalten Nebel der Themse","description":"Sherlock Holmes, neue F\u00e4lle 11: Im kalten Nebel der Themse Auf einem nebelverhangenen Nebenarm der Themse werden zwei einsame Ruderer ungewollt Zeugen","robots":{"index":"index","follow":"follow","max-snippet":"max-snippet:-1","max-image-preview":"max-image-preview:large","max-video-preview":"max-video-preview:-1"},"canonical":"https:\/\/www.allscore.de\/shop\/en\/produkt\/im-kalten-nebel-der-themse-fall-11\/","og_locale":"en_US","og_type":"article","og_title":"Sherlock Holmes, neue F\u00e4lle 11: Im kalten Nebel der Themse","og_description":"Sherlock Holmes, neue F\u00e4lle 11: Im kalten Nebel der Themse Auf einem nebelverhangenen Nebenarm der Themse werden zwei einsame Ruderer ungewollt Zeugen","og_url":"https:\/\/www.allscore.de\/shop\/en\/produkt\/im-kalten-nebel-der-themse-fall-11\/","og_site_name":"Allscore Shop","article_modified_time":"2024-05-02T15:29:10+00:00","og_image":[{"width":1200,"height":1200,"url":"https:\/\/www.allscore.de\/shop\/wp-content\/uploads\/2020\/09\/SH11_1200x1200.jpg","type":"image\/jpeg"}],"twitter_card":"summary_large_image","twitter_misc":{"Est. reading time":"1 minute"},"schema":{"@context":"https:\/\/schema.org","@graph":[{"@type":"WebPage","@id":"https:\/\/www.allscore.de\/shop\/en\/produkt\/im-kalten-nebel-der-themse-fall-11\/","url":"https:\/\/www.allscore.de\/shop\/en\/produkt\/im-kalten-nebel-der-themse-fall-11\/","name":"Sherlock Holmes, neue F\u00e4lle 11: Im kalten Nebel der Themse","isPartOf":{"@id":"https:\/\/www.allscore.de\/shop\/en\/#website"},"primaryImageOfPage":{"@id":"https:\/\/www.allscore.de\/shop\/en\/produkt\/im-kalten-nebel-der-themse-fall-11\/#primaryimage"},"image":{"@id":"https:\/\/www.allscore.de\/shop\/en\/produkt\/im-kalten-nebel-der-themse-fall-11\/#primaryimage"},"thumbnailUrl":"https:\/\/www.allscore.de\/shop\/wp-content\/uploads\/2020\/09\/SH11_1200x1200.jpg","datePublished":"2014-05-18T17:48:40+00:00","dateModified":"2024-05-02T15:29:10+00:00","description":"Sherlock Holmes, neue F\u00e4lle 11: Im kalten Nebel der Themse Auf einem nebelverhangenen Nebenarm der Themse werden zwei einsame Ruderer ungewollt Zeugen","breadcrumb":{"@id":"https:\/\/www.allscore.de\/shop\/en\/produkt\/im-kalten-nebel-der-themse-fall-11\/#breadcrumb"},"inLanguage":"en-US","potentialAction":[{"@type":"ReadAction","target":["https:\/\/www.allscore.de\/shop\/en\/produkt\/im-kalten-nebel-der-themse-fall-11\/"]}]},{"@type":"ImageObject","inLanguage":"en-US","@id":"https:\/\/www.allscore.de\/shop\/en\/produkt\/im-kalten-nebel-der-themse-fall-11\/#primaryimage","url":"https:\/\/www.allscore.de\/shop\/wp-content\/uploads\/2020\/09\/SH11_1200x1200.jpg","contentUrl":"https:\/\/www.allscore.de\/shop\/wp-content\/uploads\/2020\/09\/SH11_1200x1200.jpg","width":1200,"height":1200,"caption":"Im kalten Nebel der Themse"},{"@type":"BreadcrumbList","@id":"https:\/\/www.allscore.de\/shop\/en\/produkt\/im-kalten-nebel-der-themse-fall-11\/#breadcrumb","itemListElement":[{"@type":"ListItem","position":1,"name":"Startseite","item":"https:\/\/www.allscore.de\/shop\/en\/"},{"@type":"ListItem","position":2,"name":"Products","item":"https:\/\/www.allscore.de\/shop\/en\/shop\/"},{"@type":"ListItem","position":3,"name":"Sherlock Holmes, neue F\u00e4lle 11: Im kalten Nebel der Themse"}]},{"@type":"WebSite","@id":"https:\/\/www.allscore.de\/shop\/en\/#website","url":"https:\/\/www.allscore.de\/shop\/en\/","name":"Allscore Shop","description":"All Score Media","publisher":{"@id":"https:\/\/www.allscore.de\/shop\/en\/#organization"},"potentialAction":[{"@type":"SearchAction","target":{"@type":"EntryPoint","urlTemplate":"https:\/\/www.allscore.de\/shop\/en\/?s={search_term_string}"},"query-input":{"@type":"PropertyValueSpecification","valueRequired":true,"valueName":"search_term_string"}}],"inLanguage":"en-US"},{"@type":"Organization","@id":"https:\/\/www.allscore.de\/shop\/en\/#organization","name":"All Score Media","alternateName":"Allscore","url":"https:\/\/www.allscore.de\/shop\/en\/","logo":{"@type":"ImageObject","inLanguage":"en-US","@id":"https:\/\/www.allscore.de\/shop\/en\/#\/schema\/logo\/image\/","url":"https:\/\/www.allscore.de\/shop\/wp-content\/uploads\/2026\/01\/Logo_Yoast_Shop_2026.png","contentUrl":"https:\/\/www.allscore.de\/shop\/wp-content\/uploads\/2026\/01\/Logo_Yoast_Shop_2026.png","width":696,"height":696,"caption":"All Score Media"},"image":{"@id":"https:\/\/www.allscore.de\/shop\/en\/#\/schema\/logo\/image\/"}}]}},"_links":{"self":[{"href":"https:\/\/www.allscore.de\/shop\/en\/wp-json\/wp\/v2\/product\/7766","targetHints":{"allow":["GET"]}}],"collection":[{"href":"https:\/\/www.allscore.de\/shop\/en\/wp-json\/wp\/v2\/product"}],"about":[{"href":"https:\/\/www.allscore.de\/shop\/en\/wp-json\/wp\/v2\/types\/product"}],"wp:featuredmedia":[{"embeddable":true,"href":"https:\/\/www.allscore.de\/shop\/en\/wp-json\/wp\/v2\/media\/7767"}],"wp:attachment":[{"href":"https:\/\/www.allscore.de\/shop\/en\/wp-json\/wp\/v2\/media?parent=7766"}],"wp:term":[{"taxonomy":"product_brand","embeddable":true,"href":"https:\/\/www.allscore.de\/shop\/en\/wp-json\/wp\/v2\/product_brand?post=7766"},{"taxonomy":"product_cat","embeddable":true,"href":"https:\/\/www.allscore.de\/shop\/en\/wp-json\/wp\/v2\/product_cat?post=7766"},{"taxonomy":"product_tag","embeddable":true,"href":"https:\/\/www.allscore.de\/shop\/en\/wp-json\/wp\/v2\/product_tag?post=7766"}],"curies":[{"name":"wp","href":"https:\/\/api.w.org\/{rel}","templated":true}]}}