{"id":7733,"date":"2012-11-16T13:02:24","date_gmt":"2012-11-16T12:02:24","guid":{"rendered":"https:\/\/www.allscore.de\/shop\/?post_type=product&#038;p=7733"},"modified":"2024-05-02T17:20:12","modified_gmt":"2024-05-02T15:20:12","slug":"die-betrogenen-titanic-passagiere-fall-03","status":"publish","type":"product","link":"https:\/\/www.allscore.de\/shop\/en\/produkt\/die-betrogenen-titanic-passagiere-fall-03\/","title":{"rendered":"Sherlock Holmes, neue F\u00e4lle 3: Die betrogenen Titanic-Passagiere"},"content":{"rendered":"<p>Sherlock Holmes, neue F\u00e4lle 3: Die betrogenen Titanic-Passagiere<\/p>\n<p>Sherlock Holmes&#8217; neuester Fall f\u00fchrt den Detektiv und seinen Freund Watson nach Southampton. Hier soll einmal der Stolz der White-Star-Reederei, die &#8220;Titanic&#8221;, zu ihrer Jungfernfahrt auslaufen. Noch ist das Schiff nicht fertig gebaut, aber mehrere Familien aus armen Verh\u00e4ltnissen haben bereits ihre Ersparnisse geopfert, um sich eine Passage in die neue Welt zu sichern. Allerdings scheinen sie beim Versuch, ihr Startkapital f\u00fcr ein neues Leben zu vergr\u00f6\u00dfern, einem ebenso gewieften wie gewissenlosen Schwindler auf den Leim gegangen zu sein&#8230;<\/p>\n<p>Sherlock Holmes: Christian Rode<br \/>\nWatson \/ Erz\u00e4hler: Peter Groeger<br \/>\nInspektor Lestrade: Lutz Harder<br \/>\nO`Malley: Klaus Herm<br \/>\nMontgomery Taylor: Werner Ziebig<br \/>\nFunkelham: Bernd Vollbrecht<br \/>\nKellner: Marcus von Schwerin<br \/>\nu.a.<\/p>\n<p>Regie: Gerd Naumann<br \/>\nBuch: Gerd Naumann &amp; Thomas Tippner,<br \/>\nnach einer Idee von Thomas Tippner<br \/>\nKomponist: Stephan Eicke, zus\u00e4tzliche Musik: Oliver Mohr<br \/>\nSounddesign, Mischung &amp; Master: Tom Steinbrecher<\/p>\n<p>Spieldauer: ca. 70 Minuten<\/p>\n","protected":false},"excerpt":{"rendered":"<p>Sherlock Holmes, neue F\u00e4lle 3: Die betrogenen Titanic-Passagiere Sherlock Holmes&#8217; neuester Fall f\u00fchrt den Detektiv und seinen Freund Watson nach Southampton. Hier soll einmal der Stolz der White-Star-Reederei, die &#8220;Titanic&#8221;, zu ihrer Jungfernfahrt auslaufen. Noch ist das Schiff nicht fertig gebaut, aber mehrere Familien aus armen Verh\u00e4ltnissen haben bereits ihre Ersparnisse geopfert, um sich eine&#8230;<\/p>\n<p><a rel=\"bookmark\" class=\"vonzot-button-simple wvc-button wvc-button-size-sm\" href=\"https:\/\/www.allscore.de\/shop\/en\/produkt\/die-betrogenen-titanic-passagiere-fall-03\/\"><span>Read more<\/span><\/a><\/p>\n","protected":false},"featured_media":7734,"template":"","meta":[],"product_brand":[],"product_cat":[199,215],"product_tag":[],"class_list":{"0":"post-7733","1":"product","2":"type-product","3":"status-publish","4":"has-post-thumbnail","6":"product_cat-hoerspiele-en","7":"product_cat-sherlock-holmes-die-neuen-faelle-en","8":"product_shipping_class-tontraeger-cd-en","9":"entry","10":"clearfix","11":"entry-grid","12":"entry-columns-3","13":"entry-product-module-layout-sidebar-right","14":"thumbnail-color-tone-dark","15":"entry-product","17":"entry-product-grid","19":"first","20":"instock","21":"taxable","22":"shipping-taxable","23":"purchasable","24":"product-type-simple"},"yoast_head":"<!-- This site is optimized with the Yoast SEO plugin v27.4 - https:\/\/yoast.com\/product\/yoast-seo-wordpress\/ -->\n<title>Sherlock Holmes, neue F\u00e4lle 3: Die betrogenen Titanic-Passagiere<\/title>\n<meta name=\"description\" content=\"Sherlock Holmes, neue F\u00e4lle 3: Die betrogenen Titanic-Passagiere Sherlock Holmes&#039; neuester Fall f\u00fchrt den Detektiv und seinen Freund Watson nach\" \/>\n<meta name=\"robots\" content=\"index, follow, max-snippet:-1, max-image-preview:large, max-video-preview:-1\" \/>\n<link rel=\"canonical\" href=\"https:\/\/www.allscore.de\/shop\/en\/produkt\/die-betrogenen-titanic-passagiere-fall-03\/\" \/>\n<meta property=\"og:locale\" content=\"en_US\" \/>\n<meta property=\"og:type\" content=\"article\" \/>\n<meta property=\"og:title\" content=\"Sherlock Holmes, neue F\u00e4lle 3: Die betrogenen Titanic-Passagiere\" \/>\n<meta property=\"og:description\" content=\"Sherlock Holmes, neue F\u00e4lle 3: Die betrogenen Titanic-Passagiere Sherlock Holmes&#039; neuester Fall f\u00fchrt den Detektiv und seinen Freund Watson nach\" \/>\n<meta property=\"og:url\" content=\"https:\/\/www.allscore.de\/shop\/en\/produkt\/die-betrogenen-titanic-passagiere-fall-03\/\" \/>\n<meta property=\"og:site_name\" content=\"Allscore Shop\" \/>\n<meta property=\"article:modified_time\" content=\"2024-05-02T15:20:12+00:00\" \/>\n<meta property=\"og:image\" content=\"https:\/\/www.allscore.de\/shop\/wp-content\/uploads\/2020\/09\/SH03_1200x1200.jpg\" \/>\n\t<meta property=\"og:image:width\" content=\"1200\" \/>\n\t<meta property=\"og:image:height\" content=\"1200\" \/>\n\t<meta property=\"og:image:type\" content=\"image\/jpeg\" \/>\n<meta name=\"twitter:card\" content=\"summary_large_image\" \/>\n<meta name=\"twitter:label1\" content=\"Est. reading time\" \/>\n\t<meta name=\"twitter:data1\" content=\"1 minute\" \/>\n<script type=\"application\/ld+json\" class=\"yoast-schema-graph\">{\"@context\":\"https:\\\/\\\/schema.org\",\"@graph\":[{\"@type\":\"WebPage\",\"@id\":\"https:\\\/\\\/www.allscore.de\\\/shop\\\/en\\\/produkt\\\/die-betrogenen-titanic-passagiere-fall-03\\\/\",\"url\":\"https:\\\/\\\/www.allscore.de\\\/shop\\\/en\\\/produkt\\\/die-betrogenen-titanic-passagiere-fall-03\\\/\",\"name\":\"Sherlock Holmes, neue F\u00e4lle 3: Die betrogenen Titanic-Passagiere\",\"isPartOf\":{\"@id\":\"https:\\\/\\\/www.allscore.de\\\/shop\\\/en\\\/#website\"},\"primaryImageOfPage\":{\"@id\":\"https:\\\/\\\/www.allscore.de\\\/shop\\\/en\\\/produkt\\\/die-betrogenen-titanic-passagiere-fall-03\\\/#primaryimage\"},\"image\":{\"@id\":\"https:\\\/\\\/www.allscore.de\\\/shop\\\/en\\\/produkt\\\/die-betrogenen-titanic-passagiere-fall-03\\\/#primaryimage\"},\"thumbnailUrl\":\"https:\\\/\\\/www.allscore.de\\\/shop\\\/wp-content\\\/uploads\\\/2020\\\/09\\\/SH03_1200x1200.jpg\",\"datePublished\":\"2012-11-16T12:02:24+00:00\",\"dateModified\":\"2024-05-02T15:20:12+00:00\",\"description\":\"Sherlock Holmes, neue F\u00e4lle 3: Die betrogenen Titanic-Passagiere Sherlock Holmes' neuester Fall f\u00fchrt den Detektiv und seinen Freund Watson nach\",\"breadcrumb\":{\"@id\":\"https:\\\/\\\/www.allscore.de\\\/shop\\\/en\\\/produkt\\\/die-betrogenen-titanic-passagiere-fall-03\\\/#breadcrumb\"},\"inLanguage\":\"en-US\",\"potentialAction\":[{\"@type\":\"ReadAction\",\"target\":[\"https:\\\/\\\/www.allscore.de\\\/shop\\\/en\\\/produkt\\\/die-betrogenen-titanic-passagiere-fall-03\\\/\"]}]},{\"@type\":\"ImageObject\",\"inLanguage\":\"en-US\",\"@id\":\"https:\\\/\\\/www.allscore.de\\\/shop\\\/en\\\/produkt\\\/die-betrogenen-titanic-passagiere-fall-03\\\/#primaryimage\",\"url\":\"https:\\\/\\\/www.allscore.de\\\/shop\\\/wp-content\\\/uploads\\\/2020\\\/09\\\/SH03_1200x1200.jpg\",\"contentUrl\":\"https:\\\/\\\/www.allscore.de\\\/shop\\\/wp-content\\\/uploads\\\/2020\\\/09\\\/SH03_1200x1200.jpg\",\"width\":1200,\"height\":1200,\"caption\":\"Die betrogenen Titanic-Passagiere\"},{\"@type\":\"BreadcrumbList\",\"@id\":\"https:\\\/\\\/www.allscore.de\\\/shop\\\/en\\\/produkt\\\/die-betrogenen-titanic-passagiere-fall-03\\\/#breadcrumb\",\"itemListElement\":[{\"@type\":\"ListItem\",\"position\":1,\"name\":\"Startseite\",\"item\":\"https:\\\/\\\/www.allscore.de\\\/shop\\\/en\\\/\"},{\"@type\":\"ListItem\",\"position\":2,\"name\":\"Products\",\"item\":\"https:\\\/\\\/www.allscore.de\\\/shop\\\/en\\\/shop\\\/\"},{\"@type\":\"ListItem\",\"position\":3,\"name\":\"Sherlock Holmes, neue F\u00e4lle 3: Die betrogenen Titanic-Passagiere\"}]},{\"@type\":\"WebSite\",\"@id\":\"https:\\\/\\\/www.allscore.de\\\/shop\\\/en\\\/#website\",\"url\":\"https:\\\/\\\/www.allscore.de\\\/shop\\\/en\\\/\",\"name\":\"Allscore Shop\",\"description\":\"All Score Media\",\"publisher\":{\"@id\":\"https:\\\/\\\/www.allscore.de\\\/shop\\\/en\\\/#organization\"},\"potentialAction\":[{\"@type\":\"SearchAction\",\"target\":{\"@type\":\"EntryPoint\",\"urlTemplate\":\"https:\\\/\\\/www.allscore.de\\\/shop\\\/en\\\/?s={search_term_string}\"},\"query-input\":{\"@type\":\"PropertyValueSpecification\",\"valueRequired\":true,\"valueName\":\"search_term_string\"}}],\"inLanguage\":\"en-US\"},{\"@type\":\"Organization\",\"@id\":\"https:\\\/\\\/www.allscore.de\\\/shop\\\/en\\\/#organization\",\"name\":\"All Score Media\",\"alternateName\":\"Allscore\",\"url\":\"https:\\\/\\\/www.allscore.de\\\/shop\\\/en\\\/\",\"logo\":{\"@type\":\"ImageObject\",\"inLanguage\":\"en-US\",\"@id\":\"https:\\\/\\\/www.allscore.de\\\/shop\\\/en\\\/#\\\/schema\\\/logo\\\/image\\\/\",\"url\":\"https:\\\/\\\/www.allscore.de\\\/shop\\\/wp-content\\\/uploads\\\/2026\\\/01\\\/Logo_Yoast_Shop_2026.png\",\"contentUrl\":\"https:\\\/\\\/www.allscore.de\\\/shop\\\/wp-content\\\/uploads\\\/2026\\\/01\\\/Logo_Yoast_Shop_2026.png\",\"width\":696,\"height\":696,\"caption\":\"All Score Media\"},\"image\":{\"@id\":\"https:\\\/\\\/www.allscore.de\\\/shop\\\/en\\\/#\\\/schema\\\/logo\\\/image\\\/\"}}]}<\/script>\n<!-- \/ Yoast SEO plugin. -->","yoast_head_json":{"title":"Sherlock Holmes, neue F\u00e4lle 3: Die betrogenen Titanic-Passagiere","description":"Sherlock Holmes, neue F\u00e4lle 3: Die betrogenen Titanic-Passagiere Sherlock Holmes' neuester Fall f\u00fchrt den Detektiv und seinen Freund Watson nach","robots":{"index":"index","follow":"follow","max-snippet":"max-snippet:-1","max-image-preview":"max-image-preview:large","max-video-preview":"max-video-preview:-1"},"canonical":"https:\/\/www.allscore.de\/shop\/en\/produkt\/die-betrogenen-titanic-passagiere-fall-03\/","og_locale":"en_US","og_type":"article","og_title":"Sherlock Holmes, neue F\u00e4lle 3: Die betrogenen Titanic-Passagiere","og_description":"Sherlock Holmes, neue F\u00e4lle 3: Die betrogenen Titanic-Passagiere Sherlock Holmes' neuester Fall f\u00fchrt den Detektiv und seinen Freund Watson nach","og_url":"https:\/\/www.allscore.de\/shop\/en\/produkt\/die-betrogenen-titanic-passagiere-fall-03\/","og_site_name":"Allscore Shop","article_modified_time":"2024-05-02T15:20:12+00:00","og_image":[{"width":1200,"height":1200,"url":"https:\/\/www.allscore.de\/shop\/wp-content\/uploads\/2020\/09\/SH03_1200x1200.jpg","type":"image\/jpeg"}],"twitter_card":"summary_large_image","twitter_misc":{"Est. reading time":"1 minute"},"schema":{"@context":"https:\/\/schema.org","@graph":[{"@type":"WebPage","@id":"https:\/\/www.allscore.de\/shop\/en\/produkt\/die-betrogenen-titanic-passagiere-fall-03\/","url":"https:\/\/www.allscore.de\/shop\/en\/produkt\/die-betrogenen-titanic-passagiere-fall-03\/","name":"Sherlock Holmes, neue F\u00e4lle 3: Die betrogenen Titanic-Passagiere","isPartOf":{"@id":"https:\/\/www.allscore.de\/shop\/en\/#website"},"primaryImageOfPage":{"@id":"https:\/\/www.allscore.de\/shop\/en\/produkt\/die-betrogenen-titanic-passagiere-fall-03\/#primaryimage"},"image":{"@id":"https:\/\/www.allscore.de\/shop\/en\/produkt\/die-betrogenen-titanic-passagiere-fall-03\/#primaryimage"},"thumbnailUrl":"https:\/\/www.allscore.de\/shop\/wp-content\/uploads\/2020\/09\/SH03_1200x1200.jpg","datePublished":"2012-11-16T12:02:24+00:00","dateModified":"2024-05-02T15:20:12+00:00","description":"Sherlock Holmes, neue F\u00e4lle 3: Die betrogenen Titanic-Passagiere Sherlock Holmes' neuester Fall f\u00fchrt den Detektiv und seinen Freund Watson nach","breadcrumb":{"@id":"https:\/\/www.allscore.de\/shop\/en\/produkt\/die-betrogenen-titanic-passagiere-fall-03\/#breadcrumb"},"inLanguage":"en-US","potentialAction":[{"@type":"ReadAction","target":["https:\/\/www.allscore.de\/shop\/en\/produkt\/die-betrogenen-titanic-passagiere-fall-03\/"]}]},{"@type":"ImageObject","inLanguage":"en-US","@id":"https:\/\/www.allscore.de\/shop\/en\/produkt\/die-betrogenen-titanic-passagiere-fall-03\/#primaryimage","url":"https:\/\/www.allscore.de\/shop\/wp-content\/uploads\/2020\/09\/SH03_1200x1200.jpg","contentUrl":"https:\/\/www.allscore.de\/shop\/wp-content\/uploads\/2020\/09\/SH03_1200x1200.jpg","width":1200,"height":1200,"caption":"Die betrogenen Titanic-Passagiere"},{"@type":"BreadcrumbList","@id":"https:\/\/www.allscore.de\/shop\/en\/produkt\/die-betrogenen-titanic-passagiere-fall-03\/#breadcrumb","itemListElement":[{"@type":"ListItem","position":1,"name":"Startseite","item":"https:\/\/www.allscore.de\/shop\/en\/"},{"@type":"ListItem","position":2,"name":"Products","item":"https:\/\/www.allscore.de\/shop\/en\/shop\/"},{"@type":"ListItem","position":3,"name":"Sherlock Holmes, neue F\u00e4lle 3: Die betrogenen Titanic-Passagiere"}]},{"@type":"WebSite","@id":"https:\/\/www.allscore.de\/shop\/en\/#website","url":"https:\/\/www.allscore.de\/shop\/en\/","name":"Allscore Shop","description":"All Score Media","publisher":{"@id":"https:\/\/www.allscore.de\/shop\/en\/#organization"},"potentialAction":[{"@type":"SearchAction","target":{"@type":"EntryPoint","urlTemplate":"https:\/\/www.allscore.de\/shop\/en\/?s={search_term_string}"},"query-input":{"@type":"PropertyValueSpecification","valueRequired":true,"valueName":"search_term_string"}}],"inLanguage":"en-US"},{"@type":"Organization","@id":"https:\/\/www.allscore.de\/shop\/en\/#organization","name":"All Score Media","alternateName":"Allscore","url":"https:\/\/www.allscore.de\/shop\/en\/","logo":{"@type":"ImageObject","inLanguage":"en-US","@id":"https:\/\/www.allscore.de\/shop\/en\/#\/schema\/logo\/image\/","url":"https:\/\/www.allscore.de\/shop\/wp-content\/uploads\/2026\/01\/Logo_Yoast_Shop_2026.png","contentUrl":"https:\/\/www.allscore.de\/shop\/wp-content\/uploads\/2026\/01\/Logo_Yoast_Shop_2026.png","width":696,"height":696,"caption":"All Score Media"},"image":{"@id":"https:\/\/www.allscore.de\/shop\/en\/#\/schema\/logo\/image\/"}}]}},"_links":{"self":[{"href":"https:\/\/www.allscore.de\/shop\/en\/wp-json\/wp\/v2\/product\/7733","targetHints":{"allow":["GET"]}}],"collection":[{"href":"https:\/\/www.allscore.de\/shop\/en\/wp-json\/wp\/v2\/product"}],"about":[{"href":"https:\/\/www.allscore.de\/shop\/en\/wp-json\/wp\/v2\/types\/product"}],"wp:featuredmedia":[{"embeddable":true,"href":"https:\/\/www.allscore.de\/shop\/en\/wp-json\/wp\/v2\/media\/7734"}],"wp:attachment":[{"href":"https:\/\/www.allscore.de\/shop\/en\/wp-json\/wp\/v2\/media?parent=7733"}],"wp:term":[{"taxonomy":"product_brand","embeddable":true,"href":"https:\/\/www.allscore.de\/shop\/en\/wp-json\/wp\/v2\/product_brand?post=7733"},{"taxonomy":"product_cat","embeddable":true,"href":"https:\/\/www.allscore.de\/shop\/en\/wp-json\/wp\/v2\/product_cat?post=7733"},{"taxonomy":"product_tag","embeddable":true,"href":"https:\/\/www.allscore.de\/shop\/en\/wp-json\/wp\/v2\/product_tag?post=7733"}],"curies":[{"name":"wp","href":"https:\/\/api.w.org\/{rel}","templated":true}]}}