{"id":7499,"date":"2020-06-08T18:42:22","date_gmt":"2020-09-08T16:42:23","guid":{"rendered":"https:\/\/www.allscore.de\/shop\/?post_type=product&#038;p=7499"},"modified":"2022-07-20T23:31:07","modified_gmt":"2022-07-20T21:31:07","slug":"professor-van-dusen-bittet-zum-tanz","status":"publish","type":"product","link":"https:\/\/www.allscore.de\/shop\/en\/produkt\/professor-van-dusen-bittet-zum-tanz\/","title":{"rendered":"Professor van Dusen bittet zum Tanz (22)"},"content":{"rendered":"<p>PRESSE<\/p>\n<p><a href=\"https:\/\/www.lese-und-hoercafe.de\/hoerspiele-buecher\/krimi\/professor-van-dusen-bittet-zum-tanz-fall-22.html\" target=\"blank\" rel=\"noopener noreferrer\">Das Lese- und H\u00f6rcafe<\/a> [Juli 2020]: &#8220;Die Sprecher sind alle hervorragend, wie f\u00fcr die neuen van Dusen H\u00f6rspiele gewohnt, der Schnitt von Tom Steinbrecher ohne Tadel, die Effekte und das Ambiente gewohnt gut. Auch hier trifft wieder zu, selbst wenn man die Namen der Sprecher nicht kennt, sobald man die Stimme h\u00f6rt, erkennt man sie. Rick Skelton, gesprochen von Lutz Mackensy, schafft es immer wieder zu \u00fcberraschen. In der einen Szene klingt er wie der unbedarfte Spieler von nebenan und in der n\u00e4chsten hat er eine derma\u00dfene Sch\u00e4rfe, dass man sich direkt vor ihm f\u00fcrchtet. Gro\u00dfartig!&#8221;<\/p>\n<p><a href=\"https:\/\/www.buchtips.net\/rez10767-die-neuen-faelle-fall-22-professor-van-dusen-bittet-zum-tanz.htm\" target=\"blank\" rel=\"noopener noreferrer\">Buchtips.net<\/a> [Juli 2020]: &#8220;Aufgrund der liebevollen Umsetzung und der exzellenten Akustik ist &#8220;Professor van Dusen bittet zum Tanz&#8221; ein ausgezeichnetes H\u00f6rspiel, an dem auch Agatha Christie ihre Freude haben w\u00fcrde. Ein guter Fall, der wieder einmal zeigt, dass die neuen F\u00e4lle inzwischen nicht mehr im Schatten der legend\u00e4ren RIAS-H\u00f6rspiele stehen&#8230; 9 von 10 Punkten!&#8221;<\/p>\n<p><a href=\"https:\/\/www.hoerbuchjunkies.com\/Professor-van-Dusen-bittet-zum-Tanz.htm\" target=\"blank\" rel=\"noopener noreferrer\">H\u00f6rbuch-Junkies<\/a> [Juli 2020]: &#8220;Story, Sprecher, Produktion und Ger\u00e4uschkulisse sind passend und bescheren eine vergn\u00fcgliche H\u00f6rspielstunde, die mehr oder minder Lust auf eine Kreuzfahrt macht&#8230; ohne Einschr\u00e4nkung zu empfehlen.&#8221;<\/p>\n<p><a href=\"https:\/\/www.poldis-hoerspielseite.de\/z3518.htm\" target=\"blank\" rel=\"noopener noreferrer\">Poldis H\u00f6rspielseite<\/a> [Juli 2020]: &#8220;Wieder gelingt es der Serie, zu \u00fcberraschen und neue Stimmung zu schaffen. Die Begrenzung auf den ungew\u00f6hnlichen Schauplatz, die markanten, nie stereotypen Charaktere und ein zun\u00e4chst etwas tr\u00e4ge wirkender, dann aber sehr spannender Verlauf spielen die St\u00e4rke der Serie vollkommen aus \u2013 zumal neben fr\u00f6hlichen und spannenden Momenten auch ernste Gedanken angesprochen werden, und das alles sehr nahe beieinander.&#8221;<\/p>\n","protected":false},"excerpt":{"rendered":"<p>Eine Seefahrt, die ist t\u00f6dlich. Zumindest wenn Professor van Dusen und Hutchinson Hatch zu den Passagieren z\u00e4hlen. Auf dem Raddampfer Mississippi Queen tummeln sich allerhand bunte Gestalten. Eine von ihnen ist ein M\u00f6rder. Dies wei\u00df Van Dusen sp\u00e4testens, als er in einer der Kabinen die Leiche eines Reisegef\u00e4hrten findet. Doch was hat eine Tanzveranstaltung auf dem Schiff damit zu tun? Und welches d\u00fcstere Geheimnis trug der Tote mit sich herum? Professor van Dusen bleibt nicht viel Zeit, den M\u00f6rder zu ermitteln, denn der Dampfer steuert unaufh\u00f6rlich seinem Zielhafen zu.<\/p>\n<p>Professor van Dusen: Bernd Vollbrecht<br \/>\nHutchinson Hatch: Nicolai Tegeler<br \/>\nEsteban Montoya: Bernd Egger<br \/>\nHarriet Hope: Margrit Stra\u00dfburger<br \/>\nRuby Hope: Magdalena Helmig<br \/>\nRick Skelton: Lutz Mackensy<br \/>\nAntoine Duprey: Heiko Akrap<br \/>\nDouglas Remington: Dirk M\u00fcller<br \/>\nAnthony Wheeler: Stefan Br\u00e4uler<\/p>\n<p>Regie: Gerd Naumann<br \/>\nBuch: Marc Freund<br \/>\nKomponist: Christian Bluthardt<br \/>\nSounddesign, Mischung &amp; Master: Tom Steinbrecher<\/p>\n<p>Spieldauer: ca. 62 Minuten<\/p>\n","protected":false},"featured_media":7501,"template":"","meta":[],"product_brand":[],"product_cat":[199,211],"product_tag":[],"class_list":{"0":"post-7499","1":"product","2":"type-product","3":"status-publish","4":"has-post-thumbnail","6":"product_cat-hoerspiele-en","7":"product_cat-professor-van-dusen-neue-faelle-en","8":"product_shipping_class-tontraeger-cd-en","9":"entry","10":"clearfix","11":"entry-grid","12":"entry-columns-3","13":"entry-product-module-layout-sidebar-right","14":"thumbnail-color-tone-dark","15":"entry-product","17":"entry-product-grid","19":"first","20":"instock","21":"taxable","22":"shipping-taxable","23":"purchasable","24":"product-type-simple"},"yoast_head":"<!-- This site is optimized with the Yoast SEO plugin v27.4 - https:\/\/yoast.com\/product\/yoast-seo-wordpress\/ -->\n<title>Professor van Dusen bittet zum Tanz (22)<\/title>\n<meta name=\"description\" content=\"Eine Seefahrt, die ist t\u00f6dlich. Zumindest wenn Professor van Dusen und Hutchinson Hatch zu den Passagieren z\u00e4hlen. Auf dem Raddampfer Mississippi Queen tummeln sich allerhand bunte Gestalten. Eine von ihnen ist ein M\u00f6rder. Dies wei\u00df Van Dusen sp\u00e4testens, als er in einer der Kabinen die Leiche eines Reisegef\u00e4hrten findet. Doch was hat eine Tanzveranstaltung auf dem Schiff damit zu tun? Und welches d\u00fcstere Geheimnis trug der Tote mit sich herum? Professor van Dusen bleibt nicht viel Zeit, den M\u00f6rder zu ermitteln, denn der Dampfer steuert unaufh\u00f6rlich seinem Zielhafen zu.  Professor van Dusen: Bernd Vollbrecht Hutchinson Hatch: Nicolai Tegeler Esteban Montoya: Bernd Egger Harriet Hope: Margrit Stra\u00dfburger Ruby Hope: Magdalena Helmig Rick Skelton: Lutz Mackensy Antoine Duprey: Heiko Akrap Douglas Remington: Dirk M\u00fcller Anthony Wheeler: Stefan Br\u00e4uler  Regie: Gerd Naumann Buch: Marc Freund Komponist: Christian Bluthardt Sounddesign, Mischung &amp; Master: Tom Steinbrecher  Spieldauer: ca. 62 Minuten\" \/>\n<meta name=\"robots\" content=\"index, follow, max-snippet:-1, max-image-preview:large, max-video-preview:-1\" \/>\n<link rel=\"canonical\" href=\"https:\/\/www.allscore.de\/shop\/en\/produkt\/professor-van-dusen-bittet-zum-tanz\/\" \/>\n<meta property=\"og:locale\" content=\"en_US\" \/>\n<meta property=\"og:type\" content=\"article\" \/>\n<meta property=\"og:title\" content=\"Professor van Dusen bittet zum Tanz (22)\" \/>\n<meta property=\"og:description\" content=\"Eine Seefahrt, die ist t\u00f6dlich. Zumindest wenn Professor van Dusen und Hutchinson Hatch zu den Passagieren z\u00e4hlen. Auf dem Raddampfer Mississippi Queen tummeln sich allerhand bunte Gestalten. Eine von ihnen ist ein M\u00f6rder. Dies wei\u00df Van Dusen sp\u00e4testens, als er in einer der Kabinen die Leiche eines Reisegef\u00e4hrten findet. Doch was hat eine Tanzveranstaltung auf dem Schiff damit zu tun? Und welches d\u00fcstere Geheimnis trug der Tote mit sich herum? Professor van Dusen bleibt nicht viel Zeit, den M\u00f6rder zu ermitteln, denn der Dampfer steuert unaufh\u00f6rlich seinem Zielhafen zu.  Professor van Dusen: Bernd Vollbrecht Hutchinson Hatch: Nicolai Tegeler Esteban Montoya: Bernd Egger Harriet Hope: Margrit Stra\u00dfburger Ruby Hope: Magdalena Helmig Rick Skelton: Lutz Mackensy Antoine Duprey: Heiko Akrap Douglas Remington: Dirk M\u00fcller Anthony Wheeler: Stefan Br\u00e4uler  Regie: Gerd Naumann Buch: Marc Freund Komponist: Christian Bluthardt Sounddesign, Mischung &amp; Master: Tom Steinbrecher  Spieldauer: ca. 62 Minuten\" \/>\n<meta property=\"og:url\" content=\"https:\/\/www.allscore.de\/shop\/en\/produkt\/professor-van-dusen-bittet-zum-tanz\/\" \/>\n<meta property=\"og:site_name\" content=\"Allscore Shop\" \/>\n<meta property=\"article:modified_time\" content=\"2022-07-20T21:31:07+00:00\" \/>\n<meta property=\"og:image\" content=\"https:\/\/www.allscore.de\/shop\/wp-content\/uploads\/2020\/09\/PvD22_1200x1200.jpg\" \/>\n\t<meta property=\"og:image:width\" content=\"1200\" \/>\n\t<meta property=\"og:image:height\" content=\"1200\" \/>\n\t<meta property=\"og:image:type\" content=\"image\/jpeg\" \/>\n<meta name=\"twitter:card\" content=\"summary_large_image\" \/>\n<meta name=\"twitter:label1\" content=\"Est. reading time\" \/>\n\t<meta name=\"twitter:data1\" content=\"1 minute\" \/>\n<script type=\"application\/ld+json\" class=\"yoast-schema-graph\">{\"@context\":\"https:\\\/\\\/schema.org\",\"@graph\":[{\"@type\":\"WebPage\",\"@id\":\"https:\\\/\\\/www.allscore.de\\\/shop\\\/en\\\/produkt\\\/professor-van-dusen-bittet-zum-tanz\\\/\",\"url\":\"https:\\\/\\\/www.allscore.de\\\/shop\\\/en\\\/produkt\\\/professor-van-dusen-bittet-zum-tanz\\\/\",\"name\":\"Professor van Dusen bittet zum Tanz (22)\",\"isPartOf\":{\"@id\":\"https:\\\/\\\/www.allscore.de\\\/shop\\\/en\\\/#website\"},\"primaryImageOfPage\":{\"@id\":\"https:\\\/\\\/www.allscore.de\\\/shop\\\/en\\\/produkt\\\/professor-van-dusen-bittet-zum-tanz\\\/#primaryimage\"},\"image\":{\"@id\":\"https:\\\/\\\/www.allscore.de\\\/shop\\\/en\\\/produkt\\\/professor-van-dusen-bittet-zum-tanz\\\/#primaryimage\"},\"thumbnailUrl\":\"https:\\\/\\\/www.allscore.de\\\/shop\\\/wp-content\\\/uploads\\\/2020\\\/09\\\/PvD22_1200x1200.jpg\",\"datePublished\":\"2020-09-08T16:42:23+00:00\",\"dateModified\":\"2022-07-20T21:31:07+00:00\",\"description\":\"Eine Seefahrt, die ist t\u00f6dlich. Zumindest wenn Professor van Dusen und Hutchinson Hatch zu den Passagieren z\u00e4hlen. Auf dem Raddampfer Mississippi Queen tummeln sich allerhand bunte Gestalten. Eine von ihnen ist ein M\u00f6rder. Dies wei\u00df Van Dusen sp\u00e4testens, als er in einer der Kabinen die Leiche eines Reisegef\u00e4hrten findet. Doch was hat eine Tanzveranstaltung auf dem Schiff damit zu tun? Und welches d\u00fcstere Geheimnis trug der Tote mit sich herum? Professor van Dusen bleibt nicht viel Zeit, den M\u00f6rder zu ermitteln, denn der Dampfer steuert unaufh\u00f6rlich seinem Zielhafen zu. Professor van Dusen: Bernd Vollbrecht Hutchinson Hatch: Nicolai Tegeler Esteban Montoya: Bernd Egger Harriet Hope: Margrit Stra\u00dfburger Ruby Hope: Magdalena Helmig Rick Skelton: Lutz Mackensy Antoine Duprey: Heiko Akrap Douglas Remington: Dirk M\u00fcller Anthony Wheeler: Stefan Br\u00e4uler Regie: Gerd Naumann Buch: Marc Freund Komponist: Christian Bluthardt Sounddesign, Mischung &amp; Master: Tom Steinbrecher Spieldauer: ca. 62 Minuten\",\"breadcrumb\":{\"@id\":\"https:\\\/\\\/www.allscore.de\\\/shop\\\/en\\\/produkt\\\/professor-van-dusen-bittet-zum-tanz\\\/#breadcrumb\"},\"inLanguage\":\"en-US\",\"potentialAction\":[{\"@type\":\"ReadAction\",\"target\":[\"https:\\\/\\\/www.allscore.de\\\/shop\\\/en\\\/produkt\\\/professor-van-dusen-bittet-zum-tanz\\\/\"]}]},{\"@type\":\"ImageObject\",\"inLanguage\":\"en-US\",\"@id\":\"https:\\\/\\\/www.allscore.de\\\/shop\\\/en\\\/produkt\\\/professor-van-dusen-bittet-zum-tanz\\\/#primaryimage\",\"url\":\"https:\\\/\\\/www.allscore.de\\\/shop\\\/wp-content\\\/uploads\\\/2020\\\/09\\\/PvD22_1200x1200.jpg\",\"contentUrl\":\"https:\\\/\\\/www.allscore.de\\\/shop\\\/wp-content\\\/uploads\\\/2020\\\/09\\\/PvD22_1200x1200.jpg\",\"width\":1200,\"height\":1200,\"caption\":\"Professor van Dusen bittet zum Tanz\"},{\"@type\":\"BreadcrumbList\",\"@id\":\"https:\\\/\\\/www.allscore.de\\\/shop\\\/en\\\/produkt\\\/professor-van-dusen-bittet-zum-tanz\\\/#breadcrumb\",\"itemListElement\":[{\"@type\":\"ListItem\",\"position\":1,\"name\":\"Startseite\",\"item\":\"https:\\\/\\\/www.allscore.de\\\/shop\\\/en\\\/\"},{\"@type\":\"ListItem\",\"position\":2,\"name\":\"Products\",\"item\":\"https:\\\/\\\/www.allscore.de\\\/shop\\\/en\\\/shop\\\/\"},{\"@type\":\"ListItem\",\"position\":3,\"name\":\"Professor van Dusen bittet zum Tanz (22)\"}]},{\"@type\":\"WebSite\",\"@id\":\"https:\\\/\\\/www.allscore.de\\\/shop\\\/en\\\/#website\",\"url\":\"https:\\\/\\\/www.allscore.de\\\/shop\\\/en\\\/\",\"name\":\"Allscore Shop\",\"description\":\"All Score Media\",\"publisher\":{\"@id\":\"https:\\\/\\\/www.allscore.de\\\/shop\\\/en\\\/#organization\"},\"potentialAction\":[{\"@type\":\"SearchAction\",\"target\":{\"@type\":\"EntryPoint\",\"urlTemplate\":\"https:\\\/\\\/www.allscore.de\\\/shop\\\/en\\\/?s={search_term_string}\"},\"query-input\":{\"@type\":\"PropertyValueSpecification\",\"valueRequired\":true,\"valueName\":\"search_term_string\"}}],\"inLanguage\":\"en-US\"},{\"@type\":\"Organization\",\"@id\":\"https:\\\/\\\/www.allscore.de\\\/shop\\\/en\\\/#organization\",\"name\":\"All Score Media\",\"alternateName\":\"Allscore\",\"url\":\"https:\\\/\\\/www.allscore.de\\\/shop\\\/en\\\/\",\"logo\":{\"@type\":\"ImageObject\",\"inLanguage\":\"en-US\",\"@id\":\"https:\\\/\\\/www.allscore.de\\\/shop\\\/en\\\/#\\\/schema\\\/logo\\\/image\\\/\",\"url\":\"https:\\\/\\\/www.allscore.de\\\/shop\\\/wp-content\\\/uploads\\\/2026\\\/01\\\/Logo_Yoast_Shop_2026.png\",\"contentUrl\":\"https:\\\/\\\/www.allscore.de\\\/shop\\\/wp-content\\\/uploads\\\/2026\\\/01\\\/Logo_Yoast_Shop_2026.png\",\"width\":696,\"height\":696,\"caption\":\"All Score Media\"},\"image\":{\"@id\":\"https:\\\/\\\/www.allscore.de\\\/shop\\\/en\\\/#\\\/schema\\\/logo\\\/image\\\/\"}}]}<\/script>\n<!-- \/ Yoast SEO plugin. -->","yoast_head_json":{"title":"Professor van Dusen bittet zum Tanz (22)","description":"Eine Seefahrt, die ist t\u00f6dlich. Zumindest wenn Professor van Dusen und Hutchinson Hatch zu den Passagieren z\u00e4hlen. Auf dem Raddampfer Mississippi Queen tummeln sich allerhand bunte Gestalten. Eine von ihnen ist ein M\u00f6rder. Dies wei\u00df Van Dusen sp\u00e4testens, als er in einer der Kabinen die Leiche eines Reisegef\u00e4hrten findet. Doch was hat eine Tanzveranstaltung auf dem Schiff damit zu tun? Und welches d\u00fcstere Geheimnis trug der Tote mit sich herum? Professor van Dusen bleibt nicht viel Zeit, den M\u00f6rder zu ermitteln, denn der Dampfer steuert unaufh\u00f6rlich seinem Zielhafen zu.  Professor van Dusen: Bernd Vollbrecht Hutchinson Hatch: Nicolai Tegeler Esteban Montoya: Bernd Egger Harriet Hope: Margrit Stra\u00dfburger Ruby Hope: Magdalena Helmig Rick Skelton: Lutz Mackensy Antoine Duprey: Heiko Akrap Douglas Remington: Dirk M\u00fcller Anthony Wheeler: Stefan Br\u00e4uler  Regie: Gerd Naumann Buch: Marc Freund Komponist: Christian Bluthardt Sounddesign, Mischung &amp; Master: Tom Steinbrecher  Spieldauer: ca. 62 Minuten","robots":{"index":"index","follow":"follow","max-snippet":"max-snippet:-1","max-image-preview":"max-image-preview:large","max-video-preview":"max-video-preview:-1"},"canonical":"https:\/\/www.allscore.de\/shop\/en\/produkt\/professor-van-dusen-bittet-zum-tanz\/","og_locale":"en_US","og_type":"article","og_title":"Professor van Dusen bittet zum Tanz (22)","og_description":"Eine Seefahrt, die ist t\u00f6dlich. Zumindest wenn Professor van Dusen und Hutchinson Hatch zu den Passagieren z\u00e4hlen. Auf dem Raddampfer Mississippi Queen tummeln sich allerhand bunte Gestalten. Eine von ihnen ist ein M\u00f6rder. Dies wei\u00df Van Dusen sp\u00e4testens, als er in einer der Kabinen die Leiche eines Reisegef\u00e4hrten findet. Doch was hat eine Tanzveranstaltung auf dem Schiff damit zu tun? Und welches d\u00fcstere Geheimnis trug der Tote mit sich herum? Professor van Dusen bleibt nicht viel Zeit, den M\u00f6rder zu ermitteln, denn der Dampfer steuert unaufh\u00f6rlich seinem Zielhafen zu.  Professor van Dusen: Bernd Vollbrecht Hutchinson Hatch: Nicolai Tegeler Esteban Montoya: Bernd Egger Harriet Hope: Margrit Stra\u00dfburger Ruby Hope: Magdalena Helmig Rick Skelton: Lutz Mackensy Antoine Duprey: Heiko Akrap Douglas Remington: Dirk M\u00fcller Anthony Wheeler: Stefan Br\u00e4uler  Regie: Gerd Naumann Buch: Marc Freund Komponist: Christian Bluthardt Sounddesign, Mischung &amp; Master: Tom Steinbrecher  Spieldauer: ca. 62 Minuten","og_url":"https:\/\/www.allscore.de\/shop\/en\/produkt\/professor-van-dusen-bittet-zum-tanz\/","og_site_name":"Allscore Shop","article_modified_time":"2022-07-20T21:31:07+00:00","og_image":[{"width":1200,"height":1200,"url":"https:\/\/www.allscore.de\/shop\/wp-content\/uploads\/2020\/09\/PvD22_1200x1200.jpg","type":"image\/jpeg"}],"twitter_card":"summary_large_image","twitter_misc":{"Est. reading time":"1 minute"},"schema":{"@context":"https:\/\/schema.org","@graph":[{"@type":"WebPage","@id":"https:\/\/www.allscore.de\/shop\/en\/produkt\/professor-van-dusen-bittet-zum-tanz\/","url":"https:\/\/www.allscore.de\/shop\/en\/produkt\/professor-van-dusen-bittet-zum-tanz\/","name":"Professor van Dusen bittet zum Tanz (22)","isPartOf":{"@id":"https:\/\/www.allscore.de\/shop\/en\/#website"},"primaryImageOfPage":{"@id":"https:\/\/www.allscore.de\/shop\/en\/produkt\/professor-van-dusen-bittet-zum-tanz\/#primaryimage"},"image":{"@id":"https:\/\/www.allscore.de\/shop\/en\/produkt\/professor-van-dusen-bittet-zum-tanz\/#primaryimage"},"thumbnailUrl":"https:\/\/www.allscore.de\/shop\/wp-content\/uploads\/2020\/09\/PvD22_1200x1200.jpg","datePublished":"2020-09-08T16:42:23+00:00","dateModified":"2022-07-20T21:31:07+00:00","description":"Eine Seefahrt, die ist t\u00f6dlich. Zumindest wenn Professor van Dusen und Hutchinson Hatch zu den Passagieren z\u00e4hlen. Auf dem Raddampfer Mississippi Queen tummeln sich allerhand bunte Gestalten. Eine von ihnen ist ein M\u00f6rder. Dies wei\u00df Van Dusen sp\u00e4testens, als er in einer der Kabinen die Leiche eines Reisegef\u00e4hrten findet. Doch was hat eine Tanzveranstaltung auf dem Schiff damit zu tun? Und welches d\u00fcstere Geheimnis trug der Tote mit sich herum? Professor van Dusen bleibt nicht viel Zeit, den M\u00f6rder zu ermitteln, denn der Dampfer steuert unaufh\u00f6rlich seinem Zielhafen zu. Professor van Dusen: Bernd Vollbrecht Hutchinson Hatch: Nicolai Tegeler Esteban Montoya: Bernd Egger Harriet Hope: Margrit Stra\u00dfburger Ruby Hope: Magdalena Helmig Rick Skelton: Lutz Mackensy Antoine Duprey: Heiko Akrap Douglas Remington: Dirk M\u00fcller Anthony Wheeler: Stefan Br\u00e4uler Regie: Gerd Naumann Buch: Marc Freund Komponist: Christian Bluthardt Sounddesign, Mischung &amp; Master: Tom Steinbrecher Spieldauer: ca. 62 Minuten","breadcrumb":{"@id":"https:\/\/www.allscore.de\/shop\/en\/produkt\/professor-van-dusen-bittet-zum-tanz\/#breadcrumb"},"inLanguage":"en-US","potentialAction":[{"@type":"ReadAction","target":["https:\/\/www.allscore.de\/shop\/en\/produkt\/professor-van-dusen-bittet-zum-tanz\/"]}]},{"@type":"ImageObject","inLanguage":"en-US","@id":"https:\/\/www.allscore.de\/shop\/en\/produkt\/professor-van-dusen-bittet-zum-tanz\/#primaryimage","url":"https:\/\/www.allscore.de\/shop\/wp-content\/uploads\/2020\/09\/PvD22_1200x1200.jpg","contentUrl":"https:\/\/www.allscore.de\/shop\/wp-content\/uploads\/2020\/09\/PvD22_1200x1200.jpg","width":1200,"height":1200,"caption":"Professor van Dusen bittet zum Tanz"},{"@type":"BreadcrumbList","@id":"https:\/\/www.allscore.de\/shop\/en\/produkt\/professor-van-dusen-bittet-zum-tanz\/#breadcrumb","itemListElement":[{"@type":"ListItem","position":1,"name":"Startseite","item":"https:\/\/www.allscore.de\/shop\/en\/"},{"@type":"ListItem","position":2,"name":"Products","item":"https:\/\/www.allscore.de\/shop\/en\/shop\/"},{"@type":"ListItem","position":3,"name":"Professor van Dusen bittet zum Tanz (22)"}]},{"@type":"WebSite","@id":"https:\/\/www.allscore.de\/shop\/en\/#website","url":"https:\/\/www.allscore.de\/shop\/en\/","name":"Allscore Shop","description":"All Score Media","publisher":{"@id":"https:\/\/www.allscore.de\/shop\/en\/#organization"},"potentialAction":[{"@type":"SearchAction","target":{"@type":"EntryPoint","urlTemplate":"https:\/\/www.allscore.de\/shop\/en\/?s={search_term_string}"},"query-input":{"@type":"PropertyValueSpecification","valueRequired":true,"valueName":"search_term_string"}}],"inLanguage":"en-US"},{"@type":"Organization","@id":"https:\/\/www.allscore.de\/shop\/en\/#organization","name":"All Score Media","alternateName":"Allscore","url":"https:\/\/www.allscore.de\/shop\/en\/","logo":{"@type":"ImageObject","inLanguage":"en-US","@id":"https:\/\/www.allscore.de\/shop\/en\/#\/schema\/logo\/image\/","url":"https:\/\/www.allscore.de\/shop\/wp-content\/uploads\/2026\/01\/Logo_Yoast_Shop_2026.png","contentUrl":"https:\/\/www.allscore.de\/shop\/wp-content\/uploads\/2026\/01\/Logo_Yoast_Shop_2026.png","width":696,"height":696,"caption":"All Score Media"},"image":{"@id":"https:\/\/www.allscore.de\/shop\/en\/#\/schema\/logo\/image\/"}}]}},"_links":{"self":[{"href":"https:\/\/www.allscore.de\/shop\/en\/wp-json\/wp\/v2\/product\/7499","targetHints":{"allow":["GET"]}}],"collection":[{"href":"https:\/\/www.allscore.de\/shop\/en\/wp-json\/wp\/v2\/product"}],"about":[{"href":"https:\/\/www.allscore.de\/shop\/en\/wp-json\/wp\/v2\/types\/product"}],"wp:featuredmedia":[{"embeddable":true,"href":"https:\/\/www.allscore.de\/shop\/en\/wp-json\/wp\/v2\/media\/7501"}],"wp:attachment":[{"href":"https:\/\/www.allscore.de\/shop\/en\/wp-json\/wp\/v2\/media?parent=7499"}],"wp:term":[{"taxonomy":"product_brand","embeddable":true,"href":"https:\/\/www.allscore.de\/shop\/en\/wp-json\/wp\/v2\/product_brand?post=7499"},{"taxonomy":"product_cat","embeddable":true,"href":"https:\/\/www.allscore.de\/shop\/en\/wp-json\/wp\/v2\/product_cat?post=7499"},{"taxonomy":"product_tag","embeddable":true,"href":"https:\/\/www.allscore.de\/shop\/en\/wp-json\/wp\/v2\/product_tag?post=7499"}],"curies":[{"name":"wp","href":"https:\/\/api.w.org\/{rel}","templated":true}]}}