{"id":7459,"date":"2017-11-08T17:21:15","date_gmt":"2020-09-08T15:21:16","guid":{"rendered":"https:\/\/www.allscore.de\/shop\/?post_type=product&#038;p=7459"},"modified":"2020-12-06T20:45:09","modified_gmt":"2020-12-06T19:45:09","slug":"professor-van-dusen-faehrt-achterbahn","status":"publish","type":"product","link":"https:\/\/www.allscore.de\/shop\/en\/produkt\/professor-van-dusen-faehrt-achterbahn\/","title":{"rendered":"Professor van Dusen f\u00e4hrt Achterbahn (12)"},"content":{"rendered":"<div class=\"more\">\n<p>PRESSE<\/p>\n<p><a href=\"https:\/\/www.youtube.com\/watch?v=LBjECvzr1is&amp;feature=youtu.be#t=44m32s\" target=\"blank\" rel=\"noopener noreferrer\">Ohrcast 72-2<\/a> [Dez. 2017]: &#8220;Eine sehr sch\u00f6ne Geschichte, die sehr viel Van Dusen atmet&#8230; Picobello!&#8221;<\/p>\n<p><a href=\"http:\/\/www.monstersandcritics.de\/professor-van-dusen-fall-12-professor-van-dusen-faehrt-achterbahn-hoerspielkritik\/\" target=\"blank\" rel=\"noopener noreferrer\">Monsters &amp; Critics<\/a> [Dez. 2017]: &#8220;Der zw\u00f6lfte Fall der neuen Professor van Dusen F\u00e4lle war ein wenig anders als die vorherigen, dennoch aber spannend. Auch wenn man den M\u00f6rder schon kannte, ist es dennoch recht spannend, aber auch sehr am\u00fcsant, mit anzuh\u00f6ren, wie der Professor den Schuldigen f\u00e4ngt. 8 von 10 Punkten!&#8221;<\/p>\n<p><a href=\"http:\/\/www.hoerbuchjunkies.com\/Professor-van-Dusen-f.ae.hrt-Achterbahn.htm\" target=\"blank\" rel=\"noopener noreferrer\">Hoerbuchjunkies.com<\/a> [Dez. 2017]: &#8220;Wunderbar, wie hier wieder einmal die sehr am\u00fcsanten Eigenschaften der Hauptfigur van Dusen \u00fcberspitzt dargestellt werden, so dass man als H\u00f6rer hin und her gerissen ist, zwischen Begeisterung \u00fcber seinen ganz eigenen Charme und das Flair, das die Rolle mit sich bringt und Emp\u00f6rung \u00fcber derlei Dreistigkeit.&#8221;<\/p>\n<\/div>\n<div class=\"col-md-9 col-lg-9\"><\/div>\n","protected":false},"excerpt":{"rendered":"<p>Unter den russischen Immigranten im New Yorker Stadtteil Brooklyn geht die Angst um. Ein Unbekannter t\u00f6tet im Schutz der Dunkelheit die Freunde und Anh\u00e4nger des Zaren. Als es auch einen ehemaligen Sch\u00fcler von Professor van Dusen trifft, nimmt dieser mit Hilfe seines Begleiters Hutchinson Hatch die Ermittlungen auf. Die blutige Spur f\u00fchrt nach Coney Island, in den noch im Bau befindlichen Vergn\u00fcgungspark Dreamland. Dort kommt es zu rasanten Begebenheiten, bei denen die Grenzen zwischen Fantasie und Realit\u00e4t zu verschwimmen scheinen. F\u00fcr die Denkmaschine gilt es, den gef\u00e4hrlichen M\u00f6rder nicht aus den Augen zu verlieren.<\/p>\n<p>Professor van Dusen: Bernd Vollbrecht<br \/>\nHutchinson Hatch: Nicolai Tegeler<br \/>\nDetective Sergeant Caruso: Uwe Jellinek<br \/>\nWojtek Hort: Peter Weis<br \/>\nFjodor Smirnov: Joachim Kaps<br \/>\nNadeschda Apanaseeva: Sandrine Mittelst\u00e4dt<br \/>\nVitali Putov: Peter Groeger<br \/>\nLadislav Makarov: Erik Sch\u00e4ffler<br \/>\nProfessor Otto Lidenbrock: Wolf Frass<br \/>\nKneipenwirt: Dirk Hardegen<br \/>\nu.a.<\/p>\n<p>Regie: Gerd Naumann<br \/>\nBuch: Marc Freund &amp; Eric Niemann<br \/>\nKomponist: Christian Bluthardt<br \/>\nSounddesign, Mischung &amp; Master: Tom Steinbrecher<\/p>\n<p>Spieldauer: ca. 62 Minuten<\/p>\n","protected":false},"featured_media":7461,"template":"","meta":[],"product_brand":[],"product_cat":[199,211],"product_tag":[],"class_list":{"0":"post-7459","1":"product","2":"type-product","3":"status-publish","4":"has-post-thumbnail","6":"product_cat-hoerspiele-en","7":"product_cat-professor-van-dusen-neue-faelle-en","8":"product_shipping_class-tontraeger-cd-en","9":"entry","10":"clearfix","11":"entry-grid","12":"entry-columns-3","13":"entry-product-module-layout-sidebar-right","14":"thumbnail-color-tone-dark","15":"is-youtube","16":"has-video","17":"entry-product","19":"entry-product-grid","21":"first","22":"instock","23":"taxable","24":"shipping-taxable","25":"purchasable","26":"product-type-simple"},"yoast_head":"<!-- This site is optimized with the Yoast SEO plugin v27.4 - https:\/\/yoast.com\/product\/yoast-seo-wordpress\/ -->\n<title>Professor van Dusen f\u00e4hrt Achterbahn (12)<\/title>\n<meta name=\"description\" content=\"Unter den russischen Immigranten im New Yorker Stadtteil Brooklyn geht die Angst um. Ein Unbekannter t\u00f6tet im Schutz der Dunkelheit die Freunde und Anh\u00e4nger des Zaren. Als es auch einen ehemaligen Sch\u00fcler von Professor van Dusen trifft, nimmt dieser mit Hilfe seines Begleiters Hutchinson Hatch die Ermittlungen auf. Die blutige Spur f\u00fchrt nach Coney Island, in den noch im Bau befindlichen Vergn\u00fcgungspark Dreamland. Dort kommt es zu rasanten Begebenheiten, bei denen die Grenzen zwischen Fantasie und Realit\u00e4t zu verschwimmen scheinen. F\u00fcr die Denkmaschine gilt es, den gef\u00e4hrlichen M\u00f6rder nicht aus den Augen zu verlieren.  Professor van Dusen: Bernd Vollbrecht Hutchinson Hatch: Nicolai Tegeler Detective Sergeant Caruso: Uwe Jellinek Wojtek Hort: Peter Weis Fjodor Smirnov: Joachim Kaps Nadeschda Apanaseeva: Sandrine Mittelst\u00e4dt Vitali Putov: Peter Groeger Ladislav Makarov: Erik Sch\u00e4ffler Professor Otto Lidenbrock: Wolf Frass Kneipenwirt: Dirk Hardegen u.a.  Regie: Gerd Naumann Buch: Marc Freund &amp; Eric Niemann Komponist: Christian Bluthardt Sounddesign, Mischung &amp; Master: Tom Steinbrecher  Spieldauer: ca. 62 Minuten\" \/>\n<meta name=\"robots\" content=\"index, follow, max-snippet:-1, max-image-preview:large, max-video-preview:-1\" \/>\n<link rel=\"canonical\" href=\"https:\/\/www.allscore.de\/shop\/en\/produkt\/professor-van-dusen-faehrt-achterbahn\/\" \/>\n<meta property=\"og:locale\" content=\"en_US\" \/>\n<meta property=\"og:type\" content=\"article\" \/>\n<meta property=\"og:title\" content=\"Professor van Dusen f\u00e4hrt Achterbahn (12)\" \/>\n<meta property=\"og:description\" content=\"Unter den russischen Immigranten im New Yorker Stadtteil Brooklyn geht die Angst um. Ein Unbekannter t\u00f6tet im Schutz der Dunkelheit die Freunde und Anh\u00e4nger des Zaren. Als es auch einen ehemaligen Sch\u00fcler von Professor van Dusen trifft, nimmt dieser mit Hilfe seines Begleiters Hutchinson Hatch die Ermittlungen auf. Die blutige Spur f\u00fchrt nach Coney Island, in den noch im Bau befindlichen Vergn\u00fcgungspark Dreamland. Dort kommt es zu rasanten Begebenheiten, bei denen die Grenzen zwischen Fantasie und Realit\u00e4t zu verschwimmen scheinen. F\u00fcr die Denkmaschine gilt es, den gef\u00e4hrlichen M\u00f6rder nicht aus den Augen zu verlieren.  Professor van Dusen: Bernd Vollbrecht Hutchinson Hatch: Nicolai Tegeler Detective Sergeant Caruso: Uwe Jellinek Wojtek Hort: Peter Weis Fjodor Smirnov: Joachim Kaps Nadeschda Apanaseeva: Sandrine Mittelst\u00e4dt Vitali Putov: Peter Groeger Ladislav Makarov: Erik Sch\u00e4ffler Professor Otto Lidenbrock: Wolf Frass Kneipenwirt: Dirk Hardegen u.a.  Regie: Gerd Naumann Buch: Marc Freund &amp; Eric Niemann Komponist: Christian Bluthardt Sounddesign, Mischung &amp; Master: Tom Steinbrecher  Spieldauer: ca. 62 Minuten\" \/>\n<meta property=\"og:url\" content=\"https:\/\/www.allscore.de\/shop\/en\/produkt\/professor-van-dusen-faehrt-achterbahn\/\" \/>\n<meta property=\"og:site_name\" content=\"Allscore Shop\" \/>\n<meta property=\"article:modified_time\" content=\"2020-12-06T19:45:09+00:00\" \/>\n<meta property=\"og:image\" content=\"https:\/\/www.allscore.de\/shop\/wp-content\/uploads\/2020\/09\/PvD12_1200x1200.jpg\" \/>\n\t<meta property=\"og:image:width\" content=\"1200\" \/>\n\t<meta property=\"og:image:height\" content=\"1200\" \/>\n\t<meta property=\"og:image:type\" content=\"image\/jpeg\" \/>\n<meta name=\"twitter:card\" content=\"summary_large_image\" \/>\n<meta name=\"twitter:label1\" content=\"Est. reading time\" \/>\n\t<meta name=\"twitter:data1\" content=\"1 minute\" \/>\n<script type=\"application\/ld+json\" class=\"yoast-schema-graph\">{\"@context\":\"https:\\\/\\\/schema.org\",\"@graph\":[{\"@type\":\"WebPage\",\"@id\":\"https:\\\/\\\/www.allscore.de\\\/shop\\\/en\\\/produkt\\\/professor-van-dusen-faehrt-achterbahn\\\/\",\"url\":\"https:\\\/\\\/www.allscore.de\\\/shop\\\/en\\\/produkt\\\/professor-van-dusen-faehrt-achterbahn\\\/\",\"name\":\"Professor van Dusen f\u00e4hrt Achterbahn (12)\",\"isPartOf\":{\"@id\":\"https:\\\/\\\/www.allscore.de\\\/shop\\\/en\\\/#website\"},\"primaryImageOfPage\":{\"@id\":\"https:\\\/\\\/www.allscore.de\\\/shop\\\/en\\\/produkt\\\/professor-van-dusen-faehrt-achterbahn\\\/#primaryimage\"},\"image\":{\"@id\":\"https:\\\/\\\/www.allscore.de\\\/shop\\\/en\\\/produkt\\\/professor-van-dusen-faehrt-achterbahn\\\/#primaryimage\"},\"thumbnailUrl\":\"https:\\\/\\\/www.allscore.de\\\/shop\\\/wp-content\\\/uploads\\\/2020\\\/09\\\/PvD12_1200x1200.jpg\",\"datePublished\":\"2020-09-08T15:21:16+00:00\",\"dateModified\":\"2020-12-06T19:45:09+00:00\",\"description\":\"Unter den russischen Immigranten im New Yorker Stadtteil Brooklyn geht die Angst um. Ein Unbekannter t\u00f6tet im Schutz der Dunkelheit die Freunde und Anh\u00e4nger des Zaren. Als es auch einen ehemaligen Sch\u00fcler von Professor van Dusen trifft, nimmt dieser mit Hilfe seines Begleiters Hutchinson Hatch die Ermittlungen auf. Die blutige Spur f\u00fchrt nach Coney Island, in den noch im Bau befindlichen Vergn\u00fcgungspark Dreamland. Dort kommt es zu rasanten Begebenheiten, bei denen die Grenzen zwischen Fantasie und Realit\u00e4t zu verschwimmen scheinen. F\u00fcr die Denkmaschine gilt es, den gef\u00e4hrlichen M\u00f6rder nicht aus den Augen zu verlieren. Professor van Dusen: Bernd Vollbrecht Hutchinson Hatch: Nicolai Tegeler Detective Sergeant Caruso: Uwe Jellinek Wojtek Hort: Peter Weis Fjodor Smirnov: Joachim Kaps Nadeschda Apanaseeva: Sandrine Mittelst\u00e4dt Vitali Putov: Peter Groeger Ladislav Makarov: Erik Sch\u00e4ffler Professor Otto Lidenbrock: Wolf Frass Kneipenwirt: Dirk Hardegen u.a. Regie: Gerd Naumann Buch: Marc Freund &amp; Eric Niemann Komponist: Christian Bluthardt Sounddesign, Mischung &amp; Master: Tom Steinbrecher Spieldauer: ca. 62 Minuten\",\"breadcrumb\":{\"@id\":\"https:\\\/\\\/www.allscore.de\\\/shop\\\/en\\\/produkt\\\/professor-van-dusen-faehrt-achterbahn\\\/#breadcrumb\"},\"inLanguage\":\"en-US\",\"potentialAction\":[{\"@type\":\"ReadAction\",\"target\":[\"https:\\\/\\\/www.allscore.de\\\/shop\\\/en\\\/produkt\\\/professor-van-dusen-faehrt-achterbahn\\\/\"]}]},{\"@type\":\"ImageObject\",\"inLanguage\":\"en-US\",\"@id\":\"https:\\\/\\\/www.allscore.de\\\/shop\\\/en\\\/produkt\\\/professor-van-dusen-faehrt-achterbahn\\\/#primaryimage\",\"url\":\"https:\\\/\\\/www.allscore.de\\\/shop\\\/wp-content\\\/uploads\\\/2020\\\/09\\\/PvD12_1200x1200.jpg\",\"contentUrl\":\"https:\\\/\\\/www.allscore.de\\\/shop\\\/wp-content\\\/uploads\\\/2020\\\/09\\\/PvD12_1200x1200.jpg\",\"width\":1200,\"height\":1200,\"caption\":\"Professor van Dusen f\u00e4hrt Achterbahn\"},{\"@type\":\"BreadcrumbList\",\"@id\":\"https:\\\/\\\/www.allscore.de\\\/shop\\\/en\\\/produkt\\\/professor-van-dusen-faehrt-achterbahn\\\/#breadcrumb\",\"itemListElement\":[{\"@type\":\"ListItem\",\"position\":1,\"name\":\"Startseite\",\"item\":\"https:\\\/\\\/www.allscore.de\\\/shop\\\/en\\\/\"},{\"@type\":\"ListItem\",\"position\":2,\"name\":\"Products\",\"item\":\"https:\\\/\\\/www.allscore.de\\\/shop\\\/en\\\/shop\\\/\"},{\"@type\":\"ListItem\",\"position\":3,\"name\":\"Professor van Dusen f\u00e4hrt Achterbahn (12)\"}]},{\"@type\":\"WebSite\",\"@id\":\"https:\\\/\\\/www.allscore.de\\\/shop\\\/en\\\/#website\",\"url\":\"https:\\\/\\\/www.allscore.de\\\/shop\\\/en\\\/\",\"name\":\"Allscore Shop\",\"description\":\"All Score Media\",\"publisher\":{\"@id\":\"https:\\\/\\\/www.allscore.de\\\/shop\\\/en\\\/#organization\"},\"potentialAction\":[{\"@type\":\"SearchAction\",\"target\":{\"@type\":\"EntryPoint\",\"urlTemplate\":\"https:\\\/\\\/www.allscore.de\\\/shop\\\/en\\\/?s={search_term_string}\"},\"query-input\":{\"@type\":\"PropertyValueSpecification\",\"valueRequired\":true,\"valueName\":\"search_term_string\"}}],\"inLanguage\":\"en-US\"},{\"@type\":\"Organization\",\"@id\":\"https:\\\/\\\/www.allscore.de\\\/shop\\\/en\\\/#organization\",\"name\":\"All Score Media\",\"alternateName\":\"Allscore\",\"url\":\"https:\\\/\\\/www.allscore.de\\\/shop\\\/en\\\/\",\"logo\":{\"@type\":\"ImageObject\",\"inLanguage\":\"en-US\",\"@id\":\"https:\\\/\\\/www.allscore.de\\\/shop\\\/en\\\/#\\\/schema\\\/logo\\\/image\\\/\",\"url\":\"https:\\\/\\\/www.allscore.de\\\/shop\\\/wp-content\\\/uploads\\\/2026\\\/01\\\/Logo_Yoast_Shop_2026.png\",\"contentUrl\":\"https:\\\/\\\/www.allscore.de\\\/shop\\\/wp-content\\\/uploads\\\/2026\\\/01\\\/Logo_Yoast_Shop_2026.png\",\"width\":696,\"height\":696,\"caption\":\"All Score Media\"},\"image\":{\"@id\":\"https:\\\/\\\/www.allscore.de\\\/shop\\\/en\\\/#\\\/schema\\\/logo\\\/image\\\/\"}}]}<\/script>\n<!-- \/ Yoast SEO plugin. -->","yoast_head_json":{"title":"Professor van Dusen f\u00e4hrt Achterbahn (12)","description":"Unter den russischen Immigranten im New Yorker Stadtteil Brooklyn geht die Angst um. Ein Unbekannter t\u00f6tet im Schutz der Dunkelheit die Freunde und Anh\u00e4nger des Zaren. Als es auch einen ehemaligen Sch\u00fcler von Professor van Dusen trifft, nimmt dieser mit Hilfe seines Begleiters Hutchinson Hatch die Ermittlungen auf. Die blutige Spur f\u00fchrt nach Coney Island, in den noch im Bau befindlichen Vergn\u00fcgungspark Dreamland. Dort kommt es zu rasanten Begebenheiten, bei denen die Grenzen zwischen Fantasie und Realit\u00e4t zu verschwimmen scheinen. F\u00fcr die Denkmaschine gilt es, den gef\u00e4hrlichen M\u00f6rder nicht aus den Augen zu verlieren.  Professor van Dusen: Bernd Vollbrecht Hutchinson Hatch: Nicolai Tegeler Detective Sergeant Caruso: Uwe Jellinek Wojtek Hort: Peter Weis Fjodor Smirnov: Joachim Kaps Nadeschda Apanaseeva: Sandrine Mittelst\u00e4dt Vitali Putov: Peter Groeger Ladislav Makarov: Erik Sch\u00e4ffler Professor Otto Lidenbrock: Wolf Frass Kneipenwirt: Dirk Hardegen u.a.  Regie: Gerd Naumann Buch: Marc Freund &amp; Eric Niemann Komponist: Christian Bluthardt Sounddesign, Mischung &amp; Master: Tom Steinbrecher  Spieldauer: ca. 62 Minuten","robots":{"index":"index","follow":"follow","max-snippet":"max-snippet:-1","max-image-preview":"max-image-preview:large","max-video-preview":"max-video-preview:-1"},"canonical":"https:\/\/www.allscore.de\/shop\/en\/produkt\/professor-van-dusen-faehrt-achterbahn\/","og_locale":"en_US","og_type":"article","og_title":"Professor van Dusen f\u00e4hrt Achterbahn (12)","og_description":"Unter den russischen Immigranten im New Yorker Stadtteil Brooklyn geht die Angst um. Ein Unbekannter t\u00f6tet im Schutz der Dunkelheit die Freunde und Anh\u00e4nger des Zaren. Als es auch einen ehemaligen Sch\u00fcler von Professor van Dusen trifft, nimmt dieser mit Hilfe seines Begleiters Hutchinson Hatch die Ermittlungen auf. Die blutige Spur f\u00fchrt nach Coney Island, in den noch im Bau befindlichen Vergn\u00fcgungspark Dreamland. Dort kommt es zu rasanten Begebenheiten, bei denen die Grenzen zwischen Fantasie und Realit\u00e4t zu verschwimmen scheinen. F\u00fcr die Denkmaschine gilt es, den gef\u00e4hrlichen M\u00f6rder nicht aus den Augen zu verlieren.  Professor van Dusen: Bernd Vollbrecht Hutchinson Hatch: Nicolai Tegeler Detective Sergeant Caruso: Uwe Jellinek Wojtek Hort: Peter Weis Fjodor Smirnov: Joachim Kaps Nadeschda Apanaseeva: Sandrine Mittelst\u00e4dt Vitali Putov: Peter Groeger Ladislav Makarov: Erik Sch\u00e4ffler Professor Otto Lidenbrock: Wolf Frass Kneipenwirt: Dirk Hardegen u.a.  Regie: Gerd Naumann Buch: Marc Freund &amp; Eric Niemann Komponist: Christian Bluthardt Sounddesign, Mischung &amp; Master: Tom Steinbrecher  Spieldauer: ca. 62 Minuten","og_url":"https:\/\/www.allscore.de\/shop\/en\/produkt\/professor-van-dusen-faehrt-achterbahn\/","og_site_name":"Allscore Shop","article_modified_time":"2020-12-06T19:45:09+00:00","og_image":[{"width":1200,"height":1200,"url":"https:\/\/www.allscore.de\/shop\/wp-content\/uploads\/2020\/09\/PvD12_1200x1200.jpg","type":"image\/jpeg"}],"twitter_card":"summary_large_image","twitter_misc":{"Est. reading time":"1 minute"},"schema":{"@context":"https:\/\/schema.org","@graph":[{"@type":"WebPage","@id":"https:\/\/www.allscore.de\/shop\/en\/produkt\/professor-van-dusen-faehrt-achterbahn\/","url":"https:\/\/www.allscore.de\/shop\/en\/produkt\/professor-van-dusen-faehrt-achterbahn\/","name":"Professor van Dusen f\u00e4hrt Achterbahn (12)","isPartOf":{"@id":"https:\/\/www.allscore.de\/shop\/en\/#website"},"primaryImageOfPage":{"@id":"https:\/\/www.allscore.de\/shop\/en\/produkt\/professor-van-dusen-faehrt-achterbahn\/#primaryimage"},"image":{"@id":"https:\/\/www.allscore.de\/shop\/en\/produkt\/professor-van-dusen-faehrt-achterbahn\/#primaryimage"},"thumbnailUrl":"https:\/\/www.allscore.de\/shop\/wp-content\/uploads\/2020\/09\/PvD12_1200x1200.jpg","datePublished":"2020-09-08T15:21:16+00:00","dateModified":"2020-12-06T19:45:09+00:00","description":"Unter den russischen Immigranten im New Yorker Stadtteil Brooklyn geht die Angst um. Ein Unbekannter t\u00f6tet im Schutz der Dunkelheit die Freunde und Anh\u00e4nger des Zaren. Als es auch einen ehemaligen Sch\u00fcler von Professor van Dusen trifft, nimmt dieser mit Hilfe seines Begleiters Hutchinson Hatch die Ermittlungen auf. Die blutige Spur f\u00fchrt nach Coney Island, in den noch im Bau befindlichen Vergn\u00fcgungspark Dreamland. Dort kommt es zu rasanten Begebenheiten, bei denen die Grenzen zwischen Fantasie und Realit\u00e4t zu verschwimmen scheinen. F\u00fcr die Denkmaschine gilt es, den gef\u00e4hrlichen M\u00f6rder nicht aus den Augen zu verlieren. Professor van Dusen: Bernd Vollbrecht Hutchinson Hatch: Nicolai Tegeler Detective Sergeant Caruso: Uwe Jellinek Wojtek Hort: Peter Weis Fjodor Smirnov: Joachim Kaps Nadeschda Apanaseeva: Sandrine Mittelst\u00e4dt Vitali Putov: Peter Groeger Ladislav Makarov: Erik Sch\u00e4ffler Professor Otto Lidenbrock: Wolf Frass Kneipenwirt: Dirk Hardegen u.a. Regie: Gerd Naumann Buch: Marc Freund &amp; Eric Niemann Komponist: Christian Bluthardt Sounddesign, Mischung &amp; Master: Tom Steinbrecher Spieldauer: ca. 62 Minuten","breadcrumb":{"@id":"https:\/\/www.allscore.de\/shop\/en\/produkt\/professor-van-dusen-faehrt-achterbahn\/#breadcrumb"},"inLanguage":"en-US","potentialAction":[{"@type":"ReadAction","target":["https:\/\/www.allscore.de\/shop\/en\/produkt\/professor-van-dusen-faehrt-achterbahn\/"]}]},{"@type":"ImageObject","inLanguage":"en-US","@id":"https:\/\/www.allscore.de\/shop\/en\/produkt\/professor-van-dusen-faehrt-achterbahn\/#primaryimage","url":"https:\/\/www.allscore.de\/shop\/wp-content\/uploads\/2020\/09\/PvD12_1200x1200.jpg","contentUrl":"https:\/\/www.allscore.de\/shop\/wp-content\/uploads\/2020\/09\/PvD12_1200x1200.jpg","width":1200,"height":1200,"caption":"Professor van Dusen f\u00e4hrt Achterbahn"},{"@type":"BreadcrumbList","@id":"https:\/\/www.allscore.de\/shop\/en\/produkt\/professor-van-dusen-faehrt-achterbahn\/#breadcrumb","itemListElement":[{"@type":"ListItem","position":1,"name":"Startseite","item":"https:\/\/www.allscore.de\/shop\/en\/"},{"@type":"ListItem","position":2,"name":"Products","item":"https:\/\/www.allscore.de\/shop\/en\/shop\/"},{"@type":"ListItem","position":3,"name":"Professor van Dusen f\u00e4hrt Achterbahn (12)"}]},{"@type":"WebSite","@id":"https:\/\/www.allscore.de\/shop\/en\/#website","url":"https:\/\/www.allscore.de\/shop\/en\/","name":"Allscore Shop","description":"All Score Media","publisher":{"@id":"https:\/\/www.allscore.de\/shop\/en\/#organization"},"potentialAction":[{"@type":"SearchAction","target":{"@type":"EntryPoint","urlTemplate":"https:\/\/www.allscore.de\/shop\/en\/?s={search_term_string}"},"query-input":{"@type":"PropertyValueSpecification","valueRequired":true,"valueName":"search_term_string"}}],"inLanguage":"en-US"},{"@type":"Organization","@id":"https:\/\/www.allscore.de\/shop\/en\/#organization","name":"All Score Media","alternateName":"Allscore","url":"https:\/\/www.allscore.de\/shop\/en\/","logo":{"@type":"ImageObject","inLanguage":"en-US","@id":"https:\/\/www.allscore.de\/shop\/en\/#\/schema\/logo\/image\/","url":"https:\/\/www.allscore.de\/shop\/wp-content\/uploads\/2026\/01\/Logo_Yoast_Shop_2026.png","contentUrl":"https:\/\/www.allscore.de\/shop\/wp-content\/uploads\/2026\/01\/Logo_Yoast_Shop_2026.png","width":696,"height":696,"caption":"All Score Media"},"image":{"@id":"https:\/\/www.allscore.de\/shop\/en\/#\/schema\/logo\/image\/"}}]}},"_links":{"self":[{"href":"https:\/\/www.allscore.de\/shop\/en\/wp-json\/wp\/v2\/product\/7459","targetHints":{"allow":["GET"]}}],"collection":[{"href":"https:\/\/www.allscore.de\/shop\/en\/wp-json\/wp\/v2\/product"}],"about":[{"href":"https:\/\/www.allscore.de\/shop\/en\/wp-json\/wp\/v2\/types\/product"}],"wp:featuredmedia":[{"embeddable":true,"href":"https:\/\/www.allscore.de\/shop\/en\/wp-json\/wp\/v2\/media\/7461"}],"wp:attachment":[{"href":"https:\/\/www.allscore.de\/shop\/en\/wp-json\/wp\/v2\/media?parent=7459"}],"wp:term":[{"taxonomy":"product_brand","embeddable":true,"href":"https:\/\/www.allscore.de\/shop\/en\/wp-json\/wp\/v2\/product_brand?post=7459"},{"taxonomy":"product_cat","embeddable":true,"href":"https:\/\/www.allscore.de\/shop\/en\/wp-json\/wp\/v2\/product_cat?post=7459"},{"taxonomy":"product_tag","embeddable":true,"href":"https:\/\/www.allscore.de\/shop\/en\/wp-json\/wp\/v2\/product_tag?post=7459"}],"curies":[{"name":"wp","href":"https:\/\/api.w.org\/{rel}","templated":true}]}}