{"id":7455,"date":"2017-09-08T17:10:21","date_gmt":"2020-09-08T15:10:22","guid":{"rendered":"https:\/\/www.allscore.de\/shop\/?post_type=product&#038;p=7455"},"modified":"2020-12-06T20:44:57","modified_gmt":"2020-12-06T19:44:57","slug":"professor-van-dusen-in-der-hoehle-des-loewen","status":"publish","type":"product","link":"https:\/\/www.allscore.de\/shop\/en\/produkt\/professor-van-dusen-in-der-hoehle-des-loewen\/","title":{"rendered":"Professor van Dusen in der H\u00f6hle des L\u00f6wen (11)"},"content":{"rendered":"<div class=\"more\">\n<div class=\"more\">\n<p><a href=\"http:\/\/www.zauberspiegel-online.de\/index.php\/krimi-und-thriller-unter-der-lupe-341\/32539-professor-van-dusen-11-in-der-hoehle-des-loewen\" target=\"blank\" rel=\"noopener noreferrer\">Zauberspiegel-Online<\/a> [Jan. 2018]: &#8220;Die Folge ist durch ihre Thematik und die Location mal wieder ein besonderer Leckerbissen. Auch diese Folge lebt von den kernigen Dialogen und einer verbl\u00fcffenden Aufl\u00f6sung.&#8221;<\/p>\n<p><a href=\"http:\/\/www.hoerspatz.de\/texte_rezis\/dusen_neue_11.html\" target=\"blank\" rel=\"noopener noreferrer\">Hoerspatz.de<\/a> [Sept. 2017]: &#8220;Ein Top-Fall wird hier von Autor Marc Freund unter der bew\u00e4hrten Regie von Gerd Naumann pr\u00e4sentiert. Musikalisch fein untermalt, mit dezenter, stets passender Soundkulisse von Tom Steinbrecher ausgestattet und einer sehr guten Sprecherriege versehen, ist eine runde Produktion entstanden, die keinerlei Schw\u00e4chen aufweist.&#8221;<\/p>\n<p><a href=\"http:\/\/www.reziratte.de\/2017\/09\/19\/professor-van-dusen-11-in-der-hoehle-des-loewen\/\" target=\"blank\" rel=\"noopener noreferrer\">Reziratte<\/a> [Sept. 2017]: &#8220;Ein spannender neuer Fall, der zum Mitr\u00e4tseln einl\u00e4dt und neben einem bestens aufgelegten van Dusen auch eine super tolles Ganoven-Trio ins Rennen schickt. Eine Folge, die Spass macht. Vom Anfang bis zum Ende.&#8221;<\/p>\n<p><a href=\"http:\/\/www.poldis-hoerspielseite.de\/z2720.htm\" target=\"blank\" rel=\"noopener noreferrer\">Poldis H\u00f6rspielseite<\/a> [Sept. 2017]: &#8220;Mit 61 Minuten eine eher kurze Folge der Serie, wobei hier alles am richtigen Platz ist. Die sehr interessante Szenerie wird durch beachtenswerte Charaktere noch weiter aufgewertet, und auch die Stimmung der Folge hat mir gefallen \u2013 inklusive der kraftvollen Schlussszene, in der mehr Zusammenh\u00e4nge offenbart werden als zuvor gedacht.&#8221;<\/p>\n<p><a href=\"http:\/\/www.monstersandcritics.de\/professor-van-dusen-fall-11-professor-van-dusen-in-der-hoehle-des-loewen-hoerspielkritik\/\" target=\"blank\" rel=\"noopener noreferrer\">Monsters &amp; Critics<\/a> [Sept. 2017]: &#8220;&#8230; eine etwas andere van Dusen Geschichte, die aber wirklich Spa\u00df macht. Auch wenn der Professor ein wenig in den Hintergrund ger\u00fcckt ist und die Hauptrolle mehr auf Hatch liegt, ist es in der Aufkl\u00e4rung ein typischer van Dusen, bei dem man einen sehr interessanten \u201eAha-Moment\u201c am Ende bekommt. 10 von 10 Punkten!&#8221;<\/p>\n<p><a href=\"http:\/\/www.hoerbuchjunkies.com\/Professor-van-Dusen-in-der-H.oe.hle-des-L.oe.wen.htm\" target=\"blank\" rel=\"noopener noreferrer\">Hoerbuchjunkies.com<\/a> [Sept. 2017]: &#8220;Der H\u00f6rer wird absolut auf die Folter gespannt und kann bis zum Schluss hin kaum erraten, wie sich der Fall aufl\u00f6st. Dabei werden Finten gestreut und der Spannungsbogen konstant gehalten. Kurzum: Van Dusen macht einfach Spa\u00df und die Geschichte \u00fcberzeugt in jeder Einzelheit. Volle Punktzahl und H\u00f6rempfehlung \u2013 nicht nur f\u00fcr Fans!&#8221;<\/p>\n<p><a href=\"https:\/\/www.buchtips.net\/rez9798-die-neuen-faelle-fall-11-professor-van-dusen-in-der-hoehle-des-loewen.htm\" target=\"blank\" rel=\"noopener noreferrer\">Buchtips.net<\/a> [Sept. 2017]: &#8220;Ganz hervorragend agieren die prominent besetzten Sprecher. Bernd Vollbrecht und Nicolai Tegeler als van Dusen und Hatch sind immer wieder ein Genuss. Mit Tobias Nath, Marieke Oeffinger, Christian Rode, Peter Wei\u00df, Uwe Jellinek, Rainer Brandt, Jochen Schr\u00f6der und Horst Naumann stehen Ihnen \u00fcberaus gute und gut aufgelegte Sprecher zur Seite, die ihre Rollen sehr bildhaft ausf\u00fcllen. 9 von 10 Punkten!&#8221;<\/p>\n<\/div>\n<\/div>\n","protected":false},"excerpt":{"rendered":"<p>Richter Max Mallowan staunt nicht schlecht, als er beim Studieren dreier Gerichtsakten erkennt, dass einer der zum Tode Verurteilten unschuldig ist. In seiner Aufregung bittet er Staatsanwalt Kirk zu sich. Doch dieser kommt zu sp\u00e4t, das Haus des Richters ist explodiert. Seitdem besch\u00e4ftigt Kirk die Frage: Welcher der drei gef\u00e4hrlichen M\u00f6rder sitzt zu Unrecht im Gef\u00e4ngnis? Zusammen mit Professor van Dusen wagt er ein au\u00dfergew\u00f6hnliches Experiment: In Begleitung eines Seelsorgers und der drei M\u00f6rder begeben sie sich auf eine einsame Insel vor der K\u00fcste New Yorks, wo die Denkmaschine den Unschuldigen ermitteln soll. Doch dort drau\u00dfen, fernab jeglicher Zivilisation, entwickeln sich die Dinge pl\u00f6tzlich ganz anders als geplant.<\/p>\n<p>Professor van Dusen: Bernd Vollbrecht<br \/>\nHutchinson Hatch: Nicolai Tegeler<br \/>\nDouglas Kirk: Tobias Nath<br \/>\nClaire Robinson: Marieke Oeffinger<br \/>\nShelby Clifford: Christian Rode<br \/>\nBlake van Belt: Peter Weis<br \/>\nRev. Thomas Hopedean: Uwe Jellinek<br \/>\nMiles Grover: Rainer Brandt<br \/>\nMax Mallowan: Jochen Schr\u00f6der<br \/>\nCaptain James Harlan: Horst Naumann<br \/>\nu.a.<\/p>\n<p>Regie: Gerd Naumann<br \/>\nBuch: Marc Freund<br \/>\nKomponist: Christian Bluthardt<br \/>\nSounddesign, Mischung &amp; Master: Tom Steinbrecher<\/p>\n<p>Spieldauer: ca. 61 Minuten<\/p>\n","protected":false},"featured_media":7457,"template":"","meta":[],"product_brand":[],"product_cat":[199,211],"product_tag":[],"class_list":{"0":"post-7455","1":"product","2":"type-product","3":"status-publish","4":"has-post-thumbnail","6":"product_cat-hoerspiele-en","7":"product_cat-professor-van-dusen-neue-faelle-en","8":"product_shipping_class-tontraeger-cd-en","9":"entry","10":"clearfix","11":"entry-grid","12":"entry-columns-3","13":"entry-product-module-layout-sidebar-right","14":"thumbnail-color-tone-dark","15":"entry-product","17":"entry-product-grid","19":"first","20":"instock","21":"taxable","22":"shipping-taxable","23":"purchasable","24":"product-type-simple"},"yoast_head":"<!-- This site is optimized with the Yoast SEO plugin v27.3 - https:\/\/yoast.com\/product\/yoast-seo-wordpress\/ -->\n<title>Professor van Dusen in der H\u00f6hle des L\u00f6wen (11)<\/title>\n<meta name=\"description\" content=\"Richter Max Mallowan staunt nicht schlecht, als er beim Studieren dreier Gerichtsakten erkennt, dass einer der zum Tode Verurteilten unschuldig ist. In seiner Aufregung bittet er Staatsanwalt Kirk zu sich. Doch dieser kommt zu sp\u00e4t, das Haus des Richters ist explodiert. Seitdem besch\u00e4ftigt Kirk die Frage: Welcher der drei gef\u00e4hrlichen M\u00f6rder sitzt zu Unrecht im Gef\u00e4ngnis? Zusammen mit Professor van Dusen wagt er ein au\u00dfergew\u00f6hnliches Experiment: In Begleitung eines Seelsorgers und der drei M\u00f6rder begeben sie sich auf eine einsame Insel vor der K\u00fcste New Yorks, wo die Denkmaschine den Unschuldigen ermitteln soll. Doch dort drau\u00dfen, fernab jeglicher Zivilisation, entwickeln sich die Dinge pl\u00f6tzlich ganz anders als geplant.  Professor van Dusen: Bernd Vollbrecht Hutchinson Hatch: Nicolai Tegeler Douglas Kirk: Tobias Nath Claire Robinson: Marieke Oeffinger Shelby Clifford: Christian Rode Blake van Belt: Peter Weis Rev. Thomas Hopedean: Uwe Jellinek Miles Grover: Rainer Brandt Max Mallowan: Jochen Schr\u00f6der Captain James Harlan: Horst Naumann u.a.  Regie: Gerd Naumann Buch: Marc Freund Komponist: Christian Bluthardt Sounddesign, Mischung &amp; Master: Tom Steinbrecher  Spieldauer: ca. 61 Minuten\" \/>\n<meta name=\"robots\" content=\"index, follow, max-snippet:-1, max-image-preview:large, max-video-preview:-1\" \/>\n<link rel=\"canonical\" href=\"https:\/\/www.allscore.de\/shop\/en\/produkt\/professor-van-dusen-in-der-hoehle-des-loewen\/\" \/>\n<meta property=\"og:locale\" content=\"en_US\" \/>\n<meta property=\"og:type\" content=\"article\" \/>\n<meta property=\"og:title\" content=\"Professor van Dusen in der H\u00f6hle des L\u00f6wen (11)\" \/>\n<meta property=\"og:description\" content=\"Richter Max Mallowan staunt nicht schlecht, als er beim Studieren dreier Gerichtsakten erkennt, dass einer der zum Tode Verurteilten unschuldig ist. In seiner Aufregung bittet er Staatsanwalt Kirk zu sich. Doch dieser kommt zu sp\u00e4t, das Haus des Richters ist explodiert. Seitdem besch\u00e4ftigt Kirk die Frage: Welcher der drei gef\u00e4hrlichen M\u00f6rder sitzt zu Unrecht im Gef\u00e4ngnis? Zusammen mit Professor van Dusen wagt er ein au\u00dfergew\u00f6hnliches Experiment: In Begleitung eines Seelsorgers und der drei M\u00f6rder begeben sie sich auf eine einsame Insel vor der K\u00fcste New Yorks, wo die Denkmaschine den Unschuldigen ermitteln soll. Doch dort drau\u00dfen, fernab jeglicher Zivilisation, entwickeln sich die Dinge pl\u00f6tzlich ganz anders als geplant.  Professor van Dusen: Bernd Vollbrecht Hutchinson Hatch: Nicolai Tegeler Douglas Kirk: Tobias Nath Claire Robinson: Marieke Oeffinger Shelby Clifford: Christian Rode Blake van Belt: Peter Weis Rev. Thomas Hopedean: Uwe Jellinek Miles Grover: Rainer Brandt Max Mallowan: Jochen Schr\u00f6der Captain James Harlan: Horst Naumann u.a.  Regie: Gerd Naumann Buch: Marc Freund Komponist: Christian Bluthardt Sounddesign, Mischung &amp; Master: Tom Steinbrecher  Spieldauer: ca. 61 Minuten\" \/>\n<meta property=\"og:url\" content=\"https:\/\/www.allscore.de\/shop\/en\/produkt\/professor-van-dusen-in-der-hoehle-des-loewen\/\" \/>\n<meta property=\"og:site_name\" content=\"Allscore Shop\" \/>\n<meta property=\"article:modified_time\" content=\"2020-12-06T19:44:57+00:00\" \/>\n<meta property=\"og:image\" content=\"https:\/\/www.allscore.de\/shop\/wp-content\/uploads\/2020\/09\/PvD11_1200x1200.jpg\" \/>\n\t<meta property=\"og:image:width\" content=\"1200\" \/>\n\t<meta property=\"og:image:height\" content=\"1200\" \/>\n\t<meta property=\"og:image:type\" content=\"image\/jpeg\" \/>\n<meta name=\"twitter:card\" content=\"summary_large_image\" \/>\n<meta name=\"twitter:label1\" content=\"Est. reading time\" \/>\n\t<meta name=\"twitter:data1\" content=\"2 minutes\" \/>\n<script type=\"application\/ld+json\" class=\"yoast-schema-graph\">{\"@context\":\"https:\\\/\\\/schema.org\",\"@graph\":[{\"@type\":\"WebPage\",\"@id\":\"https:\\\/\\\/www.allscore.de\\\/shop\\\/en\\\/produkt\\\/professor-van-dusen-in-der-hoehle-des-loewen\\\/\",\"url\":\"https:\\\/\\\/www.allscore.de\\\/shop\\\/en\\\/produkt\\\/professor-van-dusen-in-der-hoehle-des-loewen\\\/\",\"name\":\"Professor van Dusen in der H\u00f6hle des L\u00f6wen (11)\",\"isPartOf\":{\"@id\":\"https:\\\/\\\/www.allscore.de\\\/shop\\\/en\\\/#website\"},\"primaryImageOfPage\":{\"@id\":\"https:\\\/\\\/www.allscore.de\\\/shop\\\/en\\\/produkt\\\/professor-van-dusen-in-der-hoehle-des-loewen\\\/#primaryimage\"},\"image\":{\"@id\":\"https:\\\/\\\/www.allscore.de\\\/shop\\\/en\\\/produkt\\\/professor-van-dusen-in-der-hoehle-des-loewen\\\/#primaryimage\"},\"thumbnailUrl\":\"https:\\\/\\\/www.allscore.de\\\/shop\\\/wp-content\\\/uploads\\\/2020\\\/09\\\/PvD11_1200x1200.jpg\",\"datePublished\":\"2020-09-08T15:10:22+00:00\",\"dateModified\":\"2020-12-06T19:44:57+00:00\",\"description\":\"Richter Max Mallowan staunt nicht schlecht, als er beim Studieren dreier Gerichtsakten erkennt, dass einer der zum Tode Verurteilten unschuldig ist. In seiner Aufregung bittet er Staatsanwalt Kirk zu sich. Doch dieser kommt zu sp\u00e4t, das Haus des Richters ist explodiert. Seitdem besch\u00e4ftigt Kirk die Frage: Welcher der drei gef\u00e4hrlichen M\u00f6rder sitzt zu Unrecht im Gef\u00e4ngnis? Zusammen mit Professor van Dusen wagt er ein au\u00dfergew\u00f6hnliches Experiment: In Begleitung eines Seelsorgers und der drei M\u00f6rder begeben sie sich auf eine einsame Insel vor der K\u00fcste New Yorks, wo die Denkmaschine den Unschuldigen ermitteln soll. Doch dort drau\u00dfen, fernab jeglicher Zivilisation, entwickeln sich die Dinge pl\u00f6tzlich ganz anders als geplant. Professor van Dusen: Bernd Vollbrecht Hutchinson Hatch: Nicolai Tegeler Douglas Kirk: Tobias Nath Claire Robinson: Marieke Oeffinger Shelby Clifford: Christian Rode Blake van Belt: Peter Weis Rev. Thomas Hopedean: Uwe Jellinek Miles Grover: Rainer Brandt Max Mallowan: Jochen Schr\u00f6der Captain James Harlan: Horst Naumann u.a. Regie: Gerd Naumann Buch: Marc Freund Komponist: Christian Bluthardt Sounddesign, Mischung &amp; Master: Tom Steinbrecher Spieldauer: ca. 61 Minuten\",\"breadcrumb\":{\"@id\":\"https:\\\/\\\/www.allscore.de\\\/shop\\\/en\\\/produkt\\\/professor-van-dusen-in-der-hoehle-des-loewen\\\/#breadcrumb\"},\"inLanguage\":\"en-US\",\"potentialAction\":[{\"@type\":\"ReadAction\",\"target\":[\"https:\\\/\\\/www.allscore.de\\\/shop\\\/en\\\/produkt\\\/professor-van-dusen-in-der-hoehle-des-loewen\\\/\"]}]},{\"@type\":\"ImageObject\",\"inLanguage\":\"en-US\",\"@id\":\"https:\\\/\\\/www.allscore.de\\\/shop\\\/en\\\/produkt\\\/professor-van-dusen-in-der-hoehle-des-loewen\\\/#primaryimage\",\"url\":\"https:\\\/\\\/www.allscore.de\\\/shop\\\/wp-content\\\/uploads\\\/2020\\\/09\\\/PvD11_1200x1200.jpg\",\"contentUrl\":\"https:\\\/\\\/www.allscore.de\\\/shop\\\/wp-content\\\/uploads\\\/2020\\\/09\\\/PvD11_1200x1200.jpg\",\"width\":1200,\"height\":1200,\"caption\":\"Professor van Dusen in der H\u00f6hle des L\u00f6wen\"},{\"@type\":\"BreadcrumbList\",\"@id\":\"https:\\\/\\\/www.allscore.de\\\/shop\\\/en\\\/produkt\\\/professor-van-dusen-in-der-hoehle-des-loewen\\\/#breadcrumb\",\"itemListElement\":[{\"@type\":\"ListItem\",\"position\":1,\"name\":\"Startseite\",\"item\":\"https:\\\/\\\/www.allscore.de\\\/shop\\\/en\\\/\"},{\"@type\":\"ListItem\",\"position\":2,\"name\":\"Products\",\"item\":\"https:\\\/\\\/www.allscore.de\\\/shop\\\/en\\\/shop\\\/\"},{\"@type\":\"ListItem\",\"position\":3,\"name\":\"Professor van Dusen in der H\u00f6hle des L\u00f6wen (11)\"}]},{\"@type\":\"WebSite\",\"@id\":\"https:\\\/\\\/www.allscore.de\\\/shop\\\/en\\\/#website\",\"url\":\"https:\\\/\\\/www.allscore.de\\\/shop\\\/en\\\/\",\"name\":\"Allscore Shop\",\"description\":\"All Score Media\",\"publisher\":{\"@id\":\"https:\\\/\\\/www.allscore.de\\\/shop\\\/en\\\/#organization\"},\"potentialAction\":[{\"@type\":\"SearchAction\",\"target\":{\"@type\":\"EntryPoint\",\"urlTemplate\":\"https:\\\/\\\/www.allscore.de\\\/shop\\\/en\\\/?s={search_term_string}\"},\"query-input\":{\"@type\":\"PropertyValueSpecification\",\"valueRequired\":true,\"valueName\":\"search_term_string\"}}],\"inLanguage\":\"en-US\"},{\"@type\":\"Organization\",\"@id\":\"https:\\\/\\\/www.allscore.de\\\/shop\\\/en\\\/#organization\",\"name\":\"All Score Media\",\"alternateName\":\"Allscore\",\"url\":\"https:\\\/\\\/www.allscore.de\\\/shop\\\/en\\\/\",\"logo\":{\"@type\":\"ImageObject\",\"inLanguage\":\"en-US\",\"@id\":\"https:\\\/\\\/www.allscore.de\\\/shop\\\/en\\\/#\\\/schema\\\/logo\\\/image\\\/\",\"url\":\"https:\\\/\\\/www.allscore.de\\\/shop\\\/wp-content\\\/uploads\\\/2026\\\/01\\\/Logo_Yoast_Shop_2026.png\",\"contentUrl\":\"https:\\\/\\\/www.allscore.de\\\/shop\\\/wp-content\\\/uploads\\\/2026\\\/01\\\/Logo_Yoast_Shop_2026.png\",\"width\":696,\"height\":696,\"caption\":\"All Score Media\"},\"image\":{\"@id\":\"https:\\\/\\\/www.allscore.de\\\/shop\\\/en\\\/#\\\/schema\\\/logo\\\/image\\\/\"}}]}<\/script>\n<!-- \/ Yoast SEO plugin. -->","yoast_head_json":{"title":"Professor van Dusen in der H\u00f6hle des L\u00f6wen (11)","description":"Richter Max Mallowan staunt nicht schlecht, als er beim Studieren dreier Gerichtsakten erkennt, dass einer der zum Tode Verurteilten unschuldig ist. In seiner Aufregung bittet er Staatsanwalt Kirk zu sich. Doch dieser kommt zu sp\u00e4t, das Haus des Richters ist explodiert. Seitdem besch\u00e4ftigt Kirk die Frage: Welcher der drei gef\u00e4hrlichen M\u00f6rder sitzt zu Unrecht im Gef\u00e4ngnis? Zusammen mit Professor van Dusen wagt er ein au\u00dfergew\u00f6hnliches Experiment: In Begleitung eines Seelsorgers und der drei M\u00f6rder begeben sie sich auf eine einsame Insel vor der K\u00fcste New Yorks, wo die Denkmaschine den Unschuldigen ermitteln soll. Doch dort drau\u00dfen, fernab jeglicher Zivilisation, entwickeln sich die Dinge pl\u00f6tzlich ganz anders als geplant.  Professor van Dusen: Bernd Vollbrecht Hutchinson Hatch: Nicolai Tegeler Douglas Kirk: Tobias Nath Claire Robinson: Marieke Oeffinger Shelby Clifford: Christian Rode Blake van Belt: Peter Weis Rev. Thomas Hopedean: Uwe Jellinek Miles Grover: Rainer Brandt Max Mallowan: Jochen Schr\u00f6der Captain James Harlan: Horst Naumann u.a.  Regie: Gerd Naumann Buch: Marc Freund Komponist: Christian Bluthardt Sounddesign, Mischung &amp; Master: Tom Steinbrecher  Spieldauer: ca. 61 Minuten","robots":{"index":"index","follow":"follow","max-snippet":"max-snippet:-1","max-image-preview":"max-image-preview:large","max-video-preview":"max-video-preview:-1"},"canonical":"https:\/\/www.allscore.de\/shop\/en\/produkt\/professor-van-dusen-in-der-hoehle-des-loewen\/","og_locale":"en_US","og_type":"article","og_title":"Professor van Dusen in der H\u00f6hle des L\u00f6wen (11)","og_description":"Richter Max Mallowan staunt nicht schlecht, als er beim Studieren dreier Gerichtsakten erkennt, dass einer der zum Tode Verurteilten unschuldig ist. In seiner Aufregung bittet er Staatsanwalt Kirk zu sich. Doch dieser kommt zu sp\u00e4t, das Haus des Richters ist explodiert. Seitdem besch\u00e4ftigt Kirk die Frage: Welcher der drei gef\u00e4hrlichen M\u00f6rder sitzt zu Unrecht im Gef\u00e4ngnis? Zusammen mit Professor van Dusen wagt er ein au\u00dfergew\u00f6hnliches Experiment: In Begleitung eines Seelsorgers und der drei M\u00f6rder begeben sie sich auf eine einsame Insel vor der K\u00fcste New Yorks, wo die Denkmaschine den Unschuldigen ermitteln soll. Doch dort drau\u00dfen, fernab jeglicher Zivilisation, entwickeln sich die Dinge pl\u00f6tzlich ganz anders als geplant.  Professor van Dusen: Bernd Vollbrecht Hutchinson Hatch: Nicolai Tegeler Douglas Kirk: Tobias Nath Claire Robinson: Marieke Oeffinger Shelby Clifford: Christian Rode Blake van Belt: Peter Weis Rev. Thomas Hopedean: Uwe Jellinek Miles Grover: Rainer Brandt Max Mallowan: Jochen Schr\u00f6der Captain James Harlan: Horst Naumann u.a.  Regie: Gerd Naumann Buch: Marc Freund Komponist: Christian Bluthardt Sounddesign, Mischung &amp; Master: Tom Steinbrecher  Spieldauer: ca. 61 Minuten","og_url":"https:\/\/www.allscore.de\/shop\/en\/produkt\/professor-van-dusen-in-der-hoehle-des-loewen\/","og_site_name":"Allscore Shop","article_modified_time":"2020-12-06T19:44:57+00:00","og_image":[{"width":1200,"height":1200,"url":"https:\/\/www.allscore.de\/shop\/wp-content\/uploads\/2020\/09\/PvD11_1200x1200.jpg","type":"image\/jpeg"}],"twitter_card":"summary_large_image","twitter_misc":{"Est. reading time":"2 minutes"},"schema":{"@context":"https:\/\/schema.org","@graph":[{"@type":"WebPage","@id":"https:\/\/www.allscore.de\/shop\/en\/produkt\/professor-van-dusen-in-der-hoehle-des-loewen\/","url":"https:\/\/www.allscore.de\/shop\/en\/produkt\/professor-van-dusen-in-der-hoehle-des-loewen\/","name":"Professor van Dusen in der H\u00f6hle des L\u00f6wen (11)","isPartOf":{"@id":"https:\/\/www.allscore.de\/shop\/en\/#website"},"primaryImageOfPage":{"@id":"https:\/\/www.allscore.de\/shop\/en\/produkt\/professor-van-dusen-in-der-hoehle-des-loewen\/#primaryimage"},"image":{"@id":"https:\/\/www.allscore.de\/shop\/en\/produkt\/professor-van-dusen-in-der-hoehle-des-loewen\/#primaryimage"},"thumbnailUrl":"https:\/\/www.allscore.de\/shop\/wp-content\/uploads\/2020\/09\/PvD11_1200x1200.jpg","datePublished":"2020-09-08T15:10:22+00:00","dateModified":"2020-12-06T19:44:57+00:00","description":"Richter Max Mallowan staunt nicht schlecht, als er beim Studieren dreier Gerichtsakten erkennt, dass einer der zum Tode Verurteilten unschuldig ist. In seiner Aufregung bittet er Staatsanwalt Kirk zu sich. Doch dieser kommt zu sp\u00e4t, das Haus des Richters ist explodiert. Seitdem besch\u00e4ftigt Kirk die Frage: Welcher der drei gef\u00e4hrlichen M\u00f6rder sitzt zu Unrecht im Gef\u00e4ngnis? Zusammen mit Professor van Dusen wagt er ein au\u00dfergew\u00f6hnliches Experiment: In Begleitung eines Seelsorgers und der drei M\u00f6rder begeben sie sich auf eine einsame Insel vor der K\u00fcste New Yorks, wo die Denkmaschine den Unschuldigen ermitteln soll. Doch dort drau\u00dfen, fernab jeglicher Zivilisation, entwickeln sich die Dinge pl\u00f6tzlich ganz anders als geplant. Professor van Dusen: Bernd Vollbrecht Hutchinson Hatch: Nicolai Tegeler Douglas Kirk: Tobias Nath Claire Robinson: Marieke Oeffinger Shelby Clifford: Christian Rode Blake van Belt: Peter Weis Rev. Thomas Hopedean: Uwe Jellinek Miles Grover: Rainer Brandt Max Mallowan: Jochen Schr\u00f6der Captain James Harlan: Horst Naumann u.a. Regie: Gerd Naumann Buch: Marc Freund Komponist: Christian Bluthardt Sounddesign, Mischung &amp; Master: Tom Steinbrecher Spieldauer: ca. 61 Minuten","breadcrumb":{"@id":"https:\/\/www.allscore.de\/shop\/en\/produkt\/professor-van-dusen-in-der-hoehle-des-loewen\/#breadcrumb"},"inLanguage":"en-US","potentialAction":[{"@type":"ReadAction","target":["https:\/\/www.allscore.de\/shop\/en\/produkt\/professor-van-dusen-in-der-hoehle-des-loewen\/"]}]},{"@type":"ImageObject","inLanguage":"en-US","@id":"https:\/\/www.allscore.de\/shop\/en\/produkt\/professor-van-dusen-in-der-hoehle-des-loewen\/#primaryimage","url":"https:\/\/www.allscore.de\/shop\/wp-content\/uploads\/2020\/09\/PvD11_1200x1200.jpg","contentUrl":"https:\/\/www.allscore.de\/shop\/wp-content\/uploads\/2020\/09\/PvD11_1200x1200.jpg","width":1200,"height":1200,"caption":"Professor van Dusen in der H\u00f6hle des L\u00f6wen"},{"@type":"BreadcrumbList","@id":"https:\/\/www.allscore.de\/shop\/en\/produkt\/professor-van-dusen-in-der-hoehle-des-loewen\/#breadcrumb","itemListElement":[{"@type":"ListItem","position":1,"name":"Startseite","item":"https:\/\/www.allscore.de\/shop\/en\/"},{"@type":"ListItem","position":2,"name":"Products","item":"https:\/\/www.allscore.de\/shop\/en\/shop\/"},{"@type":"ListItem","position":3,"name":"Professor van Dusen in der H\u00f6hle des L\u00f6wen (11)"}]},{"@type":"WebSite","@id":"https:\/\/www.allscore.de\/shop\/en\/#website","url":"https:\/\/www.allscore.de\/shop\/en\/","name":"Allscore Shop","description":"All Score Media","publisher":{"@id":"https:\/\/www.allscore.de\/shop\/en\/#organization"},"potentialAction":[{"@type":"SearchAction","target":{"@type":"EntryPoint","urlTemplate":"https:\/\/www.allscore.de\/shop\/en\/?s={search_term_string}"},"query-input":{"@type":"PropertyValueSpecification","valueRequired":true,"valueName":"search_term_string"}}],"inLanguage":"en-US"},{"@type":"Organization","@id":"https:\/\/www.allscore.de\/shop\/en\/#organization","name":"All Score Media","alternateName":"Allscore","url":"https:\/\/www.allscore.de\/shop\/en\/","logo":{"@type":"ImageObject","inLanguage":"en-US","@id":"https:\/\/www.allscore.de\/shop\/en\/#\/schema\/logo\/image\/","url":"https:\/\/www.allscore.de\/shop\/wp-content\/uploads\/2026\/01\/Logo_Yoast_Shop_2026.png","contentUrl":"https:\/\/www.allscore.de\/shop\/wp-content\/uploads\/2026\/01\/Logo_Yoast_Shop_2026.png","width":696,"height":696,"caption":"All Score Media"},"image":{"@id":"https:\/\/www.allscore.de\/shop\/en\/#\/schema\/logo\/image\/"}}]}},"_links":{"self":[{"href":"https:\/\/www.allscore.de\/shop\/en\/wp-json\/wp\/v2\/product\/7455","targetHints":{"allow":["GET"]}}],"collection":[{"href":"https:\/\/www.allscore.de\/shop\/en\/wp-json\/wp\/v2\/product"}],"about":[{"href":"https:\/\/www.allscore.de\/shop\/en\/wp-json\/wp\/v2\/types\/product"}],"wp:featuredmedia":[{"embeddable":true,"href":"https:\/\/www.allscore.de\/shop\/en\/wp-json\/wp\/v2\/media\/7457"}],"wp:attachment":[{"href":"https:\/\/www.allscore.de\/shop\/en\/wp-json\/wp\/v2\/media?parent=7455"}],"wp:term":[{"taxonomy":"product_brand","embeddable":true,"href":"https:\/\/www.allscore.de\/shop\/en\/wp-json\/wp\/v2\/product_brand?post=7455"},{"taxonomy":"product_cat","embeddable":true,"href":"https:\/\/www.allscore.de\/shop\/en\/wp-json\/wp\/v2\/product_cat?post=7455"},{"taxonomy":"product_tag","embeddable":true,"href":"https:\/\/www.allscore.de\/shop\/en\/wp-json\/wp\/v2\/product_tag?post=7455"}],"curies":[{"name":"wp","href":"https:\/\/api.w.org\/{rel}","templated":true}]}}