{"id":7447,"date":"2017-02-08T16:52:48","date_gmt":"2020-09-08T14:52:49","guid":{"rendered":"https:\/\/www.allscore.de\/shop\/?post_type=product&#038;p=7447"},"modified":"2024-02-13T18:17:13","modified_gmt":"2024-02-13T17:17:13","slug":"professor-van-dusen-setzt-auf-mord","status":"publish","type":"product","link":"https:\/\/www.allscore.de\/shop\/en\/produkt\/professor-van-dusen-setzt-auf-mord\/","title":{"rendered":"Professor van Dusen setzt auf Mord (09)"},"content":{"rendered":"<p>PRESSE<\/p>\n<p><a href=\"http:\/\/www.poldis-hoerspielseite.de\/z2554.htm\" target=\"blank\" rel=\"noopener noreferrer\">Poldis H\u00f6rspielseite<\/a> [M\u00e4rz 2017]: &#8220;Eine sehr stimmig erz\u00e4hlte Geschichte, die sich nicht sonderlich mit wer oder warum besch\u00e4ftigt, sondern das wie in den Mittelpunkt r\u00fcckt. Dieser Ansatz ist hier sehr gelungen und prickend dargestellt, wobei besonders die Gerischtsverhandlung und das ungew\u00f6hnliche Ende ihren Reiz entfalten k\u00f6nnen.&#8221;<\/p>\n<p><a href=\"http:\/\/www.hoerspatz.de\/texte_rezis\/dusen_neue_09.html\" target=\"blank\" rel=\"noopener noreferrer\">Hoerspatz.de<\/a> [M\u00e4rz 2017]: &#8220;Die Story macht insgesamt Laune, denn es gibt einige humorige Details, wie etwa die Frisur des Mr. Wetlook oder die schnarrige Figur des Richters Rudolph Slaught&#8230; Professor van Dusen hat ein As im \u00c4rmel &#8211; Empfehlung!&#8221;<\/p>\n<p><a href=\"http:\/\/www.monstersandcritics.de\/professor-van-dusen-fall-9-professor-van-dusen-setzt-auf-mord-hoerspielkritik\/\" target=\"blank\" rel=\"noopener noreferrer\">Monsters &amp; Critics<\/a> [M\u00e4rz 2017]: &#8220;\u201eProfessor van Dusen setzt auf Mord\u201c ist gelungene Kriminalkost. Der H\u00f6rer wird an der Nase herumgef\u00fchrt und man befindet sich lange Zeit auf dem Holzweg, da uns dies die uns pr\u00e4sentierten Beweise vorgaukeln. Der \u201eAha-Effekt\u201c am Ende ist sehr gut gelungen und macht dieses H\u00f6rspiel zu einer runden Sache. Ich bin pers\u00f6nlich schon sehr auf die n\u00e4chsten F\u00e4lle mit dem Amateurkriminologen gespannt. 10 von 10 Punkten!&#8221;<\/p>\n<p><a href=\"https:\/\/www.buchtips.net\/rez9631-die-neuen-faelle-fall-09-professor-van-dusen-setzt-auf-mord.htm\" target=\"blank\" rel=\"noopener noreferrer\">Buchtips.net<\/a> [Mai 2017]: &#8220;&#8216;Professor van Dusen setzt auf Mord&#8217; ist ein toller Krimi in bester Tradition der alten RIAS-H\u00f6rspiele. Ein spannendes Script von Marc Freund und sehr gute Sprecher sorgen f\u00fcr eine Stunde allerfeinste H\u00f6rspielunterhaltung. 9 von 10 Punkten!&#8221;<\/p>\n<p><a href=\"http:\/\/www.hoerbuchjunkies.com\/Professor-van-Dusen-setzt-auf-Mord.htm\" target=\"blank\" rel=\"noopener noreferrer\">Hoerbuchjunkies.com<\/a> [M\u00e4rz 2017]: &#8221; &#8230;die Sprecher k\u00f6nnen wieder mit einer starken Leistung \u00fcberzeugen, allen voran Bernd Vollbrecht als van Dusen. Seine Stimme ist facettenreich und es gelingt ihm hervorragend, der \u00fcberhebliche Art van Dusens Stimme zu verleihen. Ebenfalls gro\u00dfartig besetzt sind die Nebenrollen von u.a. Bernd Stephan, J\u00fcrgen Kluckert, Tino Kie\u00dfling, Dirk M\u00fcller, Christian Rode und Tobias Nath, die mit ihrem ganzen K\u00f6nnen aufwarten und mit ihren pr\u00e4gnanten Stimmen \u00fcberzeugen.&#8221;<\/p>\n<p><a href=\"http:\/\/www.hoerspiele.de\/hoerspiele\/kommentare\/kommentar_template.asp?kat=hsp&amp;ID=26510&amp;hspID=17674\" target=\"blank\" rel=\"noopener noreferrer\">Hoerspiele.de<\/a> [M\u00e4rz 2017]: &#8220;Die Produktion ist gut, handelt es sich doch um das gleiche Team, dass auch die Maritim-Sherlock-Reihe fortf\u00fchrt und auch mit Charlie Chan tolle neue Wege geht. Die Sprecher agieren wunderbar und vor allem Bernd Vollbrecht kann als van Dusen eine gute Leistung zeigen.&#8221;<\/p>\n","protected":false},"excerpt":{"rendered":"<p>An einem verschneiten Januarabend erh\u00e4lt Professor van Dusen unerwartet Besuch vom exzentrischen Lord Babbington. Dieser wartet sogleich mit einer unangenehmen \u00dcberraschung auf: Ein Freund des Lords, Angus Granger, wette, ihm w\u00fcrde das perfekte Verbrechen gelingen. Ein erhebliches Verm\u00f6gen st\u00fcnde dabei auf dem Spiel und van Dusen solle helfen, es zu retten. Die Denkmaschine will von derlei Dingen nichts wissen und komplimentiert den Lord hinaus, was sich jedoch als Fehler erweist. Nur wenige Tage sp\u00e4ter geschieht tats\u00e4chlich ein Mord im Central Park und alles deutet auf Granger als T\u00e4ter hin&#8230;<\/p>\n<p>Professor van Dusen: Bernd Vollbrecht<br \/>\nHutchinson Hatch: Nicolai Tegeler<br \/>\nAngus Granger: Bernd Stephan<br \/>\nLord Cecil Babbington: J\u00fcrgen Kluckert<br \/>\nClifton Huxley: Tino Kie\u00dfling<br \/>\nInspektor Gilbert Fox: Dirk M\u00fcller<br \/>\nRudolph Slaught: Christian Rode<br \/>\nWilbur Wetlook: Tobias Nath<br \/>\nCole Hightower: Martin Sabel<br \/>\nAlwyn Low: Wolfgang Draeger<br \/>\nZack Sweeney: Kaspar Eichel<br \/>\nBurt Young: Robert Missler<br \/>\nGeschworener: Lutz Harder<br \/>\nu.a.<\/p>\n<p>Regie: Gerd Naumann<br \/>\nBuch: Marc Freund<br \/>\nKomponist: Christian Bluthardt<br \/>\nSounddesign, Mischung &amp; Master: Tom Steinbrecher<\/p>\n<p>Spieldauer: ca. 68 Minuten<\/p>\n","protected":false},"featured_media":7449,"template":"","meta":[],"product_brand":[],"product_cat":[199,211],"product_tag":[],"class_list":{"0":"post-7447","1":"product","2":"type-product","3":"status-publish","4":"has-post-thumbnail","6":"product_cat-hoerspiele-en","7":"product_cat-professor-van-dusen-neue-faelle-en","8":"product_shipping_class-tontraeger-cd-en","9":"entry","10":"clearfix","11":"entry-grid","12":"entry-columns-3","13":"entry-product-module-layout-sidebar-right","14":"thumbnail-color-tone-dark","15":"entry-product","17":"entry-product-grid","19":"first","20":"instock","21":"taxable","22":"shipping-taxable","23":"purchasable","24":"product-type-simple"},"yoast_head":"<!-- This site is optimized with the Yoast SEO plugin v27.3 - https:\/\/yoast.com\/product\/yoast-seo-wordpress\/ -->\n<title>Professor van Dusen setzt auf Mord (09)<\/title>\n<meta name=\"description\" content=\"An einem verschneiten Januarabend erh\u00e4lt Professor van Dusen unerwartet Besuch vom exzentrischen Lord Babbington. Dieser wartet sogleich mit einer unangenehmen \u00dcberraschung auf: Ein Freund des Lords, Angus Granger, wette, ihm w\u00fcrde das perfekte Verbrechen gelingen. Ein erhebliches Verm\u00f6gen st\u00fcnde dabei auf dem Spiel und van Dusen solle helfen, es zu retten. Die Denkmaschine will von derlei Dingen nichts wissen und komplimentiert den Lord hinaus, was sich jedoch als Fehler erweist. Nur wenige Tage sp\u00e4ter geschieht tats\u00e4chlich ein Mord im Central Park und alles deutet auf Granger als T\u00e4ter hin...  Professor van Dusen: Bernd Vollbrecht Hutchinson Hatch: Nicolai Tegeler Angus Granger: Bernd Stephan Lord Cecil Babbington: J\u00fcrgen Kluckert Clifton Huxley: Tino Kie\u00dfling Inspektor Gilbert Fox: Dirk M\u00fcller Rudolph Slaught: Christian Rode Wilbur Wetlook: Tobias Nath Cole Hightower: Martin Sabel Alwyn Low: Wolfgang Draeger Zack Sweeney: Kaspar Eichel Burt Young: Robert Missler Geschworener: Lutz Harder u.a.  Regie: Gerd Naumann Buch: Marc Freund Komponist: Christian Bluthardt Sounddesign, Mischung &amp; Master: Tom Steinbrecher  Spieldauer: ca. 68 Minuten\" \/>\n<meta name=\"robots\" content=\"index, follow, max-snippet:-1, max-image-preview:large, max-video-preview:-1\" \/>\n<link rel=\"canonical\" href=\"https:\/\/www.allscore.de\/shop\/en\/produkt\/professor-van-dusen-setzt-auf-mord\/\" \/>\n<meta property=\"og:locale\" content=\"en_US\" \/>\n<meta property=\"og:type\" content=\"article\" \/>\n<meta property=\"og:title\" content=\"Professor van Dusen setzt auf Mord (09)\" \/>\n<meta property=\"og:description\" content=\"An einem verschneiten Januarabend erh\u00e4lt Professor van Dusen unerwartet Besuch vom exzentrischen Lord Babbington. Dieser wartet sogleich mit einer unangenehmen \u00dcberraschung auf: Ein Freund des Lords, Angus Granger, wette, ihm w\u00fcrde das perfekte Verbrechen gelingen. Ein erhebliches Verm\u00f6gen st\u00fcnde dabei auf dem Spiel und van Dusen solle helfen, es zu retten. Die Denkmaschine will von derlei Dingen nichts wissen und komplimentiert den Lord hinaus, was sich jedoch als Fehler erweist. Nur wenige Tage sp\u00e4ter geschieht tats\u00e4chlich ein Mord im Central Park und alles deutet auf Granger als T\u00e4ter hin...  Professor van Dusen: Bernd Vollbrecht Hutchinson Hatch: Nicolai Tegeler Angus Granger: Bernd Stephan Lord Cecil Babbington: J\u00fcrgen Kluckert Clifton Huxley: Tino Kie\u00dfling Inspektor Gilbert Fox: Dirk M\u00fcller Rudolph Slaught: Christian Rode Wilbur Wetlook: Tobias Nath Cole Hightower: Martin Sabel Alwyn Low: Wolfgang Draeger Zack Sweeney: Kaspar Eichel Burt Young: Robert Missler Geschworener: Lutz Harder u.a.  Regie: Gerd Naumann Buch: Marc Freund Komponist: Christian Bluthardt Sounddesign, Mischung &amp; Master: Tom Steinbrecher  Spieldauer: ca. 68 Minuten\" \/>\n<meta property=\"og:url\" content=\"https:\/\/www.allscore.de\/shop\/en\/produkt\/professor-van-dusen-setzt-auf-mord\/\" \/>\n<meta property=\"og:site_name\" content=\"Allscore Shop\" \/>\n<meta property=\"article:modified_time\" content=\"2024-02-13T17:17:13+00:00\" \/>\n<meta property=\"og:image\" content=\"https:\/\/www.allscore.de\/shop\/wp-content\/uploads\/2020\/09\/PvD09_1200x1200.jpg\" \/>\n\t<meta property=\"og:image:width\" content=\"1200\" \/>\n\t<meta property=\"og:image:height\" content=\"1200\" \/>\n\t<meta property=\"og:image:type\" content=\"image\/jpeg\" \/>\n<meta name=\"twitter:card\" content=\"summary_large_image\" \/>\n<meta name=\"twitter:label1\" content=\"Est. reading time\" \/>\n\t<meta name=\"twitter:data1\" content=\"2 minutes\" \/>\n<script type=\"application\/ld+json\" class=\"yoast-schema-graph\">{\"@context\":\"https:\\\/\\\/schema.org\",\"@graph\":[{\"@type\":\"WebPage\",\"@id\":\"https:\\\/\\\/www.allscore.de\\\/shop\\\/en\\\/produkt\\\/professor-van-dusen-setzt-auf-mord\\\/\",\"url\":\"https:\\\/\\\/www.allscore.de\\\/shop\\\/en\\\/produkt\\\/professor-van-dusen-setzt-auf-mord\\\/\",\"name\":\"Professor van Dusen setzt auf Mord (09)\",\"isPartOf\":{\"@id\":\"https:\\\/\\\/www.allscore.de\\\/shop\\\/en\\\/#website\"},\"primaryImageOfPage\":{\"@id\":\"https:\\\/\\\/www.allscore.de\\\/shop\\\/en\\\/produkt\\\/professor-van-dusen-setzt-auf-mord\\\/#primaryimage\"},\"image\":{\"@id\":\"https:\\\/\\\/www.allscore.de\\\/shop\\\/en\\\/produkt\\\/professor-van-dusen-setzt-auf-mord\\\/#primaryimage\"},\"thumbnailUrl\":\"https:\\\/\\\/www.allscore.de\\\/shop\\\/wp-content\\\/uploads\\\/2020\\\/09\\\/PvD09_1200x1200.jpg\",\"datePublished\":\"2020-09-08T14:52:49+00:00\",\"dateModified\":\"2024-02-13T17:17:13+00:00\",\"description\":\"An einem verschneiten Januarabend erh\u00e4lt Professor van Dusen unerwartet Besuch vom exzentrischen Lord Babbington. Dieser wartet sogleich mit einer unangenehmen \u00dcberraschung auf: Ein Freund des Lords, Angus Granger, wette, ihm w\u00fcrde das perfekte Verbrechen gelingen. Ein erhebliches Verm\u00f6gen st\u00fcnde dabei auf dem Spiel und van Dusen solle helfen, es zu retten. Die Denkmaschine will von derlei Dingen nichts wissen und komplimentiert den Lord hinaus, was sich jedoch als Fehler erweist. Nur wenige Tage sp\u00e4ter geschieht tats\u00e4chlich ein Mord im Central Park und alles deutet auf Granger als T\u00e4ter hin... Professor van Dusen: Bernd Vollbrecht Hutchinson Hatch: Nicolai Tegeler Angus Granger: Bernd Stephan Lord Cecil Babbington: J\u00fcrgen Kluckert Clifton Huxley: Tino Kie\u00dfling Inspektor Gilbert Fox: Dirk M\u00fcller Rudolph Slaught: Christian Rode Wilbur Wetlook: Tobias Nath Cole Hightower: Martin Sabel Alwyn Low: Wolfgang Draeger Zack Sweeney: Kaspar Eichel Burt Young: Robert Missler Geschworener: Lutz Harder u.a. Regie: Gerd Naumann Buch: Marc Freund Komponist: Christian Bluthardt Sounddesign, Mischung &amp; Master: Tom Steinbrecher Spieldauer: ca. 68 Minuten\",\"breadcrumb\":{\"@id\":\"https:\\\/\\\/www.allscore.de\\\/shop\\\/en\\\/produkt\\\/professor-van-dusen-setzt-auf-mord\\\/#breadcrumb\"},\"inLanguage\":\"en-US\",\"potentialAction\":[{\"@type\":\"ReadAction\",\"target\":[\"https:\\\/\\\/www.allscore.de\\\/shop\\\/en\\\/produkt\\\/professor-van-dusen-setzt-auf-mord\\\/\"]}]},{\"@type\":\"ImageObject\",\"inLanguage\":\"en-US\",\"@id\":\"https:\\\/\\\/www.allscore.de\\\/shop\\\/en\\\/produkt\\\/professor-van-dusen-setzt-auf-mord\\\/#primaryimage\",\"url\":\"https:\\\/\\\/www.allscore.de\\\/shop\\\/wp-content\\\/uploads\\\/2020\\\/09\\\/PvD09_1200x1200.jpg\",\"contentUrl\":\"https:\\\/\\\/www.allscore.de\\\/shop\\\/wp-content\\\/uploads\\\/2020\\\/09\\\/PvD09_1200x1200.jpg\",\"width\":1200,\"height\":1200,\"caption\":\"Professor van Dusen setzt auf Mord\"},{\"@type\":\"BreadcrumbList\",\"@id\":\"https:\\\/\\\/www.allscore.de\\\/shop\\\/en\\\/produkt\\\/professor-van-dusen-setzt-auf-mord\\\/#breadcrumb\",\"itemListElement\":[{\"@type\":\"ListItem\",\"position\":1,\"name\":\"Startseite\",\"item\":\"https:\\\/\\\/www.allscore.de\\\/shop\\\/en\\\/\"},{\"@type\":\"ListItem\",\"position\":2,\"name\":\"Products\",\"item\":\"https:\\\/\\\/www.allscore.de\\\/shop\\\/en\\\/shop\\\/\"},{\"@type\":\"ListItem\",\"position\":3,\"name\":\"Professor van Dusen setzt auf Mord (09)\"}]},{\"@type\":\"WebSite\",\"@id\":\"https:\\\/\\\/www.allscore.de\\\/shop\\\/en\\\/#website\",\"url\":\"https:\\\/\\\/www.allscore.de\\\/shop\\\/en\\\/\",\"name\":\"Allscore Shop\",\"description\":\"All Score Media\",\"publisher\":{\"@id\":\"https:\\\/\\\/www.allscore.de\\\/shop\\\/en\\\/#organization\"},\"potentialAction\":[{\"@type\":\"SearchAction\",\"target\":{\"@type\":\"EntryPoint\",\"urlTemplate\":\"https:\\\/\\\/www.allscore.de\\\/shop\\\/en\\\/?s={search_term_string}\"},\"query-input\":{\"@type\":\"PropertyValueSpecification\",\"valueRequired\":true,\"valueName\":\"search_term_string\"}}],\"inLanguage\":\"en-US\"},{\"@type\":\"Organization\",\"@id\":\"https:\\\/\\\/www.allscore.de\\\/shop\\\/en\\\/#organization\",\"name\":\"All Score Media\",\"alternateName\":\"Allscore\",\"url\":\"https:\\\/\\\/www.allscore.de\\\/shop\\\/en\\\/\",\"logo\":{\"@type\":\"ImageObject\",\"inLanguage\":\"en-US\",\"@id\":\"https:\\\/\\\/www.allscore.de\\\/shop\\\/en\\\/#\\\/schema\\\/logo\\\/image\\\/\",\"url\":\"https:\\\/\\\/www.allscore.de\\\/shop\\\/wp-content\\\/uploads\\\/2026\\\/01\\\/Logo_Yoast_Shop_2026.png\",\"contentUrl\":\"https:\\\/\\\/www.allscore.de\\\/shop\\\/wp-content\\\/uploads\\\/2026\\\/01\\\/Logo_Yoast_Shop_2026.png\",\"width\":696,\"height\":696,\"caption\":\"All Score Media\"},\"image\":{\"@id\":\"https:\\\/\\\/www.allscore.de\\\/shop\\\/en\\\/#\\\/schema\\\/logo\\\/image\\\/\"}}]}<\/script>\n<!-- \/ Yoast SEO plugin. -->","yoast_head_json":{"title":"Professor van Dusen setzt auf Mord (09)","description":"An einem verschneiten Januarabend erh\u00e4lt Professor van Dusen unerwartet Besuch vom exzentrischen Lord Babbington. Dieser wartet sogleich mit einer unangenehmen \u00dcberraschung auf: Ein Freund des Lords, Angus Granger, wette, ihm w\u00fcrde das perfekte Verbrechen gelingen. Ein erhebliches Verm\u00f6gen st\u00fcnde dabei auf dem Spiel und van Dusen solle helfen, es zu retten. Die Denkmaschine will von derlei Dingen nichts wissen und komplimentiert den Lord hinaus, was sich jedoch als Fehler erweist. Nur wenige Tage sp\u00e4ter geschieht tats\u00e4chlich ein Mord im Central Park und alles deutet auf Granger als T\u00e4ter hin...  Professor van Dusen: Bernd Vollbrecht Hutchinson Hatch: Nicolai Tegeler Angus Granger: Bernd Stephan Lord Cecil Babbington: J\u00fcrgen Kluckert Clifton Huxley: Tino Kie\u00dfling Inspektor Gilbert Fox: Dirk M\u00fcller Rudolph Slaught: Christian Rode Wilbur Wetlook: Tobias Nath Cole Hightower: Martin Sabel Alwyn Low: Wolfgang Draeger Zack Sweeney: Kaspar Eichel Burt Young: Robert Missler Geschworener: Lutz Harder u.a.  Regie: Gerd Naumann Buch: Marc Freund Komponist: Christian Bluthardt Sounddesign, Mischung &amp; Master: Tom Steinbrecher  Spieldauer: ca. 68 Minuten","robots":{"index":"index","follow":"follow","max-snippet":"max-snippet:-1","max-image-preview":"max-image-preview:large","max-video-preview":"max-video-preview:-1"},"canonical":"https:\/\/www.allscore.de\/shop\/en\/produkt\/professor-van-dusen-setzt-auf-mord\/","og_locale":"en_US","og_type":"article","og_title":"Professor van Dusen setzt auf Mord (09)","og_description":"An einem verschneiten Januarabend erh\u00e4lt Professor van Dusen unerwartet Besuch vom exzentrischen Lord Babbington. Dieser wartet sogleich mit einer unangenehmen \u00dcberraschung auf: Ein Freund des Lords, Angus Granger, wette, ihm w\u00fcrde das perfekte Verbrechen gelingen. Ein erhebliches Verm\u00f6gen st\u00fcnde dabei auf dem Spiel und van Dusen solle helfen, es zu retten. Die Denkmaschine will von derlei Dingen nichts wissen und komplimentiert den Lord hinaus, was sich jedoch als Fehler erweist. Nur wenige Tage sp\u00e4ter geschieht tats\u00e4chlich ein Mord im Central Park und alles deutet auf Granger als T\u00e4ter hin...  Professor van Dusen: Bernd Vollbrecht Hutchinson Hatch: Nicolai Tegeler Angus Granger: Bernd Stephan Lord Cecil Babbington: J\u00fcrgen Kluckert Clifton Huxley: Tino Kie\u00dfling Inspektor Gilbert Fox: Dirk M\u00fcller Rudolph Slaught: Christian Rode Wilbur Wetlook: Tobias Nath Cole Hightower: Martin Sabel Alwyn Low: Wolfgang Draeger Zack Sweeney: Kaspar Eichel Burt Young: Robert Missler Geschworener: Lutz Harder u.a.  Regie: Gerd Naumann Buch: Marc Freund Komponist: Christian Bluthardt Sounddesign, Mischung &amp; Master: Tom Steinbrecher  Spieldauer: ca. 68 Minuten","og_url":"https:\/\/www.allscore.de\/shop\/en\/produkt\/professor-van-dusen-setzt-auf-mord\/","og_site_name":"Allscore Shop","article_modified_time":"2024-02-13T17:17:13+00:00","og_image":[{"width":1200,"height":1200,"url":"https:\/\/www.allscore.de\/shop\/wp-content\/uploads\/2020\/09\/PvD09_1200x1200.jpg","type":"image\/jpeg"}],"twitter_card":"summary_large_image","twitter_misc":{"Est. reading time":"2 minutes"},"schema":{"@context":"https:\/\/schema.org","@graph":[{"@type":"WebPage","@id":"https:\/\/www.allscore.de\/shop\/en\/produkt\/professor-van-dusen-setzt-auf-mord\/","url":"https:\/\/www.allscore.de\/shop\/en\/produkt\/professor-van-dusen-setzt-auf-mord\/","name":"Professor van Dusen setzt auf Mord (09)","isPartOf":{"@id":"https:\/\/www.allscore.de\/shop\/en\/#website"},"primaryImageOfPage":{"@id":"https:\/\/www.allscore.de\/shop\/en\/produkt\/professor-van-dusen-setzt-auf-mord\/#primaryimage"},"image":{"@id":"https:\/\/www.allscore.de\/shop\/en\/produkt\/professor-van-dusen-setzt-auf-mord\/#primaryimage"},"thumbnailUrl":"https:\/\/www.allscore.de\/shop\/wp-content\/uploads\/2020\/09\/PvD09_1200x1200.jpg","datePublished":"2020-09-08T14:52:49+00:00","dateModified":"2024-02-13T17:17:13+00:00","description":"An einem verschneiten Januarabend erh\u00e4lt Professor van Dusen unerwartet Besuch vom exzentrischen Lord Babbington. Dieser wartet sogleich mit einer unangenehmen \u00dcberraschung auf: Ein Freund des Lords, Angus Granger, wette, ihm w\u00fcrde das perfekte Verbrechen gelingen. Ein erhebliches Verm\u00f6gen st\u00fcnde dabei auf dem Spiel und van Dusen solle helfen, es zu retten. Die Denkmaschine will von derlei Dingen nichts wissen und komplimentiert den Lord hinaus, was sich jedoch als Fehler erweist. Nur wenige Tage sp\u00e4ter geschieht tats\u00e4chlich ein Mord im Central Park und alles deutet auf Granger als T\u00e4ter hin... Professor van Dusen: Bernd Vollbrecht Hutchinson Hatch: Nicolai Tegeler Angus Granger: Bernd Stephan Lord Cecil Babbington: J\u00fcrgen Kluckert Clifton Huxley: Tino Kie\u00dfling Inspektor Gilbert Fox: Dirk M\u00fcller Rudolph Slaught: Christian Rode Wilbur Wetlook: Tobias Nath Cole Hightower: Martin Sabel Alwyn Low: Wolfgang Draeger Zack Sweeney: Kaspar Eichel Burt Young: Robert Missler Geschworener: Lutz Harder u.a. Regie: Gerd Naumann Buch: Marc Freund Komponist: Christian Bluthardt Sounddesign, Mischung &amp; Master: Tom Steinbrecher Spieldauer: ca. 68 Minuten","breadcrumb":{"@id":"https:\/\/www.allscore.de\/shop\/en\/produkt\/professor-van-dusen-setzt-auf-mord\/#breadcrumb"},"inLanguage":"en-US","potentialAction":[{"@type":"ReadAction","target":["https:\/\/www.allscore.de\/shop\/en\/produkt\/professor-van-dusen-setzt-auf-mord\/"]}]},{"@type":"ImageObject","inLanguage":"en-US","@id":"https:\/\/www.allscore.de\/shop\/en\/produkt\/professor-van-dusen-setzt-auf-mord\/#primaryimage","url":"https:\/\/www.allscore.de\/shop\/wp-content\/uploads\/2020\/09\/PvD09_1200x1200.jpg","contentUrl":"https:\/\/www.allscore.de\/shop\/wp-content\/uploads\/2020\/09\/PvD09_1200x1200.jpg","width":1200,"height":1200,"caption":"Professor van Dusen setzt auf Mord"},{"@type":"BreadcrumbList","@id":"https:\/\/www.allscore.de\/shop\/en\/produkt\/professor-van-dusen-setzt-auf-mord\/#breadcrumb","itemListElement":[{"@type":"ListItem","position":1,"name":"Startseite","item":"https:\/\/www.allscore.de\/shop\/en\/"},{"@type":"ListItem","position":2,"name":"Products","item":"https:\/\/www.allscore.de\/shop\/en\/shop\/"},{"@type":"ListItem","position":3,"name":"Professor van Dusen setzt auf Mord (09)"}]},{"@type":"WebSite","@id":"https:\/\/www.allscore.de\/shop\/en\/#website","url":"https:\/\/www.allscore.de\/shop\/en\/","name":"Allscore Shop","description":"All Score Media","publisher":{"@id":"https:\/\/www.allscore.de\/shop\/en\/#organization"},"potentialAction":[{"@type":"SearchAction","target":{"@type":"EntryPoint","urlTemplate":"https:\/\/www.allscore.de\/shop\/en\/?s={search_term_string}"},"query-input":{"@type":"PropertyValueSpecification","valueRequired":true,"valueName":"search_term_string"}}],"inLanguage":"en-US"},{"@type":"Organization","@id":"https:\/\/www.allscore.de\/shop\/en\/#organization","name":"All Score Media","alternateName":"Allscore","url":"https:\/\/www.allscore.de\/shop\/en\/","logo":{"@type":"ImageObject","inLanguage":"en-US","@id":"https:\/\/www.allscore.de\/shop\/en\/#\/schema\/logo\/image\/","url":"https:\/\/www.allscore.de\/shop\/wp-content\/uploads\/2026\/01\/Logo_Yoast_Shop_2026.png","contentUrl":"https:\/\/www.allscore.de\/shop\/wp-content\/uploads\/2026\/01\/Logo_Yoast_Shop_2026.png","width":696,"height":696,"caption":"All Score Media"},"image":{"@id":"https:\/\/www.allscore.de\/shop\/en\/#\/schema\/logo\/image\/"}}]}},"_links":{"self":[{"href":"https:\/\/www.allscore.de\/shop\/en\/wp-json\/wp\/v2\/product\/7447","targetHints":{"allow":["GET"]}}],"collection":[{"href":"https:\/\/www.allscore.de\/shop\/en\/wp-json\/wp\/v2\/product"}],"about":[{"href":"https:\/\/www.allscore.de\/shop\/en\/wp-json\/wp\/v2\/types\/product"}],"wp:featuredmedia":[{"embeddable":true,"href":"https:\/\/www.allscore.de\/shop\/en\/wp-json\/wp\/v2\/media\/7449"}],"wp:attachment":[{"href":"https:\/\/www.allscore.de\/shop\/en\/wp-json\/wp\/v2\/media?parent=7447"}],"wp:term":[{"taxonomy":"product_brand","embeddable":true,"href":"https:\/\/www.allscore.de\/shop\/en\/wp-json\/wp\/v2\/product_brand?post=7447"},{"taxonomy":"product_cat","embeddable":true,"href":"https:\/\/www.allscore.de\/shop\/en\/wp-json\/wp\/v2\/product_cat?post=7447"},{"taxonomy":"product_tag","embeddable":true,"href":"https:\/\/www.allscore.de\/shop\/en\/wp-json\/wp\/v2\/product_tag?post=7447"}],"curies":[{"name":"wp","href":"https:\/\/api.w.org\/{rel}","templated":true}]}}