{"id":7443,"date":"2016-11-08T16:21:27","date_gmt":"2020-09-08T14:21:28","guid":{"rendered":"https:\/\/www.allscore.de\/shop\/?post_type=product&#038;p=7443"},"modified":"2024-12-04T15:48:40","modified_gmt":"2024-12-04T14:48:40","slug":"professor-van-dusen-und-der-erfundene-tod","status":"publish","type":"product","link":"https:\/\/www.allscore.de\/shop\/en\/produkt\/professor-van-dusen-und-der-erfundene-tod\/","title":{"rendered":"Professor van Dusen und der erfundene Tod (08)"},"content":{"rendered":"<p>PRESSE<\/p>\n<p><a href=\"http:\/\/www.poldis-hoerspielseite.de\/z2512.htm\" target=\"blank\" rel=\"noopener noreferrer\">Poldis H\u00f6rspielseite<\/a> [Jan. 2017]: &#8220;Die pfiffige Aufl\u00f6sung und die starken Charaktere sorgen f\u00fcr eine weitere starke Folge der Serie.&#8221;<\/p>\n<p><a href=\"http:\/\/www.monstersandcritics.de\/professor-van-dusen-fall-8-professor-van-dusen-und-der-erfundene-tod-hoerspielkritik\/\" target=\"blank\" rel=\"noopener noreferrer\">Monsters &amp; Critics<\/a> [Dez. 2016]: &#8220;&#8230; immer wieder eine spannende Kriminalgeschichte&#8230; 9 von 10 Punkten!&#8221;<\/p>\n<p><a href=\"http:\/\/hoerspatz.de\/texte_rezis\/dusen_neue_08.htm\" target=\"blank\" rel=\"noopener noreferrer\">H\u00f6rspatz<\/a> [Dez. 2016]: &#8220;Mit &#8216;Der erfundene Tod&#8217; legt das Produktionsteam um Regisseur Gerd Naumann erneut eine sehr gelungene Folge nach &#8211; H\u00f6rtipp!&#8221;<\/p>\n<p><a href=\"http:\/\/hoerbuchjunkies.com\/Professor-van-Dusen-und-der-erfundene-Tod.htm\" target=\"blank\" rel=\"noopener noreferrer\">Hoerbuchjunkies.com<\/a> [Nov. 2016]: &#8220;Erneut eine Folge, die mit intelligenter Geschichte und tollen Sprechern beweisen kann, dass guter Krimi keine gro\u00dfen Knalleffekte braucht. Die qualitativ hochwertige Produktion und die gelungene Soundkulisse tun ihr \u00dcbriges um restlos zu \u00fcberzeugen. Volle Punktzahl und unbedingte H\u00f6rempfehlung \u2013 nicht nur f\u00fcr Fans!&#8221;<\/p>\n<p><a href=\"http:\/\/www.buchtips.net\/rez9532-die-neuen-faelle-fall-8-professor-van-dusen-und-der-erfundene-tod.htm\" target=\"blank\" rel=\"noopener noreferrer\">Buchtips.net<\/a> [Nov. 2016]: &#8220;&#8230; ist &#8216;Professor van Dusen und der erfundene Tod&#8217; ein wirklich gutes H\u00f6rspiel. Fans der Denkmaschine kommen hier voll und ganz auf ihre Kosten.&#8221;<\/p>\n","protected":false},"excerpt":{"rendered":"<p>Professor van Dusen nimmt an einer Ausstellung der besonderen Art teil: Im Battery Park von Manhattan geben sich ber\u00fchmte Erfinder die Ehre, um ihre neuesten Werke vorzustellen. Doch es scheint, als l\u00e4ge ein Fluch \u00fcber der Veranstaltung, denn gleich am Er\u00f6ffnungstag kommt es zu einem entsetzlichen Todesfall. War es Unfall oder Mord? Die Denkmaschine geht dieser Frage nach und findet schnell heraus, dass es irgendjemand auf das Leben der Erfinder abgesehen hat. Da ereignet sich ein weiterer Anschlag. Doch wo liegt das Motiv und wer ist f\u00fcr die Sabotageakte und Morde verantwortlich? Der Professor und sein kriminologischer Assistent Hutchinson Hatch setzen alles auf eine Karte, um dem unbekannten M\u00f6rder eine Falle zu stellen.<\/p>\n<p>Professor van Dusen: Bernd Vollbrecht<br \/>\nHutchinson Hatch: Nicolai Tegeler<br \/>\nDet. Serg. Rigoletto Caruso: Gerald Paradies<br \/>\nTheodore Sullivan: Wolfgang Condrus<br \/>\nHenry W. Toller: Mogens von Gadow<br \/>\nDr. Fennimore Sparkle: Christian Rode<br \/>\nStanley MacIntosh: Hans-Eckart Eckhardt<br \/>\nJane Highstaple: Ilka Teichm\u00fcller<br \/>\nNolan Wineford: J\u00f6rg Hengstler<br \/>\nMelvin Hook: Dirk Hardegen<br \/>\nEdna Creager: Hildegard Meier<br \/>\nu.a.<\/p>\n<p>Regie: Gerd Naumann<br \/>\nBuch: Marc Freund<br \/>\nKomponist: Christian Bluthardt<br \/>\nSounddesign, Mischung &amp; Master: Tom Steinbrecher<\/p>\n<p>Spieldauer: ca. 76 Minuten<\/p>\n","protected":false},"featured_media":7445,"template":"","meta":[],"product_brand":[],"product_cat":[199,211],"product_tag":[],"class_list":{"0":"post-7443","1":"product","2":"type-product","3":"status-publish","4":"has-post-thumbnail","6":"product_cat-hoerspiele-en","7":"product_cat-professor-van-dusen-neue-faelle-en","8":"product_shipping_class-tontraeger-cd-en","9":"entry","10":"clearfix","11":"entry-grid","12":"entry-columns-3","13":"entry-product-module-layout-sidebar-right","14":"thumbnail-color-tone-dark","15":"entry-product","17":"entry-product-grid","19":"first","20":"instock","21":"taxable","22":"shipping-taxable","23":"purchasable","24":"product-type-simple"},"yoast_head":"<!-- This site is optimized with the Yoast SEO plugin v27.4 - https:\/\/yoast.com\/product\/yoast-seo-wordpress\/ -->\n<title>Professor van Dusen und der erfundene Tod (08)<\/title>\n<meta name=\"description\" content=\"Professor van Dusen nimmt an einer Ausstellung der besonderen Art teil: Im Battery Park von Manhattan geben sich ber\u00fchmte Erfinder die Ehre, um ihre neuesten Werke vorzustellen. Doch es scheint, als l\u00e4ge ein Fluch \u00fcber der Veranstaltung, denn gleich am Er\u00f6ffnungstag kommt es zu einem entsetzlichen Todesfall. War es Unfall oder Mord? Die Denkmaschine geht dieser Frage nach und findet schnell heraus, dass es irgendjemand auf das Leben der Erfinder abgesehen hat. Da ereignet sich ein weiterer Anschlag. Doch wo liegt das Motiv und wer ist f\u00fcr die Sabotageakte und Morde verantwortlich? Der Professor und sein kriminologischer Assistent Hutchinson Hatch setzen alles auf eine Karte, um dem unbekannten M\u00f6rder eine Falle zu stellen.  Professor van Dusen: Bernd Vollbrecht Hutchinson Hatch: Nicolai Tegeler Det. Serg. Rigoletto Caruso: Gerald Paradies Theodore Sullivan: Wolfgang Condrus Henry W. Toller: Mogens von Gadow Dr. Fennimore Sparkle: Christian Rode Stanley MacIntosh: Hans-Eckart Eckhardt Jane Highstaple: Ilka Teichm\u00fcller Nolan Wineford: J\u00f6rg Hengstler Melvin Hook: Dirk Hardegen Edna Creager: Hildegard Meier u.a.  Regie: Gerd Naumann Buch: Marc Freund Komponist: Christian Bluthardt Sounddesign, Mischung &amp; Master: Tom Steinbrecher  Spieldauer: ca. 76 Minuten\" \/>\n<meta name=\"robots\" content=\"index, follow, max-snippet:-1, max-image-preview:large, max-video-preview:-1\" \/>\n<link rel=\"canonical\" href=\"https:\/\/www.allscore.de\/shop\/en\/produkt\/professor-van-dusen-und-der-erfundene-tod\/\" \/>\n<meta property=\"og:locale\" content=\"en_US\" \/>\n<meta property=\"og:type\" content=\"article\" \/>\n<meta property=\"og:title\" content=\"Professor van Dusen und der erfundene Tod (08)\" \/>\n<meta property=\"og:description\" content=\"Professor van Dusen nimmt an einer Ausstellung der besonderen Art teil: Im Battery Park von Manhattan geben sich ber\u00fchmte Erfinder die Ehre, um ihre neuesten Werke vorzustellen. Doch es scheint, als l\u00e4ge ein Fluch \u00fcber der Veranstaltung, denn gleich am Er\u00f6ffnungstag kommt es zu einem entsetzlichen Todesfall. War es Unfall oder Mord? Die Denkmaschine geht dieser Frage nach und findet schnell heraus, dass es irgendjemand auf das Leben der Erfinder abgesehen hat. Da ereignet sich ein weiterer Anschlag. Doch wo liegt das Motiv und wer ist f\u00fcr die Sabotageakte und Morde verantwortlich? Der Professor und sein kriminologischer Assistent Hutchinson Hatch setzen alles auf eine Karte, um dem unbekannten M\u00f6rder eine Falle zu stellen.  Professor van Dusen: Bernd Vollbrecht Hutchinson Hatch: Nicolai Tegeler Det. Serg. Rigoletto Caruso: Gerald Paradies Theodore Sullivan: Wolfgang Condrus Henry W. Toller: Mogens von Gadow Dr. Fennimore Sparkle: Christian Rode Stanley MacIntosh: Hans-Eckart Eckhardt Jane Highstaple: Ilka Teichm\u00fcller Nolan Wineford: J\u00f6rg Hengstler Melvin Hook: Dirk Hardegen Edna Creager: Hildegard Meier u.a.  Regie: Gerd Naumann Buch: Marc Freund Komponist: Christian Bluthardt Sounddesign, Mischung &amp; Master: Tom Steinbrecher  Spieldauer: ca. 76 Minuten\" \/>\n<meta property=\"og:url\" content=\"https:\/\/www.allscore.de\/shop\/en\/produkt\/professor-van-dusen-und-der-erfundene-tod\/\" \/>\n<meta property=\"og:site_name\" content=\"Allscore Shop\" \/>\n<meta property=\"article:modified_time\" content=\"2024-12-04T14:48:40+00:00\" \/>\n<meta property=\"og:image\" content=\"https:\/\/www.allscore.de\/shop\/wp-content\/uploads\/2020\/09\/PvD08_1200x1200.jpg\" \/>\n\t<meta property=\"og:image:width\" content=\"1200\" \/>\n\t<meta property=\"og:image:height\" content=\"1200\" \/>\n\t<meta property=\"og:image:type\" content=\"image\/jpeg\" \/>\n<meta name=\"twitter:card\" content=\"summary_large_image\" \/>\n<meta name=\"twitter:label1\" content=\"Est. reading time\" \/>\n\t<meta name=\"twitter:data1\" content=\"1 minute\" \/>\n<script type=\"application\/ld+json\" class=\"yoast-schema-graph\">{\"@context\":\"https:\\\/\\\/schema.org\",\"@graph\":[{\"@type\":\"WebPage\",\"@id\":\"https:\\\/\\\/www.allscore.de\\\/shop\\\/en\\\/produkt\\\/professor-van-dusen-und-der-erfundene-tod\\\/\",\"url\":\"https:\\\/\\\/www.allscore.de\\\/shop\\\/en\\\/produkt\\\/professor-van-dusen-und-der-erfundene-tod\\\/\",\"name\":\"Professor van Dusen und der erfundene Tod (08)\",\"isPartOf\":{\"@id\":\"https:\\\/\\\/www.allscore.de\\\/shop\\\/en\\\/#website\"},\"primaryImageOfPage\":{\"@id\":\"https:\\\/\\\/www.allscore.de\\\/shop\\\/en\\\/produkt\\\/professor-van-dusen-und-der-erfundene-tod\\\/#primaryimage\"},\"image\":{\"@id\":\"https:\\\/\\\/www.allscore.de\\\/shop\\\/en\\\/produkt\\\/professor-van-dusen-und-der-erfundene-tod\\\/#primaryimage\"},\"thumbnailUrl\":\"https:\\\/\\\/www.allscore.de\\\/shop\\\/wp-content\\\/uploads\\\/2020\\\/09\\\/PvD08_1200x1200.jpg\",\"datePublished\":\"2020-09-08T14:21:28+00:00\",\"dateModified\":\"2024-12-04T14:48:40+00:00\",\"description\":\"Professor van Dusen nimmt an einer Ausstellung der besonderen Art teil: Im Battery Park von Manhattan geben sich ber\u00fchmte Erfinder die Ehre, um ihre neuesten Werke vorzustellen. Doch es scheint, als l\u00e4ge ein Fluch \u00fcber der Veranstaltung, denn gleich am Er\u00f6ffnungstag kommt es zu einem entsetzlichen Todesfall. War es Unfall oder Mord? Die Denkmaschine geht dieser Frage nach und findet schnell heraus, dass es irgendjemand auf das Leben der Erfinder abgesehen hat. Da ereignet sich ein weiterer Anschlag. Doch wo liegt das Motiv und wer ist f\u00fcr die Sabotageakte und Morde verantwortlich? Der Professor und sein kriminologischer Assistent Hutchinson Hatch setzen alles auf eine Karte, um dem unbekannten M\u00f6rder eine Falle zu stellen. Professor van Dusen: Bernd Vollbrecht Hutchinson Hatch: Nicolai Tegeler Det. Serg. Rigoletto Caruso: Gerald Paradies Theodore Sullivan: Wolfgang Condrus Henry W. Toller: Mogens von Gadow Dr. Fennimore Sparkle: Christian Rode Stanley MacIntosh: Hans-Eckart Eckhardt Jane Highstaple: Ilka Teichm\u00fcller Nolan Wineford: J\u00f6rg Hengstler Melvin Hook: Dirk Hardegen Edna Creager: Hildegard Meier u.a. Regie: Gerd Naumann Buch: Marc Freund Komponist: Christian Bluthardt Sounddesign, Mischung &amp; Master: Tom Steinbrecher Spieldauer: ca. 76 Minuten\",\"breadcrumb\":{\"@id\":\"https:\\\/\\\/www.allscore.de\\\/shop\\\/en\\\/produkt\\\/professor-van-dusen-und-der-erfundene-tod\\\/#breadcrumb\"},\"inLanguage\":\"en-US\",\"potentialAction\":[{\"@type\":\"ReadAction\",\"target\":[\"https:\\\/\\\/www.allscore.de\\\/shop\\\/en\\\/produkt\\\/professor-van-dusen-und-der-erfundene-tod\\\/\"]}]},{\"@type\":\"ImageObject\",\"inLanguage\":\"en-US\",\"@id\":\"https:\\\/\\\/www.allscore.de\\\/shop\\\/en\\\/produkt\\\/professor-van-dusen-und-der-erfundene-tod\\\/#primaryimage\",\"url\":\"https:\\\/\\\/www.allscore.de\\\/shop\\\/wp-content\\\/uploads\\\/2020\\\/09\\\/PvD08_1200x1200.jpg\",\"contentUrl\":\"https:\\\/\\\/www.allscore.de\\\/shop\\\/wp-content\\\/uploads\\\/2020\\\/09\\\/PvD08_1200x1200.jpg\",\"width\":1200,\"height\":1200,\"caption\":\"Professor van Dusen und der erfundene Tod\"},{\"@type\":\"BreadcrumbList\",\"@id\":\"https:\\\/\\\/www.allscore.de\\\/shop\\\/en\\\/produkt\\\/professor-van-dusen-und-der-erfundene-tod\\\/#breadcrumb\",\"itemListElement\":[{\"@type\":\"ListItem\",\"position\":1,\"name\":\"Startseite\",\"item\":\"https:\\\/\\\/www.allscore.de\\\/shop\\\/en\\\/\"},{\"@type\":\"ListItem\",\"position\":2,\"name\":\"Products\",\"item\":\"https:\\\/\\\/www.allscore.de\\\/shop\\\/en\\\/shop\\\/\"},{\"@type\":\"ListItem\",\"position\":3,\"name\":\"Professor van Dusen und der erfundene Tod (08)\"}]},{\"@type\":\"WebSite\",\"@id\":\"https:\\\/\\\/www.allscore.de\\\/shop\\\/en\\\/#website\",\"url\":\"https:\\\/\\\/www.allscore.de\\\/shop\\\/en\\\/\",\"name\":\"Allscore Shop\",\"description\":\"All Score Media\",\"publisher\":{\"@id\":\"https:\\\/\\\/www.allscore.de\\\/shop\\\/en\\\/#organization\"},\"potentialAction\":[{\"@type\":\"SearchAction\",\"target\":{\"@type\":\"EntryPoint\",\"urlTemplate\":\"https:\\\/\\\/www.allscore.de\\\/shop\\\/en\\\/?s={search_term_string}\"},\"query-input\":{\"@type\":\"PropertyValueSpecification\",\"valueRequired\":true,\"valueName\":\"search_term_string\"}}],\"inLanguage\":\"en-US\"},{\"@type\":\"Organization\",\"@id\":\"https:\\\/\\\/www.allscore.de\\\/shop\\\/en\\\/#organization\",\"name\":\"All Score Media\",\"alternateName\":\"Allscore\",\"url\":\"https:\\\/\\\/www.allscore.de\\\/shop\\\/en\\\/\",\"logo\":{\"@type\":\"ImageObject\",\"inLanguage\":\"en-US\",\"@id\":\"https:\\\/\\\/www.allscore.de\\\/shop\\\/en\\\/#\\\/schema\\\/logo\\\/image\\\/\",\"url\":\"https:\\\/\\\/www.allscore.de\\\/shop\\\/wp-content\\\/uploads\\\/2026\\\/01\\\/Logo_Yoast_Shop_2026.png\",\"contentUrl\":\"https:\\\/\\\/www.allscore.de\\\/shop\\\/wp-content\\\/uploads\\\/2026\\\/01\\\/Logo_Yoast_Shop_2026.png\",\"width\":696,\"height\":696,\"caption\":\"All Score Media\"},\"image\":{\"@id\":\"https:\\\/\\\/www.allscore.de\\\/shop\\\/en\\\/#\\\/schema\\\/logo\\\/image\\\/\"}}]}<\/script>\n<!-- \/ Yoast SEO plugin. -->","yoast_head_json":{"title":"Professor van Dusen und der erfundene Tod (08)","description":"Professor van Dusen nimmt an einer Ausstellung der besonderen Art teil: Im Battery Park von Manhattan geben sich ber\u00fchmte Erfinder die Ehre, um ihre neuesten Werke vorzustellen. Doch es scheint, als l\u00e4ge ein Fluch \u00fcber der Veranstaltung, denn gleich am Er\u00f6ffnungstag kommt es zu einem entsetzlichen Todesfall. War es Unfall oder Mord? Die Denkmaschine geht dieser Frage nach und findet schnell heraus, dass es irgendjemand auf das Leben der Erfinder abgesehen hat. Da ereignet sich ein weiterer Anschlag. Doch wo liegt das Motiv und wer ist f\u00fcr die Sabotageakte und Morde verantwortlich? Der Professor und sein kriminologischer Assistent Hutchinson Hatch setzen alles auf eine Karte, um dem unbekannten M\u00f6rder eine Falle zu stellen.  Professor van Dusen: Bernd Vollbrecht Hutchinson Hatch: Nicolai Tegeler Det. Serg. Rigoletto Caruso: Gerald Paradies Theodore Sullivan: Wolfgang Condrus Henry W. Toller: Mogens von Gadow Dr. Fennimore Sparkle: Christian Rode Stanley MacIntosh: Hans-Eckart Eckhardt Jane Highstaple: Ilka Teichm\u00fcller Nolan Wineford: J\u00f6rg Hengstler Melvin Hook: Dirk Hardegen Edna Creager: Hildegard Meier u.a.  Regie: Gerd Naumann Buch: Marc Freund Komponist: Christian Bluthardt Sounddesign, Mischung &amp; Master: Tom Steinbrecher  Spieldauer: ca. 76 Minuten","robots":{"index":"index","follow":"follow","max-snippet":"max-snippet:-1","max-image-preview":"max-image-preview:large","max-video-preview":"max-video-preview:-1"},"canonical":"https:\/\/www.allscore.de\/shop\/en\/produkt\/professor-van-dusen-und-der-erfundene-tod\/","og_locale":"en_US","og_type":"article","og_title":"Professor van Dusen und der erfundene Tod (08)","og_description":"Professor van Dusen nimmt an einer Ausstellung der besonderen Art teil: Im Battery Park von Manhattan geben sich ber\u00fchmte Erfinder die Ehre, um ihre neuesten Werke vorzustellen. Doch es scheint, als l\u00e4ge ein Fluch \u00fcber der Veranstaltung, denn gleich am Er\u00f6ffnungstag kommt es zu einem entsetzlichen Todesfall. War es Unfall oder Mord? Die Denkmaschine geht dieser Frage nach und findet schnell heraus, dass es irgendjemand auf das Leben der Erfinder abgesehen hat. Da ereignet sich ein weiterer Anschlag. Doch wo liegt das Motiv und wer ist f\u00fcr die Sabotageakte und Morde verantwortlich? Der Professor und sein kriminologischer Assistent Hutchinson Hatch setzen alles auf eine Karte, um dem unbekannten M\u00f6rder eine Falle zu stellen.  Professor van Dusen: Bernd Vollbrecht Hutchinson Hatch: Nicolai Tegeler Det. Serg. Rigoletto Caruso: Gerald Paradies Theodore Sullivan: Wolfgang Condrus Henry W. Toller: Mogens von Gadow Dr. Fennimore Sparkle: Christian Rode Stanley MacIntosh: Hans-Eckart Eckhardt Jane Highstaple: Ilka Teichm\u00fcller Nolan Wineford: J\u00f6rg Hengstler Melvin Hook: Dirk Hardegen Edna Creager: Hildegard Meier u.a.  Regie: Gerd Naumann Buch: Marc Freund Komponist: Christian Bluthardt Sounddesign, Mischung &amp; Master: Tom Steinbrecher  Spieldauer: ca. 76 Minuten","og_url":"https:\/\/www.allscore.de\/shop\/en\/produkt\/professor-van-dusen-und-der-erfundene-tod\/","og_site_name":"Allscore Shop","article_modified_time":"2024-12-04T14:48:40+00:00","og_image":[{"width":1200,"height":1200,"url":"https:\/\/www.allscore.de\/shop\/wp-content\/uploads\/2020\/09\/PvD08_1200x1200.jpg","type":"image\/jpeg"}],"twitter_card":"summary_large_image","twitter_misc":{"Est. reading time":"1 minute"},"schema":{"@context":"https:\/\/schema.org","@graph":[{"@type":"WebPage","@id":"https:\/\/www.allscore.de\/shop\/en\/produkt\/professor-van-dusen-und-der-erfundene-tod\/","url":"https:\/\/www.allscore.de\/shop\/en\/produkt\/professor-van-dusen-und-der-erfundene-tod\/","name":"Professor van Dusen und der erfundene Tod (08)","isPartOf":{"@id":"https:\/\/www.allscore.de\/shop\/en\/#website"},"primaryImageOfPage":{"@id":"https:\/\/www.allscore.de\/shop\/en\/produkt\/professor-van-dusen-und-der-erfundene-tod\/#primaryimage"},"image":{"@id":"https:\/\/www.allscore.de\/shop\/en\/produkt\/professor-van-dusen-und-der-erfundene-tod\/#primaryimage"},"thumbnailUrl":"https:\/\/www.allscore.de\/shop\/wp-content\/uploads\/2020\/09\/PvD08_1200x1200.jpg","datePublished":"2020-09-08T14:21:28+00:00","dateModified":"2024-12-04T14:48:40+00:00","description":"Professor van Dusen nimmt an einer Ausstellung der besonderen Art teil: Im Battery Park von Manhattan geben sich ber\u00fchmte Erfinder die Ehre, um ihre neuesten Werke vorzustellen. Doch es scheint, als l\u00e4ge ein Fluch \u00fcber der Veranstaltung, denn gleich am Er\u00f6ffnungstag kommt es zu einem entsetzlichen Todesfall. War es Unfall oder Mord? Die Denkmaschine geht dieser Frage nach und findet schnell heraus, dass es irgendjemand auf das Leben der Erfinder abgesehen hat. Da ereignet sich ein weiterer Anschlag. Doch wo liegt das Motiv und wer ist f\u00fcr die Sabotageakte und Morde verantwortlich? Der Professor und sein kriminologischer Assistent Hutchinson Hatch setzen alles auf eine Karte, um dem unbekannten M\u00f6rder eine Falle zu stellen. Professor van Dusen: Bernd Vollbrecht Hutchinson Hatch: Nicolai Tegeler Det. Serg. Rigoletto Caruso: Gerald Paradies Theodore Sullivan: Wolfgang Condrus Henry W. Toller: Mogens von Gadow Dr. Fennimore Sparkle: Christian Rode Stanley MacIntosh: Hans-Eckart Eckhardt Jane Highstaple: Ilka Teichm\u00fcller Nolan Wineford: J\u00f6rg Hengstler Melvin Hook: Dirk Hardegen Edna Creager: Hildegard Meier u.a. Regie: Gerd Naumann Buch: Marc Freund Komponist: Christian Bluthardt Sounddesign, Mischung &amp; Master: Tom Steinbrecher Spieldauer: ca. 76 Minuten","breadcrumb":{"@id":"https:\/\/www.allscore.de\/shop\/en\/produkt\/professor-van-dusen-und-der-erfundene-tod\/#breadcrumb"},"inLanguage":"en-US","potentialAction":[{"@type":"ReadAction","target":["https:\/\/www.allscore.de\/shop\/en\/produkt\/professor-van-dusen-und-der-erfundene-tod\/"]}]},{"@type":"ImageObject","inLanguage":"en-US","@id":"https:\/\/www.allscore.de\/shop\/en\/produkt\/professor-van-dusen-und-der-erfundene-tod\/#primaryimage","url":"https:\/\/www.allscore.de\/shop\/wp-content\/uploads\/2020\/09\/PvD08_1200x1200.jpg","contentUrl":"https:\/\/www.allscore.de\/shop\/wp-content\/uploads\/2020\/09\/PvD08_1200x1200.jpg","width":1200,"height":1200,"caption":"Professor van Dusen und der erfundene Tod"},{"@type":"BreadcrumbList","@id":"https:\/\/www.allscore.de\/shop\/en\/produkt\/professor-van-dusen-und-der-erfundene-tod\/#breadcrumb","itemListElement":[{"@type":"ListItem","position":1,"name":"Startseite","item":"https:\/\/www.allscore.de\/shop\/en\/"},{"@type":"ListItem","position":2,"name":"Products","item":"https:\/\/www.allscore.de\/shop\/en\/shop\/"},{"@type":"ListItem","position":3,"name":"Professor van Dusen und der erfundene Tod (08)"}]},{"@type":"WebSite","@id":"https:\/\/www.allscore.de\/shop\/en\/#website","url":"https:\/\/www.allscore.de\/shop\/en\/","name":"Allscore Shop","description":"All Score Media","publisher":{"@id":"https:\/\/www.allscore.de\/shop\/en\/#organization"},"potentialAction":[{"@type":"SearchAction","target":{"@type":"EntryPoint","urlTemplate":"https:\/\/www.allscore.de\/shop\/en\/?s={search_term_string}"},"query-input":{"@type":"PropertyValueSpecification","valueRequired":true,"valueName":"search_term_string"}}],"inLanguage":"en-US"},{"@type":"Organization","@id":"https:\/\/www.allscore.de\/shop\/en\/#organization","name":"All Score Media","alternateName":"Allscore","url":"https:\/\/www.allscore.de\/shop\/en\/","logo":{"@type":"ImageObject","inLanguage":"en-US","@id":"https:\/\/www.allscore.de\/shop\/en\/#\/schema\/logo\/image\/","url":"https:\/\/www.allscore.de\/shop\/wp-content\/uploads\/2026\/01\/Logo_Yoast_Shop_2026.png","contentUrl":"https:\/\/www.allscore.de\/shop\/wp-content\/uploads\/2026\/01\/Logo_Yoast_Shop_2026.png","width":696,"height":696,"caption":"All Score Media"},"image":{"@id":"https:\/\/www.allscore.de\/shop\/en\/#\/schema\/logo\/image\/"}}]}},"_links":{"self":[{"href":"https:\/\/www.allscore.de\/shop\/en\/wp-json\/wp\/v2\/product\/7443","targetHints":{"allow":["GET"]}}],"collection":[{"href":"https:\/\/www.allscore.de\/shop\/en\/wp-json\/wp\/v2\/product"}],"about":[{"href":"https:\/\/www.allscore.de\/shop\/en\/wp-json\/wp\/v2\/types\/product"}],"wp:featuredmedia":[{"embeddable":true,"href":"https:\/\/www.allscore.de\/shop\/en\/wp-json\/wp\/v2\/media\/7445"}],"wp:attachment":[{"href":"https:\/\/www.allscore.de\/shop\/en\/wp-json\/wp\/v2\/media?parent=7443"}],"wp:term":[{"taxonomy":"product_brand","embeddable":true,"href":"https:\/\/www.allscore.de\/shop\/en\/wp-json\/wp\/v2\/product_brand?post=7443"},{"taxonomy":"product_cat","embeddable":true,"href":"https:\/\/www.allscore.de\/shop\/en\/wp-json\/wp\/v2\/product_cat?post=7443"},{"taxonomy":"product_tag","embeddable":true,"href":"https:\/\/www.allscore.de\/shop\/en\/wp-json\/wp\/v2\/product_tag?post=7443"}],"curies":[{"name":"wp","href":"https:\/\/api.w.org\/{rel}","templated":true}]}}