{"id":7426,"date":"2016-03-08T12:22:22","date_gmt":"2020-09-08T10:22:25","guid":{"rendered":"https:\/\/www.allscore.de\/shop\/?post_type=product&#038;p=7426"},"modified":"2024-02-12T13:33:35","modified_gmt":"2024-02-12T12:33:35","slug":"professor-van-dusen-und-das-haus-der-1-000-tueren","status":"publish","type":"product","link":"https:\/\/www.allscore.de\/shop\/en\/produkt\/professor-van-dusen-und-das-haus-der-1-000-tueren\/","title":{"rendered":"Professor van Dusen und das Haus der 1.000 T\u00fcren (05)"},"content":{"rendered":"<p>Professor van Dusen und das Haus der 1.000 T\u00fcren (5)<\/p>\n<p>Das Testament des amerikanischen Milliard\u00e4rs Hugh Vandergast ist gespickt mit \u00dcberraschungen: Jeder Erbe bekommt seinen Anteil nur dann, wenn er sich verpflichtet, den Rest seines Lebens in dem monstr\u00f6sen Haus \u201eIrongate\u201c zu verbringen. Die Schar der Erben ist emp\u00f6rt. Umso brisanter wird die Sache, als sich unerkl\u00e4rliche Ungl\u00fccksf\u00e4lle mit zum Teil t\u00f6dlichem Ausgang ereignen. Doch Vandergast hat noch jemanden in seinem Testament bedacht: Professor Dr. Dr. Dr. Augustus van Dusen! Und der braucht nicht lange, um herauszufinden, dass auf \u201eIrongate\u201c einiges im Argen liegt. Als auch er durch einen \u201eUnfall\u201c au\u00dfer Gefecht gesetzt wird, f\u00e4llt seinem treuen Begleiter Hutchinson Hatch die Aufgabe zu, die Ermittlungen voranzutreiben. Und die erweisen sich schnell als ausgesprochen gef\u00e4hrlich\u2026<\/p>\n<p>Professor van Dusen: Bernd Vollbrecht<br \/>\nHutchinson Hatch: Nicolai Tegeler<br \/>\nArnold Fletcher: Fabian Kluckert<br \/>\nHenry Wakefield: Peter Groeger<br \/>\nCassandra Wakefield: Margrit Stra\u00dfburger<br \/>\nJonathan Tate: Tino Kie\u00dfling<br \/>\nDr. Reginald Palmer: Manfred Lehmann<br \/>\nMarge Briggs: Sonja Deutsch<br \/>\nHarold Briggs: Thomas Petruo<br \/>\nLinda Coles: Katharina von Daake<br \/>\nJasper Meadows: Uwe Jellinek<br \/>\nu.a.<\/p>\n<p>Regie: Gerd Naumann<br \/>\nBuch: Marc Freund<br \/>\nKomponist: Christian Bluthardt<br \/>\nSounddesign, Mischung &amp; Master: Tom Steinbrecher<\/p>\n<p>Spieldauer: ca. 75 Minuten<\/p>\n","protected":false},"excerpt":{"rendered":"<p>Professor van Dusen und das Haus der 1.000 T\u00fcren (5) Das Testament des amerikanischen Milliard\u00e4rs Hugh Vandergast ist gespickt mit \u00dcberraschungen: Jeder Erbe bekommt seinen Anteil nur dann, wenn er sich verpflichtet, den Rest seines Lebens in dem monstr\u00f6sen Haus \u201eIrongate\u201c zu verbringen. Die Schar der Erben ist emp\u00f6rt. Umso brisanter wird die Sache, als&#8230;<\/p>\n<p><a rel=\"bookmark\" class=\"vonzot-button-simple wvc-button wvc-button-size-sm\" href=\"https:\/\/www.allscore.de\/shop\/en\/produkt\/professor-van-dusen-und-das-haus-der-1-000-tueren\/\"><span>Read more<\/span><\/a><\/p>\n","protected":false},"featured_media":7428,"template":"","meta":[],"product_brand":[],"product_cat":[199,211],"product_tag":[],"class_list":{"0":"post-7426","1":"product","2":"type-product","3":"status-publish","4":"has-post-thumbnail","6":"product_cat-hoerspiele-en","7":"product_cat-professor-van-dusen-neue-faelle-en","8":"product_shipping_class-tontraeger-cd-en","9":"entry","10":"clearfix","11":"entry-grid","12":"entry-columns-3","13":"entry-product-module-layout-sidebar-right","14":"thumbnail-color-tone-dark","15":"entry-product","17":"entry-product-grid","19":"first","20":"instock","21":"taxable","22":"shipping-taxable","23":"purchasable","24":"product-type-simple"},"yoast_head":"<!-- This site is optimized with the Yoast SEO plugin v27.3 - https:\/\/yoast.com\/product\/yoast-seo-wordpress\/ -->\n<title>Professor van Dusen und das Haus der 1.000 T\u00fcren (05)<\/title>\n<meta name=\"description\" content=\"Das Testament des amerikanischen Milliard\u00e4rs Hugh Vandergast ist gespickt mit \u00dcberraschungen: Jeder Erbe bekommt seinen Anteil nur dann, wenn er sich...\" \/>\n<meta name=\"robots\" content=\"index, follow, max-snippet:-1, max-image-preview:large, max-video-preview:-1\" \/>\n<link rel=\"canonical\" href=\"https:\/\/www.allscore.de\/shop\/en\/produkt\/professor-van-dusen-und-das-haus-der-1-000-tueren\/\" \/>\n<meta property=\"og:locale\" content=\"en_US\" \/>\n<meta property=\"og:type\" content=\"article\" \/>\n<meta property=\"og:title\" content=\"Professor van Dusen und das Haus der 1.000 T\u00fcren (05)\" \/>\n<meta property=\"og:description\" content=\"Das Testament des amerikanischen Milliard\u00e4rs Hugh Vandergast ist gespickt mit \u00dcberraschungen: Jeder Erbe bekommt seinen Anteil nur dann, wenn er sich verpflichtet, den Rest seines Lebens in dem monstr\u00f6sen Haus \u201eIrongate\u201c zu verbringen.\" \/>\n<meta property=\"og:url\" content=\"https:\/\/www.allscore.de\/shop\/en\/produkt\/professor-van-dusen-und-das-haus-der-1-000-tueren\/\" \/>\n<meta property=\"og:site_name\" content=\"Allscore Shop\" \/>\n<meta property=\"article:modified_time\" content=\"2024-02-12T12:33:35+00:00\" \/>\n<meta property=\"og:image\" content=\"https:\/\/www.allscore.de\/shop\/wp-content\/uploads\/2020\/09\/PvD05_1200x1200-300x300.jpg\" \/>\n<meta name=\"twitter:card\" content=\"summary_large_image\" \/>\n<meta name=\"twitter:label1\" content=\"Est. reading time\" \/>\n\t<meta name=\"twitter:data1\" content=\"1 minute\" \/>\n<script type=\"application\/ld+json\" class=\"yoast-schema-graph\">{\"@context\":\"https:\\\/\\\/schema.org\",\"@graph\":[{\"@type\":\"WebPage\",\"@id\":\"https:\\\/\\\/www.allscore.de\\\/shop\\\/en\\\/produkt\\\/professor-van-dusen-und-das-haus-der-1-000-tueren\\\/\",\"url\":\"https:\\\/\\\/www.allscore.de\\\/shop\\\/en\\\/produkt\\\/professor-van-dusen-und-das-haus-der-1-000-tueren\\\/\",\"name\":\"Professor van Dusen und das Haus der 1.000 T\u00fcren (05)\",\"isPartOf\":{\"@id\":\"https:\\\/\\\/www.allscore.de\\\/shop\\\/en\\\/#website\"},\"primaryImageOfPage\":{\"@id\":\"https:\\\/\\\/www.allscore.de\\\/shop\\\/en\\\/produkt\\\/professor-van-dusen-und-das-haus-der-1-000-tueren\\\/#primaryimage\"},\"image\":{\"@id\":\"https:\\\/\\\/www.allscore.de\\\/shop\\\/en\\\/produkt\\\/professor-van-dusen-und-das-haus-der-1-000-tueren\\\/#primaryimage\"},\"thumbnailUrl\":\"https:\\\/\\\/www.allscore.de\\\/shop\\\/wp-content\\\/uploads\\\/2020\\\/09\\\/PvD05_1200x1200.jpg\",\"datePublished\":\"2020-09-08T10:22:25+00:00\",\"dateModified\":\"2024-02-12T12:33:35+00:00\",\"description\":\"Das Testament des amerikanischen Milliard\u00e4rs Hugh Vandergast ist gespickt mit \u00dcberraschungen: Jeder Erbe bekommt seinen Anteil nur dann, wenn er sich...\",\"breadcrumb\":{\"@id\":\"https:\\\/\\\/www.allscore.de\\\/shop\\\/en\\\/produkt\\\/professor-van-dusen-und-das-haus-der-1-000-tueren\\\/#breadcrumb\"},\"inLanguage\":\"en-US\",\"potentialAction\":[{\"@type\":\"ReadAction\",\"target\":[\"https:\\\/\\\/www.allscore.de\\\/shop\\\/en\\\/produkt\\\/professor-van-dusen-und-das-haus-der-1-000-tueren\\\/\"]}]},{\"@type\":\"ImageObject\",\"inLanguage\":\"en-US\",\"@id\":\"https:\\\/\\\/www.allscore.de\\\/shop\\\/en\\\/produkt\\\/professor-van-dusen-und-das-haus-der-1-000-tueren\\\/#primaryimage\",\"url\":\"https:\\\/\\\/www.allscore.de\\\/shop\\\/wp-content\\\/uploads\\\/2020\\\/09\\\/PvD05_1200x1200.jpg\",\"contentUrl\":\"https:\\\/\\\/www.allscore.de\\\/shop\\\/wp-content\\\/uploads\\\/2020\\\/09\\\/PvD05_1200x1200.jpg\",\"width\":1200,\"height\":1200,\"caption\":\"Professor van Dusen und das Haus der 1.000 T\u00fcren\"},{\"@type\":\"BreadcrumbList\",\"@id\":\"https:\\\/\\\/www.allscore.de\\\/shop\\\/en\\\/produkt\\\/professor-van-dusen-und-das-haus-der-1-000-tueren\\\/#breadcrumb\",\"itemListElement\":[{\"@type\":\"ListItem\",\"position\":1,\"name\":\"Startseite\",\"item\":\"https:\\\/\\\/www.allscore.de\\\/shop\\\/en\\\/\"},{\"@type\":\"ListItem\",\"position\":2,\"name\":\"Products\",\"item\":\"https:\\\/\\\/www.allscore.de\\\/shop\\\/en\\\/shop\\\/\"},{\"@type\":\"ListItem\",\"position\":3,\"name\":\"Professor van Dusen und das Haus der 1.000 T\u00fcren (05)\"}]},{\"@type\":\"WebSite\",\"@id\":\"https:\\\/\\\/www.allscore.de\\\/shop\\\/en\\\/#website\",\"url\":\"https:\\\/\\\/www.allscore.de\\\/shop\\\/en\\\/\",\"name\":\"Allscore Shop\",\"description\":\"All Score Media\",\"publisher\":{\"@id\":\"https:\\\/\\\/www.allscore.de\\\/shop\\\/en\\\/#organization\"},\"potentialAction\":[{\"@type\":\"SearchAction\",\"target\":{\"@type\":\"EntryPoint\",\"urlTemplate\":\"https:\\\/\\\/www.allscore.de\\\/shop\\\/en\\\/?s={search_term_string}\"},\"query-input\":{\"@type\":\"PropertyValueSpecification\",\"valueRequired\":true,\"valueName\":\"search_term_string\"}}],\"inLanguage\":\"en-US\"},{\"@type\":\"Organization\",\"@id\":\"https:\\\/\\\/www.allscore.de\\\/shop\\\/en\\\/#organization\",\"name\":\"All Score Media\",\"alternateName\":\"Allscore\",\"url\":\"https:\\\/\\\/www.allscore.de\\\/shop\\\/en\\\/\",\"logo\":{\"@type\":\"ImageObject\",\"inLanguage\":\"en-US\",\"@id\":\"https:\\\/\\\/www.allscore.de\\\/shop\\\/en\\\/#\\\/schema\\\/logo\\\/image\\\/\",\"url\":\"https:\\\/\\\/www.allscore.de\\\/shop\\\/wp-content\\\/uploads\\\/2026\\\/01\\\/Logo_Yoast_Shop_2026.png\",\"contentUrl\":\"https:\\\/\\\/www.allscore.de\\\/shop\\\/wp-content\\\/uploads\\\/2026\\\/01\\\/Logo_Yoast_Shop_2026.png\",\"width\":696,\"height\":696,\"caption\":\"All Score Media\"},\"image\":{\"@id\":\"https:\\\/\\\/www.allscore.de\\\/shop\\\/en\\\/#\\\/schema\\\/logo\\\/image\\\/\"}}]}<\/script>\n<!-- \/ Yoast SEO plugin. -->","yoast_head_json":{"title":"Professor van Dusen und das Haus der 1.000 T\u00fcren (05)","description":"Das Testament des amerikanischen Milliard\u00e4rs Hugh Vandergast ist gespickt mit \u00dcberraschungen: Jeder Erbe bekommt seinen Anteil nur dann, wenn er sich...","robots":{"index":"index","follow":"follow","max-snippet":"max-snippet:-1","max-image-preview":"max-image-preview:large","max-video-preview":"max-video-preview:-1"},"canonical":"https:\/\/www.allscore.de\/shop\/en\/produkt\/professor-van-dusen-und-das-haus-der-1-000-tueren\/","og_locale":"en_US","og_type":"article","og_title":"Professor van Dusen und das Haus der 1.000 T\u00fcren (05)","og_description":"Das Testament des amerikanischen Milliard\u00e4rs Hugh Vandergast ist gespickt mit \u00dcberraschungen: Jeder Erbe bekommt seinen Anteil nur dann, wenn er sich verpflichtet, den Rest seines Lebens in dem monstr\u00f6sen Haus \u201eIrongate\u201c zu verbringen.","og_url":"https:\/\/www.allscore.de\/shop\/en\/produkt\/professor-van-dusen-und-das-haus-der-1-000-tueren\/","og_site_name":"Allscore Shop","article_modified_time":"2024-02-12T12:33:35+00:00","og_image":[{"url":"https:\/\/www.allscore.de\/shop\/wp-content\/uploads\/2020\/09\/PvD05_1200x1200-300x300.jpg","type":"","width":"","height":""}],"twitter_card":"summary_large_image","twitter_misc":{"Est. reading time":"1 minute"},"schema":{"@context":"https:\/\/schema.org","@graph":[{"@type":"WebPage","@id":"https:\/\/www.allscore.de\/shop\/en\/produkt\/professor-van-dusen-und-das-haus-der-1-000-tueren\/","url":"https:\/\/www.allscore.de\/shop\/en\/produkt\/professor-van-dusen-und-das-haus-der-1-000-tueren\/","name":"Professor van Dusen und das Haus der 1.000 T\u00fcren (05)","isPartOf":{"@id":"https:\/\/www.allscore.de\/shop\/en\/#website"},"primaryImageOfPage":{"@id":"https:\/\/www.allscore.de\/shop\/en\/produkt\/professor-van-dusen-und-das-haus-der-1-000-tueren\/#primaryimage"},"image":{"@id":"https:\/\/www.allscore.de\/shop\/en\/produkt\/professor-van-dusen-und-das-haus-der-1-000-tueren\/#primaryimage"},"thumbnailUrl":"https:\/\/www.allscore.de\/shop\/wp-content\/uploads\/2020\/09\/PvD05_1200x1200.jpg","datePublished":"2020-09-08T10:22:25+00:00","dateModified":"2024-02-12T12:33:35+00:00","description":"Das Testament des amerikanischen Milliard\u00e4rs Hugh Vandergast ist gespickt mit \u00dcberraschungen: Jeder Erbe bekommt seinen Anteil nur dann, wenn er sich...","breadcrumb":{"@id":"https:\/\/www.allscore.de\/shop\/en\/produkt\/professor-van-dusen-und-das-haus-der-1-000-tueren\/#breadcrumb"},"inLanguage":"en-US","potentialAction":[{"@type":"ReadAction","target":["https:\/\/www.allscore.de\/shop\/en\/produkt\/professor-van-dusen-und-das-haus-der-1-000-tueren\/"]}]},{"@type":"ImageObject","inLanguage":"en-US","@id":"https:\/\/www.allscore.de\/shop\/en\/produkt\/professor-van-dusen-und-das-haus-der-1-000-tueren\/#primaryimage","url":"https:\/\/www.allscore.de\/shop\/wp-content\/uploads\/2020\/09\/PvD05_1200x1200.jpg","contentUrl":"https:\/\/www.allscore.de\/shop\/wp-content\/uploads\/2020\/09\/PvD05_1200x1200.jpg","width":1200,"height":1200,"caption":"Professor van Dusen und das Haus der 1.000 T\u00fcren"},{"@type":"BreadcrumbList","@id":"https:\/\/www.allscore.de\/shop\/en\/produkt\/professor-van-dusen-und-das-haus-der-1-000-tueren\/#breadcrumb","itemListElement":[{"@type":"ListItem","position":1,"name":"Startseite","item":"https:\/\/www.allscore.de\/shop\/en\/"},{"@type":"ListItem","position":2,"name":"Products","item":"https:\/\/www.allscore.de\/shop\/en\/shop\/"},{"@type":"ListItem","position":3,"name":"Professor van Dusen und das Haus der 1.000 T\u00fcren (05)"}]},{"@type":"WebSite","@id":"https:\/\/www.allscore.de\/shop\/en\/#website","url":"https:\/\/www.allscore.de\/shop\/en\/","name":"Allscore Shop","description":"All Score Media","publisher":{"@id":"https:\/\/www.allscore.de\/shop\/en\/#organization"},"potentialAction":[{"@type":"SearchAction","target":{"@type":"EntryPoint","urlTemplate":"https:\/\/www.allscore.de\/shop\/en\/?s={search_term_string}"},"query-input":{"@type":"PropertyValueSpecification","valueRequired":true,"valueName":"search_term_string"}}],"inLanguage":"en-US"},{"@type":"Organization","@id":"https:\/\/www.allscore.de\/shop\/en\/#organization","name":"All Score Media","alternateName":"Allscore","url":"https:\/\/www.allscore.de\/shop\/en\/","logo":{"@type":"ImageObject","inLanguage":"en-US","@id":"https:\/\/www.allscore.de\/shop\/en\/#\/schema\/logo\/image\/","url":"https:\/\/www.allscore.de\/shop\/wp-content\/uploads\/2026\/01\/Logo_Yoast_Shop_2026.png","contentUrl":"https:\/\/www.allscore.de\/shop\/wp-content\/uploads\/2026\/01\/Logo_Yoast_Shop_2026.png","width":696,"height":696,"caption":"All Score Media"},"image":{"@id":"https:\/\/www.allscore.de\/shop\/en\/#\/schema\/logo\/image\/"}}]}},"_links":{"self":[{"href":"https:\/\/www.allscore.de\/shop\/en\/wp-json\/wp\/v2\/product\/7426","targetHints":{"allow":["GET"]}}],"collection":[{"href":"https:\/\/www.allscore.de\/shop\/en\/wp-json\/wp\/v2\/product"}],"about":[{"href":"https:\/\/www.allscore.de\/shop\/en\/wp-json\/wp\/v2\/types\/product"}],"wp:featuredmedia":[{"embeddable":true,"href":"https:\/\/www.allscore.de\/shop\/en\/wp-json\/wp\/v2\/media\/7428"}],"wp:attachment":[{"href":"https:\/\/www.allscore.de\/shop\/en\/wp-json\/wp\/v2\/media?parent=7426"}],"wp:term":[{"taxonomy":"product_brand","embeddable":true,"href":"https:\/\/www.allscore.de\/shop\/en\/wp-json\/wp\/v2\/product_brand?post=7426"},{"taxonomy":"product_cat","embeddable":true,"href":"https:\/\/www.allscore.de\/shop\/en\/wp-json\/wp\/v2\/product_cat?post=7426"},{"taxonomy":"product_tag","embeddable":true,"href":"https:\/\/www.allscore.de\/shop\/en\/wp-json\/wp\/v2\/product_tag?post=7426"}],"curies":[{"name":"wp","href":"https:\/\/api.w.org\/{rel}","templated":true}]}}