{"id":14782,"date":"2026-02-10T16:57:35","date_gmt":"2026-02-10T15:57:35","guid":{"rendered":"https:\/\/www.allscore.de\/shop\/?post_type=product&#038;p=14782"},"modified":"2026-04-15T18:49:32","modified_gmt":"2026-04-15T16:49:32","slug":"geister-schocker-spezial-die-mumie-3-cds","status":"publish","type":"product","link":"https:\/\/www.allscore.de\/shop\/en\/produkt\/geister-schocker-spezial-die-mumie-3-cds\/","title":{"rendered":"Geister-Schocker Spezial: Die Mumie (3 CDs)"},"content":{"rendered":"<p>Geister-Schocker Spezial: Die Mumie (3 CDs)<\/p>\n<p>Buch: nach einer Idee von Frank Hammerschmidt<br \/>\nRegie: Torsten M\u00fcnchow<\/p>\n<p>CD 1: Die Todesspur der Mumie<\/p>\n<p>\u00c4gypten im Jahr 1925. Die von Dr. Stewart Taylor und Matt Harris angef\u00fchrte Karawane war an ihrem Ziel. Vor ihnen lag die Grabkammer des ber\u00fcchtigten Pharaos Iri Hor und seiner Frau Rana. Zwei Wochen sp\u00e4ter wurden die beiden Mumien mit einem Schiff nach London verfrachtet, wo sie auf einer gro\u00dfen Ausstellung pr\u00e4sentiert werden sollten. Doch in London hatte man pl\u00f6tzlich ganz andere Pl\u00e4ne, denn der Pharao sollte in einem magischen Ritual wiederbelebt werden &#8230;<\/p>\n<p>Erz\u00e4hler: Michael Mendl<br \/>\nMatt Harris: Torsten M\u00fcnchow<br \/>\nDr. Stewart Taylor: J\u00fcrgen Tarrach<br \/>\nOlivia Taylor: Franziska Endres<br \/>\nAmun Nabil: B\u00fcrger Lars Dietrich<br \/>\nIri-Hor: Pascal Pawlowski<br \/>\nDr. Harold Neville: Werner B\u00f6hnke<br \/>\nInspector Lionel T. Boles: Holger Handtke<br \/>\nPatsy: Kira Pla\u00df<br \/>\nAgatha: Nicole B\u00f6sch<br \/>\nButler Edward: Gosta Liptow<br \/>\nCharly Bellingham: Rajko Geith<br \/>\nIan: Hans Leonard Wells<br \/>\nPolizist: Moses Njunga<\/p>\n<p>CD 2: Die Bruderschaft der Mumie<\/p>\n<p>Die Mumie des Pharaos Iri-Hor scheint endg\u00fcltig vernichtet worden zu sein, doch es gelang ihr einen anderen K\u00f6rper zu \u00fcbernehmen. Zusammen mit der sogenannten Bruderschaft setzt sie ihre schrecklichen Verbrechen fort. Das Ziel ist es, seine tote Frau Rana zu erwecken und daf\u00fcr ist ihr jedes Mittel recht &#8230;<\/p>\n<p>Erz\u00e4hler: Michael Mendl<br \/>\nMatt Harris: Torsten M\u00fcnchow<br \/>\nDr. Stewart Taylor: J\u00fcrgen Tarrach<br \/>\nOlivia Taylor: Franziska Endres<br \/>\nAmun Nabil: B\u00fcrger Lars Dietrich<br \/>\nIri-Hor: Pascal Pawlowski<br \/>\nCrystal Graham: Ester Barth<br \/>\nInspector Lionel T. Boles: Holger Handtke<br \/>\nOsbert Bell: Stefan Brentle<br \/>\nAmina Nabil: Sandra Evans<br \/>\nConrad Mc Peel: Alexx Grimm<br \/>\nCharly Bellingham: Rajko Geith<br \/>\nDouglas Alterton: Gosta Liptow<br \/>\nTom Eaton: Stephan Hoffmann<br \/>\nSusan Bellingham: Ester Barth<\/p>\n<p>CD 3: Das K\u00f6nigreich der Mumie<\/p>\n<p>Der Kampf mit der Mumie des Iri-Hor und seiner Frau Rana spitzt sich immer mehr zu. In Kairo soll Rana nun endg\u00fcltig zum Leben erweckt werden und Olivia Taylor soll als deren k\u00f6rperliche H\u00fclle fungieren. Matt Harris setzt alles daran, um seine Olivia aus den Klauen der Bruderschaft zu retten &#8230;<\/p>\n<p>Erz\u00e4hler: Michael Mendl<br \/>\nMatt Harris: Torsten M\u00fcnchow<br \/>\nDr. Stewart Taylor: J\u00fcrgen Tarrach<br \/>\nOlivia Taylor: Franziska Endres<br \/>\nCrystal Graham: Ester Barth<br \/>\nInspector Lionel T. Boles: Holger Handtke<br \/>\nOsbert Bell: Stefan Brentle<br \/>\nAmina Nabil: Sandra Evans<br \/>\nConrad Mc Peel: Alexx Grimm<br \/>\nDouglas Alterton: Gosta Liptow<br \/>\nMarik Ahmad: Peter Flechtner<br \/>\nYanara: Kira Pla\u00df<br \/>\nShukran: Hans Leonard Wells<br \/>\nRana: Ester Barth<br \/>\nIri-Hor: Pascal Pawlowski<\/p>\n<p>Gesamt ca. 220 Minuten Laufzeit.<\/p>\n","protected":false},"excerpt":{"rendered":"<p>Auf 500 St\u00fcck limitierter Schuber mit drei CDs im Jewelcase. Dieses Spezial ist nicht Bestandteil des Geister-Schocker-Abonnements. Kein Einzelverkauf der H\u00f6rspiele.<\/p>\n","protected":false},"featured_media":14787,"template":"","meta":[],"product_brand":[],"product_cat":[199,250,409],"product_tag":[],"class_list":{"0":"post-14782","1":"product","2":"type-product","3":"status-publish","4":"has-post-thumbnail","6":"product_cat-hoerspiele-en","7":"product_cat-bargain-offer","8":"product_cat-geister-schocker-en","9":"product_shipping_class-tontraeger-cd-en","10":"entry","11":"clearfix","12":"entry-grid","13":"entry-columns-3","14":"entry-product-module-layout-sidebar-right","15":"thumbnail-color-tone-dark","16":"entry-product","18":"entry-product-grid","20":"first","21":"instock","22":"sale","23":"taxable","24":"shipping-taxable","25":"purchasable","26":"product-type-simple"},"yoast_head":"<!-- This site is optimized with the Yoast SEO plugin v27.4 - https:\/\/yoast.com\/product\/yoast-seo-wordpress\/ -->\n<title>Geister-Schocker Spezial: Die Mumie (3 CDs)<\/title>\n<meta name=\"description\" content=\"&quot;Die Todesspur der Mumie&quot;, &quot;Die Bruderschaft der Mumie&quot; und &quot;Das K\u00f6nigreich der Mumie&quot;. Auf 500 St\u00fcck limitierter Schuber mit drei CDs.\" \/>\n<meta name=\"robots\" content=\"index, follow, max-snippet:-1, max-image-preview:large, max-video-preview:-1\" \/>\n<link rel=\"canonical\" href=\"https:\/\/www.allscore.de\/shop\/en\/produkt\/geister-schocker-spezial-die-mumie-3-cds\/\" \/>\n<meta property=\"og:locale\" content=\"en_US\" \/>\n<meta property=\"og:type\" content=\"article\" \/>\n<meta property=\"og:title\" content=\"Geister-Schocker Spezial: Die Mumie (3 CDs)\" \/>\n<meta property=\"og:description\" content=\"&quot;Die Todesspur der Mumie&quot;, &quot;Die Bruderschaft der Mumie&quot; und &quot;Das K\u00f6nigreich der Mumie&quot;. Auf 500 St\u00fcck limitierter Schuber mit drei CDs.\" \/>\n<meta property=\"og:url\" content=\"https:\/\/www.allscore.de\/shop\/en\/produkt\/geister-schocker-spezial-die-mumie-3-cds\/\" \/>\n<meta property=\"og:site_name\" content=\"Allscore Shop\" \/>\n<meta property=\"article:modified_time\" content=\"2026-04-15T16:49:32+00:00\" \/>\n<meta property=\"og:image\" content=\"https:\/\/www.allscore.de\/shop\/wp-content\/uploads\/2022\/04\/GS99_1200px-300x300.jpg\" \/>\n<meta name=\"twitter:card\" content=\"summary_large_image\" \/>\n<meta name=\"twitter:label1\" content=\"Est. reading time\" \/>\n\t<meta name=\"twitter:data1\" content=\"1 minute\" \/>\n<script type=\"application\/ld+json\" class=\"yoast-schema-graph\">{\"@context\":\"https:\\\/\\\/schema.org\",\"@graph\":[{\"@type\":\"WebPage\",\"@id\":\"https:\\\/\\\/www.allscore.de\\\/shop\\\/en\\\/produkt\\\/geister-schocker-spezial-die-mumie-3-cds\\\/\",\"url\":\"https:\\\/\\\/www.allscore.de\\\/shop\\\/en\\\/produkt\\\/geister-schocker-spezial-die-mumie-3-cds\\\/\",\"name\":\"Geister-Schocker Spezial: Die Mumie (3 CDs)\",\"isPartOf\":{\"@id\":\"https:\\\/\\\/www.allscore.de\\\/shop\\\/en\\\/#website\"},\"primaryImageOfPage\":{\"@id\":\"https:\\\/\\\/www.allscore.de\\\/shop\\\/en\\\/produkt\\\/geister-schocker-spezial-die-mumie-3-cds\\\/#primaryimage\"},\"image\":{\"@id\":\"https:\\\/\\\/www.allscore.de\\\/shop\\\/en\\\/produkt\\\/geister-schocker-spezial-die-mumie-3-cds\\\/#primaryimage\"},\"thumbnailUrl\":\"https:\\\/\\\/www.allscore.de\\\/shop\\\/wp-content\\\/uploads\\\/2026\\\/01\\\/GS_MUMIE-Spezial_1200.jpg\",\"datePublished\":\"2026-02-10T15:57:35+00:00\",\"dateModified\":\"2026-04-15T16:49:32+00:00\",\"description\":\"\\\"Die Todesspur der Mumie\\\", \\\"Die Bruderschaft der Mumie\\\" und \\\"Das K\u00f6nigreich der Mumie\\\". Auf 500 St\u00fcck limitierter Schuber mit drei CDs.\",\"breadcrumb\":{\"@id\":\"https:\\\/\\\/www.allscore.de\\\/shop\\\/en\\\/produkt\\\/geister-schocker-spezial-die-mumie-3-cds\\\/#breadcrumb\"},\"inLanguage\":\"en-US\",\"potentialAction\":[{\"@type\":\"ReadAction\",\"target\":[\"https:\\\/\\\/www.allscore.de\\\/shop\\\/en\\\/produkt\\\/geister-schocker-spezial-die-mumie-3-cds\\\/\"]}]},{\"@type\":\"ImageObject\",\"inLanguage\":\"en-US\",\"@id\":\"https:\\\/\\\/www.allscore.de\\\/shop\\\/en\\\/produkt\\\/geister-schocker-spezial-die-mumie-3-cds\\\/#primaryimage\",\"url\":\"https:\\\/\\\/www.allscore.de\\\/shop\\\/wp-content\\\/uploads\\\/2026\\\/01\\\/GS_MUMIE-Spezial_1200.jpg\",\"contentUrl\":\"https:\\\/\\\/www.allscore.de\\\/shop\\\/wp-content\\\/uploads\\\/2026\\\/01\\\/GS_MUMIE-Spezial_1200.jpg\",\"width\":1200,\"height\":1200,\"caption\":\"Geister-Schocker Spezial Mumie\"},{\"@type\":\"BreadcrumbList\",\"@id\":\"https:\\\/\\\/www.allscore.de\\\/shop\\\/en\\\/produkt\\\/geister-schocker-spezial-die-mumie-3-cds\\\/#breadcrumb\",\"itemListElement\":[{\"@type\":\"ListItem\",\"position\":1,\"name\":\"Startseite\",\"item\":\"https:\\\/\\\/www.allscore.de\\\/shop\\\/en\\\/\"},{\"@type\":\"ListItem\",\"position\":2,\"name\":\"Products\",\"item\":\"https:\\\/\\\/www.allscore.de\\\/shop\\\/en\\\/shop\\\/\"},{\"@type\":\"ListItem\",\"position\":3,\"name\":\"Geister-Schocker Spezial: Die Mumie (3 CDs)\"}]},{\"@type\":\"WebSite\",\"@id\":\"https:\\\/\\\/www.allscore.de\\\/shop\\\/en\\\/#website\",\"url\":\"https:\\\/\\\/www.allscore.de\\\/shop\\\/en\\\/\",\"name\":\"Allscore Shop\",\"description\":\"All Score Media\",\"publisher\":{\"@id\":\"https:\\\/\\\/www.allscore.de\\\/shop\\\/en\\\/#organization\"},\"potentialAction\":[{\"@type\":\"SearchAction\",\"target\":{\"@type\":\"EntryPoint\",\"urlTemplate\":\"https:\\\/\\\/www.allscore.de\\\/shop\\\/en\\\/?s={search_term_string}\"},\"query-input\":{\"@type\":\"PropertyValueSpecification\",\"valueRequired\":true,\"valueName\":\"search_term_string\"}}],\"inLanguage\":\"en-US\"},{\"@type\":\"Organization\",\"@id\":\"https:\\\/\\\/www.allscore.de\\\/shop\\\/en\\\/#organization\",\"name\":\"All Score Media\",\"alternateName\":\"Allscore\",\"url\":\"https:\\\/\\\/www.allscore.de\\\/shop\\\/en\\\/\",\"logo\":{\"@type\":\"ImageObject\",\"inLanguage\":\"en-US\",\"@id\":\"https:\\\/\\\/www.allscore.de\\\/shop\\\/en\\\/#\\\/schema\\\/logo\\\/image\\\/\",\"url\":\"https:\\\/\\\/www.allscore.de\\\/shop\\\/wp-content\\\/uploads\\\/2026\\\/01\\\/Logo_Yoast_Shop_2026.png\",\"contentUrl\":\"https:\\\/\\\/www.allscore.de\\\/shop\\\/wp-content\\\/uploads\\\/2026\\\/01\\\/Logo_Yoast_Shop_2026.png\",\"width\":696,\"height\":696,\"caption\":\"All Score Media\"},\"image\":{\"@id\":\"https:\\\/\\\/www.allscore.de\\\/shop\\\/en\\\/#\\\/schema\\\/logo\\\/image\\\/\"}}]}<\/script>\n<!-- \/ Yoast SEO plugin. -->","yoast_head_json":{"title":"Geister-Schocker Spezial: Die Mumie (3 CDs)","description":"\"Die Todesspur der Mumie\", \"Die Bruderschaft der Mumie\" und \"Das K\u00f6nigreich der Mumie\". Auf 500 St\u00fcck limitierter Schuber mit drei CDs.","robots":{"index":"index","follow":"follow","max-snippet":"max-snippet:-1","max-image-preview":"max-image-preview:large","max-video-preview":"max-video-preview:-1"},"canonical":"https:\/\/www.allscore.de\/shop\/en\/produkt\/geister-schocker-spezial-die-mumie-3-cds\/","og_locale":"en_US","og_type":"article","og_title":"Geister-Schocker Spezial: Die Mumie (3 CDs)","og_description":"\"Die Todesspur der Mumie\", \"Die Bruderschaft der Mumie\" und \"Das K\u00f6nigreich der Mumie\". Auf 500 St\u00fcck limitierter Schuber mit drei CDs.","og_url":"https:\/\/www.allscore.de\/shop\/en\/produkt\/geister-schocker-spezial-die-mumie-3-cds\/","og_site_name":"Allscore Shop","article_modified_time":"2026-04-15T16:49:32+00:00","og_image":[{"url":"https:\/\/www.allscore.de\/shop\/wp-content\/uploads\/2022\/04\/GS99_1200px-300x300.jpg","type":"","width":"","height":""}],"twitter_card":"summary_large_image","twitter_misc":{"Est. reading time":"1 minute"},"schema":{"@context":"https:\/\/schema.org","@graph":[{"@type":"WebPage","@id":"https:\/\/www.allscore.de\/shop\/en\/produkt\/geister-schocker-spezial-die-mumie-3-cds\/","url":"https:\/\/www.allscore.de\/shop\/en\/produkt\/geister-schocker-spezial-die-mumie-3-cds\/","name":"Geister-Schocker Spezial: Die Mumie (3 CDs)","isPartOf":{"@id":"https:\/\/www.allscore.de\/shop\/en\/#website"},"primaryImageOfPage":{"@id":"https:\/\/www.allscore.de\/shop\/en\/produkt\/geister-schocker-spezial-die-mumie-3-cds\/#primaryimage"},"image":{"@id":"https:\/\/www.allscore.de\/shop\/en\/produkt\/geister-schocker-spezial-die-mumie-3-cds\/#primaryimage"},"thumbnailUrl":"https:\/\/www.allscore.de\/shop\/wp-content\/uploads\/2026\/01\/GS_MUMIE-Spezial_1200.jpg","datePublished":"2026-02-10T15:57:35+00:00","dateModified":"2026-04-15T16:49:32+00:00","description":"\"Die Todesspur der Mumie\", \"Die Bruderschaft der Mumie\" und \"Das K\u00f6nigreich der Mumie\". Auf 500 St\u00fcck limitierter Schuber mit drei CDs.","breadcrumb":{"@id":"https:\/\/www.allscore.de\/shop\/en\/produkt\/geister-schocker-spezial-die-mumie-3-cds\/#breadcrumb"},"inLanguage":"en-US","potentialAction":[{"@type":"ReadAction","target":["https:\/\/www.allscore.de\/shop\/en\/produkt\/geister-schocker-spezial-die-mumie-3-cds\/"]}]},{"@type":"ImageObject","inLanguage":"en-US","@id":"https:\/\/www.allscore.de\/shop\/en\/produkt\/geister-schocker-spezial-die-mumie-3-cds\/#primaryimage","url":"https:\/\/www.allscore.de\/shop\/wp-content\/uploads\/2026\/01\/GS_MUMIE-Spezial_1200.jpg","contentUrl":"https:\/\/www.allscore.de\/shop\/wp-content\/uploads\/2026\/01\/GS_MUMIE-Spezial_1200.jpg","width":1200,"height":1200,"caption":"Geister-Schocker Spezial Mumie"},{"@type":"BreadcrumbList","@id":"https:\/\/www.allscore.de\/shop\/en\/produkt\/geister-schocker-spezial-die-mumie-3-cds\/#breadcrumb","itemListElement":[{"@type":"ListItem","position":1,"name":"Startseite","item":"https:\/\/www.allscore.de\/shop\/en\/"},{"@type":"ListItem","position":2,"name":"Products","item":"https:\/\/www.allscore.de\/shop\/en\/shop\/"},{"@type":"ListItem","position":3,"name":"Geister-Schocker Spezial: Die Mumie (3 CDs)"}]},{"@type":"WebSite","@id":"https:\/\/www.allscore.de\/shop\/en\/#website","url":"https:\/\/www.allscore.de\/shop\/en\/","name":"Allscore Shop","description":"All Score Media","publisher":{"@id":"https:\/\/www.allscore.de\/shop\/en\/#organization"},"potentialAction":[{"@type":"SearchAction","target":{"@type":"EntryPoint","urlTemplate":"https:\/\/www.allscore.de\/shop\/en\/?s={search_term_string}"},"query-input":{"@type":"PropertyValueSpecification","valueRequired":true,"valueName":"search_term_string"}}],"inLanguage":"en-US"},{"@type":"Organization","@id":"https:\/\/www.allscore.de\/shop\/en\/#organization","name":"All Score Media","alternateName":"Allscore","url":"https:\/\/www.allscore.de\/shop\/en\/","logo":{"@type":"ImageObject","inLanguage":"en-US","@id":"https:\/\/www.allscore.de\/shop\/en\/#\/schema\/logo\/image\/","url":"https:\/\/www.allscore.de\/shop\/wp-content\/uploads\/2026\/01\/Logo_Yoast_Shop_2026.png","contentUrl":"https:\/\/www.allscore.de\/shop\/wp-content\/uploads\/2026\/01\/Logo_Yoast_Shop_2026.png","width":696,"height":696,"caption":"All Score Media"},"image":{"@id":"https:\/\/www.allscore.de\/shop\/en\/#\/schema\/logo\/image\/"}}]}},"_links":{"self":[{"href":"https:\/\/www.allscore.de\/shop\/en\/wp-json\/wp\/v2\/product\/14782","targetHints":{"allow":["GET"]}}],"collection":[{"href":"https:\/\/www.allscore.de\/shop\/en\/wp-json\/wp\/v2\/product"}],"about":[{"href":"https:\/\/www.allscore.de\/shop\/en\/wp-json\/wp\/v2\/types\/product"}],"wp:featuredmedia":[{"embeddable":true,"href":"https:\/\/www.allscore.de\/shop\/en\/wp-json\/wp\/v2\/media\/14787"}],"wp:attachment":[{"href":"https:\/\/www.allscore.de\/shop\/en\/wp-json\/wp\/v2\/media?parent=14782"}],"wp:term":[{"taxonomy":"product_brand","embeddable":true,"href":"https:\/\/www.allscore.de\/shop\/en\/wp-json\/wp\/v2\/product_brand?post=14782"},{"taxonomy":"product_cat","embeddable":true,"href":"https:\/\/www.allscore.de\/shop\/en\/wp-json\/wp\/v2\/product_cat?post=14782"},{"taxonomy":"product_tag","embeddable":true,"href":"https:\/\/www.allscore.de\/shop\/en\/wp-json\/wp\/v2\/product_tag?post=14782"}],"curies":[{"name":"wp","href":"https:\/\/api.w.org\/{rel}","templated":true}]}}