{"id":14503,"date":"2025-10-22T13:09:27","date_gmt":"2025-10-22T11:09:27","guid":{"rendered":"https:\/\/www.allscore.de\/shop\/?post_type=product&#038;p=14503"},"modified":"2026-01-19T16:43:06","modified_gmt":"2026-01-19T15:43:06","slug":"peter-thomas-sound-orchester-derrick-der-alte-lp-test-pressing-ltd-to-12-pcs-kopie","status":"publish","type":"product","link":"https:\/\/www.allscore.de\/shop\/en\/produkt\/peter-thomas-sound-orchester-derrick-der-alte-lp-test-pressing-ltd-to-12-pcs-kopie\/","title":{"rendered":"Peter Thomas Sound Orchester &#8211; Der Kommissar LP TEST PRESSING (ltd. to 12 pcs.) plus CD!"},"content":{"rendered":"<p>Peter Thomas Sound Orchester &#8211; Der Kommissar (TEST PRESSING plus CD)<br \/>\nMusic from the original tv-series (1969-1972)<\/p>\n<p>Test pressing with blank label \u201cBio-Vinyl\u201d in white cover.<br \/>\nRare collector&#8217;s item in an edition of 12 copies.<br \/>\nHand numbered (1\/12, 2\/12,&#8230;. 12\/12).<\/p>\n<p><strong>Track list LP:<\/strong><\/p>\n<p>Side A<br \/>\n01 The World Is Gone <em>aus Folge 8 \u201eDer Tod f\u00e4hrt 1. Klasse\u201c<\/em><br \/>\n02 Zuchthaus * <em>aus Folge 9 \u201eGeld von toten Kassierern\u201c<\/em><br \/>\n03 Abschiedsvorstellung * <em>aus Folge 10 \u201eSchrei vor dem Fenster\u201c<\/em><br \/>\n04 Corinna (instrumental) <em> aus Folge 11 \u201eDie Schrecklichen\u201c<\/em><br \/>\n05 Nymphenburg-Soul * <em>aus Folge 11 \u201eDie Schrecklichen\u201c<\/em><br \/>\n06 Corinna (vokal) * <em>aus Folge 11 \u201eDie Schrecklichen\u201c<\/em><br \/>\n07 Raubzug * <em>aus Folge 12 \u201eDie Waggonspringer\u201c<\/em><br \/>\n08 Tod am Bahndamm * <em>aus Folge 12 \u201eDie Waggonspringer\u201c<\/em><br \/>\n09 Grausamer Fund * <em>aus Folge 14 \u201eDas Ungeheuer\u201c<\/em><br \/>\n10 Melodie f\u00fcr eine Teekanne <em>aus Folge 15 \u201eDer Papierblumenm\u00f6rder\u201c<\/em><\/p>\n<p>Side B<br \/>\n01 Papierblumenm\u00f6rder <em>\u00a0aus Folge 15 \u201eDer Papierblumenm\u00f6rder\u201c<\/em><br \/>\n02 Morbide Hausgemeinschaft * <em>\u00a0aus Folge 21 \u201e\u2026 wie die W\u00f6lfe\u201c<\/em><br \/>\n03 Peripherie-Beat * <em>\u00a0aus Folge 29 \u201eDer Moorm\u00f6rder\u201c<\/em><br \/>\n04 Jet-Set-Lady (Alt. Version) * <em>\u00a0aus Folge 29 \u201eDer Moorm\u00f6rder\u201c<\/em><br \/>\n05 Du lebst in deiner Welt (TV-Version) * <em>\u00a0aus Folge 39 \u201eAls die Blumen Trauer trugen\u201c<\/em><br \/>\n06 Dromedar Called Itzenplitz <em>\u00a0aus Folge 46 \u201e\u00dcberlegungen eines M\u00f6rders\u201c<\/em><\/p>\n<p>* Previously unreleased<\/p>\n","protected":false},"excerpt":{"rendered":"<p>Test pressing with blank label \u201cBio-Vinyl\u201d in white cover plus original CD.<\/p>\n","protected":false},"featured_media":12670,"template":"","meta":[],"product_brand":[],"product_cat":[227,618,429,188,251],"product_tag":[606,632],"class_list":{"0":"post-14503","1":"product","2":"type-product","3":"status-publish","4":"has-post-thumbnail","6":"product_cat-crime","7":"product_cat-peter-thomas-sound-orchester-en","8":"product_cat-rarities-en","9":"product_cat-soundtracks-en","10":"product_cat-specials-en","11":"product_tag-test-pressing","12":"product_tag-white-sample","13":"product_shipping_class-tontraeger-schallplatte-en","14":"entry","15":"clearfix","16":"entry-grid","17":"entry-columns-3","18":"entry-product-module-layout-sidebar-right","19":"thumbnail-color-tone-light","20":"entry-product","22":"entry-product-grid","24":"first","25":"instock","26":"taxable","27":"shipping-taxable","28":"purchasable","29":"product-type-simple"},"yoast_head":"<!-- This site is optimized with the Yoast SEO plugin v27.3 - https:\/\/yoast.com\/product\/yoast-seo-wordpress\/ -->\n<title>Der Kommissar LP-TESTPRESSUNG (nur 12 LPs) plus CD!<\/title>\n<meta name=\"description\" content=\"Peter Thomas Sound Orchester - Der Kommissar - music from the original tv-series (1969-72). LP-TESTPRESSUNG (nur 12 Exemplare) plus CD!\" \/>\n<meta name=\"robots\" content=\"index, follow, max-snippet:-1, max-image-preview:large, max-video-preview:-1\" \/>\n<link rel=\"canonical\" href=\"https:\/\/www.allscore.de\/shop\/en\/produkt\/peter-thomas-sound-orchester-derrick-der-alte-lp-test-pressing-ltd-to-12-pcs-kopie\/\" \/>\n<meta property=\"og:locale\" content=\"en_US\" \/>\n<meta property=\"og:type\" content=\"article\" \/>\n<meta property=\"og:title\" content=\"Der Kommissar LP-TESTPRESSUNG (nur 12 LPs) plus CD!\" \/>\n<meta property=\"og:description\" content=\"LP erscheint auf schwarzem 180g-Vinyl mit gef\u00fctterter Innenh\u00fclle im aufw\u00e4ndig gestalteten Klappcover.\" \/>\n<meta property=\"og:url\" content=\"https:\/\/www.allscore.de\/shop\/en\/produkt\/peter-thomas-sound-orchester-derrick-der-alte-lp-test-pressing-ltd-to-12-pcs-kopie\/\" \/>\n<meta property=\"og:site_name\" content=\"Allscore Shop\" \/>\n<meta property=\"article:modified_time\" content=\"2026-01-19T15:43:06+00:00\" \/>\n<meta property=\"og:image\" content=\"https:\/\/www.allscore.de\/shop\/wp-content\/uploads\/2023\/01\/ASM051_1200x1200-300x300.jpg\" \/>\n<meta name=\"twitter:card\" content=\"summary_large_image\" \/>\n<meta name=\"twitter:label1\" content=\"Est. reading time\" \/>\n\t<meta name=\"twitter:data1\" content=\"4 minutes\" \/>\n<script type=\"application\/ld+json\" class=\"yoast-schema-graph\">{\"@context\":\"https:\\\/\\\/schema.org\",\"@graph\":[{\"@type\":\"WebPage\",\"@id\":\"https:\\\/\\\/www.allscore.de\\\/shop\\\/en\\\/produkt\\\/peter-thomas-sound-orchester-derrick-der-alte-lp-test-pressing-ltd-to-12-pcs-kopie\\\/\",\"url\":\"https:\\\/\\\/www.allscore.de\\\/shop\\\/en\\\/produkt\\\/peter-thomas-sound-orchester-derrick-der-alte-lp-test-pressing-ltd-to-12-pcs-kopie\\\/\",\"name\":\"Der Kommissar LP-TESTPRESSUNG (nur 12 LPs) plus CD!\",\"isPartOf\":{\"@id\":\"https:\\\/\\\/www.allscore.de\\\/shop\\\/en\\\/#website\"},\"primaryImageOfPage\":{\"@id\":\"https:\\\/\\\/www.allscore.de\\\/shop\\\/en\\\/produkt\\\/peter-thomas-sound-orchester-derrick-der-alte-lp-test-pressing-ltd-to-12-pcs-kopie\\\/#primaryimage\"},\"image\":{\"@id\":\"https:\\\/\\\/www.allscore.de\\\/shop\\\/en\\\/produkt\\\/peter-thomas-sound-orchester-derrick-der-alte-lp-test-pressing-ltd-to-12-pcs-kopie\\\/#primaryimage\"},\"thumbnailUrl\":\"https:\\\/\\\/www.allscore.de\\\/shop\\\/wp-content\\\/uploads\\\/2024\\\/02\\\/SHLP56_TP.jpg\",\"datePublished\":\"2025-10-22T11:09:27+00:00\",\"dateModified\":\"2026-01-19T15:43:06+00:00\",\"description\":\"Peter Thomas Sound Orchester - Der Kommissar - music from the original tv-series (1969-72). LP-TESTPRESSUNG (nur 12 Exemplare) plus CD!\",\"breadcrumb\":{\"@id\":\"https:\\\/\\\/www.allscore.de\\\/shop\\\/en\\\/produkt\\\/peter-thomas-sound-orchester-derrick-der-alte-lp-test-pressing-ltd-to-12-pcs-kopie\\\/#breadcrumb\"},\"inLanguage\":\"en-US\",\"potentialAction\":[{\"@type\":\"ReadAction\",\"target\":[\"https:\\\/\\\/www.allscore.de\\\/shop\\\/en\\\/produkt\\\/peter-thomas-sound-orchester-derrick-der-alte-lp-test-pressing-ltd-to-12-pcs-kopie\\\/\"]}]},{\"@type\":\"ImageObject\",\"inLanguage\":\"en-US\",\"@id\":\"https:\\\/\\\/www.allscore.de\\\/shop\\\/en\\\/produkt\\\/peter-thomas-sound-orchester-derrick-der-alte-lp-test-pressing-ltd-to-12-pcs-kopie\\\/#primaryimage\",\"url\":\"https:\\\/\\\/www.allscore.de\\\/shop\\\/wp-content\\\/uploads\\\/2024\\\/02\\\/SHLP56_TP.jpg\",\"contentUrl\":\"https:\\\/\\\/www.allscore.de\\\/shop\\\/wp-content\\\/uploads\\\/2024\\\/02\\\/SHLP56_TP.jpg\",\"width\":1200,\"height\":1200,\"caption\":\"Test pressing\"},{\"@type\":\"BreadcrumbList\",\"@id\":\"https:\\\/\\\/www.allscore.de\\\/shop\\\/en\\\/produkt\\\/peter-thomas-sound-orchester-derrick-der-alte-lp-test-pressing-ltd-to-12-pcs-kopie\\\/#breadcrumb\",\"itemListElement\":[{\"@type\":\"ListItem\",\"position\":1,\"name\":\"Startseite\",\"item\":\"https:\\\/\\\/www.allscore.de\\\/shop\\\/en\\\/\"},{\"@type\":\"ListItem\",\"position\":2,\"name\":\"Products\",\"item\":\"https:\\\/\\\/www.allscore.de\\\/shop\\\/en\\\/shop\\\/\"},{\"@type\":\"ListItem\",\"position\":3,\"name\":\"Peter Thomas Sound Orchester &#8211; Der Kommissar LP TEST PRESSING (ltd. to 12 pcs.) plus CD!\"}]},{\"@type\":\"WebSite\",\"@id\":\"https:\\\/\\\/www.allscore.de\\\/shop\\\/en\\\/#website\",\"url\":\"https:\\\/\\\/www.allscore.de\\\/shop\\\/en\\\/\",\"name\":\"Allscore Shop\",\"description\":\"All Score Media\",\"publisher\":{\"@id\":\"https:\\\/\\\/www.allscore.de\\\/shop\\\/en\\\/#organization\"},\"potentialAction\":[{\"@type\":\"SearchAction\",\"target\":{\"@type\":\"EntryPoint\",\"urlTemplate\":\"https:\\\/\\\/www.allscore.de\\\/shop\\\/en\\\/?s={search_term_string}\"},\"query-input\":{\"@type\":\"PropertyValueSpecification\",\"valueRequired\":true,\"valueName\":\"search_term_string\"}}],\"inLanguage\":\"en-US\"},{\"@type\":\"Organization\",\"@id\":\"https:\\\/\\\/www.allscore.de\\\/shop\\\/en\\\/#organization\",\"name\":\"All Score Media\",\"alternateName\":\"Allscore\",\"url\":\"https:\\\/\\\/www.allscore.de\\\/shop\\\/en\\\/\",\"logo\":{\"@type\":\"ImageObject\",\"inLanguage\":\"en-US\",\"@id\":\"https:\\\/\\\/www.allscore.de\\\/shop\\\/en\\\/#\\\/schema\\\/logo\\\/image\\\/\",\"url\":\"https:\\\/\\\/www.allscore.de\\\/shop\\\/wp-content\\\/uploads\\\/2026\\\/01\\\/Logo_Yoast_Shop_2026.png\",\"contentUrl\":\"https:\\\/\\\/www.allscore.de\\\/shop\\\/wp-content\\\/uploads\\\/2026\\\/01\\\/Logo_Yoast_Shop_2026.png\",\"width\":696,\"height\":696,\"caption\":\"All Score Media\"},\"image\":{\"@id\":\"https:\\\/\\\/www.allscore.de\\\/shop\\\/en\\\/#\\\/schema\\\/logo\\\/image\\\/\"}}]}<\/script>\n<!-- \/ Yoast SEO plugin. -->","yoast_head_json":{"title":"Der Kommissar LP-TESTPRESSUNG (nur 12 LPs) plus CD!","description":"Peter Thomas Sound Orchester - Der Kommissar - music from the original tv-series (1969-72). LP-TESTPRESSUNG (nur 12 Exemplare) plus CD!","robots":{"index":"index","follow":"follow","max-snippet":"max-snippet:-1","max-image-preview":"max-image-preview:large","max-video-preview":"max-video-preview:-1"},"canonical":"https:\/\/www.allscore.de\/shop\/en\/produkt\/peter-thomas-sound-orchester-derrick-der-alte-lp-test-pressing-ltd-to-12-pcs-kopie\/","og_locale":"en_US","og_type":"article","og_title":"Der Kommissar LP-TESTPRESSUNG (nur 12 LPs) plus CD!","og_description":"LP erscheint auf schwarzem 180g-Vinyl mit gef\u00fctterter Innenh\u00fclle im aufw\u00e4ndig gestalteten Klappcover.","og_url":"https:\/\/www.allscore.de\/shop\/en\/produkt\/peter-thomas-sound-orchester-derrick-der-alte-lp-test-pressing-ltd-to-12-pcs-kopie\/","og_site_name":"Allscore Shop","article_modified_time":"2026-01-19T15:43:06+00:00","og_image":[{"url":"https:\/\/www.allscore.de\/shop\/wp-content\/uploads\/2023\/01\/ASM051_1200x1200-300x300.jpg","type":"","width":"","height":""}],"twitter_card":"summary_large_image","twitter_misc":{"Est. reading time":"4 minutes"},"schema":{"@context":"https:\/\/schema.org","@graph":[{"@type":"WebPage","@id":"https:\/\/www.allscore.de\/shop\/en\/produkt\/peter-thomas-sound-orchester-derrick-der-alte-lp-test-pressing-ltd-to-12-pcs-kopie\/","url":"https:\/\/www.allscore.de\/shop\/en\/produkt\/peter-thomas-sound-orchester-derrick-der-alte-lp-test-pressing-ltd-to-12-pcs-kopie\/","name":"Der Kommissar LP-TESTPRESSUNG (nur 12 LPs) plus CD!","isPartOf":{"@id":"https:\/\/www.allscore.de\/shop\/en\/#website"},"primaryImageOfPage":{"@id":"https:\/\/www.allscore.de\/shop\/en\/produkt\/peter-thomas-sound-orchester-derrick-der-alte-lp-test-pressing-ltd-to-12-pcs-kopie\/#primaryimage"},"image":{"@id":"https:\/\/www.allscore.de\/shop\/en\/produkt\/peter-thomas-sound-orchester-derrick-der-alte-lp-test-pressing-ltd-to-12-pcs-kopie\/#primaryimage"},"thumbnailUrl":"https:\/\/www.allscore.de\/shop\/wp-content\/uploads\/2024\/02\/SHLP56_TP.jpg","datePublished":"2025-10-22T11:09:27+00:00","dateModified":"2026-01-19T15:43:06+00:00","description":"Peter Thomas Sound Orchester - Der Kommissar - music from the original tv-series (1969-72). LP-TESTPRESSUNG (nur 12 Exemplare) plus CD!","breadcrumb":{"@id":"https:\/\/www.allscore.de\/shop\/en\/produkt\/peter-thomas-sound-orchester-derrick-der-alte-lp-test-pressing-ltd-to-12-pcs-kopie\/#breadcrumb"},"inLanguage":"en-US","potentialAction":[{"@type":"ReadAction","target":["https:\/\/www.allscore.de\/shop\/en\/produkt\/peter-thomas-sound-orchester-derrick-der-alte-lp-test-pressing-ltd-to-12-pcs-kopie\/"]}]},{"@type":"ImageObject","inLanguage":"en-US","@id":"https:\/\/www.allscore.de\/shop\/en\/produkt\/peter-thomas-sound-orchester-derrick-der-alte-lp-test-pressing-ltd-to-12-pcs-kopie\/#primaryimage","url":"https:\/\/www.allscore.de\/shop\/wp-content\/uploads\/2024\/02\/SHLP56_TP.jpg","contentUrl":"https:\/\/www.allscore.de\/shop\/wp-content\/uploads\/2024\/02\/SHLP56_TP.jpg","width":1200,"height":1200,"caption":"Test pressing"},{"@type":"BreadcrumbList","@id":"https:\/\/www.allscore.de\/shop\/en\/produkt\/peter-thomas-sound-orchester-derrick-der-alte-lp-test-pressing-ltd-to-12-pcs-kopie\/#breadcrumb","itemListElement":[{"@type":"ListItem","position":1,"name":"Startseite","item":"https:\/\/www.allscore.de\/shop\/en\/"},{"@type":"ListItem","position":2,"name":"Products","item":"https:\/\/www.allscore.de\/shop\/en\/shop\/"},{"@type":"ListItem","position":3,"name":"Peter Thomas Sound Orchester &#8211; Der Kommissar LP TEST PRESSING (ltd. to 12 pcs.) plus CD!"}]},{"@type":"WebSite","@id":"https:\/\/www.allscore.de\/shop\/en\/#website","url":"https:\/\/www.allscore.de\/shop\/en\/","name":"Allscore Shop","description":"All Score Media","publisher":{"@id":"https:\/\/www.allscore.de\/shop\/en\/#organization"},"potentialAction":[{"@type":"SearchAction","target":{"@type":"EntryPoint","urlTemplate":"https:\/\/www.allscore.de\/shop\/en\/?s={search_term_string}"},"query-input":{"@type":"PropertyValueSpecification","valueRequired":true,"valueName":"search_term_string"}}],"inLanguage":"en-US"},{"@type":"Organization","@id":"https:\/\/www.allscore.de\/shop\/en\/#organization","name":"All Score Media","alternateName":"Allscore","url":"https:\/\/www.allscore.de\/shop\/en\/","logo":{"@type":"ImageObject","inLanguage":"en-US","@id":"https:\/\/www.allscore.de\/shop\/en\/#\/schema\/logo\/image\/","url":"https:\/\/www.allscore.de\/shop\/wp-content\/uploads\/2026\/01\/Logo_Yoast_Shop_2026.png","contentUrl":"https:\/\/www.allscore.de\/shop\/wp-content\/uploads\/2026\/01\/Logo_Yoast_Shop_2026.png","width":696,"height":696,"caption":"All Score Media"},"image":{"@id":"https:\/\/www.allscore.de\/shop\/en\/#\/schema\/logo\/image\/"}}]}},"_links":{"self":[{"href":"https:\/\/www.allscore.de\/shop\/en\/wp-json\/wp\/v2\/product\/14503","targetHints":{"allow":["GET"]}}],"collection":[{"href":"https:\/\/www.allscore.de\/shop\/en\/wp-json\/wp\/v2\/product"}],"about":[{"href":"https:\/\/www.allscore.de\/shop\/en\/wp-json\/wp\/v2\/types\/product"}],"wp:featuredmedia":[{"embeddable":true,"href":"https:\/\/www.allscore.de\/shop\/en\/wp-json\/wp\/v2\/media\/12670"}],"wp:attachment":[{"href":"https:\/\/www.allscore.de\/shop\/en\/wp-json\/wp\/v2\/media?parent=14503"}],"wp:term":[{"taxonomy":"product_brand","embeddable":true,"href":"https:\/\/www.allscore.de\/shop\/en\/wp-json\/wp\/v2\/product_brand?post=14503"},{"taxonomy":"product_cat","embeddable":true,"href":"https:\/\/www.allscore.de\/shop\/en\/wp-json\/wp\/v2\/product_cat?post=14503"},{"taxonomy":"product_tag","embeddable":true,"href":"https:\/\/www.allscore.de\/shop\/en\/wp-json\/wp\/v2\/product_tag?post=14503"}],"curies":[{"name":"wp","href":"https:\/\/api.w.org\/{rel}","templated":true}]}}